{"id":117,"date":"2023-02-17T11:27:16","date_gmt":"2023-02-17T10:27:16","guid":{"rendered":"https:\/\/multi-gyn.com\/hr\/?page_id=117"},"modified":"2025-04-28T10:37:42","modified_gmt":"2025-04-28T08:37:42","slug":"njega","status":"publish","type":"page","link":"https:\/\/multi-gyn.com\/hr\/zdravlje-rodnice\/njega\/","title":{"rendered":"Njega"},"content":{"rendered":"\n<div class=\"wp-block-karopharma-free-text pt-large pb-large bg-center bg-cover bg-no-repeat  is-style-primary\" style=\"background-image:url()\"><div class=\"free-text-wrapper container max-w-small text-left\">\n<h1 class=\"wp-block-heading\">Njega<\/h1>\n\n\n<div class=\"menu-nav-list widget widget_nav_menu\">\n            <h3 class=\"widget_title\">\u010clanci<\/h3>\n                <ul class=\"menu\">\n                            <li class=\"menu-item\">\n                    <a href=\"https:\/\/multi-gyn.com\/hr\/zdravlje-rodnice\/njega\/vjezbe-za-dno-zdjelice-ili-kegelove-vjezbe-za-dobro-zdravlje-rodnice\/\" title=\"Vje\u017ebe za dno zdjelice ili Kegelove vje\u017ebe za dobro zdravlje rodnice\">Vje\u017ebe za dno zdjelice ili Kegelove vje\u017ebe za dobro zdravlje rodnice<\/a>\n                <\/li>\n                            <li class=\"menu-item\">\n                    <a href=\"https:\/\/multi-gyn.com\/hr\/zdravlje-rodnice\/njega\/utjece-li-hrana-koju-jedem-na-zdravlje-moje-rodnice\/\" title=\"Utje\u010de li hrana koju jedem na zdravlje moje rodnice?\">Utje\u010de li hrana koju jedem na zdravlje moje rodnice?<\/a>\n                <\/li>\n                            <li class=\"menu-item\">\n                    <a href=\"https:\/\/multi-gyn.com\/hr\/zdravlje-rodnice\/njega\/je-li-parenje-i-ispiranje-dobro-za-vasu-rodnicu\/\" title=\"Je li parenje i ispiranje dobro za va\u0161u rodnicu?\">Je li parenje i ispiranje dobro za va\u0161u rodnicu?<\/a>\n                <\/li>\n                            <li class=\"menu-item\">\n                    <a href=\"https:\/\/multi-gyn.com\/hr\/zdravlje-rodnice\/njega\/intimna-higijena-i-vaginalne-infekcije\/\" title=\"Intimna higijena i vaginalne infekcije\">Intimna higijena i vaginalne infekcije<\/a>\n                <\/li>\n                            <li class=\"menu-item\">\n                    <a href=\"https:\/\/multi-gyn.com\/hr\/zdravlje-rodnice\/njega\/intimna-higijena-manje-je-vise\/\" title=\"Intimna higijena \u2013 manje je vi\u0161e\">Intimna higijena \u2013 manje je vi\u0161e<\/a>\n                <\/li>\n                            <li class=\"menu-item\">\n                    <a href=\"https:\/\/multi-gyn.com\/hr\/zdravlje-rodnice\/njega\/znate-li-sto-odreduje-pravilnu-intimnu-higijenu\/\" title=\"Znate li \u0161to odre\u0111uje pravilnu intimnu higijenu?\">Znate li \u0161to odre\u0111uje pravilnu intimnu higijenu?<\/a>\n                <\/li>\n                            <li class=\"menu-item\">\n                    <a href=\"https:\/\/multi-gyn.com\/hr\/zdravlje-rodnice\/njega\/kako-se-brinuti-o-vagini-tijekom-ljeta\/\" title=\"Kako se brinuti o vagini tijekom ljeta\">Kako se brinuti o vagini tijekom ljeta<\/a>\n                <\/li>\n                            <li class=\"menu-item\">\n                    <a href=\"https:\/\/multi-gyn.com\/hr\/zdravlje-rodnice\/njega\/higijena-rodnice\/\" title=\"Higijena rodnice\">Higijena rodnice<\/a>\n                <\/li>\n                            <li class=\"menu-item\">\n                    <a href=\"https:\/\/multi-gyn.com\/hr\/zdravlje-rodnice\/njega\/higijena-rodnice-da-ili-ne\/\" title=\"Higijena rodnice \u2013 da ili ne\">Higijena rodnice \u2013 da ili ne<\/a>\n                <\/li>\n                    <\/ul>\n    <\/div>\n<\/div><\/div>\n","protected":false},"excerpt":{"rendered":"","protected":false},"author":2,"featured_media":0,"parent":111,"menu_order":3,"comment_status":"closed","ping_status":"closed","template":"","meta":{"_acf_changed":false,"footnotes":""},"from-article-database":[],"class_list":["post-117","page","type-page","status-publish","hentry"],"acf":[],"yoast_head":"<!-- This site is optimized with the Yoast SEO plugin v26.6 - https:\/\/yoast.com\/wordpress\/plugins\/seo\/ -->\n<title>Njega - Multi-Gyn<\/title>\n<meta name=\"description\" content=\"Jesu li tamponi \u0161tetni za moju rodnicu? Koje je boje Va\u0161 iscjedak? Razlika izme\u0111u bakterijske vaginoze i gljivi\u010dne infekcije.\" \/>\n<meta name=\"robots\" content=\"index, follow, max-snippet:-1, max-image-preview:large, max-video-preview:-1\" \/>\n<link rel=\"canonical\" href=\"https:\/\/multi-gyn.com\/hr\/zdravlje-rodnice\/njega\/\" \/>\n<meta property=\"og:locale\" content=\"hr_HR\" \/>\n<meta property=\"og:type\" content=\"article\" \/>\n<meta property=\"og:title\" content=\"Njega - Multi-Gyn\" \/>\n<meta property=\"og:description\" content=\"Jesu li tamponi \u0161tetni za moju rodnicu? Koje je boje Va\u0161 iscjedak? Razlika izme\u0111u bakterijske vaginoze i gljivi\u010dne infekcije.\" \/>\n<meta property=\"og:url\" content=\"https:\/\/multi-gyn.com\/hr\/zdravlje-rodnice\/njega\/\" \/>\n<meta property=\"og:site_name\" content=\"Multi-Gyn\" \/>\n<meta property=\"article:modified_time\" content=\"2025-04-28T08:37:42+00:00\" \/>\n<meta name=\"twitter:card\" content=\"summary_large_image\" \/>\n<meta name=\"twitter:label1\" content=\"Est. reading time\" \/>\n\t<meta name=\"twitter:data1\" content=\"1 minute\" \/>\n<script type=\"application\/ld+json\" class=\"yoast-schema-graph\">{\"@context\":\"https:\/\/schema.org\",\"@graph\":[{\"@type\":\"WebPage\",\"@id\":\"https:\/\/multi-gyn.com\/hr\/zdravlje-rodnice\/njega\/\",\"url\":\"https:\/\/multi-gyn.com\/hr\/zdravlje-rodnice\/njega\/\",\"name\":\"Njega - Multi-Gyn\",\"isPartOf\":{\"@id\":\"https:\/\/multi-gyn.com\/hr\/#website\"},\"datePublished\":\"2023-02-17T10:27:16+00:00\",\"dateModified\":\"2025-04-28T08:37:42+00:00\",\"description\":\"Jesu li tamponi \u0161tetni za moju rodnicu? Koje je boje Va\u0161 iscjedak? Razlika izme\u0111u bakterijske vaginoze i gljivi\u010dne infekcije.\",\"breadcrumb\":{\"@id\":\"https:\/\/multi-gyn.com\/hr\/zdravlje-rodnice\/njega\/#breadcrumb\"},\"inLanguage\":\"hr-HR\",\"potentialAction\":[{\"@type\":\"ReadAction\",\"target\":[\"https:\/\/multi-gyn.com\/hr\/zdravlje-rodnice\/njega\/\"]}]},{\"@type\":\"BreadcrumbList\",\"@id\":\"https:\/\/multi-gyn.com\/hr\/zdravlje-rodnice\/njega\/#breadcrumb\",\"itemListElement\":[{\"@type\":\"ListItem\",\"position\":1,\"name\":\"Home\",\"item\":\"https:\/\/multi-gyn.com\/hr\/\"},{\"@type\":\"ListItem\",\"position\":2,\"name\":\"Zdravlje rodnice\",\"item\":\"https:\/\/multi-gyn.com\/hr\/zdravlje-rodnice\/\"},{\"@type\":\"ListItem\",\"position\":3,\"name\":\"Njega\"}]},{\"@type\":\"WebSite\",\"@id\":\"https:\/\/multi-gyn.com\/hr\/#website\",\"url\":\"https:\/\/multi-gyn.com\/hr\/\",\"name\":\"Multi-Gyn\",\"description\":\"\",\"publisher\":{\"@id\":\"https:\/\/multi-gyn.com\/hr\/#organization\"},\"potentialAction\":[{\"@type\":\"SearchAction\",\"target\":{\"@type\":\"EntryPoint\",\"urlTemplate\":\"https:\/\/multi-gyn.com\/hr\/?s={search_term_string}\"},\"query-input\":{\"@type\":\"PropertyValueSpecification\",\"valueRequired\":true,\"valueName\":\"search_term_string\"}}],\"inLanguage\":\"hr-HR\"},{\"@type\":\"Organization\",\"@id\":\"https:\/\/multi-gyn.com\/hr\/#organization\",\"name\":\"Multi-Gyn\",\"url\":\"https:\/\/multi-gyn.com\/hr\/\",\"logo\":{\"@type\":\"ImageObject\",\"inLanguage\":\"hr-HR\",\"@id\":\"https:\/\/multi-gyn.com\/hr\/#\/schema\/logo\/image\/\",\"url\":\"https:\/\/multi-gyn.com\/app\/uploads\/sites\/43\/2023\/02\/multi-gyn-logo.png\",\"contentUrl\":\"https:\/\/multi-gyn.com\/app\/uploads\/sites\/43\/2023\/02\/multi-gyn-logo.png\",\"width\":149,\"height\":32,\"caption\":\"Multi-Gyn\"},\"image\":{\"@id\":\"https:\/\/multi-gyn.com\/hr\/#\/schema\/logo\/image\/\"}}]}<\/script>\n<!-- \/ Yoast SEO plugin. -->","yoast_head_json":{"title":"Njega - Multi-Gyn","description":"Jesu li tamponi \u0161tetni za moju rodnicu? Koje je boje Va\u0161 iscjedak? Razlika izme\u0111u bakterijske vaginoze i gljivi\u010dne infekcije.","robots":{"index":"index","follow":"follow","max-snippet":"max-snippet:-1","max-image-preview":"max-image-preview:large","max-video-preview":"max-video-preview:-1"},"canonical":"https:\/\/multi-gyn.com\/hr\/zdravlje-rodnice\/njega\/","og_locale":"hr_HR","og_type":"article","og_title":"Njega - Multi-Gyn","og_description":"Jesu li tamponi \u0161tetni za moju rodnicu? Koje je boje Va\u0161 iscjedak? Razlika izme\u0111u bakterijske vaginoze i gljivi\u010dne infekcije.","og_url":"https:\/\/multi-gyn.com\/hr\/zdravlje-rodnice\/njega\/","og_site_name":"Multi-Gyn","article_modified_time":"2025-04-28T08:37:42+00:00","twitter_card":"summary_large_image","twitter_misc":{"Est. reading time":"1 minute"},"schema":{"@context":"https:\/\/schema.org","@graph":[{"@type":"WebPage","@id":"https:\/\/multi-gyn.com\/hr\/zdravlje-rodnice\/njega\/","url":"https:\/\/multi-gyn.com\/hr\/zdravlje-rodnice\/njega\/","name":"Njega - Multi-Gyn","isPartOf":{"@id":"https:\/\/multi-gyn.com\/hr\/#website"},"datePublished":"2023-02-17T10:27:16+00:00","dateModified":"2025-04-28T08:37:42+00:00","description":"Jesu li tamponi \u0161tetni za moju rodnicu? Koje je boje Va\u0161 iscjedak? Razlika izme\u0111u bakterijske vaginoze i gljivi\u010dne infekcije.","breadcrumb":{"@id":"https:\/\/multi-gyn.com\/hr\/zdravlje-rodnice\/njega\/#breadcrumb"},"inLanguage":"hr-HR","potentialAction":[{"@type":"ReadAction","target":["https:\/\/multi-gyn.com\/hr\/zdravlje-rodnice\/njega\/"]}]},{"@type":"BreadcrumbList","@id":"https:\/\/multi-gyn.com\/hr\/zdravlje-rodnice\/njega\/#breadcrumb","itemListElement":[{"@type":"ListItem","position":1,"name":"Home","item":"https:\/\/multi-gyn.com\/hr\/"},{"@type":"ListItem","position":2,"name":"Zdravlje rodnice","item":"https:\/\/multi-gyn.com\/hr\/zdravlje-rodnice\/"},{"@type":"ListItem","position":3,"name":"Njega"}]},{"@type":"WebSite","@id":"https:\/\/multi-gyn.com\/hr\/#website","url":"https:\/\/multi-gyn.com\/hr\/","name":"Multi-Gyn","description":"","publisher":{"@id":"https:\/\/multi-gyn.com\/hr\/#organization"},"potentialAction":[{"@type":"SearchAction","target":{"@type":"EntryPoint","urlTemplate":"https:\/\/multi-gyn.com\/hr\/?s={search_term_string}"},"query-input":{"@type":"PropertyValueSpecification","valueRequired":true,"valueName":"search_term_string"}}],"inLanguage":"hr-HR"},{"@type":"Organization","@id":"https:\/\/multi-gyn.com\/hr\/#organization","name":"Multi-Gyn","url":"https:\/\/multi-gyn.com\/hr\/","logo":{"@type":"ImageObject","inLanguage":"hr-HR","@id":"https:\/\/multi-gyn.com\/hr\/#\/schema\/logo\/image\/","url":"https:\/\/multi-gyn.com\/app\/uploads\/sites\/43\/2023\/02\/multi-gyn-logo.png","contentUrl":"https:\/\/multi-gyn.com\/app\/uploads\/sites\/43\/2023\/02\/multi-gyn-logo.png","width":149,"height":32,"caption":"Multi-Gyn"},"image":{"@id":"https:\/\/multi-gyn.com\/hr\/#\/schema\/logo\/image\/"}}]}},"_links":{"self":[{"href":"https:\/\/multi-gyn.com\/hr\/wp-json\/wp\/v2\/pages\/117","targetHints":{"allow":["GET"]}}],"collection":[{"href":"https:\/\/multi-gyn.com\/hr\/wp-json\/wp\/v2\/pages"}],"about":[{"href":"https:\/\/multi-gyn.com\/hr\/wp-json\/wp\/v2\/types\/page"}],"author":[{"embeddable":true,"href":"https:\/\/multi-gyn.com\/hr\/wp-json\/wp\/v2\/users\/2"}],"replies":[{"embeddable":true,"href":"https:\/\/multi-gyn.com\/hr\/wp-json\/wp\/v2\/comments?post=117"}],"version-history":[{"count":6,"href":"https:\/\/multi-gyn.com\/hr\/wp-json\/wp\/v2\/pages\/117\/revisions"}],"predecessor-version":[{"id":605,"href":"https:\/\/multi-gyn.com\/hr\/wp-json\/wp\/v2\/pages\/117\/revisions\/605"}],"up":[{"embeddable":true,"href":"https:\/\/multi-gyn.com\/hr\/wp-json\/wp\/v2\/pages\/111"}],"wp:attachment":[{"href":"https:\/\/multi-gyn.com\/hr\/wp-json\/wp\/v2\/media?parent=117"}],"wp:term":[{"taxonomy":"from-article-database","embeddable":true,"href":"https:\/\/multi-gyn.com\/hr\/wp-json\/wp\/v2\/from-article-database?post=117"}],"curies":[{"name":"wp","href":"https:\/\/api.w.org\/{rel}","templated":true}]}}