{"id":121,"date":"2023-02-17T11:28:15","date_gmt":"2023-02-17T10:28:15","guid":{"rendered":"https:\/\/multi-gyn.com\/hr\/?page_id=121"},"modified":"2025-04-28T10:41:42","modified_gmt":"2025-04-28T08:41:42","slug":"tegobe","status":"publish","type":"page","link":"https:\/\/multi-gyn.com\/hr\/zdravlje-rodnice\/tegobe\/","title":{"rendered":"Tegobe"},"content":{"rendered":"\n<div class=\"wp-block-karopharma-free-text pt-large pb-large bg-center bg-cover bg-no-repeat  is-style-primary\" style=\"background-image:url()\"><div class=\"free-text-wrapper container max-w-small text-left\">\n<h1 class=\"wp-block-heading\">Tegobe<\/h1>\n\n\n<div class=\"menu-nav-list widget widget_nav_menu\">\n            <h3 class=\"widget_title\">\u010clanci<\/h3>\n                <ul class=\"menu\">\n                            <li class=\"menu-item\">\n                    <a href=\"https:\/\/multi-gyn.com\/hr\/zdravlje-rodnice\/tegobe\/vaginalno-crvenilo\/\" title=\"Vaginalno crvenilo\">Vaginalno crvenilo<\/a>\n                <\/li>\n                            <li class=\"menu-item\">\n                    <a href=\"https:\/\/multi-gyn.com\/hr\/zdravlje-rodnice\/tegobe\/osjetljivost-vagine\/\" title=\"Osjetljivost vagine\">Osjetljivost vagine<\/a>\n                <\/li>\n                            <li class=\"menu-item\">\n                    <a href=\"https:\/\/multi-gyn.com\/hr\/zdravlje-rodnice\/tegobe\/iritacije-rodnice-i-natecene-stidne-usne\/\" title=\"Iritacije rodnice i nate\u010dene stidne usne\">Iritacije rodnice i nate\u010dene stidne usne<\/a>\n                <\/li>\n                            <li class=\"menu-item\">\n                    <a href=\"https:\/\/multi-gyn.com\/hr\/zdravlje-rodnice\/tegobe\/kako-sprijeciti-peckanje-vagine\/\" title=\"Kako sprije\u010diti peckanje vagine\">Kako sprije\u010diti peckanje vagine<\/a>\n                <\/li>\n                            <li class=\"menu-item\">\n                    <a href=\"https:\/\/multi-gyn.com\/hr\/zdravlje-rodnice\/tegobe\/osjecaj-peckanja-rodnice\/\" title=\"Osje\u0107aj peckanja rodnice\">Osje\u0107aj peckanja rodnice<\/a>\n                <\/li>\n                            <li class=\"menu-item\">\n                    <a href=\"https:\/\/multi-gyn.com\/hr\/zdravlje-rodnice\/tegobe\/snazan-miris-poput-ribe\/\" title=\"Sna\u017ean miris, poput ribe\">Sna\u017ean miris, poput ribe<\/a>\n                <\/li>\n                            <li class=\"menu-item\">\n                    <a href=\"https:\/\/multi-gyn.com\/hr\/zdravlje-rodnice\/tegobe\/vaginalne-tegobe-trebam-li-doista-posjetiti-lijecnika\/\" title=\"Vaginalne tegobe \u2013 trebam li doista posjetiti lije\u010dnika?\">Vaginalne tegobe \u2013 trebam li doista posjetiti lije\u010dnika?<\/a>\n                <\/li>\n                            <li class=\"menu-item\">\n                    <a href=\"https:\/\/multi-gyn.com\/hr\/zdravlje-rodnice\/tegobe\/vaginalna-bol\/\" title=\"Vaginalna bol\">Vaginalna bol<\/a>\n                <\/li>\n                            <li class=\"menu-item\">\n                    <a href=\"https:\/\/multi-gyn.com\/hr\/zdravlje-rodnice\/tegobe\/uzroci-bolnoga-seksualnog-odnosa\/\" title=\"Uzroci bolnoga seksualnog odnosa\">Uzroci bolnoga seksualnog odnosa<\/a>\n                <\/li>\n                            <li class=\"menu-item\">\n                    <a href=\"https:\/\/multi-gyn.com\/hr\/zdravlje-rodnice\/tegobe\/vanjske-intimne-tegobe\/\" title=\"Vanjske intimne tegobe\">Vanjske intimne tegobe<\/a>\n                <\/li>\n                            <li class=\"menu-item\">\n                    <a href=\"https:\/\/multi-gyn.com\/hr\/zdravlje-rodnice\/tegobe\/da-li-uske-traperice-uzrokuju-infekcije-rodnice\/\" title=\"Da li uske traperice uzrokuju infekcije rodnice?\">Da li uske traperice uzrokuju infekcije rodnice?<\/a>\n                <\/li>\n                            <li class=\"menu-item\">\n                    <a href=\"https:\/\/multi-gyn.com\/hr\/zdravlje-rodnice\/tegobe\/kako-ublaziti-vaginalni-svrbez\/\" title=\"Kako ubla\u017eiti vaginalni svrbe\u017e?\">Kako ubla\u017eiti vaginalni svrbe\u017e?<\/a>\n                <\/li>\n                            <li class=\"menu-item\">\n                    <a href=\"https:\/\/multi-gyn.com\/hr\/zdravlje-rodnice\/tegobe\/5-najcescih-vaginalnih-tegoba\/\" title=\"5 naj\u010de\u0161\u0107ih vaginalnih tegoba\">5 naj\u010de\u0161\u0107ih vaginalnih tegoba<\/a>\n                <\/li>\n                            <li class=\"menu-item\">\n                    <a href=\"https:\/\/multi-gyn.com\/hr\/zdravlje-rodnice\/tegobe\/svrbez-rodnice-sto-je-uzrok\/\" title=\"Svrbe\u017e rodnice: \u0160to je uzrok?\">Svrbe\u017e rodnice: \u0160to je uzrok?<\/a>\n                <\/li>\n                            <li class=\"menu-item\">\n                    <a href=\"https:\/\/multi-gyn.com\/hr\/zdravlje-rodnice\/tegobe\/prevencija-vaginalnih-tegoba\/\" title=\"Prevencija vaginalnih tegoba\">Prevencija vaginalnih tegoba<\/a>\n                <\/li>\n                            <li class=\"menu-item\">\n                    <a href=\"https:\/\/multi-gyn.com\/hr\/zdravlje-rodnice\/tegobe\/suhoca-vagine-uzroci-i-lijecenje\/\" title=\"Suho\u0107a vagine: uzroci i lije\u010denje\">Suho\u0107a vagine: uzroci i lije\u010denje<\/a>\n                <\/li>\n                            <li class=\"menu-item\">\n                    <a href=\"https:\/\/multi-gyn.com\/hr\/zdravlje-rodnice\/tegobe\/miris-rodnice-sto-uzrokuje-toliko-jak-miris\/\" title=\"Miris rodnice: \u0161to uzrokuje toliko jak miris?\">Miris rodnice: \u0161to uzrokuje toliko jak miris?<\/a>\n                <\/li>\n                            <li class=\"menu-item\">\n                    <a href=\"https:\/\/multi-gyn.com\/hr\/zdravlje-rodnice\/tegobe\/da-li-je-moj-iscjedak-iz-rodnice-normalan\/\" title=\"Da li je moj iscjedak iz rodnice normalan?\">Da li je moj iscjedak iz rodnice normalan?<\/a>\n                <\/li>\n                    <\/ul>\n    <\/div>\n<\/div><\/div>\n","protected":false},"excerpt":{"rendered":"","protected":false},"author":2,"featured_media":0,"parent":111,"menu_order":5,"comment_status":"closed","ping_status":"closed","template":"","meta":{"_acf_changed":false,"footnotes":""},"from-article-database":[],"class_list":["post-121","page","type-page","status-publish","hentry"],"acf":[],"yoast_head":"<!-- This site is optimized with the Yoast SEO plugin v26.6 - https:\/\/yoast.com\/wordpress\/plugins\/seo\/ -->\n<title>Tegobe - Multi-Gyn<\/title>\n<meta name=\"description\" content=\"Vaginalno crvenilo. Osjetljivost vagine. Iritacije rodnice i nate\u010dene stidne usne. Kako sprije\u010diti peckanje vagine. Osje\u0107aj peckanja rodnice. Sna\u017ean miris, poput ribe.\" \/>\n<meta name=\"robots\" content=\"index, follow, max-snippet:-1, max-image-preview:large, max-video-preview:-1\" \/>\n<link rel=\"canonical\" href=\"https:\/\/multi-gyn.com\/hr\/zdravlje-rodnice\/tegobe\/\" \/>\n<meta property=\"og:locale\" content=\"hr_HR\" \/>\n<meta property=\"og:type\" content=\"article\" \/>\n<meta property=\"og:title\" content=\"Tegobe - Multi-Gyn\" \/>\n<meta property=\"og:description\" content=\"Vaginalno crvenilo. Osjetljivost vagine. Iritacije rodnice i nate\u010dene stidne usne. Kako sprije\u010diti peckanje vagine. Osje\u0107aj peckanja rodnice. Sna\u017ean miris, poput ribe.\" \/>\n<meta property=\"og:url\" content=\"https:\/\/multi-gyn.com\/hr\/zdravlje-rodnice\/tegobe\/\" \/>\n<meta property=\"og:site_name\" content=\"Multi-Gyn\" \/>\n<meta property=\"article:modified_time\" content=\"2025-04-28T08:41:42+00:00\" \/>\n<meta name=\"twitter:card\" content=\"summary_large_image\" \/>\n<meta name=\"twitter:label1\" content=\"Est. reading time\" \/>\n\t<meta name=\"twitter:data1\" content=\"1 minute\" \/>\n<script type=\"application\/ld+json\" class=\"yoast-schema-graph\">{\"@context\":\"https:\/\/schema.org\",\"@graph\":[{\"@type\":\"WebPage\",\"@id\":\"https:\/\/multi-gyn.com\/hr\/zdravlje-rodnice\/tegobe\/\",\"url\":\"https:\/\/multi-gyn.com\/hr\/zdravlje-rodnice\/tegobe\/\",\"name\":\"Tegobe - Multi-Gyn\",\"isPartOf\":{\"@id\":\"https:\/\/multi-gyn.com\/hr\/#website\"},\"datePublished\":\"2023-02-17T10:28:15+00:00\",\"dateModified\":\"2025-04-28T08:41:42+00:00\",\"description\":\"Vaginalno crvenilo. Osjetljivost vagine. Iritacije rodnice i nate\u010dene stidne usne. Kako sprije\u010diti peckanje vagine. Osje\u0107aj peckanja rodnice. Sna\u017ean miris, poput ribe.\",\"breadcrumb\":{\"@id\":\"https:\/\/multi-gyn.com\/hr\/zdravlje-rodnice\/tegobe\/#breadcrumb\"},\"inLanguage\":\"hr-HR\",\"potentialAction\":[{\"@type\":\"ReadAction\",\"target\":[\"https:\/\/multi-gyn.com\/hr\/zdravlje-rodnice\/tegobe\/\"]}]},{\"@type\":\"BreadcrumbList\",\"@id\":\"https:\/\/multi-gyn.com\/hr\/zdravlje-rodnice\/tegobe\/#breadcrumb\",\"itemListElement\":[{\"@type\":\"ListItem\",\"position\":1,\"name\":\"Home\",\"item\":\"https:\/\/multi-gyn.com\/hr\/\"},{\"@type\":\"ListItem\",\"position\":2,\"name\":\"Zdravlje rodnice\",\"item\":\"https:\/\/multi-gyn.com\/hr\/zdravlje-rodnice\/\"},{\"@type\":\"ListItem\",\"position\":3,\"name\":\"Tegobe\"}]},{\"@type\":\"WebSite\",\"@id\":\"https:\/\/multi-gyn.com\/hr\/#website\",\"url\":\"https:\/\/multi-gyn.com\/hr\/\",\"name\":\"Multi-Gyn\",\"description\":\"\",\"publisher\":{\"@id\":\"https:\/\/multi-gyn.com\/hr\/#organization\"},\"potentialAction\":[{\"@type\":\"SearchAction\",\"target\":{\"@type\":\"EntryPoint\",\"urlTemplate\":\"https:\/\/multi-gyn.com\/hr\/?s={search_term_string}\"},\"query-input\":{\"@type\":\"PropertyValueSpecification\",\"valueRequired\":true,\"valueName\":\"search_term_string\"}}],\"inLanguage\":\"hr-HR\"},{\"@type\":\"Organization\",\"@id\":\"https:\/\/multi-gyn.com\/hr\/#organization\",\"name\":\"Multi-Gyn\",\"url\":\"https:\/\/multi-gyn.com\/hr\/\",\"logo\":{\"@type\":\"ImageObject\",\"inLanguage\":\"hr-HR\",\"@id\":\"https:\/\/multi-gyn.com\/hr\/#\/schema\/logo\/image\/\",\"url\":\"https:\/\/multi-gyn.com\/app\/uploads\/sites\/43\/2023\/02\/multi-gyn-logo.png\",\"contentUrl\":\"https:\/\/multi-gyn.com\/app\/uploads\/sites\/43\/2023\/02\/multi-gyn-logo.png\",\"width\":149,\"height\":32,\"caption\":\"Multi-Gyn\"},\"image\":{\"@id\":\"https:\/\/multi-gyn.com\/hr\/#\/schema\/logo\/image\/\"}}]}<\/script>\n<!-- \/ Yoast SEO plugin. -->","yoast_head_json":{"title":"Tegobe - Multi-Gyn","description":"Vaginalno crvenilo. Osjetljivost vagine. Iritacije rodnice i nate\u010dene stidne usne. Kako sprije\u010diti peckanje vagine. Osje\u0107aj peckanja rodnice. Sna\u017ean miris, poput ribe.","robots":{"index":"index","follow":"follow","max-snippet":"max-snippet:-1","max-image-preview":"max-image-preview:large","max-video-preview":"max-video-preview:-1"},"canonical":"https:\/\/multi-gyn.com\/hr\/zdravlje-rodnice\/tegobe\/","og_locale":"hr_HR","og_type":"article","og_title":"Tegobe - Multi-Gyn","og_description":"Vaginalno crvenilo. Osjetljivost vagine. Iritacije rodnice i nate\u010dene stidne usne. Kako sprije\u010diti peckanje vagine. Osje\u0107aj peckanja rodnice. Sna\u017ean miris, poput ribe.","og_url":"https:\/\/multi-gyn.com\/hr\/zdravlje-rodnice\/tegobe\/","og_site_name":"Multi-Gyn","article_modified_time":"2025-04-28T08:41:42+00:00","twitter_card":"summary_large_image","twitter_misc":{"Est. reading time":"1 minute"},"schema":{"@context":"https:\/\/schema.org","@graph":[{"@type":"WebPage","@id":"https:\/\/multi-gyn.com\/hr\/zdravlje-rodnice\/tegobe\/","url":"https:\/\/multi-gyn.com\/hr\/zdravlje-rodnice\/tegobe\/","name":"Tegobe - Multi-Gyn","isPartOf":{"@id":"https:\/\/multi-gyn.com\/hr\/#website"},"datePublished":"2023-02-17T10:28:15+00:00","dateModified":"2025-04-28T08:41:42+00:00","description":"Vaginalno crvenilo. Osjetljivost vagine. Iritacije rodnice i nate\u010dene stidne usne. Kako sprije\u010diti peckanje vagine. Osje\u0107aj peckanja rodnice. Sna\u017ean miris, poput ribe.","breadcrumb":{"@id":"https:\/\/multi-gyn.com\/hr\/zdravlje-rodnice\/tegobe\/#breadcrumb"},"inLanguage":"hr-HR","potentialAction":[{"@type":"ReadAction","target":["https:\/\/multi-gyn.com\/hr\/zdravlje-rodnice\/tegobe\/"]}]},{"@type":"BreadcrumbList","@id":"https:\/\/multi-gyn.com\/hr\/zdravlje-rodnice\/tegobe\/#breadcrumb","itemListElement":[{"@type":"ListItem","position":1,"name":"Home","item":"https:\/\/multi-gyn.com\/hr\/"},{"@type":"ListItem","position":2,"name":"Zdravlje rodnice","item":"https:\/\/multi-gyn.com\/hr\/zdravlje-rodnice\/"},{"@type":"ListItem","position":3,"name":"Tegobe"}]},{"@type":"WebSite","@id":"https:\/\/multi-gyn.com\/hr\/#website","url":"https:\/\/multi-gyn.com\/hr\/","name":"Multi-Gyn","description":"","publisher":{"@id":"https:\/\/multi-gyn.com\/hr\/#organization"},"potentialAction":[{"@type":"SearchAction","target":{"@type":"EntryPoint","urlTemplate":"https:\/\/multi-gyn.com\/hr\/?s={search_term_string}"},"query-input":{"@type":"PropertyValueSpecification","valueRequired":true,"valueName":"search_term_string"}}],"inLanguage":"hr-HR"},{"@type":"Organization","@id":"https:\/\/multi-gyn.com\/hr\/#organization","name":"Multi-Gyn","url":"https:\/\/multi-gyn.com\/hr\/","logo":{"@type":"ImageObject","inLanguage":"hr-HR","@id":"https:\/\/multi-gyn.com\/hr\/#\/schema\/logo\/image\/","url":"https:\/\/multi-gyn.com\/app\/uploads\/sites\/43\/2023\/02\/multi-gyn-logo.png","contentUrl":"https:\/\/multi-gyn.com\/app\/uploads\/sites\/43\/2023\/02\/multi-gyn-logo.png","width":149,"height":32,"caption":"Multi-Gyn"},"image":{"@id":"https:\/\/multi-gyn.com\/hr\/#\/schema\/logo\/image\/"}}]}},"_links":{"self":[{"href":"https:\/\/multi-gyn.com\/hr\/wp-json\/wp\/v2\/pages\/121","targetHints":{"allow":["GET"]}}],"collection":[{"href":"https:\/\/multi-gyn.com\/hr\/wp-json\/wp\/v2\/pages"}],"about":[{"href":"https:\/\/multi-gyn.com\/hr\/wp-json\/wp\/v2\/types\/page"}],"author":[{"embeddable":true,"href":"https:\/\/multi-gyn.com\/hr\/wp-json\/wp\/v2\/users\/2"}],"replies":[{"embeddable":true,"href":"https:\/\/multi-gyn.com\/hr\/wp-json\/wp\/v2\/comments?post=121"}],"version-history":[{"count":4,"href":"https:\/\/multi-gyn.com\/hr\/wp-json\/wp\/v2\/pages\/121\/revisions"}],"predecessor-version":[{"id":609,"href":"https:\/\/multi-gyn.com\/hr\/wp-json\/wp\/v2\/pages\/121\/revisions\/609"}],"up":[{"embeddable":true,"href":"https:\/\/multi-gyn.com\/hr\/wp-json\/wp\/v2\/pages\/111"}],"wp:attachment":[{"href":"https:\/\/multi-gyn.com\/hr\/wp-json\/wp\/v2\/media?parent=121"}],"wp:term":[{"taxonomy":"from-article-database","embeddable":true,"href":"https:\/\/multi-gyn.com\/hr\/wp-json\/wp\/v2\/from-article-database?post=121"}],"curies":[{"name":"wp","href":"https:\/\/api.w.org\/{rel}","templated":true}]}}