{"id":125,"date":"2023-02-17T11:28:53","date_gmt":"2023-02-17T10:28:53","guid":{"rendered":"https:\/\/multi-gyn.com\/hr\/?page_id=125"},"modified":"2023-08-04T13:50:26","modified_gmt":"2023-08-04T11:50:26","slug":"menopauza-i-njezini-simptomi","status":"publish","type":"page","link":"https:\/\/multi-gyn.com\/hr\/zdravlje-rodnice\/opcenito\/menopauza-i-njezini-simptomi\/","title":{"rendered":"Menopauza i njezini simptomi"},"content":{"rendered":"\n<div class=\"wp-block-karopharma-free-text pt-large pb-large bg-center bg-cover bg-no-repeat  is-style-primary\" style=\"background-image:url()\"><div class=\"free-text-wrapper container max-w-medium text-left\">\n<h1 class=\"wp-block-heading\">Menopauza i njezini simptomi<\/h1>\n\n\n\n<p class=\"is-style-paragraph-preamble\">Menopauza je normalno stanje u \u017eivotu \u017eena &#8211; ozna\u010dava kraj razdoblja plodnosti, i to se mo\u017ee dogoditi zbog prirodnog procesa starenja, nakon odre\u0111enih operacija ili medicinskih tretmana.<\/p>\n<\/div><\/div>\n\n\n\n<div class=\"wp-block-karopharma-free-text pt-large pb-large bg-center bg-cover bg-no-repeat\" style=\"background-image:url()\"><div class=\"free-text-wrapper container max-w-medium text-left\">\n<p>Izazvana je padom spolnih hormona koji se nazivaju estrogen i progesteron, koji se vi\u0161e ne proizvode u jajnicima. Prvi simptomi menopauze obi\u010dno su nepravilnosti u menstruaciji &#8211; mo\u017eda \u0107ete primijetiti promjenu u koli\u010dini menstrualne krvi, ali \u010de\u0161\u0107e od toga, promijenit \u0107e se u\u010destalost menstruacije. Razdoblja menstruacije mogu postati \u010de\u0161\u0107a ili rje\u0111a, dok se u potpunosti ne zaustave.<\/p>\n\n\n\n<p>Ova faza menopauze zove se perimenopauza i simptomi mogu trajati \u010dak i nakon razdoblja prestanka &#8211; ve\u0107ina \u017eena do\u017eivljava karakteristi\u010dne simptome menopauze godinama nakon posljednje menstruacije. Pogledajte popis simptoma koji se mogu nastaviti tijekom menopauze:<\/p>\n\n\n\n<h2 class=\"is-style-heading-h2 wp-block-heading\">Simptomi menopauze:<\/h2>\n\n\n\n<ul class=\"is-style-default wp-block-list\"><li>Suho\u0107a rodnice, svrbe\u017e, peckanje i bol \u2013 ta stanja mogu ozbiljno utjecati na kvalitetu \u017eivota izazivaju\u0107i trenje i bol prilikom vje\u017ebanja, hodanja ili seksa. Krema za rodnicu mo\u017ee ponuditi dugoro\u010dno olak\u0161anje i osigurati Vam u\u017eivanje u omiljenim aktivnostima bez neugodnosti i bolnog osje\u0107aja. Mo\u017eete primijeniti i lubrikant prije odnosa, ali imajte na umu da \u0107e Vam on, za razliku od kreme, pru\u017eiti samo kratkoro\u010dno olak\u0161anje.<\/li><li>Smanjen libido &#8211; \u010desto se doga\u0111a zbog suho\u0107e rodnice, a mo\u017ee se pobolj\u0161ati kori\u0161tenjem ovla\u017eiva\u010da za rodnicu ili lubrikanata<\/li><li>Valunzi \u2013 iznenadan osje\u0107aj topline koja poga\u0111a lice, vrat i grudi, stvaraju\u0107i crvenilo ko\u017ee<\/li><li>No\u0107no znojenje &#8211; u su\u0161tini, to su valunzi koji se doga\u0111aju tijekom no\u0107i<\/li><li>Te\u0161ko\u0107e sa spavanjem &#8211; bu\u0111enje tijekom no\u0107i nekoliko puta, nemirno spavanje ili nesanica<\/li><li>Glavobolja<\/li><li>Promjena raspolo\u017eenja<\/li><li>Razdra\u017eljivost, anksioznost i depresija<\/li><li>Te\u0161ko\u0107e s koncentracijom i pam\u0107enjem<\/li><li>Umor<\/li><li>Vrtoglavica<\/li><li>Palpitacije srca<\/li><li>Bol i uko\u010denost<\/li><li>Smanjenje mi\u0161i\u0107ne mase<\/li><li>Gubitak ispravna dr\u017eanja tijela i ve\u0107i rizik od prijeloma kosti zbog osteoporoze<\/li><li>Infekcije urinarnog trakta<\/li><li>Gubitak kose i lomljivi nokti<\/li><li>Dobivanje na te\u017eini<\/li><li>Urinarna inkontinencija<\/li><li>Nadimanje<\/li><\/ul>\n\n\n\n<p>Razgovarajte sa svojim lije\u010dnikom o pronala\u017eenju odgovaraju\u0107eg na\u010dina za lije\u010denje simptoma &#8211; postoje mnoge opcije koje Vam mogu pomo\u0107i da ubla\u017eite simptome i u\u017eivate u \u017eivotu punim plu\u0107ima.<\/p>\n<\/div><\/div>\n","protected":false},"excerpt":{"rendered":"","protected":false},"author":2,"featured_media":0,"parent":113,"menu_order":2,"comment_status":"closed","ping_status":"closed","template":"","meta":{"_acf_changed":false,"footnotes":""},"from-article-database":[],"class_list":["post-125","page","type-page","status-publish","hentry"],"acf":[],"yoast_head":"<!-- This site is optimized with the Yoast SEO plugin v26.6 - https:\/\/yoast.com\/wordpress\/plugins\/seo\/ -->\n<title>Menopauza i njezini simptomi - Multi-Gyn<\/title>\n<meta name=\"description\" content=\"Menopauza je normalno stanje u \u017eivotu \u017eena - ozna\u010dava kraj razdoblja plodnosti, i to se mo\u017ee dogoditi zbog prirodnog procesa starenja, nakon odre\u0111enih operacija ili medicinskih tretmana.\" \/>\n<meta name=\"robots\" content=\"index, follow, max-snippet:-1, max-image-preview:large, max-video-preview:-1\" \/>\n<link rel=\"canonical\" href=\"https:\/\/multi-gyn.com\/hr\/zdravlje-rodnice\/opcenito\/menopauza-i-njezini-simptomi\/\" \/>\n<meta property=\"og:locale\" content=\"hr_HR\" \/>\n<meta property=\"og:type\" content=\"article\" \/>\n<meta property=\"og:title\" content=\"Menopauza i njezini simptomi - Multi-Gyn\" \/>\n<meta property=\"og:description\" content=\"Menopauza je normalno stanje u \u017eivotu \u017eena - ozna\u010dava kraj razdoblja plodnosti, i to se mo\u017ee dogoditi zbog prirodnog procesa starenja, nakon odre\u0111enih operacija ili medicinskih tretmana.\" \/>\n<meta property=\"og:url\" content=\"https:\/\/multi-gyn.com\/hr\/zdravlje-rodnice\/opcenito\/menopauza-i-njezini-simptomi\/\" \/>\n<meta property=\"og:site_name\" content=\"Multi-Gyn\" \/>\n<meta property=\"article:modified_time\" content=\"2023-08-04T11:50:26+00:00\" \/>\n<meta name=\"twitter:card\" content=\"summary_large_image\" \/>\n<meta name=\"twitter:label1\" content=\"Est. reading time\" \/>\n\t<meta name=\"twitter:data1\" content=\"2 minutes\" \/>\n<script type=\"application\/ld+json\" class=\"yoast-schema-graph\">{\"@context\":\"https:\/\/schema.org\",\"@graph\":[{\"@type\":\"WebPage\",\"@id\":\"https:\/\/multi-gyn.com\/hr\/zdravlje-rodnice\/opcenito\/menopauza-i-njezini-simptomi\/\",\"url\":\"https:\/\/multi-gyn.com\/hr\/zdravlje-rodnice\/opcenito\/menopauza-i-njezini-simptomi\/\",\"name\":\"Menopauza i njezini simptomi - Multi-Gyn\",\"isPartOf\":{\"@id\":\"https:\/\/multi-gyn.com\/hr\/#website\"},\"datePublished\":\"2023-02-17T10:28:53+00:00\",\"dateModified\":\"2023-08-04T11:50:26+00:00\",\"description\":\"Menopauza je normalno stanje u \u017eivotu \u017eena - ozna\u010dava kraj razdoblja plodnosti, i to se mo\u017ee dogoditi zbog prirodnog procesa starenja, nakon odre\u0111enih operacija ili medicinskih tretmana.\",\"breadcrumb\":{\"@id\":\"https:\/\/multi-gyn.com\/hr\/zdravlje-rodnice\/opcenito\/menopauza-i-njezini-simptomi\/#breadcrumb\"},\"inLanguage\":\"hr-HR\",\"potentialAction\":[{\"@type\":\"ReadAction\",\"target\":[\"https:\/\/multi-gyn.com\/hr\/zdravlje-rodnice\/opcenito\/menopauza-i-njezini-simptomi\/\"]}]},{\"@type\":\"BreadcrumbList\",\"@id\":\"https:\/\/multi-gyn.com\/hr\/zdravlje-rodnice\/opcenito\/menopauza-i-njezini-simptomi\/#breadcrumb\",\"itemListElement\":[{\"@type\":\"ListItem\",\"position\":1,\"name\":\"Home\",\"item\":\"https:\/\/multi-gyn.com\/hr\/\"},{\"@type\":\"ListItem\",\"position\":2,\"name\":\"Zdravlje rodnice\",\"item\":\"https:\/\/multi-gyn.com\/hr\/zdravlje-rodnice\/\"},{\"@type\":\"ListItem\",\"position\":3,\"name\":\"Op\u0107enito\",\"item\":\"https:\/\/multi-gyn.com\/hr\/zdravlje-rodnice\/opcenito\/\"},{\"@type\":\"ListItem\",\"position\":4,\"name\":\"Menopauza i njezini simptomi\"}]},{\"@type\":\"WebSite\",\"@id\":\"https:\/\/multi-gyn.com\/hr\/#website\",\"url\":\"https:\/\/multi-gyn.com\/hr\/\",\"name\":\"Multi-Gyn\",\"description\":\"\",\"publisher\":{\"@id\":\"https:\/\/multi-gyn.com\/hr\/#organization\"},\"potentialAction\":[{\"@type\":\"SearchAction\",\"target\":{\"@type\":\"EntryPoint\",\"urlTemplate\":\"https:\/\/multi-gyn.com\/hr\/?s={search_term_string}\"},\"query-input\":{\"@type\":\"PropertyValueSpecification\",\"valueRequired\":true,\"valueName\":\"search_term_string\"}}],\"inLanguage\":\"hr-HR\"},{\"@type\":\"Organization\",\"@id\":\"https:\/\/multi-gyn.com\/hr\/#organization\",\"name\":\"Multi-Gyn\",\"url\":\"https:\/\/multi-gyn.com\/hr\/\",\"logo\":{\"@type\":\"ImageObject\",\"inLanguage\":\"hr-HR\",\"@id\":\"https:\/\/multi-gyn.com\/hr\/#\/schema\/logo\/image\/\",\"url\":\"https:\/\/multi-gyn.com\/app\/uploads\/sites\/43\/2023\/02\/multi-gyn-logo.png\",\"contentUrl\":\"https:\/\/multi-gyn.com\/app\/uploads\/sites\/43\/2023\/02\/multi-gyn-logo.png\",\"width\":149,\"height\":32,\"caption\":\"Multi-Gyn\"},\"image\":{\"@id\":\"https:\/\/multi-gyn.com\/hr\/#\/schema\/logo\/image\/\"}}]}<\/script>\n<!-- \/ Yoast SEO plugin. -->","yoast_head_json":{"title":"Menopauza i njezini simptomi - Multi-Gyn","description":"Menopauza je normalno stanje u \u017eivotu \u017eena - ozna\u010dava kraj razdoblja plodnosti, i to se mo\u017ee dogoditi zbog prirodnog procesa starenja, nakon odre\u0111enih operacija ili medicinskih tretmana.","robots":{"index":"index","follow":"follow","max-snippet":"max-snippet:-1","max-image-preview":"max-image-preview:large","max-video-preview":"max-video-preview:-1"},"canonical":"https:\/\/multi-gyn.com\/hr\/zdravlje-rodnice\/opcenito\/menopauza-i-njezini-simptomi\/","og_locale":"hr_HR","og_type":"article","og_title":"Menopauza i njezini simptomi - Multi-Gyn","og_description":"Menopauza je normalno stanje u \u017eivotu \u017eena - ozna\u010dava kraj razdoblja plodnosti, i to se mo\u017ee dogoditi zbog prirodnog procesa starenja, nakon odre\u0111enih operacija ili medicinskih tretmana.","og_url":"https:\/\/multi-gyn.com\/hr\/zdravlje-rodnice\/opcenito\/menopauza-i-njezini-simptomi\/","og_site_name":"Multi-Gyn","article_modified_time":"2023-08-04T11:50:26+00:00","twitter_card":"summary_large_image","twitter_misc":{"Est. reading time":"2 minutes"},"schema":{"@context":"https:\/\/schema.org","@graph":[{"@type":"WebPage","@id":"https:\/\/multi-gyn.com\/hr\/zdravlje-rodnice\/opcenito\/menopauza-i-njezini-simptomi\/","url":"https:\/\/multi-gyn.com\/hr\/zdravlje-rodnice\/opcenito\/menopauza-i-njezini-simptomi\/","name":"Menopauza i njezini simptomi - Multi-Gyn","isPartOf":{"@id":"https:\/\/multi-gyn.com\/hr\/#website"},"datePublished":"2023-02-17T10:28:53+00:00","dateModified":"2023-08-04T11:50:26+00:00","description":"Menopauza je normalno stanje u \u017eivotu \u017eena - ozna\u010dava kraj razdoblja plodnosti, i to se mo\u017ee dogoditi zbog prirodnog procesa starenja, nakon odre\u0111enih operacija ili medicinskih tretmana.","breadcrumb":{"@id":"https:\/\/multi-gyn.com\/hr\/zdravlje-rodnice\/opcenito\/menopauza-i-njezini-simptomi\/#breadcrumb"},"inLanguage":"hr-HR","potentialAction":[{"@type":"ReadAction","target":["https:\/\/multi-gyn.com\/hr\/zdravlje-rodnice\/opcenito\/menopauza-i-njezini-simptomi\/"]}]},{"@type":"BreadcrumbList","@id":"https:\/\/multi-gyn.com\/hr\/zdravlje-rodnice\/opcenito\/menopauza-i-njezini-simptomi\/#breadcrumb","itemListElement":[{"@type":"ListItem","position":1,"name":"Home","item":"https:\/\/multi-gyn.com\/hr\/"},{"@type":"ListItem","position":2,"name":"Zdravlje rodnice","item":"https:\/\/multi-gyn.com\/hr\/zdravlje-rodnice\/"},{"@type":"ListItem","position":3,"name":"Op\u0107enito","item":"https:\/\/multi-gyn.com\/hr\/zdravlje-rodnice\/opcenito\/"},{"@type":"ListItem","position":4,"name":"Menopauza i njezini simptomi"}]},{"@type":"WebSite","@id":"https:\/\/multi-gyn.com\/hr\/#website","url":"https:\/\/multi-gyn.com\/hr\/","name":"Multi-Gyn","description":"","publisher":{"@id":"https:\/\/multi-gyn.com\/hr\/#organization"},"potentialAction":[{"@type":"SearchAction","target":{"@type":"EntryPoint","urlTemplate":"https:\/\/multi-gyn.com\/hr\/?s={search_term_string}"},"query-input":{"@type":"PropertyValueSpecification","valueRequired":true,"valueName":"search_term_string"}}],"inLanguage":"hr-HR"},{"@type":"Organization","@id":"https:\/\/multi-gyn.com\/hr\/#organization","name":"Multi-Gyn","url":"https:\/\/multi-gyn.com\/hr\/","logo":{"@type":"ImageObject","inLanguage":"hr-HR","@id":"https:\/\/multi-gyn.com\/hr\/#\/schema\/logo\/image\/","url":"https:\/\/multi-gyn.com\/app\/uploads\/sites\/43\/2023\/02\/multi-gyn-logo.png","contentUrl":"https:\/\/multi-gyn.com\/app\/uploads\/sites\/43\/2023\/02\/multi-gyn-logo.png","width":149,"height":32,"caption":"Multi-Gyn"},"image":{"@id":"https:\/\/multi-gyn.com\/hr\/#\/schema\/logo\/image\/"}}]}},"_links":{"self":[{"href":"https:\/\/multi-gyn.com\/hr\/wp-json\/wp\/v2\/pages\/125","targetHints":{"allow":["GET"]}}],"collection":[{"href":"https:\/\/multi-gyn.com\/hr\/wp-json\/wp\/v2\/pages"}],"about":[{"href":"https:\/\/multi-gyn.com\/hr\/wp-json\/wp\/v2\/types\/page"}],"author":[{"embeddable":true,"href":"https:\/\/multi-gyn.com\/hr\/wp-json\/wp\/v2\/users\/2"}],"replies":[{"embeddable":true,"href":"https:\/\/multi-gyn.com\/hr\/wp-json\/wp\/v2\/comments?post=125"}],"version-history":[{"count":3,"href":"https:\/\/multi-gyn.com\/hr\/wp-json\/wp\/v2\/pages\/125\/revisions"}],"predecessor-version":[{"id":504,"href":"https:\/\/multi-gyn.com\/hr\/wp-json\/wp\/v2\/pages\/125\/revisions\/504"}],"up":[{"embeddable":true,"href":"https:\/\/multi-gyn.com\/hr\/wp-json\/wp\/v2\/pages\/113"}],"wp:attachment":[{"href":"https:\/\/multi-gyn.com\/hr\/wp-json\/wp\/v2\/media?parent=125"}],"wp:term":[{"taxonomy":"from-article-database","embeddable":true,"href":"https:\/\/multi-gyn.com\/hr\/wp-json\/wp\/v2\/from-article-database?post=125"}],"curies":[{"name":"wp","href":"https:\/\/api.w.org\/{rel}","templated":true}]}}