{"id":127,"date":"2023-02-17T11:29:14","date_gmt":"2023-02-17T10:29:14","guid":{"rendered":"https:\/\/multi-gyn.com\/hr\/?page_id=127"},"modified":"2023-08-04T13:50:24","modified_gmt":"2023-08-04T11:50:24","slug":"razlika-izmedu-rodnice-i-vulve","status":"publish","type":"page","link":"https:\/\/multi-gyn.com\/hr\/zdravlje-rodnice\/opcenito\/razlika-izmedu-rodnice-i-vulve\/","title":{"rendered":"Razlika izme\u0111u rodnice i vulve"},"content":{"rendered":"\n<div class=\"wp-block-karopharma-free-text pt-large pb-large bg-center bg-cover bg-no-repeat  is-style-primary\" style=\"background-image:url()\"><div class=\"free-text-wrapper container max-w-medium text-left\">\n<h1 class=\"wp-block-heading\">Razlika izme\u0111u rodnice i vulve<\/h1>\n\n\n\n<p class=\"is-style-paragraph-preamble\">Zamolimo li ih da navedu glavne organe \u017eenskoga reproduktivnog sustava, ve\u0107ina ljudi odmah bi reklo da su to rodnica, maternica i jajnici. Me\u0111utim, \u010dak i ako su zami\u0161ljali dijagram u svojim glavama, on \u0107e vjerojatno biti pogre\u0161an.<\/p>\n\n\n\n<p>Razlog za to le\u017ei u zajedni\u010dkoj zabludi da je rodnica reproduktivni organ vidljiv na povr\u0161ini, onaj koji se mo\u017ee vidjeti izme\u0111u \u017eeninih nogu. Mnogi ljudi ne znaju razliku izme\u0111u rodnice i vulve. To nije iznena\u0111uju\u0107e, jer se vulvovaginalno zdravlje obi\u010dno naziva zdravlje rodnice, a vulvovaginalna higijena \u010de\u0161\u0107e se naziva higijenom rodnice. Pogodnost skra\u0107ene rije\u010di nadma\u0161uje to\u010dnost. Razlika izme\u0111u rodnice i vulve je, prije svega, anatomska i histolo\u0161ka, \u0161to rezultira razli\u010ditim higijenskim potrebama i razli\u010ditim bolestima.<\/p>\n<\/div><\/div>\n\n\n\n<div class=\"wp-block-karopharma-free-text pt-large pb-large bg-center bg-cover bg-no-repeat\" style=\"background-image:url()\"><div class=\"free-text-wrapper container max-w-medium text-left\">\n<h2 class=\"is-style-heading-h2 wp-block-heading\">Anatomija rodnice i vulve<\/h2>\n\n\n\n<p>Vulva je vanjski dio na\u0161ega genitalnog sustava. Sastoji se od velikih i malih usana, klitorisa, stidnog bre\u017euljka, otvora rodnice i drugih anatomskih struktura. Dvostruka vrata &#8211; velike i male usne &#8211; \u0161tite unutra\u0161njost rodnice od vanjskih zaga\u0111iva\u010da. Uz to, osigurava vla\u017enost zahvaljuju\u0107i \u017elijezdama koje se nalaze u stidnim usnama.<\/p>\n\n\n\n<p class=\"is-style-paragraph-preamble\"><em><mark style=\"background-color:rgba(0, 0, 0, 0)\" class=\"has-inline-color has-primary-color\">&#8220;Razlog za to le\u017ei u zajedni\u010dkoj zabludi da je rodnica reproduktivni organ vidljiv na povr\u0161ini, onaj koji se mo\u017ee vidjeti izme\u0111u \u017eeninih nogu.&#8221;<\/mark><\/em><\/p>\n\n\n\n<p>Rodnica je cijev koja povezuje vulvu s grli\u0107em i matericom. To je elasti\u010dna cijev prekrivena sluznicom koja ima svoju mikrobiolo\u0161ku floru i specifi\u010dan kiseli pH, a igra glavnu ulogu u skladi\u0161tenju i transportu sperme u matericu i jajovode, kako bi se oplodila jajna stanica i nastala beba. To\u010dna veli\u010dina rodnice ostaje predmet rasprave, ali svakako varira od \u017eene do \u017eene. Srednje velika rodnica duga je oko 8 cm, ali tijekom uzbu\u0111enja postaje vrlo elasti\u010dna i mo\u017ee se mnogostruko uve\u0107ati.<\/p>\n\n\n\n<h2 class=\"is-style-heading-h2 wp-block-heading\">Higijena vulve i rodnice<\/h2>\n\n\n\n<p>Rodnica je organ koji se sam \u010disti, \u0161to zna\u010di da u normalnim okolnostima nema potrebe za unutarnjim pranjem. Vulvu, pak, treba redovito prati, najmanje jednom dnevno, kako biste za\u0161titili rodnicu od potencijalne kontaminacije.<\/p>\n\n\n\n<p>Za pranje intimne regije nikad ne treba koristiti proizvode koji sadr\u017ee sapun ili jake kemikalije, jer mogu o\u0161tetiti fiziolo\u0161ku ravnote\u017eu flore rodnice, koja je prirodna za\u0161tita. Katkad se ravnote\u017ea flore rodnice remeti ili se javlja infekcija, pa je potrebna dodatna za\u0161tita. U tom slu\u010daju va\u017eno je prepoznati simptome i obratiti se lije\u010dniku, a cilj je \u0161to prije zapo\u010deti adekvatno lije\u010denje.<\/p>\n<\/div><\/div>\n","protected":false},"excerpt":{"rendered":"","protected":false},"author":2,"featured_media":0,"parent":113,"menu_order":3,"comment_status":"closed","ping_status":"closed","template":"","meta":{"_acf_changed":false,"footnotes":""},"from-article-database":[],"class_list":["post-127","page","type-page","status-publish","hentry"],"acf":[],"yoast_head":"<!-- This site is optimized with the Yoast SEO plugin v26.6 - https:\/\/yoast.com\/wordpress\/plugins\/seo\/ -->\n<title>Razlika izme\u0111u rodnice i vulve - Multi-Gyn<\/title>\n<meta name=\"description\" content=\"Zamolimo li ih da navedu glavne organe \u017eenskoga reproduktivnog sustava, ve\u0107ina ljudi odmah bi reklo da su to rodnica, maternica i jajnici.\" \/>\n<meta name=\"robots\" content=\"index, follow, max-snippet:-1, max-image-preview:large, max-video-preview:-1\" \/>\n<link rel=\"canonical\" href=\"https:\/\/multi-gyn.com\/hr\/zdravlje-rodnice\/opcenito\/razlika-izmedu-rodnice-i-vulve\/\" \/>\n<meta property=\"og:locale\" content=\"hr_HR\" \/>\n<meta property=\"og:type\" content=\"article\" \/>\n<meta property=\"og:title\" content=\"Razlika izme\u0111u rodnice i vulve - Multi-Gyn\" \/>\n<meta property=\"og:description\" content=\"Zamolimo li ih da navedu glavne organe \u017eenskoga reproduktivnog sustava, ve\u0107ina ljudi odmah bi reklo da su to rodnica, maternica i jajnici.\" \/>\n<meta property=\"og:url\" content=\"https:\/\/multi-gyn.com\/hr\/zdravlje-rodnice\/opcenito\/razlika-izmedu-rodnice-i-vulve\/\" \/>\n<meta property=\"og:site_name\" content=\"Multi-Gyn\" \/>\n<meta property=\"article:modified_time\" content=\"2023-08-04T11:50:24+00:00\" \/>\n<meta name=\"twitter:card\" content=\"summary_large_image\" \/>\n<meta name=\"twitter:label1\" content=\"Est. reading time\" \/>\n\t<meta name=\"twitter:data1\" content=\"3 minutes\" \/>\n<script type=\"application\/ld+json\" class=\"yoast-schema-graph\">{\"@context\":\"https:\/\/schema.org\",\"@graph\":[{\"@type\":\"WebPage\",\"@id\":\"https:\/\/multi-gyn.com\/hr\/zdravlje-rodnice\/opcenito\/razlika-izmedu-rodnice-i-vulve\/\",\"url\":\"https:\/\/multi-gyn.com\/hr\/zdravlje-rodnice\/opcenito\/razlika-izmedu-rodnice-i-vulve\/\",\"name\":\"Razlika izme\u0111u rodnice i vulve - Multi-Gyn\",\"isPartOf\":{\"@id\":\"https:\/\/multi-gyn.com\/hr\/#website\"},\"datePublished\":\"2023-02-17T10:29:14+00:00\",\"dateModified\":\"2023-08-04T11:50:24+00:00\",\"description\":\"Zamolimo li ih da navedu glavne organe \u017eenskoga reproduktivnog sustava, ve\u0107ina ljudi odmah bi reklo da su to rodnica, maternica i jajnici.\",\"breadcrumb\":{\"@id\":\"https:\/\/multi-gyn.com\/hr\/zdravlje-rodnice\/opcenito\/razlika-izmedu-rodnice-i-vulve\/#breadcrumb\"},\"inLanguage\":\"hr-HR\",\"potentialAction\":[{\"@type\":\"ReadAction\",\"target\":[\"https:\/\/multi-gyn.com\/hr\/zdravlje-rodnice\/opcenito\/razlika-izmedu-rodnice-i-vulve\/\"]}]},{\"@type\":\"BreadcrumbList\",\"@id\":\"https:\/\/multi-gyn.com\/hr\/zdravlje-rodnice\/opcenito\/razlika-izmedu-rodnice-i-vulve\/#breadcrumb\",\"itemListElement\":[{\"@type\":\"ListItem\",\"position\":1,\"name\":\"Home\",\"item\":\"https:\/\/multi-gyn.com\/hr\/\"},{\"@type\":\"ListItem\",\"position\":2,\"name\":\"Zdravlje rodnice\",\"item\":\"https:\/\/multi-gyn.com\/hr\/zdravlje-rodnice\/\"},{\"@type\":\"ListItem\",\"position\":3,\"name\":\"Op\u0107enito\",\"item\":\"https:\/\/multi-gyn.com\/hr\/zdravlje-rodnice\/opcenito\/\"},{\"@type\":\"ListItem\",\"position\":4,\"name\":\"Razlika izme\u0111u rodnice i vulve\"}]},{\"@type\":\"WebSite\",\"@id\":\"https:\/\/multi-gyn.com\/hr\/#website\",\"url\":\"https:\/\/multi-gyn.com\/hr\/\",\"name\":\"Multi-Gyn\",\"description\":\"\",\"publisher\":{\"@id\":\"https:\/\/multi-gyn.com\/hr\/#organization\"},\"potentialAction\":[{\"@type\":\"SearchAction\",\"target\":{\"@type\":\"EntryPoint\",\"urlTemplate\":\"https:\/\/multi-gyn.com\/hr\/?s={search_term_string}\"},\"query-input\":{\"@type\":\"PropertyValueSpecification\",\"valueRequired\":true,\"valueName\":\"search_term_string\"}}],\"inLanguage\":\"hr-HR\"},{\"@type\":\"Organization\",\"@id\":\"https:\/\/multi-gyn.com\/hr\/#organization\",\"name\":\"Multi-Gyn\",\"url\":\"https:\/\/multi-gyn.com\/hr\/\",\"logo\":{\"@type\":\"ImageObject\",\"inLanguage\":\"hr-HR\",\"@id\":\"https:\/\/multi-gyn.com\/hr\/#\/schema\/logo\/image\/\",\"url\":\"https:\/\/multi-gyn.com\/app\/uploads\/sites\/43\/2023\/02\/multi-gyn-logo.png\",\"contentUrl\":\"https:\/\/multi-gyn.com\/app\/uploads\/sites\/43\/2023\/02\/multi-gyn-logo.png\",\"width\":149,\"height\":32,\"caption\":\"Multi-Gyn\"},\"image\":{\"@id\":\"https:\/\/multi-gyn.com\/hr\/#\/schema\/logo\/image\/\"}}]}<\/script>\n<!-- \/ Yoast SEO plugin. -->","yoast_head_json":{"title":"Razlika izme\u0111u rodnice i vulve - Multi-Gyn","description":"Zamolimo li ih da navedu glavne organe \u017eenskoga reproduktivnog sustava, ve\u0107ina ljudi odmah bi reklo da su to rodnica, maternica i jajnici.","robots":{"index":"index","follow":"follow","max-snippet":"max-snippet:-1","max-image-preview":"max-image-preview:large","max-video-preview":"max-video-preview:-1"},"canonical":"https:\/\/multi-gyn.com\/hr\/zdravlje-rodnice\/opcenito\/razlika-izmedu-rodnice-i-vulve\/","og_locale":"hr_HR","og_type":"article","og_title":"Razlika izme\u0111u rodnice i vulve - Multi-Gyn","og_description":"Zamolimo li ih da navedu glavne organe \u017eenskoga reproduktivnog sustava, ve\u0107ina ljudi odmah bi reklo da su to rodnica, maternica i jajnici.","og_url":"https:\/\/multi-gyn.com\/hr\/zdravlje-rodnice\/opcenito\/razlika-izmedu-rodnice-i-vulve\/","og_site_name":"Multi-Gyn","article_modified_time":"2023-08-04T11:50:24+00:00","twitter_card":"summary_large_image","twitter_misc":{"Est. reading time":"3 minutes"},"schema":{"@context":"https:\/\/schema.org","@graph":[{"@type":"WebPage","@id":"https:\/\/multi-gyn.com\/hr\/zdravlje-rodnice\/opcenito\/razlika-izmedu-rodnice-i-vulve\/","url":"https:\/\/multi-gyn.com\/hr\/zdravlje-rodnice\/opcenito\/razlika-izmedu-rodnice-i-vulve\/","name":"Razlika izme\u0111u rodnice i vulve - Multi-Gyn","isPartOf":{"@id":"https:\/\/multi-gyn.com\/hr\/#website"},"datePublished":"2023-02-17T10:29:14+00:00","dateModified":"2023-08-04T11:50:24+00:00","description":"Zamolimo li ih da navedu glavne organe \u017eenskoga reproduktivnog sustava, ve\u0107ina ljudi odmah bi reklo da su to rodnica, maternica i jajnici.","breadcrumb":{"@id":"https:\/\/multi-gyn.com\/hr\/zdravlje-rodnice\/opcenito\/razlika-izmedu-rodnice-i-vulve\/#breadcrumb"},"inLanguage":"hr-HR","potentialAction":[{"@type":"ReadAction","target":["https:\/\/multi-gyn.com\/hr\/zdravlje-rodnice\/opcenito\/razlika-izmedu-rodnice-i-vulve\/"]}]},{"@type":"BreadcrumbList","@id":"https:\/\/multi-gyn.com\/hr\/zdravlje-rodnice\/opcenito\/razlika-izmedu-rodnice-i-vulve\/#breadcrumb","itemListElement":[{"@type":"ListItem","position":1,"name":"Home","item":"https:\/\/multi-gyn.com\/hr\/"},{"@type":"ListItem","position":2,"name":"Zdravlje rodnice","item":"https:\/\/multi-gyn.com\/hr\/zdravlje-rodnice\/"},{"@type":"ListItem","position":3,"name":"Op\u0107enito","item":"https:\/\/multi-gyn.com\/hr\/zdravlje-rodnice\/opcenito\/"},{"@type":"ListItem","position":4,"name":"Razlika izme\u0111u rodnice i vulve"}]},{"@type":"WebSite","@id":"https:\/\/multi-gyn.com\/hr\/#website","url":"https:\/\/multi-gyn.com\/hr\/","name":"Multi-Gyn","description":"","publisher":{"@id":"https:\/\/multi-gyn.com\/hr\/#organization"},"potentialAction":[{"@type":"SearchAction","target":{"@type":"EntryPoint","urlTemplate":"https:\/\/multi-gyn.com\/hr\/?s={search_term_string}"},"query-input":{"@type":"PropertyValueSpecification","valueRequired":true,"valueName":"search_term_string"}}],"inLanguage":"hr-HR"},{"@type":"Organization","@id":"https:\/\/multi-gyn.com\/hr\/#organization","name":"Multi-Gyn","url":"https:\/\/multi-gyn.com\/hr\/","logo":{"@type":"ImageObject","inLanguage":"hr-HR","@id":"https:\/\/multi-gyn.com\/hr\/#\/schema\/logo\/image\/","url":"https:\/\/multi-gyn.com\/app\/uploads\/sites\/43\/2023\/02\/multi-gyn-logo.png","contentUrl":"https:\/\/multi-gyn.com\/app\/uploads\/sites\/43\/2023\/02\/multi-gyn-logo.png","width":149,"height":32,"caption":"Multi-Gyn"},"image":{"@id":"https:\/\/multi-gyn.com\/hr\/#\/schema\/logo\/image\/"}}]}},"_links":{"self":[{"href":"https:\/\/multi-gyn.com\/hr\/wp-json\/wp\/v2\/pages\/127","targetHints":{"allow":["GET"]}}],"collection":[{"href":"https:\/\/multi-gyn.com\/hr\/wp-json\/wp\/v2\/pages"}],"about":[{"href":"https:\/\/multi-gyn.com\/hr\/wp-json\/wp\/v2\/types\/page"}],"author":[{"embeddable":true,"href":"https:\/\/multi-gyn.com\/hr\/wp-json\/wp\/v2\/users\/2"}],"replies":[{"embeddable":true,"href":"https:\/\/multi-gyn.com\/hr\/wp-json\/wp\/v2\/comments?post=127"}],"version-history":[{"count":2,"href":"https:\/\/multi-gyn.com\/hr\/wp-json\/wp\/v2\/pages\/127\/revisions"}],"predecessor-version":[{"id":286,"href":"https:\/\/multi-gyn.com\/hr\/wp-json\/wp\/v2\/pages\/127\/revisions\/286"}],"up":[{"embeddable":true,"href":"https:\/\/multi-gyn.com\/hr\/wp-json\/wp\/v2\/pages\/113"}],"wp:attachment":[{"href":"https:\/\/multi-gyn.com\/hr\/wp-json\/wp\/v2\/media?parent=127"}],"wp:term":[{"taxonomy":"from-article-database","embeddable":true,"href":"https:\/\/multi-gyn.com\/hr\/wp-json\/wp\/v2\/from-article-database?post=127"}],"curies":[{"name":"wp","href":"https:\/\/api.w.org\/{rel}","templated":true}]}}