{"id":129,"date":"2023-02-17T11:29:32","date_gmt":"2023-02-17T10:29:32","guid":{"rendered":"https:\/\/multi-gyn.com\/hr\/?page_id=129"},"modified":"2024-08-21T13:43:01","modified_gmt":"2024-08-21T11:43:01","slug":"ph-rodnice-je-li-tvoja-rodnica-kisela-ili-bazicna","status":"publish","type":"page","link":"https:\/\/multi-gyn.com\/hr\/zdravlje-rodnice\/opcenito\/ph-rodnice-je-li-tvoja-rodnica-kisela-ili-bazicna\/","title":{"rendered":"pH rodnice \u2013 je li tvoja rodnica kisela ili bazi\u010dna?"},"content":{"rendered":"\n<div class=\"wp-block-karopharma-free-text pt-large pb-large bg-center bg-cover bg-no-repeat  is-style-primary\" style=\"background-image:url()\"><div class=\"free-text-wrapper container max-w-medium text-left\">\n<h1 class=\"wp-block-heading\">pH rodnice \u2013 je li tvoja rodnica kisela ili bazi\u010dna?<\/h1>\n\n\n\n<p class=\"is-style-paragraph-preamble\">Mo\u017eda ste \u010duli da je pH vrijednost rodnice va\u017ean dio intimnog zdravlja. Ali \u0161to je pH i za\u0161to je toliko va\u017ean za na\u0161e reproduktivno zdravlje? Nastavite s \u010ditanjem kako biste doznali \u0161to je normalna pH vrijednost rodnice i treba li Va\u0161a rodnica biti kisela ili bazi\u010dna.<\/p>\n<\/div><\/div>\n\n\n\n<div class=\"wp-block-karopharma-free-text pt-large pb-large bg-center bg-cover bg-no-repeat\" style=\"background-image:url()\"><div class=\"free-text-wrapper container max-w-medium text-left\">\n<h2 class=\"is-style-heading-h2 wp-block-heading\">\u0160to je pH vrijednost?<\/h2>\n\n\n\n<p>pH je skala koja ukazuje na kiselost ili bazi\u010dnosti. Raspon ide od 0 do 14, pri \u010demu je 0 najvi\u0161e kisela, a 14 najvi\u0161e bazi\u010dna. Voda je pH 7, koja se generalno naziva pH neutralnom. Zdrava pH vrijednost rodnice je izme\u0111u 3,8 i 4,5, duboko u kiseloj zoni. Uzrok za to su dobre bakterije koje \u017eive u rodnici i proizvode mlije\u010dnu kiselinu koja smanjuje pH vrijednost.<\/p>\n\n\n\n<h2 class=\"is-style-heading-h2 wp-block-heading\">Zna\u010denje pH vrijednosti rodnice<\/h2>\n\n\n\n<p>Kisela sredina rodnice prirodna je barijera za infekciju i iritaciju, jer potiskuje rast lo\u0161ih bakterija koje vi\u0161e vole manje kiselu sredinu. To zna\u010di da, sve dok su na\u0161e dobre bakterije visoko i pH rodnice kiseo, lo\u0161e bakterije imaju vrlo malo \u0161anse za prekomjeran rast, tako da su \u0161anse za infekciju na niskoj razini.<\/p>\n\n\n\n<p>\u010cim pH vrijednost rodnice naraste iznad vrijednosti od 4,5, lo\u0161e bakterije koriste priliku da se razvijaju i rastu, na kraju izazivaju\u0107i infekciju. To mo\u017ee dovesti do simptoma kao \u0161to su iscjedak, neugodan miris, svrbe\u017e i ostale tegobe rodnice. Promjene pH \u010desto su povezane s bakterijskom vaginozom.<\/p>\n\n\n\n<h2 class=\"is-style-heading-h2 wp-block-heading\">\u0160to izaziva promjene u pH?<\/h2>\n\n\n\n<p>pH vrijednost mo\u017ee se promijeniti zbog brojnih faktora &#8211; evo nekoliko stvari koje mo\u017eete u\u010diniti da za\u0161titite zdravlje svoje rodnice i dr\u017eite pH razinu u kiseloj sredini:<\/p>\n\n\n\n<ul class=\"is-style-default wp-block-list\"><li>Antibiotici. Ovi lijekovi ubijaju ne samo lo\u0161e bakterije nego i dobre, koje su odgovorne za odr\u017eavanje kisele i zdrave rodnice. Tijekom ili nakon primjene antibiotika, koristite proizvod koji stimulira Va\u0161e dobre bakterije.<\/li><li>Seksualni odnos. Alkalna pH vrijednost sperme mo\u017ee poremetiti kiselu sredinu rodnicei stimulirati rast bakterija uzro\u010dnika bakterijske vaginoze. Mo\u017eete primijetiti jak miris nakon neza\u0161ti\u0107enog seksualnog odnosa. Ako Vam se to dogodi, razmislite o kori\u0161tenju kondoma da biste sprije\u010dili tegobe.<\/li><li>Dojenje i menopauza. Smanjenje razine estrogena (primjerice, zbog dojenja ili menopauze) mo\u017ee smanjiti broj laktobacila i na kraju dovesti do pove\u0107anja pH rodnice (dakle, smanjuje kiselost). Ako dojite ili ste u menopauzi, probajte prebiotski proizvod koji mo\u017ee stimulirati rast dobrih bakterija i odr\u017eavati pH vrijednost u zdravom rasponu.<\/li><\/ul>\n\n\n\n<p class=\"is-style-paragraph-preamble\"><em><mark style=\"background-color:rgba(0, 0, 0, 0)\" class=\"has-inline-color has-primary-color\">&#8220;\u010cim pH vrijednost rodnice naraste iznad vrijednosti od 4,5, lo\u0161e bakterije koriste priliku da se razvijaju i rastu, na kraju izazivaju\u0107i infekciju.&#8221;<\/mark><\/em><\/p>\n<\/div><\/div>\n","protected":false},"excerpt":{"rendered":"","protected":false},"author":2,"featured_media":0,"parent":113,"menu_order":4,"comment_status":"closed","ping_status":"closed","template":"","meta":{"_acf_changed":false,"footnotes":""},"from-article-database":[],"class_list":["post-129","page","type-page","status-publish","hentry"],"acf":[],"yoast_head":"<!-- This site is optimized with the Yoast SEO plugin v26.6 - https:\/\/yoast.com\/wordpress\/plugins\/seo\/ -->\n<title>pH rodnice \u2013 je li tvoja rodnica kisela ili bazi\u010dna? - Multi-Gyn<\/title>\n<meta name=\"description\" content=\"Mo\u017eda ste \u010duli da je pH vrijednost rodnice va\u017ean dio intimnog zdravlja. Ali \u0161to je pH i za\u0161to je toliko va\u017ean za na\u0161e reproduktivno zdravlje?\" \/>\n<meta name=\"robots\" content=\"index, follow, max-snippet:-1, max-image-preview:large, max-video-preview:-1\" \/>\n<link rel=\"canonical\" href=\"https:\/\/multi-gyn.com\/hr\/zdravlje-rodnice\/opcenito\/ph-rodnice-je-li-tvoja-rodnica-kisela-ili-bazicna\/\" \/>\n<meta property=\"og:locale\" content=\"hr_HR\" \/>\n<meta property=\"og:type\" content=\"article\" \/>\n<meta property=\"og:title\" content=\"pH rodnice \u2013 je li tvoja rodnica kisela ili bazi\u010dna? - Multi-Gyn\" \/>\n<meta property=\"og:description\" content=\"Mo\u017eda ste \u010duli da je pH vrijednost rodnice va\u017ean dio intimnog zdravlja. Ali \u0161to je pH i za\u0161to je toliko va\u017ean za na\u0161e reproduktivno zdravlje?\" \/>\n<meta property=\"og:url\" content=\"https:\/\/multi-gyn.com\/hr\/zdravlje-rodnice\/opcenito\/ph-rodnice-je-li-tvoja-rodnica-kisela-ili-bazicna\/\" \/>\n<meta property=\"og:site_name\" content=\"Multi-Gyn\" \/>\n<meta property=\"article:modified_time\" content=\"2024-08-21T11:43:01+00:00\" \/>\n<meta name=\"twitter:card\" content=\"summary_large_image\" \/>\n<meta name=\"twitter:label1\" content=\"Est. reading time\" \/>\n\t<meta name=\"twitter:data1\" content=\"3 minutes\" \/>\n<script type=\"application\/ld+json\" class=\"yoast-schema-graph\">{\"@context\":\"https:\/\/schema.org\",\"@graph\":[{\"@type\":\"WebPage\",\"@id\":\"https:\/\/multi-gyn.com\/hr\/zdravlje-rodnice\/opcenito\/ph-rodnice-je-li-tvoja-rodnica-kisela-ili-bazicna\/\",\"url\":\"https:\/\/multi-gyn.com\/hr\/zdravlje-rodnice\/opcenito\/ph-rodnice-je-li-tvoja-rodnica-kisela-ili-bazicna\/\",\"name\":\"pH rodnice \u2013 je li tvoja rodnica kisela ili bazi\u010dna? - Multi-Gyn\",\"isPartOf\":{\"@id\":\"https:\/\/multi-gyn.com\/hr\/#website\"},\"datePublished\":\"2023-02-17T10:29:32+00:00\",\"dateModified\":\"2024-08-21T11:43:01+00:00\",\"description\":\"Mo\u017eda ste \u010duli da je pH vrijednost rodnice va\u017ean dio intimnog zdravlja. Ali \u0161to je pH i za\u0161to je toliko va\u017ean za na\u0161e reproduktivno zdravlje?\",\"breadcrumb\":{\"@id\":\"https:\/\/multi-gyn.com\/hr\/zdravlje-rodnice\/opcenito\/ph-rodnice-je-li-tvoja-rodnica-kisela-ili-bazicna\/#breadcrumb\"},\"inLanguage\":\"hr-HR\",\"potentialAction\":[{\"@type\":\"ReadAction\",\"target\":[\"https:\/\/multi-gyn.com\/hr\/zdravlje-rodnice\/opcenito\/ph-rodnice-je-li-tvoja-rodnica-kisela-ili-bazicna\/\"]}]},{\"@type\":\"BreadcrumbList\",\"@id\":\"https:\/\/multi-gyn.com\/hr\/zdravlje-rodnice\/opcenito\/ph-rodnice-je-li-tvoja-rodnica-kisela-ili-bazicna\/#breadcrumb\",\"itemListElement\":[{\"@type\":\"ListItem\",\"position\":1,\"name\":\"Home\",\"item\":\"https:\/\/multi-gyn.com\/hr\/\"},{\"@type\":\"ListItem\",\"position\":2,\"name\":\"Zdravlje rodnice\",\"item\":\"https:\/\/multi-gyn.com\/hr\/zdravlje-rodnice\/\"},{\"@type\":\"ListItem\",\"position\":3,\"name\":\"Op\u0107enito\",\"item\":\"https:\/\/multi-gyn.com\/hr\/zdravlje-rodnice\/opcenito\/\"},{\"@type\":\"ListItem\",\"position\":4,\"name\":\"pH rodnice \u2013 je li tvoja rodnica kisela ili bazi\u010dna?\"}]},{\"@type\":\"WebSite\",\"@id\":\"https:\/\/multi-gyn.com\/hr\/#website\",\"url\":\"https:\/\/multi-gyn.com\/hr\/\",\"name\":\"Multi-Gyn\",\"description\":\"\",\"publisher\":{\"@id\":\"https:\/\/multi-gyn.com\/hr\/#organization\"},\"potentialAction\":[{\"@type\":\"SearchAction\",\"target\":{\"@type\":\"EntryPoint\",\"urlTemplate\":\"https:\/\/multi-gyn.com\/hr\/?s={search_term_string}\"},\"query-input\":{\"@type\":\"PropertyValueSpecification\",\"valueRequired\":true,\"valueName\":\"search_term_string\"}}],\"inLanguage\":\"hr-HR\"},{\"@type\":\"Organization\",\"@id\":\"https:\/\/multi-gyn.com\/hr\/#organization\",\"name\":\"Multi-Gyn\",\"url\":\"https:\/\/multi-gyn.com\/hr\/\",\"logo\":{\"@type\":\"ImageObject\",\"inLanguage\":\"hr-HR\",\"@id\":\"https:\/\/multi-gyn.com\/hr\/#\/schema\/logo\/image\/\",\"url\":\"https:\/\/multi-gyn.com\/app\/uploads\/sites\/43\/2023\/02\/multi-gyn-logo.png\",\"contentUrl\":\"https:\/\/multi-gyn.com\/app\/uploads\/sites\/43\/2023\/02\/multi-gyn-logo.png\",\"width\":149,\"height\":32,\"caption\":\"Multi-Gyn\"},\"image\":{\"@id\":\"https:\/\/multi-gyn.com\/hr\/#\/schema\/logo\/image\/\"}}]}<\/script>\n<!-- \/ Yoast SEO plugin. -->","yoast_head_json":{"title":"pH rodnice \u2013 je li tvoja rodnica kisela ili bazi\u010dna? - Multi-Gyn","description":"Mo\u017eda ste \u010duli da je pH vrijednost rodnice va\u017ean dio intimnog zdravlja. Ali \u0161to je pH i za\u0161to je toliko va\u017ean za na\u0161e reproduktivno zdravlje?","robots":{"index":"index","follow":"follow","max-snippet":"max-snippet:-1","max-image-preview":"max-image-preview:large","max-video-preview":"max-video-preview:-1"},"canonical":"https:\/\/multi-gyn.com\/hr\/zdravlje-rodnice\/opcenito\/ph-rodnice-je-li-tvoja-rodnica-kisela-ili-bazicna\/","og_locale":"hr_HR","og_type":"article","og_title":"pH rodnice \u2013 je li tvoja rodnica kisela ili bazi\u010dna? - Multi-Gyn","og_description":"Mo\u017eda ste \u010duli da je pH vrijednost rodnice va\u017ean dio intimnog zdravlja. Ali \u0161to je pH i za\u0161to je toliko va\u017ean za na\u0161e reproduktivno zdravlje?","og_url":"https:\/\/multi-gyn.com\/hr\/zdravlje-rodnice\/opcenito\/ph-rodnice-je-li-tvoja-rodnica-kisela-ili-bazicna\/","og_site_name":"Multi-Gyn","article_modified_time":"2024-08-21T11:43:01+00:00","twitter_card":"summary_large_image","twitter_misc":{"Est. reading time":"3 minutes"},"schema":{"@context":"https:\/\/schema.org","@graph":[{"@type":"WebPage","@id":"https:\/\/multi-gyn.com\/hr\/zdravlje-rodnice\/opcenito\/ph-rodnice-je-li-tvoja-rodnica-kisela-ili-bazicna\/","url":"https:\/\/multi-gyn.com\/hr\/zdravlje-rodnice\/opcenito\/ph-rodnice-je-li-tvoja-rodnica-kisela-ili-bazicna\/","name":"pH rodnice \u2013 je li tvoja rodnica kisela ili bazi\u010dna? - Multi-Gyn","isPartOf":{"@id":"https:\/\/multi-gyn.com\/hr\/#website"},"datePublished":"2023-02-17T10:29:32+00:00","dateModified":"2024-08-21T11:43:01+00:00","description":"Mo\u017eda ste \u010duli da je pH vrijednost rodnice va\u017ean dio intimnog zdravlja. Ali \u0161to je pH i za\u0161to je toliko va\u017ean za na\u0161e reproduktivno zdravlje?","breadcrumb":{"@id":"https:\/\/multi-gyn.com\/hr\/zdravlje-rodnice\/opcenito\/ph-rodnice-je-li-tvoja-rodnica-kisela-ili-bazicna\/#breadcrumb"},"inLanguage":"hr-HR","potentialAction":[{"@type":"ReadAction","target":["https:\/\/multi-gyn.com\/hr\/zdravlje-rodnice\/opcenito\/ph-rodnice-je-li-tvoja-rodnica-kisela-ili-bazicna\/"]}]},{"@type":"BreadcrumbList","@id":"https:\/\/multi-gyn.com\/hr\/zdravlje-rodnice\/opcenito\/ph-rodnice-je-li-tvoja-rodnica-kisela-ili-bazicna\/#breadcrumb","itemListElement":[{"@type":"ListItem","position":1,"name":"Home","item":"https:\/\/multi-gyn.com\/hr\/"},{"@type":"ListItem","position":2,"name":"Zdravlje rodnice","item":"https:\/\/multi-gyn.com\/hr\/zdravlje-rodnice\/"},{"@type":"ListItem","position":3,"name":"Op\u0107enito","item":"https:\/\/multi-gyn.com\/hr\/zdravlje-rodnice\/opcenito\/"},{"@type":"ListItem","position":4,"name":"pH rodnice \u2013 je li tvoja rodnica kisela ili bazi\u010dna?"}]},{"@type":"WebSite","@id":"https:\/\/multi-gyn.com\/hr\/#website","url":"https:\/\/multi-gyn.com\/hr\/","name":"Multi-Gyn","description":"","publisher":{"@id":"https:\/\/multi-gyn.com\/hr\/#organization"},"potentialAction":[{"@type":"SearchAction","target":{"@type":"EntryPoint","urlTemplate":"https:\/\/multi-gyn.com\/hr\/?s={search_term_string}"},"query-input":{"@type":"PropertyValueSpecification","valueRequired":true,"valueName":"search_term_string"}}],"inLanguage":"hr-HR"},{"@type":"Organization","@id":"https:\/\/multi-gyn.com\/hr\/#organization","name":"Multi-Gyn","url":"https:\/\/multi-gyn.com\/hr\/","logo":{"@type":"ImageObject","inLanguage":"hr-HR","@id":"https:\/\/multi-gyn.com\/hr\/#\/schema\/logo\/image\/","url":"https:\/\/multi-gyn.com\/app\/uploads\/sites\/43\/2023\/02\/multi-gyn-logo.png","contentUrl":"https:\/\/multi-gyn.com\/app\/uploads\/sites\/43\/2023\/02\/multi-gyn-logo.png","width":149,"height":32,"caption":"Multi-Gyn"},"image":{"@id":"https:\/\/multi-gyn.com\/hr\/#\/schema\/logo\/image\/"}}]}},"_links":{"self":[{"href":"https:\/\/multi-gyn.com\/hr\/wp-json\/wp\/v2\/pages\/129","targetHints":{"allow":["GET"]}}],"collection":[{"href":"https:\/\/multi-gyn.com\/hr\/wp-json\/wp\/v2\/pages"}],"about":[{"href":"https:\/\/multi-gyn.com\/hr\/wp-json\/wp\/v2\/types\/page"}],"author":[{"embeddable":true,"href":"https:\/\/multi-gyn.com\/hr\/wp-json\/wp\/v2\/users\/2"}],"replies":[{"embeddable":true,"href":"https:\/\/multi-gyn.com\/hr\/wp-json\/wp\/v2\/comments?post=129"}],"version-history":[{"count":2,"href":"https:\/\/multi-gyn.com\/hr\/wp-json\/wp\/v2\/pages\/129\/revisions"}],"predecessor-version":[{"id":353,"href":"https:\/\/multi-gyn.com\/hr\/wp-json\/wp\/v2\/pages\/129\/revisions\/353"}],"up":[{"embeddable":true,"href":"https:\/\/multi-gyn.com\/hr\/wp-json\/wp\/v2\/pages\/113"}],"wp:attachment":[{"href":"https:\/\/multi-gyn.com\/hr\/wp-json\/wp\/v2\/media?parent=129"}],"wp:term":[{"taxonomy":"from-article-database","embeddable":true,"href":"https:\/\/multi-gyn.com\/hr\/wp-json\/wp\/v2\/from-article-database?post=129"}],"curies":[{"name":"wp","href":"https:\/\/api.w.org\/{rel}","templated":true}]}}