{"id":131,"date":"2023-02-17T11:29:47","date_gmt":"2023-02-17T10:29:47","guid":{"rendered":"https:\/\/multi-gyn.com\/hr\/?page_id=131"},"modified":"2023-08-04T13:50:20","modified_gmt":"2023-08-04T11:50:20","slug":"posjet-ginekologu","status":"publish","type":"page","link":"https:\/\/multi-gyn.com\/hr\/zdravlje-rodnice\/opcenito\/posjet-ginekologu\/","title":{"rendered":"Posjet ginekologu"},"content":{"rendered":"\n<div class=\"wp-block-karopharma-free-text pt-large pb-large bg-center bg-cover bg-no-repeat  is-style-primary\" style=\"background-image:url()\"><div class=\"free-text-wrapper container max-w-medium text-left\">\n<h1 class=\"wp-block-heading\">Posjet ginekologu<\/h1>\n\n\n\n<p class=\"is-style-paragraph-preamble\">Posjeti ginekologu dio su \u017eivota \u017eene. U reproduktivnom razdoblje \u017eena bi trebala posjetiti ginekologa onoliko \u010desto koliko je to potrebno. Trudnice, pak, moraju imati redovite lije\u010dni\u010dke preglede. Ako se ne osje\u0107ate ugodno tijekom ginekolo\u0161kog pregleda ili se pripremate za prvi posjet, pro\u010ditajte popis stvari koje mo\u017eete o\u010dekivati prilikom posjeta ginekologu.<\/p>\n<\/div><\/div>\n\n\n\n<div class=\"wp-block-karopharma-free-text pt-large pb-large bg-center bg-cover bg-no-repeat\" style=\"background-image:url()\"><div class=\"free-text-wrapper container max-w-medium text-left\">\n<h2 class=\"is-style-heading-h2 wp-block-heading\">Zdravstvena povijest<\/h2>\n\n\n\n<p>Lije\u010dnik ili medicinska sestra postavit \u0107e Vam niz pitanja kako bi se \u0161to je mogu\u0107e to\u010dnije zabilje\u017eila Va\u0161a zdravstvena povijest. To \u0107e obuhvatiti pitanja o op\u0107em zdravlju, svim kroni\u010dnim i genetskim bolestima, kao i o na\u010dinu \u017eivota i navikama, poput pu\u0161enja ili u\u017eivanja u alkoholu. Vjerojatno \u0107e Vas pitati o menstrualnom ciklusu, kad ste imali prvu menstruaciju, jesu su ciklusi redoviti i imate li gr\u010deve tijekom krvarenja. Odgovarat \u0107ete i na pitanja o tome jeste li ikada imali spolno prenosive bolesti, koje ste terapije koristili i jeste li koristili kontracepcijska sredstva. Ne sramite se &#8211; sve informacije koje dijelite s lije\u010dnikom su povjerljive i poma\u017eu da se stvori preciznija slika o Va\u0161em reproduktivnom zdravlju. Ako imate bilo kakvih pitanja, sada je pravo vrijeme da ih postavite.<\/p>\n\n\n\n<h2 class=\"is-style-heading-h2 wp-block-heading\">Ginekolo\u0161ki pregled<\/h2>\n\n\n\n<p>Re\u0107i \u0107e Vam da skinete donje rublje, sjednete na krevet i stavite noge na odgovaraju\u0107e naslone, tako da su ra\u0161irene, dopu\u0161taju\u0107i lije\u010dniku da pregleda Va\u0161u intimnu regiju. Udahnite duboko i poku\u0161ajte prona\u0107i \u0161to ugodniji polo\u017eaj &#8211; a najva\u017enija stvar je da se opustite. Na taj na\u010din \u0107e pregled biti manje neugodan i bezbolan.<\/p>\n\n\n\n<p>Sam pregled sastoji se od vanjske, vizualne inspekcije i stavljanja spekuluma (metalni alat koji otvara rodnicu i dr\u017ei je otvorenom tijekom pregleda). Lije\u010dnik \u0107e ru\u010dno pregledati rodnicu, maternicu i jajnike, nakon \u010dega \u0107e se napraviti cervikalni razmaz. Razmaz mo\u017ee pru\u017eiti detaljniji uvid u floru rodnice i mogu\u0107e infekcije.<\/p>\n\n\n\n<h2 class=\"is-style-heading-h2 wp-block-heading\">Papanikolau test<\/h2>\n\n\n\n<p>Pregled mo\u017ee uklju\u010divati Papanikolau test (poznat kao Papa-test), koji mo\u017ee otkriti potencijalne prekancerozne i kancerozne promjene u grli\u0107u maternice. Lije\u010dnik \u0107e uzeti razmaz iz grli\u0107a maternice, koji \u0107e kasnije analizirati pod mikroskopom kako bi istra\u017eio bilo kakve abnormalnosti.<\/p>\n\n\n\n<h3 class=\"is-style-heading-h2 wp-block-heading\">Testiranje na spolno prenosive bolesti<\/h3>\n\n\n\n<p>Sve seksualno aktivne \u017eene trebaju se redovito testirati na spolno prenosive bolesti &#8211; neki testovi obavljaju se uz pomo\u0107 brisa rodnice, a drugi zahtijevaju testiranje krvi.<\/p>\n\n\n\n<p>Na kraju, lije\u010dnik bi Vam trebao objasniti rezultate testova koje ste napravili, propisati odgovaraju\u0107u terapiju i razjasniti tijek terapije i koje promjene \u017eivotnog stila treba uvesti (privremeno ili trajno). Ako imate bilo kakvih pitanja ili briga, ne ustru\u010davajte se pitate. Va\u0161 lije\u010dnik treba biti ljubazan, strpljiv i otvoren za pitanja.<\/p>\n\n\n\n<p class=\"is-style-paragraph-preamble\"><em><mark style=\"background-color:rgba(0, 0, 0, 0)\" class=\"has-inline-color has-primary-color\">&#8220;Udahnite duboko i smjestite se \u0161to je mogu\u0107e udobnije &#8211; najva\u017enija stvar je da se opustite. Na taj na\u010din pregled \u0107e biti manje neugodan i bezbolan.&#8221;<\/mark><\/em><\/p>\n<\/div><\/div>\n","protected":false},"excerpt":{"rendered":"","protected":false},"author":2,"featured_media":0,"parent":113,"menu_order":5,"comment_status":"closed","ping_status":"closed","template":"","meta":{"_acf_changed":false,"footnotes":""},"from-article-database":[],"class_list":["post-131","page","type-page","status-publish","hentry"],"acf":[],"yoast_head":"<!-- This site is optimized with the Yoast SEO plugin v26.6 - https:\/\/yoast.com\/wordpress\/plugins\/seo\/ -->\n<title>Posjet ginekologu - Multi-Gyn<\/title>\n<meta name=\"description\" content=\"Posjeti ginekologu dio su \u017eivota \u017eene. U reproduktivnom razdoblje \u017eena bi trebala posjetiti ginekologa onoliko \u010desto koliko je to potrebno.\" \/>\n<meta name=\"robots\" content=\"index, follow, max-snippet:-1, max-image-preview:large, max-video-preview:-1\" \/>\n<link rel=\"canonical\" href=\"https:\/\/multi-gyn.com\/hr\/zdravlje-rodnice\/opcenito\/posjet-ginekologu\/\" \/>\n<meta property=\"og:locale\" content=\"hr_HR\" \/>\n<meta property=\"og:type\" content=\"article\" \/>\n<meta property=\"og:title\" content=\"Posjet ginekologu - Multi-Gyn\" \/>\n<meta property=\"og:description\" content=\"Posjeti ginekologu dio su \u017eivota \u017eene. U reproduktivnom razdoblje \u017eena bi trebala posjetiti ginekologa onoliko \u010desto koliko je to potrebno.\" \/>\n<meta property=\"og:url\" content=\"https:\/\/multi-gyn.com\/hr\/zdravlje-rodnice\/opcenito\/posjet-ginekologu\/\" \/>\n<meta property=\"og:site_name\" content=\"Multi-Gyn\" \/>\n<meta property=\"article:modified_time\" content=\"2023-08-04T11:50:20+00:00\" \/>\n<meta name=\"twitter:card\" content=\"summary_large_image\" \/>\n<meta name=\"twitter:label1\" content=\"Est. reading time\" \/>\n\t<meta name=\"twitter:data1\" content=\"3 minutes\" \/>\n<script type=\"application\/ld+json\" class=\"yoast-schema-graph\">{\"@context\":\"https:\/\/schema.org\",\"@graph\":[{\"@type\":\"WebPage\",\"@id\":\"https:\/\/multi-gyn.com\/hr\/zdravlje-rodnice\/opcenito\/posjet-ginekologu\/\",\"url\":\"https:\/\/multi-gyn.com\/hr\/zdravlje-rodnice\/opcenito\/posjet-ginekologu\/\",\"name\":\"Posjet ginekologu - Multi-Gyn\",\"isPartOf\":{\"@id\":\"https:\/\/multi-gyn.com\/hr\/#website\"},\"datePublished\":\"2023-02-17T10:29:47+00:00\",\"dateModified\":\"2023-08-04T11:50:20+00:00\",\"description\":\"Posjeti ginekologu dio su \u017eivota \u017eene. U reproduktivnom razdoblje \u017eena bi trebala posjetiti ginekologa onoliko \u010desto koliko je to potrebno.\",\"breadcrumb\":{\"@id\":\"https:\/\/multi-gyn.com\/hr\/zdravlje-rodnice\/opcenito\/posjet-ginekologu\/#breadcrumb\"},\"inLanguage\":\"hr-HR\",\"potentialAction\":[{\"@type\":\"ReadAction\",\"target\":[\"https:\/\/multi-gyn.com\/hr\/zdravlje-rodnice\/opcenito\/posjet-ginekologu\/\"]}]},{\"@type\":\"BreadcrumbList\",\"@id\":\"https:\/\/multi-gyn.com\/hr\/zdravlje-rodnice\/opcenito\/posjet-ginekologu\/#breadcrumb\",\"itemListElement\":[{\"@type\":\"ListItem\",\"position\":1,\"name\":\"Home\",\"item\":\"https:\/\/multi-gyn.com\/hr\/\"},{\"@type\":\"ListItem\",\"position\":2,\"name\":\"Zdravlje rodnice\",\"item\":\"https:\/\/multi-gyn.com\/hr\/zdravlje-rodnice\/\"},{\"@type\":\"ListItem\",\"position\":3,\"name\":\"Op\u0107enito\",\"item\":\"https:\/\/multi-gyn.com\/hr\/zdravlje-rodnice\/opcenito\/\"},{\"@type\":\"ListItem\",\"position\":4,\"name\":\"Posjet ginekologu\"}]},{\"@type\":\"WebSite\",\"@id\":\"https:\/\/multi-gyn.com\/hr\/#website\",\"url\":\"https:\/\/multi-gyn.com\/hr\/\",\"name\":\"Multi-Gyn\",\"description\":\"\",\"publisher\":{\"@id\":\"https:\/\/multi-gyn.com\/hr\/#organization\"},\"potentialAction\":[{\"@type\":\"SearchAction\",\"target\":{\"@type\":\"EntryPoint\",\"urlTemplate\":\"https:\/\/multi-gyn.com\/hr\/?s={search_term_string}\"},\"query-input\":{\"@type\":\"PropertyValueSpecification\",\"valueRequired\":true,\"valueName\":\"search_term_string\"}}],\"inLanguage\":\"hr-HR\"},{\"@type\":\"Organization\",\"@id\":\"https:\/\/multi-gyn.com\/hr\/#organization\",\"name\":\"Multi-Gyn\",\"url\":\"https:\/\/multi-gyn.com\/hr\/\",\"logo\":{\"@type\":\"ImageObject\",\"inLanguage\":\"hr-HR\",\"@id\":\"https:\/\/multi-gyn.com\/hr\/#\/schema\/logo\/image\/\",\"url\":\"https:\/\/multi-gyn.com\/app\/uploads\/sites\/43\/2023\/02\/multi-gyn-logo.png\",\"contentUrl\":\"https:\/\/multi-gyn.com\/app\/uploads\/sites\/43\/2023\/02\/multi-gyn-logo.png\",\"width\":149,\"height\":32,\"caption\":\"Multi-Gyn\"},\"image\":{\"@id\":\"https:\/\/multi-gyn.com\/hr\/#\/schema\/logo\/image\/\"}}]}<\/script>\n<!-- \/ Yoast SEO plugin. -->","yoast_head_json":{"title":"Posjet ginekologu - Multi-Gyn","description":"Posjeti ginekologu dio su \u017eivota \u017eene. U reproduktivnom razdoblje \u017eena bi trebala posjetiti ginekologa onoliko \u010desto koliko je to potrebno.","robots":{"index":"index","follow":"follow","max-snippet":"max-snippet:-1","max-image-preview":"max-image-preview:large","max-video-preview":"max-video-preview:-1"},"canonical":"https:\/\/multi-gyn.com\/hr\/zdravlje-rodnice\/opcenito\/posjet-ginekologu\/","og_locale":"hr_HR","og_type":"article","og_title":"Posjet ginekologu - Multi-Gyn","og_description":"Posjeti ginekologu dio su \u017eivota \u017eene. U reproduktivnom razdoblje \u017eena bi trebala posjetiti ginekologa onoliko \u010desto koliko je to potrebno.","og_url":"https:\/\/multi-gyn.com\/hr\/zdravlje-rodnice\/opcenito\/posjet-ginekologu\/","og_site_name":"Multi-Gyn","article_modified_time":"2023-08-04T11:50:20+00:00","twitter_card":"summary_large_image","twitter_misc":{"Est. reading time":"3 minutes"},"schema":{"@context":"https:\/\/schema.org","@graph":[{"@type":"WebPage","@id":"https:\/\/multi-gyn.com\/hr\/zdravlje-rodnice\/opcenito\/posjet-ginekologu\/","url":"https:\/\/multi-gyn.com\/hr\/zdravlje-rodnice\/opcenito\/posjet-ginekologu\/","name":"Posjet ginekologu - Multi-Gyn","isPartOf":{"@id":"https:\/\/multi-gyn.com\/hr\/#website"},"datePublished":"2023-02-17T10:29:47+00:00","dateModified":"2023-08-04T11:50:20+00:00","description":"Posjeti ginekologu dio su \u017eivota \u017eene. U reproduktivnom razdoblje \u017eena bi trebala posjetiti ginekologa onoliko \u010desto koliko je to potrebno.","breadcrumb":{"@id":"https:\/\/multi-gyn.com\/hr\/zdravlje-rodnice\/opcenito\/posjet-ginekologu\/#breadcrumb"},"inLanguage":"hr-HR","potentialAction":[{"@type":"ReadAction","target":["https:\/\/multi-gyn.com\/hr\/zdravlje-rodnice\/opcenito\/posjet-ginekologu\/"]}]},{"@type":"BreadcrumbList","@id":"https:\/\/multi-gyn.com\/hr\/zdravlje-rodnice\/opcenito\/posjet-ginekologu\/#breadcrumb","itemListElement":[{"@type":"ListItem","position":1,"name":"Home","item":"https:\/\/multi-gyn.com\/hr\/"},{"@type":"ListItem","position":2,"name":"Zdravlje rodnice","item":"https:\/\/multi-gyn.com\/hr\/zdravlje-rodnice\/"},{"@type":"ListItem","position":3,"name":"Op\u0107enito","item":"https:\/\/multi-gyn.com\/hr\/zdravlje-rodnice\/opcenito\/"},{"@type":"ListItem","position":4,"name":"Posjet ginekologu"}]},{"@type":"WebSite","@id":"https:\/\/multi-gyn.com\/hr\/#website","url":"https:\/\/multi-gyn.com\/hr\/","name":"Multi-Gyn","description":"","publisher":{"@id":"https:\/\/multi-gyn.com\/hr\/#organization"},"potentialAction":[{"@type":"SearchAction","target":{"@type":"EntryPoint","urlTemplate":"https:\/\/multi-gyn.com\/hr\/?s={search_term_string}"},"query-input":{"@type":"PropertyValueSpecification","valueRequired":true,"valueName":"search_term_string"}}],"inLanguage":"hr-HR"},{"@type":"Organization","@id":"https:\/\/multi-gyn.com\/hr\/#organization","name":"Multi-Gyn","url":"https:\/\/multi-gyn.com\/hr\/","logo":{"@type":"ImageObject","inLanguage":"hr-HR","@id":"https:\/\/multi-gyn.com\/hr\/#\/schema\/logo\/image\/","url":"https:\/\/multi-gyn.com\/app\/uploads\/sites\/43\/2023\/02\/multi-gyn-logo.png","contentUrl":"https:\/\/multi-gyn.com\/app\/uploads\/sites\/43\/2023\/02\/multi-gyn-logo.png","width":149,"height":32,"caption":"Multi-Gyn"},"image":{"@id":"https:\/\/multi-gyn.com\/hr\/#\/schema\/logo\/image\/"}}]}},"_links":{"self":[{"href":"https:\/\/multi-gyn.com\/hr\/wp-json\/wp\/v2\/pages\/131","targetHints":{"allow":["GET"]}}],"collection":[{"href":"https:\/\/multi-gyn.com\/hr\/wp-json\/wp\/v2\/pages"}],"about":[{"href":"https:\/\/multi-gyn.com\/hr\/wp-json\/wp\/v2\/types\/page"}],"author":[{"embeddable":true,"href":"https:\/\/multi-gyn.com\/hr\/wp-json\/wp\/v2\/users\/2"}],"replies":[{"embeddable":true,"href":"https:\/\/multi-gyn.com\/hr\/wp-json\/wp\/v2\/comments?post=131"}],"version-history":[{"count":3,"href":"https:\/\/multi-gyn.com\/hr\/wp-json\/wp\/v2\/pages\/131\/revisions"}],"predecessor-version":[{"id":357,"href":"https:\/\/multi-gyn.com\/hr\/wp-json\/wp\/v2\/pages\/131\/revisions\/357"}],"up":[{"embeddable":true,"href":"https:\/\/multi-gyn.com\/hr\/wp-json\/wp\/v2\/pages\/113"}],"wp:attachment":[{"href":"https:\/\/multi-gyn.com\/hr\/wp-json\/wp\/v2\/media?parent=131"}],"wp:term":[{"taxonomy":"from-article-database","embeddable":true,"href":"https:\/\/multi-gyn.com\/hr\/wp-json\/wp\/v2\/from-article-database?post=131"}],"curies":[{"name":"wp","href":"https:\/\/api.w.org\/{rel}","templated":true}]}}