{"id":133,"date":"2023-02-17T11:30:02","date_gmt":"2023-02-17T10:30:02","guid":{"rendered":"https:\/\/multi-gyn.com\/hr\/?page_id=133"},"modified":"2023-08-04T13:50:18","modified_gmt":"2023-08-04T11:50:18","slug":"flora-rodnice","status":"publish","type":"page","link":"https:\/\/multi-gyn.com\/hr\/zdravlje-rodnice\/opcenito\/flora-rodnice\/","title":{"rendered":"Flora rodnice"},"content":{"rendered":"\n<div class=\"wp-block-karopharma-free-text pt-large pb-large bg-center bg-cover bg-no-repeat  is-style-primary\" style=\"background-image:url()\"><div class=\"free-text-wrapper container max-w-medium text-left\">\n<h1 class=\"wp-block-heading\">Flora rodnice<\/h1>\n\n\n\n<p class=\"is-style-paragraph-preamble\">Mo\u017eda je te\u0161ko povjerovati, ali nove tehnike mapiranja gena pokazuju da od 100 trilijuna stanica prisutnih u ljudskom tijelu, samo oko jedna desetina njih zapravo \u010dine \u010dovjeka. Ostalih 90 posto pripada mikroorganizmima &#8211; bakterijama, virusima i drugim mikrobima. Ne \u010dudi stoga \u0161to je za na\u0161e zdravlje toliko va\u017eno da se odr\u017eava ravnote\u017ea mikroba koji \u017eive u na\u0161em organizmu &#8211; a isto vrijedi i za na\u0161u rodnicu.<\/p>\n<\/div><\/div>\n\n\n\n<div class=\"wp-block-karopharma-free-text pt-large pb-large bg-center bg-cover bg-no-repeat\" style=\"background-image:url()\"><div class=\"free-text-wrapper container max-w-medium text-left\">\n<p>Gotovo sve \u017eene u jednom \u0107e razdoblju \u017eivota patiti od bakterijske vaginoze, gljivi\u010dne ili urinarne infekcije. Glavni uzrok visoke u\u010destalosti pojave bolesti rodnice je neravnote\u017ea flore rodnice. Drugim rije\u010dima, ravnote\u017ea se prekida bilo zbog smanjenja broja dobrih bakterija ili zbog pretjerana rasta &#8220;lo\u0161ih&#8221; bakterija ili gljivica. Smanjenje broja dobrih bakterija i prekomjeran rast \u0161tetnih mikroba \u010desto su povezani. Kad se to dogodi, Va\u0161e tijelo \u0107e se uspjeti samo izboriti s infekcijom i vratiti u stanje ravnote\u017ee, ili \u0107e mo\u017eda biti potrebno malo pomo\u0107i izvana u obliku lijekova, proizvoda koji sadr\u017ee prebiotike ili promjene na\u010dina \u017eivota.<\/p>\n\n\n\n<h2 class=\"is-style-heading-h2 wp-block-heading\">\u0160to se smatra zdravom rodnicom?<\/h2>\n\n\n\n<p>Zdrava rodnica naseljena je &#8220;dobrim&#8221; bakterijama laktobacilima. Ove bakterije smatraju se svojevrsnim \u010duvarima rodnice- mogu inhibirati rast potencijalno \u0161tetnih bakterija \/ gljivica proizvode\u0107i mlije\u010dnu kiselinu i vodikov peroksid te sprje\u010davaju\u0107i da se lo\u0161e bakterije ve\u017eu za zidove rodnice. Mlije\u010dna kiselina poma\u017ee odr\u017eavanju kisele sredine rodnice, a vodikov peroksid poma\u017ee ubijanju lo\u0161ih bakterija.<\/p>\n\n\n\n<p>Postoje mnogi faktori koji mogu poremetiti osjetljivu ravnote\u017eu unutar rodnice &#8211; neki od njih su: o\u0161te\u0107enja tkiva izazvana porodom, zdravstveni problemi, stres, odre\u0111eni lijekovi, tijesna odje\u0107a ili sinteti\u010dko donje rublje, neprimjerena higijena, iritansi prisutni u losionima, kupkama ili drugim kozmeti\u010dkim proizvodima, trenje izazvano penetracijom ako \u017eena nije dovoljno uzbu\u0111ena tijekom seksualnog odnosa, hormonalne promjene.<\/p>\n\n\n\n<h2 class=\"is-style-heading-h2 wp-block-heading\">Poreme\u0107ena ravnote\u017ea<\/h2>\n\n\n\n<p>Ako je flora rodnice ugro\u017eena, smanjena je za\u0161titna uloga laktobacila (dobrih bakterija). Zbog smanjena broja laktobacila, proizvodi se manje mlije\u010dne kiseline, \u0161to utje\u010de na nisku za\u0161titnu razinu pH. Kao rezultat toga, lo\u0161e bakterije koriste priliku da prekomjerno rastu, \u0161to dovodi do pojave bakterijske infekcije.<\/p>\n\n\n\n<p>Tijekom trudno\u0107e, koli\u010dina i raznovrsnost laktobacila u rodnici \u010desto je smanjena, \u0161to izla\u017ee trudnice ve\u0107em riziku od infekcije. Simptomi povezani s neravnote\u017eom flore rodnice obuhva\u0107aju neugodan iscjedak, miris, svrbe\u017e, iritaciju, crvenilo, otekline prilikom mokrenja ili tijekom seksualnog odnosa, peckanje, osjetljivost i tegobe.<\/p>\n\n\n\n<p>Uravnote\u017eena flora rodnice poma\u017ee u sprje\u010davanju bakterijske i gljivi\u010dne infekcije i od klju\u010dnog je zna\u010denja za zdravlje rodnice. Da bi se smanjio rizik od neravnote\u017ee flore rodnice, razvijaju se dobre higijenske navike i prate op\u0107e preporuke o tome kako se brinuti o svojoj intimnoj zoni. Uz to, mo\u017eete koristiti proizvode koji sadr\u017ee tvari koje podr\u017eavaju rast dobrih bakterija, kako bi se sprije\u010dile mogu\u0107e infekcije i pomogao oporavak, ako su se ve\u0107 razvili simptomi.<\/p>\n\n\n\n<p class=\"is-style-paragraph-preamble\"><em><mark style=\"background-color:rgba(0, 0, 0, 0)\" class=\"has-inline-color has-primary-color\">&#8220;Ako je flora rodnice ugro\u017eena, smanjena je za\u0161titna uloga laktobacila (dobrih bakterija). Zbog smanjena broja laktobacila, proizvodi se manje mlije\u010dne kiseline, \u0161to utje\u010de na nisku za\u0161titnu razinu pH.&#8221;<\/mark><\/em><\/p>\n<\/div><\/div>\n","protected":false},"excerpt":{"rendered":"","protected":false},"author":2,"featured_media":0,"parent":113,"menu_order":6,"comment_status":"closed","ping_status":"closed","template":"","meta":{"_acf_changed":false,"footnotes":""},"from-article-database":[],"class_list":["post-133","page","type-page","status-publish","hentry"],"acf":[],"yoast_head":"<!-- This site is optimized with the Yoast SEO plugin v26.6 - https:\/\/yoast.com\/wordpress\/plugins\/seo\/ -->\n<title>Flora rodnice - Multi-Gyn<\/title>\n<meta name=\"description\" content=\"Mo\u017eda je te\u0161ko povjerovati, ali nove tehnike mapiranja gena pokazuju da od 100 trilijuna stanica prisutnih u ljudskom tijelu, samo oko jedna desetina njih zapravo \u010dine \u010dovjeka.\" \/>\n<meta name=\"robots\" content=\"index, follow, max-snippet:-1, max-image-preview:large, max-video-preview:-1\" \/>\n<link rel=\"canonical\" href=\"https:\/\/multi-gyn.com\/hr\/zdravlje-rodnice\/opcenito\/flora-rodnice\/\" \/>\n<meta property=\"og:locale\" content=\"hr_HR\" \/>\n<meta property=\"og:type\" content=\"article\" \/>\n<meta property=\"og:title\" content=\"Flora rodnice - Multi-Gyn\" \/>\n<meta property=\"og:description\" content=\"Mo\u017eda je te\u0161ko povjerovati, ali nove tehnike mapiranja gena pokazuju da od 100 trilijuna stanica prisutnih u ljudskom tijelu, samo oko jedna desetina njih zapravo \u010dine \u010dovjeka.\" \/>\n<meta property=\"og:url\" content=\"https:\/\/multi-gyn.com\/hr\/zdravlje-rodnice\/opcenito\/flora-rodnice\/\" \/>\n<meta property=\"og:site_name\" content=\"Multi-Gyn\" \/>\n<meta property=\"article:modified_time\" content=\"2023-08-04T11:50:18+00:00\" \/>\n<meta name=\"twitter:card\" content=\"summary_large_image\" \/>\n<meta name=\"twitter:label1\" content=\"Est. reading time\" \/>\n\t<meta name=\"twitter:data1\" content=\"3 minutes\" \/>\n<script type=\"application\/ld+json\" class=\"yoast-schema-graph\">{\"@context\":\"https:\/\/schema.org\",\"@graph\":[{\"@type\":\"WebPage\",\"@id\":\"https:\/\/multi-gyn.com\/hr\/zdravlje-rodnice\/opcenito\/flora-rodnice\/\",\"url\":\"https:\/\/multi-gyn.com\/hr\/zdravlje-rodnice\/opcenito\/flora-rodnice\/\",\"name\":\"Flora rodnice - Multi-Gyn\",\"isPartOf\":{\"@id\":\"https:\/\/multi-gyn.com\/hr\/#website\"},\"datePublished\":\"2023-02-17T10:30:02+00:00\",\"dateModified\":\"2023-08-04T11:50:18+00:00\",\"description\":\"Mo\u017eda je te\u0161ko povjerovati, ali nove tehnike mapiranja gena pokazuju da od 100 trilijuna stanica prisutnih u ljudskom tijelu, samo oko jedna desetina njih zapravo \u010dine \u010dovjeka.\",\"breadcrumb\":{\"@id\":\"https:\/\/multi-gyn.com\/hr\/zdravlje-rodnice\/opcenito\/flora-rodnice\/#breadcrumb\"},\"inLanguage\":\"hr-HR\",\"potentialAction\":[{\"@type\":\"ReadAction\",\"target\":[\"https:\/\/multi-gyn.com\/hr\/zdravlje-rodnice\/opcenito\/flora-rodnice\/\"]}]},{\"@type\":\"BreadcrumbList\",\"@id\":\"https:\/\/multi-gyn.com\/hr\/zdravlje-rodnice\/opcenito\/flora-rodnice\/#breadcrumb\",\"itemListElement\":[{\"@type\":\"ListItem\",\"position\":1,\"name\":\"Home\",\"item\":\"https:\/\/multi-gyn.com\/hr\/\"},{\"@type\":\"ListItem\",\"position\":2,\"name\":\"Zdravlje rodnice\",\"item\":\"https:\/\/multi-gyn.com\/hr\/zdravlje-rodnice\/\"},{\"@type\":\"ListItem\",\"position\":3,\"name\":\"Op\u0107enito\",\"item\":\"https:\/\/multi-gyn.com\/hr\/zdravlje-rodnice\/opcenito\/\"},{\"@type\":\"ListItem\",\"position\":4,\"name\":\"Flora rodnice\"}]},{\"@type\":\"WebSite\",\"@id\":\"https:\/\/multi-gyn.com\/hr\/#website\",\"url\":\"https:\/\/multi-gyn.com\/hr\/\",\"name\":\"Multi-Gyn\",\"description\":\"\",\"publisher\":{\"@id\":\"https:\/\/multi-gyn.com\/hr\/#organization\"},\"potentialAction\":[{\"@type\":\"SearchAction\",\"target\":{\"@type\":\"EntryPoint\",\"urlTemplate\":\"https:\/\/multi-gyn.com\/hr\/?s={search_term_string}\"},\"query-input\":{\"@type\":\"PropertyValueSpecification\",\"valueRequired\":true,\"valueName\":\"search_term_string\"}}],\"inLanguage\":\"hr-HR\"},{\"@type\":\"Organization\",\"@id\":\"https:\/\/multi-gyn.com\/hr\/#organization\",\"name\":\"Multi-Gyn\",\"url\":\"https:\/\/multi-gyn.com\/hr\/\",\"logo\":{\"@type\":\"ImageObject\",\"inLanguage\":\"hr-HR\",\"@id\":\"https:\/\/multi-gyn.com\/hr\/#\/schema\/logo\/image\/\",\"url\":\"https:\/\/multi-gyn.com\/app\/uploads\/sites\/43\/2023\/02\/multi-gyn-logo.png\",\"contentUrl\":\"https:\/\/multi-gyn.com\/app\/uploads\/sites\/43\/2023\/02\/multi-gyn-logo.png\",\"width\":149,\"height\":32,\"caption\":\"Multi-Gyn\"},\"image\":{\"@id\":\"https:\/\/multi-gyn.com\/hr\/#\/schema\/logo\/image\/\"}}]}<\/script>\n<!-- \/ Yoast SEO plugin. -->","yoast_head_json":{"title":"Flora rodnice - Multi-Gyn","description":"Mo\u017eda je te\u0161ko povjerovati, ali nove tehnike mapiranja gena pokazuju da od 100 trilijuna stanica prisutnih u ljudskom tijelu, samo oko jedna desetina njih zapravo \u010dine \u010dovjeka.","robots":{"index":"index","follow":"follow","max-snippet":"max-snippet:-1","max-image-preview":"max-image-preview:large","max-video-preview":"max-video-preview:-1"},"canonical":"https:\/\/multi-gyn.com\/hr\/zdravlje-rodnice\/opcenito\/flora-rodnice\/","og_locale":"hr_HR","og_type":"article","og_title":"Flora rodnice - Multi-Gyn","og_description":"Mo\u017eda je te\u0161ko povjerovati, ali nove tehnike mapiranja gena pokazuju da od 100 trilijuna stanica prisutnih u ljudskom tijelu, samo oko jedna desetina njih zapravo \u010dine \u010dovjeka.","og_url":"https:\/\/multi-gyn.com\/hr\/zdravlje-rodnice\/opcenito\/flora-rodnice\/","og_site_name":"Multi-Gyn","article_modified_time":"2023-08-04T11:50:18+00:00","twitter_card":"summary_large_image","twitter_misc":{"Est. reading time":"3 minutes"},"schema":{"@context":"https:\/\/schema.org","@graph":[{"@type":"WebPage","@id":"https:\/\/multi-gyn.com\/hr\/zdravlje-rodnice\/opcenito\/flora-rodnice\/","url":"https:\/\/multi-gyn.com\/hr\/zdravlje-rodnice\/opcenito\/flora-rodnice\/","name":"Flora rodnice - Multi-Gyn","isPartOf":{"@id":"https:\/\/multi-gyn.com\/hr\/#website"},"datePublished":"2023-02-17T10:30:02+00:00","dateModified":"2023-08-04T11:50:18+00:00","description":"Mo\u017eda je te\u0161ko povjerovati, ali nove tehnike mapiranja gena pokazuju da od 100 trilijuna stanica prisutnih u ljudskom tijelu, samo oko jedna desetina njih zapravo \u010dine \u010dovjeka.","breadcrumb":{"@id":"https:\/\/multi-gyn.com\/hr\/zdravlje-rodnice\/opcenito\/flora-rodnice\/#breadcrumb"},"inLanguage":"hr-HR","potentialAction":[{"@type":"ReadAction","target":["https:\/\/multi-gyn.com\/hr\/zdravlje-rodnice\/opcenito\/flora-rodnice\/"]}]},{"@type":"BreadcrumbList","@id":"https:\/\/multi-gyn.com\/hr\/zdravlje-rodnice\/opcenito\/flora-rodnice\/#breadcrumb","itemListElement":[{"@type":"ListItem","position":1,"name":"Home","item":"https:\/\/multi-gyn.com\/hr\/"},{"@type":"ListItem","position":2,"name":"Zdravlje rodnice","item":"https:\/\/multi-gyn.com\/hr\/zdravlje-rodnice\/"},{"@type":"ListItem","position":3,"name":"Op\u0107enito","item":"https:\/\/multi-gyn.com\/hr\/zdravlje-rodnice\/opcenito\/"},{"@type":"ListItem","position":4,"name":"Flora rodnice"}]},{"@type":"WebSite","@id":"https:\/\/multi-gyn.com\/hr\/#website","url":"https:\/\/multi-gyn.com\/hr\/","name":"Multi-Gyn","description":"","publisher":{"@id":"https:\/\/multi-gyn.com\/hr\/#organization"},"potentialAction":[{"@type":"SearchAction","target":{"@type":"EntryPoint","urlTemplate":"https:\/\/multi-gyn.com\/hr\/?s={search_term_string}"},"query-input":{"@type":"PropertyValueSpecification","valueRequired":true,"valueName":"search_term_string"}}],"inLanguage":"hr-HR"},{"@type":"Organization","@id":"https:\/\/multi-gyn.com\/hr\/#organization","name":"Multi-Gyn","url":"https:\/\/multi-gyn.com\/hr\/","logo":{"@type":"ImageObject","inLanguage":"hr-HR","@id":"https:\/\/multi-gyn.com\/hr\/#\/schema\/logo\/image\/","url":"https:\/\/multi-gyn.com\/app\/uploads\/sites\/43\/2023\/02\/multi-gyn-logo.png","contentUrl":"https:\/\/multi-gyn.com\/app\/uploads\/sites\/43\/2023\/02\/multi-gyn-logo.png","width":149,"height":32,"caption":"Multi-Gyn"},"image":{"@id":"https:\/\/multi-gyn.com\/hr\/#\/schema\/logo\/image\/"}}]}},"_links":{"self":[{"href":"https:\/\/multi-gyn.com\/hr\/wp-json\/wp\/v2\/pages\/133","targetHints":{"allow":["GET"]}}],"collection":[{"href":"https:\/\/multi-gyn.com\/hr\/wp-json\/wp\/v2\/pages"}],"about":[{"href":"https:\/\/multi-gyn.com\/hr\/wp-json\/wp\/v2\/types\/page"}],"author":[{"embeddable":true,"href":"https:\/\/multi-gyn.com\/hr\/wp-json\/wp\/v2\/users\/2"}],"replies":[{"embeddable":true,"href":"https:\/\/multi-gyn.com\/hr\/wp-json\/wp\/v2\/comments?post=133"}],"version-history":[{"count":2,"href":"https:\/\/multi-gyn.com\/hr\/wp-json\/wp\/v2\/pages\/133\/revisions"}],"predecessor-version":[{"id":358,"href":"https:\/\/multi-gyn.com\/hr\/wp-json\/wp\/v2\/pages\/133\/revisions\/358"}],"up":[{"embeddable":true,"href":"https:\/\/multi-gyn.com\/hr\/wp-json\/wp\/v2\/pages\/113"}],"wp:attachment":[{"href":"https:\/\/multi-gyn.com\/hr\/wp-json\/wp\/v2\/media?parent=133"}],"wp:term":[{"taxonomy":"from-article-database","embeddable":true,"href":"https:\/\/multi-gyn.com\/hr\/wp-json\/wp\/v2\/from-article-database?post=133"}],"curies":[{"name":"wp","href":"https:\/\/api.w.org\/{rel}","templated":true}]}}