{"id":135,"date":"2023-02-17T11:30:17","date_gmt":"2023-02-17T10:30:17","guid":{"rendered":"https:\/\/multi-gyn.com\/hr\/?page_id=135"},"modified":"2023-08-04T13:50:16","modified_gmt":"2023-08-04T11:50:16","slug":"anatomija-rodnice","status":"publish","type":"page","link":"https:\/\/multi-gyn.com\/hr\/zdravlje-rodnice\/opcenito\/anatomija-rodnice\/","title":{"rendered":"Anatomija rodnice"},"content":{"rendered":"\n<div class=\"wp-block-karopharma-free-text pt-large pb-large bg-center bg-cover bg-no-repeat  is-style-primary\" style=\"background-image:url()\"><div class=\"free-text-wrapper container max-w-medium text-left\">\n<h1 class=\"wp-block-heading\">Anatomija rodnice<\/h1>\n\n\n\n<p class=\"is-style-paragraph-preamble\">Rodnica je elasti\u010dan, mi\u0161i\u0107ni organ koji povezuje matericu s vanjskim reproduktivnim organima. Va\u017eno je ipak zapamtiti da je Va\u0161e intimno podru\u010dje jedinstveno &#8211; spolni organi mogu se od \u017eene do \u017eene razlikovati po obliku, veli\u010dini, boji, teksturi i cjelokupnom izgledu. Doznajte vi\u0161e o anatomiji rodnice, tako da u potpunosti mo\u017eete razumjeti ovaj fascinantan dio tjelesnih funkcija \u017eene.<\/p>\n<\/div><\/div>\n\n\n\n<div class=\"wp-block-karopharma-free-text pt-large pb-large bg-center bg-cover bg-no-repeat\" style=\"background-image:url()\"><div class=\"free-text-wrapper container max-w-medium text-left\">\n<h2 class=\"is-style-heading-h2 wp-block-heading\">Vanjsko intimno podru\u010dje<\/h2>\n\n\n\n<p>Vagina je povezana s vulvom, koja uklju\u010duje vanjske stidne usne, unutarnje stidne usne, klitoris i vanjske otvore za mokra\u0107ni kanal i vaginu. Katkad ljudi pomije\u0161aju vulvu i rodnicu &#8211; najlak\u0161i na\u010din da zapamtite jest da je vulva ono \u0161to vidite kad gledate svoju intimnu zonu ogledalom. Rodnica se nalazi unutar tijela i mo\u017ee se istra\u017eiti jedino uz pomo\u0107 spekuluma, koji ginekolog koristi tijekom pregleda.<\/p>\n\n\n\n<p>Otvor rodnice skriven je iza dvije vrste stidnih usana &#8211; velikih i malih. Vanjske stidne usne vulve \u0161tite rodnicu od infekcije i osiguravaju stimulaciju tijekom odnosa jer su vrlo osjetljive. Skriven iz stidnih usnama nalazi se klitoris. Meko tkivo, veli\u010dine gra\u0161ka, vjerojatno je najosjetljiviji dio \u017eenskog tijela &#8211; klitoris se smatra ekvivalentom penisu. Stimulacija klitorisa izaziva uzbu\u0111enje i mo\u017ee dovesti do orgazma, \u010dine\u0107i klitoris vrlo va\u017enim organom za seksualno zadovoljstvo. Tijekom uzbu\u0111enja, klitoris i stidne usne mogu se uve\u0107ati zbog pove\u0107ane cirkulacije. Ovo je sasvim normalno.<\/p>\n\n\n\n<p>Odmah ispod klitorisa je mjesto gdje se otvara mokra\u0107ni kanal. Urin iz mjehura kroz mokra\u0107nu cijev izlazi na taj otvor. Sam otvor zatvara kru\u017eni mi\u0161i\u0107, koji nam omogu\u0107uje da zadr\u017eavamo urin sve dok ne stignemo do toaleta. Katkad taj mi\u0161i\u0107 mo\u017ee biti oslabljen i tada izaziva <a href=\"https:\/\/multi-gyn.com\/hr\/zdravlje-rodnice\/njega\/vjezbe-za-dno-zdjelice-ili-kegelove-vjezbe-za-dobro-zdravlje-rodnice\/\">urinarnu inkontinenciju<\/a>.<\/p>\n\n\n\n<p class=\"is-style-paragraph-preamble\"><em><mark style=\"background-color:rgba(0, 0, 0, 0)\" class=\"has-inline-color has-primary-color\">&#8220;Va\u017eno je zapamtiti da je na\u0161a intimna regija jedinstvena &#8211; spolni organi mogu \u017eene razlikovati po obliku, veli\u010dini, boji, teksturi i cjelokupnom izgleda&#8221;<\/mark><\/em><\/p>\n\n\n\n<h2 class=\"is-style-heading-h2 wp-block-heading\">Rodnica<\/h2>\n\n\n\n<p>Ispod mokra\u0107ne cijevi je otvor rodnice. To je mjesto kroz koje penis prodire u rodnicu, gdje se stavlja tampon ili vagitoriji i gdje stavljate kremu za rodnicu, ako ju koristite. Unutarnji dio rodnice oblo\u017een je mekim tkivom \u010dija vla\u017enost varira ovisno o menstrualnom ciklusu i drugim faktorima, kao \u0161to su trudno\u0107a, dojenje, menopauza i dr. Ovo tkivo sadr\u017ei mnoge \u017elijezde koje stvaraju iscjedak, koji je prijeko potreban za podmazivanje i za\u0161titu od infekcija. Rodnica omogu\u0107ava da menstrualna krv te\u010de iz materice, a zahvaljuju\u0107i elasti\u010dnosti, raste\u017ee se dovoljno da beba mo\u017ee iza\u0107i iz materice.<\/p>\n\n\n\n<figure class=\"wp-block-image size-large is-resized\"><img loading=\"lazy\" decoding=\"async\" src=\"https:\/\/multi-gyn.com\/app\/uploads\/sites\/43\/2023\/02\/vagina2-1024x888.png\" alt=\"vagina2\" class=\"wp-image-359\" width=\"512\" height=\"444\" srcset=\"https:\/\/multi-gyn.com\/app\/uploads\/sites\/43\/2023\/02\/vagina2-1024x888.png 1024w, https:\/\/multi-gyn.com\/app\/uploads\/sites\/43\/2023\/02\/vagina2-320x278.png 320w, https:\/\/multi-gyn.com\/app\/uploads\/sites\/43\/2023\/02\/vagina2-768x666.png 768w, https:\/\/multi-gyn.com\/app\/uploads\/sites\/43\/2023\/02\/vagina2-1536x1332.png 1536w, https:\/\/multi-gyn.com\/app\/uploads\/sites\/43\/2023\/02\/vagina2-2048x1776.png 2048w, https:\/\/multi-gyn.com\/app\/uploads\/sites\/43\/2023\/02\/vagina2-600x520.png 600w\" sizes=\"auto, (max-width: 512px) 100vw, 512px\" \/><\/figure>\n\n\n\n<p>Oko otvora rodnice nalazi se tanka opna koja se zove himen. Ova membrana obi\u010dno puca prilikom prvoga seksualnog odnosa, katkad izazivaju\u0107i blago krvarenje.<\/p>\n\n\n\n<p>Rodnicu i druge reproduktivne organe na svome mjestu \u010duvaju mi\u0161i\u0107i dna zdjelice. Ti mi\u0161i\u0107i sprje\u010davaju prolapse i inkontinenciju i mogu se oja\u010dati <a href=\"https:\/\/multi-gyn.com\/hr\/zdravlje-rodnice\/njega\/vjezbe-za-dno-zdjelice-ili-kegelove-vjezbe-za-dobro-zdravlje-rodnice\/\">Kegelovim vje\u017ebama.<\/a><\/p>\n\n\n\n<p>Drugi kraj rodnice povezan je s grli\u0107em maternice. Grli\u0107 maternice ima vrlo mali otvor koji sprje\u010dava da tamponi ili penis tijekom penetracije u\u0111u u maternicu. S druge strane, grli\u0107 maternice se tijekom poroda \u0161iri da bi beba mogla pro\u0107i iz maternice kroz rodnicu u vanjski svijet.<\/p>\n<\/div><\/div>\n","protected":false},"excerpt":{"rendered":"","protected":false},"author":2,"featured_media":0,"parent":113,"menu_order":7,"comment_status":"closed","ping_status":"closed","template":"","meta":{"_acf_changed":false,"footnotes":""},"from-article-database":[],"class_list":["post-135","page","type-page","status-publish","hentry"],"acf":[],"yoast_head":"<!-- This site is optimized with the Yoast SEO plugin v26.6 - https:\/\/yoast.com\/wordpress\/plugins\/seo\/ -->\n<title>Anatomija rodnice - Multi-Gyn<\/title>\n<meta name=\"description\" content=\"Rodnica je elasti\u010dan, mi\u0161i\u0107ni organ koji povezuje matericu s vanjskim reproduktivnim organima.\" \/>\n<meta name=\"robots\" content=\"index, follow, max-snippet:-1, max-image-preview:large, max-video-preview:-1\" \/>\n<link rel=\"canonical\" href=\"https:\/\/multi-gyn.com\/hr\/zdravlje-rodnice\/opcenito\/anatomija-rodnice\/\" \/>\n<meta property=\"og:locale\" content=\"hr_HR\" \/>\n<meta property=\"og:type\" content=\"article\" \/>\n<meta property=\"og:title\" content=\"Anatomija rodnice - Multi-Gyn\" \/>\n<meta property=\"og:description\" content=\"Rodnica je elasti\u010dan, mi\u0161i\u0107ni organ koji povezuje matericu s vanjskim reproduktivnim organima.\" \/>\n<meta property=\"og:url\" content=\"https:\/\/multi-gyn.com\/hr\/zdravlje-rodnice\/opcenito\/anatomija-rodnice\/\" \/>\n<meta property=\"og:site_name\" content=\"Multi-Gyn\" \/>\n<meta property=\"article:modified_time\" content=\"2023-08-04T11:50:16+00:00\" \/>\n<meta property=\"og:image\" content=\"https:\/\/multi-gyn.com\/app\/uploads\/sites\/43\/2023\/02\/vagina2-1024x888.png\" \/>\n<meta name=\"twitter:card\" content=\"summary_large_image\" \/>\n<meta name=\"twitter:label1\" content=\"Est. reading time\" \/>\n\t<meta name=\"twitter:data1\" content=\"3 minutes\" \/>\n<script type=\"application\/ld+json\" class=\"yoast-schema-graph\">{\"@context\":\"https:\/\/schema.org\",\"@graph\":[{\"@type\":\"WebPage\",\"@id\":\"https:\/\/multi-gyn.com\/hr\/zdravlje-rodnice\/opcenito\/anatomija-rodnice\/\",\"url\":\"https:\/\/multi-gyn.com\/hr\/zdravlje-rodnice\/opcenito\/anatomija-rodnice\/\",\"name\":\"Anatomija rodnice - Multi-Gyn\",\"isPartOf\":{\"@id\":\"https:\/\/multi-gyn.com\/hr\/#website\"},\"primaryImageOfPage\":{\"@id\":\"https:\/\/multi-gyn.com\/hr\/zdravlje-rodnice\/opcenito\/anatomija-rodnice\/#primaryimage\"},\"image\":{\"@id\":\"https:\/\/multi-gyn.com\/hr\/zdravlje-rodnice\/opcenito\/anatomija-rodnice\/#primaryimage\"},\"thumbnailUrl\":\"https:\/\/multi-gyn.com\/app\/uploads\/sites\/43\/2023\/02\/vagina2-1024x888.png\",\"datePublished\":\"2023-02-17T10:30:17+00:00\",\"dateModified\":\"2023-08-04T11:50:16+00:00\",\"description\":\"Rodnica je elasti\u010dan, mi\u0161i\u0107ni organ koji povezuje matericu s vanjskim reproduktivnim organima.\",\"breadcrumb\":{\"@id\":\"https:\/\/multi-gyn.com\/hr\/zdravlje-rodnice\/opcenito\/anatomija-rodnice\/#breadcrumb\"},\"inLanguage\":\"hr-HR\",\"potentialAction\":[{\"@type\":\"ReadAction\",\"target\":[\"https:\/\/multi-gyn.com\/hr\/zdravlje-rodnice\/opcenito\/anatomija-rodnice\/\"]}]},{\"@type\":\"ImageObject\",\"inLanguage\":\"hr-HR\",\"@id\":\"https:\/\/multi-gyn.com\/hr\/zdravlje-rodnice\/opcenito\/anatomija-rodnice\/#primaryimage\",\"url\":\"https:\/\/multi-gyn.com\/app\/uploads\/sites\/43\/2023\/02\/vagina2-1024x888.png\",\"contentUrl\":\"https:\/\/multi-gyn.com\/app\/uploads\/sites\/43\/2023\/02\/vagina2-1024x888.png\"},{\"@type\":\"BreadcrumbList\",\"@id\":\"https:\/\/multi-gyn.com\/hr\/zdravlje-rodnice\/opcenito\/anatomija-rodnice\/#breadcrumb\",\"itemListElement\":[{\"@type\":\"ListItem\",\"position\":1,\"name\":\"Home\",\"item\":\"https:\/\/multi-gyn.com\/hr\/\"},{\"@type\":\"ListItem\",\"position\":2,\"name\":\"Zdravlje rodnice\",\"item\":\"https:\/\/multi-gyn.com\/hr\/zdravlje-rodnice\/\"},{\"@type\":\"ListItem\",\"position\":3,\"name\":\"Op\u0107enito\",\"item\":\"https:\/\/multi-gyn.com\/hr\/zdravlje-rodnice\/opcenito\/\"},{\"@type\":\"ListItem\",\"position\":4,\"name\":\"Anatomija rodnice\"}]},{\"@type\":\"WebSite\",\"@id\":\"https:\/\/multi-gyn.com\/hr\/#website\",\"url\":\"https:\/\/multi-gyn.com\/hr\/\",\"name\":\"Multi-Gyn\",\"description\":\"\",\"publisher\":{\"@id\":\"https:\/\/multi-gyn.com\/hr\/#organization\"},\"potentialAction\":[{\"@type\":\"SearchAction\",\"target\":{\"@type\":\"EntryPoint\",\"urlTemplate\":\"https:\/\/multi-gyn.com\/hr\/?s={search_term_string}\"},\"query-input\":{\"@type\":\"PropertyValueSpecification\",\"valueRequired\":true,\"valueName\":\"search_term_string\"}}],\"inLanguage\":\"hr-HR\"},{\"@type\":\"Organization\",\"@id\":\"https:\/\/multi-gyn.com\/hr\/#organization\",\"name\":\"Multi-Gyn\",\"url\":\"https:\/\/multi-gyn.com\/hr\/\",\"logo\":{\"@type\":\"ImageObject\",\"inLanguage\":\"hr-HR\",\"@id\":\"https:\/\/multi-gyn.com\/hr\/#\/schema\/logo\/image\/\",\"url\":\"https:\/\/multi-gyn.com\/app\/uploads\/sites\/43\/2023\/02\/multi-gyn-logo.png\",\"contentUrl\":\"https:\/\/multi-gyn.com\/app\/uploads\/sites\/43\/2023\/02\/multi-gyn-logo.png\",\"width\":149,\"height\":32,\"caption\":\"Multi-Gyn\"},\"image\":{\"@id\":\"https:\/\/multi-gyn.com\/hr\/#\/schema\/logo\/image\/\"}}]}<\/script>\n<!-- \/ Yoast SEO plugin. -->","yoast_head_json":{"title":"Anatomija rodnice - Multi-Gyn","description":"Rodnica je elasti\u010dan, mi\u0161i\u0107ni organ koji povezuje matericu s vanjskim reproduktivnim organima.","robots":{"index":"index","follow":"follow","max-snippet":"max-snippet:-1","max-image-preview":"max-image-preview:large","max-video-preview":"max-video-preview:-1"},"canonical":"https:\/\/multi-gyn.com\/hr\/zdravlje-rodnice\/opcenito\/anatomija-rodnice\/","og_locale":"hr_HR","og_type":"article","og_title":"Anatomija rodnice - Multi-Gyn","og_description":"Rodnica je elasti\u010dan, mi\u0161i\u0107ni organ koji povezuje matericu s vanjskim reproduktivnim organima.","og_url":"https:\/\/multi-gyn.com\/hr\/zdravlje-rodnice\/opcenito\/anatomija-rodnice\/","og_site_name":"Multi-Gyn","article_modified_time":"2023-08-04T11:50:16+00:00","og_image":[{"url":"https:\/\/multi-gyn.com\/app\/uploads\/sites\/43\/2023\/02\/vagina2-1024x888.png","type":"","width":"","height":""}],"twitter_card":"summary_large_image","twitter_misc":{"Est. reading time":"3 minutes"},"schema":{"@context":"https:\/\/schema.org","@graph":[{"@type":"WebPage","@id":"https:\/\/multi-gyn.com\/hr\/zdravlje-rodnice\/opcenito\/anatomija-rodnice\/","url":"https:\/\/multi-gyn.com\/hr\/zdravlje-rodnice\/opcenito\/anatomija-rodnice\/","name":"Anatomija rodnice - Multi-Gyn","isPartOf":{"@id":"https:\/\/multi-gyn.com\/hr\/#website"},"primaryImageOfPage":{"@id":"https:\/\/multi-gyn.com\/hr\/zdravlje-rodnice\/opcenito\/anatomija-rodnice\/#primaryimage"},"image":{"@id":"https:\/\/multi-gyn.com\/hr\/zdravlje-rodnice\/opcenito\/anatomija-rodnice\/#primaryimage"},"thumbnailUrl":"https:\/\/multi-gyn.com\/app\/uploads\/sites\/43\/2023\/02\/vagina2-1024x888.png","datePublished":"2023-02-17T10:30:17+00:00","dateModified":"2023-08-04T11:50:16+00:00","description":"Rodnica je elasti\u010dan, mi\u0161i\u0107ni organ koji povezuje matericu s vanjskim reproduktivnim organima.","breadcrumb":{"@id":"https:\/\/multi-gyn.com\/hr\/zdravlje-rodnice\/opcenito\/anatomija-rodnice\/#breadcrumb"},"inLanguage":"hr-HR","potentialAction":[{"@type":"ReadAction","target":["https:\/\/multi-gyn.com\/hr\/zdravlje-rodnice\/opcenito\/anatomija-rodnice\/"]}]},{"@type":"ImageObject","inLanguage":"hr-HR","@id":"https:\/\/multi-gyn.com\/hr\/zdravlje-rodnice\/opcenito\/anatomija-rodnice\/#primaryimage","url":"https:\/\/multi-gyn.com\/app\/uploads\/sites\/43\/2023\/02\/vagina2-1024x888.png","contentUrl":"https:\/\/multi-gyn.com\/app\/uploads\/sites\/43\/2023\/02\/vagina2-1024x888.png"},{"@type":"BreadcrumbList","@id":"https:\/\/multi-gyn.com\/hr\/zdravlje-rodnice\/opcenito\/anatomija-rodnice\/#breadcrumb","itemListElement":[{"@type":"ListItem","position":1,"name":"Home","item":"https:\/\/multi-gyn.com\/hr\/"},{"@type":"ListItem","position":2,"name":"Zdravlje rodnice","item":"https:\/\/multi-gyn.com\/hr\/zdravlje-rodnice\/"},{"@type":"ListItem","position":3,"name":"Op\u0107enito","item":"https:\/\/multi-gyn.com\/hr\/zdravlje-rodnice\/opcenito\/"},{"@type":"ListItem","position":4,"name":"Anatomija rodnice"}]},{"@type":"WebSite","@id":"https:\/\/multi-gyn.com\/hr\/#website","url":"https:\/\/multi-gyn.com\/hr\/","name":"Multi-Gyn","description":"","publisher":{"@id":"https:\/\/multi-gyn.com\/hr\/#organization"},"potentialAction":[{"@type":"SearchAction","target":{"@type":"EntryPoint","urlTemplate":"https:\/\/multi-gyn.com\/hr\/?s={search_term_string}"},"query-input":{"@type":"PropertyValueSpecification","valueRequired":true,"valueName":"search_term_string"}}],"inLanguage":"hr-HR"},{"@type":"Organization","@id":"https:\/\/multi-gyn.com\/hr\/#organization","name":"Multi-Gyn","url":"https:\/\/multi-gyn.com\/hr\/","logo":{"@type":"ImageObject","inLanguage":"hr-HR","@id":"https:\/\/multi-gyn.com\/hr\/#\/schema\/logo\/image\/","url":"https:\/\/multi-gyn.com\/app\/uploads\/sites\/43\/2023\/02\/multi-gyn-logo.png","contentUrl":"https:\/\/multi-gyn.com\/app\/uploads\/sites\/43\/2023\/02\/multi-gyn-logo.png","width":149,"height":32,"caption":"Multi-Gyn"},"image":{"@id":"https:\/\/multi-gyn.com\/hr\/#\/schema\/logo\/image\/"}}]}},"_links":{"self":[{"href":"https:\/\/multi-gyn.com\/hr\/wp-json\/wp\/v2\/pages\/135","targetHints":{"allow":["GET"]}}],"collection":[{"href":"https:\/\/multi-gyn.com\/hr\/wp-json\/wp\/v2\/pages"}],"about":[{"href":"https:\/\/multi-gyn.com\/hr\/wp-json\/wp\/v2\/types\/page"}],"author":[{"embeddable":true,"href":"https:\/\/multi-gyn.com\/hr\/wp-json\/wp\/v2\/users\/2"}],"replies":[{"embeddable":true,"href":"https:\/\/multi-gyn.com\/hr\/wp-json\/wp\/v2\/comments?post=135"}],"version-history":[{"count":3,"href":"https:\/\/multi-gyn.com\/hr\/wp-json\/wp\/v2\/pages\/135\/revisions"}],"predecessor-version":[{"id":494,"href":"https:\/\/multi-gyn.com\/hr\/wp-json\/wp\/v2\/pages\/135\/revisions\/494"}],"up":[{"embeddable":true,"href":"https:\/\/multi-gyn.com\/hr\/wp-json\/wp\/v2\/pages\/113"}],"wp:attachment":[{"href":"https:\/\/multi-gyn.com\/hr\/wp-json\/wp\/v2\/media?parent=135"}],"wp:term":[{"taxonomy":"from-article-database","embeddable":true,"href":"https:\/\/multi-gyn.com\/hr\/wp-json\/wp\/v2\/from-article-database?post=135"}],"curies":[{"name":"wp","href":"https:\/\/api.w.org\/{rel}","templated":true}]}}