{"id":139,"date":"2023-02-17T11:37:00","date_gmt":"2023-02-17T10:37:00","guid":{"rendered":"https:\/\/multi-gyn.com\/hr\/?page_id=139"},"modified":"2023-08-04T13:50:14","modified_gmt":"2023-08-04T11:50:14","slug":"jesu-li-tamponi-stetni-za-moju-rodnicu","status":"publish","type":"page","link":"https:\/\/multi-gyn.com\/hr\/zdravlje-rodnice\/infekcije\/jesu-li-tamponi-stetni-za-moju-rodnicu\/","title":{"rendered":"Jesu li tamponi \u0161tetni za moju rodnicu?"},"content":{"rendered":"\n<div class=\"wp-block-karopharma-free-text pt-large pb-large bg-center bg-cover bg-no-repeat  is-style-primary\" style=\"background-image:url()\"><div class=\"free-text-wrapper container max-w-medium text-left\">\n<h1 class=\"wp-block-heading\">Jesu li tamponi \u0161tetni za moju rodnicu?<\/h1>\n\n\n\n<p class=\"is-style-paragraph-preamble\">Mnoge \u017eene koriste tampone tijekom ciklusa. Lako je vidjeti za\u0161to. Diskretni su i pru\u017eaju slobodu u vo\u0111enju aktivnog dnevnog \u017eivota. U posljednje vrijeme na dru\u0161tvenim mre\u017eama raste interes za to jesu li tamponi \u0161tetni za zdravlje. \u010citajte dalje da saznate vi\u0161e.<\/p>\n<\/div><\/div>\n\n\n\n<div class=\"wp-block-karopharma-free-text pt-large pb-large bg-center bg-cover bg-no-repeat\" style=\"background-image:url()\"><div class=\"free-text-wrapper container max-w-medium text-left\">\n<h3 class=\"is-style-heading-h3 wp-block-heading\">Jesu li tamponi sigurni?<\/h3>\n\n\n\n<p>Trenutno nema istra\u017eivanja ili dokaza o \u0161tetnosti samih tampona. \u010cesta promjena tampona i dobra higijena rodnice poma\u017eu u izbjegavanju \u010destih tegoba rodnice.<\/p>\n\n\n\n<p>Tamponi se obi\u010dno izra\u0111uju od pamuka i viskoze, u kombinaciji sa plastikom i drugim sinteti\u010dkim materijalima i kemikalijama da bi se pove\u0107ala mo\u0107 apsorpcije. Kao i kad su u pitanju ostali proizvodi, preporu\u010dljivo je koristiti organske, pamu\u010dne tampone ili izabrati bolje ekolo\u0161ko rje\u0161enje kao \u0161to je menstrualna \u010da\u0161ica, koja se mo\u017ee koristiti vi\u0161e puta.<\/p>\n\n\n\n<h3 class=\"is-style-heading-h3 wp-block-heading\">Koliko \u010desto bi se trebao mijenjati tampon?<\/h3>\n\n\n\n<p>Rodnica je vrlo dobra u odr\u017eavanju vlastite higijene. Zdrava rodnica odr\u017eava ekosistem mikroorganizama i vla\u017enost koji reguliraju <a href=\"https:\/\/multi-gyn.com\/hr\/zdravlje-rodnice\/general\/ph-rodnice-je-li-tvoja-rodnica-kisela-ili-bazicna\/\">pH<\/a> vrijednost, i odr\u017eava je na nivou koji spre\u010dava rast \u0161tetnih bakterija.<\/p>\n\n\n\n<p>Tokom menstruacije va\u0161e tijelo nastavlja sa proizvodnjom normalnog iscjetka rodnice i dobrih bakterija koje je odr\u017eavaju zdravom. Tamponi su dizajnirani tako da imaju veliku mo\u0107 upijanja, pa vrlo u\u010dinkovito upijaju menstrualnu krv, tako\u0111er upijaju i prirodne bakterije i iscjedak. Ovo mo\u017ee usporiti sposobnost va\u0161e rodnice da odr\u017eava vlastitu higijenu, regulira pH vrijednost, i mo\u017ee voditi iritaciji i potencijalnim infekcijama.<\/p>\n\n\n\n<p>Mijenjajte tampone na svaka 3-4 sata, prije odlaska na spavanje, i \u010dim se probudite.<\/p>\n\n\n\n<h2 class=\"is-style-heading-h2 wp-block-heading\">Izaberite adekvatne tampone, u skladu sa ja\u010dinom menstrualnog krvarenja<\/h2>\n\n\n\n<p>Va\u017eno je izabrati tampon koji je adekvatan va\u0161em menstrualnom krvarenju. Kori\u0161tenjem tampon koji previ\u0161e upija, i ostavljaju\u0107i ga unutra predugo, stvara se idealno tlo za problem sa bakterijama. Ako primijetite <a href=\"https:\/\/multi-gyn.com\/hr\/zdravlje-rodnice\/infekcije\/koje-je-boje-vas-iscjedak\/\">promjene u boji, teksturi ili mirisu<\/a> svog uobi\u010dajenog <a href=\"https:\/\/multi-gyn.com\/hr\/zdravlje-rodnice\/tegobe\/da-li-je-moj-iscjedak-iz-rodnice-normalan\/\">iscjetka iz rodnice<\/a>, trebali biste odmah prekinuti sa kori\u0161tenjem tampona. Nikada nemojte koristiti tampon za upijanje i uklanjanje iscjetka iz rodnice, jer ovo mo\u017ee izazvati ozbiljnu infekciju.<\/p>\n\n\n\n<p>Dobra <a href=\"https:\/\/multi-gyn.com\/hr\/zdravlje-rodnice\/njega\/znate-li-sto-odreduje-pravilnu-intimnu-higijenu\/\">higijena <\/a>rodnice je jako va\u017ena kada imate ciklus. Mo\u017eda vam nje\u017ena kupka za rodnicu ili teku\u0107ina za ispiranje mogu pomo\u0107i tijekom ciklusa. Izbjegavajte mirisne ili alkalne proizvode koji mogu naru\u0161iti blago kiselu pH vrijednost va\u0161e rodnice. Uz blago pranje svoje intimne regije, \u010desta promjena tampona ili ulo\u0161ka poma\u017ee izbjegavanju \u010destih tegoba rodnice.<\/p>\n\n\n\n<h3 class=\"is-style-heading-h3 wp-block-heading\">\u0160ta je sindrom toksi\u010dnog \u0161oka?<\/h3>\n\n\n\n<p>Osamdesetih godina, postojala je razumljiva zabrinutost vezana za upotrebu tampona. Od tada, proizvo\u0111a\u010di su pobolj\u0161ali svoje proizvode i svijest o primjerenoj higijeni rodnice se pove\u0107ala. Sindrom toksi\u010dnog \u0161oka je, na sre\u0107u, rijedak.<\/p>\n\n\n\n<p>Sindrom toksi\u010dnog \u0161oka izazivaju bakterije Staphylococcus aureus (Staph) i Streptococcus pyogenes (Strep) koje se brzo razmno\u017eavaju, kada dospiju u krvotok. Ve\u0107ina ljudi razvije antitijela koja ih \u0161tite od ovih toksina, ali, u rijetkim slu\u010dajevima, do\u0111e do toksi\u010dnog \u0161oka.<\/p>\n\n\n\n<h3 class=\"is-style-heading-h3 wp-block-heading\">Izaziva li tampon toksi\u010dni \u0161ok?<\/h3>\n\n\n\n<p>Va\u017eno je napomenuti da tampon ne izazivaju toksi\u010dni \u0161ok, ali mo\u017ee poja\u010dati rizik. Precizna veza izme\u0111u uporabe tampon i toksi\u010dnog \u0161oka nije sasvim jasna, ali preduga uporaba tampona jake mo\u0107i upijanja, predstavlja jedan od rizika. Uz uporabu tampon, sindrom toksi\u010dnog \u0161oka se dovodi u vezu sa ranama na ko\u017ei, operacijama ili poro\u0111ajem, uporabom materijala kojima se rane previjaju ili uporabom sredstava protiv za\u010de\u0107a kao i dijafragmom, ukoliko se koristi predugo.<\/p>\n\n\n\n<p>Simptomi toksi\u010dnog \u0161oka su vrlo sli\u010dni simptomima gripe, i nije ih lako prepoznati. Mogu nastupiti iznenadno. Ukoliko koristite tampone i zabrinuti ste da mo\u017eda imate infekciju, posavjetujte se sa svojim lije\u010dnikom.<\/p>\n<\/div><\/div>\n","protected":false},"excerpt":{"rendered":"","protected":false},"author":2,"featured_media":0,"parent":115,"menu_order":1,"comment_status":"closed","ping_status":"closed","template":"","meta":{"_acf_changed":false,"footnotes":""},"from-article-database":[],"class_list":["post-139","page","type-page","status-publish","hentry"],"acf":[],"yoast_head":"<!-- This site is optimized with the Yoast SEO plugin v26.6 - https:\/\/yoast.com\/wordpress\/plugins\/seo\/ -->\n<title>Jesu li tamponi \u0161tetni za moju rodnicu? - Multi-Gyn<\/title>\n<meta name=\"description\" content=\"Mnoge \u017eene koriste tampone tijekom ciklusa. Lako je vidjeti za\u0161to. Diskretni su i pru\u017eaju slobodu u vo\u0111enju aktivnog dnevnog \u017eivota.\" \/>\n<meta name=\"robots\" content=\"index, follow, max-snippet:-1, max-image-preview:large, max-video-preview:-1\" \/>\n<link rel=\"canonical\" href=\"https:\/\/multi-gyn.com\/hr\/zdravlje-rodnice\/infekcije\/jesu-li-tamponi-stetni-za-moju-rodnicu\/\" \/>\n<meta property=\"og:locale\" content=\"hr_HR\" \/>\n<meta property=\"og:type\" content=\"article\" \/>\n<meta property=\"og:title\" content=\"Jesu li tamponi \u0161tetni za moju rodnicu? - Multi-Gyn\" \/>\n<meta property=\"og:description\" content=\"Mnoge \u017eene koriste tampone tijekom ciklusa. Lako je vidjeti za\u0161to. Diskretni su i pru\u017eaju slobodu u vo\u0111enju aktivnog dnevnog \u017eivota.\" \/>\n<meta property=\"og:url\" content=\"https:\/\/multi-gyn.com\/hr\/zdravlje-rodnice\/infekcije\/jesu-li-tamponi-stetni-za-moju-rodnicu\/\" \/>\n<meta property=\"og:site_name\" content=\"Multi-Gyn\" \/>\n<meta property=\"article:modified_time\" content=\"2023-08-04T11:50:14+00:00\" \/>\n<meta name=\"twitter:card\" content=\"summary_large_image\" \/>\n<meta name=\"twitter:label1\" content=\"Est. reading time\" \/>\n\t<meta name=\"twitter:data1\" content=\"3 minutes\" \/>\n<script type=\"application\/ld+json\" class=\"yoast-schema-graph\">{\"@context\":\"https:\/\/schema.org\",\"@graph\":[{\"@type\":\"WebPage\",\"@id\":\"https:\/\/multi-gyn.com\/hr\/zdravlje-rodnice\/infekcije\/jesu-li-tamponi-stetni-za-moju-rodnicu\/\",\"url\":\"https:\/\/multi-gyn.com\/hr\/zdravlje-rodnice\/infekcije\/jesu-li-tamponi-stetni-za-moju-rodnicu\/\",\"name\":\"Jesu li tamponi \u0161tetni za moju rodnicu? - Multi-Gyn\",\"isPartOf\":{\"@id\":\"https:\/\/multi-gyn.com\/hr\/#website\"},\"datePublished\":\"2023-02-17T10:37:00+00:00\",\"dateModified\":\"2023-08-04T11:50:14+00:00\",\"description\":\"Mnoge \u017eene koriste tampone tijekom ciklusa. Lako je vidjeti za\u0161to. Diskretni su i pru\u017eaju slobodu u vo\u0111enju aktivnog dnevnog \u017eivota.\",\"breadcrumb\":{\"@id\":\"https:\/\/multi-gyn.com\/hr\/zdravlje-rodnice\/infekcije\/jesu-li-tamponi-stetni-za-moju-rodnicu\/#breadcrumb\"},\"inLanguage\":\"hr-HR\",\"potentialAction\":[{\"@type\":\"ReadAction\",\"target\":[\"https:\/\/multi-gyn.com\/hr\/zdravlje-rodnice\/infekcije\/jesu-li-tamponi-stetni-za-moju-rodnicu\/\"]}]},{\"@type\":\"BreadcrumbList\",\"@id\":\"https:\/\/multi-gyn.com\/hr\/zdravlje-rodnice\/infekcije\/jesu-li-tamponi-stetni-za-moju-rodnicu\/#breadcrumb\",\"itemListElement\":[{\"@type\":\"ListItem\",\"position\":1,\"name\":\"Home\",\"item\":\"https:\/\/multi-gyn.com\/hr\/\"},{\"@type\":\"ListItem\",\"position\":2,\"name\":\"Zdravlje rodnice\",\"item\":\"https:\/\/multi-gyn.com\/hr\/zdravlje-rodnice\/\"},{\"@type\":\"ListItem\",\"position\":3,\"name\":\"Infekcije\",\"item\":\"https:\/\/multi-gyn.com\/hr\/zdravlje-rodnice\/infekcije\/\"},{\"@type\":\"ListItem\",\"position\":4,\"name\":\"Jesu li tamponi \u0161tetni za moju rodnicu?\"}]},{\"@type\":\"WebSite\",\"@id\":\"https:\/\/multi-gyn.com\/hr\/#website\",\"url\":\"https:\/\/multi-gyn.com\/hr\/\",\"name\":\"Multi-Gyn\",\"description\":\"\",\"publisher\":{\"@id\":\"https:\/\/multi-gyn.com\/hr\/#organization\"},\"potentialAction\":[{\"@type\":\"SearchAction\",\"target\":{\"@type\":\"EntryPoint\",\"urlTemplate\":\"https:\/\/multi-gyn.com\/hr\/?s={search_term_string}\"},\"query-input\":{\"@type\":\"PropertyValueSpecification\",\"valueRequired\":true,\"valueName\":\"search_term_string\"}}],\"inLanguage\":\"hr-HR\"},{\"@type\":\"Organization\",\"@id\":\"https:\/\/multi-gyn.com\/hr\/#organization\",\"name\":\"Multi-Gyn\",\"url\":\"https:\/\/multi-gyn.com\/hr\/\",\"logo\":{\"@type\":\"ImageObject\",\"inLanguage\":\"hr-HR\",\"@id\":\"https:\/\/multi-gyn.com\/hr\/#\/schema\/logo\/image\/\",\"url\":\"https:\/\/multi-gyn.com\/app\/uploads\/sites\/43\/2023\/02\/multi-gyn-logo.png\",\"contentUrl\":\"https:\/\/multi-gyn.com\/app\/uploads\/sites\/43\/2023\/02\/multi-gyn-logo.png\",\"width\":149,\"height\":32,\"caption\":\"Multi-Gyn\"},\"image\":{\"@id\":\"https:\/\/multi-gyn.com\/hr\/#\/schema\/logo\/image\/\"}}]}<\/script>\n<!-- \/ Yoast SEO plugin. -->","yoast_head_json":{"title":"Jesu li tamponi \u0161tetni za moju rodnicu? - Multi-Gyn","description":"Mnoge \u017eene koriste tampone tijekom ciklusa. Lako je vidjeti za\u0161to. Diskretni su i pru\u017eaju slobodu u vo\u0111enju aktivnog dnevnog \u017eivota.","robots":{"index":"index","follow":"follow","max-snippet":"max-snippet:-1","max-image-preview":"max-image-preview:large","max-video-preview":"max-video-preview:-1"},"canonical":"https:\/\/multi-gyn.com\/hr\/zdravlje-rodnice\/infekcije\/jesu-li-tamponi-stetni-za-moju-rodnicu\/","og_locale":"hr_HR","og_type":"article","og_title":"Jesu li tamponi \u0161tetni za moju rodnicu? - Multi-Gyn","og_description":"Mnoge \u017eene koriste tampone tijekom ciklusa. Lako je vidjeti za\u0161to. Diskretni su i pru\u017eaju slobodu u vo\u0111enju aktivnog dnevnog \u017eivota.","og_url":"https:\/\/multi-gyn.com\/hr\/zdravlje-rodnice\/infekcije\/jesu-li-tamponi-stetni-za-moju-rodnicu\/","og_site_name":"Multi-Gyn","article_modified_time":"2023-08-04T11:50:14+00:00","twitter_card":"summary_large_image","twitter_misc":{"Est. reading time":"3 minutes"},"schema":{"@context":"https:\/\/schema.org","@graph":[{"@type":"WebPage","@id":"https:\/\/multi-gyn.com\/hr\/zdravlje-rodnice\/infekcije\/jesu-li-tamponi-stetni-za-moju-rodnicu\/","url":"https:\/\/multi-gyn.com\/hr\/zdravlje-rodnice\/infekcije\/jesu-li-tamponi-stetni-za-moju-rodnicu\/","name":"Jesu li tamponi \u0161tetni za moju rodnicu? - Multi-Gyn","isPartOf":{"@id":"https:\/\/multi-gyn.com\/hr\/#website"},"datePublished":"2023-02-17T10:37:00+00:00","dateModified":"2023-08-04T11:50:14+00:00","description":"Mnoge \u017eene koriste tampone tijekom ciklusa. Lako je vidjeti za\u0161to. Diskretni su i pru\u017eaju slobodu u vo\u0111enju aktivnog dnevnog \u017eivota.","breadcrumb":{"@id":"https:\/\/multi-gyn.com\/hr\/zdravlje-rodnice\/infekcije\/jesu-li-tamponi-stetni-za-moju-rodnicu\/#breadcrumb"},"inLanguage":"hr-HR","potentialAction":[{"@type":"ReadAction","target":["https:\/\/multi-gyn.com\/hr\/zdravlje-rodnice\/infekcije\/jesu-li-tamponi-stetni-za-moju-rodnicu\/"]}]},{"@type":"BreadcrumbList","@id":"https:\/\/multi-gyn.com\/hr\/zdravlje-rodnice\/infekcije\/jesu-li-tamponi-stetni-za-moju-rodnicu\/#breadcrumb","itemListElement":[{"@type":"ListItem","position":1,"name":"Home","item":"https:\/\/multi-gyn.com\/hr\/"},{"@type":"ListItem","position":2,"name":"Zdravlje rodnice","item":"https:\/\/multi-gyn.com\/hr\/zdravlje-rodnice\/"},{"@type":"ListItem","position":3,"name":"Infekcije","item":"https:\/\/multi-gyn.com\/hr\/zdravlje-rodnice\/infekcije\/"},{"@type":"ListItem","position":4,"name":"Jesu li tamponi \u0161tetni za moju rodnicu?"}]},{"@type":"WebSite","@id":"https:\/\/multi-gyn.com\/hr\/#website","url":"https:\/\/multi-gyn.com\/hr\/","name":"Multi-Gyn","description":"","publisher":{"@id":"https:\/\/multi-gyn.com\/hr\/#organization"},"potentialAction":[{"@type":"SearchAction","target":{"@type":"EntryPoint","urlTemplate":"https:\/\/multi-gyn.com\/hr\/?s={search_term_string}"},"query-input":{"@type":"PropertyValueSpecification","valueRequired":true,"valueName":"search_term_string"}}],"inLanguage":"hr-HR"},{"@type":"Organization","@id":"https:\/\/multi-gyn.com\/hr\/#organization","name":"Multi-Gyn","url":"https:\/\/multi-gyn.com\/hr\/","logo":{"@type":"ImageObject","inLanguage":"hr-HR","@id":"https:\/\/multi-gyn.com\/hr\/#\/schema\/logo\/image\/","url":"https:\/\/multi-gyn.com\/app\/uploads\/sites\/43\/2023\/02\/multi-gyn-logo.png","contentUrl":"https:\/\/multi-gyn.com\/app\/uploads\/sites\/43\/2023\/02\/multi-gyn-logo.png","width":149,"height":32,"caption":"Multi-Gyn"},"image":{"@id":"https:\/\/multi-gyn.com\/hr\/#\/schema\/logo\/image\/"}}]}},"_links":{"self":[{"href":"https:\/\/multi-gyn.com\/hr\/wp-json\/wp\/v2\/pages\/139","targetHints":{"allow":["GET"]}}],"collection":[{"href":"https:\/\/multi-gyn.com\/hr\/wp-json\/wp\/v2\/pages"}],"about":[{"href":"https:\/\/multi-gyn.com\/hr\/wp-json\/wp\/v2\/types\/page"}],"author":[{"embeddable":true,"href":"https:\/\/multi-gyn.com\/hr\/wp-json\/wp\/v2\/users\/2"}],"replies":[{"embeddable":true,"href":"https:\/\/multi-gyn.com\/hr\/wp-json\/wp\/v2\/comments?post=139"}],"version-history":[{"count":2,"href":"https:\/\/multi-gyn.com\/hr\/wp-json\/wp\/v2\/pages\/139\/revisions"}],"predecessor-version":[{"id":362,"href":"https:\/\/multi-gyn.com\/hr\/wp-json\/wp\/v2\/pages\/139\/revisions\/362"}],"up":[{"embeddable":true,"href":"https:\/\/multi-gyn.com\/hr\/wp-json\/wp\/v2\/pages\/115"}],"wp:attachment":[{"href":"https:\/\/multi-gyn.com\/hr\/wp-json\/wp\/v2\/media?parent=139"}],"wp:term":[{"taxonomy":"from-article-database","embeddable":true,"href":"https:\/\/multi-gyn.com\/hr\/wp-json\/wp\/v2\/from-article-database?post=139"}],"curies":[{"name":"wp","href":"https:\/\/api.w.org\/{rel}","templated":true}]}}