{"id":141,"date":"2023-02-17T11:37:13","date_gmt":"2023-02-17T10:37:13","guid":{"rendered":"https:\/\/multi-gyn.com\/hr\/?page_id=141"},"modified":"2023-08-04T13:50:12","modified_gmt":"2023-08-04T11:50:12","slug":"koje-je-boje-vas-iscjedak","status":"publish","type":"page","link":"https:\/\/multi-gyn.com\/hr\/zdravlje-rodnice\/infekcije\/koje-je-boje-vas-iscjedak\/","title":{"rendered":"Koje je boje Va\u0161 iscjedak?"},"content":{"rendered":"\n<div class=\"wp-block-karopharma-free-text pt-large pb-large bg-center bg-cover bg-no-repeat  is-style-primary\" style=\"background-image:url()\"><div class=\"free-text-wrapper container max-w-medium text-left\">\n<h1 class=\"wp-block-heading\">Koje je boje Va\u0161 iscjedak?<\/h1>\n\n\n\n<p class=\"is-style-paragraph-preamble\">Iscjedak je va\u017ean faktor u cjelokupnom zdravlju rodnice. \u017dlijezde unutar rodnicei grli\u0107a proizvode teku\u0107inu koja igra nekoliko uloga u \u017eenskom reproduktivnom sustavu: ispire mrtve stanice i mikroorganizme, poma\u017ee u sprje\u010davanje infekcija i borbu protiv njih te podmazuje rodnicu.<\/p>\n<\/div><\/div>\n\n\n\n<div class=\"wp-block-karopharma-free-text pt-large pb-large bg-center bg-cover bg-no-repeat\" style=\"background-image:url()\"><div class=\"free-text-wrapper container max-w-medium text-left\">\n<p>Koli\u010dina, konzistencija, miris i boja iscjetka vrlo su individualni i mogu varirati u menstrualnom ciklusu, tijekom dojenja, trudno\u0107e i kad ste seksualno uzbu\u0111eni. Ako dobro poznate svoje tijelo, bit \u0107ete u staju prepoznati \u0161to su normalne i prihvatljive karakteristike iscjetka, zbog kojih nema razloga za paniku. Primjerice, mo\u017eda \u0107ete primijetiti blagu promjenu mirisa ako ste trudni ili pove\u0107anu koli\u010dinu iscjetka tijekom ovulacije. S druge strane, svaka neobi\u010dna promjena boje, konzistencije, koli\u010dine ili mirisa mo\u017ee upu\u0107ivati na to da se razvija infekcija &#8211; osobito ako su prisutni i drugi simptomi, kao \u0161to su svrbe\u017e, peckanje ili bol.<\/p>\n\n\n\n<h2 class=\"is-style-heading-h2 wp-block-heading\">Razumijevanje sekreta<\/h2>\n\n\n\n<p>Promjene izgleda sekreta mogu upozoravati na to kako je vrijeme da potra\u017eite savjet ginekologa. Prou\u010dite tablicu kako biste mogli prepoznati najkarakteristi\u010dnije promjene i njihove uzroke.<\/p>\n\n\n\n<figure class=\"wp-block-table is-style-primary-stripes\"><table><thead><tr><th>Boja iscjetka<\/th><th>Konzistencija<\/th><th>Prate\u0107i simptomi<\/th><th>Mogu\u0107i uzroci<\/th><\/tr><\/thead><tbody><tr><td>\u010cist, bijel ili bjeli\u010dast, blijedo \u017eut<\/td><td>Rijedak ili gust, ljepljiv, elasti\u010dan<\/td><td>Nema drugih simptoma<\/td><td>Normalan iscjedak<\/td><\/tr><tr><td>Bijel<\/td><td>Gust i sirast (kao sir)<\/td><td>Oteklina vulve, bol \u2013 osobito tijekom seksualnog odnosa, svrbe\u017e, peckanje, bijeli ostaci koji se ne mogu skinuti<\/td><td>Gljivi\u010dna infekcija<\/td><\/tr><tr><td>Bijel, siv ili \u017eut<\/td><td>Gust ili rijedak<\/td><td>Miris poput ribe, svrbe\u017e, peckanje, oteklina vulve, crvenilo i iritacija<\/td><td>Bakterijska vaginoza<\/td><\/tr><tr><td>\u017dut ili zamu\u0107en<\/td><td>Mo\u017ee biti razli\u010dite konzistencije<\/td><td>Bol u zdjelici, vaginalno krvarenje izme\u0111u menstruacija, urinarna inkontinencija<\/td><td>Gonoreja<\/td><\/tr><tr><td>\u017dut ili zelenkast<\/td><td>Pjenast kao \u0161ampanjac<\/td><td>Jak miris, svrbe\u017e, bol prilikom mokrenja<\/td><td>Trihomonijaza<\/td><\/tr><tr><td>Sme\u0111 s tragovima krvi<\/td><td>Mo\u017ee biti razli\u010dite konzistencije<\/td><td>Bol u zdjelici, vaginalno krvarenje ili to\u010dkasto krvarenje izme\u0111u menstruacija<\/td><td>Neredovite menstruacije. Sme\u0107kasto pra\u017enjenje mo\u017ee se pojaviti na po\u010detku svakoga menstrualnog ciklusa ili na samom kraju<\/td><\/tr><tr><td>Ru\u017ei\u010dast<\/td><td>Mo\u017ee biti razli\u010dite konzistencije<\/td><td>Nema drugih simptoma<\/td><td>Ako ste nedavno rodili, ovo je najverojatnije iscjedak iz materice \u2013 normalna pojava nakon poroda<\/td><\/tr><\/tbody><\/table><\/figure>\n\n\n\n<p>Ako primijetite bilo koji od navedenih simptoma, ili neke druge neobi\u010dne simptome, posavjetujte se sa svojim ginekologom u \u0161to je mogu\u0107e kra\u0107em roku.<\/p>\n\n\n\n<p class=\"is-style-paragraph-preamble\"><em><mark style=\"background-color:rgba(0, 0, 0, 0)\" class=\"has-inline-color has-primary-color\">&#8220;Koli\u010dina, konzistencija, miris i boja iscjetka vrlo su individualni i mogu varirati u menstrualnom ciklusu, tijekom trudno\u0107e ili kad ste seksualno uzbu\u0111eni.&#8221;<\/mark><\/em><\/p>\n<\/div><\/div>\n","protected":false},"excerpt":{"rendered":"","protected":false},"author":2,"featured_media":0,"parent":115,"menu_order":2,"comment_status":"closed","ping_status":"closed","template":"","meta":{"_acf_changed":false,"footnotes":""},"from-article-database":[],"class_list":["post-141","page","type-page","status-publish","hentry"],"acf":[],"yoast_head":"<!-- This site is optimized with the Yoast SEO plugin v26.6 - https:\/\/yoast.com\/wordpress\/plugins\/seo\/ -->\n<title>Koje je boje Va\u0161 iscjedak? - Multi-Gyn<\/title>\n<meta name=\"description\" content=\"Iscjedak je va\u017ean faktor u cjelokupnom zdravlju rodnice. \u017dlijezde unutar rodnicei grli\u0107a proizvode teku\u0107inu koja igra nekoliko uloga u \u017eenskom reproduktivnom sustavu: ispire mrtve stanice i mikroorganizme, poma\u017ee u sprje\u010davanje infekcija i borbu protiv njih te podmazuje rodnicu.\" \/>\n<meta name=\"robots\" content=\"index, follow, max-snippet:-1, max-image-preview:large, max-video-preview:-1\" \/>\n<link rel=\"canonical\" href=\"https:\/\/multi-gyn.com\/hr\/zdravlje-rodnice\/infekcije\/koje-je-boje-vas-iscjedak\/\" \/>\n<meta property=\"og:locale\" content=\"hr_HR\" \/>\n<meta property=\"og:type\" content=\"article\" \/>\n<meta property=\"og:title\" content=\"Koje je boje Va\u0161 iscjedak? - Multi-Gyn\" \/>\n<meta property=\"og:description\" content=\"Iscjedak je va\u017ean faktor u cjelokupnom zdravlju rodnice. \u017dlijezde unutar rodnicei grli\u0107a proizvode teku\u0107inu koja igra nekoliko uloga u \u017eenskom reproduktivnom sustavu: ispire mrtve stanice i mikroorganizme, poma\u017ee u sprje\u010davanje infekcija i borbu protiv njih te podmazuje rodnicu.\" \/>\n<meta property=\"og:url\" content=\"https:\/\/multi-gyn.com\/hr\/zdravlje-rodnice\/infekcije\/koje-je-boje-vas-iscjedak\/\" \/>\n<meta property=\"og:site_name\" content=\"Multi-Gyn\" \/>\n<meta property=\"article:modified_time\" content=\"2023-08-04T11:50:12+00:00\" \/>\n<meta name=\"twitter:card\" content=\"summary_large_image\" \/>\n<meta name=\"twitter:label1\" content=\"Est. reading time\" \/>\n\t<meta name=\"twitter:data1\" content=\"2 minutes\" \/>\n<script type=\"application\/ld+json\" class=\"yoast-schema-graph\">{\"@context\":\"https:\/\/schema.org\",\"@graph\":[{\"@type\":\"WebPage\",\"@id\":\"https:\/\/multi-gyn.com\/hr\/zdravlje-rodnice\/infekcije\/koje-je-boje-vas-iscjedak\/\",\"url\":\"https:\/\/multi-gyn.com\/hr\/zdravlje-rodnice\/infekcije\/koje-je-boje-vas-iscjedak\/\",\"name\":\"Koje je boje Va\u0161 iscjedak? - Multi-Gyn\",\"isPartOf\":{\"@id\":\"https:\/\/multi-gyn.com\/hr\/#website\"},\"datePublished\":\"2023-02-17T10:37:13+00:00\",\"dateModified\":\"2023-08-04T11:50:12+00:00\",\"description\":\"Iscjedak je va\u017ean faktor u cjelokupnom zdravlju rodnice. \u017dlijezde unutar rodnicei grli\u0107a proizvode teku\u0107inu koja igra nekoliko uloga u \u017eenskom reproduktivnom sustavu: ispire mrtve stanice i mikroorganizme, poma\u017ee u sprje\u010davanje infekcija i borbu protiv njih te podmazuje rodnicu.\",\"breadcrumb\":{\"@id\":\"https:\/\/multi-gyn.com\/hr\/zdravlje-rodnice\/infekcije\/koje-je-boje-vas-iscjedak\/#breadcrumb\"},\"inLanguage\":\"hr-HR\",\"potentialAction\":[{\"@type\":\"ReadAction\",\"target\":[\"https:\/\/multi-gyn.com\/hr\/zdravlje-rodnice\/infekcije\/koje-je-boje-vas-iscjedak\/\"]}]},{\"@type\":\"BreadcrumbList\",\"@id\":\"https:\/\/multi-gyn.com\/hr\/zdravlje-rodnice\/infekcije\/koje-je-boje-vas-iscjedak\/#breadcrumb\",\"itemListElement\":[{\"@type\":\"ListItem\",\"position\":1,\"name\":\"Home\",\"item\":\"https:\/\/multi-gyn.com\/hr\/\"},{\"@type\":\"ListItem\",\"position\":2,\"name\":\"Zdravlje rodnice\",\"item\":\"https:\/\/multi-gyn.com\/hr\/zdravlje-rodnice\/\"},{\"@type\":\"ListItem\",\"position\":3,\"name\":\"Infekcije\",\"item\":\"https:\/\/multi-gyn.com\/hr\/zdravlje-rodnice\/infekcije\/\"},{\"@type\":\"ListItem\",\"position\":4,\"name\":\"Koje je boje Va\u0161 iscjedak?\"}]},{\"@type\":\"WebSite\",\"@id\":\"https:\/\/multi-gyn.com\/hr\/#website\",\"url\":\"https:\/\/multi-gyn.com\/hr\/\",\"name\":\"Multi-Gyn\",\"description\":\"\",\"publisher\":{\"@id\":\"https:\/\/multi-gyn.com\/hr\/#organization\"},\"potentialAction\":[{\"@type\":\"SearchAction\",\"target\":{\"@type\":\"EntryPoint\",\"urlTemplate\":\"https:\/\/multi-gyn.com\/hr\/?s={search_term_string}\"},\"query-input\":{\"@type\":\"PropertyValueSpecification\",\"valueRequired\":true,\"valueName\":\"search_term_string\"}}],\"inLanguage\":\"hr-HR\"},{\"@type\":\"Organization\",\"@id\":\"https:\/\/multi-gyn.com\/hr\/#organization\",\"name\":\"Multi-Gyn\",\"url\":\"https:\/\/multi-gyn.com\/hr\/\",\"logo\":{\"@type\":\"ImageObject\",\"inLanguage\":\"hr-HR\",\"@id\":\"https:\/\/multi-gyn.com\/hr\/#\/schema\/logo\/image\/\",\"url\":\"https:\/\/multi-gyn.com\/app\/uploads\/sites\/43\/2023\/02\/multi-gyn-logo.png\",\"contentUrl\":\"https:\/\/multi-gyn.com\/app\/uploads\/sites\/43\/2023\/02\/multi-gyn-logo.png\",\"width\":149,\"height\":32,\"caption\":\"Multi-Gyn\"},\"image\":{\"@id\":\"https:\/\/multi-gyn.com\/hr\/#\/schema\/logo\/image\/\"}}]}<\/script>\n<!-- \/ Yoast SEO plugin. -->","yoast_head_json":{"title":"Koje je boje Va\u0161 iscjedak? - Multi-Gyn","description":"Iscjedak je va\u017ean faktor u cjelokupnom zdravlju rodnice. \u017dlijezde unutar rodnicei grli\u0107a proizvode teku\u0107inu koja igra nekoliko uloga u \u017eenskom reproduktivnom sustavu: ispire mrtve stanice i mikroorganizme, poma\u017ee u sprje\u010davanje infekcija i borbu protiv njih te podmazuje rodnicu.","robots":{"index":"index","follow":"follow","max-snippet":"max-snippet:-1","max-image-preview":"max-image-preview:large","max-video-preview":"max-video-preview:-1"},"canonical":"https:\/\/multi-gyn.com\/hr\/zdravlje-rodnice\/infekcije\/koje-je-boje-vas-iscjedak\/","og_locale":"hr_HR","og_type":"article","og_title":"Koje je boje Va\u0161 iscjedak? - Multi-Gyn","og_description":"Iscjedak je va\u017ean faktor u cjelokupnom zdravlju rodnice. \u017dlijezde unutar rodnicei grli\u0107a proizvode teku\u0107inu koja igra nekoliko uloga u \u017eenskom reproduktivnom sustavu: ispire mrtve stanice i mikroorganizme, poma\u017ee u sprje\u010davanje infekcija i borbu protiv njih te podmazuje rodnicu.","og_url":"https:\/\/multi-gyn.com\/hr\/zdravlje-rodnice\/infekcije\/koje-je-boje-vas-iscjedak\/","og_site_name":"Multi-Gyn","article_modified_time":"2023-08-04T11:50:12+00:00","twitter_card":"summary_large_image","twitter_misc":{"Est. reading time":"2 minutes"},"schema":{"@context":"https:\/\/schema.org","@graph":[{"@type":"WebPage","@id":"https:\/\/multi-gyn.com\/hr\/zdravlje-rodnice\/infekcije\/koje-je-boje-vas-iscjedak\/","url":"https:\/\/multi-gyn.com\/hr\/zdravlje-rodnice\/infekcije\/koje-je-boje-vas-iscjedak\/","name":"Koje je boje Va\u0161 iscjedak? - Multi-Gyn","isPartOf":{"@id":"https:\/\/multi-gyn.com\/hr\/#website"},"datePublished":"2023-02-17T10:37:13+00:00","dateModified":"2023-08-04T11:50:12+00:00","description":"Iscjedak je va\u017ean faktor u cjelokupnom zdravlju rodnice. \u017dlijezde unutar rodnicei grli\u0107a proizvode teku\u0107inu koja igra nekoliko uloga u \u017eenskom reproduktivnom sustavu: ispire mrtve stanice i mikroorganizme, poma\u017ee u sprje\u010davanje infekcija i borbu protiv njih te podmazuje rodnicu.","breadcrumb":{"@id":"https:\/\/multi-gyn.com\/hr\/zdravlje-rodnice\/infekcije\/koje-je-boje-vas-iscjedak\/#breadcrumb"},"inLanguage":"hr-HR","potentialAction":[{"@type":"ReadAction","target":["https:\/\/multi-gyn.com\/hr\/zdravlje-rodnice\/infekcije\/koje-je-boje-vas-iscjedak\/"]}]},{"@type":"BreadcrumbList","@id":"https:\/\/multi-gyn.com\/hr\/zdravlje-rodnice\/infekcije\/koje-je-boje-vas-iscjedak\/#breadcrumb","itemListElement":[{"@type":"ListItem","position":1,"name":"Home","item":"https:\/\/multi-gyn.com\/hr\/"},{"@type":"ListItem","position":2,"name":"Zdravlje rodnice","item":"https:\/\/multi-gyn.com\/hr\/zdravlje-rodnice\/"},{"@type":"ListItem","position":3,"name":"Infekcije","item":"https:\/\/multi-gyn.com\/hr\/zdravlje-rodnice\/infekcije\/"},{"@type":"ListItem","position":4,"name":"Koje je boje Va\u0161 iscjedak?"}]},{"@type":"WebSite","@id":"https:\/\/multi-gyn.com\/hr\/#website","url":"https:\/\/multi-gyn.com\/hr\/","name":"Multi-Gyn","description":"","publisher":{"@id":"https:\/\/multi-gyn.com\/hr\/#organization"},"potentialAction":[{"@type":"SearchAction","target":{"@type":"EntryPoint","urlTemplate":"https:\/\/multi-gyn.com\/hr\/?s={search_term_string}"},"query-input":{"@type":"PropertyValueSpecification","valueRequired":true,"valueName":"search_term_string"}}],"inLanguage":"hr-HR"},{"@type":"Organization","@id":"https:\/\/multi-gyn.com\/hr\/#organization","name":"Multi-Gyn","url":"https:\/\/multi-gyn.com\/hr\/","logo":{"@type":"ImageObject","inLanguage":"hr-HR","@id":"https:\/\/multi-gyn.com\/hr\/#\/schema\/logo\/image\/","url":"https:\/\/multi-gyn.com\/app\/uploads\/sites\/43\/2023\/02\/multi-gyn-logo.png","contentUrl":"https:\/\/multi-gyn.com\/app\/uploads\/sites\/43\/2023\/02\/multi-gyn-logo.png","width":149,"height":32,"caption":"Multi-Gyn"},"image":{"@id":"https:\/\/multi-gyn.com\/hr\/#\/schema\/logo\/image\/"}}]}},"_links":{"self":[{"href":"https:\/\/multi-gyn.com\/hr\/wp-json\/wp\/v2\/pages\/141","targetHints":{"allow":["GET"]}}],"collection":[{"href":"https:\/\/multi-gyn.com\/hr\/wp-json\/wp\/v2\/pages"}],"about":[{"href":"https:\/\/multi-gyn.com\/hr\/wp-json\/wp\/v2\/types\/page"}],"author":[{"embeddable":true,"href":"https:\/\/multi-gyn.com\/hr\/wp-json\/wp\/v2\/users\/2"}],"replies":[{"embeddable":true,"href":"https:\/\/multi-gyn.com\/hr\/wp-json\/wp\/v2\/comments?post=141"}],"version-history":[{"count":3,"href":"https:\/\/multi-gyn.com\/hr\/wp-json\/wp\/v2\/pages\/141\/revisions"}],"predecessor-version":[{"id":366,"href":"https:\/\/multi-gyn.com\/hr\/wp-json\/wp\/v2\/pages\/141\/revisions\/366"}],"up":[{"embeddable":true,"href":"https:\/\/multi-gyn.com\/hr\/wp-json\/wp\/v2\/pages\/115"}],"wp:attachment":[{"href":"https:\/\/multi-gyn.com\/hr\/wp-json\/wp\/v2\/media?parent=141"}],"wp:term":[{"taxonomy":"from-article-database","embeddable":true,"href":"https:\/\/multi-gyn.com\/hr\/wp-json\/wp\/v2\/from-article-database?post=141"}],"curies":[{"name":"wp","href":"https:\/\/api.w.org\/{rel}","templated":true}]}}