{"id":143,"date":"2023-02-17T11:37:26","date_gmt":"2023-02-17T10:37:26","guid":{"rendered":"https:\/\/multi-gyn.com\/hr\/?page_id=143"},"modified":"2023-08-04T13:50:10","modified_gmt":"2023-08-04T11:50:10","slug":"razlika-izmedu-bakterijske-vaginoze-i-gljivicne-infekcije","status":"publish","type":"page","link":"https:\/\/multi-gyn.com\/hr\/zdravlje-rodnice\/infekcije\/razlika-izmedu-bakterijske-vaginoze-i-gljivicne-infekcije\/","title":{"rendered":"Razlika izme\u0111u bakterijske vaginoze i gljivi\u010dne infekcije"},"content":{"rendered":"\n<div class=\"wp-block-karopharma-free-text pt-large pb-large bg-center bg-cover bg-no-repeat  is-style-primary\" style=\"background-image:url()\"><div class=\"free-text-wrapper container max-w-medium text-left\">\n<h1 class=\"wp-block-heading\">Razlika izme\u0111u bakterijske vaginoze i gljivi\u010dne infekcije<\/h1>\n\n\n\n<p class=\"is-style-paragraph-preamble\">Bakterijska vaginoza i gljivi\u010dna infekcija dvije su naj\u010de\u0161\u0107e tegobe rodnice. Ve\u0107 godinama kandida se bolje razumije i tretira negoli bakterijska vaginoza, \u0161to je dovelo do zablude da su izmijenjen iscjedak, svrbe\u017e i bol u intimnom podru\u010dju uzrokovani kandidom.<\/p>\n<\/div><\/div>\n\n\n\n<div class=\"wp-block-karopharma-free-text pt-large pb-large bg-center bg-cover bg-no-repeat\" style=\"background-image:url()\"><div class=\"free-text-wrapper container max-w-medium text-left\">\n<p>Danas je poznato da je pojavnost bakterijske vaginoze podjednaka pojavnosti gljivi\u010dne infekcije, a javlja se kod tre\u0107ine \u017eena i lije\u010di na potpuno druk\u010diji na\u010din od gljivi\u010dne infekcije. Da bi dobila odgovaraju\u0107e lije\u010denje, \u017eena mora znati na koji od ova dva problema se treba po\u017ealiti.<\/p>\n\n\n\n<h2 class=\"is-style-heading-h2 wp-block-heading\">Bakterijska vaginoza vs. Gljivi\u010dna infekcija<\/h2>\n\n\n\n<figure class=\"wp-block-image size-full\"><img loading=\"lazy\" decoding=\"async\" width=\"704\" height=\"692\" src=\"https:\/\/multi-gyn.com\/app\/uploads\/sites\/43\/2023\/02\/Infographic-Bacterial-Vaginosis-versus-Yeast.png\" alt=\"Infographic-Bacterial-Vaginosis-versus-Yeast\" class=\"wp-image-368\" srcset=\"https:\/\/multi-gyn.com\/app\/uploads\/sites\/43\/2023\/02\/Infographic-Bacterial-Vaginosis-versus-Yeast.png 704w, https:\/\/multi-gyn.com\/app\/uploads\/sites\/43\/2023\/02\/Infographic-Bacterial-Vaginosis-versus-Yeast-320x315.png 320w, https:\/\/multi-gyn.com\/app\/uploads\/sites\/43\/2023\/02\/Infographic-Bacterial-Vaginosis-versus-Yeast-600x590.png 600w\" sizes=\"auto, (max-width: 704px) 100vw, 704px\" \/><\/figure>\n\n\n\n<h2 class=\"is-style-heading-h2 wp-block-heading\">Razli\u010diti simptomi<\/h2>\n\n\n\n<p>I bakterijska vaginoza i gljivi\u010dna infekcija odlikuju se izmijenjenim sekretom, ali je izgled iscjetka poprili\u010dno razli\u010dit. Dok bakterijska vaginoza uglavnom izaziva rijedak, vodenast iscjedak, bijele ili \u017eute boje, s posebnim mirisom po ribi, kandida se prepoznaje po gustom, bijelom sekretu koji podsje\u0107a na sir, s blagim mirisom.<\/p>\n\n\n\n<p>\u017dene koje imaju kandidijazu uglavnom pate od intenzivna svrbe\u017ea i iritacije, a rje\u0111e se javlja bol tijekom seksualnog odnosa i mokrenja. Ko\u017ea vulve je ru\u017ei\u010dasta ili crvena, katkad s bijelim to\u010dkama koje se ne mogu otkloniti. Dok se iritacija i bol obi\u010dno \u010de\u0161\u0107e pojavljuju kod bakterijske vaginoze, svrbe\u017e se rje\u0111e vi\u0111a. pH vaginalne sredine tako\u0111er se razlikuje kod bakterijske vaginoze i gljivi\u010dne infekcije. Dok je normalan pH rodnice kiseo, u slu\u010daju bakterijske vaginoze postaje lu\u017enat, iako gljivica nema utjecaja na kiselost u rodnici. Ta razlika temelj je za istra\u017eivanja infekcija rodnice.<\/p>\n\n\n\n<h2 class=\"is-style-heading-h2 wp-block-heading\">Samodijagnoza<\/h2>\n\n\n\n<p>Nijedna od ove dvije tegobe ne smatra se infekcijom nego poreme\u0107ajem bakterijske flore. Me\u0111utim, razlike izme\u0111u bakterijske vaginoze i gljivi\u010dne infekcije nisu uvijek o\u010digledne i katkad se \u010dak mogu pomije\u0161ati sa simptomima drugih, ozbiljnijih problema, tako da je uvijek dobra ideja porazgovarati s lije\u010dnikom ili ginekologom.<\/p>\n\n\n\n<p class=\"is-style-paragraph-preamble\"><em><mark style=\"background-color:rgba(0, 0, 0, 0)\" class=\"has-inline-color has-primary-color\">&#8220;I bakterijsku vaginozu (BV) i gljivi\u010dne infekcije karakterizira izmijenjen sekret, ali je izgled iscjetka bitno druk\u010diji.&#8221;<\/mark><\/em><\/p>\n\n\n\n<h2 class=\"is-style-heading-h2 wp-block-heading\">Razli\u010dite terapije<\/h2>\n\n\n\n<p>Bakterijska vaginoza mo\u017ee se tretirati antibioticima, kao \u0161to je metronidazol, ili prirodnim proizvodima i prebioticima koji obnavljaju ravnote\u017eu flore rodnice. Bakterijska vaginoza lije\u010dena antibioticima ima puno ve\u0107i utjecaj na korisnu mikrofloru i na dobre bakterije (laktobacile), a antibiotici mogu imati i dosadne, ne\u017eeljene u\u010dinke. Kao rezultat toga, visoka je stopa recidiva ako se bakterijska vaginoza lije\u010di antibioticima.<\/p>\n\n\n\n<p>Prirodni proizvodi vi\u0161e su usmjereni na obnavljanje dobre flore rodnice, za razliku od onih koji uni\u0161tavaju i patogene (\u0161tetne) i dobre bakterije. U skladu s time, kandidu se mo\u017ee tretirati antimikoticima ili prirodnim proizvodom koji vra\u0107a ravnote\u017eu i stimulira prirodnu floru laktobacila u rodnici. U slu\u010daju da se odlu\u010dite za prirodne intimne proizvode, ako simptomi potraju, svakako se posavjetujte s lije\u010dnikom.<\/p>\n<\/div><\/div>\n","protected":false},"excerpt":{"rendered":"","protected":false},"author":2,"featured_media":0,"parent":115,"menu_order":3,"comment_status":"closed","ping_status":"closed","template":"","meta":{"_acf_changed":false,"footnotes":""},"from-article-database":[],"class_list":["post-143","page","type-page","status-publish","hentry"],"acf":[],"yoast_head":"<!-- This site is optimized with the Yoast SEO plugin v26.6 - https:\/\/yoast.com\/wordpress\/plugins\/seo\/ -->\n<title>Razlika izme\u0111u bakterijske vaginoze i gljivi\u010dne infekcije - Multi-Gyn<\/title>\n<meta name=\"description\" content=\"Bakterijska vaginoza i gljivi\u010dna infekcija dvije su naj\u010de\u0161\u0107e tegobe rodnice. Ve\u0107 godinama kandida se bolje razumije i tretira negoli bakterijska vaginoza, \u0161to je dovelo do zablude da su izmijenjen iscjedak, svrbe\u017e i bol u intimnom podru\u010dju uzrokovani kandidom.\" \/>\n<meta name=\"robots\" content=\"index, follow, max-snippet:-1, max-image-preview:large, max-video-preview:-1\" \/>\n<link rel=\"canonical\" href=\"https:\/\/multi-gyn.com\/hr\/zdravlje-rodnice\/infekcije\/razlika-izmedu-bakterijske-vaginoze-i-gljivicne-infekcije\/\" \/>\n<meta property=\"og:locale\" content=\"hr_HR\" \/>\n<meta property=\"og:type\" content=\"article\" \/>\n<meta property=\"og:title\" content=\"Razlika izme\u0111u bakterijske vaginoze i gljivi\u010dne infekcije - Multi-Gyn\" \/>\n<meta property=\"og:description\" content=\"Bakterijska vaginoza i gljivi\u010dna infekcija dvije su naj\u010de\u0161\u0107e tegobe rodnice. Ve\u0107 godinama kandida se bolje razumije i tretira negoli bakterijska vaginoza, \u0161to je dovelo do zablude da su izmijenjen iscjedak, svrbe\u017e i bol u intimnom podru\u010dju uzrokovani kandidom.\" \/>\n<meta property=\"og:url\" content=\"https:\/\/multi-gyn.com\/hr\/zdravlje-rodnice\/infekcije\/razlika-izmedu-bakterijske-vaginoze-i-gljivicne-infekcije\/\" \/>\n<meta property=\"og:site_name\" content=\"Multi-Gyn\" \/>\n<meta property=\"article:modified_time\" content=\"2023-08-04T11:50:10+00:00\" \/>\n<meta property=\"og:image\" content=\"https:\/\/multi-gyn.com\/app\/uploads\/sites\/43\/2023\/02\/Infographic-Bacterial-Vaginosis-versus-Yeast.png\" \/>\n<meta name=\"twitter:card\" content=\"summary_large_image\" \/>\n<meta name=\"twitter:label1\" content=\"Est. reading time\" \/>\n\t<meta name=\"twitter:data1\" content=\"3 minutes\" \/>\n<script type=\"application\/ld+json\" class=\"yoast-schema-graph\">{\"@context\":\"https:\/\/schema.org\",\"@graph\":[{\"@type\":\"WebPage\",\"@id\":\"https:\/\/multi-gyn.com\/hr\/zdravlje-rodnice\/infekcije\/razlika-izmedu-bakterijske-vaginoze-i-gljivicne-infekcije\/\",\"url\":\"https:\/\/multi-gyn.com\/hr\/zdravlje-rodnice\/infekcije\/razlika-izmedu-bakterijske-vaginoze-i-gljivicne-infekcije\/\",\"name\":\"Razlika izme\u0111u bakterijske vaginoze i gljivi\u010dne infekcije - Multi-Gyn\",\"isPartOf\":{\"@id\":\"https:\/\/multi-gyn.com\/hr\/#website\"},\"primaryImageOfPage\":{\"@id\":\"https:\/\/multi-gyn.com\/hr\/zdravlje-rodnice\/infekcije\/razlika-izmedu-bakterijske-vaginoze-i-gljivicne-infekcije\/#primaryimage\"},\"image\":{\"@id\":\"https:\/\/multi-gyn.com\/hr\/zdravlje-rodnice\/infekcije\/razlika-izmedu-bakterijske-vaginoze-i-gljivicne-infekcije\/#primaryimage\"},\"thumbnailUrl\":\"https:\/\/multi-gyn.com\/app\/uploads\/sites\/43\/2023\/02\/Infographic-Bacterial-Vaginosis-versus-Yeast.png\",\"datePublished\":\"2023-02-17T10:37:26+00:00\",\"dateModified\":\"2023-08-04T11:50:10+00:00\",\"description\":\"Bakterijska vaginoza i gljivi\u010dna infekcija dvije su naj\u010de\u0161\u0107e tegobe rodnice. Ve\u0107 godinama kandida se bolje razumije i tretira negoli bakterijska vaginoza, \u0161to je dovelo do zablude da su izmijenjen iscjedak, svrbe\u017e i bol u intimnom podru\u010dju uzrokovani kandidom.\",\"breadcrumb\":{\"@id\":\"https:\/\/multi-gyn.com\/hr\/zdravlje-rodnice\/infekcije\/razlika-izmedu-bakterijske-vaginoze-i-gljivicne-infekcije\/#breadcrumb\"},\"inLanguage\":\"hr-HR\",\"potentialAction\":[{\"@type\":\"ReadAction\",\"target\":[\"https:\/\/multi-gyn.com\/hr\/zdravlje-rodnice\/infekcije\/razlika-izmedu-bakterijske-vaginoze-i-gljivicne-infekcije\/\"]}]},{\"@type\":\"ImageObject\",\"inLanguage\":\"hr-HR\",\"@id\":\"https:\/\/multi-gyn.com\/hr\/zdravlje-rodnice\/infekcije\/razlika-izmedu-bakterijske-vaginoze-i-gljivicne-infekcije\/#primaryimage\",\"url\":\"https:\/\/multi-gyn.com\/app\/uploads\/sites\/43\/2023\/02\/Infographic-Bacterial-Vaginosis-versus-Yeast.png\",\"contentUrl\":\"https:\/\/multi-gyn.com\/app\/uploads\/sites\/43\/2023\/02\/Infographic-Bacterial-Vaginosis-versus-Yeast.png\"},{\"@type\":\"BreadcrumbList\",\"@id\":\"https:\/\/multi-gyn.com\/hr\/zdravlje-rodnice\/infekcije\/razlika-izmedu-bakterijske-vaginoze-i-gljivicne-infekcije\/#breadcrumb\",\"itemListElement\":[{\"@type\":\"ListItem\",\"position\":1,\"name\":\"Home\",\"item\":\"https:\/\/multi-gyn.com\/hr\/\"},{\"@type\":\"ListItem\",\"position\":2,\"name\":\"Zdravlje rodnice\",\"item\":\"https:\/\/multi-gyn.com\/hr\/zdravlje-rodnice\/\"},{\"@type\":\"ListItem\",\"position\":3,\"name\":\"Infekcije\",\"item\":\"https:\/\/multi-gyn.com\/hr\/zdravlje-rodnice\/infekcije\/\"},{\"@type\":\"ListItem\",\"position\":4,\"name\":\"Razlika izme\u0111u bakterijske vaginoze i gljivi\u010dne infekcije\"}]},{\"@type\":\"WebSite\",\"@id\":\"https:\/\/multi-gyn.com\/hr\/#website\",\"url\":\"https:\/\/multi-gyn.com\/hr\/\",\"name\":\"Multi-Gyn\",\"description\":\"\",\"publisher\":{\"@id\":\"https:\/\/multi-gyn.com\/hr\/#organization\"},\"potentialAction\":[{\"@type\":\"SearchAction\",\"target\":{\"@type\":\"EntryPoint\",\"urlTemplate\":\"https:\/\/multi-gyn.com\/hr\/?s={search_term_string}\"},\"query-input\":{\"@type\":\"PropertyValueSpecification\",\"valueRequired\":true,\"valueName\":\"search_term_string\"}}],\"inLanguage\":\"hr-HR\"},{\"@type\":\"Organization\",\"@id\":\"https:\/\/multi-gyn.com\/hr\/#organization\",\"name\":\"Multi-Gyn\",\"url\":\"https:\/\/multi-gyn.com\/hr\/\",\"logo\":{\"@type\":\"ImageObject\",\"inLanguage\":\"hr-HR\",\"@id\":\"https:\/\/multi-gyn.com\/hr\/#\/schema\/logo\/image\/\",\"url\":\"https:\/\/multi-gyn.com\/app\/uploads\/sites\/43\/2023\/02\/multi-gyn-logo.png\",\"contentUrl\":\"https:\/\/multi-gyn.com\/app\/uploads\/sites\/43\/2023\/02\/multi-gyn-logo.png\",\"width\":149,\"height\":32,\"caption\":\"Multi-Gyn\"},\"image\":{\"@id\":\"https:\/\/multi-gyn.com\/hr\/#\/schema\/logo\/image\/\"}}]}<\/script>\n<!-- \/ Yoast SEO plugin. -->","yoast_head_json":{"title":"Razlika izme\u0111u bakterijske vaginoze i gljivi\u010dne infekcije - Multi-Gyn","description":"Bakterijska vaginoza i gljivi\u010dna infekcija dvije su naj\u010de\u0161\u0107e tegobe rodnice. Ve\u0107 godinama kandida se bolje razumije i tretira negoli bakterijska vaginoza, \u0161to je dovelo do zablude da su izmijenjen iscjedak, svrbe\u017e i bol u intimnom podru\u010dju uzrokovani kandidom.","robots":{"index":"index","follow":"follow","max-snippet":"max-snippet:-1","max-image-preview":"max-image-preview:large","max-video-preview":"max-video-preview:-1"},"canonical":"https:\/\/multi-gyn.com\/hr\/zdravlje-rodnice\/infekcije\/razlika-izmedu-bakterijske-vaginoze-i-gljivicne-infekcije\/","og_locale":"hr_HR","og_type":"article","og_title":"Razlika izme\u0111u bakterijske vaginoze i gljivi\u010dne infekcije - Multi-Gyn","og_description":"Bakterijska vaginoza i gljivi\u010dna infekcija dvije su naj\u010de\u0161\u0107e tegobe rodnice. Ve\u0107 godinama kandida se bolje razumije i tretira negoli bakterijska vaginoza, \u0161to je dovelo do zablude da su izmijenjen iscjedak, svrbe\u017e i bol u intimnom podru\u010dju uzrokovani kandidom.","og_url":"https:\/\/multi-gyn.com\/hr\/zdravlje-rodnice\/infekcije\/razlika-izmedu-bakterijske-vaginoze-i-gljivicne-infekcije\/","og_site_name":"Multi-Gyn","article_modified_time":"2023-08-04T11:50:10+00:00","og_image":[{"url":"https:\/\/multi-gyn.com\/app\/uploads\/sites\/43\/2023\/02\/Infographic-Bacterial-Vaginosis-versus-Yeast.png","type":"","width":"","height":""}],"twitter_card":"summary_large_image","twitter_misc":{"Est. reading time":"3 minutes"},"schema":{"@context":"https:\/\/schema.org","@graph":[{"@type":"WebPage","@id":"https:\/\/multi-gyn.com\/hr\/zdravlje-rodnice\/infekcije\/razlika-izmedu-bakterijske-vaginoze-i-gljivicne-infekcije\/","url":"https:\/\/multi-gyn.com\/hr\/zdravlje-rodnice\/infekcije\/razlika-izmedu-bakterijske-vaginoze-i-gljivicne-infekcije\/","name":"Razlika izme\u0111u bakterijske vaginoze i gljivi\u010dne infekcije - Multi-Gyn","isPartOf":{"@id":"https:\/\/multi-gyn.com\/hr\/#website"},"primaryImageOfPage":{"@id":"https:\/\/multi-gyn.com\/hr\/zdravlje-rodnice\/infekcije\/razlika-izmedu-bakterijske-vaginoze-i-gljivicne-infekcije\/#primaryimage"},"image":{"@id":"https:\/\/multi-gyn.com\/hr\/zdravlje-rodnice\/infekcije\/razlika-izmedu-bakterijske-vaginoze-i-gljivicne-infekcije\/#primaryimage"},"thumbnailUrl":"https:\/\/multi-gyn.com\/app\/uploads\/sites\/43\/2023\/02\/Infographic-Bacterial-Vaginosis-versus-Yeast.png","datePublished":"2023-02-17T10:37:26+00:00","dateModified":"2023-08-04T11:50:10+00:00","description":"Bakterijska vaginoza i gljivi\u010dna infekcija dvije su naj\u010de\u0161\u0107e tegobe rodnice. Ve\u0107 godinama kandida se bolje razumije i tretira negoli bakterijska vaginoza, \u0161to je dovelo do zablude da su izmijenjen iscjedak, svrbe\u017e i bol u intimnom podru\u010dju uzrokovani kandidom.","breadcrumb":{"@id":"https:\/\/multi-gyn.com\/hr\/zdravlje-rodnice\/infekcije\/razlika-izmedu-bakterijske-vaginoze-i-gljivicne-infekcije\/#breadcrumb"},"inLanguage":"hr-HR","potentialAction":[{"@type":"ReadAction","target":["https:\/\/multi-gyn.com\/hr\/zdravlje-rodnice\/infekcije\/razlika-izmedu-bakterijske-vaginoze-i-gljivicne-infekcije\/"]}]},{"@type":"ImageObject","inLanguage":"hr-HR","@id":"https:\/\/multi-gyn.com\/hr\/zdravlje-rodnice\/infekcije\/razlika-izmedu-bakterijske-vaginoze-i-gljivicne-infekcije\/#primaryimage","url":"https:\/\/multi-gyn.com\/app\/uploads\/sites\/43\/2023\/02\/Infographic-Bacterial-Vaginosis-versus-Yeast.png","contentUrl":"https:\/\/multi-gyn.com\/app\/uploads\/sites\/43\/2023\/02\/Infographic-Bacterial-Vaginosis-versus-Yeast.png"},{"@type":"BreadcrumbList","@id":"https:\/\/multi-gyn.com\/hr\/zdravlje-rodnice\/infekcije\/razlika-izmedu-bakterijske-vaginoze-i-gljivicne-infekcije\/#breadcrumb","itemListElement":[{"@type":"ListItem","position":1,"name":"Home","item":"https:\/\/multi-gyn.com\/hr\/"},{"@type":"ListItem","position":2,"name":"Zdravlje rodnice","item":"https:\/\/multi-gyn.com\/hr\/zdravlje-rodnice\/"},{"@type":"ListItem","position":3,"name":"Infekcije","item":"https:\/\/multi-gyn.com\/hr\/zdravlje-rodnice\/infekcije\/"},{"@type":"ListItem","position":4,"name":"Razlika izme\u0111u bakterijske vaginoze i gljivi\u010dne infekcije"}]},{"@type":"WebSite","@id":"https:\/\/multi-gyn.com\/hr\/#website","url":"https:\/\/multi-gyn.com\/hr\/","name":"Multi-Gyn","description":"","publisher":{"@id":"https:\/\/multi-gyn.com\/hr\/#organization"},"potentialAction":[{"@type":"SearchAction","target":{"@type":"EntryPoint","urlTemplate":"https:\/\/multi-gyn.com\/hr\/?s={search_term_string}"},"query-input":{"@type":"PropertyValueSpecification","valueRequired":true,"valueName":"search_term_string"}}],"inLanguage":"hr-HR"},{"@type":"Organization","@id":"https:\/\/multi-gyn.com\/hr\/#organization","name":"Multi-Gyn","url":"https:\/\/multi-gyn.com\/hr\/","logo":{"@type":"ImageObject","inLanguage":"hr-HR","@id":"https:\/\/multi-gyn.com\/hr\/#\/schema\/logo\/image\/","url":"https:\/\/multi-gyn.com\/app\/uploads\/sites\/43\/2023\/02\/multi-gyn-logo.png","contentUrl":"https:\/\/multi-gyn.com\/app\/uploads\/sites\/43\/2023\/02\/multi-gyn-logo.png","width":149,"height":32,"caption":"Multi-Gyn"},"image":{"@id":"https:\/\/multi-gyn.com\/hr\/#\/schema\/logo\/image\/"}}]}},"_links":{"self":[{"href":"https:\/\/multi-gyn.com\/hr\/wp-json\/wp\/v2\/pages\/143","targetHints":{"allow":["GET"]}}],"collection":[{"href":"https:\/\/multi-gyn.com\/hr\/wp-json\/wp\/v2\/pages"}],"about":[{"href":"https:\/\/multi-gyn.com\/hr\/wp-json\/wp\/v2\/types\/page"}],"author":[{"embeddable":true,"href":"https:\/\/multi-gyn.com\/hr\/wp-json\/wp\/v2\/users\/2"}],"replies":[{"embeddable":true,"href":"https:\/\/multi-gyn.com\/hr\/wp-json\/wp\/v2\/comments?post=143"}],"version-history":[{"count":3,"href":"https:\/\/multi-gyn.com\/hr\/wp-json\/wp\/v2\/pages\/143\/revisions"}],"predecessor-version":[{"id":369,"href":"https:\/\/multi-gyn.com\/hr\/wp-json\/wp\/v2\/pages\/143\/revisions\/369"}],"up":[{"embeddable":true,"href":"https:\/\/multi-gyn.com\/hr\/wp-json\/wp\/v2\/pages\/115"}],"wp:attachment":[{"href":"https:\/\/multi-gyn.com\/hr\/wp-json\/wp\/v2\/media?parent=143"}],"wp:term":[{"taxonomy":"from-article-database","embeddable":true,"href":"https:\/\/multi-gyn.com\/hr\/wp-json\/wp\/v2\/from-article-database?post=143"}],"curies":[{"name":"wp","href":"https:\/\/api.w.org\/{rel}","templated":true}]}}