{"id":145,"date":"2023-02-17T11:37:39","date_gmt":"2023-02-17T10:37:39","guid":{"rendered":"https:\/\/multi-gyn.com\/hr\/?page_id=145"},"modified":"2024-08-21T13:45:57","modified_gmt":"2024-08-21T11:45:57","slug":"bakterijska-vaginoza-i-trudnoca","status":"publish","type":"page","link":"https:\/\/multi-gyn.com\/hr\/zdravlje-rodnice\/infekcije\/bakterijska-vaginoza-i-trudnoca\/","title":{"rendered":"Bakterijska vaginoza i trudno\u0107a"},"content":{"rendered":"\n<div class=\"wp-block-karopharma-free-text pt-large pb-large bg-center bg-cover bg-no-repeat  is-style-primary\" style=\"background-image:url()\"><div class=\"free-text-wrapper container max-w-medium text-left\">\n<h1 class=\"wp-block-heading\"><strong>Bakterijska vaginoza i trudno\u0107a<\/strong><\/h1>\n\n\n\n<p class=\"is-style-paragraph-preamble\">Trudno\u0107a je razdoblje promjena i o\u010dekivanja. Na\u0161e tjelesne funkcije fokusiraju se na novi \u017eivot u nama i pripremaju nas za ra\u0111anje, dojenje i brigu o djeci. Iako to mo\u017ee biti ugodno, daleko je od bezbri\u017ena razdoblja.<\/p>\n\n\n\n<p class=\"is-style-paragraph-preamble\">Brze promjene, uklju\u010duju\u0107i promjenu u razini hormona, mogu dovesti do razli\u010ditih tegoba i bolova. Kao \u0161to i nama stvaraju probleme, razli\u010dite bolesti i infekcije mogu utjecati na na\u0161u trudno\u0107u, razvoj bebe ili tijek poroda. Primjerice, bakterijska vaginoza u trudno\u0107i povezana je s nekim ozbiljnim posljedicama i zato je treba tretirati \u010dim se dijagnosticira.<\/p>\n<\/div><\/div>\n\n\n\n<div class=\"wp-block-karopharma-free-text pt-large pb-large bg-center bg-cover bg-no-repeat\" style=\"background-image:url()\"><div class=\"free-text-wrapper container max-w-medium text-left\">\n<h2 class=\"is-style-heading-h2 wp-block-heading\">\u0160to je bakterijska vaginoza?<\/h2>\n\n\n\n<p>Bakterijska vaginoza jedna je od naj\u010de\u0161\u0107ih tegoba rodnice. Izazvana je poreme\u0107ajem ravnote\u017ee mikroba rodnice, \u0161to mo\u017ee uzrokovati blage do ozbiljne simptome, kao \u0161to su bijeli ili sivi vodenasti iscjedak, neugodan miris koji podsje\u0107a na ribu, iritacija i bol u podru\u010dju rodnice.<\/p>\n\n\n\n<p>Iako su ti simptomi neugodni, nisu opasni po \u017eivot i u ve\u0107ini slu\u010dajeva mogu se lako lije\u010diti antibioticima ili prirodnim proizvodima, a sve kako bi se vratila ravnote\u017ea flore rodnice. Me\u0111utim, bakterijska vaginoza mo\u017ee imati te\u017ee posljedice tijekom trudno\u0107e, uklju\u010duju\u0107i i rizik od prijevremenog poroda. Stoga se trudnice trebaju odmah obratiti lije\u010dniku ako posumnjaju da imaju bakterijsku vaginozu.<\/p>\n\n\n\n<p><em>&#8220;Bakterijska vaginoza u trudno\u0107i povezana je s nekim ozbiljnim posljedicama i zato je treba lije\u010diti \u010dim se dijagnosticira.&#8221;<\/em><\/p>\n\n\n\n<h2 class=\"is-style-heading-h2 wp-block-heading\">Kako lije\u010diti bakterijsku vaginozu u trudno\u0107i?<\/h2>\n\n\n\n<p>Uporaba lijekova u trudno\u0107i vrlo je ograni\u010dena i treba se uvijek konzultirati s lije\u010dnikom ili primaljom. Katkad se lijekovi ne\u0107e koristiti zbog njihovih potencijalnih rizika za bebu, ali naj\u010de\u0161\u0107e \u0107e se izbje\u0107i jednostavno zbog nedostatka dokaza da rizik ne postoji.<\/p>\n\n\n\n<p>Bakterijska vaginoza mo\u017ee se tretirati antibioticima, kao \u0161to je metronidazol, koji se \u010desto izbjegava tijekom trudno\u0107e. Alternativa je kori\u0161tenje prirodnih proizvoda, koji \u0107e ponovno uspostaviti pH rodnice i omogu\u0107iti dobrim bakterijama da uspostave ravnote\u017eu flore u rodnici. Neki od tih proizvoda mogu se koristiti tijekom trudno\u0107e, a kako je svaka \u017eena i svaka trudno\u0107a razli\u010dita, o terapiji treba porazgovarati s lije\u010dnikom.<\/p>\n<\/div><\/div>\n","protected":false},"excerpt":{"rendered":"","protected":false},"author":2,"featured_media":0,"parent":115,"menu_order":4,"comment_status":"closed","ping_status":"closed","template":"","meta":{"_acf_changed":false,"footnotes":""},"from-article-database":[],"class_list":["post-145","page","type-page","status-publish","hentry"],"acf":[],"yoast_head":"<!-- This site is optimized with the Yoast SEO plugin v26.6 - https:\/\/yoast.com\/wordpress\/plugins\/seo\/ -->\n<title>Bakterijska vaginoza i trudno\u0107a - Multi-Gyn<\/title>\n<meta name=\"description\" content=\"Trudno\u0107a je razdoblje promjena i o\u010dekivanja. Na\u0161e tjelesne funkcije fokusiraju se na novi \u017eivot u nama i pripremaju nas za ra\u0111anje, dojenje i brigu o djeci. Iako to mo\u017ee biti ugodno, daleko je od bezbri\u017ena razdoblja.\" \/>\n<meta name=\"robots\" content=\"index, follow, max-snippet:-1, max-image-preview:large, max-video-preview:-1\" \/>\n<link rel=\"canonical\" href=\"https:\/\/multi-gyn.com\/hr\/zdravlje-rodnice\/infekcije\/bakterijska-vaginoza-i-trudnoca\/\" \/>\n<meta property=\"og:locale\" content=\"hr_HR\" \/>\n<meta property=\"og:type\" content=\"article\" \/>\n<meta property=\"og:title\" content=\"Bakterijska vaginoza i trudno\u0107a - Multi-Gyn\" \/>\n<meta property=\"og:description\" content=\"Trudno\u0107a je razdoblje promjena i o\u010dekivanja. Na\u0161e tjelesne funkcije fokusiraju se na novi \u017eivot u nama i pripremaju nas za ra\u0111anje, dojenje i brigu o djeci. Iako to mo\u017ee biti ugodno, daleko je od bezbri\u017ena razdoblja.\" \/>\n<meta property=\"og:url\" content=\"https:\/\/multi-gyn.com\/hr\/zdravlje-rodnice\/infekcije\/bakterijska-vaginoza-i-trudnoca\/\" \/>\n<meta property=\"og:site_name\" content=\"Multi-Gyn\" \/>\n<meta property=\"article:modified_time\" content=\"2024-08-21T11:45:57+00:00\" \/>\n<meta name=\"twitter:card\" content=\"summary_large_image\" \/>\n<meta name=\"twitter:label1\" content=\"Est. reading time\" \/>\n\t<meta name=\"twitter:data1\" content=\"2 minutes\" \/>\n<script type=\"application\/ld+json\" class=\"yoast-schema-graph\">{\"@context\":\"https:\/\/schema.org\",\"@graph\":[{\"@type\":\"WebPage\",\"@id\":\"https:\/\/multi-gyn.com\/hr\/zdravlje-rodnice\/infekcije\/bakterijska-vaginoza-i-trudnoca\/\",\"url\":\"https:\/\/multi-gyn.com\/hr\/zdravlje-rodnice\/infekcije\/bakterijska-vaginoza-i-trudnoca\/\",\"name\":\"Bakterijska vaginoza i trudno\u0107a - Multi-Gyn\",\"isPartOf\":{\"@id\":\"https:\/\/multi-gyn.com\/hr\/#website\"},\"datePublished\":\"2023-02-17T10:37:39+00:00\",\"dateModified\":\"2024-08-21T11:45:57+00:00\",\"description\":\"Trudno\u0107a je razdoblje promjena i o\u010dekivanja. Na\u0161e tjelesne funkcije fokusiraju se na novi \u017eivot u nama i pripremaju nas za ra\u0111anje, dojenje i brigu o djeci. Iako to mo\u017ee biti ugodno, daleko je od bezbri\u017ena razdoblja.\",\"breadcrumb\":{\"@id\":\"https:\/\/multi-gyn.com\/hr\/zdravlje-rodnice\/infekcije\/bakterijska-vaginoza-i-trudnoca\/#breadcrumb\"},\"inLanguage\":\"hr-HR\",\"potentialAction\":[{\"@type\":\"ReadAction\",\"target\":[\"https:\/\/multi-gyn.com\/hr\/zdravlje-rodnice\/infekcije\/bakterijska-vaginoza-i-trudnoca\/\"]}]},{\"@type\":\"BreadcrumbList\",\"@id\":\"https:\/\/multi-gyn.com\/hr\/zdravlje-rodnice\/infekcije\/bakterijska-vaginoza-i-trudnoca\/#breadcrumb\",\"itemListElement\":[{\"@type\":\"ListItem\",\"position\":1,\"name\":\"Home\",\"item\":\"https:\/\/multi-gyn.com\/hr\/\"},{\"@type\":\"ListItem\",\"position\":2,\"name\":\"Zdravlje rodnice\",\"item\":\"https:\/\/multi-gyn.com\/hr\/zdravlje-rodnice\/\"},{\"@type\":\"ListItem\",\"position\":3,\"name\":\"Infekcije\",\"item\":\"https:\/\/multi-gyn.com\/hr\/zdravlje-rodnice\/infekcije\/\"},{\"@type\":\"ListItem\",\"position\":4,\"name\":\"Bakterijska vaginoza i trudno\u0107a\"}]},{\"@type\":\"WebSite\",\"@id\":\"https:\/\/multi-gyn.com\/hr\/#website\",\"url\":\"https:\/\/multi-gyn.com\/hr\/\",\"name\":\"Multi-Gyn\",\"description\":\"\",\"publisher\":{\"@id\":\"https:\/\/multi-gyn.com\/hr\/#organization\"},\"potentialAction\":[{\"@type\":\"SearchAction\",\"target\":{\"@type\":\"EntryPoint\",\"urlTemplate\":\"https:\/\/multi-gyn.com\/hr\/?s={search_term_string}\"},\"query-input\":{\"@type\":\"PropertyValueSpecification\",\"valueRequired\":true,\"valueName\":\"search_term_string\"}}],\"inLanguage\":\"hr-HR\"},{\"@type\":\"Organization\",\"@id\":\"https:\/\/multi-gyn.com\/hr\/#organization\",\"name\":\"Multi-Gyn\",\"url\":\"https:\/\/multi-gyn.com\/hr\/\",\"logo\":{\"@type\":\"ImageObject\",\"inLanguage\":\"hr-HR\",\"@id\":\"https:\/\/multi-gyn.com\/hr\/#\/schema\/logo\/image\/\",\"url\":\"https:\/\/multi-gyn.com\/app\/uploads\/sites\/43\/2023\/02\/multi-gyn-logo.png\",\"contentUrl\":\"https:\/\/multi-gyn.com\/app\/uploads\/sites\/43\/2023\/02\/multi-gyn-logo.png\",\"width\":149,\"height\":32,\"caption\":\"Multi-Gyn\"},\"image\":{\"@id\":\"https:\/\/multi-gyn.com\/hr\/#\/schema\/logo\/image\/\"}}]}<\/script>\n<!-- \/ Yoast SEO plugin. -->","yoast_head_json":{"title":"Bakterijska vaginoza i trudno\u0107a - Multi-Gyn","description":"Trudno\u0107a je razdoblje promjena i o\u010dekivanja. Na\u0161e tjelesne funkcije fokusiraju se na novi \u017eivot u nama i pripremaju nas za ra\u0111anje, dojenje i brigu o djeci. Iako to mo\u017ee biti ugodno, daleko je od bezbri\u017ena razdoblja.","robots":{"index":"index","follow":"follow","max-snippet":"max-snippet:-1","max-image-preview":"max-image-preview:large","max-video-preview":"max-video-preview:-1"},"canonical":"https:\/\/multi-gyn.com\/hr\/zdravlje-rodnice\/infekcije\/bakterijska-vaginoza-i-trudnoca\/","og_locale":"hr_HR","og_type":"article","og_title":"Bakterijska vaginoza i trudno\u0107a - Multi-Gyn","og_description":"Trudno\u0107a je razdoblje promjena i o\u010dekivanja. Na\u0161e tjelesne funkcije fokusiraju se na novi \u017eivot u nama i pripremaju nas za ra\u0111anje, dojenje i brigu o djeci. Iako to mo\u017ee biti ugodno, daleko je od bezbri\u017ena razdoblja.","og_url":"https:\/\/multi-gyn.com\/hr\/zdravlje-rodnice\/infekcije\/bakterijska-vaginoza-i-trudnoca\/","og_site_name":"Multi-Gyn","article_modified_time":"2024-08-21T11:45:57+00:00","twitter_card":"summary_large_image","twitter_misc":{"Est. reading time":"2 minutes"},"schema":{"@context":"https:\/\/schema.org","@graph":[{"@type":"WebPage","@id":"https:\/\/multi-gyn.com\/hr\/zdravlje-rodnice\/infekcije\/bakterijska-vaginoza-i-trudnoca\/","url":"https:\/\/multi-gyn.com\/hr\/zdravlje-rodnice\/infekcije\/bakterijska-vaginoza-i-trudnoca\/","name":"Bakterijska vaginoza i trudno\u0107a - Multi-Gyn","isPartOf":{"@id":"https:\/\/multi-gyn.com\/hr\/#website"},"datePublished":"2023-02-17T10:37:39+00:00","dateModified":"2024-08-21T11:45:57+00:00","description":"Trudno\u0107a je razdoblje promjena i o\u010dekivanja. Na\u0161e tjelesne funkcije fokusiraju se na novi \u017eivot u nama i pripremaju nas za ra\u0111anje, dojenje i brigu o djeci. Iako to mo\u017ee biti ugodno, daleko je od bezbri\u017ena razdoblja.","breadcrumb":{"@id":"https:\/\/multi-gyn.com\/hr\/zdravlje-rodnice\/infekcije\/bakterijska-vaginoza-i-trudnoca\/#breadcrumb"},"inLanguage":"hr-HR","potentialAction":[{"@type":"ReadAction","target":["https:\/\/multi-gyn.com\/hr\/zdravlje-rodnice\/infekcije\/bakterijska-vaginoza-i-trudnoca\/"]}]},{"@type":"BreadcrumbList","@id":"https:\/\/multi-gyn.com\/hr\/zdravlje-rodnice\/infekcije\/bakterijska-vaginoza-i-trudnoca\/#breadcrumb","itemListElement":[{"@type":"ListItem","position":1,"name":"Home","item":"https:\/\/multi-gyn.com\/hr\/"},{"@type":"ListItem","position":2,"name":"Zdravlje rodnice","item":"https:\/\/multi-gyn.com\/hr\/zdravlje-rodnice\/"},{"@type":"ListItem","position":3,"name":"Infekcije","item":"https:\/\/multi-gyn.com\/hr\/zdravlje-rodnice\/infekcije\/"},{"@type":"ListItem","position":4,"name":"Bakterijska vaginoza i trudno\u0107a"}]},{"@type":"WebSite","@id":"https:\/\/multi-gyn.com\/hr\/#website","url":"https:\/\/multi-gyn.com\/hr\/","name":"Multi-Gyn","description":"","publisher":{"@id":"https:\/\/multi-gyn.com\/hr\/#organization"},"potentialAction":[{"@type":"SearchAction","target":{"@type":"EntryPoint","urlTemplate":"https:\/\/multi-gyn.com\/hr\/?s={search_term_string}"},"query-input":{"@type":"PropertyValueSpecification","valueRequired":true,"valueName":"search_term_string"}}],"inLanguage":"hr-HR"},{"@type":"Organization","@id":"https:\/\/multi-gyn.com\/hr\/#organization","name":"Multi-Gyn","url":"https:\/\/multi-gyn.com\/hr\/","logo":{"@type":"ImageObject","inLanguage":"hr-HR","@id":"https:\/\/multi-gyn.com\/hr\/#\/schema\/logo\/image\/","url":"https:\/\/multi-gyn.com\/app\/uploads\/sites\/43\/2023\/02\/multi-gyn-logo.png","contentUrl":"https:\/\/multi-gyn.com\/app\/uploads\/sites\/43\/2023\/02\/multi-gyn-logo.png","width":149,"height":32,"caption":"Multi-Gyn"},"image":{"@id":"https:\/\/multi-gyn.com\/hr\/#\/schema\/logo\/image\/"}}]}},"_links":{"self":[{"href":"https:\/\/multi-gyn.com\/hr\/wp-json\/wp\/v2\/pages\/145","targetHints":{"allow":["GET"]}}],"collection":[{"href":"https:\/\/multi-gyn.com\/hr\/wp-json\/wp\/v2\/pages"}],"about":[{"href":"https:\/\/multi-gyn.com\/hr\/wp-json\/wp\/v2\/types\/page"}],"author":[{"embeddable":true,"href":"https:\/\/multi-gyn.com\/hr\/wp-json\/wp\/v2\/users\/2"}],"replies":[{"embeddable":true,"href":"https:\/\/multi-gyn.com\/hr\/wp-json\/wp\/v2\/comments?post=145"}],"version-history":[{"count":7,"href":"https:\/\/multi-gyn.com\/hr\/wp-json\/wp\/v2\/pages\/145\/revisions"}],"predecessor-version":[{"id":552,"href":"https:\/\/multi-gyn.com\/hr\/wp-json\/wp\/v2\/pages\/145\/revisions\/552"}],"up":[{"embeddable":true,"href":"https:\/\/multi-gyn.com\/hr\/wp-json\/wp\/v2\/pages\/115"}],"wp:attachment":[{"href":"https:\/\/multi-gyn.com\/hr\/wp-json\/wp\/v2\/media?parent=145"}],"wp:term":[{"taxonomy":"from-article-database","embeddable":true,"href":"https:\/\/multi-gyn.com\/hr\/wp-json\/wp\/v2\/from-article-database?post=145"}],"curies":[{"name":"wp","href":"https:\/\/api.w.org\/{rel}","templated":true}]}}