{"id":147,"date":"2023-02-17T11:37:52","date_gmt":"2023-02-17T10:37:52","guid":{"rendered":"https:\/\/multi-gyn.com\/hr\/?page_id=147"},"modified":"2023-08-04T13:50:06","modified_gmt":"2023-08-04T11:50:06","slug":"uzroci-infekcija-rodnice","status":"publish","type":"page","link":"https:\/\/multi-gyn.com\/hr\/zdravlje-rodnice\/infekcije\/uzroci-infekcija-rodnice\/","title":{"rendered":"Uzroci infekcija rodnice"},"content":{"rendered":"\n<div class=\"wp-block-karopharma-free-text pt-large pb-large bg-center bg-cover bg-no-repeat  is-style-primary\" style=\"background-image:url()\"><div class=\"free-text-wrapper container max-w-medium text-left\">\n<h1 class=\"wp-block-heading\">Uzroci infekcija rodnice<\/h1>\n\n\n\n<p class=\"is-style-paragraph-preamble\">Ako ste ikad do\u017eivjeli intimne tegobe kao \u0161to su iscjedak, svrbe\u017e, peckanje, bol ili neugodan miris, vjerojatno ste patili od infekcije rodnice ili vaginitisa. Naj\u010de\u0161\u0107e infekcije su bakterijska vaginoza i kandida (gljivi\u010dna infekcija), a obje se smatraju disbalansom flore rodnice.<\/p>\n<\/div><\/div>\n\n\n\n<div class=\"wp-block-karopharma-free-text pt-large pb-large bg-center bg-cover bg-no-repeat\" style=\"background-image:url()\"><div class=\"free-text-wrapper container max-w-medium text-left\">\n<p>Bakterijska vaginoza mo\u017ee se prepoznati po peckanju i boli u intimnoj regiji i rijetkim sivim ili bijelim iscjetkom karakteristi\u010dna mirisa po ribi. Gljivi\u010dna infekcija najpoznatija je po svrbe\u017eu i iritaciji rodnice, kao i gustom bijelom sekretu, koji se naj\u010de\u0161\u0107e opisuje kao sli\u010dan siru.<\/p>\n\n\n\n<h2 class=\"is-style-heading-h2 wp-block-heading\">\u0160to izaziva infekciju rodnice?<\/h2>\n\n\n\n<p>Neravnote\u017ea flore rodnice jedan je od naj\u010de\u0161\u0107ih uzroka infekcija rodnice. Kad se smanjuje broj dobrih bakterija koje \u017eive u rodnici, lo\u0161e bakterije i gljivice po\u010dinju brzo rasti, izazivaju\u0107i nelagodu i infekciju.<\/p>\n\n\n\n<p>Neravnote\u017ea mo\u017ee nastati i nakon uzimanja antibiotika, zbog hormonalnih promjena, nakon uporabe higijenskih proizvoda kao \u0161to su sapun, primjene kupke za tu\u0161iranje ili losiona, ili \u010dak nakon uporabe intimnih proizvoda, uklju\u010duju\u0107i sprejeve za rodnicu i kondome.<\/p>\n\n\n\n<p class=\"is-style-paragraph-preamble\"><em><mark style=\"background-color:rgba(0, 0, 0, 0)\" class=\"has-inline-color has-primary-color\">&#8220;Neravnote\u017ea flore rodnice jedan je od naj\u010de\u0161\u0107ih uzroka infekcija rodnice&#8221;<\/mark><\/em><\/p>\n\n\n\n<p>Tegobe rodnice mogu se javiti i zbog iritansa i alergena prisutnih u deterd\u017eentima za pranje rublja ili omek\u0161iva\u010dima, a katkad ih mogu izazvati kemikalije koje se koriste za bojanje odje\u0107e. Sintetsko donje rublje mo\u017ee izazvati iritaciju i potencirati rast gljivica, kao i ulo\u0161ci koji sadr\u017ee mirise i boje. Rezultat mo\u017ee biti prekomjeran rast bakterija, \u0161to dovodi do bakterijske vaginoze ili gljivi\u010dne infekcije. Tegobe mogu biti uzrokovane i spolno prenosivim infekcijama.<\/p>\n\n\n\n<h2 class=\"is-style-heading-h2 wp-block-heading\">Utjecaj hormona<\/h2>\n\n\n\n<p>Jo\u0161 jedan va\u017ean faktor koji mo\u017ee utjecati na zdravlje Va\u0161e rodniceje hormonalni status. Smatra se da promjene u razinama hormona imaju utjecaj na razvoj infekcije rodnice. To mo\u017ee izazvati i druge probleme.<\/p>\n\n\n\n<p>Razina estrogena mo\u017ee pasti uo\u010di menstruacije, tijekom trudno\u0107e ili dojenja, ali i tijekom menopauze. To smanjuje prirodno podmazivanje zidova rodnice, \u010dine\u0107i rodnicu suhom i sklonom o\u0161te\u0107enju prilikom penetracije, \u0161to dovodi do boli tijekom seksualnog odnosa, upale i tegoba.<\/p>\n\n\n\n<p>Ako osjetite simptome kao \u0161to su iscjedak, neugodan miris, bol, svrbe\u017e, peckanje ili osjetljivost, obratite se svom lije\u010dniku kako biste dobili odgovaraju\u0107u terapiju i sprije\u010dili daljnje komplikacije.<\/p>\n<\/div><\/div>\n","protected":false},"excerpt":{"rendered":"","protected":false},"author":2,"featured_media":0,"parent":115,"menu_order":5,"comment_status":"closed","ping_status":"closed","template":"","meta":{"_acf_changed":false,"footnotes":""},"from-article-database":[],"class_list":["post-147","page","type-page","status-publish","hentry"],"acf":[],"yoast_head":"<!-- This site is optimized with the Yoast SEO plugin v26.6 - https:\/\/yoast.com\/wordpress\/plugins\/seo\/ -->\n<title>Uzroci infekcija rodnice - Multi-Gyn<\/title>\n<meta name=\"description\" content=\"Ako ste ikad do\u017eivjeli intimne tegobe kao \u0161to su iscjedak, svrbe\u017e, peckanje, bol ili neugodan miris, vjerojatno ste patili od infekcije rodnice ili vaginitisa.\" \/>\n<meta name=\"robots\" content=\"index, follow, max-snippet:-1, max-image-preview:large, max-video-preview:-1\" \/>\n<link rel=\"canonical\" href=\"https:\/\/multi-gyn.com\/hr\/zdravlje-rodnice\/infekcije\/uzroci-infekcija-rodnice\/\" \/>\n<meta property=\"og:locale\" content=\"hr_HR\" \/>\n<meta property=\"og:type\" content=\"article\" \/>\n<meta property=\"og:title\" content=\"Uzroci infekcija rodnice - Multi-Gyn\" \/>\n<meta property=\"og:description\" content=\"Ako ste ikad do\u017eivjeli intimne tegobe kao \u0161to su iscjedak, svrbe\u017e, peckanje, bol ili neugodan miris, vjerojatno ste patili od infekcije rodnice ili vaginitisa.\" \/>\n<meta property=\"og:url\" content=\"https:\/\/multi-gyn.com\/hr\/zdravlje-rodnice\/infekcije\/uzroci-infekcija-rodnice\/\" \/>\n<meta property=\"og:site_name\" content=\"Multi-Gyn\" \/>\n<meta property=\"article:modified_time\" content=\"2023-08-04T11:50:06+00:00\" \/>\n<meta name=\"twitter:card\" content=\"summary_large_image\" \/>\n<meta name=\"twitter:label1\" content=\"Est. reading time\" \/>\n\t<meta name=\"twitter:data1\" content=\"2 minutes\" \/>\n<script type=\"application\/ld+json\" class=\"yoast-schema-graph\">{\"@context\":\"https:\/\/schema.org\",\"@graph\":[{\"@type\":\"WebPage\",\"@id\":\"https:\/\/multi-gyn.com\/hr\/zdravlje-rodnice\/infekcije\/uzroci-infekcija-rodnice\/\",\"url\":\"https:\/\/multi-gyn.com\/hr\/zdravlje-rodnice\/infekcije\/uzroci-infekcija-rodnice\/\",\"name\":\"Uzroci infekcija rodnice - Multi-Gyn\",\"isPartOf\":{\"@id\":\"https:\/\/multi-gyn.com\/hr\/#website\"},\"datePublished\":\"2023-02-17T10:37:52+00:00\",\"dateModified\":\"2023-08-04T11:50:06+00:00\",\"description\":\"Ako ste ikad do\u017eivjeli intimne tegobe kao \u0161to su iscjedak, svrbe\u017e, peckanje, bol ili neugodan miris, vjerojatno ste patili od infekcije rodnice ili vaginitisa.\",\"breadcrumb\":{\"@id\":\"https:\/\/multi-gyn.com\/hr\/zdravlje-rodnice\/infekcije\/uzroci-infekcija-rodnice\/#breadcrumb\"},\"inLanguage\":\"hr-HR\",\"potentialAction\":[{\"@type\":\"ReadAction\",\"target\":[\"https:\/\/multi-gyn.com\/hr\/zdravlje-rodnice\/infekcije\/uzroci-infekcija-rodnice\/\"]}]},{\"@type\":\"BreadcrumbList\",\"@id\":\"https:\/\/multi-gyn.com\/hr\/zdravlje-rodnice\/infekcije\/uzroci-infekcija-rodnice\/#breadcrumb\",\"itemListElement\":[{\"@type\":\"ListItem\",\"position\":1,\"name\":\"Home\",\"item\":\"https:\/\/multi-gyn.com\/hr\/\"},{\"@type\":\"ListItem\",\"position\":2,\"name\":\"Zdravlje rodnice\",\"item\":\"https:\/\/multi-gyn.com\/hr\/zdravlje-rodnice\/\"},{\"@type\":\"ListItem\",\"position\":3,\"name\":\"Infekcije\",\"item\":\"https:\/\/multi-gyn.com\/hr\/zdravlje-rodnice\/infekcije\/\"},{\"@type\":\"ListItem\",\"position\":4,\"name\":\"Uzroci infekcija rodnice\"}]},{\"@type\":\"WebSite\",\"@id\":\"https:\/\/multi-gyn.com\/hr\/#website\",\"url\":\"https:\/\/multi-gyn.com\/hr\/\",\"name\":\"Multi-Gyn\",\"description\":\"\",\"publisher\":{\"@id\":\"https:\/\/multi-gyn.com\/hr\/#organization\"},\"potentialAction\":[{\"@type\":\"SearchAction\",\"target\":{\"@type\":\"EntryPoint\",\"urlTemplate\":\"https:\/\/multi-gyn.com\/hr\/?s={search_term_string}\"},\"query-input\":{\"@type\":\"PropertyValueSpecification\",\"valueRequired\":true,\"valueName\":\"search_term_string\"}}],\"inLanguage\":\"hr-HR\"},{\"@type\":\"Organization\",\"@id\":\"https:\/\/multi-gyn.com\/hr\/#organization\",\"name\":\"Multi-Gyn\",\"url\":\"https:\/\/multi-gyn.com\/hr\/\",\"logo\":{\"@type\":\"ImageObject\",\"inLanguage\":\"hr-HR\",\"@id\":\"https:\/\/multi-gyn.com\/hr\/#\/schema\/logo\/image\/\",\"url\":\"https:\/\/multi-gyn.com\/app\/uploads\/sites\/43\/2023\/02\/multi-gyn-logo.png\",\"contentUrl\":\"https:\/\/multi-gyn.com\/app\/uploads\/sites\/43\/2023\/02\/multi-gyn-logo.png\",\"width\":149,\"height\":32,\"caption\":\"Multi-Gyn\"},\"image\":{\"@id\":\"https:\/\/multi-gyn.com\/hr\/#\/schema\/logo\/image\/\"}}]}<\/script>\n<!-- \/ Yoast SEO plugin. -->","yoast_head_json":{"title":"Uzroci infekcija rodnice - Multi-Gyn","description":"Ako ste ikad do\u017eivjeli intimne tegobe kao \u0161to su iscjedak, svrbe\u017e, peckanje, bol ili neugodan miris, vjerojatno ste patili od infekcije rodnice ili vaginitisa.","robots":{"index":"index","follow":"follow","max-snippet":"max-snippet:-1","max-image-preview":"max-image-preview:large","max-video-preview":"max-video-preview:-1"},"canonical":"https:\/\/multi-gyn.com\/hr\/zdravlje-rodnice\/infekcije\/uzroci-infekcija-rodnice\/","og_locale":"hr_HR","og_type":"article","og_title":"Uzroci infekcija rodnice - Multi-Gyn","og_description":"Ako ste ikad do\u017eivjeli intimne tegobe kao \u0161to su iscjedak, svrbe\u017e, peckanje, bol ili neugodan miris, vjerojatno ste patili od infekcije rodnice ili vaginitisa.","og_url":"https:\/\/multi-gyn.com\/hr\/zdravlje-rodnice\/infekcije\/uzroci-infekcija-rodnice\/","og_site_name":"Multi-Gyn","article_modified_time":"2023-08-04T11:50:06+00:00","twitter_card":"summary_large_image","twitter_misc":{"Est. reading time":"2 minutes"},"schema":{"@context":"https:\/\/schema.org","@graph":[{"@type":"WebPage","@id":"https:\/\/multi-gyn.com\/hr\/zdravlje-rodnice\/infekcije\/uzroci-infekcija-rodnice\/","url":"https:\/\/multi-gyn.com\/hr\/zdravlje-rodnice\/infekcije\/uzroci-infekcija-rodnice\/","name":"Uzroci infekcija rodnice - Multi-Gyn","isPartOf":{"@id":"https:\/\/multi-gyn.com\/hr\/#website"},"datePublished":"2023-02-17T10:37:52+00:00","dateModified":"2023-08-04T11:50:06+00:00","description":"Ako ste ikad do\u017eivjeli intimne tegobe kao \u0161to su iscjedak, svrbe\u017e, peckanje, bol ili neugodan miris, vjerojatno ste patili od infekcije rodnice ili vaginitisa.","breadcrumb":{"@id":"https:\/\/multi-gyn.com\/hr\/zdravlje-rodnice\/infekcije\/uzroci-infekcija-rodnice\/#breadcrumb"},"inLanguage":"hr-HR","potentialAction":[{"@type":"ReadAction","target":["https:\/\/multi-gyn.com\/hr\/zdravlje-rodnice\/infekcije\/uzroci-infekcija-rodnice\/"]}]},{"@type":"BreadcrumbList","@id":"https:\/\/multi-gyn.com\/hr\/zdravlje-rodnice\/infekcije\/uzroci-infekcija-rodnice\/#breadcrumb","itemListElement":[{"@type":"ListItem","position":1,"name":"Home","item":"https:\/\/multi-gyn.com\/hr\/"},{"@type":"ListItem","position":2,"name":"Zdravlje rodnice","item":"https:\/\/multi-gyn.com\/hr\/zdravlje-rodnice\/"},{"@type":"ListItem","position":3,"name":"Infekcije","item":"https:\/\/multi-gyn.com\/hr\/zdravlje-rodnice\/infekcije\/"},{"@type":"ListItem","position":4,"name":"Uzroci infekcija rodnice"}]},{"@type":"WebSite","@id":"https:\/\/multi-gyn.com\/hr\/#website","url":"https:\/\/multi-gyn.com\/hr\/","name":"Multi-Gyn","description":"","publisher":{"@id":"https:\/\/multi-gyn.com\/hr\/#organization"},"potentialAction":[{"@type":"SearchAction","target":{"@type":"EntryPoint","urlTemplate":"https:\/\/multi-gyn.com\/hr\/?s={search_term_string}"},"query-input":{"@type":"PropertyValueSpecification","valueRequired":true,"valueName":"search_term_string"}}],"inLanguage":"hr-HR"},{"@type":"Organization","@id":"https:\/\/multi-gyn.com\/hr\/#organization","name":"Multi-Gyn","url":"https:\/\/multi-gyn.com\/hr\/","logo":{"@type":"ImageObject","inLanguage":"hr-HR","@id":"https:\/\/multi-gyn.com\/hr\/#\/schema\/logo\/image\/","url":"https:\/\/multi-gyn.com\/app\/uploads\/sites\/43\/2023\/02\/multi-gyn-logo.png","contentUrl":"https:\/\/multi-gyn.com\/app\/uploads\/sites\/43\/2023\/02\/multi-gyn-logo.png","width":149,"height":32,"caption":"Multi-Gyn"},"image":{"@id":"https:\/\/multi-gyn.com\/hr\/#\/schema\/logo\/image\/"}}]}},"_links":{"self":[{"href":"https:\/\/multi-gyn.com\/hr\/wp-json\/wp\/v2\/pages\/147","targetHints":{"allow":["GET"]}}],"collection":[{"href":"https:\/\/multi-gyn.com\/hr\/wp-json\/wp\/v2\/pages"}],"about":[{"href":"https:\/\/multi-gyn.com\/hr\/wp-json\/wp\/v2\/types\/page"}],"author":[{"embeddable":true,"href":"https:\/\/multi-gyn.com\/hr\/wp-json\/wp\/v2\/users\/2"}],"replies":[{"embeddable":true,"href":"https:\/\/multi-gyn.com\/hr\/wp-json\/wp\/v2\/comments?post=147"}],"version-history":[{"count":4,"href":"https:\/\/multi-gyn.com\/hr\/wp-json\/wp\/v2\/pages\/147\/revisions"}],"predecessor-version":[{"id":414,"href":"https:\/\/multi-gyn.com\/hr\/wp-json\/wp\/v2\/pages\/147\/revisions\/414"}],"up":[{"embeddable":true,"href":"https:\/\/multi-gyn.com\/hr\/wp-json\/wp\/v2\/pages\/115"}],"wp:attachment":[{"href":"https:\/\/multi-gyn.com\/hr\/wp-json\/wp\/v2\/media?parent=147"}],"wp:term":[{"taxonomy":"from-article-database","embeddable":true,"href":"https:\/\/multi-gyn.com\/hr\/wp-json\/wp\/v2\/from-article-database?post=147"}],"curies":[{"name":"wp","href":"https:\/\/api.w.org\/{rel}","templated":true}]}}