{"id":149,"date":"2023-02-17T11:38:15","date_gmt":"2023-02-17T10:38:15","guid":{"rendered":"https:\/\/multi-gyn.com\/hr\/?page_id=149"},"modified":"2023-08-04T13:50:04","modified_gmt":"2023-08-04T11:50:04","slug":"gljivicna-infekcija-rodnice-tijekom-trudnoce","status":"publish","type":"page","link":"https:\/\/multi-gyn.com\/hr\/zdravlje-rodnice\/infekcije\/gljivicna-infekcija-rodnice-tijekom-trudnoce\/","title":{"rendered":"Gljivi\u010dna infekcija rodnice tijekom trudno\u0107e"},"content":{"rendered":"\n<div class=\"wp-block-karopharma-free-text pt-large pb-large bg-center bg-cover bg-no-repeat  is-style-primary\" style=\"background-image:url()\"><div class=\"free-text-wrapper container max-w-medium text-left\">\n<h1 class=\"wp-block-heading\">Gljivi\u010dna infekcija rodnice tijekom trudno\u0107e<\/h1>\n\n\n\n<p class=\"is-style-paragraph-preamble\">Nije neuobi\u010dajeno da \u017eene do\u017eivljavaju tegobe rodnice puno vi\u0161e tijekom trudno\u0107e nego u bilo koje vrijeme prije ili poslije. Promjenama koje na\u0161e tijelo prolazi tijekom razvoja i rasta ploda i tijekom dojenja, uglavnom upravljaju hormoni i imaju utjecaj na svaki aspekt na\u0161eg \u017eivota.<\/p>\n<\/div><\/div>\n\n\n\n<div class=\"wp-block-karopharma-free-text pt-large pb-large bg-center bg-cover bg-no-repeat\" style=\"background-image:url()\"><div class=\"free-text-wrapper container max-w-medium text-left\">\n<p>O mu\u010dnini, dobivanju na te\u017eini i zaboravnosti naduga\u010dko se raspravlja me\u0111u budu\u0107im mamama. Ali malo njih spomene gljivi\u010dnu infekciju rodnice, koja mo\u017ee biti pravi problem tijekom trudno\u0107e, naru\u0161avaju\u0107i \u010desto ve\u0107 uzdrman ljubavni \u017eivot sretnih budu\u0107ih roditelja. Ali, iako gljivica ili kandida mo\u017ee biti te\u0161ka, dosadna i ponavljati se, obi\u010dno ne nosi nikakav rizik za majku i bebu. Ako imate gljivi\u010dnu infekciju kada zatrudnite, postoji \u0161ansa da \u0107e beba razviti infekciju u ustima.<\/p>\n\n\n\n<p>Me\u0111utim, ako ste trudni i imate simptome kao \u0161to su obilan iscjedak, svrbe\u017e i iritacija, morate kontaktirati lije\u010dnika ili primalju, koji \u0107e ispitati Va\u0161 slu\u010daj i propisati pravu terapiju. Mo\u017eete nabaviti u ljekarni preparate na recept i antimikoti\u010dnu terapiju tijekom trudno\u0107e.<\/p>\n\n\n\n<h2 class=\"is-style-heading-h2 wp-block-heading\">Koji su simptomi gljivi\u010dne infekcije rodnice?<\/h2>\n\n\n\n<p>Simptomi vaginalne kandidijaze su:<\/p>\n\n\n\n<ul class=\"is-style-default wp-block-list\"><li>bijeli gusti iscjedak sli\u010dan siru<\/li><li>svrbe\u017e i iritacija rodnice<\/li><li>crvenilo i peckanje tijekom mokrenja.<\/li><\/ul>\n\n\n\n<p>Neki od ovih simptoma mogu se pojaviti u drugim uvjetima, kao \u0161to su bakterijska vaginoza ili spolno prenosiva bolest. S obzirom na to da mogu imati ozbiljne posljedice za majku i bebu, va\u017eno je da se obratite svom lije\u010dniku ili primalji te razgovarate o svojim simptomima.<\/p>\n\n\n\n<h2 class=\"is-style-heading-h2 wp-block-heading\">Ponovna gljivi\u010dna infekcija rodnice tijekom trudno\u0107e<\/h2>\n\n\n\n<p>Katkad, bez obzira na propisanu terapiju i promjenu razine hormona, trudnica mo\u017ee iskusiti infekciju kandidom iznova i iznova. Candida albicans, mikroorganizam odgovoran za ve\u0107inu slu\u010dajeva kandide, mo\u017ee postati otporna na antimikoti\u010dnu terapiju.<\/p>\n\n\n\n<p>Prebiotska terapija mo\u017ee ponuditi podr\u0161ku flori rodnice, ali u ve\u0107ini slu\u010dajeva ne mo\u017ee se nositi s infekcijom. Ako se na\u0111ete u takvoj situaciji, jedino \u0161to ostaje u\u010diniti jest ubla\u017eavanje simptoma, dok se trudno\u0107a ne zavr\u0161i i hormoni ne vrate na &#8220;normalu&#8221;. To se mo\u017ee posti\u0107i pomo\u0107u sprejeva ili gelova koji hlade ko\u017eu ili zaustavljaju svrbe\u017e i osje\u0107aj peckanja. Me\u0111utim, svaka trudno\u0107a je druk\u010dija i treba se posavjetovati s lije\u010dnikom prije nego \u0161to odlu\u010dite koristiti bilo koji proizvod za lije\u010denje va\u0161e intimne regije.<\/p>\n\n\n\n<p class=\"is-style-paragraph-preamble\"><em><mark style=\"background-color:rgba(0, 0, 0, 0)\" class=\"has-inline-color has-primary-color\">&#8220;Me\u0111utim, ako ste trudni i imate simptome kao \u0161to su obilan iscjedak, svrbe\u017e i iritacija, morate se obaratiti svom lije\u010dniku ili primalji, koji \u0107e ispitati Va\u0161 slu\u010daj i propisati pravu terapiju.&#8221;<\/mark><\/em><\/p>\n<\/div><\/div>\n","protected":false},"excerpt":{"rendered":"","protected":false},"author":2,"featured_media":0,"parent":115,"menu_order":6,"comment_status":"closed","ping_status":"closed","template":"","meta":{"_acf_changed":false,"footnotes":""},"from-article-database":[],"class_list":["post-149","page","type-page","status-publish","hentry"],"acf":[],"yoast_head":"<!-- This site is optimized with the Yoast SEO plugin v26.6 - https:\/\/yoast.com\/wordpress\/plugins\/seo\/ -->\n<title>Gljivi\u010dna infekcija rodnice tijekom trudno\u0107e - Multi-Gyn<\/title>\n<meta name=\"description\" content=\"Nije neuobi\u010dajeno da \u017eene do\u017eivljavaju tegobe rodnice puno vi\u0161e tijekom trudno\u0107e nego u bilo koje vrijeme prije ili poslije.\" \/>\n<meta name=\"robots\" content=\"index, follow, max-snippet:-1, max-image-preview:large, max-video-preview:-1\" \/>\n<link rel=\"canonical\" href=\"https:\/\/multi-gyn.com\/hr\/zdravlje-rodnice\/infekcije\/gljivicna-infekcija-rodnice-tijekom-trudnoce\/\" \/>\n<meta property=\"og:locale\" content=\"hr_HR\" \/>\n<meta property=\"og:type\" content=\"article\" \/>\n<meta property=\"og:title\" content=\"Gljivi\u010dna infekcija rodnice tijekom trudno\u0107e - Multi-Gyn\" \/>\n<meta property=\"og:description\" content=\"Nije neuobi\u010dajeno da \u017eene do\u017eivljavaju tegobe rodnice puno vi\u0161e tijekom trudno\u0107e nego u bilo koje vrijeme prije ili poslije.\" \/>\n<meta property=\"og:url\" content=\"https:\/\/multi-gyn.com\/hr\/zdravlje-rodnice\/infekcije\/gljivicna-infekcija-rodnice-tijekom-trudnoce\/\" \/>\n<meta property=\"og:site_name\" content=\"Multi-Gyn\" \/>\n<meta property=\"article:modified_time\" content=\"2023-08-04T11:50:04+00:00\" \/>\n<meta name=\"twitter:card\" content=\"summary_large_image\" \/>\n<meta name=\"twitter:label1\" content=\"Est. reading time\" \/>\n\t<meta name=\"twitter:data1\" content=\"3 minutes\" \/>\n<script type=\"application\/ld+json\" class=\"yoast-schema-graph\">{\"@context\":\"https:\/\/schema.org\",\"@graph\":[{\"@type\":\"WebPage\",\"@id\":\"https:\/\/multi-gyn.com\/hr\/zdravlje-rodnice\/infekcije\/gljivicna-infekcija-rodnice-tijekom-trudnoce\/\",\"url\":\"https:\/\/multi-gyn.com\/hr\/zdravlje-rodnice\/infekcije\/gljivicna-infekcija-rodnice-tijekom-trudnoce\/\",\"name\":\"Gljivi\u010dna infekcija rodnice tijekom trudno\u0107e - Multi-Gyn\",\"isPartOf\":{\"@id\":\"https:\/\/multi-gyn.com\/hr\/#website\"},\"datePublished\":\"2023-02-17T10:38:15+00:00\",\"dateModified\":\"2023-08-04T11:50:04+00:00\",\"description\":\"Nije neuobi\u010dajeno da \u017eene do\u017eivljavaju tegobe rodnice puno vi\u0161e tijekom trudno\u0107e nego u bilo koje vrijeme prije ili poslije.\",\"breadcrumb\":{\"@id\":\"https:\/\/multi-gyn.com\/hr\/zdravlje-rodnice\/infekcije\/gljivicna-infekcija-rodnice-tijekom-trudnoce\/#breadcrumb\"},\"inLanguage\":\"hr-HR\",\"potentialAction\":[{\"@type\":\"ReadAction\",\"target\":[\"https:\/\/multi-gyn.com\/hr\/zdravlje-rodnice\/infekcije\/gljivicna-infekcija-rodnice-tijekom-trudnoce\/\"]}]},{\"@type\":\"BreadcrumbList\",\"@id\":\"https:\/\/multi-gyn.com\/hr\/zdravlje-rodnice\/infekcije\/gljivicna-infekcija-rodnice-tijekom-trudnoce\/#breadcrumb\",\"itemListElement\":[{\"@type\":\"ListItem\",\"position\":1,\"name\":\"Home\",\"item\":\"https:\/\/multi-gyn.com\/hr\/\"},{\"@type\":\"ListItem\",\"position\":2,\"name\":\"Zdravlje rodnice\",\"item\":\"https:\/\/multi-gyn.com\/hr\/zdravlje-rodnice\/\"},{\"@type\":\"ListItem\",\"position\":3,\"name\":\"Infekcije\",\"item\":\"https:\/\/multi-gyn.com\/hr\/zdravlje-rodnice\/infekcije\/\"},{\"@type\":\"ListItem\",\"position\":4,\"name\":\"Gljivi\u010dna infekcija rodnice tijekom trudno\u0107e\"}]},{\"@type\":\"WebSite\",\"@id\":\"https:\/\/multi-gyn.com\/hr\/#website\",\"url\":\"https:\/\/multi-gyn.com\/hr\/\",\"name\":\"Multi-Gyn\",\"description\":\"\",\"publisher\":{\"@id\":\"https:\/\/multi-gyn.com\/hr\/#organization\"},\"potentialAction\":[{\"@type\":\"SearchAction\",\"target\":{\"@type\":\"EntryPoint\",\"urlTemplate\":\"https:\/\/multi-gyn.com\/hr\/?s={search_term_string}\"},\"query-input\":{\"@type\":\"PropertyValueSpecification\",\"valueRequired\":true,\"valueName\":\"search_term_string\"}}],\"inLanguage\":\"hr-HR\"},{\"@type\":\"Organization\",\"@id\":\"https:\/\/multi-gyn.com\/hr\/#organization\",\"name\":\"Multi-Gyn\",\"url\":\"https:\/\/multi-gyn.com\/hr\/\",\"logo\":{\"@type\":\"ImageObject\",\"inLanguage\":\"hr-HR\",\"@id\":\"https:\/\/multi-gyn.com\/hr\/#\/schema\/logo\/image\/\",\"url\":\"https:\/\/multi-gyn.com\/app\/uploads\/sites\/43\/2023\/02\/multi-gyn-logo.png\",\"contentUrl\":\"https:\/\/multi-gyn.com\/app\/uploads\/sites\/43\/2023\/02\/multi-gyn-logo.png\",\"width\":149,\"height\":32,\"caption\":\"Multi-Gyn\"},\"image\":{\"@id\":\"https:\/\/multi-gyn.com\/hr\/#\/schema\/logo\/image\/\"}}]}<\/script>\n<!-- \/ Yoast SEO plugin. -->","yoast_head_json":{"title":"Gljivi\u010dna infekcija rodnice tijekom trudno\u0107e - Multi-Gyn","description":"Nije neuobi\u010dajeno da \u017eene do\u017eivljavaju tegobe rodnice puno vi\u0161e tijekom trudno\u0107e nego u bilo koje vrijeme prije ili poslije.","robots":{"index":"index","follow":"follow","max-snippet":"max-snippet:-1","max-image-preview":"max-image-preview:large","max-video-preview":"max-video-preview:-1"},"canonical":"https:\/\/multi-gyn.com\/hr\/zdravlje-rodnice\/infekcije\/gljivicna-infekcija-rodnice-tijekom-trudnoce\/","og_locale":"hr_HR","og_type":"article","og_title":"Gljivi\u010dna infekcija rodnice tijekom trudno\u0107e - Multi-Gyn","og_description":"Nije neuobi\u010dajeno da \u017eene do\u017eivljavaju tegobe rodnice puno vi\u0161e tijekom trudno\u0107e nego u bilo koje vrijeme prije ili poslije.","og_url":"https:\/\/multi-gyn.com\/hr\/zdravlje-rodnice\/infekcije\/gljivicna-infekcija-rodnice-tijekom-trudnoce\/","og_site_name":"Multi-Gyn","article_modified_time":"2023-08-04T11:50:04+00:00","twitter_card":"summary_large_image","twitter_misc":{"Est. reading time":"3 minutes"},"schema":{"@context":"https:\/\/schema.org","@graph":[{"@type":"WebPage","@id":"https:\/\/multi-gyn.com\/hr\/zdravlje-rodnice\/infekcije\/gljivicna-infekcija-rodnice-tijekom-trudnoce\/","url":"https:\/\/multi-gyn.com\/hr\/zdravlje-rodnice\/infekcije\/gljivicna-infekcija-rodnice-tijekom-trudnoce\/","name":"Gljivi\u010dna infekcija rodnice tijekom trudno\u0107e - Multi-Gyn","isPartOf":{"@id":"https:\/\/multi-gyn.com\/hr\/#website"},"datePublished":"2023-02-17T10:38:15+00:00","dateModified":"2023-08-04T11:50:04+00:00","description":"Nije neuobi\u010dajeno da \u017eene do\u017eivljavaju tegobe rodnice puno vi\u0161e tijekom trudno\u0107e nego u bilo koje vrijeme prije ili poslije.","breadcrumb":{"@id":"https:\/\/multi-gyn.com\/hr\/zdravlje-rodnice\/infekcije\/gljivicna-infekcija-rodnice-tijekom-trudnoce\/#breadcrumb"},"inLanguage":"hr-HR","potentialAction":[{"@type":"ReadAction","target":["https:\/\/multi-gyn.com\/hr\/zdravlje-rodnice\/infekcije\/gljivicna-infekcija-rodnice-tijekom-trudnoce\/"]}]},{"@type":"BreadcrumbList","@id":"https:\/\/multi-gyn.com\/hr\/zdravlje-rodnice\/infekcije\/gljivicna-infekcija-rodnice-tijekom-trudnoce\/#breadcrumb","itemListElement":[{"@type":"ListItem","position":1,"name":"Home","item":"https:\/\/multi-gyn.com\/hr\/"},{"@type":"ListItem","position":2,"name":"Zdravlje rodnice","item":"https:\/\/multi-gyn.com\/hr\/zdravlje-rodnice\/"},{"@type":"ListItem","position":3,"name":"Infekcije","item":"https:\/\/multi-gyn.com\/hr\/zdravlje-rodnice\/infekcije\/"},{"@type":"ListItem","position":4,"name":"Gljivi\u010dna infekcija rodnice tijekom trudno\u0107e"}]},{"@type":"WebSite","@id":"https:\/\/multi-gyn.com\/hr\/#website","url":"https:\/\/multi-gyn.com\/hr\/","name":"Multi-Gyn","description":"","publisher":{"@id":"https:\/\/multi-gyn.com\/hr\/#organization"},"potentialAction":[{"@type":"SearchAction","target":{"@type":"EntryPoint","urlTemplate":"https:\/\/multi-gyn.com\/hr\/?s={search_term_string}"},"query-input":{"@type":"PropertyValueSpecification","valueRequired":true,"valueName":"search_term_string"}}],"inLanguage":"hr-HR"},{"@type":"Organization","@id":"https:\/\/multi-gyn.com\/hr\/#organization","name":"Multi-Gyn","url":"https:\/\/multi-gyn.com\/hr\/","logo":{"@type":"ImageObject","inLanguage":"hr-HR","@id":"https:\/\/multi-gyn.com\/hr\/#\/schema\/logo\/image\/","url":"https:\/\/multi-gyn.com\/app\/uploads\/sites\/43\/2023\/02\/multi-gyn-logo.png","contentUrl":"https:\/\/multi-gyn.com\/app\/uploads\/sites\/43\/2023\/02\/multi-gyn-logo.png","width":149,"height":32,"caption":"Multi-Gyn"},"image":{"@id":"https:\/\/multi-gyn.com\/hr\/#\/schema\/logo\/image\/"}}]}},"_links":{"self":[{"href":"https:\/\/multi-gyn.com\/hr\/wp-json\/wp\/v2\/pages\/149","targetHints":{"allow":["GET"]}}],"collection":[{"href":"https:\/\/multi-gyn.com\/hr\/wp-json\/wp\/v2\/pages"}],"about":[{"href":"https:\/\/multi-gyn.com\/hr\/wp-json\/wp\/v2\/types\/page"}],"author":[{"embeddable":true,"href":"https:\/\/multi-gyn.com\/hr\/wp-json\/wp\/v2\/users\/2"}],"replies":[{"embeddable":true,"href":"https:\/\/multi-gyn.com\/hr\/wp-json\/wp\/v2\/comments?post=149"}],"version-history":[{"count":2,"href":"https:\/\/multi-gyn.com\/hr\/wp-json\/wp\/v2\/pages\/149\/revisions"}],"predecessor-version":[{"id":413,"href":"https:\/\/multi-gyn.com\/hr\/wp-json\/wp\/v2\/pages\/149\/revisions\/413"}],"up":[{"embeddable":true,"href":"https:\/\/multi-gyn.com\/hr\/wp-json\/wp\/v2\/pages\/115"}],"wp:attachment":[{"href":"https:\/\/multi-gyn.com\/hr\/wp-json\/wp\/v2\/media?parent=149"}],"wp:term":[{"taxonomy":"from-article-database","embeddable":true,"href":"https:\/\/multi-gyn.com\/hr\/wp-json\/wp\/v2\/from-article-database?post=149"}],"curies":[{"name":"wp","href":"https:\/\/api.w.org\/{rel}","templated":true}]}}