{"id":151,"date":"2023-02-17T11:38:28","date_gmt":"2023-02-17T10:38:28","guid":{"rendered":"https:\/\/multi-gyn.com\/hr\/?page_id=151"},"modified":"2023-08-04T13:50:02","modified_gmt":"2023-08-04T11:50:02","slug":"infekcije-rodnice-i-antibiotici","status":"publish","type":"page","link":"https:\/\/multi-gyn.com\/hr\/zdravlje-rodnice\/infekcije\/infekcije-rodnice-i-antibiotici\/","title":{"rendered":"Infekcije rodnice i antibiotici"},"content":{"rendered":"\n<div class=\"wp-block-karopharma-free-text pt-large pb-large bg-center bg-cover bg-no-repeat  is-style-primary\" style=\"background-image:url()\"><div class=\"free-text-wrapper container max-w-medium text-left\">\n<h1 class=\"wp-block-heading\">Infekcije rodnice i antibiotici<\/h1>\n\n\n\n<p class=\"is-style-paragraph-preamble\">Infekcije rodnice mogu biti izazvane brojnim faktorima. Jedan od naj\u010de\u0161\u0107ih uzroka je primjena antibiotika. Doznajte vi\u0161e o tome kako antibiotici mogu poremetiti ravnote\u017eu flore rodnice i kako sprije\u010diti nastanak tegoba rodnice, nuspojava terapije antibioticima.<\/p>\n<\/div><\/div>\n\n\n\n<div class=\"wp-block-karopharma-free-text pt-large pb-large bg-center bg-cover bg-no-repeat\" style=\"background-image:url()\"><div class=\"free-text-wrapper container max-w-medium text-left\">\n<h2 class=\"is-style-heading-h2 wp-block-heading\">Kako djeluju antibiotici<\/h2>\n\n\n\n<p>Antibiotici su skupina lijekova koji uni\u0161tavaju bakterije ili zaustavljanju njihov rast, tako da zaustavljaju infekciju i poma\u017eu na\u0161em tijelu da se izbori protiv bolesti. Ova vrsta lijekova ima vrlo \u0161iroku primjenu, od upale grla do infekcije pojedinih organa. Iako su antibiotici vrlo u\u010dinkovita i prili\u010dno sigurna skupina lijekova, nisu selektivni &#8211; \u0161to zna\u010di da ne samo da uni\u0161tavaju bakterije koje napadaju na\u0161e tijelo, nego smanjuju i broj dobrih bakterija koje normalno \u017eive u na\u0161em organizmu. Dobre bakterije ne izazivaju problem, a \u010desto su i korisne za na\u0161e zdravlje. Stoga je njihovo uni\u0161tavanje dobro poznat ne\u017eeljen sporedni u\u010dinak antibiotske terapije.<\/p>\n\n\n\n<h2 class=\"is-style-heading-h2 wp-block-heading\">Infekcije rodnice nakon antibiotika<\/h2>\n\n\n\n<p>Smanjenje broja dobrih bakterija daje prostora lo\u0161im bakterijama i gljivicama za rast. Upravo je iz tog razloga uobi\u010dajeno da \u017eene iskuse bakterijsku vaginozu ili gljivi\u010dnu infekciju odmah poslije antibiotske terapije, ili \u010dak tijekom nje. \u010cesto se doga\u0111a da se kod \u017eena koje koriste antibiotike za lije\u010denje, pored postoje\u0107e infekcije rodnice, a nakon tretirane inicijalne infekcije, pojavljuje sekundarna. To se doga\u0111a zato \u0161to je flora rodnice o\u0161te\u0107ena tijekom terapije antibioticima, \u0161to dovodi do pove\u0107ana rizika za ponovnu epizodu bakterijske vaginoze ili gljivi\u010dne infekcije, koje mogu zahtijevati dodatnu terapiju.<\/p>\n\n\n\n<p>Da biste se za\u0161titili od infekcija rodnice uzrokovanih antibioticima, koristite proizvode koji sadr\u017ee prebiotike. Prebiotici poti\u010du rast dobrih bakterija i poma\u017eu oporavak flore rodnice. Na taj na\u010din mogu pomo\u0107i u sprje\u010davanju infekcije rodnice uzrokovane antibioticima ili drugim faktorima, ali i ubrzati oporavak nakon \u0161to su se ve\u0107 pojavili simptomi.<\/p>\n\n\n\n<p class=\"is-style-paragraph-preamble\"><em><mark style=\"background-color:rgba(0, 0, 0, 0)\" class=\"has-inline-color has-primary-color\">&#8220;Smanjenje broja dobrih bakterija daje prostora lo\u0161im bakterijama i gljivicama za rast. Upravo je iz tog razloga uobi\u010dajeno da \u017eene iskuse bakterijsku vaginozu ili gljivi\u010dnu infekciju odmah poslije antibiotske terapije, ili \u010dak tijekom nje.&#8221;<\/mark><\/em><\/p>\n<\/div><\/div>\n","protected":false},"excerpt":{"rendered":"","protected":false},"author":2,"featured_media":0,"parent":115,"menu_order":7,"comment_status":"closed","ping_status":"closed","template":"","meta":{"_acf_changed":false,"footnotes":""},"from-article-database":[],"class_list":["post-151","page","type-page","status-publish","hentry"],"acf":[],"yoast_head":"<!-- This site is optimized with the Yoast SEO plugin v26.6 - https:\/\/yoast.com\/wordpress\/plugins\/seo\/ -->\n<title>Infekcije rodnice i antibiotici - Multi-Gyn<\/title>\n<meta name=\"description\" content=\"Infekcije rodnice mogu biti izazvane brojnim faktorima. Jedan od naj\u010de\u0161\u0107ih uzroka je primjena antibiotika.\" \/>\n<meta name=\"robots\" content=\"index, follow, max-snippet:-1, max-image-preview:large, max-video-preview:-1\" \/>\n<link rel=\"canonical\" href=\"https:\/\/multi-gyn.com\/hr\/zdravlje-rodnice\/infekcije\/infekcije-rodnice-i-antibiotici\/\" \/>\n<meta property=\"og:locale\" content=\"hr_HR\" \/>\n<meta property=\"og:type\" content=\"article\" \/>\n<meta property=\"og:title\" content=\"Infekcije rodnice i antibiotici - Multi-Gyn\" \/>\n<meta property=\"og:description\" content=\"Infekcije rodnice mogu biti izazvane brojnim faktorima. Jedan od naj\u010de\u0161\u0107ih uzroka je primjena antibiotika.\" \/>\n<meta property=\"og:url\" content=\"https:\/\/multi-gyn.com\/hr\/zdravlje-rodnice\/infekcije\/infekcije-rodnice-i-antibiotici\/\" \/>\n<meta property=\"og:site_name\" content=\"Multi-Gyn\" \/>\n<meta property=\"article:modified_time\" content=\"2023-08-04T11:50:02+00:00\" \/>\n<meta name=\"twitter:card\" content=\"summary_large_image\" \/>\n<meta name=\"twitter:label1\" content=\"Est. reading time\" \/>\n\t<meta name=\"twitter:data1\" content=\"2 minutes\" \/>\n<script type=\"application\/ld+json\" class=\"yoast-schema-graph\">{\"@context\":\"https:\/\/schema.org\",\"@graph\":[{\"@type\":\"WebPage\",\"@id\":\"https:\/\/multi-gyn.com\/hr\/zdravlje-rodnice\/infekcije\/infekcije-rodnice-i-antibiotici\/\",\"url\":\"https:\/\/multi-gyn.com\/hr\/zdravlje-rodnice\/infekcije\/infekcije-rodnice-i-antibiotici\/\",\"name\":\"Infekcije rodnice i antibiotici - Multi-Gyn\",\"isPartOf\":{\"@id\":\"https:\/\/multi-gyn.com\/hr\/#website\"},\"datePublished\":\"2023-02-17T10:38:28+00:00\",\"dateModified\":\"2023-08-04T11:50:02+00:00\",\"description\":\"Infekcije rodnice mogu biti izazvane brojnim faktorima. Jedan od naj\u010de\u0161\u0107ih uzroka je primjena antibiotika.\",\"breadcrumb\":{\"@id\":\"https:\/\/multi-gyn.com\/hr\/zdravlje-rodnice\/infekcije\/infekcije-rodnice-i-antibiotici\/#breadcrumb\"},\"inLanguage\":\"hr-HR\",\"potentialAction\":[{\"@type\":\"ReadAction\",\"target\":[\"https:\/\/multi-gyn.com\/hr\/zdravlje-rodnice\/infekcije\/infekcije-rodnice-i-antibiotici\/\"]}]},{\"@type\":\"BreadcrumbList\",\"@id\":\"https:\/\/multi-gyn.com\/hr\/zdravlje-rodnice\/infekcije\/infekcije-rodnice-i-antibiotici\/#breadcrumb\",\"itemListElement\":[{\"@type\":\"ListItem\",\"position\":1,\"name\":\"Home\",\"item\":\"https:\/\/multi-gyn.com\/hr\/\"},{\"@type\":\"ListItem\",\"position\":2,\"name\":\"Zdravlje rodnice\",\"item\":\"https:\/\/multi-gyn.com\/hr\/zdravlje-rodnice\/\"},{\"@type\":\"ListItem\",\"position\":3,\"name\":\"Infekcije\",\"item\":\"https:\/\/multi-gyn.com\/hr\/zdravlje-rodnice\/infekcije\/\"},{\"@type\":\"ListItem\",\"position\":4,\"name\":\"Infekcije rodnice i antibiotici\"}]},{\"@type\":\"WebSite\",\"@id\":\"https:\/\/multi-gyn.com\/hr\/#website\",\"url\":\"https:\/\/multi-gyn.com\/hr\/\",\"name\":\"Multi-Gyn\",\"description\":\"\",\"publisher\":{\"@id\":\"https:\/\/multi-gyn.com\/hr\/#organization\"},\"potentialAction\":[{\"@type\":\"SearchAction\",\"target\":{\"@type\":\"EntryPoint\",\"urlTemplate\":\"https:\/\/multi-gyn.com\/hr\/?s={search_term_string}\"},\"query-input\":{\"@type\":\"PropertyValueSpecification\",\"valueRequired\":true,\"valueName\":\"search_term_string\"}}],\"inLanguage\":\"hr-HR\"},{\"@type\":\"Organization\",\"@id\":\"https:\/\/multi-gyn.com\/hr\/#organization\",\"name\":\"Multi-Gyn\",\"url\":\"https:\/\/multi-gyn.com\/hr\/\",\"logo\":{\"@type\":\"ImageObject\",\"inLanguage\":\"hr-HR\",\"@id\":\"https:\/\/multi-gyn.com\/hr\/#\/schema\/logo\/image\/\",\"url\":\"https:\/\/multi-gyn.com\/app\/uploads\/sites\/43\/2023\/02\/multi-gyn-logo.png\",\"contentUrl\":\"https:\/\/multi-gyn.com\/app\/uploads\/sites\/43\/2023\/02\/multi-gyn-logo.png\",\"width\":149,\"height\":32,\"caption\":\"Multi-Gyn\"},\"image\":{\"@id\":\"https:\/\/multi-gyn.com\/hr\/#\/schema\/logo\/image\/\"}}]}<\/script>\n<!-- \/ Yoast SEO plugin. -->","yoast_head_json":{"title":"Infekcije rodnice i antibiotici - Multi-Gyn","description":"Infekcije rodnice mogu biti izazvane brojnim faktorima. Jedan od naj\u010de\u0161\u0107ih uzroka je primjena antibiotika.","robots":{"index":"index","follow":"follow","max-snippet":"max-snippet:-1","max-image-preview":"max-image-preview:large","max-video-preview":"max-video-preview:-1"},"canonical":"https:\/\/multi-gyn.com\/hr\/zdravlje-rodnice\/infekcije\/infekcije-rodnice-i-antibiotici\/","og_locale":"hr_HR","og_type":"article","og_title":"Infekcije rodnice i antibiotici - Multi-Gyn","og_description":"Infekcije rodnice mogu biti izazvane brojnim faktorima. Jedan od naj\u010de\u0161\u0107ih uzroka je primjena antibiotika.","og_url":"https:\/\/multi-gyn.com\/hr\/zdravlje-rodnice\/infekcije\/infekcije-rodnice-i-antibiotici\/","og_site_name":"Multi-Gyn","article_modified_time":"2023-08-04T11:50:02+00:00","twitter_card":"summary_large_image","twitter_misc":{"Est. reading time":"2 minutes"},"schema":{"@context":"https:\/\/schema.org","@graph":[{"@type":"WebPage","@id":"https:\/\/multi-gyn.com\/hr\/zdravlje-rodnice\/infekcije\/infekcije-rodnice-i-antibiotici\/","url":"https:\/\/multi-gyn.com\/hr\/zdravlje-rodnice\/infekcije\/infekcije-rodnice-i-antibiotici\/","name":"Infekcije rodnice i antibiotici - Multi-Gyn","isPartOf":{"@id":"https:\/\/multi-gyn.com\/hr\/#website"},"datePublished":"2023-02-17T10:38:28+00:00","dateModified":"2023-08-04T11:50:02+00:00","description":"Infekcije rodnice mogu biti izazvane brojnim faktorima. Jedan od naj\u010de\u0161\u0107ih uzroka je primjena antibiotika.","breadcrumb":{"@id":"https:\/\/multi-gyn.com\/hr\/zdravlje-rodnice\/infekcije\/infekcije-rodnice-i-antibiotici\/#breadcrumb"},"inLanguage":"hr-HR","potentialAction":[{"@type":"ReadAction","target":["https:\/\/multi-gyn.com\/hr\/zdravlje-rodnice\/infekcije\/infekcije-rodnice-i-antibiotici\/"]}]},{"@type":"BreadcrumbList","@id":"https:\/\/multi-gyn.com\/hr\/zdravlje-rodnice\/infekcije\/infekcije-rodnice-i-antibiotici\/#breadcrumb","itemListElement":[{"@type":"ListItem","position":1,"name":"Home","item":"https:\/\/multi-gyn.com\/hr\/"},{"@type":"ListItem","position":2,"name":"Zdravlje rodnice","item":"https:\/\/multi-gyn.com\/hr\/zdravlje-rodnice\/"},{"@type":"ListItem","position":3,"name":"Infekcije","item":"https:\/\/multi-gyn.com\/hr\/zdravlje-rodnice\/infekcije\/"},{"@type":"ListItem","position":4,"name":"Infekcije rodnice i antibiotici"}]},{"@type":"WebSite","@id":"https:\/\/multi-gyn.com\/hr\/#website","url":"https:\/\/multi-gyn.com\/hr\/","name":"Multi-Gyn","description":"","publisher":{"@id":"https:\/\/multi-gyn.com\/hr\/#organization"},"potentialAction":[{"@type":"SearchAction","target":{"@type":"EntryPoint","urlTemplate":"https:\/\/multi-gyn.com\/hr\/?s={search_term_string}"},"query-input":{"@type":"PropertyValueSpecification","valueRequired":true,"valueName":"search_term_string"}}],"inLanguage":"hr-HR"},{"@type":"Organization","@id":"https:\/\/multi-gyn.com\/hr\/#organization","name":"Multi-Gyn","url":"https:\/\/multi-gyn.com\/hr\/","logo":{"@type":"ImageObject","inLanguage":"hr-HR","@id":"https:\/\/multi-gyn.com\/hr\/#\/schema\/logo\/image\/","url":"https:\/\/multi-gyn.com\/app\/uploads\/sites\/43\/2023\/02\/multi-gyn-logo.png","contentUrl":"https:\/\/multi-gyn.com\/app\/uploads\/sites\/43\/2023\/02\/multi-gyn-logo.png","width":149,"height":32,"caption":"Multi-Gyn"},"image":{"@id":"https:\/\/multi-gyn.com\/hr\/#\/schema\/logo\/image\/"}}]}},"_links":{"self":[{"href":"https:\/\/multi-gyn.com\/hr\/wp-json\/wp\/v2\/pages\/151","targetHints":{"allow":["GET"]}}],"collection":[{"href":"https:\/\/multi-gyn.com\/hr\/wp-json\/wp\/v2\/pages"}],"about":[{"href":"https:\/\/multi-gyn.com\/hr\/wp-json\/wp\/v2\/types\/page"}],"author":[{"embeddable":true,"href":"https:\/\/multi-gyn.com\/hr\/wp-json\/wp\/v2\/users\/2"}],"replies":[{"embeddable":true,"href":"https:\/\/multi-gyn.com\/hr\/wp-json\/wp\/v2\/comments?post=151"}],"version-history":[{"count":2,"href":"https:\/\/multi-gyn.com\/hr\/wp-json\/wp\/v2\/pages\/151\/revisions"}],"predecessor-version":[{"id":416,"href":"https:\/\/multi-gyn.com\/hr\/wp-json\/wp\/v2\/pages\/151\/revisions\/416"}],"up":[{"embeddable":true,"href":"https:\/\/multi-gyn.com\/hr\/wp-json\/wp\/v2\/pages\/115"}],"wp:attachment":[{"href":"https:\/\/multi-gyn.com\/hr\/wp-json\/wp\/v2\/media?parent=151"}],"wp:term":[{"taxonomy":"from-article-database","embeddable":true,"href":"https:\/\/multi-gyn.com\/hr\/wp-json\/wp\/v2\/from-article-database?post=151"}],"curies":[{"name":"wp","href":"https:\/\/api.w.org\/{rel}","templated":true}]}}