{"id":153,"date":"2023-02-17T11:38:46","date_gmt":"2023-02-17T10:38:46","guid":{"rendered":"https:\/\/multi-gyn.com\/hr\/?page_id=153"},"modified":"2023-08-04T13:50:00","modified_gmt":"2023-08-04T11:50:00","slug":"iscjedak-iz-rodnice-kao-znak-gljivicne-infekcije","status":"publish","type":"page","link":"https:\/\/multi-gyn.com\/hr\/zdravlje-rodnice\/infekcije\/iscjedak-iz-rodnice-kao-znak-gljivicne-infekcije\/","title":{"rendered":"Iscjedak iz rodnice kao znak gljivi\u010dne infekcije"},"content":{"rendered":"\n<div class=\"wp-block-karopharma-free-text pt-large pb-large bg-center bg-cover bg-no-repeat  is-style-primary\" style=\"background-image:url()\"><div class=\"free-text-wrapper container max-w-medium text-left\">\n<h1 class=\"wp-block-heading\">Iscjedak iz rodnice kao znak gljivi\u010dne infekcije<\/h1>\n\n\n\n<p class=\"is-style-paragraph-preamble\">Iscjedak iz rodnice je teku\u0107ina koju lu\u010de \u017elijezde koje se nalaze u rodnici i vulvi. Iscjedak \u0161titi rodnicuod infekcije, \u010disti je i podmazuje tijekom seksa.<\/p>\n<\/div><\/div>\n\n\n\n<div class=\"wp-block-karopharma-free-text pt-large pb-large bg-center bg-cover bg-no-repeat\" style=\"background-image:url()\"><div class=\"free-text-wrapper container max-w-medium text-left\">\n<p>Katkad, kad ne\u0161to nije u redu u intimnoj regiji, izmijenjeni sekret bit \u0107e jedan od prvih simptoma. To je slu\u010daj kod bakterijske vaginoze, gljivi\u010dne infekcije ili drugih urogenitalnih problema.<\/p>\n\n\n\n<p>Pored sekreta rodnice, drugi znakovi gljivi\u010dne infekcije uklju\u010duju svrbe\u017e, peckanje, crvenilo, iritaciju, oteklinu i bol prilikom mokrenja ili tijekom seksualnog odnosa. Gljivi\u010dne infekcije naj\u010de\u0161\u0107e izaziva Candida albicans, vrsta gljivice koja ina\u010de normalno \u017eivi u razli\u010ditim podru\u010djima na\u0161eg tijela &#8211; u rodnici, probavnom traktu i u ustima. U normalnim uvjetima, gljivice \u017eive u ravnote\u017ei s drugim mikrobima i mogu biti dio na\u0161e zdrave flore rodnice. Me\u0111utim, ako postoji neravnote\u017ea u tijelu, gljivica mo\u017ee po\u010deti nekontrolirano rasti, pri \u010demu izaziva infekciju i prate\u0107e tegobe.<\/p>\n\n\n\n<p>Ve\u0107ina \u017eena do\u017eivi barem jednu infekciju tijekom \u017eivota. Mnoge od njih pate i od ponovljenih infekcije, osobito prije ili neposredno poslije menstruacije, tijekom trudno\u0107e ili tijekom kori\u0161tenja kontracepcijskih pilula. Drugi faktori koji mogu izazvati disbalans flore rodnice i pridonijeti prekomjernom rastu kandide su antibiotici, pretilost, \u0161e\u0107erna bolest, no\u0161enje tijesnoga sinteti\u010dkog rublja, uzimanje lijekova na bazi steroida i dr.<\/p>\n\n\n\n<h2 class=\"is-style-heading-h2 wp-block-heading\">Promjene u iscjetku koje upu\u0107uju na gljivi\u010dnu infekciju<\/h2>\n\n\n\n<p>Normalan iscjedak rodnice mo\u017ee varirati od \u017eene do \u017eene, ali je obi\u010dno bijele ili \u017eu\u0107kaste boje. Mo\u017ee varirati od rijetkoga do gu\u0161\u0107eg, od ljepljivoga do elasti\u010dnog, ovisno o menstrualnom ciklusu, razini stresa, prehrambenim navikama, trudno\u0107i, dojenju ili uzimanju odre\u0111enih lijekova. Mo\u017eda \u0107ete primijetiti da je koli\u010dina iscjetka pove\u0107ana tijekom ovulacije ili kad ste uzbu\u0111eni. Primijetite li iscjedak koji je bijel, gust, grudvi\u010dast, izgleda kao sir, to mo\u017ee biti znak gljivi\u010dne infekcije. Sekret se mo\u017ee pove\u0107ati i tijekom gljivi\u010dne infekcije, ali je \u010desto bez mirisa. Ako imate ove simptome, obratite se svom lije\u010dniku za savjet, osobito ako ste trudni.<\/p>\n\n\n\n<h2 class=\"is-style-heading-h2 wp-block-heading\">Uobi\u010dajena zabluda<\/h2>\n\n\n\n<p>Dvije naj\u010de\u0161\u0107e tegobe rodnice su bakterijska vaginoza i kandida, a odnose se na neravnote\u017eu flore rodnice. Djelomi\u010dno pokazuju sli\u010dne simptome i zbog toga se \u010desto pogre\u0161no dijagnosticiraju, \u0161to uzrokuje probleme tijekom lije\u010denjem, a ponekad i komplikacije. Iako postoje slu\u010dajevi kad se bakterijska i gljivi\u010dna infekcija razvijaju istodobno, u ve\u0107ini slu\u010dajeva postoje neke razlike koje bi mogle pomo\u0107i i uputiti na to da su posrijedi dvije odvojene infekcije. Iscjedak karakteristi\u010dan za bakterijsku vaginozu je obi\u010dno bijel, siv ili \u017eut, vrlo rijedak, pra\u0107en jakim mirisom poput ribe. S druge strane, ako iscjedak nema jak mirisa, a njegova konzistencija podsje\u0107a na sir, najvjerojatnije imate gljivi\u010dnu infekciju.<\/p>\n\n\n\n<p class=\"is-style-paragraph-preamble\"><em><mark style=\"background-color:rgba(0, 0, 0, 0)\" class=\"has-inline-color has-primary-color\">&#8220;Primijetite li iscjedak bijele boje, koji je pritom gust, grudast i izgleda kao sir, to mo\u017ee biti znak gljivi\u010dne infekcije.&#8221;<\/mark><\/em><\/p>\n<\/div><\/div>\n","protected":false},"excerpt":{"rendered":"","protected":false},"author":2,"featured_media":0,"parent":115,"menu_order":8,"comment_status":"closed","ping_status":"closed","template":"","meta":{"_acf_changed":false,"footnotes":""},"from-article-database":[],"class_list":["post-153","page","type-page","status-publish","hentry"],"acf":[],"yoast_head":"<!-- This site is optimized with the Yoast SEO plugin v26.6 - https:\/\/yoast.com\/wordpress\/plugins\/seo\/ -->\n<title>Iscjedak iz rodnice kao znak gljivi\u010dne infekcije - Multi-Gyn<\/title>\n<meta name=\"description\" content=\"Iscjedak iz rodnice je teku\u0107ina koju lu\u010de \u017elijezde koje se nalaze u rodnici i vulvi. Iscjedak \u0161titi rodnicuod infekcije, \u010disti je i podmazuje tijekom seksa.\" \/>\n<meta name=\"robots\" content=\"index, follow, max-snippet:-1, max-image-preview:large, max-video-preview:-1\" \/>\n<link rel=\"canonical\" href=\"https:\/\/multi-gyn.com\/hr\/zdravlje-rodnice\/infekcije\/iscjedak-iz-rodnice-kao-znak-gljivicne-infekcije\/\" \/>\n<meta property=\"og:locale\" content=\"hr_HR\" \/>\n<meta property=\"og:type\" content=\"article\" \/>\n<meta property=\"og:title\" content=\"Iscjedak iz rodnice kao znak gljivi\u010dne infekcije - Multi-Gyn\" \/>\n<meta property=\"og:description\" content=\"Iscjedak iz rodnice je teku\u0107ina koju lu\u010de \u017elijezde koje se nalaze u rodnici i vulvi. Iscjedak \u0161titi rodnicuod infekcije, \u010disti je i podmazuje tijekom seksa.\" \/>\n<meta property=\"og:url\" content=\"https:\/\/multi-gyn.com\/hr\/zdravlje-rodnice\/infekcije\/iscjedak-iz-rodnice-kao-znak-gljivicne-infekcije\/\" \/>\n<meta property=\"og:site_name\" content=\"Multi-Gyn\" \/>\n<meta property=\"article:modified_time\" content=\"2023-08-04T11:50:00+00:00\" \/>\n<meta name=\"twitter:card\" content=\"summary_large_image\" \/>\n<meta name=\"twitter:label1\" content=\"Est. reading time\" \/>\n\t<meta name=\"twitter:data1\" content=\"3 minutes\" \/>\n<script type=\"application\/ld+json\" class=\"yoast-schema-graph\">{\"@context\":\"https:\/\/schema.org\",\"@graph\":[{\"@type\":\"WebPage\",\"@id\":\"https:\/\/multi-gyn.com\/hr\/zdravlje-rodnice\/infekcije\/iscjedak-iz-rodnice-kao-znak-gljivicne-infekcije\/\",\"url\":\"https:\/\/multi-gyn.com\/hr\/zdravlje-rodnice\/infekcije\/iscjedak-iz-rodnice-kao-znak-gljivicne-infekcije\/\",\"name\":\"Iscjedak iz rodnice kao znak gljivi\u010dne infekcije - Multi-Gyn\",\"isPartOf\":{\"@id\":\"https:\/\/multi-gyn.com\/hr\/#website\"},\"datePublished\":\"2023-02-17T10:38:46+00:00\",\"dateModified\":\"2023-08-04T11:50:00+00:00\",\"description\":\"Iscjedak iz rodnice je teku\u0107ina koju lu\u010de \u017elijezde koje se nalaze u rodnici i vulvi. Iscjedak \u0161titi rodnicuod infekcije, \u010disti je i podmazuje tijekom seksa.\",\"breadcrumb\":{\"@id\":\"https:\/\/multi-gyn.com\/hr\/zdravlje-rodnice\/infekcije\/iscjedak-iz-rodnice-kao-znak-gljivicne-infekcije\/#breadcrumb\"},\"inLanguage\":\"hr-HR\",\"potentialAction\":[{\"@type\":\"ReadAction\",\"target\":[\"https:\/\/multi-gyn.com\/hr\/zdravlje-rodnice\/infekcije\/iscjedak-iz-rodnice-kao-znak-gljivicne-infekcije\/\"]}]},{\"@type\":\"BreadcrumbList\",\"@id\":\"https:\/\/multi-gyn.com\/hr\/zdravlje-rodnice\/infekcije\/iscjedak-iz-rodnice-kao-znak-gljivicne-infekcije\/#breadcrumb\",\"itemListElement\":[{\"@type\":\"ListItem\",\"position\":1,\"name\":\"Home\",\"item\":\"https:\/\/multi-gyn.com\/hr\/\"},{\"@type\":\"ListItem\",\"position\":2,\"name\":\"Zdravlje rodnice\",\"item\":\"https:\/\/multi-gyn.com\/hr\/zdravlje-rodnice\/\"},{\"@type\":\"ListItem\",\"position\":3,\"name\":\"Infekcije\",\"item\":\"https:\/\/multi-gyn.com\/hr\/zdravlje-rodnice\/infekcije\/\"},{\"@type\":\"ListItem\",\"position\":4,\"name\":\"Iscjedak iz rodnice kao znak gljivi\u010dne infekcije\"}]},{\"@type\":\"WebSite\",\"@id\":\"https:\/\/multi-gyn.com\/hr\/#website\",\"url\":\"https:\/\/multi-gyn.com\/hr\/\",\"name\":\"Multi-Gyn\",\"description\":\"\",\"publisher\":{\"@id\":\"https:\/\/multi-gyn.com\/hr\/#organization\"},\"potentialAction\":[{\"@type\":\"SearchAction\",\"target\":{\"@type\":\"EntryPoint\",\"urlTemplate\":\"https:\/\/multi-gyn.com\/hr\/?s={search_term_string}\"},\"query-input\":{\"@type\":\"PropertyValueSpecification\",\"valueRequired\":true,\"valueName\":\"search_term_string\"}}],\"inLanguage\":\"hr-HR\"},{\"@type\":\"Organization\",\"@id\":\"https:\/\/multi-gyn.com\/hr\/#organization\",\"name\":\"Multi-Gyn\",\"url\":\"https:\/\/multi-gyn.com\/hr\/\",\"logo\":{\"@type\":\"ImageObject\",\"inLanguage\":\"hr-HR\",\"@id\":\"https:\/\/multi-gyn.com\/hr\/#\/schema\/logo\/image\/\",\"url\":\"https:\/\/multi-gyn.com\/app\/uploads\/sites\/43\/2023\/02\/multi-gyn-logo.png\",\"contentUrl\":\"https:\/\/multi-gyn.com\/app\/uploads\/sites\/43\/2023\/02\/multi-gyn-logo.png\",\"width\":149,\"height\":32,\"caption\":\"Multi-Gyn\"},\"image\":{\"@id\":\"https:\/\/multi-gyn.com\/hr\/#\/schema\/logo\/image\/\"}}]}<\/script>\n<!-- \/ Yoast SEO plugin. -->","yoast_head_json":{"title":"Iscjedak iz rodnice kao znak gljivi\u010dne infekcije - Multi-Gyn","description":"Iscjedak iz rodnice je teku\u0107ina koju lu\u010de \u017elijezde koje se nalaze u rodnici i vulvi. Iscjedak \u0161titi rodnicuod infekcije, \u010disti je i podmazuje tijekom seksa.","robots":{"index":"index","follow":"follow","max-snippet":"max-snippet:-1","max-image-preview":"max-image-preview:large","max-video-preview":"max-video-preview:-1"},"canonical":"https:\/\/multi-gyn.com\/hr\/zdravlje-rodnice\/infekcije\/iscjedak-iz-rodnice-kao-znak-gljivicne-infekcije\/","og_locale":"hr_HR","og_type":"article","og_title":"Iscjedak iz rodnice kao znak gljivi\u010dne infekcije - Multi-Gyn","og_description":"Iscjedak iz rodnice je teku\u0107ina koju lu\u010de \u017elijezde koje se nalaze u rodnici i vulvi. Iscjedak \u0161titi rodnicuod infekcije, \u010disti je i podmazuje tijekom seksa.","og_url":"https:\/\/multi-gyn.com\/hr\/zdravlje-rodnice\/infekcije\/iscjedak-iz-rodnice-kao-znak-gljivicne-infekcije\/","og_site_name":"Multi-Gyn","article_modified_time":"2023-08-04T11:50:00+00:00","twitter_card":"summary_large_image","twitter_misc":{"Est. reading time":"3 minutes"},"schema":{"@context":"https:\/\/schema.org","@graph":[{"@type":"WebPage","@id":"https:\/\/multi-gyn.com\/hr\/zdravlje-rodnice\/infekcije\/iscjedak-iz-rodnice-kao-znak-gljivicne-infekcije\/","url":"https:\/\/multi-gyn.com\/hr\/zdravlje-rodnice\/infekcije\/iscjedak-iz-rodnice-kao-znak-gljivicne-infekcije\/","name":"Iscjedak iz rodnice kao znak gljivi\u010dne infekcije - Multi-Gyn","isPartOf":{"@id":"https:\/\/multi-gyn.com\/hr\/#website"},"datePublished":"2023-02-17T10:38:46+00:00","dateModified":"2023-08-04T11:50:00+00:00","description":"Iscjedak iz rodnice je teku\u0107ina koju lu\u010de \u017elijezde koje se nalaze u rodnici i vulvi. Iscjedak \u0161titi rodnicuod infekcije, \u010disti je i podmazuje tijekom seksa.","breadcrumb":{"@id":"https:\/\/multi-gyn.com\/hr\/zdravlje-rodnice\/infekcije\/iscjedak-iz-rodnice-kao-znak-gljivicne-infekcije\/#breadcrumb"},"inLanguage":"hr-HR","potentialAction":[{"@type":"ReadAction","target":["https:\/\/multi-gyn.com\/hr\/zdravlje-rodnice\/infekcije\/iscjedak-iz-rodnice-kao-znak-gljivicne-infekcije\/"]}]},{"@type":"BreadcrumbList","@id":"https:\/\/multi-gyn.com\/hr\/zdravlje-rodnice\/infekcije\/iscjedak-iz-rodnice-kao-znak-gljivicne-infekcije\/#breadcrumb","itemListElement":[{"@type":"ListItem","position":1,"name":"Home","item":"https:\/\/multi-gyn.com\/hr\/"},{"@type":"ListItem","position":2,"name":"Zdravlje rodnice","item":"https:\/\/multi-gyn.com\/hr\/zdravlje-rodnice\/"},{"@type":"ListItem","position":3,"name":"Infekcije","item":"https:\/\/multi-gyn.com\/hr\/zdravlje-rodnice\/infekcije\/"},{"@type":"ListItem","position":4,"name":"Iscjedak iz rodnice kao znak gljivi\u010dne infekcije"}]},{"@type":"WebSite","@id":"https:\/\/multi-gyn.com\/hr\/#website","url":"https:\/\/multi-gyn.com\/hr\/","name":"Multi-Gyn","description":"","publisher":{"@id":"https:\/\/multi-gyn.com\/hr\/#organization"},"potentialAction":[{"@type":"SearchAction","target":{"@type":"EntryPoint","urlTemplate":"https:\/\/multi-gyn.com\/hr\/?s={search_term_string}"},"query-input":{"@type":"PropertyValueSpecification","valueRequired":true,"valueName":"search_term_string"}}],"inLanguage":"hr-HR"},{"@type":"Organization","@id":"https:\/\/multi-gyn.com\/hr\/#organization","name":"Multi-Gyn","url":"https:\/\/multi-gyn.com\/hr\/","logo":{"@type":"ImageObject","inLanguage":"hr-HR","@id":"https:\/\/multi-gyn.com\/hr\/#\/schema\/logo\/image\/","url":"https:\/\/multi-gyn.com\/app\/uploads\/sites\/43\/2023\/02\/multi-gyn-logo.png","contentUrl":"https:\/\/multi-gyn.com\/app\/uploads\/sites\/43\/2023\/02\/multi-gyn-logo.png","width":149,"height":32,"caption":"Multi-Gyn"},"image":{"@id":"https:\/\/multi-gyn.com\/hr\/#\/schema\/logo\/image\/"}}]}},"_links":{"self":[{"href":"https:\/\/multi-gyn.com\/hr\/wp-json\/wp\/v2\/pages\/153","targetHints":{"allow":["GET"]}}],"collection":[{"href":"https:\/\/multi-gyn.com\/hr\/wp-json\/wp\/v2\/pages"}],"about":[{"href":"https:\/\/multi-gyn.com\/hr\/wp-json\/wp\/v2\/types\/page"}],"author":[{"embeddable":true,"href":"https:\/\/multi-gyn.com\/hr\/wp-json\/wp\/v2\/users\/2"}],"replies":[{"embeddable":true,"href":"https:\/\/multi-gyn.com\/hr\/wp-json\/wp\/v2\/comments?post=153"}],"version-history":[{"count":2,"href":"https:\/\/multi-gyn.com\/hr\/wp-json\/wp\/v2\/pages\/153\/revisions"}],"predecessor-version":[{"id":418,"href":"https:\/\/multi-gyn.com\/hr\/wp-json\/wp\/v2\/pages\/153\/revisions\/418"}],"up":[{"embeddable":true,"href":"https:\/\/multi-gyn.com\/hr\/wp-json\/wp\/v2\/pages\/115"}],"wp:attachment":[{"href":"https:\/\/multi-gyn.com\/hr\/wp-json\/wp\/v2\/media?parent=153"}],"wp:term":[{"taxonomy":"from-article-database","embeddable":true,"href":"https:\/\/multi-gyn.com\/hr\/wp-json\/wp\/v2\/from-article-database?post=153"}],"curies":[{"name":"wp","href":"https:\/\/api.w.org\/{rel}","templated":true}]}}