{"id":155,"date":"2023-02-17T11:39:05","date_gmt":"2023-02-17T10:39:05","guid":{"rendered":"https:\/\/multi-gyn.com\/hr\/?page_id=155"},"modified":"2023-08-04T13:49:58","modified_gmt":"2023-08-04T11:49:58","slug":"kako-lijeciti-kandidijazu","status":"publish","type":"page","link":"https:\/\/multi-gyn.com\/hr\/zdravlje-rodnice\/infekcije\/kako-lijeciti-kandidijazu\/","title":{"rendered":"Kako lije\u010diti kandidijazu"},"content":{"rendered":"\n<div class=\"wp-block-karopharma-free-text pt-large pb-large bg-center bg-cover bg-no-repeat  is-style-primary\" style=\"background-image:url()\"><div class=\"free-text-wrapper container max-w-medium text-left\">\n<h1 class=\"wp-block-heading\">Kako lije\u010diti kandidijazu<\/h1>\n\n\n\n<p class=\"is-style-paragraph-preamble\">Jedna od naj\u010de\u0161\u0107ih vaginalnih tegoba je vaginalna kandida, tako\u0111er poznata kao vaginalna gljivica ili kandidijaza. Simptomi uklju\u010duju gust, bijeli sekret, obi\u010dno opisan kao sli\u010dan siru, jako crvenilo ili svrbe\u017e vulvovaginalne regije. \u010ce\u0161anje mo\u017ee izazvati dodatnu iritaciju ili bol te mo\u017ee dovesti do peckanja prilikom mokrenja ili tijekom seksualnog odnosa. Ako osjetite bilo koji od tih simptoma, svakako se obratite svom lije\u010dniku ili ginekologu, koji \u0107e Vas posavjetovati kako lije\u010diti infekciju kandidom.<\/p>\n<\/div><\/div>\n\n\n\n<div class=\"wp-block-karopharma-free-text pt-large pb-large bg-center bg-cover bg-no-repeat\" style=\"background-image:url()\"><div class=\"free-text-wrapper container max-w-medium text-left\">\n<h2 class=\"is-style-heading-h2 wp-block-heading\">Mogu li sama lije\u010diti infekciju kandidom?<\/h2>\n\n\n\n<p>Lijekovi i proizvodi za lije\u010denje kandide \u010desto se mogu kupiti u ljekarni bez recepta, a to su antimikoti\u010dne kreme, oralna antimikoti\u010dna terapija, probitici, prebiotici ili drugi proizvodi. To zna\u010di da, ako sami dobro postavite dijagnozu, mo\u017eda mo\u017eete lije\u010diti gljivi\u010dnu infekciju bez odlaska lije\u010dniku. Me\u0111utim, uobi\u010dajeni simptomi vaginalne kandide mogu katkad biti uzrokovani ne\u010dim drugim (suho\u0107a vagine, bakterijska infekcija) ili mogu maskirati spolno prenosivu bolest s te\u017eim posljedicama. Zato je vrlo va\u017eno konzultirati se s lije\u010dnikom ili ginekologom prije po\u010detka bilo kakve terapije i tako izbje\u0107i stvaranje dodatnih problema sebi ili partneru. Infekcija kandidom obi\u010dno se ne prenosi izme\u0111u partnera, ali mo\u017ee biti u osnovi spolno prenosive bolesti.<\/p>\n\n\n\n<h2 class=\"is-style-heading-h2 wp-block-heading\">\u0160to mogu u\u010diniti da ubla\u017eim simptome kandide?<\/h2>\n\n\n\n<p>Kod ina\u010de zdravih \u017eena, vaginalna kandida ne ugro\u017eava \u017eivot, ali konstantan svrbe\u017e i iritacija mogu dramati\u010dno utjecati na kvalitetu seksualnog \u017eivota, dovode do neugodnosti prilikom odlaska u toalet, tijekom sjedenja dulje vrijeme ili no\u0161enja uske odje\u0107e. Kad lije\u010dnik potvrdi dijagnozu i lije\u010denje zapo\u010dne, mo\u017eete poku\u0161ati ubla\u017eite dosadne simptome. Hla\u0111enje prirodnim gelovima i sprejevima mo\u017ee osigurati trenuta\u010dno olak\u0161anje svrbe\u017ea i iritacije, a uporaba vaginalnih prebiotika mo\u017ee podr\u017eati propisanu terapiju. Tako\u0111er je va\u017eno odr\u017eavati redovitu higijenu vagine mlakom vodom ili blagim intimnim sredstvom za pranje bez sapuna, izbjegavati miri\u0161ljave higijenske ulo\u0161ke i toaletni papir i kad god je mogu\u0107e, spavajte bez donjeg rublja.<\/p>\n\n\n\n<p class=\"is-style-paragraph-preamble\"><mark style=\"background-color:rgba(0, 0, 0, 0)\" class=\"has-inline-color has-primary-color\"><em>&#8220;Lijekovi i proizvodi koji lije\u010de kandidu mogu se kupiti u ljekarni bez recepta. To uklju\u010duje antimikoti\u010dne kreme, oralnu antimikoti\u010dnu terapiju, probiotike, prebiotike i druge proizvode.&#8221;<\/em><\/mark><\/p>\n<\/div><\/div>\n","protected":false},"excerpt":{"rendered":"","protected":false},"author":2,"featured_media":0,"parent":115,"menu_order":9,"comment_status":"closed","ping_status":"closed","template":"","meta":{"_acf_changed":false,"footnotes":""},"from-article-database":[],"class_list":["post-155","page","type-page","status-publish","hentry"],"acf":[],"yoast_head":"<!-- This site is optimized with the Yoast SEO plugin v26.6 - https:\/\/yoast.com\/wordpress\/plugins\/seo\/ -->\n<title>Kako lije\u010diti kandidijazu - Multi-Gyn<\/title>\n<meta name=\"description\" content=\"Jedna od naj\u010de\u0161\u0107ih vaginalnih tegoba je vaginalna kandida, tako\u0111er poznata kao vaginalna gljivica ili kandidijaza.\" \/>\n<meta name=\"robots\" content=\"index, follow, max-snippet:-1, max-image-preview:large, max-video-preview:-1\" \/>\n<link rel=\"canonical\" href=\"https:\/\/multi-gyn.com\/hr\/zdravlje-rodnice\/infekcije\/kako-lijeciti-kandidijazu\/\" \/>\n<meta property=\"og:locale\" content=\"hr_HR\" \/>\n<meta property=\"og:type\" content=\"article\" \/>\n<meta property=\"og:title\" content=\"Kako lije\u010diti kandidijazu - Multi-Gyn\" \/>\n<meta property=\"og:description\" content=\"Jedna od naj\u010de\u0161\u0107ih vaginalnih tegoba je vaginalna kandida, tako\u0111er poznata kao vaginalna gljivica ili kandidijaza.\" \/>\n<meta property=\"og:url\" content=\"https:\/\/multi-gyn.com\/hr\/zdravlje-rodnice\/infekcije\/kako-lijeciti-kandidijazu\/\" \/>\n<meta property=\"og:site_name\" content=\"Multi-Gyn\" \/>\n<meta property=\"article:modified_time\" content=\"2023-08-04T11:49:58+00:00\" \/>\n<meta name=\"twitter:card\" content=\"summary_large_image\" \/>\n<meta name=\"twitter:label1\" content=\"Est. reading time\" \/>\n\t<meta name=\"twitter:data1\" content=\"2 minutes\" \/>\n<script type=\"application\/ld+json\" class=\"yoast-schema-graph\">{\"@context\":\"https:\/\/schema.org\",\"@graph\":[{\"@type\":\"WebPage\",\"@id\":\"https:\/\/multi-gyn.com\/hr\/zdravlje-rodnice\/infekcije\/kako-lijeciti-kandidijazu\/\",\"url\":\"https:\/\/multi-gyn.com\/hr\/zdravlje-rodnice\/infekcije\/kako-lijeciti-kandidijazu\/\",\"name\":\"Kako lije\u010diti kandidijazu - Multi-Gyn\",\"isPartOf\":{\"@id\":\"https:\/\/multi-gyn.com\/hr\/#website\"},\"datePublished\":\"2023-02-17T10:39:05+00:00\",\"dateModified\":\"2023-08-04T11:49:58+00:00\",\"description\":\"Jedna od naj\u010de\u0161\u0107ih vaginalnih tegoba je vaginalna kandida, tako\u0111er poznata kao vaginalna gljivica ili kandidijaza.\",\"breadcrumb\":{\"@id\":\"https:\/\/multi-gyn.com\/hr\/zdravlje-rodnice\/infekcije\/kako-lijeciti-kandidijazu\/#breadcrumb\"},\"inLanguage\":\"hr-HR\",\"potentialAction\":[{\"@type\":\"ReadAction\",\"target\":[\"https:\/\/multi-gyn.com\/hr\/zdravlje-rodnice\/infekcije\/kako-lijeciti-kandidijazu\/\"]}]},{\"@type\":\"BreadcrumbList\",\"@id\":\"https:\/\/multi-gyn.com\/hr\/zdravlje-rodnice\/infekcije\/kako-lijeciti-kandidijazu\/#breadcrumb\",\"itemListElement\":[{\"@type\":\"ListItem\",\"position\":1,\"name\":\"Home\",\"item\":\"https:\/\/multi-gyn.com\/hr\/\"},{\"@type\":\"ListItem\",\"position\":2,\"name\":\"Zdravlje rodnice\",\"item\":\"https:\/\/multi-gyn.com\/hr\/zdravlje-rodnice\/\"},{\"@type\":\"ListItem\",\"position\":3,\"name\":\"Infekcije\",\"item\":\"https:\/\/multi-gyn.com\/hr\/zdravlje-rodnice\/infekcije\/\"},{\"@type\":\"ListItem\",\"position\":4,\"name\":\"Kako lije\u010diti kandidijazu\"}]},{\"@type\":\"WebSite\",\"@id\":\"https:\/\/multi-gyn.com\/hr\/#website\",\"url\":\"https:\/\/multi-gyn.com\/hr\/\",\"name\":\"Multi-Gyn\",\"description\":\"\",\"publisher\":{\"@id\":\"https:\/\/multi-gyn.com\/hr\/#organization\"},\"potentialAction\":[{\"@type\":\"SearchAction\",\"target\":{\"@type\":\"EntryPoint\",\"urlTemplate\":\"https:\/\/multi-gyn.com\/hr\/?s={search_term_string}\"},\"query-input\":{\"@type\":\"PropertyValueSpecification\",\"valueRequired\":true,\"valueName\":\"search_term_string\"}}],\"inLanguage\":\"hr-HR\"},{\"@type\":\"Organization\",\"@id\":\"https:\/\/multi-gyn.com\/hr\/#organization\",\"name\":\"Multi-Gyn\",\"url\":\"https:\/\/multi-gyn.com\/hr\/\",\"logo\":{\"@type\":\"ImageObject\",\"inLanguage\":\"hr-HR\",\"@id\":\"https:\/\/multi-gyn.com\/hr\/#\/schema\/logo\/image\/\",\"url\":\"https:\/\/multi-gyn.com\/app\/uploads\/sites\/43\/2023\/02\/multi-gyn-logo.png\",\"contentUrl\":\"https:\/\/multi-gyn.com\/app\/uploads\/sites\/43\/2023\/02\/multi-gyn-logo.png\",\"width\":149,\"height\":32,\"caption\":\"Multi-Gyn\"},\"image\":{\"@id\":\"https:\/\/multi-gyn.com\/hr\/#\/schema\/logo\/image\/\"}}]}<\/script>\n<!-- \/ Yoast SEO plugin. -->","yoast_head_json":{"title":"Kako lije\u010diti kandidijazu - Multi-Gyn","description":"Jedna od naj\u010de\u0161\u0107ih vaginalnih tegoba je vaginalna kandida, tako\u0111er poznata kao vaginalna gljivica ili kandidijaza.","robots":{"index":"index","follow":"follow","max-snippet":"max-snippet:-1","max-image-preview":"max-image-preview:large","max-video-preview":"max-video-preview:-1"},"canonical":"https:\/\/multi-gyn.com\/hr\/zdravlje-rodnice\/infekcije\/kako-lijeciti-kandidijazu\/","og_locale":"hr_HR","og_type":"article","og_title":"Kako lije\u010diti kandidijazu - Multi-Gyn","og_description":"Jedna od naj\u010de\u0161\u0107ih vaginalnih tegoba je vaginalna kandida, tako\u0111er poznata kao vaginalna gljivica ili kandidijaza.","og_url":"https:\/\/multi-gyn.com\/hr\/zdravlje-rodnice\/infekcije\/kako-lijeciti-kandidijazu\/","og_site_name":"Multi-Gyn","article_modified_time":"2023-08-04T11:49:58+00:00","twitter_card":"summary_large_image","twitter_misc":{"Est. reading time":"2 minutes"},"schema":{"@context":"https:\/\/schema.org","@graph":[{"@type":"WebPage","@id":"https:\/\/multi-gyn.com\/hr\/zdravlje-rodnice\/infekcije\/kako-lijeciti-kandidijazu\/","url":"https:\/\/multi-gyn.com\/hr\/zdravlje-rodnice\/infekcije\/kako-lijeciti-kandidijazu\/","name":"Kako lije\u010diti kandidijazu - Multi-Gyn","isPartOf":{"@id":"https:\/\/multi-gyn.com\/hr\/#website"},"datePublished":"2023-02-17T10:39:05+00:00","dateModified":"2023-08-04T11:49:58+00:00","description":"Jedna od naj\u010de\u0161\u0107ih vaginalnih tegoba je vaginalna kandida, tako\u0111er poznata kao vaginalna gljivica ili kandidijaza.","breadcrumb":{"@id":"https:\/\/multi-gyn.com\/hr\/zdravlje-rodnice\/infekcije\/kako-lijeciti-kandidijazu\/#breadcrumb"},"inLanguage":"hr-HR","potentialAction":[{"@type":"ReadAction","target":["https:\/\/multi-gyn.com\/hr\/zdravlje-rodnice\/infekcije\/kako-lijeciti-kandidijazu\/"]}]},{"@type":"BreadcrumbList","@id":"https:\/\/multi-gyn.com\/hr\/zdravlje-rodnice\/infekcije\/kako-lijeciti-kandidijazu\/#breadcrumb","itemListElement":[{"@type":"ListItem","position":1,"name":"Home","item":"https:\/\/multi-gyn.com\/hr\/"},{"@type":"ListItem","position":2,"name":"Zdravlje rodnice","item":"https:\/\/multi-gyn.com\/hr\/zdravlje-rodnice\/"},{"@type":"ListItem","position":3,"name":"Infekcije","item":"https:\/\/multi-gyn.com\/hr\/zdravlje-rodnice\/infekcije\/"},{"@type":"ListItem","position":4,"name":"Kako lije\u010diti kandidijazu"}]},{"@type":"WebSite","@id":"https:\/\/multi-gyn.com\/hr\/#website","url":"https:\/\/multi-gyn.com\/hr\/","name":"Multi-Gyn","description":"","publisher":{"@id":"https:\/\/multi-gyn.com\/hr\/#organization"},"potentialAction":[{"@type":"SearchAction","target":{"@type":"EntryPoint","urlTemplate":"https:\/\/multi-gyn.com\/hr\/?s={search_term_string}"},"query-input":{"@type":"PropertyValueSpecification","valueRequired":true,"valueName":"search_term_string"}}],"inLanguage":"hr-HR"},{"@type":"Organization","@id":"https:\/\/multi-gyn.com\/hr\/#organization","name":"Multi-Gyn","url":"https:\/\/multi-gyn.com\/hr\/","logo":{"@type":"ImageObject","inLanguage":"hr-HR","@id":"https:\/\/multi-gyn.com\/hr\/#\/schema\/logo\/image\/","url":"https:\/\/multi-gyn.com\/app\/uploads\/sites\/43\/2023\/02\/multi-gyn-logo.png","contentUrl":"https:\/\/multi-gyn.com\/app\/uploads\/sites\/43\/2023\/02\/multi-gyn-logo.png","width":149,"height":32,"caption":"Multi-Gyn"},"image":{"@id":"https:\/\/multi-gyn.com\/hr\/#\/schema\/logo\/image\/"}}]}},"_links":{"self":[{"href":"https:\/\/multi-gyn.com\/hr\/wp-json\/wp\/v2\/pages\/155","targetHints":{"allow":["GET"]}}],"collection":[{"href":"https:\/\/multi-gyn.com\/hr\/wp-json\/wp\/v2\/pages"}],"about":[{"href":"https:\/\/multi-gyn.com\/hr\/wp-json\/wp\/v2\/types\/page"}],"author":[{"embeddable":true,"href":"https:\/\/multi-gyn.com\/hr\/wp-json\/wp\/v2\/users\/2"}],"replies":[{"embeddable":true,"href":"https:\/\/multi-gyn.com\/hr\/wp-json\/wp\/v2\/comments?post=155"}],"version-history":[{"count":3,"href":"https:\/\/multi-gyn.com\/hr\/wp-json\/wp\/v2\/pages\/155\/revisions"}],"predecessor-version":[{"id":420,"href":"https:\/\/multi-gyn.com\/hr\/wp-json\/wp\/v2\/pages\/155\/revisions\/420"}],"up":[{"embeddable":true,"href":"https:\/\/multi-gyn.com\/hr\/wp-json\/wp\/v2\/pages\/115"}],"wp:attachment":[{"href":"https:\/\/multi-gyn.com\/hr\/wp-json\/wp\/v2\/media?parent=155"}],"wp:term":[{"taxonomy":"from-article-database","embeddable":true,"href":"https:\/\/multi-gyn.com\/hr\/wp-json\/wp\/v2\/from-article-database?post=155"}],"curies":[{"name":"wp","href":"https:\/\/api.w.org\/{rel}","templated":true}]}}