{"id":157,"date":"2023-02-17T11:39:21","date_gmt":"2023-02-17T10:39:21","guid":{"rendered":"https:\/\/multi-gyn.com\/hr\/?page_id=157"},"modified":"2023-08-04T13:49:56","modified_gmt":"2023-08-04T11:49:56","slug":"gljivicna-infekcija-rodnice","status":"publish","type":"page","link":"https:\/\/multi-gyn.com\/hr\/zdravlje-rodnice\/infekcije\/gljivicna-infekcija-rodnice\/","title":{"rendered":"Gljivi\u010dna infekcija rodnice"},"content":{"rendered":"\n<div class=\"wp-block-karopharma-free-text pt-large pb-large bg-center bg-cover bg-no-repeat  is-style-primary\" style=\"background-image:url()\"><div class=\"free-text-wrapper container max-w-medium text-left\">\n<h1 class=\"wp-block-heading\">Gljivi\u010dna infekcija rodnice<\/h1>\n\n\n\n<p class=\"is-style-paragraph-preamble\">Mnoge tegobe rodnice mogu se manifestirati kao kandida, poznata i kao gljivi\u010dna infekcija rodnice ili infekcija kandidom. Gljivi\u010dnu infekciju rodnice izaziva Candida albicans, mikroorganizam koji se uobi\u010dajeno nalazi na na\u0161oj ko\u017ei i sluznici. Me\u0111utim, kad se poremeti flora rodnice (zbog uzimanja antibiotika, pretjerane higijene, suho\u0107e rodnicei dr.) ili zbog drugih faktora (kao \u0161to su hormonalne promjene), kandida mo\u017ee prerasti i izazvati tegobe kao \u0161to su svrbe\u017e, iritacija, bol i poja\u010dan iscjedak. To se ozna\u010dava kao gljivi\u010dna infekcija rodnice. Neke \u017eene sklonije su nastanku gljvi\u010dne infekcije rodnice u odnosu na druge.<\/p>\n<\/div><\/div>\n\n\n\n<div class=\"wp-block-karopharma-free-text pt-large pb-large bg-center bg-cover bg-no-repeat\" style=\"background-image:url()\"><div class=\"free-text-wrapper container max-w-medium text-left\">\n<h2 class=\"is-style-heading-h2 wp-block-heading\">Simptomi gljivi\u010dne infekcije rodnice<\/h2>\n\n\n\n<p>Glavni simptomi gljivi\u010dne infekcije rodnice su:<\/p>\n\n\n\n<ul class=\"is-style-default wp-block-list\"><li>svrbe\u017e i iritacija rodnice<\/li><li>neobi\u010dan iscjedak, bijel i gust, a \u010desto se opisuje i kao sirast<\/li><li>crvenilo i upala<\/li><li>bol, osobito tijekom ili nakon seksualnog odnosa<\/li><\/ul>\n\n\n\n<p>Va\u017eno je napraviti razliku izme\u0111u gljivi\u010dne infekcije rodnice i bakterijske vaginoze. Iako ta dva problema mogu imati sli\u010dne simptome, terapije se prili\u010dno razlikuju.<\/p>\n\n\n\n<h2 class=\"is-style-heading-h2 wp-block-heading\">Kako lije\u010diti gljivi\u010dnu infekciju rodnice?<\/h2>\n\n\n\n<p>U ve\u0107ini slu\u010dajeva gljivica se ne smatra infekcijom, ali se mo\u017ee smatrati neravnote\u017eom flore rodnice, tako da se tretman obi\u010dno ne odnosi na mu\u0161ke partnere. Kandida se lako lije\u010di antimikoticima, iako njihov u\u010dinak ne sprje\u010dava ponavljanje gljivi\u010dne infekcije rodnice. Prirodni proizvodi, umjesto antibiotskog pristupa, smatraju se dugoro\u010dnim rje\u0161enjem. Prije svega zato \u0161to dovode do optimiziranja flore rodnice, poma\u017eu da se organizam sam izbori s gljivi\u010dnom infekcijom rodnice i mogu se koristiti kao mjera prevencije za dr\u017eanje kandidijaze na udaljenosti. Infekcija katkad mo\u017ee izazvati osjetljivost i bol te neugodan osje\u0107aj. Postoje proizvodi koji mogu olak\u0161ati svrbe\u017e rodnice i iritaciju u intimnoj regiji (sprejevi, kreme, gelovi), ali sami ne tretiraju uzrok svrbe\u017ea. Ti proizvodi mogu se koristiti kao dodatak primarnoj terapiji. Ako ne primijetite pobolj\u0161anje simptoma nakon odre\u0111enog vremena, porazgovarajte sa svojim lije\u010dnikom ili ginekologom.<\/p>\n\n\n\n<h2 class=\"is-style-heading-h2 wp-block-heading\">Kako sprije\u010diti gljivi\u010dnu infekciju rodnice?<\/h2>\n\n\n\n<p>Gljivi\u010dna infekcija rodnice \u010desto je ponavljana infekcija: neke \u017eene sklonije su od drugih. To mo\u017ee biti zbog njihove hormonalne razine. Simptomi odgovorni za kandidu \u010de\u0161\u0107e se javljaju u odre\u0111enom razdoblju mjese\u010dnog ciklusa, kao i tijekom trudno\u0107e i dojenja. Da bi sprije\u010dile ponavljanje tegoba, \u017eene koje su posebno sklone gljivi\u010dnim infekcijama rodnice trebale bi razmotriti upotrebu gela za rodnicu, koji stimulira korisnu floru rodnice i sprje\u010dava prekomjeran rast gljivica u redovnim intervalima ili u danima koji prethode njihovu osjetljivom razdoblju.<\/p>\n\n\n\n<p class=\"is-style-paragraph-preamble\"><em><mark style=\"background-color:rgba(0, 0, 0, 0)\" class=\"has-inline-color has-primary-color\">&#8220;Kandida se lako lije\u010di antimikoticima, iako njihov u\u010dinak ne zaustavlja ponavljanje gljivi\u010dne infekcije rodnice.&#8221;<\/mark><\/em><\/p>\n<\/div><\/div>\n","protected":false},"excerpt":{"rendered":"","protected":false},"author":2,"featured_media":0,"parent":115,"menu_order":10,"comment_status":"closed","ping_status":"closed","template":"","meta":{"_acf_changed":false,"footnotes":""},"from-article-database":[],"class_list":["post-157","page","type-page","status-publish","hentry"],"acf":[],"yoast_head":"<!-- This site is optimized with the Yoast SEO plugin v26.6 - https:\/\/yoast.com\/wordpress\/plugins\/seo\/ -->\n<title>Gljivi\u010dna infekcija rodnice - Multi-Gyn<\/title>\n<meta name=\"description\" content=\"Mnoge tegobe rodnice mogu se manifestirati kao kandida, poznata i kao gljivi\u010dna infekcija rodnice ili infekcija kandidom.\" \/>\n<meta name=\"robots\" content=\"index, follow, max-snippet:-1, max-image-preview:large, max-video-preview:-1\" \/>\n<link rel=\"canonical\" href=\"https:\/\/multi-gyn.com\/hr\/zdravlje-rodnice\/infekcije\/gljivicna-infekcija-rodnice\/\" \/>\n<meta property=\"og:locale\" content=\"hr_HR\" \/>\n<meta property=\"og:type\" content=\"article\" \/>\n<meta property=\"og:title\" content=\"Gljivi\u010dna infekcija rodnice - Multi-Gyn\" \/>\n<meta property=\"og:description\" content=\"Mnoge tegobe rodnice mogu se manifestirati kao kandida, poznata i kao gljivi\u010dna infekcija rodnice ili infekcija kandidom.\" \/>\n<meta property=\"og:url\" content=\"https:\/\/multi-gyn.com\/hr\/zdravlje-rodnice\/infekcije\/gljivicna-infekcija-rodnice\/\" \/>\n<meta property=\"og:site_name\" content=\"Multi-Gyn\" \/>\n<meta property=\"article:modified_time\" content=\"2023-08-04T11:49:56+00:00\" \/>\n<meta name=\"twitter:card\" content=\"summary_large_image\" \/>\n<meta name=\"twitter:label1\" content=\"Est. reading time\" \/>\n\t<meta name=\"twitter:data1\" content=\"3 minutes\" \/>\n<script type=\"application\/ld+json\" class=\"yoast-schema-graph\">{\"@context\":\"https:\/\/schema.org\",\"@graph\":[{\"@type\":\"WebPage\",\"@id\":\"https:\/\/multi-gyn.com\/hr\/zdravlje-rodnice\/infekcije\/gljivicna-infekcija-rodnice\/\",\"url\":\"https:\/\/multi-gyn.com\/hr\/zdravlje-rodnice\/infekcije\/gljivicna-infekcija-rodnice\/\",\"name\":\"Gljivi\u010dna infekcija rodnice - Multi-Gyn\",\"isPartOf\":{\"@id\":\"https:\/\/multi-gyn.com\/hr\/#website\"},\"datePublished\":\"2023-02-17T10:39:21+00:00\",\"dateModified\":\"2023-08-04T11:49:56+00:00\",\"description\":\"Mnoge tegobe rodnice mogu se manifestirati kao kandida, poznata i kao gljivi\u010dna infekcija rodnice ili infekcija kandidom.\",\"breadcrumb\":{\"@id\":\"https:\/\/multi-gyn.com\/hr\/zdravlje-rodnice\/infekcije\/gljivicna-infekcija-rodnice\/#breadcrumb\"},\"inLanguage\":\"hr-HR\",\"potentialAction\":[{\"@type\":\"ReadAction\",\"target\":[\"https:\/\/multi-gyn.com\/hr\/zdravlje-rodnice\/infekcije\/gljivicna-infekcija-rodnice\/\"]}]},{\"@type\":\"BreadcrumbList\",\"@id\":\"https:\/\/multi-gyn.com\/hr\/zdravlje-rodnice\/infekcije\/gljivicna-infekcija-rodnice\/#breadcrumb\",\"itemListElement\":[{\"@type\":\"ListItem\",\"position\":1,\"name\":\"Home\",\"item\":\"https:\/\/multi-gyn.com\/hr\/\"},{\"@type\":\"ListItem\",\"position\":2,\"name\":\"Zdravlje rodnice\",\"item\":\"https:\/\/multi-gyn.com\/hr\/zdravlje-rodnice\/\"},{\"@type\":\"ListItem\",\"position\":3,\"name\":\"Infekcije\",\"item\":\"https:\/\/multi-gyn.com\/hr\/zdravlje-rodnice\/infekcije\/\"},{\"@type\":\"ListItem\",\"position\":4,\"name\":\"Gljivi\u010dna infekcija rodnice\"}]},{\"@type\":\"WebSite\",\"@id\":\"https:\/\/multi-gyn.com\/hr\/#website\",\"url\":\"https:\/\/multi-gyn.com\/hr\/\",\"name\":\"Multi-Gyn\",\"description\":\"\",\"publisher\":{\"@id\":\"https:\/\/multi-gyn.com\/hr\/#organization\"},\"potentialAction\":[{\"@type\":\"SearchAction\",\"target\":{\"@type\":\"EntryPoint\",\"urlTemplate\":\"https:\/\/multi-gyn.com\/hr\/?s={search_term_string}\"},\"query-input\":{\"@type\":\"PropertyValueSpecification\",\"valueRequired\":true,\"valueName\":\"search_term_string\"}}],\"inLanguage\":\"hr-HR\"},{\"@type\":\"Organization\",\"@id\":\"https:\/\/multi-gyn.com\/hr\/#organization\",\"name\":\"Multi-Gyn\",\"url\":\"https:\/\/multi-gyn.com\/hr\/\",\"logo\":{\"@type\":\"ImageObject\",\"inLanguage\":\"hr-HR\",\"@id\":\"https:\/\/multi-gyn.com\/hr\/#\/schema\/logo\/image\/\",\"url\":\"https:\/\/multi-gyn.com\/app\/uploads\/sites\/43\/2023\/02\/multi-gyn-logo.png\",\"contentUrl\":\"https:\/\/multi-gyn.com\/app\/uploads\/sites\/43\/2023\/02\/multi-gyn-logo.png\",\"width\":149,\"height\":32,\"caption\":\"Multi-Gyn\"},\"image\":{\"@id\":\"https:\/\/multi-gyn.com\/hr\/#\/schema\/logo\/image\/\"}}]}<\/script>\n<!-- \/ Yoast SEO plugin. -->","yoast_head_json":{"title":"Gljivi\u010dna infekcija rodnice - Multi-Gyn","description":"Mnoge tegobe rodnice mogu se manifestirati kao kandida, poznata i kao gljivi\u010dna infekcija rodnice ili infekcija kandidom.","robots":{"index":"index","follow":"follow","max-snippet":"max-snippet:-1","max-image-preview":"max-image-preview:large","max-video-preview":"max-video-preview:-1"},"canonical":"https:\/\/multi-gyn.com\/hr\/zdravlje-rodnice\/infekcije\/gljivicna-infekcija-rodnice\/","og_locale":"hr_HR","og_type":"article","og_title":"Gljivi\u010dna infekcija rodnice - Multi-Gyn","og_description":"Mnoge tegobe rodnice mogu se manifestirati kao kandida, poznata i kao gljivi\u010dna infekcija rodnice ili infekcija kandidom.","og_url":"https:\/\/multi-gyn.com\/hr\/zdravlje-rodnice\/infekcije\/gljivicna-infekcija-rodnice\/","og_site_name":"Multi-Gyn","article_modified_time":"2023-08-04T11:49:56+00:00","twitter_card":"summary_large_image","twitter_misc":{"Est. reading time":"3 minutes"},"schema":{"@context":"https:\/\/schema.org","@graph":[{"@type":"WebPage","@id":"https:\/\/multi-gyn.com\/hr\/zdravlje-rodnice\/infekcije\/gljivicna-infekcija-rodnice\/","url":"https:\/\/multi-gyn.com\/hr\/zdravlje-rodnice\/infekcije\/gljivicna-infekcija-rodnice\/","name":"Gljivi\u010dna infekcija rodnice - Multi-Gyn","isPartOf":{"@id":"https:\/\/multi-gyn.com\/hr\/#website"},"datePublished":"2023-02-17T10:39:21+00:00","dateModified":"2023-08-04T11:49:56+00:00","description":"Mnoge tegobe rodnice mogu se manifestirati kao kandida, poznata i kao gljivi\u010dna infekcija rodnice ili infekcija kandidom.","breadcrumb":{"@id":"https:\/\/multi-gyn.com\/hr\/zdravlje-rodnice\/infekcije\/gljivicna-infekcija-rodnice\/#breadcrumb"},"inLanguage":"hr-HR","potentialAction":[{"@type":"ReadAction","target":["https:\/\/multi-gyn.com\/hr\/zdravlje-rodnice\/infekcije\/gljivicna-infekcija-rodnice\/"]}]},{"@type":"BreadcrumbList","@id":"https:\/\/multi-gyn.com\/hr\/zdravlje-rodnice\/infekcije\/gljivicna-infekcija-rodnice\/#breadcrumb","itemListElement":[{"@type":"ListItem","position":1,"name":"Home","item":"https:\/\/multi-gyn.com\/hr\/"},{"@type":"ListItem","position":2,"name":"Zdravlje rodnice","item":"https:\/\/multi-gyn.com\/hr\/zdravlje-rodnice\/"},{"@type":"ListItem","position":3,"name":"Infekcije","item":"https:\/\/multi-gyn.com\/hr\/zdravlje-rodnice\/infekcije\/"},{"@type":"ListItem","position":4,"name":"Gljivi\u010dna infekcija rodnice"}]},{"@type":"WebSite","@id":"https:\/\/multi-gyn.com\/hr\/#website","url":"https:\/\/multi-gyn.com\/hr\/","name":"Multi-Gyn","description":"","publisher":{"@id":"https:\/\/multi-gyn.com\/hr\/#organization"},"potentialAction":[{"@type":"SearchAction","target":{"@type":"EntryPoint","urlTemplate":"https:\/\/multi-gyn.com\/hr\/?s={search_term_string}"},"query-input":{"@type":"PropertyValueSpecification","valueRequired":true,"valueName":"search_term_string"}}],"inLanguage":"hr-HR"},{"@type":"Organization","@id":"https:\/\/multi-gyn.com\/hr\/#organization","name":"Multi-Gyn","url":"https:\/\/multi-gyn.com\/hr\/","logo":{"@type":"ImageObject","inLanguage":"hr-HR","@id":"https:\/\/multi-gyn.com\/hr\/#\/schema\/logo\/image\/","url":"https:\/\/multi-gyn.com\/app\/uploads\/sites\/43\/2023\/02\/multi-gyn-logo.png","contentUrl":"https:\/\/multi-gyn.com\/app\/uploads\/sites\/43\/2023\/02\/multi-gyn-logo.png","width":149,"height":32,"caption":"Multi-Gyn"},"image":{"@id":"https:\/\/multi-gyn.com\/hr\/#\/schema\/logo\/image\/"}}]}},"_links":{"self":[{"href":"https:\/\/multi-gyn.com\/hr\/wp-json\/wp\/v2\/pages\/157","targetHints":{"allow":["GET"]}}],"collection":[{"href":"https:\/\/multi-gyn.com\/hr\/wp-json\/wp\/v2\/pages"}],"about":[{"href":"https:\/\/multi-gyn.com\/hr\/wp-json\/wp\/v2\/types\/page"}],"author":[{"embeddable":true,"href":"https:\/\/multi-gyn.com\/hr\/wp-json\/wp\/v2\/users\/2"}],"replies":[{"embeddable":true,"href":"https:\/\/multi-gyn.com\/hr\/wp-json\/wp\/v2\/comments?post=157"}],"version-history":[{"count":3,"href":"https:\/\/multi-gyn.com\/hr\/wp-json\/wp\/v2\/pages\/157\/revisions"}],"predecessor-version":[{"id":422,"href":"https:\/\/multi-gyn.com\/hr\/wp-json\/wp\/v2\/pages\/157\/revisions\/422"}],"up":[{"embeddable":true,"href":"https:\/\/multi-gyn.com\/hr\/wp-json\/wp\/v2\/pages\/115"}],"wp:attachment":[{"href":"https:\/\/multi-gyn.com\/hr\/wp-json\/wp\/v2\/media?parent=157"}],"wp:term":[{"taxonomy":"from-article-database","embeddable":true,"href":"https:\/\/multi-gyn.com\/hr\/wp-json\/wp\/v2\/from-article-database?post=157"}],"curies":[{"name":"wp","href":"https:\/\/api.w.org\/{rel}","templated":true}]}}