{"id":159,"date":"2023-02-17T11:39:35","date_gmt":"2023-02-17T10:39:35","guid":{"rendered":"https:\/\/multi-gyn.com\/hr\/?page_id=159"},"modified":"2023-08-04T13:49:54","modified_gmt":"2023-08-04T11:49:54","slug":"gljivicna-infekcija-tijekom-menstruacije","status":"publish","type":"page","link":"https:\/\/multi-gyn.com\/hr\/zdravlje-rodnice\/infekcije\/gljivicna-infekcija-tijekom-menstruacije\/","title":{"rendered":"Gljivi\u010dna infekcija tijekom menstruacije"},"content":{"rendered":"\n<div class=\"wp-block-karopharma-free-text pt-large pb-large bg-center bg-cover bg-no-repeat  is-style-primary\" style=\"background-image:url()\"><div class=\"free-text-wrapper container max-w-medium text-left\">\n<h1 class=\"wp-block-heading\">Gljivi\u010dna infekcija tijekom menstruacije<\/h1>\n\n\n\n<p class=\"is-style-paragraph-preamble\">Neke vrste gljivica mogu se pojaviti unutar rodnice. Me\u0111utim, kad po\u010dnu nekontrolirano rasti, izazivaju infekciju. Infekciju prate neugodni simptomi, koji postaju nepodno\u0161ljivi u kombinaciji s menstrualnom krvlju, gr\u010devima i razdra\u017eljivo\u0161\u0107u, koji se \u010desto javljaju tijekom menstruacije. Doznajte vi\u0161e o gljivi\u010dnoj infekciji rodnice i \u0161to mo\u017eete o\u010dekivati ako se javi tijekom menstruacije.<\/p>\n<\/div><\/div>\n\n\n\n<div class=\"wp-block-karopharma-free-text pt-large pb-large bg-center bg-cover bg-no-repeat\" style=\"background-image:url()\"><div class=\"free-text-wrapper container max-w-medium text-left\">\n<p>Ve\u0107ina \u017eena do\u017eivi infekciju barem jednom u \u017eivotu. To se doga\u0111a zbog delikatne flore rodnice, koja lako iza\u0111e iz ravnote\u017ee, rezultiraju\u0107i prekomjernim rastom gljivica. \u010cimbenici koji mogu izazvati disbalans i gljivi\u010dnu infekciju su:<\/p>\n\n\n\n<ul class=\"is-style-default wp-block-list\"><li>hormonalne promjene, primjerice, tijekom menstrualnog ciklusa<\/li><li>uzimanje antibiotika<\/li><li>trudno\u0107a<\/li><li>stres<\/li><li>nedostatak sna<\/li><li>naru\u0161en imunolo\u0161ki sustav<\/li><\/ul>\n\n\n\n<p>Gljivi\u010dne infekcije \u010desto se javljaju neposredno prije menstruacije, tijekom menstruacije ili nekoliko dana poslije. To se doga\u0111a zbog razine hormona koja se mijenja tijekom menstrualnog ciklusa. Neposredno prije po\u010detka menstrualnog krvarenja opada razina estrogena. Ne poma\u017ee \u010dinjenica da je menstrualna krv alkalna. Sre\u0107om, kad menstruacija zavr\u0161i, razina estrogena vra\u0107a se u normalno stanje, dopu\u0161taju\u0107i flori rodnice da se oporavi.<\/p>\n\n\n\n<p>Simptomi koji obi\u010dno dolaze s gljivi\u010dnom infekcijom uklju\u010duju:<\/p>\n\n\n\n<ul class=\"is-style-default wp-block-list\"><li>svrbe\u017e rodnice koji mo\u017ee i\u0107i od blagog do vrlo jakog<\/li><li>iscjedak &#8211; bijel, kao &#8220;sir&#8221; i obi\u010dno bez mirisa<\/li><li>iritacije i crvenilo<\/li><li>bol prilikom mokrenja<\/li><li>oteklina i bol mogu se javiti ako po\u010dnete \u010de\u0161ati intimnu regiju<\/li><li>bol tijekom odnosa<\/li><li>osjetljivost<\/li><\/ul>\n\n\n\n<h2 class=\"is-style-heading-h2 wp-block-heading\">Kako sprije\u010diti gljivi\u010dnu infekciju tijekom menstruacija?<\/h2>\n\n\n\n<p>To\u010dan uzrok gljivi\u010dne infekcije te\u0161ko je odrediti. Zbog toga mo\u017ee biti prili\u010dno te\u0161ko sprije\u010diti je.<\/p>\n\n\n\n<p>Neke \u017eene imaju koristi od dobrih higijenskih navika jer tako odr\u017eavaju zdravu rodnicu &#8211; to uklju\u010duje kori\u0161tenje higijenskih ulo\u017eaka bez mirisa i intimnih maramica koje ne sadr\u017ee jake kemikalije, ali i izbjegavanje kozmeti\u010dkih proizvoda koji mogu iritirati ko\u017eu. Mijenjajte ulo\u0161ke svaka tri do \u010detiri sata i, ako ste skloni gljivi\u010dnim infekcijama, izbjegavajte tampone. Tamponi dr\u017ee menstrualnu krv u duljem kontaktu s tkivom rodnice, \u010dine\u0107i vjerojatnijim razvoj gljivice u baznoj sredini nastaloj zbog krvi.<\/p>\n\n\n\n<p>Poku\u0161ajte koristiti proizvod koji mo\u017ee stimulirati rast dobrih bakterija i za\u0161titi floru rodnice od gljivi\u010dne infekcije. Izbjegavajte no\u0161enje sinteti\u010dke, tijesne odje\u0107e, osobito prije i tijekom menstruacije, jer mo\u017ee potaknuti rast gljivice i pove\u0107ati rizik od infekcije.<\/p>\n\n\n\n<p class=\"is-style-paragraph-preamble\"><em><mark style=\"background-color:rgba(0, 0, 0, 0)\" class=\"has-inline-color has-primary-color\">&#8220;Gljivi\u010dne infekcije \u010desto se javljaju neposredno prije menstruacije, tijekom menstruacije ili nekoliko dana poslije. To se doga\u0111a zbog razine hormona koja se mijenja tijekom menstrualnog ciklusa.&#8221;<\/mark><\/em><\/p>\n<\/div><\/div>\n","protected":false},"excerpt":{"rendered":"","protected":false},"author":2,"featured_media":0,"parent":115,"menu_order":11,"comment_status":"closed","ping_status":"closed","template":"","meta":{"_acf_changed":false,"footnotes":""},"from-article-database":[],"class_list":["post-159","page","type-page","status-publish","hentry"],"acf":[],"yoast_head":"<!-- This site is optimized with the Yoast SEO plugin v26.6 - https:\/\/yoast.com\/wordpress\/plugins\/seo\/ -->\n<title>Gljivi\u010dna infekcija tijekom menstruacije - Multi-Gyn<\/title>\n<meta name=\"description\" content=\"Neke vrste gljivica mogu se pojaviti unutar rodnice. Me\u0111utim, kad po\u010dnu nekontrolirano rasti, izazivaju infekciju.\" \/>\n<meta name=\"robots\" content=\"index, follow, max-snippet:-1, max-image-preview:large, max-video-preview:-1\" \/>\n<link rel=\"canonical\" href=\"https:\/\/multi-gyn.com\/hr\/zdravlje-rodnice\/infekcije\/gljivicna-infekcija-tijekom-menstruacije\/\" \/>\n<meta property=\"og:locale\" content=\"hr_HR\" \/>\n<meta property=\"og:type\" content=\"article\" \/>\n<meta property=\"og:title\" content=\"Gljivi\u010dna infekcija tijekom menstruacije - Multi-Gyn\" \/>\n<meta property=\"og:description\" content=\"Neke vrste gljivica mogu se pojaviti unutar rodnice. Me\u0111utim, kad po\u010dnu nekontrolirano rasti, izazivaju infekciju.\" \/>\n<meta property=\"og:url\" content=\"https:\/\/multi-gyn.com\/hr\/zdravlje-rodnice\/infekcije\/gljivicna-infekcija-tijekom-menstruacije\/\" \/>\n<meta property=\"og:site_name\" content=\"Multi-Gyn\" \/>\n<meta property=\"article:modified_time\" content=\"2023-08-04T11:49:54+00:00\" \/>\n<meta name=\"twitter:card\" content=\"summary_large_image\" \/>\n<meta name=\"twitter:label1\" content=\"Est. reading time\" \/>\n\t<meta name=\"twitter:data1\" content=\"2 minutes\" \/>\n<script type=\"application\/ld+json\" class=\"yoast-schema-graph\">{\"@context\":\"https:\/\/schema.org\",\"@graph\":[{\"@type\":\"WebPage\",\"@id\":\"https:\/\/multi-gyn.com\/hr\/zdravlje-rodnice\/infekcije\/gljivicna-infekcija-tijekom-menstruacije\/\",\"url\":\"https:\/\/multi-gyn.com\/hr\/zdravlje-rodnice\/infekcije\/gljivicna-infekcija-tijekom-menstruacije\/\",\"name\":\"Gljivi\u010dna infekcija tijekom menstruacije - Multi-Gyn\",\"isPartOf\":{\"@id\":\"https:\/\/multi-gyn.com\/hr\/#website\"},\"datePublished\":\"2023-02-17T10:39:35+00:00\",\"dateModified\":\"2023-08-04T11:49:54+00:00\",\"description\":\"Neke vrste gljivica mogu se pojaviti unutar rodnice. Me\u0111utim, kad po\u010dnu nekontrolirano rasti, izazivaju infekciju.\",\"breadcrumb\":{\"@id\":\"https:\/\/multi-gyn.com\/hr\/zdravlje-rodnice\/infekcije\/gljivicna-infekcija-tijekom-menstruacije\/#breadcrumb\"},\"inLanguage\":\"hr-HR\",\"potentialAction\":[{\"@type\":\"ReadAction\",\"target\":[\"https:\/\/multi-gyn.com\/hr\/zdravlje-rodnice\/infekcije\/gljivicna-infekcija-tijekom-menstruacije\/\"]}]},{\"@type\":\"BreadcrumbList\",\"@id\":\"https:\/\/multi-gyn.com\/hr\/zdravlje-rodnice\/infekcije\/gljivicna-infekcija-tijekom-menstruacije\/#breadcrumb\",\"itemListElement\":[{\"@type\":\"ListItem\",\"position\":1,\"name\":\"Home\",\"item\":\"https:\/\/multi-gyn.com\/hr\/\"},{\"@type\":\"ListItem\",\"position\":2,\"name\":\"Zdravlje rodnice\",\"item\":\"https:\/\/multi-gyn.com\/hr\/zdravlje-rodnice\/\"},{\"@type\":\"ListItem\",\"position\":3,\"name\":\"Infekcije\",\"item\":\"https:\/\/multi-gyn.com\/hr\/zdravlje-rodnice\/infekcije\/\"},{\"@type\":\"ListItem\",\"position\":4,\"name\":\"Gljivi\u010dna infekcija tijekom menstruacije\"}]},{\"@type\":\"WebSite\",\"@id\":\"https:\/\/multi-gyn.com\/hr\/#website\",\"url\":\"https:\/\/multi-gyn.com\/hr\/\",\"name\":\"Multi-Gyn\",\"description\":\"\",\"publisher\":{\"@id\":\"https:\/\/multi-gyn.com\/hr\/#organization\"},\"potentialAction\":[{\"@type\":\"SearchAction\",\"target\":{\"@type\":\"EntryPoint\",\"urlTemplate\":\"https:\/\/multi-gyn.com\/hr\/?s={search_term_string}\"},\"query-input\":{\"@type\":\"PropertyValueSpecification\",\"valueRequired\":true,\"valueName\":\"search_term_string\"}}],\"inLanguage\":\"hr-HR\"},{\"@type\":\"Organization\",\"@id\":\"https:\/\/multi-gyn.com\/hr\/#organization\",\"name\":\"Multi-Gyn\",\"url\":\"https:\/\/multi-gyn.com\/hr\/\",\"logo\":{\"@type\":\"ImageObject\",\"inLanguage\":\"hr-HR\",\"@id\":\"https:\/\/multi-gyn.com\/hr\/#\/schema\/logo\/image\/\",\"url\":\"https:\/\/multi-gyn.com\/app\/uploads\/sites\/43\/2023\/02\/multi-gyn-logo.png\",\"contentUrl\":\"https:\/\/multi-gyn.com\/app\/uploads\/sites\/43\/2023\/02\/multi-gyn-logo.png\",\"width\":149,\"height\":32,\"caption\":\"Multi-Gyn\"},\"image\":{\"@id\":\"https:\/\/multi-gyn.com\/hr\/#\/schema\/logo\/image\/\"}}]}<\/script>\n<!-- \/ Yoast SEO plugin. -->","yoast_head_json":{"title":"Gljivi\u010dna infekcija tijekom menstruacije - Multi-Gyn","description":"Neke vrste gljivica mogu se pojaviti unutar rodnice. Me\u0111utim, kad po\u010dnu nekontrolirano rasti, izazivaju infekciju.","robots":{"index":"index","follow":"follow","max-snippet":"max-snippet:-1","max-image-preview":"max-image-preview:large","max-video-preview":"max-video-preview:-1"},"canonical":"https:\/\/multi-gyn.com\/hr\/zdravlje-rodnice\/infekcije\/gljivicna-infekcija-tijekom-menstruacije\/","og_locale":"hr_HR","og_type":"article","og_title":"Gljivi\u010dna infekcija tijekom menstruacije - Multi-Gyn","og_description":"Neke vrste gljivica mogu se pojaviti unutar rodnice. Me\u0111utim, kad po\u010dnu nekontrolirano rasti, izazivaju infekciju.","og_url":"https:\/\/multi-gyn.com\/hr\/zdravlje-rodnice\/infekcije\/gljivicna-infekcija-tijekom-menstruacije\/","og_site_name":"Multi-Gyn","article_modified_time":"2023-08-04T11:49:54+00:00","twitter_card":"summary_large_image","twitter_misc":{"Est. reading time":"2 minutes"},"schema":{"@context":"https:\/\/schema.org","@graph":[{"@type":"WebPage","@id":"https:\/\/multi-gyn.com\/hr\/zdravlje-rodnice\/infekcije\/gljivicna-infekcija-tijekom-menstruacije\/","url":"https:\/\/multi-gyn.com\/hr\/zdravlje-rodnice\/infekcije\/gljivicna-infekcija-tijekom-menstruacije\/","name":"Gljivi\u010dna infekcija tijekom menstruacije - Multi-Gyn","isPartOf":{"@id":"https:\/\/multi-gyn.com\/hr\/#website"},"datePublished":"2023-02-17T10:39:35+00:00","dateModified":"2023-08-04T11:49:54+00:00","description":"Neke vrste gljivica mogu se pojaviti unutar rodnice. Me\u0111utim, kad po\u010dnu nekontrolirano rasti, izazivaju infekciju.","breadcrumb":{"@id":"https:\/\/multi-gyn.com\/hr\/zdravlje-rodnice\/infekcije\/gljivicna-infekcija-tijekom-menstruacije\/#breadcrumb"},"inLanguage":"hr-HR","potentialAction":[{"@type":"ReadAction","target":["https:\/\/multi-gyn.com\/hr\/zdravlje-rodnice\/infekcije\/gljivicna-infekcija-tijekom-menstruacije\/"]}]},{"@type":"BreadcrumbList","@id":"https:\/\/multi-gyn.com\/hr\/zdravlje-rodnice\/infekcije\/gljivicna-infekcija-tijekom-menstruacije\/#breadcrumb","itemListElement":[{"@type":"ListItem","position":1,"name":"Home","item":"https:\/\/multi-gyn.com\/hr\/"},{"@type":"ListItem","position":2,"name":"Zdravlje rodnice","item":"https:\/\/multi-gyn.com\/hr\/zdravlje-rodnice\/"},{"@type":"ListItem","position":3,"name":"Infekcije","item":"https:\/\/multi-gyn.com\/hr\/zdravlje-rodnice\/infekcije\/"},{"@type":"ListItem","position":4,"name":"Gljivi\u010dna infekcija tijekom menstruacije"}]},{"@type":"WebSite","@id":"https:\/\/multi-gyn.com\/hr\/#website","url":"https:\/\/multi-gyn.com\/hr\/","name":"Multi-Gyn","description":"","publisher":{"@id":"https:\/\/multi-gyn.com\/hr\/#organization"},"potentialAction":[{"@type":"SearchAction","target":{"@type":"EntryPoint","urlTemplate":"https:\/\/multi-gyn.com\/hr\/?s={search_term_string}"},"query-input":{"@type":"PropertyValueSpecification","valueRequired":true,"valueName":"search_term_string"}}],"inLanguage":"hr-HR"},{"@type":"Organization","@id":"https:\/\/multi-gyn.com\/hr\/#organization","name":"Multi-Gyn","url":"https:\/\/multi-gyn.com\/hr\/","logo":{"@type":"ImageObject","inLanguage":"hr-HR","@id":"https:\/\/multi-gyn.com\/hr\/#\/schema\/logo\/image\/","url":"https:\/\/multi-gyn.com\/app\/uploads\/sites\/43\/2023\/02\/multi-gyn-logo.png","contentUrl":"https:\/\/multi-gyn.com\/app\/uploads\/sites\/43\/2023\/02\/multi-gyn-logo.png","width":149,"height":32,"caption":"Multi-Gyn"},"image":{"@id":"https:\/\/multi-gyn.com\/hr\/#\/schema\/logo\/image\/"}}]}},"_links":{"self":[{"href":"https:\/\/multi-gyn.com\/hr\/wp-json\/wp\/v2\/pages\/159","targetHints":{"allow":["GET"]}}],"collection":[{"href":"https:\/\/multi-gyn.com\/hr\/wp-json\/wp\/v2\/pages"}],"about":[{"href":"https:\/\/multi-gyn.com\/hr\/wp-json\/wp\/v2\/types\/page"}],"author":[{"embeddable":true,"href":"https:\/\/multi-gyn.com\/hr\/wp-json\/wp\/v2\/users\/2"}],"replies":[{"embeddable":true,"href":"https:\/\/multi-gyn.com\/hr\/wp-json\/wp\/v2\/comments?post=159"}],"version-history":[{"count":2,"href":"https:\/\/multi-gyn.com\/hr\/wp-json\/wp\/v2\/pages\/159\/revisions"}],"predecessor-version":[{"id":424,"href":"https:\/\/multi-gyn.com\/hr\/wp-json\/wp\/v2\/pages\/159\/revisions\/424"}],"up":[{"embeddable":true,"href":"https:\/\/multi-gyn.com\/hr\/wp-json\/wp\/v2\/pages\/115"}],"wp:attachment":[{"href":"https:\/\/multi-gyn.com\/hr\/wp-json\/wp\/v2\/media?parent=159"}],"wp:term":[{"taxonomy":"from-article-database","embeddable":true,"href":"https:\/\/multi-gyn.com\/hr\/wp-json\/wp\/v2\/from-article-database?post=159"}],"curies":[{"name":"wp","href":"https:\/\/api.w.org\/{rel}","templated":true}]}}