{"id":161,"date":"2023-02-17T11:39:49","date_gmt":"2023-02-17T10:39:49","guid":{"rendered":"https:\/\/multi-gyn.com\/hr\/?page_id=161"},"modified":"2023-08-04T13:49:52","modified_gmt":"2023-08-04T11:49:52","slug":"infekcija-rodnice-uzroci-simptomi-i-lijecenje","status":"publish","type":"page","link":"https:\/\/multi-gyn.com\/hr\/zdravlje-rodnice\/infekcije\/infekcija-rodnice-uzroci-simptomi-i-lijecenje\/","title":{"rendered":"Infekcija rodnice: uzroci, simptomi i lije\u010denje"},"content":{"rendered":"\n<div class=\"wp-block-karopharma-free-text pt-large pb-large bg-center bg-cover bg-no-repeat  is-style-primary\" style=\"background-image:url()\"><div class=\"free-text-wrapper container max-w-medium text-left\">\n<h1 class=\"wp-block-heading\">Infekcija rodnice: uzroci, simptomi i lije\u010denje<\/h1>\n\n\n\n<p class=\"is-style-paragraph-preamble\">Jeste li znali da \u0107e svaka \u017eena patiti od tegoba rodnice u nekom trenutku svog \u017eivota? Ako trenuta\u010dno imate svrbe\u017e, poja\u010dan iscjedak i crvenilo, ne brinite, niste sami.<\/p>\n<\/div><\/div>\n\n\n\n<div class=\"wp-block-karopharma-free-text pt-large pb-large bg-center bg-cover bg-no-repeat\" style=\"background-image:url()\"><div class=\"free-text-wrapper container max-w-medium text-left\">\n<p>Infekcije su glavni uzrok tegoba rodnice. Naj\u010de\u0161\u0107e su bakterijske vaginoze i gljivi\u010dna infekcija, poznata i kao kandida. Ako niste sigurni koja infekcija je uzrokovala Va\u0161e tegobe ili \u017eelite doznati vi\u0161e o lije\u010denju, obvezno \u010ditajte dalje!<\/p>\n\n\n\n<h2 class=\"is-style-heading-h2 wp-block-heading\">Bakterijske vaginoze<\/h2>\n\n\n\n<p>Bakterijska vaginoza (BV) razvija se kad je naru\u0161ena prirodna ravnote\u017ea u rodnici. Zdravi laktobacili su dominantne bakterije u rodnici, ali ako se razvije bakterijska vaginoza, druge ne\u017eeljene bakterije po\u010dinju prerastati laktobacile.<\/p>\n\n\n\n<p>Simptomi bakterijske vaginoze mogu uklju\u010divati:<\/p>\n\n\n\n<ul class=\"is-style-default wp-block-list\"><li>neugodan miris po ribi (intenzivira se nakon seksualnog odnosa)<\/li><li>rijedak sivkasto-bijeli iscjedak<\/li><li>peckanje (intenzivira se tijekom mokrenja)<\/li><li>svrbe\u017e<\/li><\/ul>\n\n\n\n<h3 class=\"is-style-heading-h4 wp-block-heading\">\u0160to izaziva bakterijske vaginoze?<\/h3>\n\n\n\n<p>Uzrok poreme\u0107aja flore Va\u0161e rodnice nije to\u010dno poznat. Me\u0111utim, postoje neki faktori koji mogu pove\u0107ati rizik od nastanka bakterijske vaginoze. Jedan od njih je seksualna aktivnost.<\/p>\n\n\n\n<p>Ako imate neza\u0161ti\u0107en seksualni odnos, u Va\u0161oj rodnici pH vrijednost privremeno se pove\u0107ava zbog sperme koja je alkalna. To nije nu\u017eno \u0161tetno za rodnicu, ali porast pH rodnice mo\u017ee pove\u0107ati mogu\u0107nost za razvoj bakterijske vaginoze.<\/p>\n\n\n\n<h3 class=\"is-style-heading-h4 wp-block-heading\">Lije\u010denje i prevencija:<\/h3>\n\n\n\n<p>Antibiotici mogu biti u\u010dinkoviti, ali imaju svoje nedostatke i nose rizik za razvoj otpornosti. Postoje i proizvodi za intimnu higijenu koji se mogu koristiti u lije\u010denju bakterijske vaginoze. Potra\u017eite proizvode koji optimiziraju floru Va\u0161e rodnice, jer ne samo da \u0107e tretirati bakterijsku vaginozu nego \u0107e pomo\u0107i i u olak\u0161avanju Va\u0161ih tegoba.<\/p>\n\n\n\n<h2 class=\"is-style-heading-h2 wp-block-heading\">Gljivi\u010dna infekcija rodnice<\/h2>\n\n\n\n<p>Gljivi\u010dna infekcija, poznata i kao kandida, drugi je naj\u010de\u0161\u0107i uzro\u010dnik tegoba rodnice. Izazvana je prekomjernim rastom gljivica, a obi\u010dno je to Candida albicans. Nije u potpunosti jasno kako i za\u0161to dolazi do gljivi\u010dne infekcije, ali sljede\u0107i faktori mogu imati va\u017enu ulogu:<\/p>\n\n\n\n<ul class=\"is-style-default wp-block-list\"><li>uzimanje antibiotika<\/li><li>kori\u0161tenje oralnih kontraceptivnih pilula ili hormonske terapije<\/li><li>oslabljen imunitet<\/li><li>trudno\u0107a<\/li><li>\u0161e\u0107erna bolest<\/li><\/ul>\n\n\n\n<p>Gljivi\u010dna infekcija rodnice mo\u017ee izazvati tegobe kao \u0161to su:<\/p>\n\n\n\n<ul class=\"is-style-default wp-block-list\"><li>svrbe\u017e<\/li><li>peckanje (poja\u010dava se tijekom mokrenja i seksualnog odnosa)<\/li><li>gusti, bijeli iscjedak (popu sira)<\/li><li>iritacija<\/li><li>crvenilo rodnice i otok vanjske intimne regije<\/li><\/ul>\n\n\n\n<h3 class=\"is-style-heading-h4 wp-block-heading\">Terapija i prevencija:<\/h3>\n\n\n\n<p>Ako \u017eelite lije\u010diti gljivi\u010dnu infekciju rodnice, postoji nekoliko mogu\u0107nosti. Jedan od naj\u010de\u0161\u0107ih tretmana je uzimanje lijekova protiv gljivica (antimikotici). Oni se mogu uzeti oralno ili aplicirati u rodnicu. Za ve\u0107inu \u017eena takvi tretmani mogu biti vrlo u\u010dinkoviti u kratkom roku. Mogu, me\u0111utim, izazvati ne\u017eeljeno djelovanje, kao \u0161to su mu\u010dnina, glavobolja ili povra\u0107anje. \u0160tovi\u0161e, mnoge \u017eene do\u017eivljavaju da im se gljivi\u010dni problemi jave ponovno nakon nekoliko mjeseci.<\/p>\n\n\n\n<p>Postoje i proizvodi za intimnu njegu koje mo\u017eete kupiti bez recepta. Oni \u0107e olak\u0161ati simptome gljivi\u010dne infekcije, ali ne izazivaju negativne ne\u017eeljene u\u010dinke. Ako razmi\u0161ljate o njihovoj upotrebi, izaberite proizvod za intimnu njegu s prirodnim sastojcima koji \u0107e \u0161tititi floru Va\u0161e rodnice.<\/p>\n<\/div><\/div>\n","protected":false},"excerpt":{"rendered":"","protected":false},"author":2,"featured_media":0,"parent":115,"menu_order":12,"comment_status":"closed","ping_status":"closed","template":"","meta":{"_acf_changed":false,"footnotes":""},"from-article-database":[],"class_list":["post-161","page","type-page","status-publish","hentry"],"acf":[],"yoast_head":"<!-- This site is optimized with the Yoast SEO plugin v26.6 - https:\/\/yoast.com\/wordpress\/plugins\/seo\/ -->\n<title>Infekcija rodnice: uzroci, simptomi i lije\u010denje - Multi-Gyn<\/title>\n<meta name=\"description\" content=\"Jeste li znali da \u0107e svaka \u017eena patiti od tegoba rodnice u nekom trenutku svog \u017eivota? Ako trenuta\u010dno imate svrbe\u017e, poja\u010dan iscjedak i crvenilo, ne brinite, niste sami.\" \/>\n<meta name=\"robots\" content=\"index, follow, max-snippet:-1, max-image-preview:large, max-video-preview:-1\" \/>\n<link rel=\"canonical\" href=\"https:\/\/multi-gyn.com\/hr\/zdravlje-rodnice\/infekcije\/infekcija-rodnice-uzroci-simptomi-i-lijecenje\/\" \/>\n<meta property=\"og:locale\" content=\"hr_HR\" \/>\n<meta property=\"og:type\" content=\"article\" \/>\n<meta property=\"og:title\" content=\"Infekcija rodnice: uzroci, simptomi i lije\u010denje - Multi-Gyn\" \/>\n<meta property=\"og:description\" content=\"Jeste li znali da \u0107e svaka \u017eena patiti od tegoba rodnice u nekom trenutku svog \u017eivota? Ako trenuta\u010dno imate svrbe\u017e, poja\u010dan iscjedak i crvenilo, ne brinite, niste sami.\" \/>\n<meta property=\"og:url\" content=\"https:\/\/multi-gyn.com\/hr\/zdravlje-rodnice\/infekcije\/infekcija-rodnice-uzroci-simptomi-i-lijecenje\/\" \/>\n<meta property=\"og:site_name\" content=\"Multi-Gyn\" \/>\n<meta property=\"article:modified_time\" content=\"2023-08-04T11:49:52+00:00\" \/>\n<meta name=\"twitter:card\" content=\"summary_large_image\" \/>\n<meta name=\"twitter:label1\" content=\"Est. reading time\" \/>\n\t<meta name=\"twitter:data1\" content=\"3 minutes\" \/>\n<script type=\"application\/ld+json\" class=\"yoast-schema-graph\">{\"@context\":\"https:\/\/schema.org\",\"@graph\":[{\"@type\":\"WebPage\",\"@id\":\"https:\/\/multi-gyn.com\/hr\/zdravlje-rodnice\/infekcije\/infekcija-rodnice-uzroci-simptomi-i-lijecenje\/\",\"url\":\"https:\/\/multi-gyn.com\/hr\/zdravlje-rodnice\/infekcije\/infekcija-rodnice-uzroci-simptomi-i-lijecenje\/\",\"name\":\"Infekcija rodnice: uzroci, simptomi i lije\u010denje - Multi-Gyn\",\"isPartOf\":{\"@id\":\"https:\/\/multi-gyn.com\/hr\/#website\"},\"datePublished\":\"2023-02-17T10:39:49+00:00\",\"dateModified\":\"2023-08-04T11:49:52+00:00\",\"description\":\"Jeste li znali da \u0107e svaka \u017eena patiti od tegoba rodnice u nekom trenutku svog \u017eivota? Ako trenuta\u010dno imate svrbe\u017e, poja\u010dan iscjedak i crvenilo, ne brinite, niste sami.\",\"breadcrumb\":{\"@id\":\"https:\/\/multi-gyn.com\/hr\/zdravlje-rodnice\/infekcije\/infekcija-rodnice-uzroci-simptomi-i-lijecenje\/#breadcrumb\"},\"inLanguage\":\"hr-HR\",\"potentialAction\":[{\"@type\":\"ReadAction\",\"target\":[\"https:\/\/multi-gyn.com\/hr\/zdravlje-rodnice\/infekcije\/infekcija-rodnice-uzroci-simptomi-i-lijecenje\/\"]}]},{\"@type\":\"BreadcrumbList\",\"@id\":\"https:\/\/multi-gyn.com\/hr\/zdravlje-rodnice\/infekcije\/infekcija-rodnice-uzroci-simptomi-i-lijecenje\/#breadcrumb\",\"itemListElement\":[{\"@type\":\"ListItem\",\"position\":1,\"name\":\"Home\",\"item\":\"https:\/\/multi-gyn.com\/hr\/\"},{\"@type\":\"ListItem\",\"position\":2,\"name\":\"Zdravlje rodnice\",\"item\":\"https:\/\/multi-gyn.com\/hr\/zdravlje-rodnice\/\"},{\"@type\":\"ListItem\",\"position\":3,\"name\":\"Infekcije\",\"item\":\"https:\/\/multi-gyn.com\/hr\/zdravlje-rodnice\/infekcije\/\"},{\"@type\":\"ListItem\",\"position\":4,\"name\":\"Infekcija rodnice: uzroci, simptomi i lije\u010denje\"}]},{\"@type\":\"WebSite\",\"@id\":\"https:\/\/multi-gyn.com\/hr\/#website\",\"url\":\"https:\/\/multi-gyn.com\/hr\/\",\"name\":\"Multi-Gyn\",\"description\":\"\",\"publisher\":{\"@id\":\"https:\/\/multi-gyn.com\/hr\/#organization\"},\"potentialAction\":[{\"@type\":\"SearchAction\",\"target\":{\"@type\":\"EntryPoint\",\"urlTemplate\":\"https:\/\/multi-gyn.com\/hr\/?s={search_term_string}\"},\"query-input\":{\"@type\":\"PropertyValueSpecification\",\"valueRequired\":true,\"valueName\":\"search_term_string\"}}],\"inLanguage\":\"hr-HR\"},{\"@type\":\"Organization\",\"@id\":\"https:\/\/multi-gyn.com\/hr\/#organization\",\"name\":\"Multi-Gyn\",\"url\":\"https:\/\/multi-gyn.com\/hr\/\",\"logo\":{\"@type\":\"ImageObject\",\"inLanguage\":\"hr-HR\",\"@id\":\"https:\/\/multi-gyn.com\/hr\/#\/schema\/logo\/image\/\",\"url\":\"https:\/\/multi-gyn.com\/app\/uploads\/sites\/43\/2023\/02\/multi-gyn-logo.png\",\"contentUrl\":\"https:\/\/multi-gyn.com\/app\/uploads\/sites\/43\/2023\/02\/multi-gyn-logo.png\",\"width\":149,\"height\":32,\"caption\":\"Multi-Gyn\"},\"image\":{\"@id\":\"https:\/\/multi-gyn.com\/hr\/#\/schema\/logo\/image\/\"}}]}<\/script>\n<!-- \/ Yoast SEO plugin. -->","yoast_head_json":{"title":"Infekcija rodnice: uzroci, simptomi i lije\u010denje - Multi-Gyn","description":"Jeste li znali da \u0107e svaka \u017eena patiti od tegoba rodnice u nekom trenutku svog \u017eivota? Ako trenuta\u010dno imate svrbe\u017e, poja\u010dan iscjedak i crvenilo, ne brinite, niste sami.","robots":{"index":"index","follow":"follow","max-snippet":"max-snippet:-1","max-image-preview":"max-image-preview:large","max-video-preview":"max-video-preview:-1"},"canonical":"https:\/\/multi-gyn.com\/hr\/zdravlje-rodnice\/infekcije\/infekcija-rodnice-uzroci-simptomi-i-lijecenje\/","og_locale":"hr_HR","og_type":"article","og_title":"Infekcija rodnice: uzroci, simptomi i lije\u010denje - Multi-Gyn","og_description":"Jeste li znali da \u0107e svaka \u017eena patiti od tegoba rodnice u nekom trenutku svog \u017eivota? Ako trenuta\u010dno imate svrbe\u017e, poja\u010dan iscjedak i crvenilo, ne brinite, niste sami.","og_url":"https:\/\/multi-gyn.com\/hr\/zdravlje-rodnice\/infekcije\/infekcija-rodnice-uzroci-simptomi-i-lijecenje\/","og_site_name":"Multi-Gyn","article_modified_time":"2023-08-04T11:49:52+00:00","twitter_card":"summary_large_image","twitter_misc":{"Est. reading time":"3 minutes"},"schema":{"@context":"https:\/\/schema.org","@graph":[{"@type":"WebPage","@id":"https:\/\/multi-gyn.com\/hr\/zdravlje-rodnice\/infekcije\/infekcija-rodnice-uzroci-simptomi-i-lijecenje\/","url":"https:\/\/multi-gyn.com\/hr\/zdravlje-rodnice\/infekcije\/infekcija-rodnice-uzroci-simptomi-i-lijecenje\/","name":"Infekcija rodnice: uzroci, simptomi i lije\u010denje - Multi-Gyn","isPartOf":{"@id":"https:\/\/multi-gyn.com\/hr\/#website"},"datePublished":"2023-02-17T10:39:49+00:00","dateModified":"2023-08-04T11:49:52+00:00","description":"Jeste li znali da \u0107e svaka \u017eena patiti od tegoba rodnice u nekom trenutku svog \u017eivota? Ako trenuta\u010dno imate svrbe\u017e, poja\u010dan iscjedak i crvenilo, ne brinite, niste sami.","breadcrumb":{"@id":"https:\/\/multi-gyn.com\/hr\/zdravlje-rodnice\/infekcije\/infekcija-rodnice-uzroci-simptomi-i-lijecenje\/#breadcrumb"},"inLanguage":"hr-HR","potentialAction":[{"@type":"ReadAction","target":["https:\/\/multi-gyn.com\/hr\/zdravlje-rodnice\/infekcije\/infekcija-rodnice-uzroci-simptomi-i-lijecenje\/"]}]},{"@type":"BreadcrumbList","@id":"https:\/\/multi-gyn.com\/hr\/zdravlje-rodnice\/infekcije\/infekcija-rodnice-uzroci-simptomi-i-lijecenje\/#breadcrumb","itemListElement":[{"@type":"ListItem","position":1,"name":"Home","item":"https:\/\/multi-gyn.com\/hr\/"},{"@type":"ListItem","position":2,"name":"Zdravlje rodnice","item":"https:\/\/multi-gyn.com\/hr\/zdravlje-rodnice\/"},{"@type":"ListItem","position":3,"name":"Infekcije","item":"https:\/\/multi-gyn.com\/hr\/zdravlje-rodnice\/infekcije\/"},{"@type":"ListItem","position":4,"name":"Infekcija rodnice: uzroci, simptomi i lije\u010denje"}]},{"@type":"WebSite","@id":"https:\/\/multi-gyn.com\/hr\/#website","url":"https:\/\/multi-gyn.com\/hr\/","name":"Multi-Gyn","description":"","publisher":{"@id":"https:\/\/multi-gyn.com\/hr\/#organization"},"potentialAction":[{"@type":"SearchAction","target":{"@type":"EntryPoint","urlTemplate":"https:\/\/multi-gyn.com\/hr\/?s={search_term_string}"},"query-input":{"@type":"PropertyValueSpecification","valueRequired":true,"valueName":"search_term_string"}}],"inLanguage":"hr-HR"},{"@type":"Organization","@id":"https:\/\/multi-gyn.com\/hr\/#organization","name":"Multi-Gyn","url":"https:\/\/multi-gyn.com\/hr\/","logo":{"@type":"ImageObject","inLanguage":"hr-HR","@id":"https:\/\/multi-gyn.com\/hr\/#\/schema\/logo\/image\/","url":"https:\/\/multi-gyn.com\/app\/uploads\/sites\/43\/2023\/02\/multi-gyn-logo.png","contentUrl":"https:\/\/multi-gyn.com\/app\/uploads\/sites\/43\/2023\/02\/multi-gyn-logo.png","width":149,"height":32,"caption":"Multi-Gyn"},"image":{"@id":"https:\/\/multi-gyn.com\/hr\/#\/schema\/logo\/image\/"}}]}},"_links":{"self":[{"href":"https:\/\/multi-gyn.com\/hr\/wp-json\/wp\/v2\/pages\/161","targetHints":{"allow":["GET"]}}],"collection":[{"href":"https:\/\/multi-gyn.com\/hr\/wp-json\/wp\/v2\/pages"}],"about":[{"href":"https:\/\/multi-gyn.com\/hr\/wp-json\/wp\/v2\/types\/page"}],"author":[{"embeddable":true,"href":"https:\/\/multi-gyn.com\/hr\/wp-json\/wp\/v2\/users\/2"}],"replies":[{"embeddable":true,"href":"https:\/\/multi-gyn.com\/hr\/wp-json\/wp\/v2\/comments?post=161"}],"version-history":[{"count":2,"href":"https:\/\/multi-gyn.com\/hr\/wp-json\/wp\/v2\/pages\/161\/revisions"}],"predecessor-version":[{"id":426,"href":"https:\/\/multi-gyn.com\/hr\/wp-json\/wp\/v2\/pages\/161\/revisions\/426"}],"up":[{"embeddable":true,"href":"https:\/\/multi-gyn.com\/hr\/wp-json\/wp\/v2\/pages\/115"}],"wp:attachment":[{"href":"https:\/\/multi-gyn.com\/hr\/wp-json\/wp\/v2\/media?parent=161"}],"wp:term":[{"taxonomy":"from-article-database","embeddable":true,"href":"https:\/\/multi-gyn.com\/hr\/wp-json\/wp\/v2\/from-article-database?post=161"}],"curies":[{"name":"wp","href":"https:\/\/api.w.org\/{rel}","templated":true}]}}