{"id":163,"date":"2023-02-17T11:40:06","date_gmt":"2023-02-17T10:40:06","guid":{"rendered":"https:\/\/multi-gyn.com\/hr\/?page_id=163"},"modified":"2023-08-04T13:49:50","modified_gmt":"2023-08-04T11:49:50","slug":"sve-sto-trebate-znati-o-bakterijskoj-vaginozi","status":"publish","type":"page","link":"https:\/\/multi-gyn.com\/hr\/zdravlje-rodnice\/infekcije\/sve-sto-trebate-znati-o-bakterijskoj-vaginozi\/","title":{"rendered":"Sve \u0161to trebate znati o bakterijskoj vaginozi!"},"content":{"rendered":"\n<div class=\"wp-block-karopharma-free-text pt-large pb-large bg-center bg-cover bg-no-repeat  is-style-primary\" style=\"background-image:url()\"><div class=\"free-text-wrapper container max-w-medium text-left\">\n<h1 class=\"wp-block-heading\">Sve \u0161to trebate znati o bakterijskoj vaginozi!<\/h1>\n\n\n\n<p class=\"is-style-paragraph-preamble\">Jeste li ikada primijetili neobi\u010dan miris intimnog podru\u010dja? Jak, miris po ribi, zbog kojeg ste se osje\u0107ali pomalo neugodno? To mo\u017ee biti zbog bakterijskog disbalansa, poznatog i kao bakterijska vaginoza (BV).<\/p>\n<\/div><\/div>\n\n\n\n<div class=\"wp-block-karopharma-free-text pt-large pb-large bg-center bg-cover bg-no-repeat\" style=\"background-image:url()\"><div class=\"free-text-wrapper container max-w-medium text-left\">\n<h2 class=\"is-style-heading-h2 wp-block-heading\">\u0160to izaziva bakterijsku vaginozu?<\/h2>\n\n\n\n<p>Bakterijske vaginoze rezultat su pretjerana rasta nekih bakterija u Va\u0161oj rodnici. Zdravi laktobacili uobi\u010dajeno dominiraju u odnosu na bakterije u rodnici, ali ako se razvija bakterijska vaginoza, druge ne\u017eeljene bakterije po\u010dinju prekomjerno rasti u odnosu na laktobacile.<\/p>\n\n\n\n<p>To\u010dan uzrok pretjerana rasta nije poznat, ali postoje faktori koji mogu pove\u0107ati rizik, kao \u0161to je seksualna aktivnost. Me\u0111utim, va\u017eno je istaknuti da se bakterijske vaginoze mogu javiti i ako nema seksualne aktivnosti. Stoga se bakterijska vaginoza ne smatra spolno prenosivom bole\u0161\u0107u (SPB).<\/p>\n\n\n\n<h2 class=\"is-style-heading-h2 wp-block-heading\">Simptomi<\/h2>\n\n\n\n<p>Sljede\u0107i simptomi mogli bi upu\u0107ivati na bakterijsku vaginozu:<\/p>\n\n\n\n<ul class=\"is-style-default wp-block-list\"><li>neugodan miris po ribi (koji mo\u017ee biti intenzivniji nakon seksualnog odnosa)<\/li><li>rijedak sivkasto-bijel iscjedak<\/li><\/ul>\n\n\n\n<p class=\"is-style-paragraph-preamble\"><mark style=\"background-color:rgba(0, 0, 0, 0)\" class=\"has-inline-color has-primary-color\"><em>&#8220;Manje uobi\u010dajeni simptomi su peckanje tijekom mokrenja i svrbe\u017e rodnice.&#8221;<\/em><\/mark><\/p>\n\n\n\n<h2 class=\"is-style-heading-h2 wp-block-heading\">Ste \u0161to trebate znati o Bakterijskoj Vagino\u017ei (BV)<\/h2>\n\n\n\n<figure class=\"wp-block-image size-full\"><img loading=\"lazy\" decoding=\"async\" width=\"791\" height=\"779\" src=\"https:\/\/multi-gyn.com\/app\/uploads\/sites\/43\/2023\/02\/Infographic-All-you-need-to-know-about-Bacterial-Vaginosis.png\" alt=\"Infographic-All-you-need-to-know-about-Bacterial-Vaginosis\" class=\"wp-image-428\" srcset=\"https:\/\/multi-gyn.com\/app\/uploads\/sites\/43\/2023\/02\/Infographic-All-you-need-to-know-about-Bacterial-Vaginosis.png 791w, https:\/\/multi-gyn.com\/app\/uploads\/sites\/43\/2023\/02\/Infographic-All-you-need-to-know-about-Bacterial-Vaginosis-320x315.png 320w, https:\/\/multi-gyn.com\/app\/uploads\/sites\/43\/2023\/02\/Infographic-All-you-need-to-know-about-Bacterial-Vaginosis-768x756.png 768w, https:\/\/multi-gyn.com\/app\/uploads\/sites\/43\/2023\/02\/Infographic-All-you-need-to-know-about-Bacterial-Vaginosis-600x591.png 600w\" sizes=\"auto, (max-width: 791px) 100vw, 791px\" \/><\/figure>\n\n\n\n<h2 class=\"is-style-heading-h2 wp-block-heading\">Kako lije\u010diti bakterijsku vaginozu?<\/h2>\n\n\n\n<p>Za ve\u0107inu \u017eena bakterijska vaginoza je bezopasna, ali mo\u017ee biti vrlo neugodna. Terapija se obi\u010dno svodi na ubla\u017eavanje simptoma. Naj\u010de\u0161\u0107i oblik lije\u010denja bakterijskih vaginoza su antibiotici, bilo da su obliku tableta za oralno uzimanje ili za primjenu u rodnicu. Za ve\u0107inu \u017eena to je u\u010dinkovit tretman, ali mo\u017ee izazvati ne\u017eeljene u\u010dinke, kao \u0161to su mu\u010dnina i povra\u0107anje. Konzumiranje alkohola u kombinaciji s antibioticima mo\u017ee pove\u0107ati ozbiljnost nuspojava.<\/p>\n\n\n\n<p>Druga uobi\u010dajena terapija je kori\u0161tenje proizvoda za intimnu njegu koje mo\u017eete kupiti u ljekarni. Ve\u0107ina tih proizvoda obnavlja pH rodnice. Uvijek provjerite koristite li prirodan proizvod za terapiju bakterijske vaginoze, kao i obnavljanje flore rodnice, koji \u0107e poma\u0107i da se sprije\u010de budu\u0107e infekcije.<\/p>\n\n\n\n<h2 class=\"is-style-heading-h2 wp-block-heading\">Bakterijska vaginoza tijekom trudno\u0107e<\/h2>\n\n\n\n<p>Tijekom trudno\u0107e bakterijske vaginoze mogu u nekim slu\u010dajevima pove\u0107ati rizik od komplikacija, kao \u0161to su prijevremeni porod ili poba\u010daj. Ako ste trudni i imate simptome povezane s bakterijskom vaginozom, obratite se svome lije\u010dniku.<\/p>\n<\/div><\/div>\n","protected":false},"excerpt":{"rendered":"","protected":false},"author":2,"featured_media":0,"parent":115,"menu_order":13,"comment_status":"closed","ping_status":"closed","template":"","meta":{"_acf_changed":false,"footnotes":""},"from-article-database":[],"class_list":["post-163","page","type-page","status-publish","hentry"],"acf":[],"yoast_head":"<!-- This site is optimized with the Yoast SEO plugin v26.6 - https:\/\/yoast.com\/wordpress\/plugins\/seo\/ -->\n<title>Sve \u0161to trebate znati o bakterijskoj vaginozi! - Multi-Gyn<\/title>\n<meta name=\"description\" content=\"Jeste li ikada primijetili neobi\u010dan miris intimnog podru\u010dja? Jak, miris po ribi, zbog kojeg ste se osje\u0107ali pomalo neugodno?\" \/>\n<meta name=\"robots\" content=\"index, follow, max-snippet:-1, max-image-preview:large, max-video-preview:-1\" \/>\n<link rel=\"canonical\" href=\"https:\/\/multi-gyn.com\/hr\/zdravlje-rodnice\/infekcije\/sve-sto-trebate-znati-o-bakterijskoj-vaginozi\/\" \/>\n<meta property=\"og:locale\" content=\"hr_HR\" \/>\n<meta property=\"og:type\" content=\"article\" \/>\n<meta property=\"og:title\" content=\"Sve \u0161to trebate znati o bakterijskoj vaginozi! - Multi-Gyn\" \/>\n<meta property=\"og:description\" content=\"Jeste li ikada primijetili neobi\u010dan miris intimnog podru\u010dja? Jak, miris po ribi, zbog kojeg ste se osje\u0107ali pomalo neugodno?\" \/>\n<meta property=\"og:url\" content=\"https:\/\/multi-gyn.com\/hr\/zdravlje-rodnice\/infekcije\/sve-sto-trebate-znati-o-bakterijskoj-vaginozi\/\" \/>\n<meta property=\"og:site_name\" content=\"Multi-Gyn\" \/>\n<meta property=\"article:modified_time\" content=\"2023-08-04T11:49:50+00:00\" \/>\n<meta property=\"og:image\" content=\"https:\/\/multi-gyn.com\/app\/uploads\/sites\/43\/2023\/02\/Infographic-All-you-need-to-know-about-Bacterial-Vaginosis.png\" \/>\n<meta name=\"twitter:card\" content=\"summary_large_image\" \/>\n<meta name=\"twitter:label1\" content=\"Est. reading time\" \/>\n\t<meta name=\"twitter:data1\" content=\"2 minutes\" \/>\n<script type=\"application\/ld+json\" class=\"yoast-schema-graph\">{\"@context\":\"https:\/\/schema.org\",\"@graph\":[{\"@type\":\"WebPage\",\"@id\":\"https:\/\/multi-gyn.com\/hr\/zdravlje-rodnice\/infekcije\/sve-sto-trebate-znati-o-bakterijskoj-vaginozi\/\",\"url\":\"https:\/\/multi-gyn.com\/hr\/zdravlje-rodnice\/infekcije\/sve-sto-trebate-znati-o-bakterijskoj-vaginozi\/\",\"name\":\"Sve \u0161to trebate znati o bakterijskoj vaginozi! - Multi-Gyn\",\"isPartOf\":{\"@id\":\"https:\/\/multi-gyn.com\/hr\/#website\"},\"primaryImageOfPage\":{\"@id\":\"https:\/\/multi-gyn.com\/hr\/zdravlje-rodnice\/infekcije\/sve-sto-trebate-znati-o-bakterijskoj-vaginozi\/#primaryimage\"},\"image\":{\"@id\":\"https:\/\/multi-gyn.com\/hr\/zdravlje-rodnice\/infekcije\/sve-sto-trebate-znati-o-bakterijskoj-vaginozi\/#primaryimage\"},\"thumbnailUrl\":\"https:\/\/multi-gyn.com\/app\/uploads\/sites\/43\/2023\/02\/Infographic-All-you-need-to-know-about-Bacterial-Vaginosis.png\",\"datePublished\":\"2023-02-17T10:40:06+00:00\",\"dateModified\":\"2023-08-04T11:49:50+00:00\",\"description\":\"Jeste li ikada primijetili neobi\u010dan miris intimnog podru\u010dja? Jak, miris po ribi, zbog kojeg ste se osje\u0107ali pomalo neugodno?\",\"breadcrumb\":{\"@id\":\"https:\/\/multi-gyn.com\/hr\/zdravlje-rodnice\/infekcije\/sve-sto-trebate-znati-o-bakterijskoj-vaginozi\/#breadcrumb\"},\"inLanguage\":\"hr-HR\",\"potentialAction\":[{\"@type\":\"ReadAction\",\"target\":[\"https:\/\/multi-gyn.com\/hr\/zdravlje-rodnice\/infekcije\/sve-sto-trebate-znati-o-bakterijskoj-vaginozi\/\"]}]},{\"@type\":\"ImageObject\",\"inLanguage\":\"hr-HR\",\"@id\":\"https:\/\/multi-gyn.com\/hr\/zdravlje-rodnice\/infekcije\/sve-sto-trebate-znati-o-bakterijskoj-vaginozi\/#primaryimage\",\"url\":\"https:\/\/multi-gyn.com\/app\/uploads\/sites\/43\/2023\/02\/Infographic-All-you-need-to-know-about-Bacterial-Vaginosis.png\",\"contentUrl\":\"https:\/\/multi-gyn.com\/app\/uploads\/sites\/43\/2023\/02\/Infographic-All-you-need-to-know-about-Bacterial-Vaginosis.png\"},{\"@type\":\"BreadcrumbList\",\"@id\":\"https:\/\/multi-gyn.com\/hr\/zdravlje-rodnice\/infekcije\/sve-sto-trebate-znati-o-bakterijskoj-vaginozi\/#breadcrumb\",\"itemListElement\":[{\"@type\":\"ListItem\",\"position\":1,\"name\":\"Home\",\"item\":\"https:\/\/multi-gyn.com\/hr\/\"},{\"@type\":\"ListItem\",\"position\":2,\"name\":\"Zdravlje rodnice\",\"item\":\"https:\/\/multi-gyn.com\/hr\/zdravlje-rodnice\/\"},{\"@type\":\"ListItem\",\"position\":3,\"name\":\"Infekcije\",\"item\":\"https:\/\/multi-gyn.com\/hr\/zdravlje-rodnice\/infekcije\/\"},{\"@type\":\"ListItem\",\"position\":4,\"name\":\"Sve \u0161to trebate znati o bakterijskoj vaginozi!\"}]},{\"@type\":\"WebSite\",\"@id\":\"https:\/\/multi-gyn.com\/hr\/#website\",\"url\":\"https:\/\/multi-gyn.com\/hr\/\",\"name\":\"Multi-Gyn\",\"description\":\"\",\"publisher\":{\"@id\":\"https:\/\/multi-gyn.com\/hr\/#organization\"},\"potentialAction\":[{\"@type\":\"SearchAction\",\"target\":{\"@type\":\"EntryPoint\",\"urlTemplate\":\"https:\/\/multi-gyn.com\/hr\/?s={search_term_string}\"},\"query-input\":{\"@type\":\"PropertyValueSpecification\",\"valueRequired\":true,\"valueName\":\"search_term_string\"}}],\"inLanguage\":\"hr-HR\"},{\"@type\":\"Organization\",\"@id\":\"https:\/\/multi-gyn.com\/hr\/#organization\",\"name\":\"Multi-Gyn\",\"url\":\"https:\/\/multi-gyn.com\/hr\/\",\"logo\":{\"@type\":\"ImageObject\",\"inLanguage\":\"hr-HR\",\"@id\":\"https:\/\/multi-gyn.com\/hr\/#\/schema\/logo\/image\/\",\"url\":\"https:\/\/multi-gyn.com\/app\/uploads\/sites\/43\/2023\/02\/multi-gyn-logo.png\",\"contentUrl\":\"https:\/\/multi-gyn.com\/app\/uploads\/sites\/43\/2023\/02\/multi-gyn-logo.png\",\"width\":149,\"height\":32,\"caption\":\"Multi-Gyn\"},\"image\":{\"@id\":\"https:\/\/multi-gyn.com\/hr\/#\/schema\/logo\/image\/\"}}]}<\/script>\n<!-- \/ Yoast SEO plugin. -->","yoast_head_json":{"title":"Sve \u0161to trebate znati o bakterijskoj vaginozi! - Multi-Gyn","description":"Jeste li ikada primijetili neobi\u010dan miris intimnog podru\u010dja? Jak, miris po ribi, zbog kojeg ste se osje\u0107ali pomalo neugodno?","robots":{"index":"index","follow":"follow","max-snippet":"max-snippet:-1","max-image-preview":"max-image-preview:large","max-video-preview":"max-video-preview:-1"},"canonical":"https:\/\/multi-gyn.com\/hr\/zdravlje-rodnice\/infekcije\/sve-sto-trebate-znati-o-bakterijskoj-vaginozi\/","og_locale":"hr_HR","og_type":"article","og_title":"Sve \u0161to trebate znati o bakterijskoj vaginozi! - Multi-Gyn","og_description":"Jeste li ikada primijetili neobi\u010dan miris intimnog podru\u010dja? Jak, miris po ribi, zbog kojeg ste se osje\u0107ali pomalo neugodno?","og_url":"https:\/\/multi-gyn.com\/hr\/zdravlje-rodnice\/infekcije\/sve-sto-trebate-znati-o-bakterijskoj-vaginozi\/","og_site_name":"Multi-Gyn","article_modified_time":"2023-08-04T11:49:50+00:00","og_image":[{"url":"https:\/\/multi-gyn.com\/app\/uploads\/sites\/43\/2023\/02\/Infographic-All-you-need-to-know-about-Bacterial-Vaginosis.png","type":"","width":"","height":""}],"twitter_card":"summary_large_image","twitter_misc":{"Est. reading time":"2 minutes"},"schema":{"@context":"https:\/\/schema.org","@graph":[{"@type":"WebPage","@id":"https:\/\/multi-gyn.com\/hr\/zdravlje-rodnice\/infekcije\/sve-sto-trebate-znati-o-bakterijskoj-vaginozi\/","url":"https:\/\/multi-gyn.com\/hr\/zdravlje-rodnice\/infekcije\/sve-sto-trebate-znati-o-bakterijskoj-vaginozi\/","name":"Sve \u0161to trebate znati o bakterijskoj vaginozi! - Multi-Gyn","isPartOf":{"@id":"https:\/\/multi-gyn.com\/hr\/#website"},"primaryImageOfPage":{"@id":"https:\/\/multi-gyn.com\/hr\/zdravlje-rodnice\/infekcije\/sve-sto-trebate-znati-o-bakterijskoj-vaginozi\/#primaryimage"},"image":{"@id":"https:\/\/multi-gyn.com\/hr\/zdravlje-rodnice\/infekcije\/sve-sto-trebate-znati-o-bakterijskoj-vaginozi\/#primaryimage"},"thumbnailUrl":"https:\/\/multi-gyn.com\/app\/uploads\/sites\/43\/2023\/02\/Infographic-All-you-need-to-know-about-Bacterial-Vaginosis.png","datePublished":"2023-02-17T10:40:06+00:00","dateModified":"2023-08-04T11:49:50+00:00","description":"Jeste li ikada primijetili neobi\u010dan miris intimnog podru\u010dja? Jak, miris po ribi, zbog kojeg ste se osje\u0107ali pomalo neugodno?","breadcrumb":{"@id":"https:\/\/multi-gyn.com\/hr\/zdravlje-rodnice\/infekcije\/sve-sto-trebate-znati-o-bakterijskoj-vaginozi\/#breadcrumb"},"inLanguage":"hr-HR","potentialAction":[{"@type":"ReadAction","target":["https:\/\/multi-gyn.com\/hr\/zdravlje-rodnice\/infekcije\/sve-sto-trebate-znati-o-bakterijskoj-vaginozi\/"]}]},{"@type":"ImageObject","inLanguage":"hr-HR","@id":"https:\/\/multi-gyn.com\/hr\/zdravlje-rodnice\/infekcije\/sve-sto-trebate-znati-o-bakterijskoj-vaginozi\/#primaryimage","url":"https:\/\/multi-gyn.com\/app\/uploads\/sites\/43\/2023\/02\/Infographic-All-you-need-to-know-about-Bacterial-Vaginosis.png","contentUrl":"https:\/\/multi-gyn.com\/app\/uploads\/sites\/43\/2023\/02\/Infographic-All-you-need-to-know-about-Bacterial-Vaginosis.png"},{"@type":"BreadcrumbList","@id":"https:\/\/multi-gyn.com\/hr\/zdravlje-rodnice\/infekcije\/sve-sto-trebate-znati-o-bakterijskoj-vaginozi\/#breadcrumb","itemListElement":[{"@type":"ListItem","position":1,"name":"Home","item":"https:\/\/multi-gyn.com\/hr\/"},{"@type":"ListItem","position":2,"name":"Zdravlje rodnice","item":"https:\/\/multi-gyn.com\/hr\/zdravlje-rodnice\/"},{"@type":"ListItem","position":3,"name":"Infekcije","item":"https:\/\/multi-gyn.com\/hr\/zdravlje-rodnice\/infekcije\/"},{"@type":"ListItem","position":4,"name":"Sve \u0161to trebate znati o bakterijskoj vaginozi!"}]},{"@type":"WebSite","@id":"https:\/\/multi-gyn.com\/hr\/#website","url":"https:\/\/multi-gyn.com\/hr\/","name":"Multi-Gyn","description":"","publisher":{"@id":"https:\/\/multi-gyn.com\/hr\/#organization"},"potentialAction":[{"@type":"SearchAction","target":{"@type":"EntryPoint","urlTemplate":"https:\/\/multi-gyn.com\/hr\/?s={search_term_string}"},"query-input":{"@type":"PropertyValueSpecification","valueRequired":true,"valueName":"search_term_string"}}],"inLanguage":"hr-HR"},{"@type":"Organization","@id":"https:\/\/multi-gyn.com\/hr\/#organization","name":"Multi-Gyn","url":"https:\/\/multi-gyn.com\/hr\/","logo":{"@type":"ImageObject","inLanguage":"hr-HR","@id":"https:\/\/multi-gyn.com\/hr\/#\/schema\/logo\/image\/","url":"https:\/\/multi-gyn.com\/app\/uploads\/sites\/43\/2023\/02\/multi-gyn-logo.png","contentUrl":"https:\/\/multi-gyn.com\/app\/uploads\/sites\/43\/2023\/02\/multi-gyn-logo.png","width":149,"height":32,"caption":"Multi-Gyn"},"image":{"@id":"https:\/\/multi-gyn.com\/hr\/#\/schema\/logo\/image\/"}}]}},"_links":{"self":[{"href":"https:\/\/multi-gyn.com\/hr\/wp-json\/wp\/v2\/pages\/163","targetHints":{"allow":["GET"]}}],"collection":[{"href":"https:\/\/multi-gyn.com\/hr\/wp-json\/wp\/v2\/pages"}],"about":[{"href":"https:\/\/multi-gyn.com\/hr\/wp-json\/wp\/v2\/types\/page"}],"author":[{"embeddable":true,"href":"https:\/\/multi-gyn.com\/hr\/wp-json\/wp\/v2\/users\/2"}],"replies":[{"embeddable":true,"href":"https:\/\/multi-gyn.com\/hr\/wp-json\/wp\/v2\/comments?post=163"}],"version-history":[{"count":2,"href":"https:\/\/multi-gyn.com\/hr\/wp-json\/wp\/v2\/pages\/163\/revisions"}],"predecessor-version":[{"id":429,"href":"https:\/\/multi-gyn.com\/hr\/wp-json\/wp\/v2\/pages\/163\/revisions\/429"}],"up":[{"embeddable":true,"href":"https:\/\/multi-gyn.com\/hr\/wp-json\/wp\/v2\/pages\/115"}],"wp:attachment":[{"href":"https:\/\/multi-gyn.com\/hr\/wp-json\/wp\/v2\/media?parent=163"}],"wp:term":[{"taxonomy":"from-article-database","embeddable":true,"href":"https:\/\/multi-gyn.com\/hr\/wp-json\/wp\/v2\/from-article-database?post=163"}],"curies":[{"name":"wp","href":"https:\/\/api.w.org\/{rel}","templated":true}]}}