{"id":169,"date":"2023-02-17T11:57:56","date_gmt":"2023-02-17T10:57:56","guid":{"rendered":"https:\/\/multi-gyn.com\/hr\/?page_id=169"},"modified":"2023-08-04T13:49:44","modified_gmt":"2023-08-04T11:49:44","slug":"je-li-parenje-i-ispiranje-dobro-za-vasu-rodnicu","status":"publish","type":"page","link":"https:\/\/multi-gyn.com\/hr\/zdravlje-rodnice\/njega\/je-li-parenje-i-ispiranje-dobro-za-vasu-rodnicu\/","title":{"rendered":"Je li parenje i ispiranje dobro za va\u0161u rodnicu?"},"content":{"rendered":"\n<div class=\"wp-block-karopharma-free-text pt-large pb-large bg-center bg-cover bg-no-repeat  is-style-primary\" style=\"background-image:url()\"><div class=\"free-text-wrapper container max-w-medium text-left\">\n<h1 class=\"wp-block-heading\">Je li parenje i ispiranje dobro za va\u0161u rodnicu?<\/h1>\n\n\n\n<p class=\"is-style-paragraph-preamble\"><strong>Parenje rodnice<\/strong>, poznato i kao <strong>Yoni parenje<\/strong>, je drevni obi\u010daj gdje \u017eena \u010du\u010dne ili sjedne preko kipu\u0107e vode koja sadr\u017ei razne biljke poput ru\u017emarina, pelina i bosiljka. <strong>Parenje<\/strong> je ritual koji \u010disti i pru\u017ea energiju, i poma\u017ee uspostavljanju ravnote\u017ee \u017eenskih hormona. Lije\u010dnici imaju mje\u0161ovito mi\u0161ljenje kada je u pitanju u\u010dinkovitost ru\u010dnog \u010di\u0161\u0107enja rodnice ispiranjem ili kori\u0161tenjem drugih tehnika, kao \u0161to je parenje. To je zato \u0161to je rodnica sposobna \u010distiti samu sebe, i svaki agresivni na\u010din \u010di\u0161\u0107enja mo\u017ee nanijeti vi\u0161e \u0161tete nego koristi. Me\u0111u \u017eenama jako popularna internet stranica glumice Gwyneth Paltrow dala je pozitivno mi\u0161ljenje u vezi sa koristima parenja, ali mi nismo uvjereni, evo i za\u0161to:<\/p>\n<\/div><\/div>\n\n\n\n<div class=\"wp-block-karopharma-free-text pt-large pb-large bg-center bg-cover bg-no-repeat\" style=\"background-image:url()\"><div class=\"free-text-wrapper container max-w-medium text-left\">\n<h2 class=\"is-style-heading-h2 wp-block-heading\">Je li parenje rodnice vrijedno rizika?<\/h2>\n\n\n\n<p>Mi ne mislimo tako<\/p>\n\n\n\n<p>Para je vrlo vru\u0107a, \u010desto toplija od temperature vrenja! Rizik od opekotina za va\u0161u vulvu i tkivo rodnice je veoma visok. To bi bilo izuzetno bolno i neugodno, i moglo bi voditi drugim problemima, kao \u0161to je infekcija koja mo\u017ee nastati na mjestu opekotine. Osim potencijalne \u0161tete za vulvu, ostatak perineuma, uklju\u010duju\u0107i <a href=\"https:\/\/multi-gyn.com\/hr\/zdravlje-rodnice\/general\/anatomija-rodnice\/\">anus i uretru<\/a> mo\u017ee biti o\u0161te\u0107en parom. Ovo bi bilo jako bolno, i moglo bi voditi jo\u0161 ve\u0107im komplikacijama.<\/p>\n\n\n\n<p>\u010ci\u0161\u0107enje rodnice parom mo\u017ee biti isu\u0161uju\u0107e, a ovo naru\u0161ava prirodnu ravnote\u017eu bakterija rodnice. Suho\u0107a rodnice je neugodna, a neravnote\u017ea flore rodnice mo\u017ee dovesti do problema s mikroorganizmima te uzrokovati nate\u010denost, svrbe\u017e i iritaciju, bakterijsku vaginozu ili gljivi\u010dne infekcije.<\/p>\n\n\n\n<p>Tvrdnje o uspostavljanju ravnote\u017ee hormona ne djeluju vjerodostojno. Hormoni se ne proizvode u rodnici ili materici i nije vjerojatno da bi para stigla do jajnika i utjecala na hormone koji se tamo proizvode<\/p>\n\n\n\n<p>U\u010dinkovitost pare kao \u201c\u010dista\u010da materice\u201d je tako\u0111er pod znakom pitanja. Para koja ulazi u rodnicu te\u0161ko mo\u017ee do\u0107i do maternice, a i flora maternice bi morala ostati netaknuta a ne o\u010di\u0161\u0107ena.<\/p>\n\n\n\n<h2 class=\"is-style-heading-h2 wp-block-heading\">Je li ispiranje bolja opcija?<\/h2>\n\n\n\n<p>\u017dene koje koriste ru\u010dni tu\u0161 za pranje vulve, mogu je time ispirati bez obzira da li su toga svjesne ili ne. Ispiranje nije neophodno, jer rodnica mo\u017ee sama odr\u017eavati svoju higijenu. Usprkos tome postoje situacije u kojima bi bilo korisno koristiti posebno dizajnirane irigatore za rodnicu.<\/p>\n\n\n\n<p>Ne preporu\u010dujemo svakodnevno kori\u0161tenje irigatora za rodnicu. Preporu\u010dljivo je nje\u017eno ispirati rodnicu nakon ciklusa ili seksualnog odnosa. Nema potrebe za \u010de\u0161\u0107im ispiranjem od toga.<\/p>\n\n\n\n<p>Pobrinite se da ste izabrali, blagu teku\u0107inu za ispiranje, i ergonomski dizajn, kao kod Multi-Gyn irigatora za rodnicu. Uvijek budite pa\u017eljivi kada stavljate ne\u0161to u svoju rodnicu, budite opu\u0161tene, i smjestite se udobno prije nego \u0161to zapo\u010dnete.<\/p>\n<\/div><\/div>\n","protected":false},"excerpt":{"rendered":"","protected":false},"author":2,"featured_media":0,"parent":117,"menu_order":3,"comment_status":"closed","ping_status":"closed","template":"","meta":{"_acf_changed":false,"footnotes":""},"from-article-database":[],"class_list":["post-169","page","type-page","status-publish","hentry"],"acf":[],"yoast_head":"<!-- This site is optimized with the Yoast SEO plugin v26.6 - https:\/\/yoast.com\/wordpress\/plugins\/seo\/ -->\n<title>Je li parenje i ispiranje dobro za va\u0161u rodnicu? - Multi-Gyn<\/title>\n<meta name=\"description\" content=\"Parenje rodnice, poznato i kao Yoni parenje, je drevni obi\u010daj gdje \u017eena \u010du\u010dne ili sjedne preko kipu\u0107e vode koja sadr\u017ei razne biljke poput ru\u017emarina, pelina i bosiljka.\" \/>\n<meta name=\"robots\" content=\"index, follow, max-snippet:-1, max-image-preview:large, max-video-preview:-1\" \/>\n<link rel=\"canonical\" href=\"https:\/\/multi-gyn.com\/hr\/zdravlje-rodnice\/njega\/je-li-parenje-i-ispiranje-dobro-za-vasu-rodnicu\/\" \/>\n<meta property=\"og:locale\" content=\"hr_HR\" \/>\n<meta property=\"og:type\" content=\"article\" \/>\n<meta property=\"og:title\" content=\"Je li parenje i ispiranje dobro za va\u0161u rodnicu? - Multi-Gyn\" \/>\n<meta property=\"og:description\" content=\"Parenje rodnice, poznato i kao Yoni parenje, je drevni obi\u010daj gdje \u017eena \u010du\u010dne ili sjedne preko kipu\u0107e vode koja sadr\u017ei razne biljke poput ru\u017emarina, pelina i bosiljka.\" \/>\n<meta property=\"og:url\" content=\"https:\/\/multi-gyn.com\/hr\/zdravlje-rodnice\/njega\/je-li-parenje-i-ispiranje-dobro-za-vasu-rodnicu\/\" \/>\n<meta property=\"og:site_name\" content=\"Multi-Gyn\" \/>\n<meta property=\"article:modified_time\" content=\"2023-08-04T11:49:44+00:00\" \/>\n<meta name=\"twitter:card\" content=\"summary_large_image\" \/>\n<meta name=\"twitter:label1\" content=\"Est. reading time\" \/>\n\t<meta name=\"twitter:data1\" content=\"3 minutes\" \/>\n<script type=\"application\/ld+json\" class=\"yoast-schema-graph\">{\"@context\":\"https:\/\/schema.org\",\"@graph\":[{\"@type\":\"WebPage\",\"@id\":\"https:\/\/multi-gyn.com\/hr\/zdravlje-rodnice\/njega\/je-li-parenje-i-ispiranje-dobro-za-vasu-rodnicu\/\",\"url\":\"https:\/\/multi-gyn.com\/hr\/zdravlje-rodnice\/njega\/je-li-parenje-i-ispiranje-dobro-za-vasu-rodnicu\/\",\"name\":\"Je li parenje i ispiranje dobro za va\u0161u rodnicu? - Multi-Gyn\",\"isPartOf\":{\"@id\":\"https:\/\/multi-gyn.com\/hr\/#website\"},\"datePublished\":\"2023-02-17T10:57:56+00:00\",\"dateModified\":\"2023-08-04T11:49:44+00:00\",\"description\":\"Parenje rodnice, poznato i kao Yoni parenje, je drevni obi\u010daj gdje \u017eena \u010du\u010dne ili sjedne preko kipu\u0107e vode koja sadr\u017ei razne biljke poput ru\u017emarina, pelina i bosiljka.\",\"breadcrumb\":{\"@id\":\"https:\/\/multi-gyn.com\/hr\/zdravlje-rodnice\/njega\/je-li-parenje-i-ispiranje-dobro-za-vasu-rodnicu\/#breadcrumb\"},\"inLanguage\":\"hr-HR\",\"potentialAction\":[{\"@type\":\"ReadAction\",\"target\":[\"https:\/\/multi-gyn.com\/hr\/zdravlje-rodnice\/njega\/je-li-parenje-i-ispiranje-dobro-za-vasu-rodnicu\/\"]}]},{\"@type\":\"BreadcrumbList\",\"@id\":\"https:\/\/multi-gyn.com\/hr\/zdravlje-rodnice\/njega\/je-li-parenje-i-ispiranje-dobro-za-vasu-rodnicu\/#breadcrumb\",\"itemListElement\":[{\"@type\":\"ListItem\",\"position\":1,\"name\":\"Home\",\"item\":\"https:\/\/multi-gyn.com\/hr\/\"},{\"@type\":\"ListItem\",\"position\":2,\"name\":\"Zdravlje rodnice\",\"item\":\"https:\/\/multi-gyn.com\/hr\/zdravlje-rodnice\/\"},{\"@type\":\"ListItem\",\"position\":3,\"name\":\"Njega\",\"item\":\"https:\/\/multi-gyn.com\/hr\/zdravlje-rodnice\/njega\/\"},{\"@type\":\"ListItem\",\"position\":4,\"name\":\"Je li parenje i ispiranje dobro za va\u0161u rodnicu?\"}]},{\"@type\":\"WebSite\",\"@id\":\"https:\/\/multi-gyn.com\/hr\/#website\",\"url\":\"https:\/\/multi-gyn.com\/hr\/\",\"name\":\"Multi-Gyn\",\"description\":\"\",\"publisher\":{\"@id\":\"https:\/\/multi-gyn.com\/hr\/#organization\"},\"potentialAction\":[{\"@type\":\"SearchAction\",\"target\":{\"@type\":\"EntryPoint\",\"urlTemplate\":\"https:\/\/multi-gyn.com\/hr\/?s={search_term_string}\"},\"query-input\":{\"@type\":\"PropertyValueSpecification\",\"valueRequired\":true,\"valueName\":\"search_term_string\"}}],\"inLanguage\":\"hr-HR\"},{\"@type\":\"Organization\",\"@id\":\"https:\/\/multi-gyn.com\/hr\/#organization\",\"name\":\"Multi-Gyn\",\"url\":\"https:\/\/multi-gyn.com\/hr\/\",\"logo\":{\"@type\":\"ImageObject\",\"inLanguage\":\"hr-HR\",\"@id\":\"https:\/\/multi-gyn.com\/hr\/#\/schema\/logo\/image\/\",\"url\":\"https:\/\/multi-gyn.com\/app\/uploads\/sites\/43\/2023\/02\/multi-gyn-logo.png\",\"contentUrl\":\"https:\/\/multi-gyn.com\/app\/uploads\/sites\/43\/2023\/02\/multi-gyn-logo.png\",\"width\":149,\"height\":32,\"caption\":\"Multi-Gyn\"},\"image\":{\"@id\":\"https:\/\/multi-gyn.com\/hr\/#\/schema\/logo\/image\/\"}}]}<\/script>\n<!-- \/ Yoast SEO plugin. -->","yoast_head_json":{"title":"Je li parenje i ispiranje dobro za va\u0161u rodnicu? - Multi-Gyn","description":"Parenje rodnice, poznato i kao Yoni parenje, je drevni obi\u010daj gdje \u017eena \u010du\u010dne ili sjedne preko kipu\u0107e vode koja sadr\u017ei razne biljke poput ru\u017emarina, pelina i bosiljka.","robots":{"index":"index","follow":"follow","max-snippet":"max-snippet:-1","max-image-preview":"max-image-preview:large","max-video-preview":"max-video-preview:-1"},"canonical":"https:\/\/multi-gyn.com\/hr\/zdravlje-rodnice\/njega\/je-li-parenje-i-ispiranje-dobro-za-vasu-rodnicu\/","og_locale":"hr_HR","og_type":"article","og_title":"Je li parenje i ispiranje dobro za va\u0161u rodnicu? - Multi-Gyn","og_description":"Parenje rodnice, poznato i kao Yoni parenje, je drevni obi\u010daj gdje \u017eena \u010du\u010dne ili sjedne preko kipu\u0107e vode koja sadr\u017ei razne biljke poput ru\u017emarina, pelina i bosiljka.","og_url":"https:\/\/multi-gyn.com\/hr\/zdravlje-rodnice\/njega\/je-li-parenje-i-ispiranje-dobro-za-vasu-rodnicu\/","og_site_name":"Multi-Gyn","article_modified_time":"2023-08-04T11:49:44+00:00","twitter_card":"summary_large_image","twitter_misc":{"Est. reading time":"3 minutes"},"schema":{"@context":"https:\/\/schema.org","@graph":[{"@type":"WebPage","@id":"https:\/\/multi-gyn.com\/hr\/zdravlje-rodnice\/njega\/je-li-parenje-i-ispiranje-dobro-za-vasu-rodnicu\/","url":"https:\/\/multi-gyn.com\/hr\/zdravlje-rodnice\/njega\/je-li-parenje-i-ispiranje-dobro-za-vasu-rodnicu\/","name":"Je li parenje i ispiranje dobro za va\u0161u rodnicu? - Multi-Gyn","isPartOf":{"@id":"https:\/\/multi-gyn.com\/hr\/#website"},"datePublished":"2023-02-17T10:57:56+00:00","dateModified":"2023-08-04T11:49:44+00:00","description":"Parenje rodnice, poznato i kao Yoni parenje, je drevni obi\u010daj gdje \u017eena \u010du\u010dne ili sjedne preko kipu\u0107e vode koja sadr\u017ei razne biljke poput ru\u017emarina, pelina i bosiljka.","breadcrumb":{"@id":"https:\/\/multi-gyn.com\/hr\/zdravlje-rodnice\/njega\/je-li-parenje-i-ispiranje-dobro-za-vasu-rodnicu\/#breadcrumb"},"inLanguage":"hr-HR","potentialAction":[{"@type":"ReadAction","target":["https:\/\/multi-gyn.com\/hr\/zdravlje-rodnice\/njega\/je-li-parenje-i-ispiranje-dobro-za-vasu-rodnicu\/"]}]},{"@type":"BreadcrumbList","@id":"https:\/\/multi-gyn.com\/hr\/zdravlje-rodnice\/njega\/je-li-parenje-i-ispiranje-dobro-za-vasu-rodnicu\/#breadcrumb","itemListElement":[{"@type":"ListItem","position":1,"name":"Home","item":"https:\/\/multi-gyn.com\/hr\/"},{"@type":"ListItem","position":2,"name":"Zdravlje rodnice","item":"https:\/\/multi-gyn.com\/hr\/zdravlje-rodnice\/"},{"@type":"ListItem","position":3,"name":"Njega","item":"https:\/\/multi-gyn.com\/hr\/zdravlje-rodnice\/njega\/"},{"@type":"ListItem","position":4,"name":"Je li parenje i ispiranje dobro za va\u0161u rodnicu?"}]},{"@type":"WebSite","@id":"https:\/\/multi-gyn.com\/hr\/#website","url":"https:\/\/multi-gyn.com\/hr\/","name":"Multi-Gyn","description":"","publisher":{"@id":"https:\/\/multi-gyn.com\/hr\/#organization"},"potentialAction":[{"@type":"SearchAction","target":{"@type":"EntryPoint","urlTemplate":"https:\/\/multi-gyn.com\/hr\/?s={search_term_string}"},"query-input":{"@type":"PropertyValueSpecification","valueRequired":true,"valueName":"search_term_string"}}],"inLanguage":"hr-HR"},{"@type":"Organization","@id":"https:\/\/multi-gyn.com\/hr\/#organization","name":"Multi-Gyn","url":"https:\/\/multi-gyn.com\/hr\/","logo":{"@type":"ImageObject","inLanguage":"hr-HR","@id":"https:\/\/multi-gyn.com\/hr\/#\/schema\/logo\/image\/","url":"https:\/\/multi-gyn.com\/app\/uploads\/sites\/43\/2023\/02\/multi-gyn-logo.png","contentUrl":"https:\/\/multi-gyn.com\/app\/uploads\/sites\/43\/2023\/02\/multi-gyn-logo.png","width":149,"height":32,"caption":"Multi-Gyn"},"image":{"@id":"https:\/\/multi-gyn.com\/hr\/#\/schema\/logo\/image\/"}}]}},"_links":{"self":[{"href":"https:\/\/multi-gyn.com\/hr\/wp-json\/wp\/v2\/pages\/169","targetHints":{"allow":["GET"]}}],"collection":[{"href":"https:\/\/multi-gyn.com\/hr\/wp-json\/wp\/v2\/pages"}],"about":[{"href":"https:\/\/multi-gyn.com\/hr\/wp-json\/wp\/v2\/types\/page"}],"author":[{"embeddable":true,"href":"https:\/\/multi-gyn.com\/hr\/wp-json\/wp\/v2\/users\/2"}],"replies":[{"embeddable":true,"href":"https:\/\/multi-gyn.com\/hr\/wp-json\/wp\/v2\/comments?post=169"}],"version-history":[{"count":3,"href":"https:\/\/multi-gyn.com\/hr\/wp-json\/wp\/v2\/pages\/169\/revisions"}],"predecessor-version":[{"id":561,"href":"https:\/\/multi-gyn.com\/hr\/wp-json\/wp\/v2\/pages\/169\/revisions\/561"}],"up":[{"embeddable":true,"href":"https:\/\/multi-gyn.com\/hr\/wp-json\/wp\/v2\/pages\/117"}],"wp:attachment":[{"href":"https:\/\/multi-gyn.com\/hr\/wp-json\/wp\/v2\/media?parent=169"}],"wp:term":[{"taxonomy":"from-article-database","embeddable":true,"href":"https:\/\/multi-gyn.com\/hr\/wp-json\/wp\/v2\/from-article-database?post=169"}],"curies":[{"name":"wp","href":"https:\/\/api.w.org\/{rel}","templated":true}]}}