{"id":171,"date":"2023-02-17T11:58:16","date_gmt":"2023-02-17T10:58:16","guid":{"rendered":"https:\/\/multi-gyn.com\/hr\/?page_id=171"},"modified":"2023-08-04T13:49:43","modified_gmt":"2023-08-04T11:49:43","slug":"intimna-higijena-i-vaginalne-infekcije","status":"publish","type":"page","link":"https:\/\/multi-gyn.com\/hr\/zdravlje-rodnice\/njega\/intimna-higijena-i-vaginalne-infekcije\/","title":{"rendered":"Intimna higijena i vaginalne infekcije"},"content":{"rendered":"\n<div class=\"wp-block-karopharma-free-text pt-large pb-large bg-center bg-cover bg-no-repeat  is-style-primary\" style=\"background-image:url()\"><div class=\"free-text-wrapper container max-w-medium text-left\">\n<h1 class=\"wp-block-heading\">Intimna higijena i vaginalne infekcije<\/h1>\n\n\n\n<p class=\"is-style-paragraph-preamble\">Ve\u0107ina \u017eena zna kako se brinuti o svojoj intimnoj zoni. \u201cVagina se sama \u010disti\u201d, \u201cne perite vaginu sapunom\u201d, \u201cnosite pamu\u010dno donje rublje\u201d i \u201cuvijek se bri\u0161ite sprijeda prema natrag \u201d. Vode\u0107i ra\u010duna o pravilnoj higijeni Va\u0161ega intimnog podru\u010dja, mo\u017eete prevenirati tegobe, ili se barem tako vjeruje. Me\u0111utim, je li doista tako?<\/p>\n<\/div><\/div>\n\n\n\n<div class=\"wp-block-karopharma-free-text pt-large pb-large bg-center bg-cover bg-no-repeat\" style=\"background-image:url()\"><div class=\"free-text-wrapper container max-w-medium text-left\">\n<h2 class=\"is-style-heading-h2 wp-block-heading\">Uzrok infekcija i tegoba<\/h2>\n\n\n\n<p>Dvije naj\u010de\u0161\u0107e vaginalne infekcije su bakterijska vaginoza i gljivi\u010dna infekcija (poznata i kao kandida). Ako imate vaginalne tegobe, obi\u010dno je uzrok jedan od njih.<\/p>\n\n\n\n<p>Bakterijska vaginoza (BV) uzrokovana je prekomjernim rastom \u0161tetnih bakterija u vagini. Simptomi infekcije su jak (poput ribe) miris i sivkasto-bijeli iscjedak. Gljivi\u010dna je infekcija, pak, uzrokovana prekomjernim rastom stanica gljivica u vagini ili vanjskom intimnom podru\u010dju. Gust, bijeli iscjedak (kao sir) i vaginalni svrbe\u017e naj\u010de\u0161\u0107i su simptomi.<\/p>\n\n\n\n<p>Obje infekcije prili\u010dno su bezopasne, ali mogu biti vrlo neugodne. Simptomi \u0107e na kraju nestati, no to mo\u017ee potrajati neko vrijeme. Na sre\u0107u, obje infekcije mogu se tretirati lijekovima ili proizvodima za intimnu njegu. Vi\u0161e informacija o lije\u010denju vaginalnih infekcija mo\u017eete prona\u0107i ovdje.<\/p>\n\n\n\n<p class=\"is-style-paragraph-preamble\"><em><mark style=\"background-color:rgba(0, 0, 0, 0)\" class=\"has-inline-color has-primary-color\">&#8220;Dvije naj\u010de\u0161\u0107e vaginalne infekcije su bakterijska vaginoza i gljivi\u010dna infekcija (poznata i kao kandida). Ako imate vaginalne tegobe, obi\u010dno je uzrok jedna od njih.&#8221;<\/mark><\/em><\/p>\n\n\n\n<h2 class=\"is-style-heading-h2 wp-block-heading\">Kako mo\u017eete pobolj\u0161ati intimnu higijenu<\/h2>\n\n\n\n<p>Iako nije jasno \u0161to uzrokuje prekomjeran rast gljivica ili bakterija u vagini, postoje faktori koji mogu pove\u0107ati mogu\u0107nost za njihov razvoj. Vjeruje se da je nepravilna intimna higijena jedan od njih. Evo nekoliko savjeta o intimnoj higijeni:<\/p>\n\n\n\n<ul class=\"is-style-default wp-block-list\"><li>Ako \u017eelite o\u010distiti vanjski dio intimne zone, dovoljna je topla voda. Za osje\u0107aj svje\u017eine mo\u017eete koristiti blagi intimni \u0161ampon, s prirodnim sastojcima<\/li><li>Budite sigurni da ste posu\u0161ili intimnu zonu nakon tu\u0161iranja, kupanja ili plivanja<\/li><li>Nosite pamu\u010dno donje rublje i izbjegavajte no\u0161enje tanga ga\u0107ica<\/li><li>Poku\u0161ajte se ne \u010de\u0161ati ako imate svrbe\u017e<\/li><\/ul>\n\n\n\n<h2 class=\"is-style-heading-h2 wp-block-heading\">Sprje\u010dava li pravilna intimna higijena vaginalne infekcije?<\/h2>\n\n\n\n<p>Neke \u017eene imaju koristi od pravilne intimne higijene, ali kod drugih \u0107e se i dalje razvijati infekcija. Nepravilna vaginalna higijena mo\u017ee pove\u0107ati rizik za vaginalne tegobe, ali pravilna intimna higijena, na\u017ealost, ne\u0107e sprije\u010diti sve probleme jer je ve\u0107ina vaginalnih infekcija uzrokovana faktorima koji nisu vezani uz higijenu.<\/p>\n<\/div><\/div>\n","protected":false},"excerpt":{"rendered":"","protected":false},"author":2,"featured_media":0,"parent":117,"menu_order":4,"comment_status":"closed","ping_status":"closed","template":"","meta":{"_acf_changed":false,"footnotes":""},"from-article-database":[],"class_list":["post-171","page","type-page","status-publish","hentry"],"acf":[],"yoast_head":"<!-- This site is optimized with the Yoast SEO plugin v26.6 - https:\/\/yoast.com\/wordpress\/plugins\/seo\/ -->\n<title>Intimna higijena i vaginalne infekcije - Multi-Gyn<\/title>\n<meta name=\"description\" content=\"Ve\u0107ina \u017eena zna kako se brinuti o svojoj intimnoj zoni. \u201cVagina se sama \u010disti\u201d, \u201cne perite vaginu sapunom\u201d, \u201cnosite pamu\u010dno donje rublje\u201d i \u201cuvijek se bri\u0161ite sprijeda prema natrag \u201d.\" \/>\n<meta name=\"robots\" content=\"index, follow, max-snippet:-1, max-image-preview:large, max-video-preview:-1\" \/>\n<link rel=\"canonical\" href=\"https:\/\/multi-gyn.com\/hr\/zdravlje-rodnice\/njega\/intimna-higijena-i-vaginalne-infekcije\/\" \/>\n<meta property=\"og:locale\" content=\"hr_HR\" \/>\n<meta property=\"og:type\" content=\"article\" \/>\n<meta property=\"og:title\" content=\"Intimna higijena i vaginalne infekcije - Multi-Gyn\" \/>\n<meta property=\"og:description\" content=\"Ve\u0107ina \u017eena zna kako se brinuti o svojoj intimnoj zoni. \u201cVagina se sama \u010disti\u201d, \u201cne perite vaginu sapunom\u201d, \u201cnosite pamu\u010dno donje rublje\u201d i \u201cuvijek se bri\u0161ite sprijeda prema natrag \u201d.\" \/>\n<meta property=\"og:url\" content=\"https:\/\/multi-gyn.com\/hr\/zdravlje-rodnice\/njega\/intimna-higijena-i-vaginalne-infekcije\/\" \/>\n<meta property=\"og:site_name\" content=\"Multi-Gyn\" \/>\n<meta property=\"article:modified_time\" content=\"2023-08-04T11:49:43+00:00\" \/>\n<meta name=\"twitter:card\" content=\"summary_large_image\" \/>\n<meta name=\"twitter:label1\" content=\"Est. reading time\" \/>\n\t<meta name=\"twitter:data1\" content=\"2 minutes\" \/>\n<script type=\"application\/ld+json\" class=\"yoast-schema-graph\">{\"@context\":\"https:\/\/schema.org\",\"@graph\":[{\"@type\":\"WebPage\",\"@id\":\"https:\/\/multi-gyn.com\/hr\/zdravlje-rodnice\/njega\/intimna-higijena-i-vaginalne-infekcije\/\",\"url\":\"https:\/\/multi-gyn.com\/hr\/zdravlje-rodnice\/njega\/intimna-higijena-i-vaginalne-infekcije\/\",\"name\":\"Intimna higijena i vaginalne infekcije - Multi-Gyn\",\"isPartOf\":{\"@id\":\"https:\/\/multi-gyn.com\/hr\/#website\"},\"datePublished\":\"2023-02-17T10:58:16+00:00\",\"dateModified\":\"2023-08-04T11:49:43+00:00\",\"description\":\"Ve\u0107ina \u017eena zna kako se brinuti o svojoj intimnoj zoni. \u201cVagina se sama \u010disti\u201d, \u201cne perite vaginu sapunom\u201d, \u201cnosite pamu\u010dno donje rublje\u201d i \u201cuvijek se bri\u0161ite sprijeda prema natrag \u201d.\",\"breadcrumb\":{\"@id\":\"https:\/\/multi-gyn.com\/hr\/zdravlje-rodnice\/njega\/intimna-higijena-i-vaginalne-infekcije\/#breadcrumb\"},\"inLanguage\":\"hr-HR\",\"potentialAction\":[{\"@type\":\"ReadAction\",\"target\":[\"https:\/\/multi-gyn.com\/hr\/zdravlje-rodnice\/njega\/intimna-higijena-i-vaginalne-infekcije\/\"]}]},{\"@type\":\"BreadcrumbList\",\"@id\":\"https:\/\/multi-gyn.com\/hr\/zdravlje-rodnice\/njega\/intimna-higijena-i-vaginalne-infekcije\/#breadcrumb\",\"itemListElement\":[{\"@type\":\"ListItem\",\"position\":1,\"name\":\"Home\",\"item\":\"https:\/\/multi-gyn.com\/hr\/\"},{\"@type\":\"ListItem\",\"position\":2,\"name\":\"Zdravlje rodnice\",\"item\":\"https:\/\/multi-gyn.com\/hr\/zdravlje-rodnice\/\"},{\"@type\":\"ListItem\",\"position\":3,\"name\":\"Njega\",\"item\":\"https:\/\/multi-gyn.com\/hr\/zdravlje-rodnice\/njega\/\"},{\"@type\":\"ListItem\",\"position\":4,\"name\":\"Intimna higijena i vaginalne infekcije\"}]},{\"@type\":\"WebSite\",\"@id\":\"https:\/\/multi-gyn.com\/hr\/#website\",\"url\":\"https:\/\/multi-gyn.com\/hr\/\",\"name\":\"Multi-Gyn\",\"description\":\"\",\"publisher\":{\"@id\":\"https:\/\/multi-gyn.com\/hr\/#organization\"},\"potentialAction\":[{\"@type\":\"SearchAction\",\"target\":{\"@type\":\"EntryPoint\",\"urlTemplate\":\"https:\/\/multi-gyn.com\/hr\/?s={search_term_string}\"},\"query-input\":{\"@type\":\"PropertyValueSpecification\",\"valueRequired\":true,\"valueName\":\"search_term_string\"}}],\"inLanguage\":\"hr-HR\"},{\"@type\":\"Organization\",\"@id\":\"https:\/\/multi-gyn.com\/hr\/#organization\",\"name\":\"Multi-Gyn\",\"url\":\"https:\/\/multi-gyn.com\/hr\/\",\"logo\":{\"@type\":\"ImageObject\",\"inLanguage\":\"hr-HR\",\"@id\":\"https:\/\/multi-gyn.com\/hr\/#\/schema\/logo\/image\/\",\"url\":\"https:\/\/multi-gyn.com\/app\/uploads\/sites\/43\/2023\/02\/multi-gyn-logo.png\",\"contentUrl\":\"https:\/\/multi-gyn.com\/app\/uploads\/sites\/43\/2023\/02\/multi-gyn-logo.png\",\"width\":149,\"height\":32,\"caption\":\"Multi-Gyn\"},\"image\":{\"@id\":\"https:\/\/multi-gyn.com\/hr\/#\/schema\/logo\/image\/\"}}]}<\/script>\n<!-- \/ Yoast SEO plugin. -->","yoast_head_json":{"title":"Intimna higijena i vaginalne infekcije - Multi-Gyn","description":"Ve\u0107ina \u017eena zna kako se brinuti o svojoj intimnoj zoni. \u201cVagina se sama \u010disti\u201d, \u201cne perite vaginu sapunom\u201d, \u201cnosite pamu\u010dno donje rublje\u201d i \u201cuvijek se bri\u0161ite sprijeda prema natrag \u201d.","robots":{"index":"index","follow":"follow","max-snippet":"max-snippet:-1","max-image-preview":"max-image-preview:large","max-video-preview":"max-video-preview:-1"},"canonical":"https:\/\/multi-gyn.com\/hr\/zdravlje-rodnice\/njega\/intimna-higijena-i-vaginalne-infekcije\/","og_locale":"hr_HR","og_type":"article","og_title":"Intimna higijena i vaginalne infekcije - Multi-Gyn","og_description":"Ve\u0107ina \u017eena zna kako se brinuti o svojoj intimnoj zoni. \u201cVagina se sama \u010disti\u201d, \u201cne perite vaginu sapunom\u201d, \u201cnosite pamu\u010dno donje rublje\u201d i \u201cuvijek se bri\u0161ite sprijeda prema natrag \u201d.","og_url":"https:\/\/multi-gyn.com\/hr\/zdravlje-rodnice\/njega\/intimna-higijena-i-vaginalne-infekcije\/","og_site_name":"Multi-Gyn","article_modified_time":"2023-08-04T11:49:43+00:00","twitter_card":"summary_large_image","twitter_misc":{"Est. reading time":"2 minutes"},"schema":{"@context":"https:\/\/schema.org","@graph":[{"@type":"WebPage","@id":"https:\/\/multi-gyn.com\/hr\/zdravlje-rodnice\/njega\/intimna-higijena-i-vaginalne-infekcije\/","url":"https:\/\/multi-gyn.com\/hr\/zdravlje-rodnice\/njega\/intimna-higijena-i-vaginalne-infekcije\/","name":"Intimna higijena i vaginalne infekcije - Multi-Gyn","isPartOf":{"@id":"https:\/\/multi-gyn.com\/hr\/#website"},"datePublished":"2023-02-17T10:58:16+00:00","dateModified":"2023-08-04T11:49:43+00:00","description":"Ve\u0107ina \u017eena zna kako se brinuti o svojoj intimnoj zoni. \u201cVagina se sama \u010disti\u201d, \u201cne perite vaginu sapunom\u201d, \u201cnosite pamu\u010dno donje rublje\u201d i \u201cuvijek se bri\u0161ite sprijeda prema natrag \u201d.","breadcrumb":{"@id":"https:\/\/multi-gyn.com\/hr\/zdravlje-rodnice\/njega\/intimna-higijena-i-vaginalne-infekcije\/#breadcrumb"},"inLanguage":"hr-HR","potentialAction":[{"@type":"ReadAction","target":["https:\/\/multi-gyn.com\/hr\/zdravlje-rodnice\/njega\/intimna-higijena-i-vaginalne-infekcije\/"]}]},{"@type":"BreadcrumbList","@id":"https:\/\/multi-gyn.com\/hr\/zdravlje-rodnice\/njega\/intimna-higijena-i-vaginalne-infekcije\/#breadcrumb","itemListElement":[{"@type":"ListItem","position":1,"name":"Home","item":"https:\/\/multi-gyn.com\/hr\/"},{"@type":"ListItem","position":2,"name":"Zdravlje rodnice","item":"https:\/\/multi-gyn.com\/hr\/zdravlje-rodnice\/"},{"@type":"ListItem","position":3,"name":"Njega","item":"https:\/\/multi-gyn.com\/hr\/zdravlje-rodnice\/njega\/"},{"@type":"ListItem","position":4,"name":"Intimna higijena i vaginalne infekcije"}]},{"@type":"WebSite","@id":"https:\/\/multi-gyn.com\/hr\/#website","url":"https:\/\/multi-gyn.com\/hr\/","name":"Multi-Gyn","description":"","publisher":{"@id":"https:\/\/multi-gyn.com\/hr\/#organization"},"potentialAction":[{"@type":"SearchAction","target":{"@type":"EntryPoint","urlTemplate":"https:\/\/multi-gyn.com\/hr\/?s={search_term_string}"},"query-input":{"@type":"PropertyValueSpecification","valueRequired":true,"valueName":"search_term_string"}}],"inLanguage":"hr-HR"},{"@type":"Organization","@id":"https:\/\/multi-gyn.com\/hr\/#organization","name":"Multi-Gyn","url":"https:\/\/multi-gyn.com\/hr\/","logo":{"@type":"ImageObject","inLanguage":"hr-HR","@id":"https:\/\/multi-gyn.com\/hr\/#\/schema\/logo\/image\/","url":"https:\/\/multi-gyn.com\/app\/uploads\/sites\/43\/2023\/02\/multi-gyn-logo.png","contentUrl":"https:\/\/multi-gyn.com\/app\/uploads\/sites\/43\/2023\/02\/multi-gyn-logo.png","width":149,"height":32,"caption":"Multi-Gyn"},"image":{"@id":"https:\/\/multi-gyn.com\/hr\/#\/schema\/logo\/image\/"}}]}},"_links":{"self":[{"href":"https:\/\/multi-gyn.com\/hr\/wp-json\/wp\/v2\/pages\/171","targetHints":{"allow":["GET"]}}],"collection":[{"href":"https:\/\/multi-gyn.com\/hr\/wp-json\/wp\/v2\/pages"}],"about":[{"href":"https:\/\/multi-gyn.com\/hr\/wp-json\/wp\/v2\/types\/page"}],"author":[{"embeddable":true,"href":"https:\/\/multi-gyn.com\/hr\/wp-json\/wp\/v2\/users\/2"}],"replies":[{"embeddable":true,"href":"https:\/\/multi-gyn.com\/hr\/wp-json\/wp\/v2\/comments?post=171"}],"version-history":[{"count":3,"href":"https:\/\/multi-gyn.com\/hr\/wp-json\/wp\/v2\/pages\/171\/revisions"}],"predecessor-version":[{"id":557,"href":"https:\/\/multi-gyn.com\/hr\/wp-json\/wp\/v2\/pages\/171\/revisions\/557"}],"up":[{"embeddable":true,"href":"https:\/\/multi-gyn.com\/hr\/wp-json\/wp\/v2\/pages\/117"}],"wp:attachment":[{"href":"https:\/\/multi-gyn.com\/hr\/wp-json\/wp\/v2\/media?parent=171"}],"wp:term":[{"taxonomy":"from-article-database","embeddable":true,"href":"https:\/\/multi-gyn.com\/hr\/wp-json\/wp\/v2\/from-article-database?post=171"}],"curies":[{"name":"wp","href":"https:\/\/api.w.org\/{rel}","templated":true}]}}