{"id":175,"date":"2023-02-17T11:58:42","date_gmt":"2023-02-17T10:58:42","guid":{"rendered":"https:\/\/multi-gyn.com\/hr\/?page_id=175"},"modified":"2023-08-04T13:49:39","modified_gmt":"2023-08-04T11:49:39","slug":"znate-li-sto-odreduje-pravilnu-intimnu-higijenu","status":"publish","type":"page","link":"https:\/\/multi-gyn.com\/hr\/zdravlje-rodnice\/njega\/znate-li-sto-odreduje-pravilnu-intimnu-higijenu\/","title":{"rendered":"Znate li \u0161to odre\u0111uje pravilnu intimnu higijenu?"},"content":{"rendered":"\n<div class=\"wp-block-karopharma-free-text pt-large pb-large bg-center bg-cover bg-no-repeat  is-style-primary\" style=\"background-image:url()\"><div class=\"free-text-wrapper container max-w-medium text-left\">\n<h1 class=\"wp-block-heading\">Znate li \u0161to odre\u0111uje pravilnu intimnu higijenu?<\/h1>\n\n\n\n<p class=\"is-style-paragraph-preamble\">\u010cesto se ka\u017ee da je lo\u0161a higijena zapravo gora nego da je nema uop\u0107e. To nije pretjerano &#8211; lo\u0161e higijenske navike mogu biti uzrok neravnote\u017ee i infekcije Va\u0161e intimne regije. Pogledajte odgovore na naj\u010de\u0161\u0107e postavljana pitanja o pravilnoj intimnoj higijeni.<\/p>\n<\/div><\/div>\n\n\n\n<div class=\"wp-block-karopharma-free-text pt-large pb-large bg-center bg-cover bg-no-repeat\" style=\"background-image:url()\"><div class=\"free-text-wrapper container max-w-medium text-left\">\n<h3 class=\"is-style-heading-h4 wp-block-heading\">Koliko \u010desto treba prati intimnu zonu?<\/h3>\n\n\n\n<p>Pranje intimne zone mlakom vodom ili intimnim sredstvom za pranje jednom dnevno savr\u0161ena je mjera za dobro intimno zdravlje. Me\u0111utim, tijekom toplih mjeseci, prije ili nakon fizi\u010dke aktivnosti, mo\u017eete osjetiti potrebu za \u010de\u0161\u0107im pranjem. To je u redu, dokle god se perete mlakom vodom, mo\u017eete se tu\u0161irati i nekoliko puta dnevno. Ne zaboravite temeljito posu\u0161iti intimnu regiju blagim tapkanjem mekim \u010distim ru\u010dnikom.<\/p>\n\n\n\n<h3 class=\"is-style-heading-h4 wp-block-heading\">Koju vrstu sapuna trebam koristiti za pranje intimne regije?<\/h3>\n\n\n\n<p>Nikad ne koristite obi\u010dan sapun. On je previ\u0161e agresivan za nje\u017enu ko\u017eu intimne regije. Sapun mo\u017ee o\u0161tetiti za\u0161titnu barijeru na povr\u0161ini ko\u017ee, ostavljaju\u0107i otvorena vrata za potencijalnu infekciju. Odaberite prirodan proizvod koji ne sadr\u017ei sapun, jake deterd\u017eente, parfeme, boje niti konzervanse, ili jednostavno koristite mlaku vodu.<\/p>\n\n\n\n<h3 class=\"is-style-heading-h4 wp-block-heading\">Mogu li koristiti intimne maramice za odr\u017eavanje higijene?<\/h3>\n\n\n\n<p>Intimne maramice savr\u0161eno su rje\u0161enje kad ste u pokretu &#8211; bilo tijekom putovanja, u ljetnim mjesecima kad se pretjerano znojite, maramice Vam mogu pru\u017eiti osvje\u017eenje koje Vam je potrebno. Uvjerite se da su maramice koje ste odabrali specijalno dizajnirane za intimnu regiju i da ne sadr\u017ee nikakve jake kemikalije, mirise niti boje.<\/p>\n\n\n\n<p class=\"is-style-paragraph-preamble\"><em><mark style=\"background-color:rgba(0, 0, 0, 0)\" class=\"has-inline-color has-primary-color\">&#8220;Nikad ne koristite obi\u010dan sapun. On je previ\u0161e agresivan za nje\u017enu ko\u017eu intimne zone.&#8221;<\/mark><\/em><\/p>\n\n\n\n<h3 class=\"is-style-heading-h4 wp-block-heading\">Je li pamu\u010dno rublje doista tako va\u017eno?<\/h3>\n\n\n\n<p>Sinteti\u010dke tkanine sprje\u010davaju ko\u017ei da di\u0161e. To pove\u0107ava znojenje i toplinu u intimnoj regiji, a kao \u0161to vjerojatno znate, vla\u017ene i tamne zone bez dovoljno protoka zraka savr\u0161ene su za razvoj mikroba. No\u0161enje uske odje\u0107e, kao \u0161to su tijesne traperice, tajice i uske kratke hla\u010dice, izazivaju trenje i mogu o\u0161tetiti ko\u017eu. To otvara vrata mikrobima koji prolaze za\u0161titnu barijeru ko\u017ee i izazivaju infekciju. Zato je va\u017eno ograni\u010diti se na no\u0161enje ovakve odje\u0107e i \u010dipkanog rublja samo u posebnim prigodama, a pamu\u010dno donje rublje treba nositi svakodnevno. Jo\u0161 jedna stvar koju mo\u017eete u\u010diniti za dobro zdravlje vagine je spavanje bez donjeg rublja. Tako \u0107ete Va\u0161u intimnu regiju opskrbiti &#8220;zrakom&#8221; i pru\u017eiti joj oporavak tijekom no\u0107i.<\/p>\n\n\n\n<h3 class=\"is-style-heading-h4 wp-block-heading\">Za\u0161to stru\u010dnjaci ne preporu\u010duju obojeni i miri\u0161ljavi toaletni papir?<\/h3>\n\n\n\n<p>Aroma i boje koji se koriste u proizvodnji toaletnog papira (i drugih proizvoda kao \u0161to su losioni, vaginalni sprejevi i kupke za tu\u0161iranje), su iritansi koji mogu izazvati neugodne simptome, kao \u0161to su iritacija i iscjedak. Stoga treba izbjegavati sve proizvode koji sadr\u017ee takve kemikalije. Govore\u0107i o higijeni prilikom kori\u0161tenja toaleta, nikad se ne bri\u0161ite od natrag prema naprijed &#8211; u\u010dinite li to, bakterije iz anusa lako se mogu prenijeti do vagine, uzrokuju\u0107i infekciju.<\/p>\n\n\n\n<h3 class=\"is-style-heading-h4 wp-block-heading\">Mogu li nanositi parfem na intimnu zonu? <\/h3>\n\n\n\n<p>Svaka vagina ima jedinstven miris i to nije razlog za brigu. Naravno, ako primijetite jak miris, to mo\u017ee biti prili\u010dno neugodno. Primjena parfema ili vaginalnih sprejeva mo\u017ee izazvati iritaciju i simptome kao \u0161to su iscjedak, svrbe\u017e, peckanje, pa \u010dak i neugodan miris.<\/p>\n\n\n\n<h3 class=\"is-style-heading-h4 wp-block-heading\">Koliko \u010desto trebam mijenjati ulo\u0161ke?<\/h3>\n\n\n\n<p>Svaka tri do \u010detiri sata. Isto vrijedi i za jastu\u010di\u0107e i tampone, kod kojih je rizik od iritacije jo\u0161 ve\u0107i, s obzirom na to da je menstrualna krv u izravnom dodiru s ko\u017eom.<\/p>\n<\/div><\/div>\n","protected":false},"excerpt":{"rendered":"","protected":false},"author":2,"featured_media":0,"parent":117,"menu_order":6,"comment_status":"closed","ping_status":"closed","template":"","meta":{"_acf_changed":false,"footnotes":""},"from-article-database":[],"class_list":["post-175","page","type-page","status-publish","hentry"],"acf":[],"yoast_head":"<!-- This site is optimized with the Yoast SEO plugin v26.6 - https:\/\/yoast.com\/wordpress\/plugins\/seo\/ -->\n<title>Znate li \u0161to odre\u0111uje pravilnu intimnu higijenu? - Multi-Gyn<\/title>\n<meta name=\"description\" content=\"\u010cesto se ka\u017ee da je lo\u0161a higijena zapravo gora nego da je nema uop\u0107e. To nije pretjerano - lo\u0161e higijenske navike mogu biti uzrok neravnote\u017ee i infekcije Va\u0161e intimne regije.\" \/>\n<meta name=\"robots\" content=\"index, follow, max-snippet:-1, max-image-preview:large, max-video-preview:-1\" \/>\n<link rel=\"canonical\" href=\"https:\/\/multi-gyn.com\/hr\/zdravlje-rodnice\/njega\/znate-li-sto-odreduje-pravilnu-intimnu-higijenu\/\" \/>\n<meta property=\"og:locale\" content=\"hr_HR\" \/>\n<meta property=\"og:type\" content=\"article\" \/>\n<meta property=\"og:title\" content=\"Znate li \u0161to odre\u0111uje pravilnu intimnu higijenu? - Multi-Gyn\" \/>\n<meta property=\"og:description\" content=\"\u010cesto se ka\u017ee da je lo\u0161a higijena zapravo gora nego da je nema uop\u0107e. To nije pretjerano - lo\u0161e higijenske navike mogu biti uzrok neravnote\u017ee i infekcije Va\u0161e intimne regije.\" \/>\n<meta property=\"og:url\" content=\"https:\/\/multi-gyn.com\/hr\/zdravlje-rodnice\/njega\/znate-li-sto-odreduje-pravilnu-intimnu-higijenu\/\" \/>\n<meta property=\"og:site_name\" content=\"Multi-Gyn\" \/>\n<meta property=\"article:modified_time\" content=\"2023-08-04T11:49:39+00:00\" \/>\n<meta name=\"twitter:card\" content=\"summary_large_image\" \/>\n<meta name=\"twitter:label1\" content=\"Est. reading time\" \/>\n\t<meta name=\"twitter:data1\" content=\"3 minutes\" \/>\n<script type=\"application\/ld+json\" class=\"yoast-schema-graph\">{\"@context\":\"https:\/\/schema.org\",\"@graph\":[{\"@type\":\"WebPage\",\"@id\":\"https:\/\/multi-gyn.com\/hr\/zdravlje-rodnice\/njega\/znate-li-sto-odreduje-pravilnu-intimnu-higijenu\/\",\"url\":\"https:\/\/multi-gyn.com\/hr\/zdravlje-rodnice\/njega\/znate-li-sto-odreduje-pravilnu-intimnu-higijenu\/\",\"name\":\"Znate li \u0161to odre\u0111uje pravilnu intimnu higijenu? - Multi-Gyn\",\"isPartOf\":{\"@id\":\"https:\/\/multi-gyn.com\/hr\/#website\"},\"datePublished\":\"2023-02-17T10:58:42+00:00\",\"dateModified\":\"2023-08-04T11:49:39+00:00\",\"description\":\"\u010cesto se ka\u017ee da je lo\u0161a higijena zapravo gora nego da je nema uop\u0107e. To nije pretjerano - lo\u0161e higijenske navike mogu biti uzrok neravnote\u017ee i infekcije Va\u0161e intimne regije.\",\"breadcrumb\":{\"@id\":\"https:\/\/multi-gyn.com\/hr\/zdravlje-rodnice\/njega\/znate-li-sto-odreduje-pravilnu-intimnu-higijenu\/#breadcrumb\"},\"inLanguage\":\"hr-HR\",\"potentialAction\":[{\"@type\":\"ReadAction\",\"target\":[\"https:\/\/multi-gyn.com\/hr\/zdravlje-rodnice\/njega\/znate-li-sto-odreduje-pravilnu-intimnu-higijenu\/\"]}]},{\"@type\":\"BreadcrumbList\",\"@id\":\"https:\/\/multi-gyn.com\/hr\/zdravlje-rodnice\/njega\/znate-li-sto-odreduje-pravilnu-intimnu-higijenu\/#breadcrumb\",\"itemListElement\":[{\"@type\":\"ListItem\",\"position\":1,\"name\":\"Home\",\"item\":\"https:\/\/multi-gyn.com\/hr\/\"},{\"@type\":\"ListItem\",\"position\":2,\"name\":\"Zdravlje rodnice\",\"item\":\"https:\/\/multi-gyn.com\/hr\/zdravlje-rodnice\/\"},{\"@type\":\"ListItem\",\"position\":3,\"name\":\"Njega\",\"item\":\"https:\/\/multi-gyn.com\/hr\/zdravlje-rodnice\/njega\/\"},{\"@type\":\"ListItem\",\"position\":4,\"name\":\"Znate li \u0161to odre\u0111uje pravilnu intimnu higijenu?\"}]},{\"@type\":\"WebSite\",\"@id\":\"https:\/\/multi-gyn.com\/hr\/#website\",\"url\":\"https:\/\/multi-gyn.com\/hr\/\",\"name\":\"Multi-Gyn\",\"description\":\"\",\"publisher\":{\"@id\":\"https:\/\/multi-gyn.com\/hr\/#organization\"},\"potentialAction\":[{\"@type\":\"SearchAction\",\"target\":{\"@type\":\"EntryPoint\",\"urlTemplate\":\"https:\/\/multi-gyn.com\/hr\/?s={search_term_string}\"},\"query-input\":{\"@type\":\"PropertyValueSpecification\",\"valueRequired\":true,\"valueName\":\"search_term_string\"}}],\"inLanguage\":\"hr-HR\"},{\"@type\":\"Organization\",\"@id\":\"https:\/\/multi-gyn.com\/hr\/#organization\",\"name\":\"Multi-Gyn\",\"url\":\"https:\/\/multi-gyn.com\/hr\/\",\"logo\":{\"@type\":\"ImageObject\",\"inLanguage\":\"hr-HR\",\"@id\":\"https:\/\/multi-gyn.com\/hr\/#\/schema\/logo\/image\/\",\"url\":\"https:\/\/multi-gyn.com\/app\/uploads\/sites\/43\/2023\/02\/multi-gyn-logo.png\",\"contentUrl\":\"https:\/\/multi-gyn.com\/app\/uploads\/sites\/43\/2023\/02\/multi-gyn-logo.png\",\"width\":149,\"height\":32,\"caption\":\"Multi-Gyn\"},\"image\":{\"@id\":\"https:\/\/multi-gyn.com\/hr\/#\/schema\/logo\/image\/\"}}]}<\/script>\n<!-- \/ Yoast SEO plugin. -->","yoast_head_json":{"title":"Znate li \u0161to odre\u0111uje pravilnu intimnu higijenu? - Multi-Gyn","description":"\u010cesto se ka\u017ee da je lo\u0161a higijena zapravo gora nego da je nema uop\u0107e. To nije pretjerano - lo\u0161e higijenske navike mogu biti uzrok neravnote\u017ee i infekcije Va\u0161e intimne regije.","robots":{"index":"index","follow":"follow","max-snippet":"max-snippet:-1","max-image-preview":"max-image-preview:large","max-video-preview":"max-video-preview:-1"},"canonical":"https:\/\/multi-gyn.com\/hr\/zdravlje-rodnice\/njega\/znate-li-sto-odreduje-pravilnu-intimnu-higijenu\/","og_locale":"hr_HR","og_type":"article","og_title":"Znate li \u0161to odre\u0111uje pravilnu intimnu higijenu? - Multi-Gyn","og_description":"\u010cesto se ka\u017ee da je lo\u0161a higijena zapravo gora nego da je nema uop\u0107e. To nije pretjerano - lo\u0161e higijenske navike mogu biti uzrok neravnote\u017ee i infekcije Va\u0161e intimne regije.","og_url":"https:\/\/multi-gyn.com\/hr\/zdravlje-rodnice\/njega\/znate-li-sto-odreduje-pravilnu-intimnu-higijenu\/","og_site_name":"Multi-Gyn","article_modified_time":"2023-08-04T11:49:39+00:00","twitter_card":"summary_large_image","twitter_misc":{"Est. reading time":"3 minutes"},"schema":{"@context":"https:\/\/schema.org","@graph":[{"@type":"WebPage","@id":"https:\/\/multi-gyn.com\/hr\/zdravlje-rodnice\/njega\/znate-li-sto-odreduje-pravilnu-intimnu-higijenu\/","url":"https:\/\/multi-gyn.com\/hr\/zdravlje-rodnice\/njega\/znate-li-sto-odreduje-pravilnu-intimnu-higijenu\/","name":"Znate li \u0161to odre\u0111uje pravilnu intimnu higijenu? - Multi-Gyn","isPartOf":{"@id":"https:\/\/multi-gyn.com\/hr\/#website"},"datePublished":"2023-02-17T10:58:42+00:00","dateModified":"2023-08-04T11:49:39+00:00","description":"\u010cesto se ka\u017ee da je lo\u0161a higijena zapravo gora nego da je nema uop\u0107e. To nije pretjerano - lo\u0161e higijenske navike mogu biti uzrok neravnote\u017ee i infekcije Va\u0161e intimne regije.","breadcrumb":{"@id":"https:\/\/multi-gyn.com\/hr\/zdravlje-rodnice\/njega\/znate-li-sto-odreduje-pravilnu-intimnu-higijenu\/#breadcrumb"},"inLanguage":"hr-HR","potentialAction":[{"@type":"ReadAction","target":["https:\/\/multi-gyn.com\/hr\/zdravlje-rodnice\/njega\/znate-li-sto-odreduje-pravilnu-intimnu-higijenu\/"]}]},{"@type":"BreadcrumbList","@id":"https:\/\/multi-gyn.com\/hr\/zdravlje-rodnice\/njega\/znate-li-sto-odreduje-pravilnu-intimnu-higijenu\/#breadcrumb","itemListElement":[{"@type":"ListItem","position":1,"name":"Home","item":"https:\/\/multi-gyn.com\/hr\/"},{"@type":"ListItem","position":2,"name":"Zdravlje rodnice","item":"https:\/\/multi-gyn.com\/hr\/zdravlje-rodnice\/"},{"@type":"ListItem","position":3,"name":"Njega","item":"https:\/\/multi-gyn.com\/hr\/zdravlje-rodnice\/njega\/"},{"@type":"ListItem","position":4,"name":"Znate li \u0161to odre\u0111uje pravilnu intimnu higijenu?"}]},{"@type":"WebSite","@id":"https:\/\/multi-gyn.com\/hr\/#website","url":"https:\/\/multi-gyn.com\/hr\/","name":"Multi-Gyn","description":"","publisher":{"@id":"https:\/\/multi-gyn.com\/hr\/#organization"},"potentialAction":[{"@type":"SearchAction","target":{"@type":"EntryPoint","urlTemplate":"https:\/\/multi-gyn.com\/hr\/?s={search_term_string}"},"query-input":{"@type":"PropertyValueSpecification","valueRequired":true,"valueName":"search_term_string"}}],"inLanguage":"hr-HR"},{"@type":"Organization","@id":"https:\/\/multi-gyn.com\/hr\/#organization","name":"Multi-Gyn","url":"https:\/\/multi-gyn.com\/hr\/","logo":{"@type":"ImageObject","inLanguage":"hr-HR","@id":"https:\/\/multi-gyn.com\/hr\/#\/schema\/logo\/image\/","url":"https:\/\/multi-gyn.com\/app\/uploads\/sites\/43\/2023\/02\/multi-gyn-logo.png","contentUrl":"https:\/\/multi-gyn.com\/app\/uploads\/sites\/43\/2023\/02\/multi-gyn-logo.png","width":149,"height":32,"caption":"Multi-Gyn"},"image":{"@id":"https:\/\/multi-gyn.com\/hr\/#\/schema\/logo\/image\/"}}]}},"_links":{"self":[{"href":"https:\/\/multi-gyn.com\/hr\/wp-json\/wp\/v2\/pages\/175","targetHints":{"allow":["GET"]}}],"collection":[{"href":"https:\/\/multi-gyn.com\/hr\/wp-json\/wp\/v2\/pages"}],"about":[{"href":"https:\/\/multi-gyn.com\/hr\/wp-json\/wp\/v2\/types\/page"}],"author":[{"embeddable":true,"href":"https:\/\/multi-gyn.com\/hr\/wp-json\/wp\/v2\/users\/2"}],"replies":[{"embeddable":true,"href":"https:\/\/multi-gyn.com\/hr\/wp-json\/wp\/v2\/comments?post=175"}],"version-history":[{"count":2,"href":"https:\/\/multi-gyn.com\/hr\/wp-json\/wp\/v2\/pages\/175\/revisions"}],"predecessor-version":[{"id":441,"href":"https:\/\/multi-gyn.com\/hr\/wp-json\/wp\/v2\/pages\/175\/revisions\/441"}],"up":[{"embeddable":true,"href":"https:\/\/multi-gyn.com\/hr\/wp-json\/wp\/v2\/pages\/117"}],"wp:attachment":[{"href":"https:\/\/multi-gyn.com\/hr\/wp-json\/wp\/v2\/media?parent=175"}],"wp:term":[{"taxonomy":"from-article-database","embeddable":true,"href":"https:\/\/multi-gyn.com\/hr\/wp-json\/wp\/v2\/from-article-database?post=175"}],"curies":[{"name":"wp","href":"https:\/\/api.w.org\/{rel}","templated":true}]}}