{"id":179,"date":"2023-02-17T11:59:37","date_gmt":"2023-02-17T10:59:37","guid":{"rendered":"https:\/\/multi-gyn.com\/hr\/?page_id=179"},"modified":"2023-08-04T13:49:35","modified_gmt":"2023-08-04T11:49:35","slug":"higijena-rodnice","status":"publish","type":"page","link":"https:\/\/multi-gyn.com\/hr\/zdravlje-rodnice\/njega\/higijena-rodnice\/","title":{"rendered":"Higijena rodnice"},"content":{"rendered":"\n<div class=\"wp-block-karopharma-free-text pt-large pb-large bg-center bg-cover bg-no-repeat  is-style-primary\" style=\"background-image:url()\"><div class=\"free-text-wrapper container max-w-medium text-left\">\n<h1 class=\"wp-block-heading\">Higijena rodnice<\/h1>\n\n\n\n<p class=\"is-style-paragraph-preamble\">Higijena rodnice jedan je od faktora prevencije tegoba rodnice. Intimno podru\u010dje ima specifi\u010dnu mikrobiolo\u0161ku floru, u kojoj dobre bakterije (proizvode mlije\u010dnu kiselinu) dr\u017ee ravnote\u017eu u odnosu na ostale.<\/p>\n<\/div><\/div>\n\n\n\n<div class=\"wp-block-karopharma-free-text pt-large pb-large bg-center bg-cover bg-no-repeat\" style=\"background-image:url()\"><div class=\"free-text-wrapper container max-w-medium text-left\">\n<p>Mikroorganizmi koji \u017eive u na\u0161oj rodnici osjetljivi su na antibiotike, sapune i druge jake kemikalije. Dobra higijena rodnice treba o\u010duvati i podr\u017eati dobre bakterije te odr\u017eati pH rodnice optimalnim za njihov rast. S obzirom na to da je higijena rodnice obi\u010dno te\u0161ka tema, napravili smo popis smjernica koje \u0107e Vam pomo\u0107i da bolje vodite ra\u010duna o svojoj intimnoj regiji.<\/p>\n\n\n\n<h3 class=\"is-style-heading-h3 wp-block-heading\">Pranje rodnice<\/h3>\n\n\n\n<p>Za dobru njegu rodnice, intimnu regiju perite jednom dnevno mlakom vodom ili blagom pjenom\/otopinom koja ne sadr\u017ei sapun, parfem niti boju, a specijalno je osmi\u0161ljena za odr\u017eavanje higijene rodnice. Vi\u0161e nije uvijek bolje: \u010de\u0161\u0107e pranje od jednom dnevno ili kori\u0161tenje sapuna ili \u0161ampona mo\u017ee poremetiti ravnote\u017eu flore. Ako primjerena teku\u0107ina za intimnu higijenu nije dostupna, bolje je koristiti samo vodu. Ako tu\u0161iranje ili kupanje nisu mogu\u0107i (kampiranje, duga putovanja i dr.) preporu\u010duje se kori\u0161tenje intimnih maramica koje ne sadr\u017ee sapune, losione, parfem niti jake kemikalije.<\/p>\n\n\n\n<h2 class=\"is-style-heading-h2 wp-block-heading\">Prevecija i zdravstveni savjeti<\/h2>\n\n\n\n<p>Higijena rodnice nije samo redovito pranje. Mnogi faktori mogu promijeniti ravnote\u017eu mikroba, a neki od njih su seksualna aktivnost, no\u0161enje sinteti\u010dkog donjeg rublja ili uklanjanje stidnih dlaka. Ne mo\u017eemo ih uvijek izbjegavati, ali trebamo ih biti svjesni kako bismo na najbolji mogu\u0107i na\u010din o\u010duvali zdravlje intimnog podru\u010dja. Postoje razli\u010diti na\u010dini uklanjanja stidnih dlaka, a njihovi u\u010dinci se razlikuju. Ono \u0161to je ve\u0107ini zajedni\u010dko jest da izazivaju svrbe\u017e i iritaciju u intimnoj zoni. Skra\u0107ivanje je najmanje \u0161tetna metoda uklanjanja dlaka. Ako se javlja iritacija, mo\u017ee pomo\u0107i nano\u0161enje prirodnog proizvoda koji ima umiruju\u0107i efekt i hladi. Seksualni odnos mo\u017ee promijeniti pH rodnice i samim tim dovodi do neravnote\u017ee bakterijske flore i zato je dobra ideja prati intimnu regiju poslije seksa. Izbjegavajte no\u0161enje sinteti\u010dkih hla\u010da, a nosite pamu\u010dno donje rublje koje \u0107e ko\u017ei omogu\u0107iti da di\u0161e. Najbolje je spavati bez donjeg rublja. Nakon odlaska u toalet, uvijek se bri\u0161ite sprijeda prema natrag, kako bi se izbjegao ulazak crijevnih bakterija u rodnicu. Tijekom menstruacije redovito mijenjajte tampone, higijenske ulo\u0161ke ili menstrualne \u010da\u0161ice.<\/p>\n\n\n\n<h2 class=\"is-style-heading-h2 wp-block-heading\">Obratite pozornost na zdravlje rodnice<\/h2>\n\n\n\n<p>Imajte na umu da hormoni mogu sna\u017eno utjecati na floru Va\u0161e rodnice. Infekcije i tegobe javljaju se \u010dak i kod \u017eena koje se dobro brinu o svojoj intimnoj regiji. Ako osje\u0107ate bol, iritaciju ili svrbe\u017e, trebali biste posjetiti lije\u010dnika ili ginekologa.<\/p>\n\n\n\n<p class=\"is-style-paragraph-preamble\"><em><mark style=\"background-color:rgba(0, 0, 0, 0)\" class=\"has-inline-color has-primary-color\">&#8220;Higijena rodnice nije samo redovito pranje. Postoje mnogi faktori koji mogu promijeniti ravnote\u017eu mikroba, kao \u0161to su seksualna aktivnost, no\u0161enje sinteti\u010dkoga donjeg rublja ili uklanjanje stidnih dlaka.&#8221;<\/mark><\/em><\/p>\n<\/div><\/div>\n","protected":false},"excerpt":{"rendered":"","protected":false},"author":2,"featured_media":0,"parent":117,"menu_order":8,"comment_status":"closed","ping_status":"closed","template":"","meta":{"_acf_changed":false,"footnotes":""},"from-article-database":[],"class_list":["post-179","page","type-page","status-publish","hentry"],"acf":[],"yoast_head":"<!-- This site is optimized with the Yoast SEO plugin v26.6 - https:\/\/yoast.com\/wordpress\/plugins\/seo\/ -->\n<title>Higijena rodnice - Multi-Gyn<\/title>\n<meta name=\"description\" content=\"Higijena rodnice jedan je od faktora prevencije tegoba rodnice. Intimno podru\u010dje ima specifi\u010dnu mikrobiolo\u0161ku floru, u kojoj dobre bakterije (proizvode mlije\u010dnu kiselinu) dr\u017ee ravnote\u017eu u odnosu na ostale.\" \/>\n<meta name=\"robots\" content=\"index, follow, max-snippet:-1, max-image-preview:large, max-video-preview:-1\" \/>\n<link rel=\"canonical\" href=\"https:\/\/multi-gyn.com\/hr\/zdravlje-rodnice\/njega\/higijena-rodnice\/\" \/>\n<meta property=\"og:locale\" content=\"hr_HR\" \/>\n<meta property=\"og:type\" content=\"article\" \/>\n<meta property=\"og:title\" content=\"Higijena rodnice - Multi-Gyn\" \/>\n<meta property=\"og:description\" content=\"Higijena rodnice jedan je od faktora prevencije tegoba rodnice. Intimno podru\u010dje ima specifi\u010dnu mikrobiolo\u0161ku floru, u kojoj dobre bakterije (proizvode mlije\u010dnu kiselinu) dr\u017ee ravnote\u017eu u odnosu na ostale.\" \/>\n<meta property=\"og:url\" content=\"https:\/\/multi-gyn.com\/hr\/zdravlje-rodnice\/njega\/higijena-rodnice\/\" \/>\n<meta property=\"og:site_name\" content=\"Multi-Gyn\" \/>\n<meta property=\"article:modified_time\" content=\"2023-08-04T11:49:35+00:00\" \/>\n<meta name=\"twitter:card\" content=\"summary_large_image\" \/>\n<meta name=\"twitter:label1\" content=\"Est. reading time\" \/>\n\t<meta name=\"twitter:data1\" content=\"3 minutes\" \/>\n<script type=\"application\/ld+json\" class=\"yoast-schema-graph\">{\"@context\":\"https:\/\/schema.org\",\"@graph\":[{\"@type\":\"WebPage\",\"@id\":\"https:\/\/multi-gyn.com\/hr\/zdravlje-rodnice\/njega\/higijena-rodnice\/\",\"url\":\"https:\/\/multi-gyn.com\/hr\/zdravlje-rodnice\/njega\/higijena-rodnice\/\",\"name\":\"Higijena rodnice - Multi-Gyn\",\"isPartOf\":{\"@id\":\"https:\/\/multi-gyn.com\/hr\/#website\"},\"datePublished\":\"2023-02-17T10:59:37+00:00\",\"dateModified\":\"2023-08-04T11:49:35+00:00\",\"description\":\"Higijena rodnice jedan je od faktora prevencije tegoba rodnice. Intimno podru\u010dje ima specifi\u010dnu mikrobiolo\u0161ku floru, u kojoj dobre bakterije (proizvode mlije\u010dnu kiselinu) dr\u017ee ravnote\u017eu u odnosu na ostale.\",\"breadcrumb\":{\"@id\":\"https:\/\/multi-gyn.com\/hr\/zdravlje-rodnice\/njega\/higijena-rodnice\/#breadcrumb\"},\"inLanguage\":\"hr-HR\",\"potentialAction\":[{\"@type\":\"ReadAction\",\"target\":[\"https:\/\/multi-gyn.com\/hr\/zdravlje-rodnice\/njega\/higijena-rodnice\/\"]}]},{\"@type\":\"BreadcrumbList\",\"@id\":\"https:\/\/multi-gyn.com\/hr\/zdravlje-rodnice\/njega\/higijena-rodnice\/#breadcrumb\",\"itemListElement\":[{\"@type\":\"ListItem\",\"position\":1,\"name\":\"Home\",\"item\":\"https:\/\/multi-gyn.com\/hr\/\"},{\"@type\":\"ListItem\",\"position\":2,\"name\":\"Zdravlje rodnice\",\"item\":\"https:\/\/multi-gyn.com\/hr\/zdravlje-rodnice\/\"},{\"@type\":\"ListItem\",\"position\":3,\"name\":\"Njega\",\"item\":\"https:\/\/multi-gyn.com\/hr\/zdravlje-rodnice\/njega\/\"},{\"@type\":\"ListItem\",\"position\":4,\"name\":\"Higijena rodnice\"}]},{\"@type\":\"WebSite\",\"@id\":\"https:\/\/multi-gyn.com\/hr\/#website\",\"url\":\"https:\/\/multi-gyn.com\/hr\/\",\"name\":\"Multi-Gyn\",\"description\":\"\",\"publisher\":{\"@id\":\"https:\/\/multi-gyn.com\/hr\/#organization\"},\"potentialAction\":[{\"@type\":\"SearchAction\",\"target\":{\"@type\":\"EntryPoint\",\"urlTemplate\":\"https:\/\/multi-gyn.com\/hr\/?s={search_term_string}\"},\"query-input\":{\"@type\":\"PropertyValueSpecification\",\"valueRequired\":true,\"valueName\":\"search_term_string\"}}],\"inLanguage\":\"hr-HR\"},{\"@type\":\"Organization\",\"@id\":\"https:\/\/multi-gyn.com\/hr\/#organization\",\"name\":\"Multi-Gyn\",\"url\":\"https:\/\/multi-gyn.com\/hr\/\",\"logo\":{\"@type\":\"ImageObject\",\"inLanguage\":\"hr-HR\",\"@id\":\"https:\/\/multi-gyn.com\/hr\/#\/schema\/logo\/image\/\",\"url\":\"https:\/\/multi-gyn.com\/app\/uploads\/sites\/43\/2023\/02\/multi-gyn-logo.png\",\"contentUrl\":\"https:\/\/multi-gyn.com\/app\/uploads\/sites\/43\/2023\/02\/multi-gyn-logo.png\",\"width\":149,\"height\":32,\"caption\":\"Multi-Gyn\"},\"image\":{\"@id\":\"https:\/\/multi-gyn.com\/hr\/#\/schema\/logo\/image\/\"}}]}<\/script>\n<!-- \/ Yoast SEO plugin. -->","yoast_head_json":{"title":"Higijena rodnice - Multi-Gyn","description":"Higijena rodnice jedan je od faktora prevencije tegoba rodnice. Intimno podru\u010dje ima specifi\u010dnu mikrobiolo\u0161ku floru, u kojoj dobre bakterije (proizvode mlije\u010dnu kiselinu) dr\u017ee ravnote\u017eu u odnosu na ostale.","robots":{"index":"index","follow":"follow","max-snippet":"max-snippet:-1","max-image-preview":"max-image-preview:large","max-video-preview":"max-video-preview:-1"},"canonical":"https:\/\/multi-gyn.com\/hr\/zdravlje-rodnice\/njega\/higijena-rodnice\/","og_locale":"hr_HR","og_type":"article","og_title":"Higijena rodnice - Multi-Gyn","og_description":"Higijena rodnice jedan je od faktora prevencije tegoba rodnice. Intimno podru\u010dje ima specifi\u010dnu mikrobiolo\u0161ku floru, u kojoj dobre bakterije (proizvode mlije\u010dnu kiselinu) dr\u017ee ravnote\u017eu u odnosu na ostale.","og_url":"https:\/\/multi-gyn.com\/hr\/zdravlje-rodnice\/njega\/higijena-rodnice\/","og_site_name":"Multi-Gyn","article_modified_time":"2023-08-04T11:49:35+00:00","twitter_card":"summary_large_image","twitter_misc":{"Est. reading time":"3 minutes"},"schema":{"@context":"https:\/\/schema.org","@graph":[{"@type":"WebPage","@id":"https:\/\/multi-gyn.com\/hr\/zdravlje-rodnice\/njega\/higijena-rodnice\/","url":"https:\/\/multi-gyn.com\/hr\/zdravlje-rodnice\/njega\/higijena-rodnice\/","name":"Higijena rodnice - Multi-Gyn","isPartOf":{"@id":"https:\/\/multi-gyn.com\/hr\/#website"},"datePublished":"2023-02-17T10:59:37+00:00","dateModified":"2023-08-04T11:49:35+00:00","description":"Higijena rodnice jedan je od faktora prevencije tegoba rodnice. Intimno podru\u010dje ima specifi\u010dnu mikrobiolo\u0161ku floru, u kojoj dobre bakterije (proizvode mlije\u010dnu kiselinu) dr\u017ee ravnote\u017eu u odnosu na ostale.","breadcrumb":{"@id":"https:\/\/multi-gyn.com\/hr\/zdravlje-rodnice\/njega\/higijena-rodnice\/#breadcrumb"},"inLanguage":"hr-HR","potentialAction":[{"@type":"ReadAction","target":["https:\/\/multi-gyn.com\/hr\/zdravlje-rodnice\/njega\/higijena-rodnice\/"]}]},{"@type":"BreadcrumbList","@id":"https:\/\/multi-gyn.com\/hr\/zdravlje-rodnice\/njega\/higijena-rodnice\/#breadcrumb","itemListElement":[{"@type":"ListItem","position":1,"name":"Home","item":"https:\/\/multi-gyn.com\/hr\/"},{"@type":"ListItem","position":2,"name":"Zdravlje rodnice","item":"https:\/\/multi-gyn.com\/hr\/zdravlje-rodnice\/"},{"@type":"ListItem","position":3,"name":"Njega","item":"https:\/\/multi-gyn.com\/hr\/zdravlje-rodnice\/njega\/"},{"@type":"ListItem","position":4,"name":"Higijena rodnice"}]},{"@type":"WebSite","@id":"https:\/\/multi-gyn.com\/hr\/#website","url":"https:\/\/multi-gyn.com\/hr\/","name":"Multi-Gyn","description":"","publisher":{"@id":"https:\/\/multi-gyn.com\/hr\/#organization"},"potentialAction":[{"@type":"SearchAction","target":{"@type":"EntryPoint","urlTemplate":"https:\/\/multi-gyn.com\/hr\/?s={search_term_string}"},"query-input":{"@type":"PropertyValueSpecification","valueRequired":true,"valueName":"search_term_string"}}],"inLanguage":"hr-HR"},{"@type":"Organization","@id":"https:\/\/multi-gyn.com\/hr\/#organization","name":"Multi-Gyn","url":"https:\/\/multi-gyn.com\/hr\/","logo":{"@type":"ImageObject","inLanguage":"hr-HR","@id":"https:\/\/multi-gyn.com\/hr\/#\/schema\/logo\/image\/","url":"https:\/\/multi-gyn.com\/app\/uploads\/sites\/43\/2023\/02\/multi-gyn-logo.png","contentUrl":"https:\/\/multi-gyn.com\/app\/uploads\/sites\/43\/2023\/02\/multi-gyn-logo.png","width":149,"height":32,"caption":"Multi-Gyn"},"image":{"@id":"https:\/\/multi-gyn.com\/hr\/#\/schema\/logo\/image\/"}}]}},"_links":{"self":[{"href":"https:\/\/multi-gyn.com\/hr\/wp-json\/wp\/v2\/pages\/179","targetHints":{"allow":["GET"]}}],"collection":[{"href":"https:\/\/multi-gyn.com\/hr\/wp-json\/wp\/v2\/pages"}],"about":[{"href":"https:\/\/multi-gyn.com\/hr\/wp-json\/wp\/v2\/types\/page"}],"author":[{"embeddable":true,"href":"https:\/\/multi-gyn.com\/hr\/wp-json\/wp\/v2\/users\/2"}],"replies":[{"embeddable":true,"href":"https:\/\/multi-gyn.com\/hr\/wp-json\/wp\/v2\/comments?post=179"}],"version-history":[{"count":2,"href":"https:\/\/multi-gyn.com\/hr\/wp-json\/wp\/v2\/pages\/179\/revisions"}],"predecessor-version":[{"id":445,"href":"https:\/\/multi-gyn.com\/hr\/wp-json\/wp\/v2\/pages\/179\/revisions\/445"}],"up":[{"embeddable":true,"href":"https:\/\/multi-gyn.com\/hr\/wp-json\/wp\/v2\/pages\/117"}],"wp:attachment":[{"href":"https:\/\/multi-gyn.com\/hr\/wp-json\/wp\/v2\/media?parent=179"}],"wp:term":[{"taxonomy":"from-article-database","embeddable":true,"href":"https:\/\/multi-gyn.com\/hr\/wp-json\/wp\/v2\/from-article-database?post=179"}],"curies":[{"name":"wp","href":"https:\/\/api.w.org\/{rel}","templated":true}]}}