{"id":181,"date":"2023-02-17T11:59:55","date_gmt":"2023-02-17T10:59:55","guid":{"rendered":"https:\/\/multi-gyn.com\/hr\/?page_id=181"},"modified":"2023-08-04T13:49:32","modified_gmt":"2023-08-04T11:49:32","slug":"higijena-rodnice-da-ili-ne","status":"publish","type":"page","link":"https:\/\/multi-gyn.com\/hr\/zdravlje-rodnice\/njega\/higijena-rodnice-da-ili-ne\/","title":{"rendered":"Higijena rodnice \u2013 da ili ne"},"content":{"rendered":"\n<div class=\"wp-block-karopharma-free-text pt-large pb-large bg-center bg-cover bg-no-repeat  is-style-primary\" style=\"background-image:url()\"><div class=\"free-text-wrapper container max-w-medium text-left\">\n<h1 class=\"wp-block-heading\">Higijena rodnice &#8211; da ili ne<\/h1>\n\n\n\n<p class=\"is-style-paragraph-preamble\">Pravilna higijena rodnice mo\u017ee dovesti do druk\u010dijeg pogleda na na\u0161e reproduktivno zdravlje. Mo\u017ee smanjiti rizik od nastanka infekcija, ubrzati oporavak i sprije\u010diti pojavu neugodnih simptoma, kao \u0161to su iritacija i iscjedak. Pogledajte neke od najva\u017enijih \u201eda\u201c i \u201ene\u201c za higijenu rodnice.<\/p>\n<\/div><\/div>\n\n\n\n<div class=\"wp-block-karopharma-free-text pt-large pb-large bg-center bg-cover bg-no-repeat\" style=\"background-image:url()\"><div class=\"free-text-wrapper container max-w-medium text-left\">\n<h4 class=\"is-style-heading-h4 wp-block-heading\">DA: Perite intimnu regiju jednom na dan<\/h4>\n\n\n\n<p>To zna\u010di da jednostavno trebate koristiti mlaku vodu ili blago, prirodno intimno sredstvo za pranje jednom dnevno.<\/p>\n\n\n\n<h4 class=\"is-style-heading-h4 wp-block-heading\">NE: Upotreba sapuna<\/h4>\n\n\n\n<p>Sapun je alkalan i vrlo agresivan za blagu, osjetljivu ko\u017eu intimne regije. Uvijek birajte prirodne proizvode za intimno pranje koji ne sadr\u017ei sapun, mirise niti boje.<\/p>\n\n\n\n<h4 class=\"is-style-heading-h4 wp-block-heading\">DA: Koristite intimne maramice ako niste u blizini tu\u0161a.<\/h4>\n\n\n\n<p>Osobito tijekom toplijih ljetnih mjeseci ili na putovanju.<\/p>\n\n\n\n<h4 class=\"is-style-heading-h4 wp-block-heading\">NE: No\u0161enje sinteti\u010dkoga, uskoga donjeg rublja.<\/h4>\n\n\n\n<p>Sinteti\u010dke tkanine ne dopu\u0161taju ko\u017ei da di\u0161e, pove\u0107avaju temperaturu i vla\u017enost u intimnoj zoni. Uske haljine stvaraju trenje, koje mo\u017ee uzrokovati znojenje. U kombinaciji s pove\u0107anjem topline i vlage dobit \u0107ete savr\u0161en recept za mogu\u0107u infekciju rodnice. Odaberite prirodne materijale i izbjegavajte usku odje\u0107u tijekom duljeg razdoblja.<\/p>\n\n\n\n<h4 class=\"is-style-heading-h4 wp-block-heading\">DA: Bri\u0161ite se sprijeda prema natrag.<\/h4>\n\n\n\n<p>Vrlo je lako prenijeti bakterije od anusa do vagine ako se bri\u0161ete sprijeda prema naprijed. Pobrinite se da nikad ne prekr\u0161ite ovo va\u017eno pravilo. Koristite toaletni papir bez mirisa i boje kako bi se izbjegla iritacija.<\/p>\n\n\n\n<h4 class=\"is-style-heading-h4 wp-block-heading\">NE: Koristite miris ili dezodorans za intimno podru\u010dje.<\/h4>\n\n\n\n<p>Svaka rodnica ima jedinstven miris i, ako nema problema, ne smije mirisati lo\u0161e. Jak, neugodan miris mo\u017ee biti znak infekcije.<\/p>\n\n\n\n<h4 class=\"is-style-heading-h4 wp-block-heading\">DA: Koristite umiruju\u0107e proizvode nakon uklanjanja stidnih dlaka.<\/h4>\n\n\n\n<p>Bilo da se brijete, depilirate voskom, koristite kreme za depilaciju ili ne\u0161to drugo, uvijek hidrirajte ko\u017eu prije procedure i primijenite prirodne, umiruju\u0107e proizvode radi sprje\u010davanja iritacije ko\u017ee.<\/p>\n\n\n\n<h4 class=\"is-style-heading-h4 wp-block-heading\">NE: Dr\u017eite cijeli dan isti dnevni higijenski ulo\u017eak.<\/h4>\n\n\n\n<p>Dnevni higijenski ulo\u0161ci nisu namijenjeni za kori\u0161tenje dulje razdoblje. Sli\u010dno je sa sinteti\u010dkim donjim rubljem, koje sprje\u010dava disanje ko\u017ee i mo\u017ee je iritirati, te pove\u0107ati rizik od infekcije. Isto vrijedi i za higijenske ulo\u0161ke i tampone, osobito zbog toga \u0161to je menstrualna krv u bliskom kontaktu s ko\u017eom. Uvijek mijenjajte dnevne ulo\u0161ke, higijenske ulo\u0161ke i tampone svaka tri do \u010detiri sata,neposredno prije odlaska u krevet i \u010dim ustanete.<\/p>\n\n\n\n<h4 class=\"is-style-heading-h4 wp-block-heading\">DA: Tapkanje umjesto trljanja.<\/h4>\n\n\n\n<p>Nakon tu\u0161iranja, koristite mek, \u010dist ru\u010dnik i nje\u017eno tapkajte po intimnoj regiji kako biste je u potpunosti posu\u0161ili.<\/p>\n\n\n\n<h4 class=\"is-style-heading-h4 wp-block-heading\">NE: Koristite bilo kakve proizvode koji sadr\u017ee iritanse ili alergene.<\/h4>\n\n\n\n<p>Ovo vrijedi za losione, sprejeve, kupke za tu\u0161iranje i dr. Sastojci koje treba izbjegavati su proizvodi koji sadr\u017ee iritanse, uklju\u010duju\u0107i deterd\u017eente, mirise, boje, jake kemikalije i konzervanse.<\/p>\n<\/div><\/div>\n","protected":false},"excerpt":{"rendered":"","protected":false},"author":2,"featured_media":0,"parent":117,"menu_order":9,"comment_status":"closed","ping_status":"closed","template":"","meta":{"_acf_changed":false,"footnotes":""},"from-article-database":[],"class_list":["post-181","page","type-page","status-publish","hentry"],"acf":[],"yoast_head":"<!-- This site is optimized with the Yoast SEO plugin v26.6 - https:\/\/yoast.com\/wordpress\/plugins\/seo\/ -->\n<title>Higijena rodnice \u2013 da ili ne - Multi-Gyn<\/title>\n<meta name=\"description\" content=\"Pravilna higijena rodnice mo\u017ee dovesti do druk\u010dijeg pogleda na na\u0161e reproduktivno zdravlje.\" \/>\n<meta name=\"robots\" content=\"index, follow, max-snippet:-1, max-image-preview:large, max-video-preview:-1\" \/>\n<link rel=\"canonical\" href=\"https:\/\/multi-gyn.com\/hr\/zdravlje-rodnice\/njega\/higijena-rodnice-da-ili-ne\/\" \/>\n<meta property=\"og:locale\" content=\"hr_HR\" \/>\n<meta property=\"og:type\" content=\"article\" \/>\n<meta property=\"og:title\" content=\"Higijena rodnice \u2013 da ili ne - Multi-Gyn\" \/>\n<meta property=\"og:description\" content=\"Pravilna higijena rodnice mo\u017ee dovesti do druk\u010dijeg pogleda na na\u0161e reproduktivno zdravlje.\" \/>\n<meta property=\"og:url\" content=\"https:\/\/multi-gyn.com\/hr\/zdravlje-rodnice\/njega\/higijena-rodnice-da-ili-ne\/\" \/>\n<meta property=\"og:site_name\" content=\"Multi-Gyn\" \/>\n<meta property=\"article:modified_time\" content=\"2023-08-04T11:49:32+00:00\" \/>\n<meta name=\"twitter:card\" content=\"summary_large_image\" \/>\n<meta name=\"twitter:label1\" content=\"Est. reading time\" \/>\n\t<meta name=\"twitter:data1\" content=\"3 minutes\" \/>\n<script type=\"application\/ld+json\" class=\"yoast-schema-graph\">{\"@context\":\"https:\/\/schema.org\",\"@graph\":[{\"@type\":\"WebPage\",\"@id\":\"https:\/\/multi-gyn.com\/hr\/zdravlje-rodnice\/njega\/higijena-rodnice-da-ili-ne\/\",\"url\":\"https:\/\/multi-gyn.com\/hr\/zdravlje-rodnice\/njega\/higijena-rodnice-da-ili-ne\/\",\"name\":\"Higijena rodnice \u2013 da ili ne - Multi-Gyn\",\"isPartOf\":{\"@id\":\"https:\/\/multi-gyn.com\/hr\/#website\"},\"datePublished\":\"2023-02-17T10:59:55+00:00\",\"dateModified\":\"2023-08-04T11:49:32+00:00\",\"description\":\"Pravilna higijena rodnice mo\u017ee dovesti do druk\u010dijeg pogleda na na\u0161e reproduktivno zdravlje.\",\"breadcrumb\":{\"@id\":\"https:\/\/multi-gyn.com\/hr\/zdravlje-rodnice\/njega\/higijena-rodnice-da-ili-ne\/#breadcrumb\"},\"inLanguage\":\"hr-HR\",\"potentialAction\":[{\"@type\":\"ReadAction\",\"target\":[\"https:\/\/multi-gyn.com\/hr\/zdravlje-rodnice\/njega\/higijena-rodnice-da-ili-ne\/\"]}]},{\"@type\":\"BreadcrumbList\",\"@id\":\"https:\/\/multi-gyn.com\/hr\/zdravlje-rodnice\/njega\/higijena-rodnice-da-ili-ne\/#breadcrumb\",\"itemListElement\":[{\"@type\":\"ListItem\",\"position\":1,\"name\":\"Home\",\"item\":\"https:\/\/multi-gyn.com\/hr\/\"},{\"@type\":\"ListItem\",\"position\":2,\"name\":\"Zdravlje rodnice\",\"item\":\"https:\/\/multi-gyn.com\/hr\/zdravlje-rodnice\/\"},{\"@type\":\"ListItem\",\"position\":3,\"name\":\"Njega\",\"item\":\"https:\/\/multi-gyn.com\/hr\/zdravlje-rodnice\/njega\/\"},{\"@type\":\"ListItem\",\"position\":4,\"name\":\"Higijena rodnice \u2013 da ili ne\"}]},{\"@type\":\"WebSite\",\"@id\":\"https:\/\/multi-gyn.com\/hr\/#website\",\"url\":\"https:\/\/multi-gyn.com\/hr\/\",\"name\":\"Multi-Gyn\",\"description\":\"\",\"publisher\":{\"@id\":\"https:\/\/multi-gyn.com\/hr\/#organization\"},\"potentialAction\":[{\"@type\":\"SearchAction\",\"target\":{\"@type\":\"EntryPoint\",\"urlTemplate\":\"https:\/\/multi-gyn.com\/hr\/?s={search_term_string}\"},\"query-input\":{\"@type\":\"PropertyValueSpecification\",\"valueRequired\":true,\"valueName\":\"search_term_string\"}}],\"inLanguage\":\"hr-HR\"},{\"@type\":\"Organization\",\"@id\":\"https:\/\/multi-gyn.com\/hr\/#organization\",\"name\":\"Multi-Gyn\",\"url\":\"https:\/\/multi-gyn.com\/hr\/\",\"logo\":{\"@type\":\"ImageObject\",\"inLanguage\":\"hr-HR\",\"@id\":\"https:\/\/multi-gyn.com\/hr\/#\/schema\/logo\/image\/\",\"url\":\"https:\/\/multi-gyn.com\/app\/uploads\/sites\/43\/2023\/02\/multi-gyn-logo.png\",\"contentUrl\":\"https:\/\/multi-gyn.com\/app\/uploads\/sites\/43\/2023\/02\/multi-gyn-logo.png\",\"width\":149,\"height\":32,\"caption\":\"Multi-Gyn\"},\"image\":{\"@id\":\"https:\/\/multi-gyn.com\/hr\/#\/schema\/logo\/image\/\"}}]}<\/script>\n<!-- \/ Yoast SEO plugin. -->","yoast_head_json":{"title":"Higijena rodnice \u2013 da ili ne - Multi-Gyn","description":"Pravilna higijena rodnice mo\u017ee dovesti do druk\u010dijeg pogleda na na\u0161e reproduktivno zdravlje.","robots":{"index":"index","follow":"follow","max-snippet":"max-snippet:-1","max-image-preview":"max-image-preview:large","max-video-preview":"max-video-preview:-1"},"canonical":"https:\/\/multi-gyn.com\/hr\/zdravlje-rodnice\/njega\/higijena-rodnice-da-ili-ne\/","og_locale":"hr_HR","og_type":"article","og_title":"Higijena rodnice \u2013 da ili ne - Multi-Gyn","og_description":"Pravilna higijena rodnice mo\u017ee dovesti do druk\u010dijeg pogleda na na\u0161e reproduktivno zdravlje.","og_url":"https:\/\/multi-gyn.com\/hr\/zdravlje-rodnice\/njega\/higijena-rodnice-da-ili-ne\/","og_site_name":"Multi-Gyn","article_modified_time":"2023-08-04T11:49:32+00:00","twitter_card":"summary_large_image","twitter_misc":{"Est. reading time":"3 minutes"},"schema":{"@context":"https:\/\/schema.org","@graph":[{"@type":"WebPage","@id":"https:\/\/multi-gyn.com\/hr\/zdravlje-rodnice\/njega\/higijena-rodnice-da-ili-ne\/","url":"https:\/\/multi-gyn.com\/hr\/zdravlje-rodnice\/njega\/higijena-rodnice-da-ili-ne\/","name":"Higijena rodnice \u2013 da ili ne - Multi-Gyn","isPartOf":{"@id":"https:\/\/multi-gyn.com\/hr\/#website"},"datePublished":"2023-02-17T10:59:55+00:00","dateModified":"2023-08-04T11:49:32+00:00","description":"Pravilna higijena rodnice mo\u017ee dovesti do druk\u010dijeg pogleda na na\u0161e reproduktivno zdravlje.","breadcrumb":{"@id":"https:\/\/multi-gyn.com\/hr\/zdravlje-rodnice\/njega\/higijena-rodnice-da-ili-ne\/#breadcrumb"},"inLanguage":"hr-HR","potentialAction":[{"@type":"ReadAction","target":["https:\/\/multi-gyn.com\/hr\/zdravlje-rodnice\/njega\/higijena-rodnice-da-ili-ne\/"]}]},{"@type":"BreadcrumbList","@id":"https:\/\/multi-gyn.com\/hr\/zdravlje-rodnice\/njega\/higijena-rodnice-da-ili-ne\/#breadcrumb","itemListElement":[{"@type":"ListItem","position":1,"name":"Home","item":"https:\/\/multi-gyn.com\/hr\/"},{"@type":"ListItem","position":2,"name":"Zdravlje rodnice","item":"https:\/\/multi-gyn.com\/hr\/zdravlje-rodnice\/"},{"@type":"ListItem","position":3,"name":"Njega","item":"https:\/\/multi-gyn.com\/hr\/zdravlje-rodnice\/njega\/"},{"@type":"ListItem","position":4,"name":"Higijena rodnice \u2013 da ili ne"}]},{"@type":"WebSite","@id":"https:\/\/multi-gyn.com\/hr\/#website","url":"https:\/\/multi-gyn.com\/hr\/","name":"Multi-Gyn","description":"","publisher":{"@id":"https:\/\/multi-gyn.com\/hr\/#organization"},"potentialAction":[{"@type":"SearchAction","target":{"@type":"EntryPoint","urlTemplate":"https:\/\/multi-gyn.com\/hr\/?s={search_term_string}"},"query-input":{"@type":"PropertyValueSpecification","valueRequired":true,"valueName":"search_term_string"}}],"inLanguage":"hr-HR"},{"@type":"Organization","@id":"https:\/\/multi-gyn.com\/hr\/#organization","name":"Multi-Gyn","url":"https:\/\/multi-gyn.com\/hr\/","logo":{"@type":"ImageObject","inLanguage":"hr-HR","@id":"https:\/\/multi-gyn.com\/hr\/#\/schema\/logo\/image\/","url":"https:\/\/multi-gyn.com\/app\/uploads\/sites\/43\/2023\/02\/multi-gyn-logo.png","contentUrl":"https:\/\/multi-gyn.com\/app\/uploads\/sites\/43\/2023\/02\/multi-gyn-logo.png","width":149,"height":32,"caption":"Multi-Gyn"},"image":{"@id":"https:\/\/multi-gyn.com\/hr\/#\/schema\/logo\/image\/"}}]}},"_links":{"self":[{"href":"https:\/\/multi-gyn.com\/hr\/wp-json\/wp\/v2\/pages\/181","targetHints":{"allow":["GET"]}}],"collection":[{"href":"https:\/\/multi-gyn.com\/hr\/wp-json\/wp\/v2\/pages"}],"about":[{"href":"https:\/\/multi-gyn.com\/hr\/wp-json\/wp\/v2\/types\/page"}],"author":[{"embeddable":true,"href":"https:\/\/multi-gyn.com\/hr\/wp-json\/wp\/v2\/users\/2"}],"replies":[{"embeddable":true,"href":"https:\/\/multi-gyn.com\/hr\/wp-json\/wp\/v2\/comments?post=181"}],"version-history":[{"count":2,"href":"https:\/\/multi-gyn.com\/hr\/wp-json\/wp\/v2\/pages\/181\/revisions"}],"predecessor-version":[{"id":447,"href":"https:\/\/multi-gyn.com\/hr\/wp-json\/wp\/v2\/pages\/181\/revisions\/447"}],"up":[{"embeddable":true,"href":"https:\/\/multi-gyn.com\/hr\/wp-json\/wp\/v2\/pages\/117"}],"wp:attachment":[{"href":"https:\/\/multi-gyn.com\/hr\/wp-json\/wp\/v2\/media?parent=181"}],"wp:term":[{"taxonomy":"from-article-database","embeddable":true,"href":"https:\/\/multi-gyn.com\/hr\/wp-json\/wp\/v2\/from-article-database?post=181"}],"curies":[{"name":"wp","href":"https:\/\/api.w.org\/{rel}","templated":true}]}}