{"id":183,"date":"2023-02-17T12:03:06","date_gmt":"2023-02-17T11:03:06","guid":{"rendered":"https:\/\/multi-gyn.com\/hr\/?page_id=183"},"modified":"2023-08-04T13:49:30","modified_gmt":"2023-08-04T11:49:30","slug":"lijecenje-suhoce-rodnice","status":"publish","type":"page","link":"https:\/\/multi-gyn.com\/hr\/zdravlje-rodnice\/prevencija\/lijecenje-suhoce-rodnice\/","title":{"rendered":"Lije\u010denje suho\u0107e rodnice"},"content":{"rendered":"\n<div class=\"wp-block-karopharma-free-text pt-large pb-large bg-center bg-cover bg-no-repeat  is-style-primary\" style=\"background-image:url()\"><div class=\"free-text-wrapper container max-w-medium text-left\">\n<h1 class=\"wp-block-heading\">Lije\u010denje suho\u0107e rodnice<\/h1>\n\n\n\n<p class=\"is-style-paragraph-preamble\">Jeste li imali iritaciju intimne regije? Ili druge tegobe, kao \u0161to su svrbe\u017e, peckanje (tijekom mokrenja), svijetlo krvarenje tijekom i nakon seksualnog odnosa, bol prilikom penetracije, tegobe rodnice ili upalu? To bi moglo zna\u010diti da patite od suho\u0107e rodnice.<\/p>\n<\/div><\/div>\n\n\n\n<div class=\"wp-block-karopharma-free-text pt-large pb-large bg-center bg-cover bg-no-repeat\" style=\"background-image:url()\"><div class=\"free-text-wrapper container max-w-medium text-left\">\n<p>Ovaj uvjet \u010dest je simptom menopauze, ali se mo\u017ee javiti u bilo kojem razdoblju \u017eivota. Drugi uobi\u010dajeni krivci za to su hormonalne promjene koje se doga\u0111aju nakon poroda ili za vrijeme dojenja, tijekom lije\u010denja raka ili odre\u0111enih terapija.<\/p>\n\n\n\n<p>Suho\u0107a mo\u017ee biti izazvana strahom i anksiozno\u0161\u0107u, prekomjernim vje\u017ebanjem, alkoholom, kofeinom ili cigaretama. Iako suho\u0107a rodnice mo\u017ee izgledati kao manja iritacija, ozbiljno mo\u017ee smanjiti kvalitetu \u017eivota. Lije\u010denje suho\u0107e rodnice vrlo je va\u017eno, ne samo za fizi\u010dku dobrobit \u017eene, nego i za njezino emotivno stanje i zdravu vezu. Evo nekih od naj\u010de\u0161\u0107ih tretmana koji mogu pomo\u0107i u ovoj prilici:<\/p>\n\n\n\n<h2 class=\"is-style-heading-h2 wp-block-heading\">Terapija estrogenom<\/h2>\n\n\n\n<p>Glavni razlog suho\u0107e je pad estrogena, hormona koji osigurava vla\u017enost i elasti\u010dnost rodnice. Zato su mnogi tretmani zasnovani na nadoknadi smanjene razine prirodnog estrogena. Hormonalna terapija mo\u017ee biti oralna, osobito ako su prisutni drugi simptomi menopauze, povr\u0161inska (hormonski flasteri) ili vaginalna.<\/p>\n\n\n\n<p>Vaginalna estrogena terapija obuhva\u0107a estrogeni prsten, tablete ili kremu. Me\u0111utim, va\u017eno je znati da hormonalna terapija \u010desto mo\u017ee uzrokovati vrlo neugodne ili \u010dak opasne nuspojave, kao \u0161to su ve\u0107i rizik od mo\u017edanog udara ili krvnih ugru\u0161aka. Razgovarajte s ginekologom prije dono\u0161enja odluke i dajte priliku alternativnim tretmanima, koji mogu biti u\u010dinkoviti i sigurni.<\/p>\n\n\n\n<h2 class=\"is-style-heading-h2 wp-block-heading\">Terapije bez estrogena<\/h2>\n\n\n\n<p>Pored hormonalne terapije, mo\u017eete probati kremu za rodnicu koja \u0107e redovitom upotrebom odr\u017eati vla\u017enost i elasti\u010dnost tkiva rodnice, \u010dime vas osloba\u0111a od simptoma poput iritacija, peckanja ili osjetljivosti, koji ne mogu biti povezani sa seksualnim odnosom.<\/p>\n\n\n\n<p>Ako nisu dovoljno uzbu\u0111ene, \u017eene mogu do\u017eivjeti suho\u0107u rodnice i bolan odnos. Predigra je, dakle, va\u017ena kako bi se sprije\u010dila neugodnost. Lubrikanti, pak, mogu smanjiti trenje izazvano penetracijom i nude privremeno olak\u0161anje od bolova tijekom seksa. Mogu biti na bazi vode, silikona ili ulja (imajte na umu da lubrikante na bazi ulja ne treba koristiti s lateks kondomima, jer \u010desto izazivaju bu\u0161enje i ostavljaju Vas izlo\u017eenima seksualno prenosivim infekcijama ili neplaniranoj trudno\u0107i).<\/p>\n\n\n\n<p>Osnovna razlika izme\u0111u lubrikanata i hidratanata je ta \u0161to hidratanti nude vi\u0161e od dugoro\u010dnog u\u010dinka, a lubrikanti se koriste prije odnosa, pri \u010demu privremeno ubla\u017eavaju bol i trenje.<\/p>\n\n\n\n<p class=\"is-style-paragraph-preamble\"><em><mark style=\"background-color:rgba(0, 0, 0, 0)\" class=\"has-inline-color has-primary-color\">&#8220;Lije\u010denje suho\u0107e rodnice vrlo je va\u017eno, ne samo za fizi\u010dku dobrobit \u017eene nego i za njezino emotivno stanje i zdravu vezu.&#8221;<\/mark><\/em><\/p>\n<\/div><\/div>\n","protected":false},"excerpt":{"rendered":"","protected":false},"author":2,"featured_media":0,"parent":119,"menu_order":1,"comment_status":"closed","ping_status":"closed","template":"","meta":{"_acf_changed":false,"footnotes":""},"from-article-database":[],"class_list":["post-183","page","type-page","status-publish","hentry"],"acf":[],"yoast_head":"<!-- This site is optimized with the Yoast SEO plugin v26.6 - https:\/\/yoast.com\/wordpress\/plugins\/seo\/ -->\n<title>Lije\u010denje suho\u0107e rodnice - Multi-Gyn<\/title>\n<meta name=\"description\" content=\"Jeste li imali iritaciju intimne regije? Ili druge tegobe, kao \u0161to su svrbe\u017e, peckanje (tijekom mokrenja), svijetlo krvarenje tijekom i nakon seksualnog odnosa, bol prilikom penetracije, tegobe rodnice ili upalu?\" \/>\n<meta name=\"robots\" content=\"index, follow, max-snippet:-1, max-image-preview:large, max-video-preview:-1\" \/>\n<link rel=\"canonical\" href=\"https:\/\/multi-gyn.com\/hr\/zdravlje-rodnice\/prevencija\/lijecenje-suhoce-rodnice\/\" \/>\n<meta property=\"og:locale\" content=\"hr_HR\" \/>\n<meta property=\"og:type\" content=\"article\" \/>\n<meta property=\"og:title\" content=\"Lije\u010denje suho\u0107e rodnice - Multi-Gyn\" \/>\n<meta property=\"og:description\" content=\"Jeste li imali iritaciju intimne regije? Ili druge tegobe, kao \u0161to su svrbe\u017e, peckanje (tijekom mokrenja), svijetlo krvarenje tijekom i nakon seksualnog odnosa, bol prilikom penetracije, tegobe rodnice ili upalu?\" \/>\n<meta property=\"og:url\" content=\"https:\/\/multi-gyn.com\/hr\/zdravlje-rodnice\/prevencija\/lijecenje-suhoce-rodnice\/\" \/>\n<meta property=\"og:site_name\" content=\"Multi-Gyn\" \/>\n<meta property=\"article:modified_time\" content=\"2023-08-04T11:49:30+00:00\" \/>\n<meta name=\"twitter:card\" content=\"summary_large_image\" \/>\n<meta name=\"twitter:label1\" content=\"Est. reading time\" \/>\n\t<meta name=\"twitter:data1\" content=\"3 minutes\" \/>\n<script type=\"application\/ld+json\" class=\"yoast-schema-graph\">{\"@context\":\"https:\/\/schema.org\",\"@graph\":[{\"@type\":\"WebPage\",\"@id\":\"https:\/\/multi-gyn.com\/hr\/zdravlje-rodnice\/prevencija\/lijecenje-suhoce-rodnice\/\",\"url\":\"https:\/\/multi-gyn.com\/hr\/zdravlje-rodnice\/prevencija\/lijecenje-suhoce-rodnice\/\",\"name\":\"Lije\u010denje suho\u0107e rodnice - Multi-Gyn\",\"isPartOf\":{\"@id\":\"https:\/\/multi-gyn.com\/hr\/#website\"},\"datePublished\":\"2023-02-17T11:03:06+00:00\",\"dateModified\":\"2023-08-04T11:49:30+00:00\",\"description\":\"Jeste li imali iritaciju intimne regije? Ili druge tegobe, kao \u0161to su svrbe\u017e, peckanje (tijekom mokrenja), svijetlo krvarenje tijekom i nakon seksualnog odnosa, bol prilikom penetracije, tegobe rodnice ili upalu?\",\"breadcrumb\":{\"@id\":\"https:\/\/multi-gyn.com\/hr\/zdravlje-rodnice\/prevencija\/lijecenje-suhoce-rodnice\/#breadcrumb\"},\"inLanguage\":\"hr-HR\",\"potentialAction\":[{\"@type\":\"ReadAction\",\"target\":[\"https:\/\/multi-gyn.com\/hr\/zdravlje-rodnice\/prevencija\/lijecenje-suhoce-rodnice\/\"]}]},{\"@type\":\"BreadcrumbList\",\"@id\":\"https:\/\/multi-gyn.com\/hr\/zdravlje-rodnice\/prevencija\/lijecenje-suhoce-rodnice\/#breadcrumb\",\"itemListElement\":[{\"@type\":\"ListItem\",\"position\":1,\"name\":\"Home\",\"item\":\"https:\/\/multi-gyn.com\/hr\/\"},{\"@type\":\"ListItem\",\"position\":2,\"name\":\"Zdravlje rodnice\",\"item\":\"https:\/\/multi-gyn.com\/hr\/zdravlje-rodnice\/\"},{\"@type\":\"ListItem\",\"position\":3,\"name\":\"Prevencija\",\"item\":\"https:\/\/multi-gyn.com\/hr\/zdravlje-rodnice\/prevencija\/\"},{\"@type\":\"ListItem\",\"position\":4,\"name\":\"Lije\u010denje suho\u0107e rodnice\"}]},{\"@type\":\"WebSite\",\"@id\":\"https:\/\/multi-gyn.com\/hr\/#website\",\"url\":\"https:\/\/multi-gyn.com\/hr\/\",\"name\":\"Multi-Gyn\",\"description\":\"\",\"publisher\":{\"@id\":\"https:\/\/multi-gyn.com\/hr\/#organization\"},\"potentialAction\":[{\"@type\":\"SearchAction\",\"target\":{\"@type\":\"EntryPoint\",\"urlTemplate\":\"https:\/\/multi-gyn.com\/hr\/?s={search_term_string}\"},\"query-input\":{\"@type\":\"PropertyValueSpecification\",\"valueRequired\":true,\"valueName\":\"search_term_string\"}}],\"inLanguage\":\"hr-HR\"},{\"@type\":\"Organization\",\"@id\":\"https:\/\/multi-gyn.com\/hr\/#organization\",\"name\":\"Multi-Gyn\",\"url\":\"https:\/\/multi-gyn.com\/hr\/\",\"logo\":{\"@type\":\"ImageObject\",\"inLanguage\":\"hr-HR\",\"@id\":\"https:\/\/multi-gyn.com\/hr\/#\/schema\/logo\/image\/\",\"url\":\"https:\/\/multi-gyn.com\/app\/uploads\/sites\/43\/2023\/02\/multi-gyn-logo.png\",\"contentUrl\":\"https:\/\/multi-gyn.com\/app\/uploads\/sites\/43\/2023\/02\/multi-gyn-logo.png\",\"width\":149,\"height\":32,\"caption\":\"Multi-Gyn\"},\"image\":{\"@id\":\"https:\/\/multi-gyn.com\/hr\/#\/schema\/logo\/image\/\"}}]}<\/script>\n<!-- \/ Yoast SEO plugin. -->","yoast_head_json":{"title":"Lije\u010denje suho\u0107e rodnice - Multi-Gyn","description":"Jeste li imali iritaciju intimne regije? Ili druge tegobe, kao \u0161to su svrbe\u017e, peckanje (tijekom mokrenja), svijetlo krvarenje tijekom i nakon seksualnog odnosa, bol prilikom penetracije, tegobe rodnice ili upalu?","robots":{"index":"index","follow":"follow","max-snippet":"max-snippet:-1","max-image-preview":"max-image-preview:large","max-video-preview":"max-video-preview:-1"},"canonical":"https:\/\/multi-gyn.com\/hr\/zdravlje-rodnice\/prevencija\/lijecenje-suhoce-rodnice\/","og_locale":"hr_HR","og_type":"article","og_title":"Lije\u010denje suho\u0107e rodnice - Multi-Gyn","og_description":"Jeste li imali iritaciju intimne regije? Ili druge tegobe, kao \u0161to su svrbe\u017e, peckanje (tijekom mokrenja), svijetlo krvarenje tijekom i nakon seksualnog odnosa, bol prilikom penetracije, tegobe rodnice ili upalu?","og_url":"https:\/\/multi-gyn.com\/hr\/zdravlje-rodnice\/prevencija\/lijecenje-suhoce-rodnice\/","og_site_name":"Multi-Gyn","article_modified_time":"2023-08-04T11:49:30+00:00","twitter_card":"summary_large_image","twitter_misc":{"Est. reading time":"3 minutes"},"schema":{"@context":"https:\/\/schema.org","@graph":[{"@type":"WebPage","@id":"https:\/\/multi-gyn.com\/hr\/zdravlje-rodnice\/prevencija\/lijecenje-suhoce-rodnice\/","url":"https:\/\/multi-gyn.com\/hr\/zdravlje-rodnice\/prevencija\/lijecenje-suhoce-rodnice\/","name":"Lije\u010denje suho\u0107e rodnice - Multi-Gyn","isPartOf":{"@id":"https:\/\/multi-gyn.com\/hr\/#website"},"datePublished":"2023-02-17T11:03:06+00:00","dateModified":"2023-08-04T11:49:30+00:00","description":"Jeste li imali iritaciju intimne regije? Ili druge tegobe, kao \u0161to su svrbe\u017e, peckanje (tijekom mokrenja), svijetlo krvarenje tijekom i nakon seksualnog odnosa, bol prilikom penetracije, tegobe rodnice ili upalu?","breadcrumb":{"@id":"https:\/\/multi-gyn.com\/hr\/zdravlje-rodnice\/prevencija\/lijecenje-suhoce-rodnice\/#breadcrumb"},"inLanguage":"hr-HR","potentialAction":[{"@type":"ReadAction","target":["https:\/\/multi-gyn.com\/hr\/zdravlje-rodnice\/prevencija\/lijecenje-suhoce-rodnice\/"]}]},{"@type":"BreadcrumbList","@id":"https:\/\/multi-gyn.com\/hr\/zdravlje-rodnice\/prevencija\/lijecenje-suhoce-rodnice\/#breadcrumb","itemListElement":[{"@type":"ListItem","position":1,"name":"Home","item":"https:\/\/multi-gyn.com\/hr\/"},{"@type":"ListItem","position":2,"name":"Zdravlje rodnice","item":"https:\/\/multi-gyn.com\/hr\/zdravlje-rodnice\/"},{"@type":"ListItem","position":3,"name":"Prevencija","item":"https:\/\/multi-gyn.com\/hr\/zdravlje-rodnice\/prevencija\/"},{"@type":"ListItem","position":4,"name":"Lije\u010denje suho\u0107e rodnice"}]},{"@type":"WebSite","@id":"https:\/\/multi-gyn.com\/hr\/#website","url":"https:\/\/multi-gyn.com\/hr\/","name":"Multi-Gyn","description":"","publisher":{"@id":"https:\/\/multi-gyn.com\/hr\/#organization"},"potentialAction":[{"@type":"SearchAction","target":{"@type":"EntryPoint","urlTemplate":"https:\/\/multi-gyn.com\/hr\/?s={search_term_string}"},"query-input":{"@type":"PropertyValueSpecification","valueRequired":true,"valueName":"search_term_string"}}],"inLanguage":"hr-HR"},{"@type":"Organization","@id":"https:\/\/multi-gyn.com\/hr\/#organization","name":"Multi-Gyn","url":"https:\/\/multi-gyn.com\/hr\/","logo":{"@type":"ImageObject","inLanguage":"hr-HR","@id":"https:\/\/multi-gyn.com\/hr\/#\/schema\/logo\/image\/","url":"https:\/\/multi-gyn.com\/app\/uploads\/sites\/43\/2023\/02\/multi-gyn-logo.png","contentUrl":"https:\/\/multi-gyn.com\/app\/uploads\/sites\/43\/2023\/02\/multi-gyn-logo.png","width":149,"height":32,"caption":"Multi-Gyn"},"image":{"@id":"https:\/\/multi-gyn.com\/hr\/#\/schema\/logo\/image\/"}}]}},"_links":{"self":[{"href":"https:\/\/multi-gyn.com\/hr\/wp-json\/wp\/v2\/pages\/183","targetHints":{"allow":["GET"]}}],"collection":[{"href":"https:\/\/multi-gyn.com\/hr\/wp-json\/wp\/v2\/pages"}],"about":[{"href":"https:\/\/multi-gyn.com\/hr\/wp-json\/wp\/v2\/types\/page"}],"author":[{"embeddable":true,"href":"https:\/\/multi-gyn.com\/hr\/wp-json\/wp\/v2\/users\/2"}],"replies":[{"embeddable":true,"href":"https:\/\/multi-gyn.com\/hr\/wp-json\/wp\/v2\/comments?post=183"}],"version-history":[{"count":2,"href":"https:\/\/multi-gyn.com\/hr\/wp-json\/wp\/v2\/pages\/183\/revisions"}],"predecessor-version":[{"id":451,"href":"https:\/\/multi-gyn.com\/hr\/wp-json\/wp\/v2\/pages\/183\/revisions\/451"}],"up":[{"embeddable":true,"href":"https:\/\/multi-gyn.com\/hr\/wp-json\/wp\/v2\/pages\/119"}],"wp:attachment":[{"href":"https:\/\/multi-gyn.com\/hr\/wp-json\/wp\/v2\/media?parent=183"}],"wp:term":[{"taxonomy":"from-article-database","embeddable":true,"href":"https:\/\/multi-gyn.com\/hr\/wp-json\/wp\/v2\/from-article-database?post=183"}],"curies":[{"name":"wp","href":"https:\/\/api.w.org\/{rel}","templated":true}]}}