{"id":185,"date":"2023-02-17T12:03:19","date_gmt":"2023-02-17T11:03:19","guid":{"rendered":"https:\/\/multi-gyn.com\/hr\/?page_id=185"},"modified":"2023-08-04T13:49:28","modified_gmt":"2023-08-04T11:49:28","slug":"kako-lijeciti-bakterijsku-vaginozu","status":"publish","type":"page","link":"https:\/\/multi-gyn.com\/hr\/zdravlje-rodnice\/prevencija\/kako-lijeciti-bakterijsku-vaginozu\/","title":{"rendered":"Kako lije\u010diti bakterijsku vaginozu"},"content":{"rendered":"\n<div class=\"wp-block-karopharma-free-text pt-large pb-large bg-center bg-cover bg-no-repeat  is-style-primary\" style=\"background-image:url()\"><div class=\"free-text-wrapper container max-w-medium text-left\">\n<h1 class=\"wp-block-heading\">Kako lije\u010diti bakterijsku vaginozu<\/h1>\n\n\n\n<p class=\"is-style-paragraph-preamble\">Bakterijska vaginoza jedan je od uzroka vaginalnog iscjetka i mirisa, zbog \u010dega \u017eene tra\u017ee medicinsku pomo\u0107. To se doga\u0111a zbog neravnote\u017ee vaginalne flore, \u0161to rezultira prekomjernim rastom &#8220;lo\u0161ih&#8221; bakterija. Pored neugodnih simptoma, ako se ne lije\u010di, bakterijska vaginoza mo\u017ee pove\u0107ati rizik od dobivanja spolno prenosive bolesti poput HIV-a ili herpesa. Uz to, pove\u0107ava rizik od poba\u010daja ili prijevremenog poroda, ako se dogodi tijekom trudno\u0107e, a \u017eene s bakterijskom vaginozom \u010de\u0161\u0107e dobivaju infekciju nakon zdjeli\u010dnih procedura, poput carskog reza ili histerektomije. To su samo neki od razloga za\u0161to je toliko va\u017eno bakterijske vaginoze lije\u010diti odgovaraju\u0107im lijekovima prije nego \u0161to se jave komplikacije.<\/p>\n<\/div><\/div>\n\n\n\n<div class=\"wp-block-karopharma-free-text pt-large pb-large bg-center bg-cover bg-no-repeat\" style=\"background-image:url()\"><div class=\"free-text-wrapper container max-w-medium text-left\">\n<h2 class=\"is-style-heading-h2 wp-block-heading\">Kako se dijagnosticiraju bakterijske vaginoze?<\/h2>\n\n\n\n<p>Ako ste primijetili promjene u iscjetku, neugodan miris poput ribe, svrbe\u017e, peckanje ili druge vaginalne tegobe, podrazumijeva se da trebate posjetiti lije\u010dnika. Ne sramite se &#8211; \u0161to vi\u0161e informacija date svom lije\u010dniku, lak\u0161e \u0107e mu biti pravilno postaviti dijagnozu.<\/p>\n\n\n\n<p>Va\u0161 lije\u010dnik mo\u017ee pregledati zdjelicu, pri \u010demu \u0107e mo\u0107i vizualno pregledati vaginu i cerviks. Mo\u017ee uzeti i uzorak (\u0161tapi\u0107em) s vaginalnog zida te provjeriti mikroskopske znakove za odre\u0111ene infekcije. Taj postupak nije bolan, iako mo\u017ee biti malo neugodan, pa mo\u017eete odahnuti i opustite se \u0161to je vi\u0161e mogu\u0107e.<\/p>\n\n\n\n<p>Drugi test koji lije\u010dnik mo\u017ee obavljati zove se \u201ewhiff\u201e test \u2013 tijekom kojeg se nekoliko kapi kalijeva hidroksida pomije\u0161a s uzorkom iscjetka. U slu\u010daju bakterijske infekcije, osjetit \u0107e se miris ribe, koji potvr\u0111uje dijagnozu. Jo\u0161 jedan znak koji mo\u017ee potvrditi dijagnozu je vaginalni Ph \u010dija je razina ve\u0107a od 4,5.<\/p>\n\n\n\n<p class=\"is-style-paragraph-preamble\"><em><mark style=\"background-color:rgba(0, 0, 0, 0)\" class=\"has-inline-color has-primary-color\">&#8220;Antibiotici se naj\u010de\u0161\u0107e koriste u terapiji, ali mogu naru\u0161iti korisnu vaginalnu floru, uzrokuju\u0107i ponavljanje tegoba.&#8221;<\/mark><\/em><\/p>\n\n\n\n<h2 class=\"is-style-heading-h2 wp-block-heading\">Lije\u010denje bakterijske vaginoze<\/h2>\n\n\n\n<p>Oko 30 posto infekcija rje\u0161avaju se same, zahvaljuju\u0107i na\u0161im obrambenim mehanizmima. Me\u0111utim, ako simptomi koje smo gore spomenuli ne prolaze za nekoliko dana, nu\u017ena je odgovaraju\u0107a terapija, osobito tijekom trudno\u0107e. Iako postoje i ne-antibiotski lijekovi, lije\u010dnik \u0107e najvjerojatnije prepisati antibiotike za terapiju bakterijske vaginoze.<\/p>\n\n\n\n<p>Naj\u010de\u0161\u0107i antibiotski re\u017eim uklju\u010duje:<\/p>\n\n\n\n<ul class=\"is-style-default wp-block-list\"><li>Metronidazol* tablete ili vaginalni gel<\/li><li>Klindamicin** tablete, vaginalnu kremu ili vaginalne supozitorije<\/li><li>Tinidazol* tablete<\/li><\/ul>\n\n\n\n<p>* Izbjegavajte uzimanje alkohola tijekom terapije antibioticima i do 24 sata nakon uzimanja posljednje doze, kako biste sprije\u010dili mu\u010dninu ili bol u trbuhu.<\/p>\n\n\n\n<p>** Klindamicin krema i vaginalni supozitoriji mogu oslabiti lateks kondoma i dijafragmu jo\u0161 pet dana nakon uporabe.<\/p>\n\n\n\n<p>Uza spomenute nuspojave, antibiotici mogu poremetiti vaginalnu floru, \u0161to mo\u017ee dovesti do gljivi\u010dne infekcije ili do ponavljanja bakterijske vaginoze. Obnovite vaginalnu floru (laktobacile) tijekom ili nakon zavr\u0161ene antibiotske terapije. Koristite prebiotike koji stimuliraju rast dobrih bakterija i odr\u017eavaju vaginu zdravom i uravnote\u017eenom.<\/p>\n\n\n\n<p>Alternativa antibioticima su prirodni proizvodi, koji obnavljaju pH rodnice, imaju malo ili nimalo nuspojava i poti\u010du rast dobrih bakterija, kako bi se ponovno uspostavila ravnote\u017ea flore u vaginalnoj sredini.<\/p>\n<\/div><\/div>\n","protected":false},"excerpt":{"rendered":"","protected":false},"author":2,"featured_media":0,"parent":119,"menu_order":2,"comment_status":"closed","ping_status":"closed","template":"","meta":{"_acf_changed":false,"footnotes":""},"from-article-database":[],"class_list":["post-185","page","type-page","status-publish","hentry"],"acf":[],"yoast_head":"<!-- This site is optimized with the Yoast SEO plugin v26.6 - https:\/\/yoast.com\/wordpress\/plugins\/seo\/ -->\n<title>Kako lije\u010diti bakterijsku vaginozu - Multi-Gyn<\/title>\n<meta name=\"description\" content=\"Bakterijska vaginoza jedan je od uzroka vaginalnog iscjetka i mirisa, zbog \u010dega \u017eene tra\u017ee medicinsku pomo\u0107.\" \/>\n<meta name=\"robots\" content=\"index, follow, max-snippet:-1, max-image-preview:large, max-video-preview:-1\" \/>\n<link rel=\"canonical\" href=\"https:\/\/multi-gyn.com\/hr\/zdravlje-rodnice\/prevencija\/kako-lijeciti-bakterijsku-vaginozu\/\" \/>\n<meta property=\"og:locale\" content=\"hr_HR\" \/>\n<meta property=\"og:type\" content=\"article\" \/>\n<meta property=\"og:title\" content=\"Kako lije\u010diti bakterijsku vaginozu - Multi-Gyn\" \/>\n<meta property=\"og:description\" content=\"Bakterijska vaginoza jedan je od uzroka vaginalnog iscjetka i mirisa, zbog \u010dega \u017eene tra\u017ee medicinsku pomo\u0107.\" \/>\n<meta property=\"og:url\" content=\"https:\/\/multi-gyn.com\/hr\/zdravlje-rodnice\/prevencija\/kako-lijeciti-bakterijsku-vaginozu\/\" \/>\n<meta property=\"og:site_name\" content=\"Multi-Gyn\" \/>\n<meta property=\"article:modified_time\" content=\"2023-08-04T11:49:28+00:00\" \/>\n<meta name=\"twitter:card\" content=\"summary_large_image\" \/>\n<meta name=\"twitter:label1\" content=\"Est. reading time\" \/>\n\t<meta name=\"twitter:data1\" content=\"3 minutes\" \/>\n<script type=\"application\/ld+json\" class=\"yoast-schema-graph\">{\"@context\":\"https:\/\/schema.org\",\"@graph\":[{\"@type\":\"WebPage\",\"@id\":\"https:\/\/multi-gyn.com\/hr\/zdravlje-rodnice\/prevencija\/kako-lijeciti-bakterijsku-vaginozu\/\",\"url\":\"https:\/\/multi-gyn.com\/hr\/zdravlje-rodnice\/prevencija\/kako-lijeciti-bakterijsku-vaginozu\/\",\"name\":\"Kako lije\u010diti bakterijsku vaginozu - Multi-Gyn\",\"isPartOf\":{\"@id\":\"https:\/\/multi-gyn.com\/hr\/#website\"},\"datePublished\":\"2023-02-17T11:03:19+00:00\",\"dateModified\":\"2023-08-04T11:49:28+00:00\",\"description\":\"Bakterijska vaginoza jedan je od uzroka vaginalnog iscjetka i mirisa, zbog \u010dega \u017eene tra\u017ee medicinsku pomo\u0107.\",\"breadcrumb\":{\"@id\":\"https:\/\/multi-gyn.com\/hr\/zdravlje-rodnice\/prevencija\/kako-lijeciti-bakterijsku-vaginozu\/#breadcrumb\"},\"inLanguage\":\"hr-HR\",\"potentialAction\":[{\"@type\":\"ReadAction\",\"target\":[\"https:\/\/multi-gyn.com\/hr\/zdravlje-rodnice\/prevencija\/kako-lijeciti-bakterijsku-vaginozu\/\"]}]},{\"@type\":\"BreadcrumbList\",\"@id\":\"https:\/\/multi-gyn.com\/hr\/zdravlje-rodnice\/prevencija\/kako-lijeciti-bakterijsku-vaginozu\/#breadcrumb\",\"itemListElement\":[{\"@type\":\"ListItem\",\"position\":1,\"name\":\"Home\",\"item\":\"https:\/\/multi-gyn.com\/hr\/\"},{\"@type\":\"ListItem\",\"position\":2,\"name\":\"Zdravlje rodnice\",\"item\":\"https:\/\/multi-gyn.com\/hr\/zdravlje-rodnice\/\"},{\"@type\":\"ListItem\",\"position\":3,\"name\":\"Prevencija\",\"item\":\"https:\/\/multi-gyn.com\/hr\/zdravlje-rodnice\/prevencija\/\"},{\"@type\":\"ListItem\",\"position\":4,\"name\":\"Kako lije\u010diti bakterijsku vaginozu\"}]},{\"@type\":\"WebSite\",\"@id\":\"https:\/\/multi-gyn.com\/hr\/#website\",\"url\":\"https:\/\/multi-gyn.com\/hr\/\",\"name\":\"Multi-Gyn\",\"description\":\"\",\"publisher\":{\"@id\":\"https:\/\/multi-gyn.com\/hr\/#organization\"},\"potentialAction\":[{\"@type\":\"SearchAction\",\"target\":{\"@type\":\"EntryPoint\",\"urlTemplate\":\"https:\/\/multi-gyn.com\/hr\/?s={search_term_string}\"},\"query-input\":{\"@type\":\"PropertyValueSpecification\",\"valueRequired\":true,\"valueName\":\"search_term_string\"}}],\"inLanguage\":\"hr-HR\"},{\"@type\":\"Organization\",\"@id\":\"https:\/\/multi-gyn.com\/hr\/#organization\",\"name\":\"Multi-Gyn\",\"url\":\"https:\/\/multi-gyn.com\/hr\/\",\"logo\":{\"@type\":\"ImageObject\",\"inLanguage\":\"hr-HR\",\"@id\":\"https:\/\/multi-gyn.com\/hr\/#\/schema\/logo\/image\/\",\"url\":\"https:\/\/multi-gyn.com\/app\/uploads\/sites\/43\/2023\/02\/multi-gyn-logo.png\",\"contentUrl\":\"https:\/\/multi-gyn.com\/app\/uploads\/sites\/43\/2023\/02\/multi-gyn-logo.png\",\"width\":149,\"height\":32,\"caption\":\"Multi-Gyn\"},\"image\":{\"@id\":\"https:\/\/multi-gyn.com\/hr\/#\/schema\/logo\/image\/\"}}]}<\/script>\n<!-- \/ Yoast SEO plugin. -->","yoast_head_json":{"title":"Kako lije\u010diti bakterijsku vaginozu - Multi-Gyn","description":"Bakterijska vaginoza jedan je od uzroka vaginalnog iscjetka i mirisa, zbog \u010dega \u017eene tra\u017ee medicinsku pomo\u0107.","robots":{"index":"index","follow":"follow","max-snippet":"max-snippet:-1","max-image-preview":"max-image-preview:large","max-video-preview":"max-video-preview:-1"},"canonical":"https:\/\/multi-gyn.com\/hr\/zdravlje-rodnice\/prevencija\/kako-lijeciti-bakterijsku-vaginozu\/","og_locale":"hr_HR","og_type":"article","og_title":"Kako lije\u010diti bakterijsku vaginozu - Multi-Gyn","og_description":"Bakterijska vaginoza jedan je od uzroka vaginalnog iscjetka i mirisa, zbog \u010dega \u017eene tra\u017ee medicinsku pomo\u0107.","og_url":"https:\/\/multi-gyn.com\/hr\/zdravlje-rodnice\/prevencija\/kako-lijeciti-bakterijsku-vaginozu\/","og_site_name":"Multi-Gyn","article_modified_time":"2023-08-04T11:49:28+00:00","twitter_card":"summary_large_image","twitter_misc":{"Est. reading time":"3 minutes"},"schema":{"@context":"https:\/\/schema.org","@graph":[{"@type":"WebPage","@id":"https:\/\/multi-gyn.com\/hr\/zdravlje-rodnice\/prevencija\/kako-lijeciti-bakterijsku-vaginozu\/","url":"https:\/\/multi-gyn.com\/hr\/zdravlje-rodnice\/prevencija\/kako-lijeciti-bakterijsku-vaginozu\/","name":"Kako lije\u010diti bakterijsku vaginozu - Multi-Gyn","isPartOf":{"@id":"https:\/\/multi-gyn.com\/hr\/#website"},"datePublished":"2023-02-17T11:03:19+00:00","dateModified":"2023-08-04T11:49:28+00:00","description":"Bakterijska vaginoza jedan je od uzroka vaginalnog iscjetka i mirisa, zbog \u010dega \u017eene tra\u017ee medicinsku pomo\u0107.","breadcrumb":{"@id":"https:\/\/multi-gyn.com\/hr\/zdravlje-rodnice\/prevencija\/kako-lijeciti-bakterijsku-vaginozu\/#breadcrumb"},"inLanguage":"hr-HR","potentialAction":[{"@type":"ReadAction","target":["https:\/\/multi-gyn.com\/hr\/zdravlje-rodnice\/prevencija\/kako-lijeciti-bakterijsku-vaginozu\/"]}]},{"@type":"BreadcrumbList","@id":"https:\/\/multi-gyn.com\/hr\/zdravlje-rodnice\/prevencija\/kako-lijeciti-bakterijsku-vaginozu\/#breadcrumb","itemListElement":[{"@type":"ListItem","position":1,"name":"Home","item":"https:\/\/multi-gyn.com\/hr\/"},{"@type":"ListItem","position":2,"name":"Zdravlje rodnice","item":"https:\/\/multi-gyn.com\/hr\/zdravlje-rodnice\/"},{"@type":"ListItem","position":3,"name":"Prevencija","item":"https:\/\/multi-gyn.com\/hr\/zdravlje-rodnice\/prevencija\/"},{"@type":"ListItem","position":4,"name":"Kako lije\u010diti bakterijsku vaginozu"}]},{"@type":"WebSite","@id":"https:\/\/multi-gyn.com\/hr\/#website","url":"https:\/\/multi-gyn.com\/hr\/","name":"Multi-Gyn","description":"","publisher":{"@id":"https:\/\/multi-gyn.com\/hr\/#organization"},"potentialAction":[{"@type":"SearchAction","target":{"@type":"EntryPoint","urlTemplate":"https:\/\/multi-gyn.com\/hr\/?s={search_term_string}"},"query-input":{"@type":"PropertyValueSpecification","valueRequired":true,"valueName":"search_term_string"}}],"inLanguage":"hr-HR"},{"@type":"Organization","@id":"https:\/\/multi-gyn.com\/hr\/#organization","name":"Multi-Gyn","url":"https:\/\/multi-gyn.com\/hr\/","logo":{"@type":"ImageObject","inLanguage":"hr-HR","@id":"https:\/\/multi-gyn.com\/hr\/#\/schema\/logo\/image\/","url":"https:\/\/multi-gyn.com\/app\/uploads\/sites\/43\/2023\/02\/multi-gyn-logo.png","contentUrl":"https:\/\/multi-gyn.com\/app\/uploads\/sites\/43\/2023\/02\/multi-gyn-logo.png","width":149,"height":32,"caption":"Multi-Gyn"},"image":{"@id":"https:\/\/multi-gyn.com\/hr\/#\/schema\/logo\/image\/"}}]}},"_links":{"self":[{"href":"https:\/\/multi-gyn.com\/hr\/wp-json\/wp\/v2\/pages\/185","targetHints":{"allow":["GET"]}}],"collection":[{"href":"https:\/\/multi-gyn.com\/hr\/wp-json\/wp\/v2\/pages"}],"about":[{"href":"https:\/\/multi-gyn.com\/hr\/wp-json\/wp\/v2\/types\/page"}],"author":[{"embeddable":true,"href":"https:\/\/multi-gyn.com\/hr\/wp-json\/wp\/v2\/users\/2"}],"replies":[{"embeddable":true,"href":"https:\/\/multi-gyn.com\/hr\/wp-json\/wp\/v2\/comments?post=185"}],"version-history":[{"count":2,"href":"https:\/\/multi-gyn.com\/hr\/wp-json\/wp\/v2\/pages\/185\/revisions"}],"predecessor-version":[{"id":452,"href":"https:\/\/multi-gyn.com\/hr\/wp-json\/wp\/v2\/pages\/185\/revisions\/452"}],"up":[{"embeddable":true,"href":"https:\/\/multi-gyn.com\/hr\/wp-json\/wp\/v2\/pages\/119"}],"wp:attachment":[{"href":"https:\/\/multi-gyn.com\/hr\/wp-json\/wp\/v2\/media?parent=185"}],"wp:term":[{"taxonomy":"from-article-database","embeddable":true,"href":"https:\/\/multi-gyn.com\/hr\/wp-json\/wp\/v2\/from-article-database?post=185"}],"curies":[{"name":"wp","href":"https:\/\/api.w.org\/{rel}","templated":true}]}}