{"id":189,"date":"2023-02-17T13:22:08","date_gmt":"2023-02-17T12:22:08","guid":{"rendered":"https:\/\/multi-gyn.com\/hr\/?page_id=189"},"modified":"2023-08-04T13:49:24","modified_gmt":"2023-08-04T11:49:24","slug":"vaginalno-crvenilo","status":"publish","type":"page","link":"https:\/\/multi-gyn.com\/hr\/zdravlje-rodnice\/tegobe\/vaginalno-crvenilo\/","title":{"rendered":"Vaginalno crvenilo"},"content":{"rendered":"\n<div class=\"wp-block-karopharma-free-text pt-large pb-large bg-center bg-cover bg-no-repeat  is-style-primary\" style=\"background-image:url()\"><div class=\"free-text-wrapper container max-w-medium text-left\">\n<h1 class=\"wp-block-heading\">Vaginalno crvenilo<\/h1>\n\n\n\n<p class=\"is-style-paragraph-preamble\">Ako ste se ikad zapitali kako izgledate dolje, mo\u017eete uzeti malo, d\u017eepno ogledalo i pogledati sebe iz drugog kuta. Me\u0111utim, ve\u0107ina nas to \u0107e uraditi samo ako ima razloga vjerovati da ne\u0161to nije u redu. Ako imate vaginalni svrbe\u017e, iritaciju ili bol, onda ste sigurno primijetili da je Va\u0161a vulva crvena i da je katkad ote\u010dena. Ta pojava poznata je kao crvenilo vagine. U medicinskom smislu, crvenilo vagine naziva se vulvovaginitis, upala tkiva vulve i vagine. Pored crvenila, vulvovaginitis mo\u017ee imati jedan ili nekoliko simptoma, me\u0111u kojima su neobi\u010dan iscjedak, neugodan miris, svrbe\u017e, iritacija, osje\u0107aj pe\u010denja tijekom ili nakon seksualnog odnosa ili prilikom mokrenja.<\/p>\n<\/div><\/div>\n\n\n\n<div class=\"wp-block-karopharma-free-text pt-large pb-large bg-center bg-cover bg-no-repeat\" style=\"background-image:url()\"><div class=\"free-text-wrapper container max-w-medium text-left\">\n<h2 class=\"is-style-heading-h2 wp-block-heading\">\u0160to izaziva vaginalno crvenilo<\/h2>\n\n\n\n<p>Zapaljenje tkiva koje se manifestira kao crvenilo mo\u017ee biti uzrokovano razli\u010ditim faktorima, od kojih je naj\u010de\u0161\u0107a infekcija, poput vaginalne gljivi\u010dne infekcije ili bakterijske vaginoze. Ne smatra se prenosivom bole\u0161\u0107u izme\u0111u partnera, tako da nema potrebe da se uzdr\u017eavate od seksa, ali seksualna aktivnost mo\u017ee biti neugodna kad se pojavi crvenilo vagine. Ako je uzrok infekcije spolno prenosiva bolest, obi\u010dno se trebaju lije\u010diti oba partnera.<\/p>\n\n\n\n<p>Uzrok vaginalnog crvenila nije, me\u0111utim, uvijek infekcija. Osjetljivo tkivo vulve i vagine mo\u017ee lako pokazati alergijsku reakciju ili iritaciju na tvari koje se nalaze u okru\u017eenju, kao \u0161to su parfemi, sapuni i konzervansi. Zapravo, proizvodi poput ulo\u017eaka i toaletnog papira, jaki deterd\u017eenti i \u0161amponi, omek\u0161iva\u010di i drugi, \u010desto sadr\u017ee sastojke koji mogu izazvati alergije ili dovode do iritacije. Jo\u0161 jedan \u010dest razlog za crvenilo je fizi\u010dka iritacija, obi\u010dno zbog sportskoga, toploga ili sinteti\u010dkoga donjeg rublja.<\/p>\n\n\n\n<h2 class=\"is-style-heading-h2 wp-block-heading\">Kako lije\u010diti vaginalno crvenilo<\/h2>\n\n\n\n<p>Prvi korak u lije\u010denju vulvovaginitisa je otklanjanje uzroka upale. Obratite se svom lije\u010dniku i provjerite koji je uzrok problema. Ako je upala uzrokovana infekcijom, antibiotici ili antimikotici u terapiji se \u010desto propisuju. Kori\u0161tenje vaginalnih prebiotika tijekom ili nakon antibiotske terapije mo\u017ee pomo\u0107i pri uspostavi ponovne ravnote\u017ee vaginalne flore te smanjuje mogu\u0107nost ponovne infekcije. Me\u0111utim, ako do\u0111e do crvenila zbog alergijske reakcije ili fizi\u010dkog nadra\u017eaja, nije uvijek lako identificirati i ukloniti uzrok. U tom slu\u010daju vjerojatno je najbolje izbje\u0107i sve mogu\u0107e uzroke, a zatim ih polako vra\u0107ati jedan po jedan.<\/p>\n\n\n\n<p>Iako je najbolje otkloniti uzrok problema, brzo osloba\u0111anje od simptoma \u010desto je korisno. Potra\u017eite proizvode namijenjene otklanjanju svrbe\u017ea, sprejeve ili gelove s u\u010dinkom hla\u0111enja koji se mogu nabaviti u ljekarni. Uvjerite se da su proizvedeni isklju\u010divo za intimno podru\u010dje i da ne sadr\u017ee nikakve alergene ili iritanse.<\/p>\n\n\n\n<p class=\"is-style-paragraph-preamble\"><em><mark style=\"background-color:rgba(0, 0, 0, 0)\" class=\"has-inline-color has-primary-color\">&#8220;Crvenilo mo\u017ee biti uzrokovano razli\u010ditim faktorima, od kojih je naj\u010de\u0161\u0107a infekcija, poput vaginalne gljivi\u010dne infekcije ili bakterijske vaginoze.&#8221;<\/mark><\/em><\/p>\n<\/div><\/div>\n","protected":false},"excerpt":{"rendered":"","protected":false},"author":2,"featured_media":0,"parent":121,"menu_order":1,"comment_status":"closed","ping_status":"closed","template":"","meta":{"_acf_changed":false,"footnotes":""},"from-article-database":[],"class_list":["post-189","page","type-page","status-publish","hentry"],"acf":[],"yoast_head":"<!-- This site is optimized with the Yoast SEO plugin v26.6 - https:\/\/yoast.com\/wordpress\/plugins\/seo\/ -->\n<title>Vaginalno crvenilo - Multi-Gyn<\/title>\n<meta name=\"description\" content=\"Ako ste se ikad zapitali kako izgledate dolje, mo\u017eete uzeti malo, d\u017eepno ogledalo i pogledati sebe iz drugog kuta.\" \/>\n<meta name=\"robots\" content=\"index, follow, max-snippet:-1, max-image-preview:large, max-video-preview:-1\" \/>\n<link rel=\"canonical\" href=\"https:\/\/multi-gyn.com\/hr\/zdravlje-rodnice\/tegobe\/vaginalno-crvenilo\/\" \/>\n<meta property=\"og:locale\" content=\"hr_HR\" \/>\n<meta property=\"og:type\" content=\"article\" \/>\n<meta property=\"og:title\" content=\"Vaginalno crvenilo - Multi-Gyn\" \/>\n<meta property=\"og:description\" content=\"Ako ste se ikad zapitali kako izgledate dolje, mo\u017eete uzeti malo, d\u017eepno ogledalo i pogledati sebe iz drugog kuta.\" \/>\n<meta property=\"og:url\" content=\"https:\/\/multi-gyn.com\/hr\/zdravlje-rodnice\/tegobe\/vaginalno-crvenilo\/\" \/>\n<meta property=\"og:site_name\" content=\"Multi-Gyn\" \/>\n<meta property=\"article:modified_time\" content=\"2023-08-04T11:49:24+00:00\" \/>\n<meta name=\"twitter:card\" content=\"summary_large_image\" \/>\n<meta name=\"twitter:label1\" content=\"Est. reading time\" \/>\n\t<meta name=\"twitter:data1\" content=\"3 minutes\" \/>\n<script type=\"application\/ld+json\" class=\"yoast-schema-graph\">{\"@context\":\"https:\/\/schema.org\",\"@graph\":[{\"@type\":\"WebPage\",\"@id\":\"https:\/\/multi-gyn.com\/hr\/zdravlje-rodnice\/tegobe\/vaginalno-crvenilo\/\",\"url\":\"https:\/\/multi-gyn.com\/hr\/zdravlje-rodnice\/tegobe\/vaginalno-crvenilo\/\",\"name\":\"Vaginalno crvenilo - Multi-Gyn\",\"isPartOf\":{\"@id\":\"https:\/\/multi-gyn.com\/hr\/#website\"},\"datePublished\":\"2023-02-17T12:22:08+00:00\",\"dateModified\":\"2023-08-04T11:49:24+00:00\",\"description\":\"Ako ste se ikad zapitali kako izgledate dolje, mo\u017eete uzeti malo, d\u017eepno ogledalo i pogledati sebe iz drugog kuta.\",\"breadcrumb\":{\"@id\":\"https:\/\/multi-gyn.com\/hr\/zdravlje-rodnice\/tegobe\/vaginalno-crvenilo\/#breadcrumb\"},\"inLanguage\":\"hr-HR\",\"potentialAction\":[{\"@type\":\"ReadAction\",\"target\":[\"https:\/\/multi-gyn.com\/hr\/zdravlje-rodnice\/tegobe\/vaginalno-crvenilo\/\"]}]},{\"@type\":\"BreadcrumbList\",\"@id\":\"https:\/\/multi-gyn.com\/hr\/zdravlje-rodnice\/tegobe\/vaginalno-crvenilo\/#breadcrumb\",\"itemListElement\":[{\"@type\":\"ListItem\",\"position\":1,\"name\":\"Home\",\"item\":\"https:\/\/multi-gyn.com\/hr\/\"},{\"@type\":\"ListItem\",\"position\":2,\"name\":\"Zdravlje rodnice\",\"item\":\"https:\/\/multi-gyn.com\/hr\/zdravlje-rodnice\/\"},{\"@type\":\"ListItem\",\"position\":3,\"name\":\"Tegobe\",\"item\":\"https:\/\/multi-gyn.com\/hr\/zdravlje-rodnice\/tegobe\/\"},{\"@type\":\"ListItem\",\"position\":4,\"name\":\"Vaginalno crvenilo\"}]},{\"@type\":\"WebSite\",\"@id\":\"https:\/\/multi-gyn.com\/hr\/#website\",\"url\":\"https:\/\/multi-gyn.com\/hr\/\",\"name\":\"Multi-Gyn\",\"description\":\"\",\"publisher\":{\"@id\":\"https:\/\/multi-gyn.com\/hr\/#organization\"},\"potentialAction\":[{\"@type\":\"SearchAction\",\"target\":{\"@type\":\"EntryPoint\",\"urlTemplate\":\"https:\/\/multi-gyn.com\/hr\/?s={search_term_string}\"},\"query-input\":{\"@type\":\"PropertyValueSpecification\",\"valueRequired\":true,\"valueName\":\"search_term_string\"}}],\"inLanguage\":\"hr-HR\"},{\"@type\":\"Organization\",\"@id\":\"https:\/\/multi-gyn.com\/hr\/#organization\",\"name\":\"Multi-Gyn\",\"url\":\"https:\/\/multi-gyn.com\/hr\/\",\"logo\":{\"@type\":\"ImageObject\",\"inLanguage\":\"hr-HR\",\"@id\":\"https:\/\/multi-gyn.com\/hr\/#\/schema\/logo\/image\/\",\"url\":\"https:\/\/multi-gyn.com\/app\/uploads\/sites\/43\/2023\/02\/multi-gyn-logo.png\",\"contentUrl\":\"https:\/\/multi-gyn.com\/app\/uploads\/sites\/43\/2023\/02\/multi-gyn-logo.png\",\"width\":149,\"height\":32,\"caption\":\"Multi-Gyn\"},\"image\":{\"@id\":\"https:\/\/multi-gyn.com\/hr\/#\/schema\/logo\/image\/\"}}]}<\/script>\n<!-- \/ Yoast SEO plugin. -->","yoast_head_json":{"title":"Vaginalno crvenilo - Multi-Gyn","description":"Ako ste se ikad zapitali kako izgledate dolje, mo\u017eete uzeti malo, d\u017eepno ogledalo i pogledati sebe iz drugog kuta.","robots":{"index":"index","follow":"follow","max-snippet":"max-snippet:-1","max-image-preview":"max-image-preview:large","max-video-preview":"max-video-preview:-1"},"canonical":"https:\/\/multi-gyn.com\/hr\/zdravlje-rodnice\/tegobe\/vaginalno-crvenilo\/","og_locale":"hr_HR","og_type":"article","og_title":"Vaginalno crvenilo - Multi-Gyn","og_description":"Ako ste se ikad zapitali kako izgledate dolje, mo\u017eete uzeti malo, d\u017eepno ogledalo i pogledati sebe iz drugog kuta.","og_url":"https:\/\/multi-gyn.com\/hr\/zdravlje-rodnice\/tegobe\/vaginalno-crvenilo\/","og_site_name":"Multi-Gyn","article_modified_time":"2023-08-04T11:49:24+00:00","twitter_card":"summary_large_image","twitter_misc":{"Est. reading time":"3 minutes"},"schema":{"@context":"https:\/\/schema.org","@graph":[{"@type":"WebPage","@id":"https:\/\/multi-gyn.com\/hr\/zdravlje-rodnice\/tegobe\/vaginalno-crvenilo\/","url":"https:\/\/multi-gyn.com\/hr\/zdravlje-rodnice\/tegobe\/vaginalno-crvenilo\/","name":"Vaginalno crvenilo - Multi-Gyn","isPartOf":{"@id":"https:\/\/multi-gyn.com\/hr\/#website"},"datePublished":"2023-02-17T12:22:08+00:00","dateModified":"2023-08-04T11:49:24+00:00","description":"Ako ste se ikad zapitali kako izgledate dolje, mo\u017eete uzeti malo, d\u017eepno ogledalo i pogledati sebe iz drugog kuta.","breadcrumb":{"@id":"https:\/\/multi-gyn.com\/hr\/zdravlje-rodnice\/tegobe\/vaginalno-crvenilo\/#breadcrumb"},"inLanguage":"hr-HR","potentialAction":[{"@type":"ReadAction","target":["https:\/\/multi-gyn.com\/hr\/zdravlje-rodnice\/tegobe\/vaginalno-crvenilo\/"]}]},{"@type":"BreadcrumbList","@id":"https:\/\/multi-gyn.com\/hr\/zdravlje-rodnice\/tegobe\/vaginalno-crvenilo\/#breadcrumb","itemListElement":[{"@type":"ListItem","position":1,"name":"Home","item":"https:\/\/multi-gyn.com\/hr\/"},{"@type":"ListItem","position":2,"name":"Zdravlje rodnice","item":"https:\/\/multi-gyn.com\/hr\/zdravlje-rodnice\/"},{"@type":"ListItem","position":3,"name":"Tegobe","item":"https:\/\/multi-gyn.com\/hr\/zdravlje-rodnice\/tegobe\/"},{"@type":"ListItem","position":4,"name":"Vaginalno crvenilo"}]},{"@type":"WebSite","@id":"https:\/\/multi-gyn.com\/hr\/#website","url":"https:\/\/multi-gyn.com\/hr\/","name":"Multi-Gyn","description":"","publisher":{"@id":"https:\/\/multi-gyn.com\/hr\/#organization"},"potentialAction":[{"@type":"SearchAction","target":{"@type":"EntryPoint","urlTemplate":"https:\/\/multi-gyn.com\/hr\/?s={search_term_string}"},"query-input":{"@type":"PropertyValueSpecification","valueRequired":true,"valueName":"search_term_string"}}],"inLanguage":"hr-HR"},{"@type":"Organization","@id":"https:\/\/multi-gyn.com\/hr\/#organization","name":"Multi-Gyn","url":"https:\/\/multi-gyn.com\/hr\/","logo":{"@type":"ImageObject","inLanguage":"hr-HR","@id":"https:\/\/multi-gyn.com\/hr\/#\/schema\/logo\/image\/","url":"https:\/\/multi-gyn.com\/app\/uploads\/sites\/43\/2023\/02\/multi-gyn-logo.png","contentUrl":"https:\/\/multi-gyn.com\/app\/uploads\/sites\/43\/2023\/02\/multi-gyn-logo.png","width":149,"height":32,"caption":"Multi-Gyn"},"image":{"@id":"https:\/\/multi-gyn.com\/hr\/#\/schema\/logo\/image\/"}}]}},"_links":{"self":[{"href":"https:\/\/multi-gyn.com\/hr\/wp-json\/wp\/v2\/pages\/189","targetHints":{"allow":["GET"]}}],"collection":[{"href":"https:\/\/multi-gyn.com\/hr\/wp-json\/wp\/v2\/pages"}],"about":[{"href":"https:\/\/multi-gyn.com\/hr\/wp-json\/wp\/v2\/types\/page"}],"author":[{"embeddable":true,"href":"https:\/\/multi-gyn.com\/hr\/wp-json\/wp\/v2\/users\/2"}],"replies":[{"embeddable":true,"href":"https:\/\/multi-gyn.com\/hr\/wp-json\/wp\/v2\/comments?post=189"}],"version-history":[{"count":5,"href":"https:\/\/multi-gyn.com\/hr\/wp-json\/wp\/v2\/pages\/189\/revisions"}],"predecessor-version":[{"id":565,"href":"https:\/\/multi-gyn.com\/hr\/wp-json\/wp\/v2\/pages\/189\/revisions\/565"}],"up":[{"embeddable":true,"href":"https:\/\/multi-gyn.com\/hr\/wp-json\/wp\/v2\/pages\/121"}],"wp:attachment":[{"href":"https:\/\/multi-gyn.com\/hr\/wp-json\/wp\/v2\/media?parent=189"}],"wp:term":[{"taxonomy":"from-article-database","embeddable":true,"href":"https:\/\/multi-gyn.com\/hr\/wp-json\/wp\/v2\/from-article-database?post=189"}],"curies":[{"name":"wp","href":"https:\/\/api.w.org\/{rel}","templated":true}]}}