{"id":191,"date":"2023-02-17T13:22:44","date_gmt":"2023-02-17T12:22:44","guid":{"rendered":"https:\/\/multi-gyn.com\/hr\/?page_id=191"},"modified":"2023-08-04T13:49:22","modified_gmt":"2023-08-04T11:49:22","slug":"osjetljivost-vagine","status":"publish","type":"page","link":"https:\/\/multi-gyn.com\/hr\/zdravlje-rodnice\/tegobe\/osjetljivost-vagine\/","title":{"rendered":"Osjetljivost vagine"},"content":{"rendered":"\n<div class=\"wp-block-karopharma-free-text pt-large pb-large bg-center bg-cover bg-no-repeat  is-style-primary\" style=\"background-image:url()\"><div class=\"free-text-wrapper container max-w-medium text-left\">\n<h1 class=\"wp-block-heading\">Osjetljivost vagine<\/h1>\n\n\n\n<p class=\"is-style-paragraph-preamble\">Svaka vrsta osjetljivosti i nelagode u vaginalnom podru\u010dju mo\u017ee izazvati neugodnost i nervozu, jer stalno Vas prati osje\u0107aj da \u201etamo dolje ne\u0161to nije u redu\u201c. Osjetljivost vagine manifestira se kao bol ili osjetljivost na dodir u intimnoj regiji, osobito tijekom odnosa. Ti simptomi mogu biti pra\u0107eni i drugim tegobama, uklju\u010duju\u0107i promjene u sekretu, vaginalni svrbe\u017e, peckanje, oteklinu, crvenilo i td. Naj\u010de\u0161\u0107i uzroci osjetljivosti i boli su iritacija, infekcija ili suho\u0107a vagine. Lije\u010denje se razlikuje ovisno o uzroku.<\/p>\n<\/div><\/div>\n\n\n\n<div class=\"wp-block-karopharma-free-text pt-large pb-large bg-center bg-cover bg-no-repeat\" style=\"background-image:url()\"><div class=\"free-text-wrapper container max-w-medium text-left\">\n<h2 class=\"is-style-heading-h2 wp-block-heading\">Neravnote\u017ea vaginalne flore<\/h2>\n\n\n\n<p>Vagina je prekrivena milijunima dobrih mikroba, koji \u010dine vaginalnu floru. Kad je ta osjetljiva ravnote\u017ea poreme\u0107ena i smanji se broj dobrih bakterija, gljivice ili \u0161tetne bakterije po\u010dinju nekontrolirano rasti, izazivaju\u0107i svrbe\u017e i iritaciju. Ako ne mo\u017eete izdr\u017eati, a da se ne po\u010de\u0161ete, lako mo\u017eete o\u0161tetiti ko\u017eu i dovesti do daljnje iritacije, otekline ili boli. Ako \u010desto patite od gljivi\u010dne infekcije, poku\u0161ajte koristiti vaginalni proizvod koji sadr\u017ei prebiotike. Prebiotski vaginalni gelovi stimuliraju rast dobrih bakterija i poma\u017eu pri uspostavi uravnote\u017eene vaginalne flore.<\/p>\n\n\n\n<h2 class=\"is-style-heading-h2 wp-block-heading\">Suho\u0107a vagine<\/h2>\n\n\n\n<p>Penetracija bez dovoljno vla\u017enosti mo\u017ee o\u0161tetiti zidove vagine i druga tkiva u intimnoj regiji, uzrokuju\u0107i upalu i bol. Suho\u0107a mo\u017ee biti uzrokovana hormonalnim promjenama tijekom menopauze, trudno\u0107om, dojenjem i kori\u0161tenjem kontracepcije. Ostavite dovoljno vremena za predigru, tako da se stimulira prirodno podmazivanje. Ako patite od suho\u0107e rodnice, poku\u0161ajte koristiti kremu ili vaginalni lubrikant. Krema \u0107e za nekoliko dana rije\u0161iti problem suho\u0107e i mo\u017ee se koristiti svakodnevno, a svrha lubrikanta je da se koristi prije seksualnog odnosa i pru\u017ei kratkotrajno olak\u0161anje.<\/p>\n\n\n\n<h2 class=\"is-style-heading-h2 wp-block-heading\">Menopauza<\/h2>\n\n\n\n<p>Kad padne razina estrogena, vaginalno tkivo gubi elasti\u010dnost, debljinu i prirodno podmazivanje. Kao rezultat javljaju se tanki zidovi koji stvaraju osje\u0107aj grebanja za vrijeme penetracije i mogu se lako o\u0161tetiti. Takvo stanje zove se vaginalna atrofija i obi\u010dno rezultira gubitkom libida, jer je seks neugodan i bolan. \u0160to se ti\u010de suho\u0107e rodnice, rje\u0161enje su vaginalne kreme i lubrikanti.<\/p>\n\n\n\n<h2 class=\"is-style-heading-h2 wp-block-heading\">Iritacije<\/h2>\n\n\n\n<p>Proizvodi koji sadr\u017ee jake kemikalije, deterd\u017eente, obi\u010dan sapun, mirise, boje i konzervanse, mogu iritirati intimnu regiju, izazivaju\u0107i oteklinu, osjetljivost, peckanje i bol. Izbjegavajte takve proizvode i birajte one koji su specijalno dizajnirani da se koriste za intimnu regiju. To uklju\u010duje intimna sredstva za pranje temeljena na prirodnim sastojcima koji sadr\u017ee blage deterd\u017eente i ne remete vaginalnu pH vrijednost<\/p>\n\n\n\n<p>Neke spolno prenosive bolesti mogu izazvati osjetljivost i bol u zdjelici. Posumnjate li da imate neku spolno prenosivu bolest, preporu\u010duje se da posjetite svojega ginekologa.<\/p>\n\n\n\n<p>Ako patite zbog bolova i osjetljivosti, poku\u0161ajte s primjenom hladnog obloga, \u0161to \u0107e donijeti brzo olak\u0161anje i smanjiti iritaciju. Imajte na umu \u010dinjenicu da, ako se \u017eelite rije\u0161iti bolova i osjetljivosti, treba djelovati na glavni uzrok nelagode. Ako osjetljivost potraje, posjetite svojeg lije\u010dnika, tako da \u0161to prije dobijete odgovaraju\u0107u terapiju.<\/p>\n<\/div><\/div>\n","protected":false},"excerpt":{"rendered":"","protected":false},"author":2,"featured_media":0,"parent":121,"menu_order":2,"comment_status":"closed","ping_status":"closed","template":"","meta":{"_acf_changed":false,"footnotes":""},"from-article-database":[],"class_list":["post-191","page","type-page","status-publish","hentry"],"acf":[],"yoast_head":"<!-- This site is optimized with the Yoast SEO plugin v26.6 - https:\/\/yoast.com\/wordpress\/plugins\/seo\/ -->\n<title>Osjetljivost vagine - Multi-Gyn<\/title>\n<meta name=\"description\" content=\"Svaka vrsta osjetljivosti i nelagode u vaginalnom podru\u010dju mo\u017ee izazvati neugodnost i nervozu, jer stalno Vas prati osje\u0107aj da \u201etamo dolje ne\u0161to nije u redu\u201c.\" \/>\n<meta name=\"robots\" content=\"index, follow, max-snippet:-1, max-image-preview:large, max-video-preview:-1\" \/>\n<link rel=\"canonical\" href=\"https:\/\/multi-gyn.com\/hr\/zdravlje-rodnice\/tegobe\/osjetljivost-vagine\/\" \/>\n<meta property=\"og:locale\" content=\"hr_HR\" \/>\n<meta property=\"og:type\" content=\"article\" \/>\n<meta property=\"og:title\" content=\"Osjetljivost vagine - Multi-Gyn\" \/>\n<meta property=\"og:description\" content=\"Svaka vrsta osjetljivosti i nelagode u vaginalnom podru\u010dju mo\u017ee izazvati neugodnost i nervozu, jer stalno Vas prati osje\u0107aj da \u201etamo dolje ne\u0161to nije u redu\u201c.\" \/>\n<meta property=\"og:url\" content=\"https:\/\/multi-gyn.com\/hr\/zdravlje-rodnice\/tegobe\/osjetljivost-vagine\/\" \/>\n<meta property=\"og:site_name\" content=\"Multi-Gyn\" \/>\n<meta property=\"article:modified_time\" content=\"2023-08-04T11:49:22+00:00\" \/>\n<meta name=\"twitter:card\" content=\"summary_large_image\" \/>\n<meta name=\"twitter:label1\" content=\"Est. reading time\" \/>\n\t<meta name=\"twitter:data1\" content=\"3 minutes\" \/>\n<script type=\"application\/ld+json\" class=\"yoast-schema-graph\">{\"@context\":\"https:\/\/schema.org\",\"@graph\":[{\"@type\":\"WebPage\",\"@id\":\"https:\/\/multi-gyn.com\/hr\/zdravlje-rodnice\/tegobe\/osjetljivost-vagine\/\",\"url\":\"https:\/\/multi-gyn.com\/hr\/zdravlje-rodnice\/tegobe\/osjetljivost-vagine\/\",\"name\":\"Osjetljivost vagine - Multi-Gyn\",\"isPartOf\":{\"@id\":\"https:\/\/multi-gyn.com\/hr\/#website\"},\"datePublished\":\"2023-02-17T12:22:44+00:00\",\"dateModified\":\"2023-08-04T11:49:22+00:00\",\"description\":\"Svaka vrsta osjetljivosti i nelagode u vaginalnom podru\u010dju mo\u017ee izazvati neugodnost i nervozu, jer stalno Vas prati osje\u0107aj da \u201etamo dolje ne\u0161to nije u redu\u201c.\",\"breadcrumb\":{\"@id\":\"https:\/\/multi-gyn.com\/hr\/zdravlje-rodnice\/tegobe\/osjetljivost-vagine\/#breadcrumb\"},\"inLanguage\":\"hr-HR\",\"potentialAction\":[{\"@type\":\"ReadAction\",\"target\":[\"https:\/\/multi-gyn.com\/hr\/zdravlje-rodnice\/tegobe\/osjetljivost-vagine\/\"]}]},{\"@type\":\"BreadcrumbList\",\"@id\":\"https:\/\/multi-gyn.com\/hr\/zdravlje-rodnice\/tegobe\/osjetljivost-vagine\/#breadcrumb\",\"itemListElement\":[{\"@type\":\"ListItem\",\"position\":1,\"name\":\"Home\",\"item\":\"https:\/\/multi-gyn.com\/hr\/\"},{\"@type\":\"ListItem\",\"position\":2,\"name\":\"Zdravlje rodnice\",\"item\":\"https:\/\/multi-gyn.com\/hr\/zdravlje-rodnice\/\"},{\"@type\":\"ListItem\",\"position\":3,\"name\":\"Tegobe\",\"item\":\"https:\/\/multi-gyn.com\/hr\/zdravlje-rodnice\/tegobe\/\"},{\"@type\":\"ListItem\",\"position\":4,\"name\":\"Osjetljivost vagine\"}]},{\"@type\":\"WebSite\",\"@id\":\"https:\/\/multi-gyn.com\/hr\/#website\",\"url\":\"https:\/\/multi-gyn.com\/hr\/\",\"name\":\"Multi-Gyn\",\"description\":\"\",\"publisher\":{\"@id\":\"https:\/\/multi-gyn.com\/hr\/#organization\"},\"potentialAction\":[{\"@type\":\"SearchAction\",\"target\":{\"@type\":\"EntryPoint\",\"urlTemplate\":\"https:\/\/multi-gyn.com\/hr\/?s={search_term_string}\"},\"query-input\":{\"@type\":\"PropertyValueSpecification\",\"valueRequired\":true,\"valueName\":\"search_term_string\"}}],\"inLanguage\":\"hr-HR\"},{\"@type\":\"Organization\",\"@id\":\"https:\/\/multi-gyn.com\/hr\/#organization\",\"name\":\"Multi-Gyn\",\"url\":\"https:\/\/multi-gyn.com\/hr\/\",\"logo\":{\"@type\":\"ImageObject\",\"inLanguage\":\"hr-HR\",\"@id\":\"https:\/\/multi-gyn.com\/hr\/#\/schema\/logo\/image\/\",\"url\":\"https:\/\/multi-gyn.com\/app\/uploads\/sites\/43\/2023\/02\/multi-gyn-logo.png\",\"contentUrl\":\"https:\/\/multi-gyn.com\/app\/uploads\/sites\/43\/2023\/02\/multi-gyn-logo.png\",\"width\":149,\"height\":32,\"caption\":\"Multi-Gyn\"},\"image\":{\"@id\":\"https:\/\/multi-gyn.com\/hr\/#\/schema\/logo\/image\/\"}}]}<\/script>\n<!-- \/ Yoast SEO plugin. -->","yoast_head_json":{"title":"Osjetljivost vagine - Multi-Gyn","description":"Svaka vrsta osjetljivosti i nelagode u vaginalnom podru\u010dju mo\u017ee izazvati neugodnost i nervozu, jer stalno Vas prati osje\u0107aj da \u201etamo dolje ne\u0161to nije u redu\u201c.","robots":{"index":"index","follow":"follow","max-snippet":"max-snippet:-1","max-image-preview":"max-image-preview:large","max-video-preview":"max-video-preview:-1"},"canonical":"https:\/\/multi-gyn.com\/hr\/zdravlje-rodnice\/tegobe\/osjetljivost-vagine\/","og_locale":"hr_HR","og_type":"article","og_title":"Osjetljivost vagine - Multi-Gyn","og_description":"Svaka vrsta osjetljivosti i nelagode u vaginalnom podru\u010dju mo\u017ee izazvati neugodnost i nervozu, jer stalno Vas prati osje\u0107aj da \u201etamo dolje ne\u0161to nije u redu\u201c.","og_url":"https:\/\/multi-gyn.com\/hr\/zdravlje-rodnice\/tegobe\/osjetljivost-vagine\/","og_site_name":"Multi-Gyn","article_modified_time":"2023-08-04T11:49:22+00:00","twitter_card":"summary_large_image","twitter_misc":{"Est. reading time":"3 minutes"},"schema":{"@context":"https:\/\/schema.org","@graph":[{"@type":"WebPage","@id":"https:\/\/multi-gyn.com\/hr\/zdravlje-rodnice\/tegobe\/osjetljivost-vagine\/","url":"https:\/\/multi-gyn.com\/hr\/zdravlje-rodnice\/tegobe\/osjetljivost-vagine\/","name":"Osjetljivost vagine - Multi-Gyn","isPartOf":{"@id":"https:\/\/multi-gyn.com\/hr\/#website"},"datePublished":"2023-02-17T12:22:44+00:00","dateModified":"2023-08-04T11:49:22+00:00","description":"Svaka vrsta osjetljivosti i nelagode u vaginalnom podru\u010dju mo\u017ee izazvati neugodnost i nervozu, jer stalno Vas prati osje\u0107aj da \u201etamo dolje ne\u0161to nije u redu\u201c.","breadcrumb":{"@id":"https:\/\/multi-gyn.com\/hr\/zdravlje-rodnice\/tegobe\/osjetljivost-vagine\/#breadcrumb"},"inLanguage":"hr-HR","potentialAction":[{"@type":"ReadAction","target":["https:\/\/multi-gyn.com\/hr\/zdravlje-rodnice\/tegobe\/osjetljivost-vagine\/"]}]},{"@type":"BreadcrumbList","@id":"https:\/\/multi-gyn.com\/hr\/zdravlje-rodnice\/tegobe\/osjetljivost-vagine\/#breadcrumb","itemListElement":[{"@type":"ListItem","position":1,"name":"Home","item":"https:\/\/multi-gyn.com\/hr\/"},{"@type":"ListItem","position":2,"name":"Zdravlje rodnice","item":"https:\/\/multi-gyn.com\/hr\/zdravlje-rodnice\/"},{"@type":"ListItem","position":3,"name":"Tegobe","item":"https:\/\/multi-gyn.com\/hr\/zdravlje-rodnice\/tegobe\/"},{"@type":"ListItem","position":4,"name":"Osjetljivost vagine"}]},{"@type":"WebSite","@id":"https:\/\/multi-gyn.com\/hr\/#website","url":"https:\/\/multi-gyn.com\/hr\/","name":"Multi-Gyn","description":"","publisher":{"@id":"https:\/\/multi-gyn.com\/hr\/#organization"},"potentialAction":[{"@type":"SearchAction","target":{"@type":"EntryPoint","urlTemplate":"https:\/\/multi-gyn.com\/hr\/?s={search_term_string}"},"query-input":{"@type":"PropertyValueSpecification","valueRequired":true,"valueName":"search_term_string"}}],"inLanguage":"hr-HR"},{"@type":"Organization","@id":"https:\/\/multi-gyn.com\/hr\/#organization","name":"Multi-Gyn","url":"https:\/\/multi-gyn.com\/hr\/","logo":{"@type":"ImageObject","inLanguage":"hr-HR","@id":"https:\/\/multi-gyn.com\/hr\/#\/schema\/logo\/image\/","url":"https:\/\/multi-gyn.com\/app\/uploads\/sites\/43\/2023\/02\/multi-gyn-logo.png","contentUrl":"https:\/\/multi-gyn.com\/app\/uploads\/sites\/43\/2023\/02\/multi-gyn-logo.png","width":149,"height":32,"caption":"Multi-Gyn"},"image":{"@id":"https:\/\/multi-gyn.com\/hr\/#\/schema\/logo\/image\/"}}]}},"_links":{"self":[{"href":"https:\/\/multi-gyn.com\/hr\/wp-json\/wp\/v2\/pages\/191","targetHints":{"allow":["GET"]}}],"collection":[{"href":"https:\/\/multi-gyn.com\/hr\/wp-json\/wp\/v2\/pages"}],"about":[{"href":"https:\/\/multi-gyn.com\/hr\/wp-json\/wp\/v2\/types\/page"}],"author":[{"embeddable":true,"href":"https:\/\/multi-gyn.com\/hr\/wp-json\/wp\/v2\/users\/2"}],"replies":[{"embeddable":true,"href":"https:\/\/multi-gyn.com\/hr\/wp-json\/wp\/v2\/comments?post=191"}],"version-history":[{"count":3,"href":"https:\/\/multi-gyn.com\/hr\/wp-json\/wp\/v2\/pages\/191\/revisions"}],"predecessor-version":[{"id":457,"href":"https:\/\/multi-gyn.com\/hr\/wp-json\/wp\/v2\/pages\/191\/revisions\/457"}],"up":[{"embeddable":true,"href":"https:\/\/multi-gyn.com\/hr\/wp-json\/wp\/v2\/pages\/121"}],"wp:attachment":[{"href":"https:\/\/multi-gyn.com\/hr\/wp-json\/wp\/v2\/media?parent=191"}],"wp:term":[{"taxonomy":"from-article-database","embeddable":true,"href":"https:\/\/multi-gyn.com\/hr\/wp-json\/wp\/v2\/from-article-database?post=191"}],"curies":[{"name":"wp","href":"https:\/\/api.w.org\/{rel}","templated":true}]}}