{"id":193,"date":"2023-02-17T13:23:20","date_gmt":"2023-02-17T12:23:20","guid":{"rendered":"https:\/\/multi-gyn.com\/hr\/?page_id=193"},"modified":"2023-08-04T13:49:20","modified_gmt":"2023-08-04T11:49:20","slug":"iritacije-rodnice-i-natecene-stidne-usne","status":"publish","type":"page","link":"https:\/\/multi-gyn.com\/hr\/zdravlje-rodnice\/tegobe\/iritacije-rodnice-i-natecene-stidne-usne\/","title":{"rendered":"Iritacije rodnice i nate\u010dene stidne usne"},"content":{"rendered":"\n<div class=\"wp-block-karopharma-free-text pt-large pb-large bg-center bg-cover bg-no-repeat  is-style-primary\" style=\"background-image:url()\"><div class=\"free-text-wrapper container max-w-medium text-left\">\n<h1 class=\"wp-block-heading\">Iritacije rodnice i nate\u010dene stidne usne<\/h1>\n\n\n\n<p class=\"is-style-paragraph-preamble\">Iritacije rodnice i nate\u010dene stidne usne su \u010deste tegobe rodnice. Nau\u010dite vi\u0161e o uzrocima, simptomima i na\u010dinu lije\u010denja.<\/p>\n\n\n\n<p class=\"is-style-paragraph-preamble\">Iritacije rodnice mogu biti neugodne ali su \u010desto i bolne, \u0161to utje\u010de na kvalitetu va\u0161eg \u017eivota. Nate\u010dene stidne usne mogu uzrokovati da se osje\u0107ate nemirno, da ne mo\u017eete sjediti opu\u0161teno, ili da zbog trenja ne mo\u017eete nositi traperice. Ovakvo stanje je obi\u010dno pra\u0107eno drugim simptomima, kao \u0161to je osje\u0107aj peckanja ili svrbe\u017ea rodnice. Otok se mo\u017ee pro\u0161iriti na unutra\u0161nje vanjske stidne usne ili biti lokaliziran na samo jedan dio vulve.<\/p>\n<\/div><\/div>\n\n\n\n<div class=\"wp-block-karopharma-free-text pt-large pb-large bg-center bg-cover bg-no-repeat\" style=\"background-image:url()\"><div class=\"free-text-wrapper container max-w-medium text-left\">\n<h2 class=\"is-style-heading-h2 wp-block-heading\">\u0160ta izaziva nate\u010dene stidne usne?<\/h2>\n\n\n\n<p>Mo\u017ee biti nekoliko uzroka, kao \u0161to su:<\/p>\n\n\n\n<ul class=\"is-style-default wp-block-list\"><li>Iritacija ili alergijska reakcija, U ovom slu\u010daju iritacija je najvjerojatnije izazvana nekim proizvodom kao \u0161to je sapun, kupka, losion, dezodorans itd. Ovi proizvodi \u010desto sadr\u017ee kemikalije koje iritiraju delikatnu ko\u017eu intimne regije, izazivaju\u0107i otok i bol. Ovakva reakcija se mo\u017ee dogoditi \u010dak i uz proizvode koje koristite godinama.<\/li><li>Da li otok nastaje nakon seksualnog odnosa? Mo\u017eda ste alergi\u010dni na kondome od lateksa, na lubrikant ili na sjemenu teku\u0107inu svog partnera. Otok se mo\u017ee javiti i zbog nagnje\u010denja tokom grubljeg seksualnog odnosa, posebno ukoliko se ne koristi lubrikant, a prirodna vla\u017enost nije dovoljna.<\/li><li>Gljivi\u010dna infekcija. Nate\u010dene stidne usne su jedan od indikatora ovakvog stanja. Gljivi\u010dna infekcija se obi\u010dno mo\u017ee prepoznati po gustom, sirastom iscjeku iz rodnice.<\/li><li>Bakterijska vaginoza. Drugi simptomi \u010desto uklju\u010duju rijedak, sivkasto bijeli iscjedak, jakog mirisa, nalik na ribu.<\/li><li>Trudno\u0107a. Tijekom trudno\u0107e, pritisak na reproduktivne organe i njihove krvne \u017eile je pove\u0107an bebinom te\u017einom. Cirkulacija je smanjena, uzrokuju\u0107i nate\u010denost i bol vulve.<\/li><li>Poro\u0111aj. Tijekom poro\u0111aja \u017eene mogu iskusiti o\u0161te\u0107enje tkiva koje kasnije rezultira otokom i bolom.<\/li><\/ul>\n\n\n\n<p class=\"is-style-paragraph-preamble\"><em><mark style=\"background-color:rgba(0, 0, 0, 0)\" class=\"has-inline-color has-primary-color\">&#8220;Postoji nekoliko uzroka nate\u010denosti stidnih usana, kao \u0161to su iritacije, seksualni odnosi i infekcije.&#8221;<\/mark><\/em><\/p>\n\n\n\n<h2 class=\"is-style-heading-h2 wp-block-heading\">Kako sprije\u010diti nate\u010denost stidnih usana?<\/h2>\n\n\n\n<p>Izbjegavajte upotrebu proizvoda koji sadr\u017ee jake sapune, kemikalije, parfeme ili boje. Ako osjetite iritaciju nakon nano\u0161enja odre\u0111enog proizvoda, isperite taj dio temeljno \u0161to prije da biste uklonili ostatak kemikalija i umanjili posljedice. Onda mo\u017eete nanijeti, prirodni, umiruju\u0107i proizvod da biste umanjili simptome i ubrzali oporavak. Izaberite intimnu kupku koja sadr\u017ei samo blage, po\u017eeljno prirodne sastojke. Izbjegavajte one proizvode, kupke i maramice koje sadr\u017ee mirise, bazne sapune, deterd\u017eente ili konzervanse.<\/p>\n\n\n\n<p>Ukoliko osjetite <a href=\"https:\/\/multi-gyn.com\/hr\/zdravlje-rodnice\/tegobe\/svrbez-rodnice-sto-je-uzrok\/\">suho\u0107u rodnice<\/a>, koristite lubrikant tokom seksualnog odnosa ili koristite vaginalni ovla\u017eiva\u010d svakoga dana kako biste postigli dugotrajniji u\u010dinak. Na ovaj \u010dete na\u010din do\u0107i do dugotrajnog olak\u0161aja suho\u0107e rodnice. Ukoliko je ve\u0107 do\u0161lo do iritacije, izbjegavajte seksualne odnose dok se problem ne povu\u010de, i simptomi ne nestanu.<\/p>\n\n\n\n<p>Ukoliko imate gljivi\u010dnu infekciju ili bakterijsku vaginozu, trebali biste posjetiti svog lje\u010dnika kako biste dobili odgovaraju\u0107u terapiju. Tako\u0111er mo\u017eete koristiti i prebiotik ili sli\u010dan proizvod koji poti\u010de rast dobrih bakterija i poma\u017ee uspostavljanju ravnote\u017ee flore va\u0161e rodnice.<\/p>\n\n\n\n<p>Izbjegavajte no\u0161enje uske odje\u0107e, posebno dok je iritacija jo\u0161 uvijek prisutna. Neka va\u0161e donje rublje bude od prirodnih materijala (pamuk dozvoljava ko\u017ei da di\u0161e, dok sinteti\u010dka vlakna mogu pogor\u0161ati iritaciju). Poku\u0161ajte spavate bez donjeg rublja da biste dozvolili ko\u017ei da di\u0161e i da se oporavi preko no\u0107i.<\/p>\n\n\n\n<p>Ukoliko imate nate\u010dene stidne usne, poku\u0161ajte ohladiti iritirani dio (mo\u017eete koristiti hladne obloge ili ispirati hladnom vodom). Hladno\u0107a \u0107e smanjiti nate\u010denost i privremeno smanjiti bol.<\/p>\n\n\n\n<p>Oduprite se porivu za \u010de\u0161anjem. \u010ce\u0161anje mo\u017ee o\u0161tetiti tkivo i izazvati simptome koji mogu biti jo\u0161 neugodniji.<\/p>\n\n\n\n<p>Ukoliko nate\u010denost traje du\u017ee od tjedan dana, obavezno posjetite svog lije\u010dnika kako biste otkrili uzrok iritacije.<\/p>\n<\/div><\/div>\n","protected":false},"excerpt":{"rendered":"","protected":false},"author":2,"featured_media":0,"parent":121,"menu_order":3,"comment_status":"closed","ping_status":"closed","template":"","meta":{"_acf_changed":false,"footnotes":""},"from-article-database":[],"class_list":["post-193","page","type-page","status-publish","hentry"],"acf":[],"yoast_head":"<!-- This site is optimized with the Yoast SEO plugin v26.6 - https:\/\/yoast.com\/wordpress\/plugins\/seo\/ -->\n<title>Iritacije rodnice i nate\u010dene stidne usne - Multi-Gyn<\/title>\n<meta name=\"description\" content=\"Iritacije rodnice i nate\u010dene stidne usne su \u010deste tegobe rodnice. Nau\u010dite vi\u0161e o uzrocima, simptomima i na\u010dinu lije\u010denja\" \/>\n<meta name=\"robots\" content=\"index, follow, max-snippet:-1, max-image-preview:large, max-video-preview:-1\" \/>\n<link rel=\"canonical\" href=\"https:\/\/multi-gyn.com\/hr\/zdravlje-rodnice\/tegobe\/iritacije-rodnice-i-natecene-stidne-usne\/\" \/>\n<meta property=\"og:locale\" content=\"hr_HR\" \/>\n<meta property=\"og:type\" content=\"article\" \/>\n<meta property=\"og:title\" content=\"Iritacije rodnice i nate\u010dene stidne usne - Multi-Gyn\" \/>\n<meta property=\"og:description\" content=\"Iritacije rodnice i nate\u010dene stidne usne su \u010deste tegobe rodnice. Nau\u010dite vi\u0161e o uzrocima, simptomima i na\u010dinu lije\u010denja\" \/>\n<meta property=\"og:url\" content=\"https:\/\/multi-gyn.com\/hr\/zdravlje-rodnice\/tegobe\/iritacije-rodnice-i-natecene-stidne-usne\/\" \/>\n<meta property=\"og:site_name\" content=\"Multi-Gyn\" \/>\n<meta property=\"article:modified_time\" content=\"2023-08-04T11:49:20+00:00\" \/>\n<meta name=\"twitter:card\" content=\"summary_large_image\" \/>\n<meta name=\"twitter:label1\" content=\"Est. reading time\" \/>\n\t<meta name=\"twitter:data1\" content=\"4 minutes\" \/>\n<script type=\"application\/ld+json\" class=\"yoast-schema-graph\">{\"@context\":\"https:\/\/schema.org\",\"@graph\":[{\"@type\":\"WebPage\",\"@id\":\"https:\/\/multi-gyn.com\/hr\/zdravlje-rodnice\/tegobe\/iritacije-rodnice-i-natecene-stidne-usne\/\",\"url\":\"https:\/\/multi-gyn.com\/hr\/zdravlje-rodnice\/tegobe\/iritacije-rodnice-i-natecene-stidne-usne\/\",\"name\":\"Iritacije rodnice i nate\u010dene stidne usne - Multi-Gyn\",\"isPartOf\":{\"@id\":\"https:\/\/multi-gyn.com\/hr\/#website\"},\"datePublished\":\"2023-02-17T12:23:20+00:00\",\"dateModified\":\"2023-08-04T11:49:20+00:00\",\"description\":\"Iritacije rodnice i nate\u010dene stidne usne su \u010deste tegobe rodnice. Nau\u010dite vi\u0161e o uzrocima, simptomima i na\u010dinu lije\u010denja\",\"breadcrumb\":{\"@id\":\"https:\/\/multi-gyn.com\/hr\/zdravlje-rodnice\/tegobe\/iritacije-rodnice-i-natecene-stidne-usne\/#breadcrumb\"},\"inLanguage\":\"hr-HR\",\"potentialAction\":[{\"@type\":\"ReadAction\",\"target\":[\"https:\/\/multi-gyn.com\/hr\/zdravlje-rodnice\/tegobe\/iritacije-rodnice-i-natecene-stidne-usne\/\"]}]},{\"@type\":\"BreadcrumbList\",\"@id\":\"https:\/\/multi-gyn.com\/hr\/zdravlje-rodnice\/tegobe\/iritacije-rodnice-i-natecene-stidne-usne\/#breadcrumb\",\"itemListElement\":[{\"@type\":\"ListItem\",\"position\":1,\"name\":\"Home\",\"item\":\"https:\/\/multi-gyn.com\/hr\/\"},{\"@type\":\"ListItem\",\"position\":2,\"name\":\"Zdravlje rodnice\",\"item\":\"https:\/\/multi-gyn.com\/hr\/zdravlje-rodnice\/\"},{\"@type\":\"ListItem\",\"position\":3,\"name\":\"Tegobe\",\"item\":\"https:\/\/multi-gyn.com\/hr\/zdravlje-rodnice\/tegobe\/\"},{\"@type\":\"ListItem\",\"position\":4,\"name\":\"Iritacije rodnice i nate\u010dene stidne usne\"}]},{\"@type\":\"WebSite\",\"@id\":\"https:\/\/multi-gyn.com\/hr\/#website\",\"url\":\"https:\/\/multi-gyn.com\/hr\/\",\"name\":\"Multi-Gyn\",\"description\":\"\",\"publisher\":{\"@id\":\"https:\/\/multi-gyn.com\/hr\/#organization\"},\"potentialAction\":[{\"@type\":\"SearchAction\",\"target\":{\"@type\":\"EntryPoint\",\"urlTemplate\":\"https:\/\/multi-gyn.com\/hr\/?s={search_term_string}\"},\"query-input\":{\"@type\":\"PropertyValueSpecification\",\"valueRequired\":true,\"valueName\":\"search_term_string\"}}],\"inLanguage\":\"hr-HR\"},{\"@type\":\"Organization\",\"@id\":\"https:\/\/multi-gyn.com\/hr\/#organization\",\"name\":\"Multi-Gyn\",\"url\":\"https:\/\/multi-gyn.com\/hr\/\",\"logo\":{\"@type\":\"ImageObject\",\"inLanguage\":\"hr-HR\",\"@id\":\"https:\/\/multi-gyn.com\/hr\/#\/schema\/logo\/image\/\",\"url\":\"https:\/\/multi-gyn.com\/app\/uploads\/sites\/43\/2023\/02\/multi-gyn-logo.png\",\"contentUrl\":\"https:\/\/multi-gyn.com\/app\/uploads\/sites\/43\/2023\/02\/multi-gyn-logo.png\",\"width\":149,\"height\":32,\"caption\":\"Multi-Gyn\"},\"image\":{\"@id\":\"https:\/\/multi-gyn.com\/hr\/#\/schema\/logo\/image\/\"}}]}<\/script>\n<!-- \/ Yoast SEO plugin. -->","yoast_head_json":{"title":"Iritacije rodnice i nate\u010dene stidne usne - Multi-Gyn","description":"Iritacije rodnice i nate\u010dene stidne usne su \u010deste tegobe rodnice. Nau\u010dite vi\u0161e o uzrocima, simptomima i na\u010dinu lije\u010denja","robots":{"index":"index","follow":"follow","max-snippet":"max-snippet:-1","max-image-preview":"max-image-preview:large","max-video-preview":"max-video-preview:-1"},"canonical":"https:\/\/multi-gyn.com\/hr\/zdravlje-rodnice\/tegobe\/iritacije-rodnice-i-natecene-stidne-usne\/","og_locale":"hr_HR","og_type":"article","og_title":"Iritacije rodnice i nate\u010dene stidne usne - Multi-Gyn","og_description":"Iritacije rodnice i nate\u010dene stidne usne su \u010deste tegobe rodnice. Nau\u010dite vi\u0161e o uzrocima, simptomima i na\u010dinu lije\u010denja","og_url":"https:\/\/multi-gyn.com\/hr\/zdravlje-rodnice\/tegobe\/iritacije-rodnice-i-natecene-stidne-usne\/","og_site_name":"Multi-Gyn","article_modified_time":"2023-08-04T11:49:20+00:00","twitter_card":"summary_large_image","twitter_misc":{"Est. reading time":"4 minutes"},"schema":{"@context":"https:\/\/schema.org","@graph":[{"@type":"WebPage","@id":"https:\/\/multi-gyn.com\/hr\/zdravlje-rodnice\/tegobe\/iritacije-rodnice-i-natecene-stidne-usne\/","url":"https:\/\/multi-gyn.com\/hr\/zdravlje-rodnice\/tegobe\/iritacije-rodnice-i-natecene-stidne-usne\/","name":"Iritacije rodnice i nate\u010dene stidne usne - Multi-Gyn","isPartOf":{"@id":"https:\/\/multi-gyn.com\/hr\/#website"},"datePublished":"2023-02-17T12:23:20+00:00","dateModified":"2023-08-04T11:49:20+00:00","description":"Iritacije rodnice i nate\u010dene stidne usne su \u010deste tegobe rodnice. Nau\u010dite vi\u0161e o uzrocima, simptomima i na\u010dinu lije\u010denja","breadcrumb":{"@id":"https:\/\/multi-gyn.com\/hr\/zdravlje-rodnice\/tegobe\/iritacije-rodnice-i-natecene-stidne-usne\/#breadcrumb"},"inLanguage":"hr-HR","potentialAction":[{"@type":"ReadAction","target":["https:\/\/multi-gyn.com\/hr\/zdravlje-rodnice\/tegobe\/iritacije-rodnice-i-natecene-stidne-usne\/"]}]},{"@type":"BreadcrumbList","@id":"https:\/\/multi-gyn.com\/hr\/zdravlje-rodnice\/tegobe\/iritacije-rodnice-i-natecene-stidne-usne\/#breadcrumb","itemListElement":[{"@type":"ListItem","position":1,"name":"Home","item":"https:\/\/multi-gyn.com\/hr\/"},{"@type":"ListItem","position":2,"name":"Zdravlje rodnice","item":"https:\/\/multi-gyn.com\/hr\/zdravlje-rodnice\/"},{"@type":"ListItem","position":3,"name":"Tegobe","item":"https:\/\/multi-gyn.com\/hr\/zdravlje-rodnice\/tegobe\/"},{"@type":"ListItem","position":4,"name":"Iritacije rodnice i nate\u010dene stidne usne"}]},{"@type":"WebSite","@id":"https:\/\/multi-gyn.com\/hr\/#website","url":"https:\/\/multi-gyn.com\/hr\/","name":"Multi-Gyn","description":"","publisher":{"@id":"https:\/\/multi-gyn.com\/hr\/#organization"},"potentialAction":[{"@type":"SearchAction","target":{"@type":"EntryPoint","urlTemplate":"https:\/\/multi-gyn.com\/hr\/?s={search_term_string}"},"query-input":{"@type":"PropertyValueSpecification","valueRequired":true,"valueName":"search_term_string"}}],"inLanguage":"hr-HR"},{"@type":"Organization","@id":"https:\/\/multi-gyn.com\/hr\/#organization","name":"Multi-Gyn","url":"https:\/\/multi-gyn.com\/hr\/","logo":{"@type":"ImageObject","inLanguage":"hr-HR","@id":"https:\/\/multi-gyn.com\/hr\/#\/schema\/logo\/image\/","url":"https:\/\/multi-gyn.com\/app\/uploads\/sites\/43\/2023\/02\/multi-gyn-logo.png","contentUrl":"https:\/\/multi-gyn.com\/app\/uploads\/sites\/43\/2023\/02\/multi-gyn-logo.png","width":149,"height":32,"caption":"Multi-Gyn"},"image":{"@id":"https:\/\/multi-gyn.com\/hr\/#\/schema\/logo\/image\/"}}]}},"_links":{"self":[{"href":"https:\/\/multi-gyn.com\/hr\/wp-json\/wp\/v2\/pages\/193","targetHints":{"allow":["GET"]}}],"collection":[{"href":"https:\/\/multi-gyn.com\/hr\/wp-json\/wp\/v2\/pages"}],"about":[{"href":"https:\/\/multi-gyn.com\/hr\/wp-json\/wp\/v2\/types\/page"}],"author":[{"embeddable":true,"href":"https:\/\/multi-gyn.com\/hr\/wp-json\/wp\/v2\/users\/2"}],"replies":[{"embeddable":true,"href":"https:\/\/multi-gyn.com\/hr\/wp-json\/wp\/v2\/comments?post=193"}],"version-history":[{"count":2,"href":"https:\/\/multi-gyn.com\/hr\/wp-json\/wp\/v2\/pages\/193\/revisions"}],"predecessor-version":[{"id":459,"href":"https:\/\/multi-gyn.com\/hr\/wp-json\/wp\/v2\/pages\/193\/revisions\/459"}],"up":[{"embeddable":true,"href":"https:\/\/multi-gyn.com\/hr\/wp-json\/wp\/v2\/pages\/121"}],"wp:attachment":[{"href":"https:\/\/multi-gyn.com\/hr\/wp-json\/wp\/v2\/media?parent=193"}],"wp:term":[{"taxonomy":"from-article-database","embeddable":true,"href":"https:\/\/multi-gyn.com\/hr\/wp-json\/wp\/v2\/from-article-database?post=193"}],"curies":[{"name":"wp","href":"https:\/\/api.w.org\/{rel}","templated":true}]}}