{"id":197,"date":"2023-02-17T13:23:48","date_gmt":"2023-02-17T12:23:48","guid":{"rendered":"https:\/\/multi-gyn.com\/hr\/?page_id=197"},"modified":"2023-08-04T13:49:16","modified_gmt":"2023-08-04T11:49:16","slug":"osjecaj-peckanja-rodnice","status":"publish","type":"page","link":"https:\/\/multi-gyn.com\/hr\/zdravlje-rodnice\/tegobe\/osjecaj-peckanja-rodnice\/","title":{"rendered":"Osje\u0107aj peckanja rodnice"},"content":{"rendered":"\n<div class=\"wp-block-karopharma-free-text pt-large pb-large bg-center bg-cover bg-no-repeat  is-style-primary\" style=\"background-image:url()\"><div class=\"free-text-wrapper container max-w-medium text-left\">\n<h1 class=\"wp-block-heading\">Osje\u0107aj peckanja rodnice<\/h1>\n\n\n\n<p class=\"is-style-paragraph-preamble\">Peckanje u intimnoj regiji je \u010desta tegoba rodnice. Nau\u010dite vi\u0161e o uzrocima i mogu\u0107im na\u010dinima lije\u010denja.<\/p>\n\n\n\n<p class=\"is-style-paragraph-preamble\">Svaka \u017eena iskusi tegobe rodnice u nekom periodu svog \u017eivota. Naj\u010de\u0161\u0107i simptomi uklju\u010duju iscjedak, miris, <a href=\"https:\/\/multi-gyn.com\/hr\/zdravlje-rodnice\/tegobe\/svrbez-rodnice-sto-je-uzrok\/\">svrbe\u017e<\/a> i peckanje rodnice. Ovi simptomi mogu ozbiljno uticati na kvalitetu \u017eivota. Va\u0161 ljubavni \u017eivot mo\u017ee biti specijalno pogo\u0111en, jer seksualni odnos mo\u017ee postati veoma neugodan i bolan.<\/p>\n<\/div><\/div>\n\n\n\n<div class=\"wp-block-karopharma-free-text pt-large pb-large bg-center bg-cover bg-no-repeat\" style=\"background-image:url()\"><div class=\"free-text-wrapper container max-w-medium text-left\">\n<p>Peckanje u intimnoj regiji je obi\u010dno znak iritacije ili infekcije. Mo\u017ee biti uzrokovano:<\/p>\n\n\n\n<ul class=\"is-style-default wp-block-list\"><li>Bakterijskom vaginozom<\/li><li>Gljivi\u010dnom infekcijom<\/li><li>Jakim deterd\u017eentima, losionima, sprejevima za rodnicu, kupkama, itd. Ovakvi proizvodi \u010desto sadr\u017ee iritanse i alergene koji mogu uzrokovati peckanje ubrzo nakon nano\u0161enja.<\/li><li>Menopauzom. Manjak estrogena izaziva stanjivanje i smanjenje tkiva rodnice i gubitak vla\u017enosti potrebne za bezbolan seksualni odnos. Ovo mo\u017ee izazvati trenje i upalu zbog toga \u0161to tkivo nije elasti\u010dno i debelo kao \u0161to bi slu\u010daj bio uz vi\u0161i nivo estrogena.<\/li><li>I manjak higijene i pretjerana higijena mo\u017ee o\u0161tetiti za\u0161titni sloj ko\u017ee i otvoriti vrata mikroorganizmima, iritansima i alergenima. Kori\u0161tenje obi\u010dnih sapuna ili jakih deterd\u017eenata mo\u017ee skinuti povr\u0161ni sloj ko\u017ee, te uzrokovati upalu i iritaciju.<\/li><li>Promjene pH vrijednosti u rodnici. Ovo mo\u017ee biti uzrokovano mnogim faktorima, uklju\u010duju\u0107i bolest, lijekove, grube sapune i deterd\u017eente<\/li><li>Antibiotici i antimikotici<\/li><li>Dijabetes<\/li><li>Sinteti\u010dko donje rublje i uska odje\u0107a<\/li><li>Iritacija izazvana kondomima, spermicidima, lubrikantima<\/li><\/ul>\n\n\n\n<p class=\"is-style-paragraph-preamble\"><em><mark style=\"background-color:rgba(0, 0, 0, 0)\" class=\"has-inline-color has-primary-color\">&#8220;Peckanje u intimnoj regiji je obi\u010dno znak iritacije ili infekcije.&#8221;<\/mark><\/em><\/p>\n\n\n\n<h2 class=\"is-style-heading-h2 wp-block-heading\">\u0160ta napraviti ukoliko osjetite peckanje rodnice<\/h2>\n\n\n\n<p>Ukoliko mislite da je peckanje vezano za proizvod koji ste nedavno koristili, isperite taj dio temeljno, \u0161to prije mo\u017eete da otklonite ostatke kemikalija i umanjite njihov u\u010dinak. Nakon toga, koristite prirodni, smiruju\u0107i proizvod ili gel za rodnicu s prebioticima da pomognu dobrim bakterijama da se oporave i pru\u017ee trenuta\u010dno olak\u0161anje. Da biste preduhitrili ovakve pojave, birajte prirodne proizvode, koji ne sadr\u017ee kemikalije, mirise ili boje.<\/p>\n\n\n\n<p>Ukoliko su prisutni drugi simptomi, kao \u0161to je iscjedak, neugodan miris, svrbe\u017e ili bol, mogu\u0107e je da je u pitanju infekcija. Provjerite s va\u0161im lije\u010dnikom da li je to slu\u010daj. Postoje dobri, vrlo u\u010dinkoviti tretmani koji ne uklju\u010duju antibiotike i antimikotike, a koji su dostupni za lije\u010denje bakterijske vaginoze, Candide i drugih uzro\u0107nika neravnote\u017ee flore rodnice.<\/p>\n\n\n\n<p>Ukoliko osje\u0107ate peckanje rodnice uslijed suho\u0107e, pitajte svog ginekologa za pogodno rje\u0161enje. Va\u0161e opcije uklju\u010duju estrogenske kreme, ovla\u017eiva\u010de za rodnicu i lubrikante. Glavna razlika izme\u0111u ovla\u017eiva\u010da i lubrikanta je \u0161to je prva grupa proizvoda namijenjena pru\u017eanju dugoro\u010dnog olak\u0161anja. Ovo je idealno ako vaginalna suho\u0107a uzrokuje nelagodnost pri vje\u017ebanju ili hodanju. Lubrikanti se koriste prije seksualnog odnosa i pru\u017eaju vam kratkoro\u010dno olak\u0161anje, \u0161to mo\u017ee u\u010diniti seksualni odnos ugodnijim i bezbolnim.<\/p>\n\n\n\n<p>Kada do\u0111e do iritacije i upale, dozvolite svojoj rodnici neko vrijeme da zacijeli, i izbjegavajte seksualne odnose dok se simptomi u potpunosti ne povuku. Oduprite se nagonu da se \u010de\u0161ete, jer \u0107e ovo samo pogor\u0161ati stvari, uzrokuju\u0107i otok i bol.<\/p>\n<\/div><\/div>\n","protected":false},"excerpt":{"rendered":"","protected":false},"author":2,"featured_media":0,"parent":121,"menu_order":5,"comment_status":"closed","ping_status":"closed","template":"","meta":{"_acf_changed":false,"footnotes":""},"from-article-database":[],"class_list":["post-197","page","type-page","status-publish","hentry"],"acf":[],"yoast_head":"<!-- This site is optimized with the Yoast SEO plugin v26.6 - https:\/\/yoast.com\/wordpress\/plugins\/seo\/ -->\n<title>Osje\u0107aj peckanja rodnice - Multi-Gyn<\/title>\n<meta name=\"description\" content=\"Peckanje u intimnoj regiji je \u010desta tegoba rodnice. Nau\u010dite vi\u0161e o uzrocima i mogu\u0107im na\u010dinima lije\u010denja.\" \/>\n<meta name=\"robots\" content=\"index, follow, max-snippet:-1, max-image-preview:large, max-video-preview:-1\" \/>\n<link rel=\"canonical\" href=\"https:\/\/multi-gyn.com\/hr\/zdravlje-rodnice\/tegobe\/osjecaj-peckanja-rodnice\/\" \/>\n<meta property=\"og:locale\" content=\"hr_HR\" \/>\n<meta property=\"og:type\" content=\"article\" \/>\n<meta property=\"og:title\" content=\"Osje\u0107aj peckanja rodnice - Multi-Gyn\" \/>\n<meta property=\"og:description\" content=\"Peckanje u intimnoj regiji je \u010desta tegoba rodnice. Nau\u010dite vi\u0161e o uzrocima i mogu\u0107im na\u010dinima lije\u010denja.\" \/>\n<meta property=\"og:url\" content=\"https:\/\/multi-gyn.com\/hr\/zdravlje-rodnice\/tegobe\/osjecaj-peckanja-rodnice\/\" \/>\n<meta property=\"og:site_name\" content=\"Multi-Gyn\" \/>\n<meta property=\"article:modified_time\" content=\"2023-08-04T11:49:16+00:00\" \/>\n<meta name=\"twitter:card\" content=\"summary_large_image\" \/>\n<meta name=\"twitter:label1\" content=\"Est. reading time\" \/>\n\t<meta name=\"twitter:data1\" content=\"3 minutes\" \/>\n<script type=\"application\/ld+json\" class=\"yoast-schema-graph\">{\"@context\":\"https:\/\/schema.org\",\"@graph\":[{\"@type\":\"WebPage\",\"@id\":\"https:\/\/multi-gyn.com\/hr\/zdravlje-rodnice\/tegobe\/osjecaj-peckanja-rodnice\/\",\"url\":\"https:\/\/multi-gyn.com\/hr\/zdravlje-rodnice\/tegobe\/osjecaj-peckanja-rodnice\/\",\"name\":\"Osje\u0107aj peckanja rodnice - Multi-Gyn\",\"isPartOf\":{\"@id\":\"https:\/\/multi-gyn.com\/hr\/#website\"},\"datePublished\":\"2023-02-17T12:23:48+00:00\",\"dateModified\":\"2023-08-04T11:49:16+00:00\",\"description\":\"Peckanje u intimnoj regiji je \u010desta tegoba rodnice. Nau\u010dite vi\u0161e o uzrocima i mogu\u0107im na\u010dinima lije\u010denja.\",\"breadcrumb\":{\"@id\":\"https:\/\/multi-gyn.com\/hr\/zdravlje-rodnice\/tegobe\/osjecaj-peckanja-rodnice\/#breadcrumb\"},\"inLanguage\":\"hr-HR\",\"potentialAction\":[{\"@type\":\"ReadAction\",\"target\":[\"https:\/\/multi-gyn.com\/hr\/zdravlje-rodnice\/tegobe\/osjecaj-peckanja-rodnice\/\"]}]},{\"@type\":\"BreadcrumbList\",\"@id\":\"https:\/\/multi-gyn.com\/hr\/zdravlje-rodnice\/tegobe\/osjecaj-peckanja-rodnice\/#breadcrumb\",\"itemListElement\":[{\"@type\":\"ListItem\",\"position\":1,\"name\":\"Home\",\"item\":\"https:\/\/multi-gyn.com\/hr\/\"},{\"@type\":\"ListItem\",\"position\":2,\"name\":\"Zdravlje rodnice\",\"item\":\"https:\/\/multi-gyn.com\/hr\/zdravlje-rodnice\/\"},{\"@type\":\"ListItem\",\"position\":3,\"name\":\"Tegobe\",\"item\":\"https:\/\/multi-gyn.com\/hr\/zdravlje-rodnice\/tegobe\/\"},{\"@type\":\"ListItem\",\"position\":4,\"name\":\"Osje\u0107aj peckanja rodnice\"}]},{\"@type\":\"WebSite\",\"@id\":\"https:\/\/multi-gyn.com\/hr\/#website\",\"url\":\"https:\/\/multi-gyn.com\/hr\/\",\"name\":\"Multi-Gyn\",\"description\":\"\",\"publisher\":{\"@id\":\"https:\/\/multi-gyn.com\/hr\/#organization\"},\"potentialAction\":[{\"@type\":\"SearchAction\",\"target\":{\"@type\":\"EntryPoint\",\"urlTemplate\":\"https:\/\/multi-gyn.com\/hr\/?s={search_term_string}\"},\"query-input\":{\"@type\":\"PropertyValueSpecification\",\"valueRequired\":true,\"valueName\":\"search_term_string\"}}],\"inLanguage\":\"hr-HR\"},{\"@type\":\"Organization\",\"@id\":\"https:\/\/multi-gyn.com\/hr\/#organization\",\"name\":\"Multi-Gyn\",\"url\":\"https:\/\/multi-gyn.com\/hr\/\",\"logo\":{\"@type\":\"ImageObject\",\"inLanguage\":\"hr-HR\",\"@id\":\"https:\/\/multi-gyn.com\/hr\/#\/schema\/logo\/image\/\",\"url\":\"https:\/\/multi-gyn.com\/app\/uploads\/sites\/43\/2023\/02\/multi-gyn-logo.png\",\"contentUrl\":\"https:\/\/multi-gyn.com\/app\/uploads\/sites\/43\/2023\/02\/multi-gyn-logo.png\",\"width\":149,\"height\":32,\"caption\":\"Multi-Gyn\"},\"image\":{\"@id\":\"https:\/\/multi-gyn.com\/hr\/#\/schema\/logo\/image\/\"}}]}<\/script>\n<!-- \/ Yoast SEO plugin. -->","yoast_head_json":{"title":"Osje\u0107aj peckanja rodnice - Multi-Gyn","description":"Peckanje u intimnoj regiji je \u010desta tegoba rodnice. Nau\u010dite vi\u0161e o uzrocima i mogu\u0107im na\u010dinima lije\u010denja.","robots":{"index":"index","follow":"follow","max-snippet":"max-snippet:-1","max-image-preview":"max-image-preview:large","max-video-preview":"max-video-preview:-1"},"canonical":"https:\/\/multi-gyn.com\/hr\/zdravlje-rodnice\/tegobe\/osjecaj-peckanja-rodnice\/","og_locale":"hr_HR","og_type":"article","og_title":"Osje\u0107aj peckanja rodnice - Multi-Gyn","og_description":"Peckanje u intimnoj regiji je \u010desta tegoba rodnice. Nau\u010dite vi\u0161e o uzrocima i mogu\u0107im na\u010dinima lije\u010denja.","og_url":"https:\/\/multi-gyn.com\/hr\/zdravlje-rodnice\/tegobe\/osjecaj-peckanja-rodnice\/","og_site_name":"Multi-Gyn","article_modified_time":"2023-08-04T11:49:16+00:00","twitter_card":"summary_large_image","twitter_misc":{"Est. reading time":"3 minutes"},"schema":{"@context":"https:\/\/schema.org","@graph":[{"@type":"WebPage","@id":"https:\/\/multi-gyn.com\/hr\/zdravlje-rodnice\/tegobe\/osjecaj-peckanja-rodnice\/","url":"https:\/\/multi-gyn.com\/hr\/zdravlje-rodnice\/tegobe\/osjecaj-peckanja-rodnice\/","name":"Osje\u0107aj peckanja rodnice - Multi-Gyn","isPartOf":{"@id":"https:\/\/multi-gyn.com\/hr\/#website"},"datePublished":"2023-02-17T12:23:48+00:00","dateModified":"2023-08-04T11:49:16+00:00","description":"Peckanje u intimnoj regiji je \u010desta tegoba rodnice. Nau\u010dite vi\u0161e o uzrocima i mogu\u0107im na\u010dinima lije\u010denja.","breadcrumb":{"@id":"https:\/\/multi-gyn.com\/hr\/zdravlje-rodnice\/tegobe\/osjecaj-peckanja-rodnice\/#breadcrumb"},"inLanguage":"hr-HR","potentialAction":[{"@type":"ReadAction","target":["https:\/\/multi-gyn.com\/hr\/zdravlje-rodnice\/tegobe\/osjecaj-peckanja-rodnice\/"]}]},{"@type":"BreadcrumbList","@id":"https:\/\/multi-gyn.com\/hr\/zdravlje-rodnice\/tegobe\/osjecaj-peckanja-rodnice\/#breadcrumb","itemListElement":[{"@type":"ListItem","position":1,"name":"Home","item":"https:\/\/multi-gyn.com\/hr\/"},{"@type":"ListItem","position":2,"name":"Zdravlje rodnice","item":"https:\/\/multi-gyn.com\/hr\/zdravlje-rodnice\/"},{"@type":"ListItem","position":3,"name":"Tegobe","item":"https:\/\/multi-gyn.com\/hr\/zdravlje-rodnice\/tegobe\/"},{"@type":"ListItem","position":4,"name":"Osje\u0107aj peckanja rodnice"}]},{"@type":"WebSite","@id":"https:\/\/multi-gyn.com\/hr\/#website","url":"https:\/\/multi-gyn.com\/hr\/","name":"Multi-Gyn","description":"","publisher":{"@id":"https:\/\/multi-gyn.com\/hr\/#organization"},"potentialAction":[{"@type":"SearchAction","target":{"@type":"EntryPoint","urlTemplate":"https:\/\/multi-gyn.com\/hr\/?s={search_term_string}"},"query-input":{"@type":"PropertyValueSpecification","valueRequired":true,"valueName":"search_term_string"}}],"inLanguage":"hr-HR"},{"@type":"Organization","@id":"https:\/\/multi-gyn.com\/hr\/#organization","name":"Multi-Gyn","url":"https:\/\/multi-gyn.com\/hr\/","logo":{"@type":"ImageObject","inLanguage":"hr-HR","@id":"https:\/\/multi-gyn.com\/hr\/#\/schema\/logo\/image\/","url":"https:\/\/multi-gyn.com\/app\/uploads\/sites\/43\/2023\/02\/multi-gyn-logo.png","contentUrl":"https:\/\/multi-gyn.com\/app\/uploads\/sites\/43\/2023\/02\/multi-gyn-logo.png","width":149,"height":32,"caption":"Multi-Gyn"},"image":{"@id":"https:\/\/multi-gyn.com\/hr\/#\/schema\/logo\/image\/"}}]}},"_links":{"self":[{"href":"https:\/\/multi-gyn.com\/hr\/wp-json\/wp\/v2\/pages\/197","targetHints":{"allow":["GET"]}}],"collection":[{"href":"https:\/\/multi-gyn.com\/hr\/wp-json\/wp\/v2\/pages"}],"about":[{"href":"https:\/\/multi-gyn.com\/hr\/wp-json\/wp\/v2\/types\/page"}],"author":[{"embeddable":true,"href":"https:\/\/multi-gyn.com\/hr\/wp-json\/wp\/v2\/users\/2"}],"replies":[{"embeddable":true,"href":"https:\/\/multi-gyn.com\/hr\/wp-json\/wp\/v2\/comments?post=197"}],"version-history":[{"count":4,"href":"https:\/\/multi-gyn.com\/hr\/wp-json\/wp\/v2\/pages\/197\/revisions"}],"predecessor-version":[{"id":562,"href":"https:\/\/multi-gyn.com\/hr\/wp-json\/wp\/v2\/pages\/197\/revisions\/562"}],"up":[{"embeddable":true,"href":"https:\/\/multi-gyn.com\/hr\/wp-json\/wp\/v2\/pages\/121"}],"wp:attachment":[{"href":"https:\/\/multi-gyn.com\/hr\/wp-json\/wp\/v2\/media?parent=197"}],"wp:term":[{"taxonomy":"from-article-database","embeddable":true,"href":"https:\/\/multi-gyn.com\/hr\/wp-json\/wp\/v2\/from-article-database?post=197"}],"curies":[{"name":"wp","href":"https:\/\/api.w.org\/{rel}","templated":true}]}}