{"id":199,"date":"2023-02-17T13:24:03","date_gmt":"2023-02-17T12:24:03","guid":{"rendered":"https:\/\/multi-gyn.com\/hr\/?page_id=199"},"modified":"2023-08-04T13:49:14","modified_gmt":"2023-08-04T11:49:14","slug":"snazan-miris-poput-ribe","status":"publish","type":"page","link":"https:\/\/multi-gyn.com\/hr\/zdravlje-rodnice\/tegobe\/snazan-miris-poput-ribe\/","title":{"rendered":"Sna\u017ean miris, poput ribe"},"content":{"rendered":"\n<div class=\"wp-block-karopharma-free-text pt-large pb-large bg-center bg-cover bg-no-repeat  is-style-primary\" style=\"background-image:url()\"><div class=\"free-text-wrapper container max-w-medium text-left\">\n<h1 class=\"wp-block-heading\">Sna\u017ean miris, poput ribe<\/h1>\n\n\n\n<p class=\"is-style-paragraph-preamble\">Jeste li se ikad zapitali kako miri\u0161e Va\u0161a vagina? Svaka \u017eena je druk\u010dija: imamo razli\u010dit ten, boju kose, ja\u010dinu noktiju i sve miri\u0161emo druk\u010dije.<\/p>\n<\/div><\/div>\n\n\n\n<div class=\"wp-block-karopharma-free-text pt-large pb-large bg-center bg-cover bg-no-repeat\" style=\"background-image:url()\"><div class=\"free-text-wrapper container max-w-medium text-left\">\n<p>Zdrav iscjedak obi\u010dno ima slabiji miris i mo\u017ee biti gust ili rijedak, manje ili vi\u0161e obilan, ovisno o mjese\u010dnom ciklusu i hormonalnoj ravnote\u017ei. Obratimo li pozornost na na\u0161 normalan iscjedak, mo\u017eemo nau\u010diti predvidjeti ovulaciju ili razdoblje menstruacije. Ne samo to, mo\u017eemo biti u stanju prepoznati simptome kao \u0161to su neobi\u010dna promjena boje, pove\u0107ana koli\u010dina iscjetka i jak miris poput ribe, pa \u0107emo znati kako ih opisati u razgovoru s lije\u010dnikom ili ginekologom.<\/p>\n\n\n\n<h2 class=\"is-style-heading-h2 wp-block-heading\">\u0160to zna\u010di jak miris, poput ribe?<\/h2>\n\n\n\n<p>Zdrava vaginalna flora uglavnom se sastoji od dobrih bakterija (poznatih i kao laktobacili), ali mo\u017ee sadr\u017eavati i male koli\u010dine lo\u0161ih mikroorganizama. Njih pod kontrolom dr\u017ee sljede\u0107i \u010dimbenici u vagini: nizak pH, antimikrobne tvari koje proizvode vagina ili laktobacili. Laktobacili obi\u010dno dr\u017ee takve uvjete konstantnim, ali vanjski agensi (antibiotska terapija, alkalna sperma, lo\u0161a vaginalna higijena) ili unutarnji \u010dimbenici (hormonalne promjene) katkad mogu poremetiti ravnote\u017eu i izazvati prekomjeran rast lo\u0161ih bakterija, \u0161to rezultira vaginalnom infekcijom ili nelagodno\u0161\u0107u. Jedan takav poreme\u0107aj je bakterijska vaginoza, koja se odlikuje bijelim ili sivim rje\u0111im sekretom, sna\u017enog mirisa poput ribe, iritacijom i bolom u intimnoj regiji i povremenim svrbe\u017eom i crvenilom. Kao posljedica bakterijske neravnote\u017ee i smanjene koli\u010dine laktobacila, pH vaginalne sredine postaje manje kiseo.<\/p>\n\n\n\n<h2 class=\"is-style-heading-h2 wp-block-heading\">\u0160to treba u\u010diniti ako primijetite ove simptome?<\/h2>\n\n\n\n<p>Bakterijska vaginoza mo\u017ee biti blago stanje, \u010desto samostalno, koje mo\u017ee pro\u0107i nakon nekog vremena, ali u nekim slu\u010dajevima (trudno\u0107a, imunodeficijencija i dr.) mo\u017ee imati ozbiljne posljedice. Lije\u010dnik \u0107e procijeniti Va\u0161 slu\u010daj i propisati Vam terapiju, koja mo\u017ee uklju\u010divati antibiotike. Alternativa antibioticima je kori\u0161tenje prirodnih proizvoda koji ponovno uspostavljaju uravnote\u017een pH vagine, imaju malo ili nimalo ne\u017eeljenih u\u010dinaka i vra\u0107aju ravnote\u017eu flore u vaginalnoj sredini.<\/p>\n\n\n\n<p class=\"is-style-paragraph-preamble\"><em><mark style=\"background-color:rgba(0, 0, 0, 0)\" class=\"has-inline-color has-primary-color\">&#8220;Bakterijska vaginoza odlikuje se bijelim ili sivim rijetkim sekretom, jakim mirisom poput ribe, iritacijom i bolom u intimnoj zoni, te povremenim svrbe\u017eom i crvenilom.&#8221;<\/mark><\/em><\/p>\n<\/div><\/div>\n","protected":false},"excerpt":{"rendered":"","protected":false},"author":2,"featured_media":0,"parent":121,"menu_order":6,"comment_status":"closed","ping_status":"closed","template":"","meta":{"_acf_changed":false,"footnotes":""},"from-article-database":[],"class_list":["post-199","page","type-page","status-publish","hentry"],"acf":[],"yoast_head":"<!-- This site is optimized with the Yoast SEO plugin v26.6 - https:\/\/yoast.com\/wordpress\/plugins\/seo\/ -->\n<title>Sna\u017ean miris, poput ribe - Multi-Gyn<\/title>\n<meta name=\"description\" content=\"Jeste li se ikad zapitali kako miri\u0161e Va\u0161a vagina? Svaka \u017eena je druk\u010dija: imamo razli\u010dit ten, boju kose, ja\u010dinu noktiju i sve miri\u0161emo druk\u010dije.\" \/>\n<meta name=\"robots\" content=\"index, follow, max-snippet:-1, max-image-preview:large, max-video-preview:-1\" \/>\n<link rel=\"canonical\" href=\"https:\/\/multi-gyn.com\/hr\/zdravlje-rodnice\/tegobe\/snazan-miris-poput-ribe\/\" \/>\n<meta property=\"og:locale\" content=\"hr_HR\" \/>\n<meta property=\"og:type\" content=\"article\" \/>\n<meta property=\"og:title\" content=\"Sna\u017ean miris, poput ribe - Multi-Gyn\" \/>\n<meta property=\"og:description\" content=\"Jeste li se ikad zapitali kako miri\u0161e Va\u0161a vagina? Svaka \u017eena je druk\u010dija: imamo razli\u010dit ten, boju kose, ja\u010dinu noktiju i sve miri\u0161emo druk\u010dije.\" \/>\n<meta property=\"og:url\" content=\"https:\/\/multi-gyn.com\/hr\/zdravlje-rodnice\/tegobe\/snazan-miris-poput-ribe\/\" \/>\n<meta property=\"og:site_name\" content=\"Multi-Gyn\" \/>\n<meta property=\"article:modified_time\" content=\"2023-08-04T11:49:14+00:00\" \/>\n<meta name=\"twitter:card\" content=\"summary_large_image\" \/>\n<meta name=\"twitter:label1\" content=\"Est. reading time\" \/>\n\t<meta name=\"twitter:data1\" content=\"2 minutes\" \/>\n<script type=\"application\/ld+json\" class=\"yoast-schema-graph\">{\"@context\":\"https:\/\/schema.org\",\"@graph\":[{\"@type\":\"WebPage\",\"@id\":\"https:\/\/multi-gyn.com\/hr\/zdravlje-rodnice\/tegobe\/snazan-miris-poput-ribe\/\",\"url\":\"https:\/\/multi-gyn.com\/hr\/zdravlje-rodnice\/tegobe\/snazan-miris-poput-ribe\/\",\"name\":\"Sna\u017ean miris, poput ribe - Multi-Gyn\",\"isPartOf\":{\"@id\":\"https:\/\/multi-gyn.com\/hr\/#website\"},\"datePublished\":\"2023-02-17T12:24:03+00:00\",\"dateModified\":\"2023-08-04T11:49:14+00:00\",\"description\":\"Jeste li se ikad zapitali kako miri\u0161e Va\u0161a vagina? Svaka \u017eena je druk\u010dija: imamo razli\u010dit ten, boju kose, ja\u010dinu noktiju i sve miri\u0161emo druk\u010dije.\",\"breadcrumb\":{\"@id\":\"https:\/\/multi-gyn.com\/hr\/zdravlje-rodnice\/tegobe\/snazan-miris-poput-ribe\/#breadcrumb\"},\"inLanguage\":\"hr-HR\",\"potentialAction\":[{\"@type\":\"ReadAction\",\"target\":[\"https:\/\/multi-gyn.com\/hr\/zdravlje-rodnice\/tegobe\/snazan-miris-poput-ribe\/\"]}]},{\"@type\":\"BreadcrumbList\",\"@id\":\"https:\/\/multi-gyn.com\/hr\/zdravlje-rodnice\/tegobe\/snazan-miris-poput-ribe\/#breadcrumb\",\"itemListElement\":[{\"@type\":\"ListItem\",\"position\":1,\"name\":\"Home\",\"item\":\"https:\/\/multi-gyn.com\/hr\/\"},{\"@type\":\"ListItem\",\"position\":2,\"name\":\"Zdravlje rodnice\",\"item\":\"https:\/\/multi-gyn.com\/hr\/zdravlje-rodnice\/\"},{\"@type\":\"ListItem\",\"position\":3,\"name\":\"Tegobe\",\"item\":\"https:\/\/multi-gyn.com\/hr\/zdravlje-rodnice\/tegobe\/\"},{\"@type\":\"ListItem\",\"position\":4,\"name\":\"Sna\u017ean miris, poput ribe\"}]},{\"@type\":\"WebSite\",\"@id\":\"https:\/\/multi-gyn.com\/hr\/#website\",\"url\":\"https:\/\/multi-gyn.com\/hr\/\",\"name\":\"Multi-Gyn\",\"description\":\"\",\"publisher\":{\"@id\":\"https:\/\/multi-gyn.com\/hr\/#organization\"},\"potentialAction\":[{\"@type\":\"SearchAction\",\"target\":{\"@type\":\"EntryPoint\",\"urlTemplate\":\"https:\/\/multi-gyn.com\/hr\/?s={search_term_string}\"},\"query-input\":{\"@type\":\"PropertyValueSpecification\",\"valueRequired\":true,\"valueName\":\"search_term_string\"}}],\"inLanguage\":\"hr-HR\"},{\"@type\":\"Organization\",\"@id\":\"https:\/\/multi-gyn.com\/hr\/#organization\",\"name\":\"Multi-Gyn\",\"url\":\"https:\/\/multi-gyn.com\/hr\/\",\"logo\":{\"@type\":\"ImageObject\",\"inLanguage\":\"hr-HR\",\"@id\":\"https:\/\/multi-gyn.com\/hr\/#\/schema\/logo\/image\/\",\"url\":\"https:\/\/multi-gyn.com\/app\/uploads\/sites\/43\/2023\/02\/multi-gyn-logo.png\",\"contentUrl\":\"https:\/\/multi-gyn.com\/app\/uploads\/sites\/43\/2023\/02\/multi-gyn-logo.png\",\"width\":149,\"height\":32,\"caption\":\"Multi-Gyn\"},\"image\":{\"@id\":\"https:\/\/multi-gyn.com\/hr\/#\/schema\/logo\/image\/\"}}]}<\/script>\n<!-- \/ Yoast SEO plugin. -->","yoast_head_json":{"title":"Sna\u017ean miris, poput ribe - Multi-Gyn","description":"Jeste li se ikad zapitali kako miri\u0161e Va\u0161a vagina? Svaka \u017eena je druk\u010dija: imamo razli\u010dit ten, boju kose, ja\u010dinu noktiju i sve miri\u0161emo druk\u010dije.","robots":{"index":"index","follow":"follow","max-snippet":"max-snippet:-1","max-image-preview":"max-image-preview:large","max-video-preview":"max-video-preview:-1"},"canonical":"https:\/\/multi-gyn.com\/hr\/zdravlje-rodnice\/tegobe\/snazan-miris-poput-ribe\/","og_locale":"hr_HR","og_type":"article","og_title":"Sna\u017ean miris, poput ribe - Multi-Gyn","og_description":"Jeste li se ikad zapitali kako miri\u0161e Va\u0161a vagina? Svaka \u017eena je druk\u010dija: imamo razli\u010dit ten, boju kose, ja\u010dinu noktiju i sve miri\u0161emo druk\u010dije.","og_url":"https:\/\/multi-gyn.com\/hr\/zdravlje-rodnice\/tegobe\/snazan-miris-poput-ribe\/","og_site_name":"Multi-Gyn","article_modified_time":"2023-08-04T11:49:14+00:00","twitter_card":"summary_large_image","twitter_misc":{"Est. reading time":"2 minutes"},"schema":{"@context":"https:\/\/schema.org","@graph":[{"@type":"WebPage","@id":"https:\/\/multi-gyn.com\/hr\/zdravlje-rodnice\/tegobe\/snazan-miris-poput-ribe\/","url":"https:\/\/multi-gyn.com\/hr\/zdravlje-rodnice\/tegobe\/snazan-miris-poput-ribe\/","name":"Sna\u017ean miris, poput ribe - Multi-Gyn","isPartOf":{"@id":"https:\/\/multi-gyn.com\/hr\/#website"},"datePublished":"2023-02-17T12:24:03+00:00","dateModified":"2023-08-04T11:49:14+00:00","description":"Jeste li se ikad zapitali kako miri\u0161e Va\u0161a vagina? Svaka \u017eena je druk\u010dija: imamo razli\u010dit ten, boju kose, ja\u010dinu noktiju i sve miri\u0161emo druk\u010dije.","breadcrumb":{"@id":"https:\/\/multi-gyn.com\/hr\/zdravlje-rodnice\/tegobe\/snazan-miris-poput-ribe\/#breadcrumb"},"inLanguage":"hr-HR","potentialAction":[{"@type":"ReadAction","target":["https:\/\/multi-gyn.com\/hr\/zdravlje-rodnice\/tegobe\/snazan-miris-poput-ribe\/"]}]},{"@type":"BreadcrumbList","@id":"https:\/\/multi-gyn.com\/hr\/zdravlje-rodnice\/tegobe\/snazan-miris-poput-ribe\/#breadcrumb","itemListElement":[{"@type":"ListItem","position":1,"name":"Home","item":"https:\/\/multi-gyn.com\/hr\/"},{"@type":"ListItem","position":2,"name":"Zdravlje rodnice","item":"https:\/\/multi-gyn.com\/hr\/zdravlje-rodnice\/"},{"@type":"ListItem","position":3,"name":"Tegobe","item":"https:\/\/multi-gyn.com\/hr\/zdravlje-rodnice\/tegobe\/"},{"@type":"ListItem","position":4,"name":"Sna\u017ean miris, poput ribe"}]},{"@type":"WebSite","@id":"https:\/\/multi-gyn.com\/hr\/#website","url":"https:\/\/multi-gyn.com\/hr\/","name":"Multi-Gyn","description":"","publisher":{"@id":"https:\/\/multi-gyn.com\/hr\/#organization"},"potentialAction":[{"@type":"SearchAction","target":{"@type":"EntryPoint","urlTemplate":"https:\/\/multi-gyn.com\/hr\/?s={search_term_string}"},"query-input":{"@type":"PropertyValueSpecification","valueRequired":true,"valueName":"search_term_string"}}],"inLanguage":"hr-HR"},{"@type":"Organization","@id":"https:\/\/multi-gyn.com\/hr\/#organization","name":"Multi-Gyn","url":"https:\/\/multi-gyn.com\/hr\/","logo":{"@type":"ImageObject","inLanguage":"hr-HR","@id":"https:\/\/multi-gyn.com\/hr\/#\/schema\/logo\/image\/","url":"https:\/\/multi-gyn.com\/app\/uploads\/sites\/43\/2023\/02\/multi-gyn-logo.png","contentUrl":"https:\/\/multi-gyn.com\/app\/uploads\/sites\/43\/2023\/02\/multi-gyn-logo.png","width":149,"height":32,"caption":"Multi-Gyn"},"image":{"@id":"https:\/\/multi-gyn.com\/hr\/#\/schema\/logo\/image\/"}}]}},"_links":{"self":[{"href":"https:\/\/multi-gyn.com\/hr\/wp-json\/wp\/v2\/pages\/199","targetHints":{"allow":["GET"]}}],"collection":[{"href":"https:\/\/multi-gyn.com\/hr\/wp-json\/wp\/v2\/pages"}],"about":[{"href":"https:\/\/multi-gyn.com\/hr\/wp-json\/wp\/v2\/types\/page"}],"author":[{"embeddable":true,"href":"https:\/\/multi-gyn.com\/hr\/wp-json\/wp\/v2\/users\/2"}],"replies":[{"embeddable":true,"href":"https:\/\/multi-gyn.com\/hr\/wp-json\/wp\/v2\/comments?post=199"}],"version-history":[{"count":2,"href":"https:\/\/multi-gyn.com\/hr\/wp-json\/wp\/v2\/pages\/199\/revisions"}],"predecessor-version":[{"id":467,"href":"https:\/\/multi-gyn.com\/hr\/wp-json\/wp\/v2\/pages\/199\/revisions\/467"}],"up":[{"embeddable":true,"href":"https:\/\/multi-gyn.com\/hr\/wp-json\/wp\/v2\/pages\/121"}],"wp:attachment":[{"href":"https:\/\/multi-gyn.com\/hr\/wp-json\/wp\/v2\/media?parent=199"}],"wp:term":[{"taxonomy":"from-article-database","embeddable":true,"href":"https:\/\/multi-gyn.com\/hr\/wp-json\/wp\/v2\/from-article-database?post=199"}],"curies":[{"name":"wp","href":"https:\/\/api.w.org\/{rel}","templated":true}]}}