{"id":201,"date":"2023-02-17T13:25:30","date_gmt":"2023-02-17T12:25:30","guid":{"rendered":"https:\/\/multi-gyn.com\/hr\/?page_id=201"},"modified":"2023-08-04T13:49:12","modified_gmt":"2023-08-04T11:49:12","slug":"vaginalne-tegobe-trebam-li-doista-posjetiti-lijecnika","status":"publish","type":"page","link":"https:\/\/multi-gyn.com\/hr\/zdravlje-rodnice\/tegobe\/vaginalne-tegobe-trebam-li-doista-posjetiti-lijecnika\/","title":{"rendered":"Vaginalne tegobe \u2013 trebam li doista posjetiti lije\u010dnika?"},"content":{"rendered":"\n<div class=\"wp-block-karopharma-free-text pt-large pb-large bg-center bg-cover bg-no-repeat  is-style-primary\" style=\"background-image:url()\"><div class=\"free-text-wrapper container max-w-medium text-left\">\n<h1 class=\"wp-block-heading\">Vaginalne tegobe \u2013 trebam li doista posjetiti lije\u010dnika?<\/h1>\n\n\n\n<p class=\"is-style-paragraph-preamble\">Kompletan popis vaginalnih tegoba je duga\u010dak i ide od iscjetka i neugodna mirisa do bolova u zdjelici. Neki simptomi znak su za mali problem koji se mo\u017ee rije\u0161iti uz pomo\u0107 medicinskih sredstava, a drugi zahtijevaju medicinsku pa\u017enju i odgovaraju\u0107u terapiju. Prou\u010dite neke od naj\u010de\u0161\u0107ih tipova vaginalnih tegoba i kriterije koji Vam mogu pomo\u0107i u odluci da zaka\u017eete pregled kod svojeg lije\u010dnika.<\/p>\n<\/div><\/div>\n\n\n\n<div class=\"wp-block-karopharma-free-text pt-large pb-large bg-center bg-cover bg-no-repeat\" style=\"background-image:url()\"><div class=\"free-text-wrapper container max-w-medium text-left\">\n<h2 class=\"is-style-heading-h2 wp-block-heading\">Promjena iscjetka<\/h2>\n\n\n\n<p>Normalan iscjedak je \u010dist, bijel ili blijedo \u017eut, ljepljiv ili elasti\u010dan, varira u koli\u010dini i konzistenciji, ovisno o \u010dimbenicima kao \u0161to su menstrualni ciklus, trudno\u0107a ili seksualni odnos. Me\u0111utim, ako primijetite neke nagle ili znatne promjene sekreta, poput boje, konzistencije (gust iscjedak nalik siru znak je gljivi\u010dne infekcije) ili koli\u010dine (iako se koli\u010dina iscjetka pove\u0107ava oko ovulacije ili kad ste seksualno uzbu\u0111eni, ve\u0107a koli\u010dina znak je da se mo\u017eda razvila infekcija), treba se obratiti lije\u010dniku.<\/p>\n\n\n\n<h2 class=\"is-style-heading-h2 wp-block-heading\">Miris<\/h2>\n\n\n\n<p>Iako je istina da svaka vagina ima jedinstven miris, sve \u0161to miri\u0161e znatno razli\u010dito negoli ina\u010de mo\u017ee biti razlog za zabrinutost. Neke vrste mirisa karakteristi\u010dne su za pojedine infekcije &#8211; primjerice, miris po ribi karakteristi\u010dan je za bakterijsku vaginozu.<\/p>\n\n\n\n<h2 class=\"is-style-heading-h2 wp-block-heading\">Svrbe\u017e<\/h2>\n\n\n\n<p>Svrbe\u017e se mo\u017ee razviti kao simptom infekcije, kao \u0161to su bakterijska vaginoza ili kandidijaza, ali mo\u017ee biti i znak iritacije ili alergijske reakcije, prouzrokovane primjerice kondomima ili vaginalnim sprejevima. U tom slu\u010daju prirodan, umiruju\u0107i proizvod mo\u017ee pomo\u0107i u ubla\u017eavanju reakcije i oporavku ko\u017ee.<\/p>\n\n\n\n<h2 class=\"is-style-heading-h2 wp-block-heading\">Peckanje<\/h2>\n\n\n\n<p>Kao i svrbe\u017e, peckanje mo\u017ee biti znak infekcije ili sporedni efekt iritacije. Ako koristite proizvod kao \u0161to je losion ili vaginalni sprej i nakon toga osje\u0107ate jako peckanje, uvjerite se da ste isprali ostatak i \u0161to je mogu\u0107e prije ubla\u017eili iritaciju.<\/p>\n\n\n\n<h2 class=\"is-style-heading-h2 wp-block-heading\">Bol<\/h2>\n\n\n\n<p>Bol prilikom mokrenja mo\u017ee upu\u0107ivati na urinarnu ili vaginalnu infekciju. Bol koja se javlja tijekom seksualnog odnosa mo\u017ee tako\u0111er biti znak infekcije, ili mo\u017ee ukazivati na to da mo\u017eda patite od endometrioze, ali je mnogo \u010de\u0161\u0107a kao nuspojava suho\u0107e rodnice. To se \u010de\u0161\u0107e doga\u0111a tijekom menopauze, kad je razina estrogena niska, zbog \u010dega vaginalno tkivo postane tanko i izgubi elasti\u010dnost i prirodno podmazivanje. Kad se vagina ne podmazuje dovoljno, penetracija mo\u017ee izazvati trenje i o\u0161te\u0107enje tkiva. To mo\u017ee dovesti do bolova ili \u010dak infekcije. Ako patite od suho\u0107e rodnice, poku\u0161ajte olak\u0161ati simptome pomo\u0107u vaginalne kreme ili lubrikanta. Krema se nanosi svakodnevno i pru\u017ea dugotrajan u\u010dinak, osiguravaju\u0107i olak\u0161anje od bola i trenja, a lubrikanti se koriste prije seksualnog odnosa i imaju kratkotrajan u\u010dinak.<\/p>\n\n\n\n<p>Vaginalne tegobe mogu imati nekoliko uzroka, od kojih su neki ozbiljniji od drugih. Ako primijetite bilo koji od simptoma koje smo gore naveli, ili druge neobi\u010dne simptome, uvijek se mo\u017eete obratiti svom lije\u010dniku kako biste porazgovarali o odgovaraju\u0107em lije\u010denju.<\/p>\n<\/div><\/div>\n","protected":false},"excerpt":{"rendered":"","protected":false},"author":2,"featured_media":0,"parent":121,"menu_order":7,"comment_status":"closed","ping_status":"closed","template":"","meta":{"_acf_changed":false,"footnotes":""},"from-article-database":[],"class_list":["post-201","page","type-page","status-publish","hentry"],"acf":[],"yoast_head":"<!-- This site is optimized with the Yoast SEO plugin v26.6 - https:\/\/yoast.com\/wordpress\/plugins\/seo\/ -->\n<title>Vaginalne tegobe \u2013 trebam li doista posjetiti lije\u010dnika? - Multi-Gyn<\/title>\n<meta name=\"description\" content=\"Kompletan popis vaginalnih tegoba je duga\u010dak i ide od iscjetka i neugodna mirisa do bolova u zdjelici.\" \/>\n<meta name=\"robots\" content=\"index, follow, max-snippet:-1, max-image-preview:large, max-video-preview:-1\" \/>\n<link rel=\"canonical\" href=\"https:\/\/multi-gyn.com\/hr\/zdravlje-rodnice\/tegobe\/vaginalne-tegobe-trebam-li-doista-posjetiti-lijecnika\/\" \/>\n<meta property=\"og:locale\" content=\"hr_HR\" \/>\n<meta property=\"og:type\" content=\"article\" \/>\n<meta property=\"og:title\" content=\"Vaginalne tegobe \u2013 trebam li doista posjetiti lije\u010dnika? - Multi-Gyn\" \/>\n<meta property=\"og:description\" content=\"Kompletan popis vaginalnih tegoba je duga\u010dak i ide od iscjetka i neugodna mirisa do bolova u zdjelici.\" \/>\n<meta property=\"og:url\" content=\"https:\/\/multi-gyn.com\/hr\/zdravlje-rodnice\/tegobe\/vaginalne-tegobe-trebam-li-doista-posjetiti-lijecnika\/\" \/>\n<meta property=\"og:site_name\" content=\"Multi-Gyn\" \/>\n<meta property=\"article:modified_time\" content=\"2023-08-04T11:49:12+00:00\" \/>\n<meta name=\"twitter:card\" content=\"summary_large_image\" \/>\n<meta name=\"twitter:label1\" content=\"Est. reading time\" \/>\n\t<meta name=\"twitter:data1\" content=\"3 minutes\" \/>\n<script type=\"application\/ld+json\" class=\"yoast-schema-graph\">{\"@context\":\"https:\/\/schema.org\",\"@graph\":[{\"@type\":\"WebPage\",\"@id\":\"https:\/\/multi-gyn.com\/hr\/zdravlje-rodnice\/tegobe\/vaginalne-tegobe-trebam-li-doista-posjetiti-lijecnika\/\",\"url\":\"https:\/\/multi-gyn.com\/hr\/zdravlje-rodnice\/tegobe\/vaginalne-tegobe-trebam-li-doista-posjetiti-lijecnika\/\",\"name\":\"Vaginalne tegobe \u2013 trebam li doista posjetiti lije\u010dnika? - Multi-Gyn\",\"isPartOf\":{\"@id\":\"https:\/\/multi-gyn.com\/hr\/#website\"},\"datePublished\":\"2023-02-17T12:25:30+00:00\",\"dateModified\":\"2023-08-04T11:49:12+00:00\",\"description\":\"Kompletan popis vaginalnih tegoba je duga\u010dak i ide od iscjetka i neugodna mirisa do bolova u zdjelici.\",\"breadcrumb\":{\"@id\":\"https:\/\/multi-gyn.com\/hr\/zdravlje-rodnice\/tegobe\/vaginalne-tegobe-trebam-li-doista-posjetiti-lijecnika\/#breadcrumb\"},\"inLanguage\":\"hr-HR\",\"potentialAction\":[{\"@type\":\"ReadAction\",\"target\":[\"https:\/\/multi-gyn.com\/hr\/zdravlje-rodnice\/tegobe\/vaginalne-tegobe-trebam-li-doista-posjetiti-lijecnika\/\"]}]},{\"@type\":\"BreadcrumbList\",\"@id\":\"https:\/\/multi-gyn.com\/hr\/zdravlje-rodnice\/tegobe\/vaginalne-tegobe-trebam-li-doista-posjetiti-lijecnika\/#breadcrumb\",\"itemListElement\":[{\"@type\":\"ListItem\",\"position\":1,\"name\":\"Home\",\"item\":\"https:\/\/multi-gyn.com\/hr\/\"},{\"@type\":\"ListItem\",\"position\":2,\"name\":\"Zdravlje rodnice\",\"item\":\"https:\/\/multi-gyn.com\/hr\/zdravlje-rodnice\/\"},{\"@type\":\"ListItem\",\"position\":3,\"name\":\"Tegobe\",\"item\":\"https:\/\/multi-gyn.com\/hr\/zdravlje-rodnice\/tegobe\/\"},{\"@type\":\"ListItem\",\"position\":4,\"name\":\"Vaginalne tegobe \u2013 trebam li doista posjetiti lije\u010dnika?\"}]},{\"@type\":\"WebSite\",\"@id\":\"https:\/\/multi-gyn.com\/hr\/#website\",\"url\":\"https:\/\/multi-gyn.com\/hr\/\",\"name\":\"Multi-Gyn\",\"description\":\"\",\"publisher\":{\"@id\":\"https:\/\/multi-gyn.com\/hr\/#organization\"},\"potentialAction\":[{\"@type\":\"SearchAction\",\"target\":{\"@type\":\"EntryPoint\",\"urlTemplate\":\"https:\/\/multi-gyn.com\/hr\/?s={search_term_string}\"},\"query-input\":{\"@type\":\"PropertyValueSpecification\",\"valueRequired\":true,\"valueName\":\"search_term_string\"}}],\"inLanguage\":\"hr-HR\"},{\"@type\":\"Organization\",\"@id\":\"https:\/\/multi-gyn.com\/hr\/#organization\",\"name\":\"Multi-Gyn\",\"url\":\"https:\/\/multi-gyn.com\/hr\/\",\"logo\":{\"@type\":\"ImageObject\",\"inLanguage\":\"hr-HR\",\"@id\":\"https:\/\/multi-gyn.com\/hr\/#\/schema\/logo\/image\/\",\"url\":\"https:\/\/multi-gyn.com\/app\/uploads\/sites\/43\/2023\/02\/multi-gyn-logo.png\",\"contentUrl\":\"https:\/\/multi-gyn.com\/app\/uploads\/sites\/43\/2023\/02\/multi-gyn-logo.png\",\"width\":149,\"height\":32,\"caption\":\"Multi-Gyn\"},\"image\":{\"@id\":\"https:\/\/multi-gyn.com\/hr\/#\/schema\/logo\/image\/\"}}]}<\/script>\n<!-- \/ Yoast SEO plugin. -->","yoast_head_json":{"title":"Vaginalne tegobe \u2013 trebam li doista posjetiti lije\u010dnika? - Multi-Gyn","description":"Kompletan popis vaginalnih tegoba je duga\u010dak i ide od iscjetka i neugodna mirisa do bolova u zdjelici.","robots":{"index":"index","follow":"follow","max-snippet":"max-snippet:-1","max-image-preview":"max-image-preview:large","max-video-preview":"max-video-preview:-1"},"canonical":"https:\/\/multi-gyn.com\/hr\/zdravlje-rodnice\/tegobe\/vaginalne-tegobe-trebam-li-doista-posjetiti-lijecnika\/","og_locale":"hr_HR","og_type":"article","og_title":"Vaginalne tegobe \u2013 trebam li doista posjetiti lije\u010dnika? - Multi-Gyn","og_description":"Kompletan popis vaginalnih tegoba je duga\u010dak i ide od iscjetka i neugodna mirisa do bolova u zdjelici.","og_url":"https:\/\/multi-gyn.com\/hr\/zdravlje-rodnice\/tegobe\/vaginalne-tegobe-trebam-li-doista-posjetiti-lijecnika\/","og_site_name":"Multi-Gyn","article_modified_time":"2023-08-04T11:49:12+00:00","twitter_card":"summary_large_image","twitter_misc":{"Est. reading time":"3 minutes"},"schema":{"@context":"https:\/\/schema.org","@graph":[{"@type":"WebPage","@id":"https:\/\/multi-gyn.com\/hr\/zdravlje-rodnice\/tegobe\/vaginalne-tegobe-trebam-li-doista-posjetiti-lijecnika\/","url":"https:\/\/multi-gyn.com\/hr\/zdravlje-rodnice\/tegobe\/vaginalne-tegobe-trebam-li-doista-posjetiti-lijecnika\/","name":"Vaginalne tegobe \u2013 trebam li doista posjetiti lije\u010dnika? - Multi-Gyn","isPartOf":{"@id":"https:\/\/multi-gyn.com\/hr\/#website"},"datePublished":"2023-02-17T12:25:30+00:00","dateModified":"2023-08-04T11:49:12+00:00","description":"Kompletan popis vaginalnih tegoba je duga\u010dak i ide od iscjetka i neugodna mirisa do bolova u zdjelici.","breadcrumb":{"@id":"https:\/\/multi-gyn.com\/hr\/zdravlje-rodnice\/tegobe\/vaginalne-tegobe-trebam-li-doista-posjetiti-lijecnika\/#breadcrumb"},"inLanguage":"hr-HR","potentialAction":[{"@type":"ReadAction","target":["https:\/\/multi-gyn.com\/hr\/zdravlje-rodnice\/tegobe\/vaginalne-tegobe-trebam-li-doista-posjetiti-lijecnika\/"]}]},{"@type":"BreadcrumbList","@id":"https:\/\/multi-gyn.com\/hr\/zdravlje-rodnice\/tegobe\/vaginalne-tegobe-trebam-li-doista-posjetiti-lijecnika\/#breadcrumb","itemListElement":[{"@type":"ListItem","position":1,"name":"Home","item":"https:\/\/multi-gyn.com\/hr\/"},{"@type":"ListItem","position":2,"name":"Zdravlje rodnice","item":"https:\/\/multi-gyn.com\/hr\/zdravlje-rodnice\/"},{"@type":"ListItem","position":3,"name":"Tegobe","item":"https:\/\/multi-gyn.com\/hr\/zdravlje-rodnice\/tegobe\/"},{"@type":"ListItem","position":4,"name":"Vaginalne tegobe \u2013 trebam li doista posjetiti lije\u010dnika?"}]},{"@type":"WebSite","@id":"https:\/\/multi-gyn.com\/hr\/#website","url":"https:\/\/multi-gyn.com\/hr\/","name":"Multi-Gyn","description":"","publisher":{"@id":"https:\/\/multi-gyn.com\/hr\/#organization"},"potentialAction":[{"@type":"SearchAction","target":{"@type":"EntryPoint","urlTemplate":"https:\/\/multi-gyn.com\/hr\/?s={search_term_string}"},"query-input":{"@type":"PropertyValueSpecification","valueRequired":true,"valueName":"search_term_string"}}],"inLanguage":"hr-HR"},{"@type":"Organization","@id":"https:\/\/multi-gyn.com\/hr\/#organization","name":"Multi-Gyn","url":"https:\/\/multi-gyn.com\/hr\/","logo":{"@type":"ImageObject","inLanguage":"hr-HR","@id":"https:\/\/multi-gyn.com\/hr\/#\/schema\/logo\/image\/","url":"https:\/\/multi-gyn.com\/app\/uploads\/sites\/43\/2023\/02\/multi-gyn-logo.png","contentUrl":"https:\/\/multi-gyn.com\/app\/uploads\/sites\/43\/2023\/02\/multi-gyn-logo.png","width":149,"height":32,"caption":"Multi-Gyn"},"image":{"@id":"https:\/\/multi-gyn.com\/hr\/#\/schema\/logo\/image\/"}}]}},"_links":{"self":[{"href":"https:\/\/multi-gyn.com\/hr\/wp-json\/wp\/v2\/pages\/201","targetHints":{"allow":["GET"]}}],"collection":[{"href":"https:\/\/multi-gyn.com\/hr\/wp-json\/wp\/v2\/pages"}],"about":[{"href":"https:\/\/multi-gyn.com\/hr\/wp-json\/wp\/v2\/types\/page"}],"author":[{"embeddable":true,"href":"https:\/\/multi-gyn.com\/hr\/wp-json\/wp\/v2\/users\/2"}],"replies":[{"embeddable":true,"href":"https:\/\/multi-gyn.com\/hr\/wp-json\/wp\/v2\/comments?post=201"}],"version-history":[{"count":3,"href":"https:\/\/multi-gyn.com\/hr\/wp-json\/wp\/v2\/pages\/201\/revisions"}],"predecessor-version":[{"id":469,"href":"https:\/\/multi-gyn.com\/hr\/wp-json\/wp\/v2\/pages\/201\/revisions\/469"}],"up":[{"embeddable":true,"href":"https:\/\/multi-gyn.com\/hr\/wp-json\/wp\/v2\/pages\/121"}],"wp:attachment":[{"href":"https:\/\/multi-gyn.com\/hr\/wp-json\/wp\/v2\/media?parent=201"}],"wp:term":[{"taxonomy":"from-article-database","embeddable":true,"href":"https:\/\/multi-gyn.com\/hr\/wp-json\/wp\/v2\/from-article-database?post=201"}],"curies":[{"name":"wp","href":"https:\/\/api.w.org\/{rel}","templated":true}]}}