{"id":203,"date":"2023-02-17T13:25:46","date_gmt":"2023-02-17T12:25:46","guid":{"rendered":"https:\/\/multi-gyn.com\/hr\/?page_id=203"},"modified":"2023-08-04T13:49:10","modified_gmt":"2023-08-04T11:49:10","slug":"vaginalna-bol","status":"publish","type":"page","link":"https:\/\/multi-gyn.com\/hr\/zdravlje-rodnice\/tegobe\/vaginalna-bol\/","title":{"rendered":"Vaginalna bol"},"content":{"rendered":"\n<div class=\"wp-block-karopharma-free-text pt-large pb-large bg-center bg-cover bg-no-repeat  is-style-primary\" style=\"background-image:url()\"><div class=\"free-text-wrapper container max-w-medium text-left\">\n<h1 class=\"wp-block-heading\">Vaginalna bol<\/h1>\n\n\n\n<p class=\"is-style-paragraph-preamble\">Kad se pojavi vaginalna bol, to je uglavnom zbog infekcije. Me\u0111utim, bol u intimnoj regiji mo\u017ee biti uzrokovana i iritacijom, suho\u0107om vagine i hormonalnim promjenama. Drugi simptomi koji mogu pratiti vaginalnu bol uklju\u010duju svrbe\u017e, peckanje, osjetljivost, \u017earenje i oteklinu.<\/p>\n<\/div><\/div>\n\n\n\n<div class=\"wp-block-karopharma-free-text pt-large pb-large bg-center bg-cover bg-no-repeat\" style=\"background-image:url()\"><div class=\"free-text-wrapper container max-w-medium text-left\">\n<h3 class=\"is-style-heading-h4 wp-block-heading\">Neki od naj\u010de\u0161\u0107ih uzroka vaginalne boli uklju\u010duju:<\/h3>\n\n\n\n<ul class=\"is-style-default wp-block-list\"><li>Gljivi\u010dnu infekciju &#8211; iako sama gljivi\u010dna infekcija ne mo\u017ee uzrokovati bol, ona izaziva svrbe\u017e. Grebanje intimnog podru\u010dja mo\u017ee o\u0161tetiti ko\u017eu i uzrokovati oteklinu, a na kraju dovodi do bolova i osjetljivosti. U slu\u010daju da ste skloni gljivi\u010dnim infekcijama ili ste na terapiji antibioticima, koristite prebiotske proizvode koji stimuliraju rast dobrih bakterija i smanjite rizik od infekcija.<\/li><li>Iritacije &#8211; proizvodi koji sadr\u017ee jake deterd\u017eente, kemikalije, mirise ili boje mogu iritirati ko\u017eu i uzrokovati zapaljenje, \u0161to dovodi do oteklina, bolova i osjetljivosti intimnog podru\u010dja. Izbjegavajte proizvode koji mogu sadr\u017eavati takve sastojke, uklju\u010duju\u0107i sapun, kupke za tu\u0161iranje, vaginalne sprejeve, losione za tijelo i kreme.<\/li><li>Kori\u0161tenje antibiotika ili steroidnih lijekova. Ove skupine lijekova mogu pove\u0107ati \u0161ansu za dobivanje gljivi\u010dne infekcije.<\/li><li>Trudno\u0107a. Tijekom trudno\u0107e \u017eena ima ve\u0107u \u0161ansu dobiti gljivi\u010dnu infekciju ili osjetiti vaginalnu bol kao rezultat upale.<\/li><li>Neke spolno prenosive bolesti.<\/li><li>Suho\u0107a vagine. Kad vagina ne dobiva dovoljno prirodnog podmazivanja, penetracija tijekom odnosa mo\u017ee izazvati trenje i o\u0161tetiti tkivo, \u0161to izaziva upalu i bolove. To mo\u017ee dovesti do gubitka libida ili manjka u\u017eivanja tijekom odnosa. Ako osje\u0107ate suho\u0107u vagine, poku\u0161ajte koristiti vaginalne ovla\u017eiva\u010de ili lubrikante za ubla\u017eavanje simptoma. Ovla\u017eiva\u010di se primjenjuje svakodnevno i dugotrajno, a lubrikant se koristi prije odnosa i u\u010dinkovit je samo kratko vrijeme.<\/li><li>Atrofija vagine. Do nje dolazi zbog stanjivanja vaginalnog tkiva i gubitka elasti\u010dnosti, \u0161to je rezultat pada razine estrogena koji se obi\u010dno doga\u0111a u menopauzi. Zidovi vagine su tanki i suhi te se mogu lako o\u0161tetiti i upaliti tijekom penetracije, \u0161to dovodi do peckanja i boli.<\/li><\/ul>\n<\/div><\/div>\n","protected":false},"excerpt":{"rendered":"","protected":false},"author":2,"featured_media":0,"parent":121,"menu_order":8,"comment_status":"closed","ping_status":"closed","template":"","meta":{"_acf_changed":false,"footnotes":""},"from-article-database":[],"class_list":["post-203","page","type-page","status-publish","hentry"],"acf":[],"yoast_head":"<!-- This site is optimized with the Yoast SEO plugin v26.6 - https:\/\/yoast.com\/wordpress\/plugins\/seo\/ -->\n<title>Vaginalna bol - Multi-Gyn<\/title>\n<meta name=\"description\" content=\"aginalna bol, to je uglavnom zbog infekcije. Me\u0111utim, bol u intimnoj regiji mo\u017ee biti uzrokovana i iritacijom, suho\u0107om vagine i hormonalnim promjenama.\" \/>\n<meta name=\"robots\" content=\"index, follow, max-snippet:-1, max-image-preview:large, max-video-preview:-1\" \/>\n<link rel=\"canonical\" href=\"https:\/\/multi-gyn.com\/hr\/zdravlje-rodnice\/tegobe\/vaginalna-bol\/\" \/>\n<meta property=\"og:locale\" content=\"hr_HR\" \/>\n<meta property=\"og:type\" content=\"article\" \/>\n<meta property=\"og:title\" content=\"Vaginalna bol - Multi-Gyn\" \/>\n<meta property=\"og:description\" content=\"aginalna bol, to je uglavnom zbog infekcije. Me\u0111utim, bol u intimnoj regiji mo\u017ee biti uzrokovana i iritacijom, suho\u0107om vagine i hormonalnim promjenama.\" \/>\n<meta property=\"og:url\" content=\"https:\/\/multi-gyn.com\/hr\/zdravlje-rodnice\/tegobe\/vaginalna-bol\/\" \/>\n<meta property=\"og:site_name\" content=\"Multi-Gyn\" \/>\n<meta property=\"article:modified_time\" content=\"2023-08-04T11:49:10+00:00\" \/>\n<meta name=\"twitter:card\" content=\"summary_large_image\" \/>\n<meta name=\"twitter:label1\" content=\"Est. reading time\" \/>\n\t<meta name=\"twitter:data1\" content=\"2 minutes\" \/>\n<script type=\"application\/ld+json\" class=\"yoast-schema-graph\">{\"@context\":\"https:\/\/schema.org\",\"@graph\":[{\"@type\":\"WebPage\",\"@id\":\"https:\/\/multi-gyn.com\/hr\/zdravlje-rodnice\/tegobe\/vaginalna-bol\/\",\"url\":\"https:\/\/multi-gyn.com\/hr\/zdravlje-rodnice\/tegobe\/vaginalna-bol\/\",\"name\":\"Vaginalna bol - Multi-Gyn\",\"isPartOf\":{\"@id\":\"https:\/\/multi-gyn.com\/hr\/#website\"},\"datePublished\":\"2023-02-17T12:25:46+00:00\",\"dateModified\":\"2023-08-04T11:49:10+00:00\",\"description\":\"aginalna bol, to je uglavnom zbog infekcije. Me\u0111utim, bol u intimnoj regiji mo\u017ee biti uzrokovana i iritacijom, suho\u0107om vagine i hormonalnim promjenama.\",\"breadcrumb\":{\"@id\":\"https:\/\/multi-gyn.com\/hr\/zdravlje-rodnice\/tegobe\/vaginalna-bol\/#breadcrumb\"},\"inLanguage\":\"hr-HR\",\"potentialAction\":[{\"@type\":\"ReadAction\",\"target\":[\"https:\/\/multi-gyn.com\/hr\/zdravlje-rodnice\/tegobe\/vaginalna-bol\/\"]}]},{\"@type\":\"BreadcrumbList\",\"@id\":\"https:\/\/multi-gyn.com\/hr\/zdravlje-rodnice\/tegobe\/vaginalna-bol\/#breadcrumb\",\"itemListElement\":[{\"@type\":\"ListItem\",\"position\":1,\"name\":\"Home\",\"item\":\"https:\/\/multi-gyn.com\/hr\/\"},{\"@type\":\"ListItem\",\"position\":2,\"name\":\"Zdravlje rodnice\",\"item\":\"https:\/\/multi-gyn.com\/hr\/zdravlje-rodnice\/\"},{\"@type\":\"ListItem\",\"position\":3,\"name\":\"Tegobe\",\"item\":\"https:\/\/multi-gyn.com\/hr\/zdravlje-rodnice\/tegobe\/\"},{\"@type\":\"ListItem\",\"position\":4,\"name\":\"Vaginalna bol\"}]},{\"@type\":\"WebSite\",\"@id\":\"https:\/\/multi-gyn.com\/hr\/#website\",\"url\":\"https:\/\/multi-gyn.com\/hr\/\",\"name\":\"Multi-Gyn\",\"description\":\"\",\"publisher\":{\"@id\":\"https:\/\/multi-gyn.com\/hr\/#organization\"},\"potentialAction\":[{\"@type\":\"SearchAction\",\"target\":{\"@type\":\"EntryPoint\",\"urlTemplate\":\"https:\/\/multi-gyn.com\/hr\/?s={search_term_string}\"},\"query-input\":{\"@type\":\"PropertyValueSpecification\",\"valueRequired\":true,\"valueName\":\"search_term_string\"}}],\"inLanguage\":\"hr-HR\"},{\"@type\":\"Organization\",\"@id\":\"https:\/\/multi-gyn.com\/hr\/#organization\",\"name\":\"Multi-Gyn\",\"url\":\"https:\/\/multi-gyn.com\/hr\/\",\"logo\":{\"@type\":\"ImageObject\",\"inLanguage\":\"hr-HR\",\"@id\":\"https:\/\/multi-gyn.com\/hr\/#\/schema\/logo\/image\/\",\"url\":\"https:\/\/multi-gyn.com\/app\/uploads\/sites\/43\/2023\/02\/multi-gyn-logo.png\",\"contentUrl\":\"https:\/\/multi-gyn.com\/app\/uploads\/sites\/43\/2023\/02\/multi-gyn-logo.png\",\"width\":149,\"height\":32,\"caption\":\"Multi-Gyn\"},\"image\":{\"@id\":\"https:\/\/multi-gyn.com\/hr\/#\/schema\/logo\/image\/\"}}]}<\/script>\n<!-- \/ Yoast SEO plugin. -->","yoast_head_json":{"title":"Vaginalna bol - Multi-Gyn","description":"aginalna bol, to je uglavnom zbog infekcije. Me\u0111utim, bol u intimnoj regiji mo\u017ee biti uzrokovana i iritacijom, suho\u0107om vagine i hormonalnim promjenama.","robots":{"index":"index","follow":"follow","max-snippet":"max-snippet:-1","max-image-preview":"max-image-preview:large","max-video-preview":"max-video-preview:-1"},"canonical":"https:\/\/multi-gyn.com\/hr\/zdravlje-rodnice\/tegobe\/vaginalna-bol\/","og_locale":"hr_HR","og_type":"article","og_title":"Vaginalna bol - Multi-Gyn","og_description":"aginalna bol, to je uglavnom zbog infekcije. Me\u0111utim, bol u intimnoj regiji mo\u017ee biti uzrokovana i iritacijom, suho\u0107om vagine i hormonalnim promjenama.","og_url":"https:\/\/multi-gyn.com\/hr\/zdravlje-rodnice\/tegobe\/vaginalna-bol\/","og_site_name":"Multi-Gyn","article_modified_time":"2023-08-04T11:49:10+00:00","twitter_card":"summary_large_image","twitter_misc":{"Est. reading time":"2 minutes"},"schema":{"@context":"https:\/\/schema.org","@graph":[{"@type":"WebPage","@id":"https:\/\/multi-gyn.com\/hr\/zdravlje-rodnice\/tegobe\/vaginalna-bol\/","url":"https:\/\/multi-gyn.com\/hr\/zdravlje-rodnice\/tegobe\/vaginalna-bol\/","name":"Vaginalna bol - Multi-Gyn","isPartOf":{"@id":"https:\/\/multi-gyn.com\/hr\/#website"},"datePublished":"2023-02-17T12:25:46+00:00","dateModified":"2023-08-04T11:49:10+00:00","description":"aginalna bol, to je uglavnom zbog infekcije. Me\u0111utim, bol u intimnoj regiji mo\u017ee biti uzrokovana i iritacijom, suho\u0107om vagine i hormonalnim promjenama.","breadcrumb":{"@id":"https:\/\/multi-gyn.com\/hr\/zdravlje-rodnice\/tegobe\/vaginalna-bol\/#breadcrumb"},"inLanguage":"hr-HR","potentialAction":[{"@type":"ReadAction","target":["https:\/\/multi-gyn.com\/hr\/zdravlje-rodnice\/tegobe\/vaginalna-bol\/"]}]},{"@type":"BreadcrumbList","@id":"https:\/\/multi-gyn.com\/hr\/zdravlje-rodnice\/tegobe\/vaginalna-bol\/#breadcrumb","itemListElement":[{"@type":"ListItem","position":1,"name":"Home","item":"https:\/\/multi-gyn.com\/hr\/"},{"@type":"ListItem","position":2,"name":"Zdravlje rodnice","item":"https:\/\/multi-gyn.com\/hr\/zdravlje-rodnice\/"},{"@type":"ListItem","position":3,"name":"Tegobe","item":"https:\/\/multi-gyn.com\/hr\/zdravlje-rodnice\/tegobe\/"},{"@type":"ListItem","position":4,"name":"Vaginalna bol"}]},{"@type":"WebSite","@id":"https:\/\/multi-gyn.com\/hr\/#website","url":"https:\/\/multi-gyn.com\/hr\/","name":"Multi-Gyn","description":"","publisher":{"@id":"https:\/\/multi-gyn.com\/hr\/#organization"},"potentialAction":[{"@type":"SearchAction","target":{"@type":"EntryPoint","urlTemplate":"https:\/\/multi-gyn.com\/hr\/?s={search_term_string}"},"query-input":{"@type":"PropertyValueSpecification","valueRequired":true,"valueName":"search_term_string"}}],"inLanguage":"hr-HR"},{"@type":"Organization","@id":"https:\/\/multi-gyn.com\/hr\/#organization","name":"Multi-Gyn","url":"https:\/\/multi-gyn.com\/hr\/","logo":{"@type":"ImageObject","inLanguage":"hr-HR","@id":"https:\/\/multi-gyn.com\/hr\/#\/schema\/logo\/image\/","url":"https:\/\/multi-gyn.com\/app\/uploads\/sites\/43\/2023\/02\/multi-gyn-logo.png","contentUrl":"https:\/\/multi-gyn.com\/app\/uploads\/sites\/43\/2023\/02\/multi-gyn-logo.png","width":149,"height":32,"caption":"Multi-Gyn"},"image":{"@id":"https:\/\/multi-gyn.com\/hr\/#\/schema\/logo\/image\/"}}]}},"_links":{"self":[{"href":"https:\/\/multi-gyn.com\/hr\/wp-json\/wp\/v2\/pages\/203","targetHints":{"allow":["GET"]}}],"collection":[{"href":"https:\/\/multi-gyn.com\/hr\/wp-json\/wp\/v2\/pages"}],"about":[{"href":"https:\/\/multi-gyn.com\/hr\/wp-json\/wp\/v2\/types\/page"}],"author":[{"embeddable":true,"href":"https:\/\/multi-gyn.com\/hr\/wp-json\/wp\/v2\/users\/2"}],"replies":[{"embeddable":true,"href":"https:\/\/multi-gyn.com\/hr\/wp-json\/wp\/v2\/comments?post=203"}],"version-history":[{"count":2,"href":"https:\/\/multi-gyn.com\/hr\/wp-json\/wp\/v2\/pages\/203\/revisions"}],"predecessor-version":[{"id":471,"href":"https:\/\/multi-gyn.com\/hr\/wp-json\/wp\/v2\/pages\/203\/revisions\/471"}],"up":[{"embeddable":true,"href":"https:\/\/multi-gyn.com\/hr\/wp-json\/wp\/v2\/pages\/121"}],"wp:attachment":[{"href":"https:\/\/multi-gyn.com\/hr\/wp-json\/wp\/v2\/media?parent=203"}],"wp:term":[{"taxonomy":"from-article-database","embeddable":true,"href":"https:\/\/multi-gyn.com\/hr\/wp-json\/wp\/v2\/from-article-database?post=203"}],"curies":[{"name":"wp","href":"https:\/\/api.w.org\/{rel}","templated":true}]}}