{"id":205,"date":"2023-02-17T13:25:59","date_gmt":"2023-02-17T12:25:59","guid":{"rendered":"https:\/\/multi-gyn.com\/hr\/?page_id=205"},"modified":"2023-08-04T13:49:08","modified_gmt":"2023-08-04T11:49:08","slug":"uzroci-bolnoga-seksualnog-odnosa","status":"publish","type":"page","link":"https:\/\/multi-gyn.com\/hr\/zdravlje-rodnice\/tegobe\/uzroci-bolnoga-seksualnog-odnosa\/","title":{"rendered":"Uzroci bolnoga seksualnog odnosa"},"content":{"rendered":"\n<div class=\"wp-block-karopharma-free-text pt-large pb-large bg-center bg-cover bg-no-repeat  is-style-primary\" style=\"background-image:url()\"><div class=\"free-text-wrapper container max-w-medium text-left\">\n<h1 class=\"wp-block-heading\">Uzroci bolnoga seksualnog odnosa<\/h1>\n\n\n\n<p class=\"is-style-paragraph-preamble\">Bol tijekom seksualnog odnosa mo\u017ee i\u0107i od blagoga do te\u0161kog, ali gdje god se na skali ja\u010dine nalazi bol, svakako mo\u017ee pretvoriti seks od zadovoljstva do nepo\u017eeljnosti. Medicinski termin za bol tijekom seksualnog odnosa je dispareunija, a mo\u017ee prouzro\u010diti problem u intimnom \u017eivotu para, ali i utjecati na \u017eivot \u017eene op\u0107enito. Stoga je va\u017eno shvatiti mogu\u0107e uzroke bolnoga seksualnog odnosa i \u0161to mo\u017eete u\u010diniti da to sprije\u010dite.<\/p>\n<\/div><\/div>\n\n\n\n<div class=\"wp-block-karopharma-free-text pt-large pb-large bg-center bg-cover bg-no-repeat\" style=\"background-image:url()\"><div class=\"free-text-wrapper container max-w-medium text-left\">\n<p>U ve\u0107ini slu\u010dajeva bol koji \u017eena osje\u0107a tijekom penetracije izazvana je suho\u0107om rodnice. To stanje mo\u017ee nastati tijekom hormonalnih promjena, kao \u0161to su trudno\u0107a, dojenje i menopauza. Suho\u0107a mo\u017ee biti i uzrok boli ako par ne posve\u0107uje dovoljno vremena predigri, ostavljaju\u0107i \u017eenu nedovoljno uzbu\u0111enom i s manjkom prirodnog podmazivanja.<\/p>\n\n\n\n<h2 class=\"is-style-heading-h2 wp-block-heading\">Razlozi vaginalne suho\u0107e<\/h2>\n\n\n\n<p>Razlog za suho\u0107u vagine tijekom menopauze, trudno\u0107e ili dojenja je pad razine estrogena. Estrogen je \u017eenski spolni hormon zadu\u017een za odr\u017eavanje debljine, elasti\u010dnost i podmazivanje zidova vagine. Kad je razina estrogena smanjena, tkivo vagine postaje tanje i manje elasti\u010dno te se podmazivanje znatno smanjuje, izazivaju\u0107i suho\u0107u i o\u0161te\u0107enje tkiva tijekom penetracije, \u0161to rezultira pojavom boli i upale.<\/p>\n\n\n\n<p>U tom slu\u010daju poku\u0161ajte koristiti kremu ili vaginalni lubrikant, koji mogu pru\u017eiti olak\u0161anje od isu\u0161ivanja i omogu\u0107iti bezbolan i ugodan seksualni \u017eivot. Osnovna razlika izme\u0111u ove dvije vrste proizvoda je da su kreme dizajnirane tako da se koriste svakodnevno, pru\u017eaju\u0107i stalnu vla\u017enost koja \u0107e Vam pomo\u0107i da u\u017eivate u bilo kakvoj fizi\u010dkoj aktivnosti bez osje\u0107aja trenja i nelagode u intimnoj regiji, a lubrikanti se koriste prije seksualnog odnosa, osiguravaju\u0107i u\u010dinak koji traje kratko.<\/p>\n\n\n\n<h2 class=\"is-style-heading-h2 wp-block-heading\">Ostale tegobe<\/h2>\n\n\n\n<p>Ako je bol koju osje\u0107ate tijekom seksa povezana sa svrbe\u017eom, peckanjem ili oteklinom, pra\u0107ena bijelim, grudasti sekretom, mo\u017eda imate gljivi\u010dnu infekciju. Bolovi mogu biti i signal za bakterijsku vaginozu. U oba slu\u010daja izbjegavajte seksualni odnos dok infekcija ne bude pod kontrolom, a o\u0161te\u0107eno tkivo ne ozdravi. Obratite se svom lije\u010dniku za odgovaraju\u0107u terapiju i razmislite o kori\u0161tenju prebiotskih proizvoda koji stimuliraju rast dobrih bakterija u Va\u0161oj vagini.<\/p>\n\n\n\n<p>Drugi slu\u010dajevi koji mogu dovesti do boli tijekom seksualnog odnosa uklju\u010duju:<\/p>\n\n\n\n<ul class=\"is-style-default wp-block-list\"><li>odre\u0111ene spolno prenosive bolesti<\/li><li>epiziotomiju nastalu tijekom poroda<\/li><li>odre\u0111ena medicinska stanja, kao \u0161to su endometrioza i upalne bolesti zdjelice<\/li><li>psiholo\u0161ki problemi, kao \u0161to su stres, anksioznost, depresija, fizi\u010dki izgled, strah ili problemi u odnosu s partnerom<\/li><li>seks brzo nakon poroda ili operacije u zdjeli\u010dnom predjelu<\/li><\/ul>\n\n\n\n<p class=\"is-style-paragraph-preamble\"><em><mark style=\"background-color:rgba(0, 0, 0, 0)\" class=\"has-inline-color has-primary-color\">&#8220;U ve\u0107ini slu\u010dajeva bol koju \u017eena osje\u0107a tijekom penetracije izazvana je suho\u0107om rodnice. To se mo\u017ee dogoditi tijekom razdoblja hormonalnih promjena, poput trudno\u0107e, poroda ili menopauze.&#8221;<\/mark><\/em><\/p>\n<\/div><\/div>\n","protected":false},"excerpt":{"rendered":"","protected":false},"author":2,"featured_media":0,"parent":121,"menu_order":9,"comment_status":"closed","ping_status":"closed","template":"","meta":{"_acf_changed":false,"footnotes":""},"from-article-database":[],"class_list":["post-205","page","type-page","status-publish","hentry"],"acf":[],"yoast_head":"<!-- This site is optimized with the Yoast SEO plugin v26.6 - https:\/\/yoast.com\/wordpress\/plugins\/seo\/ -->\n<title>Uzroci bolnoga seksualnog odnosa - Multi-Gyn<\/title>\n<meta name=\"description\" content=\"Bol tijekom seksualnog odnosa mo\u017ee i\u0107i od blagoga do te\u0161kog, ali gdje god se na skali ja\u010dine nalazi bol, svakako mo\u017ee pretvoriti seks od zadovoljstva do nepo\u017eeljnosti.\" \/>\n<meta name=\"robots\" content=\"index, follow, max-snippet:-1, max-image-preview:large, max-video-preview:-1\" \/>\n<link rel=\"canonical\" href=\"https:\/\/multi-gyn.com\/hr\/zdravlje-rodnice\/tegobe\/uzroci-bolnoga-seksualnog-odnosa\/\" \/>\n<meta property=\"og:locale\" content=\"hr_HR\" \/>\n<meta property=\"og:type\" content=\"article\" \/>\n<meta property=\"og:title\" content=\"Uzroci bolnoga seksualnog odnosa - Multi-Gyn\" \/>\n<meta property=\"og:description\" content=\"Bol tijekom seksualnog odnosa mo\u017ee i\u0107i od blagoga do te\u0161kog, ali gdje god se na skali ja\u010dine nalazi bol, svakako mo\u017ee pretvoriti seks od zadovoljstva do nepo\u017eeljnosti.\" \/>\n<meta property=\"og:url\" content=\"https:\/\/multi-gyn.com\/hr\/zdravlje-rodnice\/tegobe\/uzroci-bolnoga-seksualnog-odnosa\/\" \/>\n<meta property=\"og:site_name\" content=\"Multi-Gyn\" \/>\n<meta property=\"article:modified_time\" content=\"2023-08-04T11:49:08+00:00\" \/>\n<meta name=\"twitter:card\" content=\"summary_large_image\" \/>\n<meta name=\"twitter:label1\" content=\"Est. reading time\" \/>\n\t<meta name=\"twitter:data1\" content=\"3 minutes\" \/>\n<script type=\"application\/ld+json\" class=\"yoast-schema-graph\">{\"@context\":\"https:\/\/schema.org\",\"@graph\":[{\"@type\":\"WebPage\",\"@id\":\"https:\/\/multi-gyn.com\/hr\/zdravlje-rodnice\/tegobe\/uzroci-bolnoga-seksualnog-odnosa\/\",\"url\":\"https:\/\/multi-gyn.com\/hr\/zdravlje-rodnice\/tegobe\/uzroci-bolnoga-seksualnog-odnosa\/\",\"name\":\"Uzroci bolnoga seksualnog odnosa - Multi-Gyn\",\"isPartOf\":{\"@id\":\"https:\/\/multi-gyn.com\/hr\/#website\"},\"datePublished\":\"2023-02-17T12:25:59+00:00\",\"dateModified\":\"2023-08-04T11:49:08+00:00\",\"description\":\"Bol tijekom seksualnog odnosa mo\u017ee i\u0107i od blagoga do te\u0161kog, ali gdje god se na skali ja\u010dine nalazi bol, svakako mo\u017ee pretvoriti seks od zadovoljstva do nepo\u017eeljnosti.\",\"breadcrumb\":{\"@id\":\"https:\/\/multi-gyn.com\/hr\/zdravlje-rodnice\/tegobe\/uzroci-bolnoga-seksualnog-odnosa\/#breadcrumb\"},\"inLanguage\":\"hr-HR\",\"potentialAction\":[{\"@type\":\"ReadAction\",\"target\":[\"https:\/\/multi-gyn.com\/hr\/zdravlje-rodnice\/tegobe\/uzroci-bolnoga-seksualnog-odnosa\/\"]}]},{\"@type\":\"BreadcrumbList\",\"@id\":\"https:\/\/multi-gyn.com\/hr\/zdravlje-rodnice\/tegobe\/uzroci-bolnoga-seksualnog-odnosa\/#breadcrumb\",\"itemListElement\":[{\"@type\":\"ListItem\",\"position\":1,\"name\":\"Home\",\"item\":\"https:\/\/multi-gyn.com\/hr\/\"},{\"@type\":\"ListItem\",\"position\":2,\"name\":\"Zdravlje rodnice\",\"item\":\"https:\/\/multi-gyn.com\/hr\/zdravlje-rodnice\/\"},{\"@type\":\"ListItem\",\"position\":3,\"name\":\"Tegobe\",\"item\":\"https:\/\/multi-gyn.com\/hr\/zdravlje-rodnice\/tegobe\/\"},{\"@type\":\"ListItem\",\"position\":4,\"name\":\"Uzroci bolnoga seksualnog odnosa\"}]},{\"@type\":\"WebSite\",\"@id\":\"https:\/\/multi-gyn.com\/hr\/#website\",\"url\":\"https:\/\/multi-gyn.com\/hr\/\",\"name\":\"Multi-Gyn\",\"description\":\"\",\"publisher\":{\"@id\":\"https:\/\/multi-gyn.com\/hr\/#organization\"},\"potentialAction\":[{\"@type\":\"SearchAction\",\"target\":{\"@type\":\"EntryPoint\",\"urlTemplate\":\"https:\/\/multi-gyn.com\/hr\/?s={search_term_string}\"},\"query-input\":{\"@type\":\"PropertyValueSpecification\",\"valueRequired\":true,\"valueName\":\"search_term_string\"}}],\"inLanguage\":\"hr-HR\"},{\"@type\":\"Organization\",\"@id\":\"https:\/\/multi-gyn.com\/hr\/#organization\",\"name\":\"Multi-Gyn\",\"url\":\"https:\/\/multi-gyn.com\/hr\/\",\"logo\":{\"@type\":\"ImageObject\",\"inLanguage\":\"hr-HR\",\"@id\":\"https:\/\/multi-gyn.com\/hr\/#\/schema\/logo\/image\/\",\"url\":\"https:\/\/multi-gyn.com\/app\/uploads\/sites\/43\/2023\/02\/multi-gyn-logo.png\",\"contentUrl\":\"https:\/\/multi-gyn.com\/app\/uploads\/sites\/43\/2023\/02\/multi-gyn-logo.png\",\"width\":149,\"height\":32,\"caption\":\"Multi-Gyn\"},\"image\":{\"@id\":\"https:\/\/multi-gyn.com\/hr\/#\/schema\/logo\/image\/\"}}]}<\/script>\n<!-- \/ Yoast SEO plugin. -->","yoast_head_json":{"title":"Uzroci bolnoga seksualnog odnosa - Multi-Gyn","description":"Bol tijekom seksualnog odnosa mo\u017ee i\u0107i od blagoga do te\u0161kog, ali gdje god se na skali ja\u010dine nalazi bol, svakako mo\u017ee pretvoriti seks od zadovoljstva do nepo\u017eeljnosti.","robots":{"index":"index","follow":"follow","max-snippet":"max-snippet:-1","max-image-preview":"max-image-preview:large","max-video-preview":"max-video-preview:-1"},"canonical":"https:\/\/multi-gyn.com\/hr\/zdravlje-rodnice\/tegobe\/uzroci-bolnoga-seksualnog-odnosa\/","og_locale":"hr_HR","og_type":"article","og_title":"Uzroci bolnoga seksualnog odnosa - Multi-Gyn","og_description":"Bol tijekom seksualnog odnosa mo\u017ee i\u0107i od blagoga do te\u0161kog, ali gdje god se na skali ja\u010dine nalazi bol, svakako mo\u017ee pretvoriti seks od zadovoljstva do nepo\u017eeljnosti.","og_url":"https:\/\/multi-gyn.com\/hr\/zdravlje-rodnice\/tegobe\/uzroci-bolnoga-seksualnog-odnosa\/","og_site_name":"Multi-Gyn","article_modified_time":"2023-08-04T11:49:08+00:00","twitter_card":"summary_large_image","twitter_misc":{"Est. reading time":"3 minutes"},"schema":{"@context":"https:\/\/schema.org","@graph":[{"@type":"WebPage","@id":"https:\/\/multi-gyn.com\/hr\/zdravlje-rodnice\/tegobe\/uzroci-bolnoga-seksualnog-odnosa\/","url":"https:\/\/multi-gyn.com\/hr\/zdravlje-rodnice\/tegobe\/uzroci-bolnoga-seksualnog-odnosa\/","name":"Uzroci bolnoga seksualnog odnosa - Multi-Gyn","isPartOf":{"@id":"https:\/\/multi-gyn.com\/hr\/#website"},"datePublished":"2023-02-17T12:25:59+00:00","dateModified":"2023-08-04T11:49:08+00:00","description":"Bol tijekom seksualnog odnosa mo\u017ee i\u0107i od blagoga do te\u0161kog, ali gdje god se na skali ja\u010dine nalazi bol, svakako mo\u017ee pretvoriti seks od zadovoljstva do nepo\u017eeljnosti.","breadcrumb":{"@id":"https:\/\/multi-gyn.com\/hr\/zdravlje-rodnice\/tegobe\/uzroci-bolnoga-seksualnog-odnosa\/#breadcrumb"},"inLanguage":"hr-HR","potentialAction":[{"@type":"ReadAction","target":["https:\/\/multi-gyn.com\/hr\/zdravlje-rodnice\/tegobe\/uzroci-bolnoga-seksualnog-odnosa\/"]}]},{"@type":"BreadcrumbList","@id":"https:\/\/multi-gyn.com\/hr\/zdravlje-rodnice\/tegobe\/uzroci-bolnoga-seksualnog-odnosa\/#breadcrumb","itemListElement":[{"@type":"ListItem","position":1,"name":"Home","item":"https:\/\/multi-gyn.com\/hr\/"},{"@type":"ListItem","position":2,"name":"Zdravlje rodnice","item":"https:\/\/multi-gyn.com\/hr\/zdravlje-rodnice\/"},{"@type":"ListItem","position":3,"name":"Tegobe","item":"https:\/\/multi-gyn.com\/hr\/zdravlje-rodnice\/tegobe\/"},{"@type":"ListItem","position":4,"name":"Uzroci bolnoga seksualnog odnosa"}]},{"@type":"WebSite","@id":"https:\/\/multi-gyn.com\/hr\/#website","url":"https:\/\/multi-gyn.com\/hr\/","name":"Multi-Gyn","description":"","publisher":{"@id":"https:\/\/multi-gyn.com\/hr\/#organization"},"potentialAction":[{"@type":"SearchAction","target":{"@type":"EntryPoint","urlTemplate":"https:\/\/multi-gyn.com\/hr\/?s={search_term_string}"},"query-input":{"@type":"PropertyValueSpecification","valueRequired":true,"valueName":"search_term_string"}}],"inLanguage":"hr-HR"},{"@type":"Organization","@id":"https:\/\/multi-gyn.com\/hr\/#organization","name":"Multi-Gyn","url":"https:\/\/multi-gyn.com\/hr\/","logo":{"@type":"ImageObject","inLanguage":"hr-HR","@id":"https:\/\/multi-gyn.com\/hr\/#\/schema\/logo\/image\/","url":"https:\/\/multi-gyn.com\/app\/uploads\/sites\/43\/2023\/02\/multi-gyn-logo.png","contentUrl":"https:\/\/multi-gyn.com\/app\/uploads\/sites\/43\/2023\/02\/multi-gyn-logo.png","width":149,"height":32,"caption":"Multi-Gyn"},"image":{"@id":"https:\/\/multi-gyn.com\/hr\/#\/schema\/logo\/image\/"}}]}},"_links":{"self":[{"href":"https:\/\/multi-gyn.com\/hr\/wp-json\/wp\/v2\/pages\/205","targetHints":{"allow":["GET"]}}],"collection":[{"href":"https:\/\/multi-gyn.com\/hr\/wp-json\/wp\/v2\/pages"}],"about":[{"href":"https:\/\/multi-gyn.com\/hr\/wp-json\/wp\/v2\/types\/page"}],"author":[{"embeddable":true,"href":"https:\/\/multi-gyn.com\/hr\/wp-json\/wp\/v2\/users\/2"}],"replies":[{"embeddable":true,"href":"https:\/\/multi-gyn.com\/hr\/wp-json\/wp\/v2\/comments?post=205"}],"version-history":[{"count":2,"href":"https:\/\/multi-gyn.com\/hr\/wp-json\/wp\/v2\/pages\/205\/revisions"}],"predecessor-version":[{"id":473,"href":"https:\/\/multi-gyn.com\/hr\/wp-json\/wp\/v2\/pages\/205\/revisions\/473"}],"up":[{"embeddable":true,"href":"https:\/\/multi-gyn.com\/hr\/wp-json\/wp\/v2\/pages\/121"}],"wp:attachment":[{"href":"https:\/\/multi-gyn.com\/hr\/wp-json\/wp\/v2\/media?parent=205"}],"wp:term":[{"taxonomy":"from-article-database","embeddable":true,"href":"https:\/\/multi-gyn.com\/hr\/wp-json\/wp\/v2\/from-article-database?post=205"}],"curies":[{"name":"wp","href":"https:\/\/api.w.org\/{rel}","templated":true}]}}