{"id":209,"date":"2023-02-17T13:26:40","date_gmt":"2023-02-17T12:26:40","guid":{"rendered":"https:\/\/multi-gyn.com\/hr\/?page_id=209"},"modified":"2023-08-04T13:49:04","modified_gmt":"2023-08-04T11:49:04","slug":"da-li-uske-traperice-uzrokuju-infekcije-rodnice","status":"publish","type":"page","link":"https:\/\/multi-gyn.com\/hr\/zdravlje-rodnice\/tegobe\/da-li-uske-traperice-uzrokuju-infekcije-rodnice\/","title":{"rendered":"Da li uske traperice uzrokuju infekcije rodnice?"},"content":{"rendered":"\n<div class=\"wp-block-karopharma-free-text pt-large pb-large bg-center bg-cover bg-no-repeat  is-style-primary\" style=\"background-image:url()\"><div class=\"free-text-wrapper container max-w-medium text-left\">\n<h1 class=\"wp-block-heading\">Da li uske traperice uzrokuju infekcije rodnice?<\/h1>\n\n\n\n<p class=\"is-style-paragraph-preamble\">One su omiljeni modni komad mnogih \u017eena I popularne kod \u017eena svih godina. Savr\u0161eno pristaju i izgledaju dobro \u2013 pa za\u0161to ne bi smjele nositi uske traperice svaki dan? Vjerovali ili ne, uske traperice mogu da uzrokovati tegobe rodnice i potaknuti pretjeran <a href=\"https:\/\/multi-gyn.com\/hr\/zdravlje-rodnice\/general\/flora-rodnice\/\">rast bakterija<\/a>. \u010citajte dalje kako biste saznali za\u0161to.<\/p>\n<\/div><\/div>\n\n\n\n<div class=\"wp-block-karopharma-free-text pt-large pb-large bg-center bg-cover bg-no-repeat\" style=\"background-image:url()\"><div class=\"free-text-wrapper container max-w-medium text-left\">\n<h2 class=\"is-style-heading-h2 wp-block-heading\">Odmorite svoje uske traperice<\/h2>\n\n\n\n<p>Nije dobra ideja nositi uske traperice svaki dan. Uska ili sinteti\u010dka odje\u0107a, kao uske traperice, ograni\u010dava tok i cirkulaciju zraka oko va\u0161eg me\u0111uno\u017eja i vulve, zadr\u017eavaju\u0107i toplinu i vlagu u rodnici. Tako\u0111er izazivaju pritisak, trenje i toplinu u va\u0161oj intimnoj regiji. Ova kombinacija stvara savr\u0161enu priliku za tegobe rodnice i rast mikroorganizama.<\/p>\n\n\n\n<h2 class=\"is-style-heading-h2 wp-block-heading\">Izbjegavajte upale nastale kao posljedica trenja<\/h2>\n\n\n\n<p>Naj\u010de\u0161\u0107i uzrok tegoba rodnice uzrokovanih no\u0161enjem uskih traperica, ili uskog, sinteti\u010dkog rublja, je iritacija uslijed trljanja tkanine uz va\u0161u vulvu. Crvenilo, otok, peckanje i svrbe\u017e su uobi\u010dajene iritacije izazvane trenjem. Ove iritacije mogu biti veoma neugodne. Nemojte nositi usku odje\u0107u svaki dan i izbjegavajte sinteti\u010dke tkanine koje ne dozvoljavaju cirkulaciju zraka.<\/p>\n\n\n\n<h2 class=\"is-style-heading-h2 wp-block-heading\">Pametno birajte donje rublje<\/h2>\n\n\n\n<p>Uslijed pripijenog izgleda, \u017eene \u010desto biraju sinteti\u010dko donje rublje ili tanga ga\u0107ice za no\u0161enje ispod uskih traperica. Pamuk ili drugi prirodni, materijal koji di\u0161e, je najbolji dnevni izbor za donje rublje, jer rijetko zadr\u017eava toplinu i vlagu. Tanga ga\u0107ice mogu izazvati trenje u kontaktu sa vulvom, stvoriti svrbe\u017e, iritaciju i peckanje u va\u0161oj intimnoj regiji. Osim ovoga, rizik od preno\u0161enja bakterija iz anusa u rodnicu se mo\u017ee pove\u0107ati, jer tange priti\u0161\u0107u obje ove regije, I mogu se pomicati ispod uskih traperica.<\/p>\n\n\n\n<h2 class=\"is-style-heading-h2 wp-block-heading\">Samo pustite va\u0161u rodnicu da di\u0161e\u2026<\/h2>\n\n\n\n<p>Uske traperice zatvaraju va\u0161u intimnu regiju. Va\u017eno je da dopustite cirkulaciju zraka oko va\u0161eg me\u0111uno\u017eja i vulve. Intimna regija bi trebala disati kako bi se izbjeglo zadr\u017eavanje topline i vlage va\u0161oj rodnici. Gljivice i bakterije bujaju u toplim, vla\u017enim uvjetima, ne dajte im priliku! Nosite prirodne materijale, i ako ste nosili uske traperice cijeli dan, samo ih skinite \u010dim do\u0111ete ku\u0107i, i navucite neku opu\u0161teniju odje\u0107u umjesto njih. Nemojte nositi uske traperice svaki dan.<\/p>\n\n\n\n<h2 class=\"is-style-heading-h2 wp-block-heading\">Po\u0161tujte prirodnu ravnote\u017eu bakterija<\/h2>\n\n\n\n<p>Delikatna ravnote\u017ea flore va\u0161e rodnice je va\u017ena za dobro zdravlje rodnice. Prirodna pH vrijednost va\u0161e rodnice je blago kisela \u0161to poma\u017ee zaustaviti razmno\u017eavanje \u0161tetnih bakterija. Kada se ravnote\u017ea flore rodnice naru\u0161i, \u0161tetne bakterije koje su prisutne u rodnici rastu i izazivaju razli\u010dite tegobe rodnice, kao \u0161to su svrbe\u017e, lo\u0161 miris, i pove\u0107an iscjedak. Ovo mo\u017ee dovesti do pojave Candide ili bakterijske vaginoze. No\u0161enje rublja od umjetnih materijala i uskih traperica smanjuje cirkulaciju zraka, i mo\u017ee izazvati trenje i toplinu oko vulve. Ovakvo okru\u017eenje mo\u017ee pomo\u0107i \u0161tetnim bakterijama u razmno\u017eavanju. Iako uske traperice i rublje ne moraju direktno izazvati tegobe rodnice mogu doprinijeti postoje\u0107em problemu i stvoriti razne bolne tegobe ukoliko se ne povede ra\u010duna. Budite pa\u017eljivi i obazrivi prema zdravlju va\u0161e rodnice, birajte prirodno, pamu\u010dno rublje, dozvolite cirkulaciju zraka, i koristite blage kupke bez mnogo kemije.<\/p>\n\n\n\n<p>No\u0161enje uskih traperica ponekad ne\u0107e izazvati neku \u0161tetu. \u010cak i uske traperice od pamuka su bolje od bilo kojih sintetskih traperica. Nosite pamu\u010dno rublje, i nemojte nositi uske traperice od sintetike ili nekog drugog materijala svaki dan. Ukoliko primijetite tegobe rodnice nakon no\u0161enja sintetskih traperica, <a href=\"https:\/\/multi-gyn.com\/hr\/proizvod\/multi-gyn-actigel\/\">Multi-Gyn ActiGel<\/a> vam mo\u017ee donijeti trenuta\u010dno olak\u0161anje i pomo\u0107i vam da povratite delikatnu ravnote\u017eu flore va\u0161e rodnice.<\/p>\n<\/div><\/div>\n","protected":false},"excerpt":{"rendered":"","protected":false},"author":2,"featured_media":0,"parent":121,"menu_order":11,"comment_status":"closed","ping_status":"closed","template":"","meta":{"_acf_changed":false,"footnotes":""},"from-article-database":[],"class_list":["post-209","page","type-page","status-publish","hentry"],"acf":[],"yoast_head":"<!-- This site is optimized with the Yoast SEO plugin v26.6 - https:\/\/yoast.com\/wordpress\/plugins\/seo\/ -->\n<title>Da li uske traperice uzrokuju infekcije rodnice? - Multi-Gyn<\/title>\n<meta name=\"description\" content=\"One su omiljeni modni komad mnogih \u017eena I popularne kod \u017eena svih godina. Savr\u0161eno pristaju i izgledaju dobro \u2013 pa za\u0161to ne bi smjele nositi uske traperice svaki dan?\" \/>\n<meta name=\"robots\" content=\"index, follow, max-snippet:-1, max-image-preview:large, max-video-preview:-1\" \/>\n<link rel=\"canonical\" href=\"https:\/\/multi-gyn.com\/hr\/zdravlje-rodnice\/tegobe\/da-li-uske-traperice-uzrokuju-infekcije-rodnice\/\" \/>\n<meta property=\"og:locale\" content=\"hr_HR\" \/>\n<meta property=\"og:type\" content=\"article\" \/>\n<meta property=\"og:title\" content=\"Da li uske traperice uzrokuju infekcije rodnice? - Multi-Gyn\" \/>\n<meta property=\"og:description\" content=\"One su omiljeni modni komad mnogih \u017eena I popularne kod \u017eena svih godina. Savr\u0161eno pristaju i izgledaju dobro \u2013 pa za\u0161to ne bi smjele nositi uske traperice svaki dan?\" \/>\n<meta property=\"og:url\" content=\"https:\/\/multi-gyn.com\/hr\/zdravlje-rodnice\/tegobe\/da-li-uske-traperice-uzrokuju-infekcije-rodnice\/\" \/>\n<meta property=\"og:site_name\" content=\"Multi-Gyn\" \/>\n<meta property=\"article:modified_time\" content=\"2023-08-04T11:49:04+00:00\" \/>\n<meta name=\"twitter:card\" content=\"summary_large_image\" \/>\n<meta name=\"twitter:label1\" content=\"Est. reading time\" \/>\n\t<meta name=\"twitter:data1\" content=\"3 minutes\" \/>\n<script type=\"application\/ld+json\" class=\"yoast-schema-graph\">{\"@context\":\"https:\/\/schema.org\",\"@graph\":[{\"@type\":\"WebPage\",\"@id\":\"https:\/\/multi-gyn.com\/hr\/zdravlje-rodnice\/tegobe\/da-li-uske-traperice-uzrokuju-infekcije-rodnice\/\",\"url\":\"https:\/\/multi-gyn.com\/hr\/zdravlje-rodnice\/tegobe\/da-li-uske-traperice-uzrokuju-infekcije-rodnice\/\",\"name\":\"Da li uske traperice uzrokuju infekcije rodnice? - Multi-Gyn\",\"isPartOf\":{\"@id\":\"https:\/\/multi-gyn.com\/hr\/#website\"},\"datePublished\":\"2023-02-17T12:26:40+00:00\",\"dateModified\":\"2023-08-04T11:49:04+00:00\",\"description\":\"One su omiljeni modni komad mnogih \u017eena I popularne kod \u017eena svih godina. Savr\u0161eno pristaju i izgledaju dobro \u2013 pa za\u0161to ne bi smjele nositi uske traperice svaki dan?\",\"breadcrumb\":{\"@id\":\"https:\/\/multi-gyn.com\/hr\/zdravlje-rodnice\/tegobe\/da-li-uske-traperice-uzrokuju-infekcije-rodnice\/#breadcrumb\"},\"inLanguage\":\"hr-HR\",\"potentialAction\":[{\"@type\":\"ReadAction\",\"target\":[\"https:\/\/multi-gyn.com\/hr\/zdravlje-rodnice\/tegobe\/da-li-uske-traperice-uzrokuju-infekcije-rodnice\/\"]}]},{\"@type\":\"BreadcrumbList\",\"@id\":\"https:\/\/multi-gyn.com\/hr\/zdravlje-rodnice\/tegobe\/da-li-uske-traperice-uzrokuju-infekcije-rodnice\/#breadcrumb\",\"itemListElement\":[{\"@type\":\"ListItem\",\"position\":1,\"name\":\"Home\",\"item\":\"https:\/\/multi-gyn.com\/hr\/\"},{\"@type\":\"ListItem\",\"position\":2,\"name\":\"Zdravlje rodnice\",\"item\":\"https:\/\/multi-gyn.com\/hr\/zdravlje-rodnice\/\"},{\"@type\":\"ListItem\",\"position\":3,\"name\":\"Tegobe\",\"item\":\"https:\/\/multi-gyn.com\/hr\/zdravlje-rodnice\/tegobe\/\"},{\"@type\":\"ListItem\",\"position\":4,\"name\":\"Da li uske traperice uzrokuju infekcije rodnice?\"}]},{\"@type\":\"WebSite\",\"@id\":\"https:\/\/multi-gyn.com\/hr\/#website\",\"url\":\"https:\/\/multi-gyn.com\/hr\/\",\"name\":\"Multi-Gyn\",\"description\":\"\",\"publisher\":{\"@id\":\"https:\/\/multi-gyn.com\/hr\/#organization\"},\"potentialAction\":[{\"@type\":\"SearchAction\",\"target\":{\"@type\":\"EntryPoint\",\"urlTemplate\":\"https:\/\/multi-gyn.com\/hr\/?s={search_term_string}\"},\"query-input\":{\"@type\":\"PropertyValueSpecification\",\"valueRequired\":true,\"valueName\":\"search_term_string\"}}],\"inLanguage\":\"hr-HR\"},{\"@type\":\"Organization\",\"@id\":\"https:\/\/multi-gyn.com\/hr\/#organization\",\"name\":\"Multi-Gyn\",\"url\":\"https:\/\/multi-gyn.com\/hr\/\",\"logo\":{\"@type\":\"ImageObject\",\"inLanguage\":\"hr-HR\",\"@id\":\"https:\/\/multi-gyn.com\/hr\/#\/schema\/logo\/image\/\",\"url\":\"https:\/\/multi-gyn.com\/app\/uploads\/sites\/43\/2023\/02\/multi-gyn-logo.png\",\"contentUrl\":\"https:\/\/multi-gyn.com\/app\/uploads\/sites\/43\/2023\/02\/multi-gyn-logo.png\",\"width\":149,\"height\":32,\"caption\":\"Multi-Gyn\"},\"image\":{\"@id\":\"https:\/\/multi-gyn.com\/hr\/#\/schema\/logo\/image\/\"}}]}<\/script>\n<!-- \/ Yoast SEO plugin. -->","yoast_head_json":{"title":"Da li uske traperice uzrokuju infekcije rodnice? - Multi-Gyn","description":"One su omiljeni modni komad mnogih \u017eena I popularne kod \u017eena svih godina. Savr\u0161eno pristaju i izgledaju dobro \u2013 pa za\u0161to ne bi smjele nositi uske traperice svaki dan?","robots":{"index":"index","follow":"follow","max-snippet":"max-snippet:-1","max-image-preview":"max-image-preview:large","max-video-preview":"max-video-preview:-1"},"canonical":"https:\/\/multi-gyn.com\/hr\/zdravlje-rodnice\/tegobe\/da-li-uske-traperice-uzrokuju-infekcije-rodnice\/","og_locale":"hr_HR","og_type":"article","og_title":"Da li uske traperice uzrokuju infekcije rodnice? - Multi-Gyn","og_description":"One su omiljeni modni komad mnogih \u017eena I popularne kod \u017eena svih godina. Savr\u0161eno pristaju i izgledaju dobro \u2013 pa za\u0161to ne bi smjele nositi uske traperice svaki dan?","og_url":"https:\/\/multi-gyn.com\/hr\/zdravlje-rodnice\/tegobe\/da-li-uske-traperice-uzrokuju-infekcije-rodnice\/","og_site_name":"Multi-Gyn","article_modified_time":"2023-08-04T11:49:04+00:00","twitter_card":"summary_large_image","twitter_misc":{"Est. reading time":"3 minutes"},"schema":{"@context":"https:\/\/schema.org","@graph":[{"@type":"WebPage","@id":"https:\/\/multi-gyn.com\/hr\/zdravlje-rodnice\/tegobe\/da-li-uske-traperice-uzrokuju-infekcije-rodnice\/","url":"https:\/\/multi-gyn.com\/hr\/zdravlje-rodnice\/tegobe\/da-li-uske-traperice-uzrokuju-infekcije-rodnice\/","name":"Da li uske traperice uzrokuju infekcije rodnice? - Multi-Gyn","isPartOf":{"@id":"https:\/\/multi-gyn.com\/hr\/#website"},"datePublished":"2023-02-17T12:26:40+00:00","dateModified":"2023-08-04T11:49:04+00:00","description":"One su omiljeni modni komad mnogih \u017eena I popularne kod \u017eena svih godina. Savr\u0161eno pristaju i izgledaju dobro \u2013 pa za\u0161to ne bi smjele nositi uske traperice svaki dan?","breadcrumb":{"@id":"https:\/\/multi-gyn.com\/hr\/zdravlje-rodnice\/tegobe\/da-li-uske-traperice-uzrokuju-infekcije-rodnice\/#breadcrumb"},"inLanguage":"hr-HR","potentialAction":[{"@type":"ReadAction","target":["https:\/\/multi-gyn.com\/hr\/zdravlje-rodnice\/tegobe\/da-li-uske-traperice-uzrokuju-infekcije-rodnice\/"]}]},{"@type":"BreadcrumbList","@id":"https:\/\/multi-gyn.com\/hr\/zdravlje-rodnice\/tegobe\/da-li-uske-traperice-uzrokuju-infekcije-rodnice\/#breadcrumb","itemListElement":[{"@type":"ListItem","position":1,"name":"Home","item":"https:\/\/multi-gyn.com\/hr\/"},{"@type":"ListItem","position":2,"name":"Zdravlje rodnice","item":"https:\/\/multi-gyn.com\/hr\/zdravlje-rodnice\/"},{"@type":"ListItem","position":3,"name":"Tegobe","item":"https:\/\/multi-gyn.com\/hr\/zdravlje-rodnice\/tegobe\/"},{"@type":"ListItem","position":4,"name":"Da li uske traperice uzrokuju infekcije rodnice?"}]},{"@type":"WebSite","@id":"https:\/\/multi-gyn.com\/hr\/#website","url":"https:\/\/multi-gyn.com\/hr\/","name":"Multi-Gyn","description":"","publisher":{"@id":"https:\/\/multi-gyn.com\/hr\/#organization"},"potentialAction":[{"@type":"SearchAction","target":{"@type":"EntryPoint","urlTemplate":"https:\/\/multi-gyn.com\/hr\/?s={search_term_string}"},"query-input":{"@type":"PropertyValueSpecification","valueRequired":true,"valueName":"search_term_string"}}],"inLanguage":"hr-HR"},{"@type":"Organization","@id":"https:\/\/multi-gyn.com\/hr\/#organization","name":"Multi-Gyn","url":"https:\/\/multi-gyn.com\/hr\/","logo":{"@type":"ImageObject","inLanguage":"hr-HR","@id":"https:\/\/multi-gyn.com\/hr\/#\/schema\/logo\/image\/","url":"https:\/\/multi-gyn.com\/app\/uploads\/sites\/43\/2023\/02\/multi-gyn-logo.png","contentUrl":"https:\/\/multi-gyn.com\/app\/uploads\/sites\/43\/2023\/02\/multi-gyn-logo.png","width":149,"height":32,"caption":"Multi-Gyn"},"image":{"@id":"https:\/\/multi-gyn.com\/hr\/#\/schema\/logo\/image\/"}}]}},"_links":{"self":[{"href":"https:\/\/multi-gyn.com\/hr\/wp-json\/wp\/v2\/pages\/209","targetHints":{"allow":["GET"]}}],"collection":[{"href":"https:\/\/multi-gyn.com\/hr\/wp-json\/wp\/v2\/pages"}],"about":[{"href":"https:\/\/multi-gyn.com\/hr\/wp-json\/wp\/v2\/types\/page"}],"author":[{"embeddable":true,"href":"https:\/\/multi-gyn.com\/hr\/wp-json\/wp\/v2\/users\/2"}],"replies":[{"embeddable":true,"href":"https:\/\/multi-gyn.com\/hr\/wp-json\/wp\/v2\/comments?post=209"}],"version-history":[{"count":2,"href":"https:\/\/multi-gyn.com\/hr\/wp-json\/wp\/v2\/pages\/209\/revisions"}],"predecessor-version":[{"id":479,"href":"https:\/\/multi-gyn.com\/hr\/wp-json\/wp\/v2\/pages\/209\/revisions\/479"}],"up":[{"embeddable":true,"href":"https:\/\/multi-gyn.com\/hr\/wp-json\/wp\/v2\/pages\/121"}],"wp:attachment":[{"href":"https:\/\/multi-gyn.com\/hr\/wp-json\/wp\/v2\/media?parent=209"}],"wp:term":[{"taxonomy":"from-article-database","embeddable":true,"href":"https:\/\/multi-gyn.com\/hr\/wp-json\/wp\/v2\/from-article-database?post=209"}],"curies":[{"name":"wp","href":"https:\/\/api.w.org\/{rel}","templated":true}]}}