{"id":211,"date":"2023-02-17T13:26:54","date_gmt":"2023-02-17T12:26:54","guid":{"rendered":"https:\/\/multi-gyn.com\/hr\/?page_id=211"},"modified":"2023-08-04T13:49:02","modified_gmt":"2023-08-04T11:49:02","slug":"kako-ublaziti-vaginalni-svrbez","status":"publish","type":"page","link":"https:\/\/multi-gyn.com\/hr\/zdravlje-rodnice\/tegobe\/kako-ublaziti-vaginalni-svrbez\/","title":{"rendered":"Kako ubla\u017eiti vaginalni svrbe\u017e?"},"content":{"rendered":"\n<div class=\"wp-block-karopharma-free-text pt-large pb-large bg-center bg-cover bg-no-repeat  is-style-primary\" style=\"background-image:url()\"><div class=\"free-text-wrapper container max-w-medium text-left\">\n<h1 class=\"wp-block-heading\">Kako ubla\u017eiti vaginalni svrbe\u017e?<\/h1>\n\n\n\n<p class=\"is-style-paragraph-preamble\">Vaginalna iritacija obi\u010dno se manifestira svrbe\u017eom, peckanjem, osje\u0107ajem \u017earenja ko\u017ee oko vaginalnog podru\u010dja. Nelagodnost izazvana svrbe\u017eom mo\u017ee se okarakterizirati od blage do te\u0161ke, \u0161to mo\u017ee biti vrlo neugodno. Doznajte vi\u0161e o vaginalnom svrbe\u017eu i kako ubla\u017eiti nelagodu.<\/p>\n<\/div><\/div>\n\n\n\n<div class=\"wp-block-karopharma-free-text pt-large pb-large bg-center bg-cover bg-no-repeat\" style=\"background-image:url()\"><div class=\"free-text-wrapper container max-w-medium text-left\">\n<h2 class=\"is-style-heading-h2 wp-block-heading\">\u0160to izaziva vaginalni svrbe\u017e?<\/h2>\n\n\n\n<p>Postoji nekoliko uzroka vagnalne svrbe\u017ei, uklju\u010duju\u0107i:<\/p>\n\n\n\n<ul class=\"is-style-default wp-block-list\"><li>gljivi\u010dnu infekciju<\/li><li>hormonalne promjene tijekom trudno\u0107e, dojenja ili menopauze<\/li><li>kontrolu ra\u0111anja<\/li><li>bakterijsku vaginozu<\/li><li>kemijske iritanse koji se \u010desto mogu na\u0107i u kremama, kupkama, deterd\u017eentima za pranje rublja, omek\u0161iva\u010dima, mirisnim jastu\u010di\u0107ima, vaginalnim sprejevima, kondomima i mirisnom toaletnom papiru<\/li><li>prekomjernu higijenu<\/li><li>stres ili anksioznost<\/li><li>iritacije izazvane urinarnom inkontinencijom<\/li><li>sinteti\u010dko donje rublje i tijesnu odje\u0107u<\/li><\/ul>\n\n\n\n<h2 class=\"is-style-heading-h2 wp-block-heading\">Kako mo\u017eete olak\u0161ati i lije\u010diti vaginalni svrbe\u017e?<\/h2>\n\n\n\n<p>Lije\u010denje vaginalnog svrbe\u017ea ovisi o glavnom uzroku i obi\u010dno nestaje \u010dim se uzro\u010dnik otkloni.<\/p>\n\n\n\n<p>Gljivi\u010dna infekcija lako se lije\u010di antimikoticima, iako njihov u\u010dinak ne sprje\u010dava ponovnu vaginalnu gljivi\u010dnu infekciju. Prirodni proizvodi, u odnosu na antimikotike, smatraju se dugoro\u010dnim rje\u0161enjem, zato \u0161to optimiziraju vaginalnu floru, poma\u017eu u borbi protiv vaginalne gljivi\u010dne infekcije i mogu se koristiti kao metoda prevencije koja \u0107e dr\u017eati kandidijazu na odstojanju. Ako ste u menopauzi, obratite se lije\u010dniku i potra\u017eite odgovaraju\u0107u terapiju koja mo\u017ee ubla\u017eiti ove i druge simptome.<\/p>\n\n\n\n<p>Svrbe\u017e uzrokovan iritacijom \u010desto nakon nekog vremena prolazi sam od sebe. Da bi se ubrzao oporavak, primjenjuju se prirodni umiruju\u0107i proizvodi na iritirano podru\u010dje. Ako se iritacija javlja nakon uporabe kozmeti\u010dkih proizvoda, obvezno ga isperite \u0161to je mogu\u0107e prije da bi se umanjio njegov u\u010dinak. Ako sumnjate da iritacija mo\u017ee biti uzrokovana deterd\u017eentom za rublje ili omek\u0161iva\u010dem, zamijenite ih hipoalergenim vrstama.<\/p>\n\n\n\n<p>Dok svrbe\u017e ne prestane, suzdr\u017eite se od \u010de\u0161anja tog podru\u010dja, kako biste ko\u017ei pru\u017eili \u0161ansu da se oporavi. Mo\u017eete primijeniti i hladne obloge na svrbe\u017e, \u0161to \u0107e osigurati privremeno olak\u0161anje i smiriti ko\u017eu.<\/p>\n\n\n\n<p>Ako iritacija ne pro\u0111e nakon nekoliko dana, ako je neugodnost ozbiljna ili se vrati nakon lije\u010denja, obvezno posjetite lije\u010dnika.<\/p>\n\n\n\n<p>U cilju sprje\u010davanja vaginalnog svrbe\u017ea, postoje neke navike koje mo\u017eete usvojiti:<\/p>\n\n\n\n<ul class=\"is-style-default wp-block-list\"><li>Izbjegavajte proizvode koji mogu sadr\u017eavati iritiraju\u0107e alergene i jake kemikalije<\/li><li>Koristite vodu ili blago, prirodno sredstvo za intimno pranje jednom dnevno. Ako osjetite potrebu da se \u010de\u0161\u0107e operete, koristite obi\u010dnu vodu. Potpuno posu\u0161ite intimno podru\u010dje mekim, \u010distim ru\u010dnikom.<\/li><li>Nakon upotrebe toaleta, uvijek se obi\u0161ite sprijeda prema natrag.<\/li><li>Nosite pamu\u010dno donje rublje umjesto sinteti\u010dkih tkanina.<\/li><li>Koristite lubrikant ili vaginalnu kremu za ubla\u017eavanje vaginalne suho\u0107e.<\/li><\/ul>\n\n\n\n<p class=\"is-style-paragraph-preamble\"><em><mark style=\"background-color:rgba(0, 0, 0, 0)\" class=\"has-inline-color has-primary-color\">&#8220;Va\u017eno je zapamtiti da je na\u0161a intimna regija jedinstvena &#8211; spolni organi mogu \u017eene razlikovati po obliku, veli\u010dini, boji, teksturi i cjelokupnom izgleda&#8221;<\/mark><\/em><\/p>\n<\/div><\/div>\n","protected":false},"excerpt":{"rendered":"","protected":false},"author":2,"featured_media":0,"parent":121,"menu_order":12,"comment_status":"closed","ping_status":"closed","template":"","meta":{"_acf_changed":false,"footnotes":""},"from-article-database":[],"class_list":["post-211","page","type-page","status-publish","hentry"],"acf":[],"yoast_head":"<!-- This site is optimized with the Yoast SEO plugin v26.6 - https:\/\/yoast.com\/wordpress\/plugins\/seo\/ -->\n<title>Kako ubla\u017eiti vaginalni svrbe\u017e? - Multi-Gyn<\/title>\n<meta name=\"description\" content=\"Vaginalna iritacija obi\u010dno se manifestira svrbe\u017eom, peckanjem, osje\u0107ajem \u017earenja ko\u017ee oko vaginalnog podru\u010dja. Nelagodnost izazvana svrbe\u017eom mo\u017ee se okarakterizirati od blage do te\u0161ke, \u0161to mo\u017ee biti vrlo neugodno.\" \/>\n<meta name=\"robots\" content=\"index, follow, max-snippet:-1, max-image-preview:large, max-video-preview:-1\" \/>\n<link rel=\"canonical\" href=\"https:\/\/multi-gyn.com\/hr\/zdravlje-rodnice\/tegobe\/kako-ublaziti-vaginalni-svrbez\/\" \/>\n<meta property=\"og:locale\" content=\"hr_HR\" \/>\n<meta property=\"og:type\" content=\"article\" \/>\n<meta property=\"og:title\" content=\"Kako ubla\u017eiti vaginalni svrbe\u017e? - Multi-Gyn\" \/>\n<meta property=\"og:description\" content=\"Vaginalna iritacija obi\u010dno se manifestira svrbe\u017eom, peckanjem, osje\u0107ajem \u017earenja ko\u017ee oko vaginalnog podru\u010dja. Nelagodnost izazvana svrbe\u017eom mo\u017ee se okarakterizirati od blage do te\u0161ke, \u0161to mo\u017ee biti vrlo neugodno.\" \/>\n<meta property=\"og:url\" content=\"https:\/\/multi-gyn.com\/hr\/zdravlje-rodnice\/tegobe\/kako-ublaziti-vaginalni-svrbez\/\" \/>\n<meta property=\"og:site_name\" content=\"Multi-Gyn\" \/>\n<meta property=\"article:modified_time\" content=\"2023-08-04T11:49:02+00:00\" \/>\n<meta name=\"twitter:card\" content=\"summary_large_image\" \/>\n<meta name=\"twitter:label1\" content=\"Est. reading time\" \/>\n\t<meta name=\"twitter:data1\" content=\"3 minutes\" \/>\n<script type=\"application\/ld+json\" class=\"yoast-schema-graph\">{\"@context\":\"https:\/\/schema.org\",\"@graph\":[{\"@type\":\"WebPage\",\"@id\":\"https:\/\/multi-gyn.com\/hr\/zdravlje-rodnice\/tegobe\/kako-ublaziti-vaginalni-svrbez\/\",\"url\":\"https:\/\/multi-gyn.com\/hr\/zdravlje-rodnice\/tegobe\/kako-ublaziti-vaginalni-svrbez\/\",\"name\":\"Kako ubla\u017eiti vaginalni svrbe\u017e? - Multi-Gyn\",\"isPartOf\":{\"@id\":\"https:\/\/multi-gyn.com\/hr\/#website\"},\"datePublished\":\"2023-02-17T12:26:54+00:00\",\"dateModified\":\"2023-08-04T11:49:02+00:00\",\"description\":\"Vaginalna iritacija obi\u010dno se manifestira svrbe\u017eom, peckanjem, osje\u0107ajem \u017earenja ko\u017ee oko vaginalnog podru\u010dja. Nelagodnost izazvana svrbe\u017eom mo\u017ee se okarakterizirati od blage do te\u0161ke, \u0161to mo\u017ee biti vrlo neugodno.\",\"breadcrumb\":{\"@id\":\"https:\/\/multi-gyn.com\/hr\/zdravlje-rodnice\/tegobe\/kako-ublaziti-vaginalni-svrbez\/#breadcrumb\"},\"inLanguage\":\"hr-HR\",\"potentialAction\":[{\"@type\":\"ReadAction\",\"target\":[\"https:\/\/multi-gyn.com\/hr\/zdravlje-rodnice\/tegobe\/kako-ublaziti-vaginalni-svrbez\/\"]}]},{\"@type\":\"BreadcrumbList\",\"@id\":\"https:\/\/multi-gyn.com\/hr\/zdravlje-rodnice\/tegobe\/kako-ublaziti-vaginalni-svrbez\/#breadcrumb\",\"itemListElement\":[{\"@type\":\"ListItem\",\"position\":1,\"name\":\"Home\",\"item\":\"https:\/\/multi-gyn.com\/hr\/\"},{\"@type\":\"ListItem\",\"position\":2,\"name\":\"Zdravlje rodnice\",\"item\":\"https:\/\/multi-gyn.com\/hr\/zdravlje-rodnice\/\"},{\"@type\":\"ListItem\",\"position\":3,\"name\":\"Tegobe\",\"item\":\"https:\/\/multi-gyn.com\/hr\/zdravlje-rodnice\/tegobe\/\"},{\"@type\":\"ListItem\",\"position\":4,\"name\":\"Kako ubla\u017eiti vaginalni svrbe\u017e?\"}]},{\"@type\":\"WebSite\",\"@id\":\"https:\/\/multi-gyn.com\/hr\/#website\",\"url\":\"https:\/\/multi-gyn.com\/hr\/\",\"name\":\"Multi-Gyn\",\"description\":\"\",\"publisher\":{\"@id\":\"https:\/\/multi-gyn.com\/hr\/#organization\"},\"potentialAction\":[{\"@type\":\"SearchAction\",\"target\":{\"@type\":\"EntryPoint\",\"urlTemplate\":\"https:\/\/multi-gyn.com\/hr\/?s={search_term_string}\"},\"query-input\":{\"@type\":\"PropertyValueSpecification\",\"valueRequired\":true,\"valueName\":\"search_term_string\"}}],\"inLanguage\":\"hr-HR\"},{\"@type\":\"Organization\",\"@id\":\"https:\/\/multi-gyn.com\/hr\/#organization\",\"name\":\"Multi-Gyn\",\"url\":\"https:\/\/multi-gyn.com\/hr\/\",\"logo\":{\"@type\":\"ImageObject\",\"inLanguage\":\"hr-HR\",\"@id\":\"https:\/\/multi-gyn.com\/hr\/#\/schema\/logo\/image\/\",\"url\":\"https:\/\/multi-gyn.com\/app\/uploads\/sites\/43\/2023\/02\/multi-gyn-logo.png\",\"contentUrl\":\"https:\/\/multi-gyn.com\/app\/uploads\/sites\/43\/2023\/02\/multi-gyn-logo.png\",\"width\":149,\"height\":32,\"caption\":\"Multi-Gyn\"},\"image\":{\"@id\":\"https:\/\/multi-gyn.com\/hr\/#\/schema\/logo\/image\/\"}}]}<\/script>\n<!-- \/ Yoast SEO plugin. -->","yoast_head_json":{"title":"Kako ubla\u017eiti vaginalni svrbe\u017e? - Multi-Gyn","description":"Vaginalna iritacija obi\u010dno se manifestira svrbe\u017eom, peckanjem, osje\u0107ajem \u017earenja ko\u017ee oko vaginalnog podru\u010dja. Nelagodnost izazvana svrbe\u017eom mo\u017ee se okarakterizirati od blage do te\u0161ke, \u0161to mo\u017ee biti vrlo neugodno.","robots":{"index":"index","follow":"follow","max-snippet":"max-snippet:-1","max-image-preview":"max-image-preview:large","max-video-preview":"max-video-preview:-1"},"canonical":"https:\/\/multi-gyn.com\/hr\/zdravlje-rodnice\/tegobe\/kako-ublaziti-vaginalni-svrbez\/","og_locale":"hr_HR","og_type":"article","og_title":"Kako ubla\u017eiti vaginalni svrbe\u017e? - Multi-Gyn","og_description":"Vaginalna iritacija obi\u010dno se manifestira svrbe\u017eom, peckanjem, osje\u0107ajem \u017earenja ko\u017ee oko vaginalnog podru\u010dja. Nelagodnost izazvana svrbe\u017eom mo\u017ee se okarakterizirati od blage do te\u0161ke, \u0161to mo\u017ee biti vrlo neugodno.","og_url":"https:\/\/multi-gyn.com\/hr\/zdravlje-rodnice\/tegobe\/kako-ublaziti-vaginalni-svrbez\/","og_site_name":"Multi-Gyn","article_modified_time":"2023-08-04T11:49:02+00:00","twitter_card":"summary_large_image","twitter_misc":{"Est. reading time":"3 minutes"},"schema":{"@context":"https:\/\/schema.org","@graph":[{"@type":"WebPage","@id":"https:\/\/multi-gyn.com\/hr\/zdravlje-rodnice\/tegobe\/kako-ublaziti-vaginalni-svrbez\/","url":"https:\/\/multi-gyn.com\/hr\/zdravlje-rodnice\/tegobe\/kako-ublaziti-vaginalni-svrbez\/","name":"Kako ubla\u017eiti vaginalni svrbe\u017e? - Multi-Gyn","isPartOf":{"@id":"https:\/\/multi-gyn.com\/hr\/#website"},"datePublished":"2023-02-17T12:26:54+00:00","dateModified":"2023-08-04T11:49:02+00:00","description":"Vaginalna iritacija obi\u010dno se manifestira svrbe\u017eom, peckanjem, osje\u0107ajem \u017earenja ko\u017ee oko vaginalnog podru\u010dja. Nelagodnost izazvana svrbe\u017eom mo\u017ee se okarakterizirati od blage do te\u0161ke, \u0161to mo\u017ee biti vrlo neugodno.","breadcrumb":{"@id":"https:\/\/multi-gyn.com\/hr\/zdravlje-rodnice\/tegobe\/kako-ublaziti-vaginalni-svrbez\/#breadcrumb"},"inLanguage":"hr-HR","potentialAction":[{"@type":"ReadAction","target":["https:\/\/multi-gyn.com\/hr\/zdravlje-rodnice\/tegobe\/kako-ublaziti-vaginalni-svrbez\/"]}]},{"@type":"BreadcrumbList","@id":"https:\/\/multi-gyn.com\/hr\/zdravlje-rodnice\/tegobe\/kako-ublaziti-vaginalni-svrbez\/#breadcrumb","itemListElement":[{"@type":"ListItem","position":1,"name":"Home","item":"https:\/\/multi-gyn.com\/hr\/"},{"@type":"ListItem","position":2,"name":"Zdravlje rodnice","item":"https:\/\/multi-gyn.com\/hr\/zdravlje-rodnice\/"},{"@type":"ListItem","position":3,"name":"Tegobe","item":"https:\/\/multi-gyn.com\/hr\/zdravlje-rodnice\/tegobe\/"},{"@type":"ListItem","position":4,"name":"Kako ubla\u017eiti vaginalni svrbe\u017e?"}]},{"@type":"WebSite","@id":"https:\/\/multi-gyn.com\/hr\/#website","url":"https:\/\/multi-gyn.com\/hr\/","name":"Multi-Gyn","description":"","publisher":{"@id":"https:\/\/multi-gyn.com\/hr\/#organization"},"potentialAction":[{"@type":"SearchAction","target":{"@type":"EntryPoint","urlTemplate":"https:\/\/multi-gyn.com\/hr\/?s={search_term_string}"},"query-input":{"@type":"PropertyValueSpecification","valueRequired":true,"valueName":"search_term_string"}}],"inLanguage":"hr-HR"},{"@type":"Organization","@id":"https:\/\/multi-gyn.com\/hr\/#organization","name":"Multi-Gyn","url":"https:\/\/multi-gyn.com\/hr\/","logo":{"@type":"ImageObject","inLanguage":"hr-HR","@id":"https:\/\/multi-gyn.com\/hr\/#\/schema\/logo\/image\/","url":"https:\/\/multi-gyn.com\/app\/uploads\/sites\/43\/2023\/02\/multi-gyn-logo.png","contentUrl":"https:\/\/multi-gyn.com\/app\/uploads\/sites\/43\/2023\/02\/multi-gyn-logo.png","width":149,"height":32,"caption":"Multi-Gyn"},"image":{"@id":"https:\/\/multi-gyn.com\/hr\/#\/schema\/logo\/image\/"}}]}},"_links":{"self":[{"href":"https:\/\/multi-gyn.com\/hr\/wp-json\/wp\/v2\/pages\/211","targetHints":{"allow":["GET"]}}],"collection":[{"href":"https:\/\/multi-gyn.com\/hr\/wp-json\/wp\/v2\/pages"}],"about":[{"href":"https:\/\/multi-gyn.com\/hr\/wp-json\/wp\/v2\/types\/page"}],"author":[{"embeddable":true,"href":"https:\/\/multi-gyn.com\/hr\/wp-json\/wp\/v2\/users\/2"}],"replies":[{"embeddable":true,"href":"https:\/\/multi-gyn.com\/hr\/wp-json\/wp\/v2\/comments?post=211"}],"version-history":[{"count":2,"href":"https:\/\/multi-gyn.com\/hr\/wp-json\/wp\/v2\/pages\/211\/revisions"}],"predecessor-version":[{"id":481,"href":"https:\/\/multi-gyn.com\/hr\/wp-json\/wp\/v2\/pages\/211\/revisions\/481"}],"up":[{"embeddable":true,"href":"https:\/\/multi-gyn.com\/hr\/wp-json\/wp\/v2\/pages\/121"}],"wp:attachment":[{"href":"https:\/\/multi-gyn.com\/hr\/wp-json\/wp\/v2\/media?parent=211"}],"wp:term":[{"taxonomy":"from-article-database","embeddable":true,"href":"https:\/\/multi-gyn.com\/hr\/wp-json\/wp\/v2\/from-article-database?post=211"}],"curies":[{"name":"wp","href":"https:\/\/api.w.org\/{rel}","templated":true}]}}