{"id":213,"date":"2023-02-17T13:27:07","date_gmt":"2023-02-17T12:27:07","guid":{"rendered":"https:\/\/multi-gyn.com\/hr\/?page_id=213"},"modified":"2023-08-04T13:49:00","modified_gmt":"2023-08-04T11:49:00","slug":"5-najcescih-vaginalnih-tegoba","status":"publish","type":"page","link":"https:\/\/multi-gyn.com\/hr\/zdravlje-rodnice\/tegobe\/5-najcescih-vaginalnih-tegoba\/","title":{"rendered":"5 naj\u010de\u0161\u0107ih vaginalnih tegoba"},"content":{"rendered":"\n<div class=\"wp-block-karopharma-free-text pt-large pb-large bg-center bg-cover bg-no-repeat  is-style-primary\" style=\"background-image:url()\"><div class=\"free-text-wrapper container max-w-medium text-left\">\n<h1 class=\"wp-block-heading\">5 naj\u010de\u0161\u0107ih vaginalnih tegoba<\/h1>\n\n\n\n<p class=\"is-style-paragraph-preamble\">Svaka \u017eena iskusit \u0107e neku vaginalnu nelagodu u nekom trenutku svog \u017eivota. Tegobe se kre\u0107u od blagih koje samo stvaraju nervozu, do onih koje mogu imati ozbiljne posljedice na kvalitetu \u017eivota ili seksualni \u017eivot. Pet naj\u010de\u0161\u0107ih vaginalnih tegoba su svrbe\u017e, peckanje, suho\u0107a rodnice, iscjedak, katkad u kombinaciji s neugodnim mirisom, te iritacija ili bol tijekom ili nakon seksualnog odnosa. Uzrok simptoma nije uvijek dobro definiran ili jednostavno dijagnosticiran. Stoga je va\u017eno konzultirati se s lije\u010dnikom ili ginekologom ako imate jednu ili vi\u0161e tegoba.<\/p>\n<\/div><\/div>\n\n\n\n<div class=\"wp-block-karopharma-free-text pt-large pb-large bg-center bg-cover bg-no-repeat\" style=\"background-image:url()\"><div class=\"free-text-wrapper container max-w-medium text-left\">\n<h2 class=\"is-style-heading-h2 wp-block-heading\">Vaginalni svrbe\u017e<\/h2>\n\n\n\n<p>Vaginalni svrbe\u017e mo\u017ee biti uzrokovan infekcijama, poput gljivi\u010dne, bakterijske vaginoze ili spolno prenosive bolesti. Uz to, mo\u017ee biti uzrokovan alergijskom reakcijom ili iritacijom na neke tvari, kao \u0161to su parfem, sapun i omek\u0161iva\u010d. Ostali uzroci uklju\u010duju no\u0161enje sinteti\u010dkoga donjeg rublja, brijanje ili depilaciju, trenje zbog fizi\u010dke vje\u017ebe ili suho\u0107e rodnice. Dok infekcije u ve\u0107ini slu\u010dajeva mogu biti prepoznate zbog prisutnosti specifi\u010dnog iscjetka, neinfektivni uzroci svrbe\u017ea ne pokazuju neobi\u010dan iscjedak, ali je tkivo vulve i vagine \u010desto nate\u010deno i crveno. U cilju otkrivanja uzroka neugodnosti, poku\u0161ajte ukloniti sve potencijalne alergene iz Va\u0161e intimne regije: ne koristite sapun niti parfeme, izbjegavajte mirisne higijenske ulo\u0161ke ili toaletni papir, prestanite koristiti \u010dipkasto donje rublje, prestanite se brijati i depilirati neko vrijeme, nosite samo hla\u010de napravljene od prirodnih materijala koje &#8220;di\u0161u&#8221;. Ako se problem nastavi, obratite se lije\u010dniku.<\/p>\n\n\n\n<h2 class=\"is-style-heading-h2 wp-block-heading\">Vaginalno peckanje<\/h2>\n\n\n\n<p>Osje\u0107aj peckanja u vaginalnom podru\u010dju obi\u010dno je izazvano iritacijom ko\u017ee, \u0161to je posljedica svrbe\u017ea i grebanja, ili infekcijom rodnice ili uretre. Taj osje\u0107aj mo\u017ee nastati iznenada ili se postupno razvija tijekom nekoliko tjedana. Va\u017eno je obratiti se lije\u010dniku, koji \u0107e uzeti Va\u0161u medicinsku povijest i obaviti vaginalni pregled, kako bi mogao propisati odgovaraju\u0107u terapiju. U slu\u010daju infektivnog uzroka, lije\u010denje \u0107e naj\u010de\u0161\u0107e obuhva\u0107ati antibiotike i antimikotike. U\u010dinak terapije mo\u017eda \u0107e se osjetiti za nekoliko dana, tako da je dobra ideja kori\u0161tenje proizvoda koji hlade ko\u017eu te ubla\u017eavaju svrbe\u017e i iritaciju. Ti proizvodi, obi\u010dno u vidu sprejeva i gelova, mogu se kupiti u ljekarni.<\/p>\n\n\n\n<h2 class=\"is-style-heading-h2 wp-block-heading\">Vaginalna suho\u0107a<\/h2>\n\n\n\n<p>Suho\u0107a vagine naj\u010de\u0161\u0107e je povezana s menopauzom, iako \u017eene svih dobi mogu patiti od nje. Simptomi su svrbe\u017e, peckanje, bol tijekom odnosa i bol u intimnom podru\u010dju. Iako simptomi mogu podsje\u0107ati na druge vaginalne tegobe, glavna razlika je nedostatak neuobi\u010dajenog iscjetka. Ovisno o uzroku, vaginalna suho\u0107a mo\u017ee se tretirati hormonalnom ili nehormonalnom terapijom, lokalno ili oralno. Nehormonalne vaginalne kreme osiguravaju brzo olak\u0161anje i njihov utjecaj mo\u017ee trajati nekoliko dana. Vaginalni lubrikanti, pak, mogu pru\u017eiti kratkotrajno rje\u0161enje u slu\u010daju bolnog seksa.<\/p>\n\n\n\n<h2 class=\"is-style-heading-h2 wp-block-heading\">Iscjedak ili neugodan miris<\/h2>\n\n\n\n<p>Vaginalni iscjedak je tjelesna teku\u0107ina koja poma\u017ee vagini odr\u017eati bakterijsku floru, osigurava podmazivanje tijekom seksualnog odnosa i pru\u017ea za\u0161titu tkiva u intimnoj regiji. Izgled je promijenjen tijekom menstrualnog ciklusa i u razli\u010ditim fazama \u017eivota. Me\u0111utim, neobi\u010dan iscjedak &#8211; bijel, gust, grudast ili siv, uz karakteristi\u010dan miris po ribi \u2013 znak je vaginalne infekcije (bakterijska vaginoza ili gljivi\u010dna infekcija). Neobi\u010dne promjene iscjetka mogu biti znak i spolno prenosive bolesti ili drugih ozbiljnih medicinskih stanja. Dakle, ako primijetite neobi\u010dne promjene u iscjetku, obratite se svom lije\u010dniku ili ginekologu.<\/p>\n\n\n\n<h2 class=\"is-style-heading-h2 wp-block-heading\">Iritacija i bol tijekom seksualnog odnosa ili nakon njega<\/h2>\n\n\n\n<p>U normalnim okolnostima odnos treba biti bezbolan. Iritacija i bol tijekom ili nakon odnosa mogu biti uzrokovani velikim brojem faktora. Naj\u010de\u0161\u0107i su suho\u0107a vagine, vaginalna infekcija ili alergija, ali u nekim slu\u010dajevima bol mo\u017ee biti povezana s nekoliko ozbiljnih problema, poput fizi\u010dke traume (primjerice, nakon poroda), psiholo\u0161ke traume ili \u010dak raka. Ako do\u017eivite vaginalnu bol bilo koje vrste, va\u017eno je porazgovarati s lije\u010dnikom o tome, prona\u0107i uzrok i zapo\u010deti odgovaraju\u0107u terapiju.<\/p>\n\n\n\n<p class=\"is-style-paragraph-preamble\"><em><mark style=\"background-color:rgba(0, 0, 0, 0)\" class=\"has-inline-color has-primary-color\">&#8220;Pet naj\u010de\u0161\u0107ih vaginalnih tegoba su svrbe\u017e, peckanje, vaginalni iscjedak, suho\u0107a vagine, katkad u kombinaciji s neugodnim mirisom, te iritacija ili bol tijekom seksualnog odnosa ili nakon njega.&#8221;<\/mark><\/em><\/p>\n<\/div><\/div>\n","protected":false},"excerpt":{"rendered":"","protected":false},"author":2,"featured_media":0,"parent":121,"menu_order":13,"comment_status":"closed","ping_status":"closed","template":"","meta":{"_acf_changed":false,"footnotes":""},"from-article-database":[],"class_list":["post-213","page","type-page","status-publish","hentry"],"acf":[],"yoast_head":"<!-- This site is optimized with the Yoast SEO plugin v26.6 - https:\/\/yoast.com\/wordpress\/plugins\/seo\/ -->\n<title>5 naj\u010de\u0161\u0107ih vaginalnih tegoba - Multi-Gyn<\/title>\n<meta name=\"description\" content=\"Svaka \u017eena iskusit \u0107e neku vaginalnu nelagodu u nekom trenutku svog \u017eivota. Tegobe se kre\u0107u od blagih koje samo stvaraju nervozu, do onih koje mogu imati ozbiljne posljedice na kvalitetu \u017eivota ili seksualni \u017eivot.\" \/>\n<meta name=\"robots\" content=\"index, follow, max-snippet:-1, max-image-preview:large, max-video-preview:-1\" \/>\n<link rel=\"canonical\" href=\"https:\/\/multi-gyn.com\/hr\/zdravlje-rodnice\/tegobe\/5-najcescih-vaginalnih-tegoba\/\" \/>\n<meta property=\"og:locale\" content=\"hr_HR\" \/>\n<meta property=\"og:type\" content=\"article\" \/>\n<meta property=\"og:title\" content=\"5 naj\u010de\u0161\u0107ih vaginalnih tegoba - Multi-Gyn\" \/>\n<meta property=\"og:description\" content=\"Svaka \u017eena iskusit \u0107e neku vaginalnu nelagodu u nekom trenutku svog \u017eivota. Tegobe se kre\u0107u od blagih koje samo stvaraju nervozu, do onih koje mogu imati ozbiljne posljedice na kvalitetu \u017eivota ili seksualni \u017eivot.\" \/>\n<meta property=\"og:url\" content=\"https:\/\/multi-gyn.com\/hr\/zdravlje-rodnice\/tegobe\/5-najcescih-vaginalnih-tegoba\/\" \/>\n<meta property=\"og:site_name\" content=\"Multi-Gyn\" \/>\n<meta property=\"article:modified_time\" content=\"2023-08-04T11:49:00+00:00\" \/>\n<meta name=\"twitter:card\" content=\"summary_large_image\" \/>\n<meta name=\"twitter:label1\" content=\"Est. reading time\" \/>\n\t<meta name=\"twitter:data1\" content=\"4 minutes\" \/>\n<script type=\"application\/ld+json\" class=\"yoast-schema-graph\">{\"@context\":\"https:\/\/schema.org\",\"@graph\":[{\"@type\":\"WebPage\",\"@id\":\"https:\/\/multi-gyn.com\/hr\/zdravlje-rodnice\/tegobe\/5-najcescih-vaginalnih-tegoba\/\",\"url\":\"https:\/\/multi-gyn.com\/hr\/zdravlje-rodnice\/tegobe\/5-najcescih-vaginalnih-tegoba\/\",\"name\":\"5 naj\u010de\u0161\u0107ih vaginalnih tegoba - Multi-Gyn\",\"isPartOf\":{\"@id\":\"https:\/\/multi-gyn.com\/hr\/#website\"},\"datePublished\":\"2023-02-17T12:27:07+00:00\",\"dateModified\":\"2023-08-04T11:49:00+00:00\",\"description\":\"Svaka \u017eena iskusit \u0107e neku vaginalnu nelagodu u nekom trenutku svog \u017eivota. Tegobe se kre\u0107u od blagih koje samo stvaraju nervozu, do onih koje mogu imati ozbiljne posljedice na kvalitetu \u017eivota ili seksualni \u017eivot.\",\"breadcrumb\":{\"@id\":\"https:\/\/multi-gyn.com\/hr\/zdravlje-rodnice\/tegobe\/5-najcescih-vaginalnih-tegoba\/#breadcrumb\"},\"inLanguage\":\"hr-HR\",\"potentialAction\":[{\"@type\":\"ReadAction\",\"target\":[\"https:\/\/multi-gyn.com\/hr\/zdravlje-rodnice\/tegobe\/5-najcescih-vaginalnih-tegoba\/\"]}]},{\"@type\":\"BreadcrumbList\",\"@id\":\"https:\/\/multi-gyn.com\/hr\/zdravlje-rodnice\/tegobe\/5-najcescih-vaginalnih-tegoba\/#breadcrumb\",\"itemListElement\":[{\"@type\":\"ListItem\",\"position\":1,\"name\":\"Home\",\"item\":\"https:\/\/multi-gyn.com\/hr\/\"},{\"@type\":\"ListItem\",\"position\":2,\"name\":\"Zdravlje rodnice\",\"item\":\"https:\/\/multi-gyn.com\/hr\/zdravlje-rodnice\/\"},{\"@type\":\"ListItem\",\"position\":3,\"name\":\"Tegobe\",\"item\":\"https:\/\/multi-gyn.com\/hr\/zdravlje-rodnice\/tegobe\/\"},{\"@type\":\"ListItem\",\"position\":4,\"name\":\"5 naj\u010de\u0161\u0107ih vaginalnih tegoba\"}]},{\"@type\":\"WebSite\",\"@id\":\"https:\/\/multi-gyn.com\/hr\/#website\",\"url\":\"https:\/\/multi-gyn.com\/hr\/\",\"name\":\"Multi-Gyn\",\"description\":\"\",\"publisher\":{\"@id\":\"https:\/\/multi-gyn.com\/hr\/#organization\"},\"potentialAction\":[{\"@type\":\"SearchAction\",\"target\":{\"@type\":\"EntryPoint\",\"urlTemplate\":\"https:\/\/multi-gyn.com\/hr\/?s={search_term_string}\"},\"query-input\":{\"@type\":\"PropertyValueSpecification\",\"valueRequired\":true,\"valueName\":\"search_term_string\"}}],\"inLanguage\":\"hr-HR\"},{\"@type\":\"Organization\",\"@id\":\"https:\/\/multi-gyn.com\/hr\/#organization\",\"name\":\"Multi-Gyn\",\"url\":\"https:\/\/multi-gyn.com\/hr\/\",\"logo\":{\"@type\":\"ImageObject\",\"inLanguage\":\"hr-HR\",\"@id\":\"https:\/\/multi-gyn.com\/hr\/#\/schema\/logo\/image\/\",\"url\":\"https:\/\/multi-gyn.com\/app\/uploads\/sites\/43\/2023\/02\/multi-gyn-logo.png\",\"contentUrl\":\"https:\/\/multi-gyn.com\/app\/uploads\/sites\/43\/2023\/02\/multi-gyn-logo.png\",\"width\":149,\"height\":32,\"caption\":\"Multi-Gyn\"},\"image\":{\"@id\":\"https:\/\/multi-gyn.com\/hr\/#\/schema\/logo\/image\/\"}}]}<\/script>\n<!-- \/ Yoast SEO plugin. -->","yoast_head_json":{"title":"5 naj\u010de\u0161\u0107ih vaginalnih tegoba - Multi-Gyn","description":"Svaka \u017eena iskusit \u0107e neku vaginalnu nelagodu u nekom trenutku svog \u017eivota. Tegobe se kre\u0107u od blagih koje samo stvaraju nervozu, do onih koje mogu imati ozbiljne posljedice na kvalitetu \u017eivota ili seksualni \u017eivot.","robots":{"index":"index","follow":"follow","max-snippet":"max-snippet:-1","max-image-preview":"max-image-preview:large","max-video-preview":"max-video-preview:-1"},"canonical":"https:\/\/multi-gyn.com\/hr\/zdravlje-rodnice\/tegobe\/5-najcescih-vaginalnih-tegoba\/","og_locale":"hr_HR","og_type":"article","og_title":"5 naj\u010de\u0161\u0107ih vaginalnih tegoba - Multi-Gyn","og_description":"Svaka \u017eena iskusit \u0107e neku vaginalnu nelagodu u nekom trenutku svog \u017eivota. Tegobe se kre\u0107u od blagih koje samo stvaraju nervozu, do onih koje mogu imati ozbiljne posljedice na kvalitetu \u017eivota ili seksualni \u017eivot.","og_url":"https:\/\/multi-gyn.com\/hr\/zdravlje-rodnice\/tegobe\/5-najcescih-vaginalnih-tegoba\/","og_site_name":"Multi-Gyn","article_modified_time":"2023-08-04T11:49:00+00:00","twitter_card":"summary_large_image","twitter_misc":{"Est. reading time":"4 minutes"},"schema":{"@context":"https:\/\/schema.org","@graph":[{"@type":"WebPage","@id":"https:\/\/multi-gyn.com\/hr\/zdravlje-rodnice\/tegobe\/5-najcescih-vaginalnih-tegoba\/","url":"https:\/\/multi-gyn.com\/hr\/zdravlje-rodnice\/tegobe\/5-najcescih-vaginalnih-tegoba\/","name":"5 naj\u010de\u0161\u0107ih vaginalnih tegoba - Multi-Gyn","isPartOf":{"@id":"https:\/\/multi-gyn.com\/hr\/#website"},"datePublished":"2023-02-17T12:27:07+00:00","dateModified":"2023-08-04T11:49:00+00:00","description":"Svaka \u017eena iskusit \u0107e neku vaginalnu nelagodu u nekom trenutku svog \u017eivota. Tegobe se kre\u0107u od blagih koje samo stvaraju nervozu, do onih koje mogu imati ozbiljne posljedice na kvalitetu \u017eivota ili seksualni \u017eivot.","breadcrumb":{"@id":"https:\/\/multi-gyn.com\/hr\/zdravlje-rodnice\/tegobe\/5-najcescih-vaginalnih-tegoba\/#breadcrumb"},"inLanguage":"hr-HR","potentialAction":[{"@type":"ReadAction","target":["https:\/\/multi-gyn.com\/hr\/zdravlje-rodnice\/tegobe\/5-najcescih-vaginalnih-tegoba\/"]}]},{"@type":"BreadcrumbList","@id":"https:\/\/multi-gyn.com\/hr\/zdravlje-rodnice\/tegobe\/5-najcescih-vaginalnih-tegoba\/#breadcrumb","itemListElement":[{"@type":"ListItem","position":1,"name":"Home","item":"https:\/\/multi-gyn.com\/hr\/"},{"@type":"ListItem","position":2,"name":"Zdravlje rodnice","item":"https:\/\/multi-gyn.com\/hr\/zdravlje-rodnice\/"},{"@type":"ListItem","position":3,"name":"Tegobe","item":"https:\/\/multi-gyn.com\/hr\/zdravlje-rodnice\/tegobe\/"},{"@type":"ListItem","position":4,"name":"5 naj\u010de\u0161\u0107ih vaginalnih tegoba"}]},{"@type":"WebSite","@id":"https:\/\/multi-gyn.com\/hr\/#website","url":"https:\/\/multi-gyn.com\/hr\/","name":"Multi-Gyn","description":"","publisher":{"@id":"https:\/\/multi-gyn.com\/hr\/#organization"},"potentialAction":[{"@type":"SearchAction","target":{"@type":"EntryPoint","urlTemplate":"https:\/\/multi-gyn.com\/hr\/?s={search_term_string}"},"query-input":{"@type":"PropertyValueSpecification","valueRequired":true,"valueName":"search_term_string"}}],"inLanguage":"hr-HR"},{"@type":"Organization","@id":"https:\/\/multi-gyn.com\/hr\/#organization","name":"Multi-Gyn","url":"https:\/\/multi-gyn.com\/hr\/","logo":{"@type":"ImageObject","inLanguage":"hr-HR","@id":"https:\/\/multi-gyn.com\/hr\/#\/schema\/logo\/image\/","url":"https:\/\/multi-gyn.com\/app\/uploads\/sites\/43\/2023\/02\/multi-gyn-logo.png","contentUrl":"https:\/\/multi-gyn.com\/app\/uploads\/sites\/43\/2023\/02\/multi-gyn-logo.png","width":149,"height":32,"caption":"Multi-Gyn"},"image":{"@id":"https:\/\/multi-gyn.com\/hr\/#\/schema\/logo\/image\/"}}]}},"_links":{"self":[{"href":"https:\/\/multi-gyn.com\/hr\/wp-json\/wp\/v2\/pages\/213","targetHints":{"allow":["GET"]}}],"collection":[{"href":"https:\/\/multi-gyn.com\/hr\/wp-json\/wp\/v2\/pages"}],"about":[{"href":"https:\/\/multi-gyn.com\/hr\/wp-json\/wp\/v2\/types\/page"}],"author":[{"embeddable":true,"href":"https:\/\/multi-gyn.com\/hr\/wp-json\/wp\/v2\/users\/2"}],"replies":[{"embeddable":true,"href":"https:\/\/multi-gyn.com\/hr\/wp-json\/wp\/v2\/comments?post=213"}],"version-history":[{"count":2,"href":"https:\/\/multi-gyn.com\/hr\/wp-json\/wp\/v2\/pages\/213\/revisions"}],"predecessor-version":[{"id":483,"href":"https:\/\/multi-gyn.com\/hr\/wp-json\/wp\/v2\/pages\/213\/revisions\/483"}],"up":[{"embeddable":true,"href":"https:\/\/multi-gyn.com\/hr\/wp-json\/wp\/v2\/pages\/121"}],"wp:attachment":[{"href":"https:\/\/multi-gyn.com\/hr\/wp-json\/wp\/v2\/media?parent=213"}],"wp:term":[{"taxonomy":"from-article-database","embeddable":true,"href":"https:\/\/multi-gyn.com\/hr\/wp-json\/wp\/v2\/from-article-database?post=213"}],"curies":[{"name":"wp","href":"https:\/\/api.w.org\/{rel}","templated":true}]}}