{"id":215,"date":"2023-02-17T13:27:20","date_gmt":"2023-02-17T12:27:20","guid":{"rendered":"https:\/\/multi-gyn.com\/hr\/?page_id=215"},"modified":"2023-08-04T13:48:58","modified_gmt":"2023-08-04T11:48:58","slug":"svrbez-rodnice-sto-je-uzrok","status":"publish","type":"page","link":"https:\/\/multi-gyn.com\/hr\/zdravlje-rodnice\/tegobe\/svrbez-rodnice-sto-je-uzrok\/","title":{"rendered":"Svrbe\u017e rodnice: \u0160to je uzrok?"},"content":{"rendered":"\n<div class=\"wp-block-karopharma-free-text pt-large pb-large bg-center bg-cover bg-no-repeat  is-style-primary\" style=\"background-image:url()\"><div class=\"free-text-wrapper container max-w-medium text-left\">\n<h1 class=\"wp-block-heading\">Svrbe\u017e rodnice: \u0160to je uzrok?<\/h1>\n\n\n\n<p class=\"is-style-paragraph-preamble\">Mo\u017eda je svrbe\u017e jedan od najizra\u017eenijih tegoba rodnice. Mo\u017ee biti vrlo neugodan i \u010de\u0161anje se ne preporu\u010duje. Konstantan svrbe\u017e u intimnoj zoni mo\u017ee imati velik utjecaj na Va\u0161e dnevne aktivnosti. Prije nego \u0161to po\u010dnete lije\u010diti svrbe\u017e rodnice, dobro je najprije utvrditi uzrok. Ovo su naj\u010de\u0161\u0107i:<\/p>\n<\/div><\/div>\n\n\n\n<div class=\"wp-block-karopharma-free-text pt-large pb-large bg-center bg-cover bg-no-repeat\" style=\"background-image:url()\"><div class=\"free-text-wrapper container max-w-medium text-left\">\n<h2 class=\"is-style-heading-h2 wp-block-heading\">Gljivi\u010dna infekcija rodnice<\/h2>\n\n\n\n<p>Jedan od glavnih uzroka svrbe\u017ea rodnice je gljivi\u010dna infekcija, poznata i kao kandida. Gljivi\u010dna infekcija uzrokovana je prekomjernim rastom stanica gljivica u Va\u0161oj rodnici i\/ili vanjskoj intimnoj regiji. Zajedno s bijelim, sirastim iscjetkom i peckanjem, svrbe\u017e je jedan od simptoma.<\/p>\n\n\n\n<p>Gljivi\u010dna infekcija prili\u010dno je bezopasna i simptomi \u0107e nestati, ali mo\u017ee biti vrlo neugodna. Zbog toga postoji nekoliko opcija za lije\u010denje kandide ili ubla\u017eavanje simptoma. Mo\u017eete koristiti lijekove protiv gljivica (antimikotike) za lije\u010denje infekcije. Lije\u010denje je vrlo u\u010dinkovito, ali mo\u017ee izazvati sporedne u\u010dinke i ponavljaju\u0107e infekcije.<\/p>\n\n\n\n<p>Druga je opcija ubla\u017eavanje simptoma. To se mo\u017ee posti\u0107i proizvodima za intimnu higijenu koje mo\u017eete nabaviti u Va\u0161oj lokalnoj ljekarni. Ako izaberete proizvod s prirodnim sastojcima, mo\u017eete sprije\u010diti i ponavljanje infekcije.<\/p>\n\n\n\n<h2 class=\"is-style-heading-h2 wp-block-heading\">Suho\u0107a rodnice<\/h2>\n\n\n\n<p>Drugi uzrok svrbe\u017ea je suho\u0107a rodnice. Ve\u0107ina \u017eena to \u0107e povezati s menopauzom, me\u0111utim \u017eene svih starosnih doba mogu patiti zbog suho\u0107e. Uza svrbe\u017e, suho\u0107a rodnice mo\u017ee biti pra\u0107ena drugim tegobama, kao \u0161to su peckanje, osjetljivost i bol tijekom seksualnog odnosa.<\/p>\n\n\n\n<p class=\"is-style-paragraph-preamble\"><em><mark style=\"background-color:rgba(0, 0, 0, 0)\" class=\"has-inline-color has-primary-color\">&#8220;Jedan od glavnih uzroka svrbe\u017ea rodnice je gljivi\u010dna infekcija, tako\u0111er poznata kao kandida.&#8221;<\/mark><\/em><\/p>\n\n\n\n<p>Suho\u0107a rodnice obi\u010dno se javlja u slu\u010daju pada razine estrogena, primjerice zbog trudno\u0107e, uzimanja lijekova (kontracepcija), stresa, depresije ili menopauze. Ako \u017eelite lije\u010diti suho\u0107u rodnice, mo\u017eete uzeti lijekove za pove\u0107anje razine estrogena. Druga je opcija da se trenuta\u010dno oslobodite suho\u0107e rodnice kori\u0161tenjem lubrikanta ili proizvoda koji stimuliraju prirodnu vla\u017enost.<\/p>\n\n\n\n<h2 class=\"is-style-heading-h2 wp-block-heading\">Drugi uzroci svrbe\u017ea rodnice<\/h2>\n\n\n\n<p>Pored gljivi\u010dnih infekcija i suho\u0107e rodnice, postoje i drugi uzroci svrbe\u017ea rodnice. Iako nije uobi\u010dajeno, u nekim slu\u010dajevima bakterijska vaginoza mo\u017ee izazvati svrbe\u017e. Bakterijska vaginoza je infekcija uzrokovana prekomjernim rastom \u0161tetnih bakterija u rodnici.<\/p>\n\n\n\n<p>Simptomi kao \u0161to su jak miris po ribi i zelenkasto-bijeli iscjedak, mogu biti prili\u010dno neugodni, ali \u0107e nestati nakon nekog vremena. Ako \u017eelite lije\u010diti bakterijsku vaginozu, mo\u017eete uzimati antibiotike ili koristite prirodne proizvode za intimnu higijenu koji nemaju ne\u017eeljenih u\u010dinaka.<\/p>\n\n\n\n<p>Kona\u010dno, svrbe\u017e rodnice mogu uzrokovati i iritacije izazvane kemikalijama, kao \u0161to su sapun ili parfemi, ili spolno prenosive bolesti (SPB). Ako sumnjate da bi posrijedi mogla biti spolno prenosiva bolesti, obratite se svom lije\u010dniku.<\/p>\n<\/div><\/div>\n","protected":false},"excerpt":{"rendered":"","protected":false},"author":2,"featured_media":0,"parent":121,"menu_order":14,"comment_status":"closed","ping_status":"closed","template":"","meta":{"_acf_changed":false,"footnotes":""},"from-article-database":[],"class_list":["post-215","page","type-page","status-publish","hentry"],"acf":[],"yoast_head":"<!-- This site is optimized with the Yoast SEO plugin v26.6 - https:\/\/yoast.com\/wordpress\/plugins\/seo\/ -->\n<title>Svrbe\u017e rodnice: \u0160to je uzrok? - Multi-Gyn<\/title>\n<meta name=\"description\" content=\"Mo\u017eda je svrbe\u017e jedan od najizra\u017eenijih tegoba rodnice. Mo\u017ee biti vrlo neugodan i \u010de\u0161anje se ne preporu\u010duje. Konstantan svrbe\u017e u intimnoj zoni mo\u017ee imati velik utjecaj na Va\u0161e dnevne aktivnosti.\" \/>\n<meta name=\"robots\" content=\"index, follow, max-snippet:-1, max-image-preview:large, max-video-preview:-1\" \/>\n<link rel=\"canonical\" href=\"https:\/\/multi-gyn.com\/hr\/zdravlje-rodnice\/tegobe\/svrbez-rodnice-sto-je-uzrok\/\" \/>\n<meta property=\"og:locale\" content=\"hr_HR\" \/>\n<meta property=\"og:type\" content=\"article\" \/>\n<meta property=\"og:title\" content=\"Svrbe\u017e rodnice: \u0160to je uzrok? - Multi-Gyn\" \/>\n<meta property=\"og:description\" content=\"Mo\u017eda je svrbe\u017e jedan od najizra\u017eenijih tegoba rodnice. Mo\u017ee biti vrlo neugodan i \u010de\u0161anje se ne preporu\u010duje. Konstantan svrbe\u017e u intimnoj zoni mo\u017ee imati velik utjecaj na Va\u0161e dnevne aktivnosti.\" \/>\n<meta property=\"og:url\" content=\"https:\/\/multi-gyn.com\/hr\/zdravlje-rodnice\/tegobe\/svrbez-rodnice-sto-je-uzrok\/\" \/>\n<meta property=\"og:site_name\" content=\"Multi-Gyn\" \/>\n<meta property=\"article:modified_time\" content=\"2023-08-04T11:48:58+00:00\" \/>\n<meta name=\"twitter:card\" content=\"summary_large_image\" \/>\n<meta name=\"twitter:label1\" content=\"Est. reading time\" \/>\n\t<meta name=\"twitter:data1\" content=\"3 minutes\" \/>\n<script type=\"application\/ld+json\" class=\"yoast-schema-graph\">{\"@context\":\"https:\/\/schema.org\",\"@graph\":[{\"@type\":\"WebPage\",\"@id\":\"https:\/\/multi-gyn.com\/hr\/zdravlje-rodnice\/tegobe\/svrbez-rodnice-sto-je-uzrok\/\",\"url\":\"https:\/\/multi-gyn.com\/hr\/zdravlje-rodnice\/tegobe\/svrbez-rodnice-sto-je-uzrok\/\",\"name\":\"Svrbe\u017e rodnice: \u0160to je uzrok? - Multi-Gyn\",\"isPartOf\":{\"@id\":\"https:\/\/multi-gyn.com\/hr\/#website\"},\"datePublished\":\"2023-02-17T12:27:20+00:00\",\"dateModified\":\"2023-08-04T11:48:58+00:00\",\"description\":\"Mo\u017eda je svrbe\u017e jedan od najizra\u017eenijih tegoba rodnice. Mo\u017ee biti vrlo neugodan i \u010de\u0161anje se ne preporu\u010duje. Konstantan svrbe\u017e u intimnoj zoni mo\u017ee imati velik utjecaj na Va\u0161e dnevne aktivnosti.\",\"breadcrumb\":{\"@id\":\"https:\/\/multi-gyn.com\/hr\/zdravlje-rodnice\/tegobe\/svrbez-rodnice-sto-je-uzrok\/#breadcrumb\"},\"inLanguage\":\"hr-HR\",\"potentialAction\":[{\"@type\":\"ReadAction\",\"target\":[\"https:\/\/multi-gyn.com\/hr\/zdravlje-rodnice\/tegobe\/svrbez-rodnice-sto-je-uzrok\/\"]}]},{\"@type\":\"BreadcrumbList\",\"@id\":\"https:\/\/multi-gyn.com\/hr\/zdravlje-rodnice\/tegobe\/svrbez-rodnice-sto-je-uzrok\/#breadcrumb\",\"itemListElement\":[{\"@type\":\"ListItem\",\"position\":1,\"name\":\"Home\",\"item\":\"https:\/\/multi-gyn.com\/hr\/\"},{\"@type\":\"ListItem\",\"position\":2,\"name\":\"Zdravlje rodnice\",\"item\":\"https:\/\/multi-gyn.com\/hr\/zdravlje-rodnice\/\"},{\"@type\":\"ListItem\",\"position\":3,\"name\":\"Tegobe\",\"item\":\"https:\/\/multi-gyn.com\/hr\/zdravlje-rodnice\/tegobe\/\"},{\"@type\":\"ListItem\",\"position\":4,\"name\":\"Svrbe\u017e rodnice: \u0160to je uzrok?\"}]},{\"@type\":\"WebSite\",\"@id\":\"https:\/\/multi-gyn.com\/hr\/#website\",\"url\":\"https:\/\/multi-gyn.com\/hr\/\",\"name\":\"Multi-Gyn\",\"description\":\"\",\"publisher\":{\"@id\":\"https:\/\/multi-gyn.com\/hr\/#organization\"},\"potentialAction\":[{\"@type\":\"SearchAction\",\"target\":{\"@type\":\"EntryPoint\",\"urlTemplate\":\"https:\/\/multi-gyn.com\/hr\/?s={search_term_string}\"},\"query-input\":{\"@type\":\"PropertyValueSpecification\",\"valueRequired\":true,\"valueName\":\"search_term_string\"}}],\"inLanguage\":\"hr-HR\"},{\"@type\":\"Organization\",\"@id\":\"https:\/\/multi-gyn.com\/hr\/#organization\",\"name\":\"Multi-Gyn\",\"url\":\"https:\/\/multi-gyn.com\/hr\/\",\"logo\":{\"@type\":\"ImageObject\",\"inLanguage\":\"hr-HR\",\"@id\":\"https:\/\/multi-gyn.com\/hr\/#\/schema\/logo\/image\/\",\"url\":\"https:\/\/multi-gyn.com\/app\/uploads\/sites\/43\/2023\/02\/multi-gyn-logo.png\",\"contentUrl\":\"https:\/\/multi-gyn.com\/app\/uploads\/sites\/43\/2023\/02\/multi-gyn-logo.png\",\"width\":149,\"height\":32,\"caption\":\"Multi-Gyn\"},\"image\":{\"@id\":\"https:\/\/multi-gyn.com\/hr\/#\/schema\/logo\/image\/\"}}]}<\/script>\n<!-- \/ Yoast SEO plugin. -->","yoast_head_json":{"title":"Svrbe\u017e rodnice: \u0160to je uzrok? - Multi-Gyn","description":"Mo\u017eda je svrbe\u017e jedan od najizra\u017eenijih tegoba rodnice. Mo\u017ee biti vrlo neugodan i \u010de\u0161anje se ne preporu\u010duje. Konstantan svrbe\u017e u intimnoj zoni mo\u017ee imati velik utjecaj na Va\u0161e dnevne aktivnosti.","robots":{"index":"index","follow":"follow","max-snippet":"max-snippet:-1","max-image-preview":"max-image-preview:large","max-video-preview":"max-video-preview:-1"},"canonical":"https:\/\/multi-gyn.com\/hr\/zdravlje-rodnice\/tegobe\/svrbez-rodnice-sto-je-uzrok\/","og_locale":"hr_HR","og_type":"article","og_title":"Svrbe\u017e rodnice: \u0160to je uzrok? - Multi-Gyn","og_description":"Mo\u017eda je svrbe\u017e jedan od najizra\u017eenijih tegoba rodnice. Mo\u017ee biti vrlo neugodan i \u010de\u0161anje se ne preporu\u010duje. Konstantan svrbe\u017e u intimnoj zoni mo\u017ee imati velik utjecaj na Va\u0161e dnevne aktivnosti.","og_url":"https:\/\/multi-gyn.com\/hr\/zdravlje-rodnice\/tegobe\/svrbez-rodnice-sto-je-uzrok\/","og_site_name":"Multi-Gyn","article_modified_time":"2023-08-04T11:48:58+00:00","twitter_card":"summary_large_image","twitter_misc":{"Est. reading time":"3 minutes"},"schema":{"@context":"https:\/\/schema.org","@graph":[{"@type":"WebPage","@id":"https:\/\/multi-gyn.com\/hr\/zdravlje-rodnice\/tegobe\/svrbez-rodnice-sto-je-uzrok\/","url":"https:\/\/multi-gyn.com\/hr\/zdravlje-rodnice\/tegobe\/svrbez-rodnice-sto-je-uzrok\/","name":"Svrbe\u017e rodnice: \u0160to je uzrok? - Multi-Gyn","isPartOf":{"@id":"https:\/\/multi-gyn.com\/hr\/#website"},"datePublished":"2023-02-17T12:27:20+00:00","dateModified":"2023-08-04T11:48:58+00:00","description":"Mo\u017eda je svrbe\u017e jedan od najizra\u017eenijih tegoba rodnice. Mo\u017ee biti vrlo neugodan i \u010de\u0161anje se ne preporu\u010duje. Konstantan svrbe\u017e u intimnoj zoni mo\u017ee imati velik utjecaj na Va\u0161e dnevne aktivnosti.","breadcrumb":{"@id":"https:\/\/multi-gyn.com\/hr\/zdravlje-rodnice\/tegobe\/svrbez-rodnice-sto-je-uzrok\/#breadcrumb"},"inLanguage":"hr-HR","potentialAction":[{"@type":"ReadAction","target":["https:\/\/multi-gyn.com\/hr\/zdravlje-rodnice\/tegobe\/svrbez-rodnice-sto-je-uzrok\/"]}]},{"@type":"BreadcrumbList","@id":"https:\/\/multi-gyn.com\/hr\/zdravlje-rodnice\/tegobe\/svrbez-rodnice-sto-je-uzrok\/#breadcrumb","itemListElement":[{"@type":"ListItem","position":1,"name":"Home","item":"https:\/\/multi-gyn.com\/hr\/"},{"@type":"ListItem","position":2,"name":"Zdravlje rodnice","item":"https:\/\/multi-gyn.com\/hr\/zdravlje-rodnice\/"},{"@type":"ListItem","position":3,"name":"Tegobe","item":"https:\/\/multi-gyn.com\/hr\/zdravlje-rodnice\/tegobe\/"},{"@type":"ListItem","position":4,"name":"Svrbe\u017e rodnice: \u0160to je uzrok?"}]},{"@type":"WebSite","@id":"https:\/\/multi-gyn.com\/hr\/#website","url":"https:\/\/multi-gyn.com\/hr\/","name":"Multi-Gyn","description":"","publisher":{"@id":"https:\/\/multi-gyn.com\/hr\/#organization"},"potentialAction":[{"@type":"SearchAction","target":{"@type":"EntryPoint","urlTemplate":"https:\/\/multi-gyn.com\/hr\/?s={search_term_string}"},"query-input":{"@type":"PropertyValueSpecification","valueRequired":true,"valueName":"search_term_string"}}],"inLanguage":"hr-HR"},{"@type":"Organization","@id":"https:\/\/multi-gyn.com\/hr\/#organization","name":"Multi-Gyn","url":"https:\/\/multi-gyn.com\/hr\/","logo":{"@type":"ImageObject","inLanguage":"hr-HR","@id":"https:\/\/multi-gyn.com\/hr\/#\/schema\/logo\/image\/","url":"https:\/\/multi-gyn.com\/app\/uploads\/sites\/43\/2023\/02\/multi-gyn-logo.png","contentUrl":"https:\/\/multi-gyn.com\/app\/uploads\/sites\/43\/2023\/02\/multi-gyn-logo.png","width":149,"height":32,"caption":"Multi-Gyn"},"image":{"@id":"https:\/\/multi-gyn.com\/hr\/#\/schema\/logo\/image\/"}}]}},"_links":{"self":[{"href":"https:\/\/multi-gyn.com\/hr\/wp-json\/wp\/v2\/pages\/215","targetHints":{"allow":["GET"]}}],"collection":[{"href":"https:\/\/multi-gyn.com\/hr\/wp-json\/wp\/v2\/pages"}],"about":[{"href":"https:\/\/multi-gyn.com\/hr\/wp-json\/wp\/v2\/types\/page"}],"author":[{"embeddable":true,"href":"https:\/\/multi-gyn.com\/hr\/wp-json\/wp\/v2\/users\/2"}],"replies":[{"embeddable":true,"href":"https:\/\/multi-gyn.com\/hr\/wp-json\/wp\/v2\/comments?post=215"}],"version-history":[{"count":2,"href":"https:\/\/multi-gyn.com\/hr\/wp-json\/wp\/v2\/pages\/215\/revisions"}],"predecessor-version":[{"id":485,"href":"https:\/\/multi-gyn.com\/hr\/wp-json\/wp\/v2\/pages\/215\/revisions\/485"}],"up":[{"embeddable":true,"href":"https:\/\/multi-gyn.com\/hr\/wp-json\/wp\/v2\/pages\/121"}],"wp:attachment":[{"href":"https:\/\/multi-gyn.com\/hr\/wp-json\/wp\/v2\/media?parent=215"}],"wp:term":[{"taxonomy":"from-article-database","embeddable":true,"href":"https:\/\/multi-gyn.com\/hr\/wp-json\/wp\/v2\/from-article-database?post=215"}],"curies":[{"name":"wp","href":"https:\/\/api.w.org\/{rel}","templated":true}]}}