{"id":219,"date":"2023-02-17T13:27:46","date_gmt":"2023-02-17T12:27:46","guid":{"rendered":"https:\/\/multi-gyn.com\/hr\/?page_id=219"},"modified":"2024-08-21T13:48:23","modified_gmt":"2024-08-21T11:48:23","slug":"suhoca-vagine-uzroci-i-lijecenje","status":"publish","type":"page","link":"https:\/\/multi-gyn.com\/hr\/zdravlje-rodnice\/tegobe\/suhoca-vagine-uzroci-i-lijecenje\/","title":{"rendered":"Suho\u0107a vagine: uzroci i lije\u010denje"},"content":{"rendered":"\n<div class=\"wp-block-karopharma-free-text pt-large pb-large bg-center bg-cover bg-no-repeat  is-style-primary\" style=\"background-image:url()\"><div class=\"free-text-wrapper container max-w-medium text-left\">\n<h1 class=\"wp-block-heading\"><strong>Suho\u0107a vagine: uzroci i lije\u010denje<\/strong><\/h1>\n\n\n\n<p class=\"is-style-paragraph-preamble\">Ve\u0107ina \u017eena do\u017eivjet \u0107e suho\u0107u vagine u nekom trenutku svog \u017eivota. To mo\u017ee biti vrlo neugodno jer mo\u017ee izazvati neke druge tegobe, kao \u0161to su svrbe\u017e, peckanje i osjetljivost.<\/p>\n\n\n\n<p class=\"is-style-paragraph-preamble\">Obi\u010dno \u017eena povezuje suho\u0107u vagine s menopazom. To nije u potpunosti to\u010dno jer se mo\u017ee javiti u bilo kojem \u017eivotnom razdoblju. Ipak, \u010dest je simptom tijekom menopauze. Me\u0111utim, postoje i mnogi drugi uzroci.<\/p>\n<\/div><\/div>\n\n\n\n<div class=\"wp-block-karopharma-free-text pt-large pb-large bg-center bg-cover bg-no-repeat\" style=\"background-image:url()\"><div class=\"free-text-wrapper container max-w-medium text-left\">\n<h2 class=\"is-style-heading-h2 wp-block-heading\">Uzroci suho\u0107e vagine<\/h2>\n\n\n\n<p>Postoje mnogi uzroci suho\u0107e vagine. Jedan od naj\u010de\u0161\u0107ih je smanjena razina estrogena. Estrogen je \u017eenski hormon koji podr\u017eava zdravlje vagine odr\u017eavanjem normalna podmazivanja vaginalnih zidova, kao i elasti\u010dnosti i kiselosti. Kada se razina estrogena smanjuje, vaginalni zidovi postat \u0107e manje elasti\u010dni, krhkiji i manje podmazani.<\/p>\n\n\n\n<p>Smanjenje razine estrogena mo\u017ee imati nekoliko uzroka. Menopauza je jedan od njih, kao i trudno\u0107a i dojenje. Zra\u010denje, kemoterapija i hormonalna terapija mogu tako\u0111er utjecati na Va\u0161u razinu estrogena, \u0161to dovodi do suho\u0107e vagine.<\/p>\n\n\n\n<p>Prirodno podmazivanje vagine mo\u017ee biti promijenjeno zbog uzimanja nekih lijekova, primjerice za prehladu i alergiju, ali i nekih medicinskih stanja, kao \u0161to su \u0161e\u0107erna bolest i visok krvni tlak.<\/p>\n\n\n\n<h2 class=\"is-style-heading-h2 wp-block-heading\"><strong>Simptomi<\/strong><\/h2>\n\n\n\n<p>Suho\u0107a mo\u017ee biti pra\u0107ena drugim vaginalnim tegobama, kao \u0161to su:<\/p>\n\n\n\n<ul class=\"is-style-default wp-block-list\"><li>svrbe\u017e.<\/li><li>peckanje.<\/li><li>\u017earenje.<\/li><li>osjetljivost.<\/li><li>bol tijekom seksualnog odnosa.<\/li><\/ul>\n\n\n\n<p><em>&#8220;Jedan od naj\u010de\u0161\u0107e kori\u0161tenih tretmana je pove\u0107anje vla\u017enosti vagine gelovima ili lubrikantima.&#8221;<\/em> <\/p>\n\n\n\n<h2 class=\"is-style-heading-h2 wp-block-heading\"><strong>\u0160to se mo\u017ee u\u010diniti kako bi se sprije\u010dila suho\u0107e vagine?<\/strong><\/h2>\n\n\n\n<p>S obzirom na to da je puno razli\u010ditih uzroka, mo\u017ee biti te\u0161ko prona\u0107i pravu terapiju. Jedna od naj\u010de\u0161\u0107e kori\u0161tenih je pove\u0107anje vla\u017enosti vagine gelovima ili lubrikantima. Drugi na\u010din tretiranja suho\u0107e vagine je pove\u0107anje razine estrogena.<\/p>\n\n\n\n<p>U ljekarni mo\u017eete na\u0107i razli\u010dite proizvode za intimnu njegu &#8211; od redovitih lubrikanata do proizvoda koji vra\u0107aju prirodnu vla\u017enost vagine. Uvjerite se da ste izabrali proizvod s prirodnim sastojcima koji \u0107e ubla\u017eiti simptome i stimulirati prirodnu vla\u017enost.<\/p>\n\n\n\n<p><font style=\"vertical-align: inherit;\"><font style=\"vertical-align: inherit;\">.<\/font><\/font><\/p>\n<\/div><\/div>\n","protected":false},"excerpt":{"rendered":"","protected":false},"author":2,"featured_media":0,"parent":121,"menu_order":16,"comment_status":"closed","ping_status":"closed","template":"","meta":{"_acf_changed":false,"footnotes":""},"from-article-database":[],"class_list":["post-219","page","type-page","status-publish","hentry"],"acf":[],"yoast_head":"<!-- This site is optimized with the Yoast SEO plugin v26.6 - https:\/\/yoast.com\/wordpress\/plugins\/seo\/ -->\n<title>Suho\u0107a vagine: uzroci i lije\u010denje - Multi-Gyn<\/title>\n<meta name=\"description\" content=\"Ve\u0107ina \u017eena do\u017eivjet \u0107e suho\u0107u vagine u nekom trenutku svog \u017eivota. To mo\u017ee biti vrlo neugodno jer mo\u017ee izazvati neke druge tegobe, kao \u0161to su svrbe\u017e, peckanje i osjetljivost.\" \/>\n<meta name=\"robots\" content=\"index, follow, max-snippet:-1, max-image-preview:large, max-video-preview:-1\" \/>\n<link rel=\"canonical\" href=\"https:\/\/multi-gyn.com\/hr\/zdravlje-rodnice\/tegobe\/suhoca-vagine-uzroci-i-lijecenje\/\" \/>\n<meta property=\"og:locale\" content=\"hr_HR\" \/>\n<meta property=\"og:type\" content=\"article\" \/>\n<meta property=\"og:title\" content=\"Suho\u0107a vagine: uzroci i lije\u010denje - Multi-Gyn\" \/>\n<meta property=\"og:description\" content=\"Ve\u0107ina \u017eena do\u017eivjet \u0107e suho\u0107u vagine u nekom trenutku svog \u017eivota. To mo\u017ee biti vrlo neugodno jer mo\u017ee izazvati neke druge tegobe, kao \u0161to su svrbe\u017e, peckanje i osjetljivost.\" \/>\n<meta property=\"og:url\" content=\"https:\/\/multi-gyn.com\/hr\/zdravlje-rodnice\/tegobe\/suhoca-vagine-uzroci-i-lijecenje\/\" \/>\n<meta property=\"og:site_name\" content=\"Multi-Gyn\" \/>\n<meta property=\"article:modified_time\" content=\"2024-08-21T11:48:23+00:00\" \/>\n<meta name=\"twitter:card\" content=\"summary_large_image\" \/>\n<meta name=\"twitter:label1\" content=\"Est. reading time\" \/>\n\t<meta name=\"twitter:data1\" content=\"2 minutes\" \/>\n<script type=\"application\/ld+json\" class=\"yoast-schema-graph\">{\"@context\":\"https:\/\/schema.org\",\"@graph\":[{\"@type\":\"WebPage\",\"@id\":\"https:\/\/multi-gyn.com\/hr\/zdravlje-rodnice\/tegobe\/suhoca-vagine-uzroci-i-lijecenje\/\",\"url\":\"https:\/\/multi-gyn.com\/hr\/zdravlje-rodnice\/tegobe\/suhoca-vagine-uzroci-i-lijecenje\/\",\"name\":\"Suho\u0107a vagine: uzroci i lije\u010denje - Multi-Gyn\",\"isPartOf\":{\"@id\":\"https:\/\/multi-gyn.com\/hr\/#website\"},\"datePublished\":\"2023-02-17T12:27:46+00:00\",\"dateModified\":\"2024-08-21T11:48:23+00:00\",\"description\":\"Ve\u0107ina \u017eena do\u017eivjet \u0107e suho\u0107u vagine u nekom trenutku svog \u017eivota. To mo\u017ee biti vrlo neugodno jer mo\u017ee izazvati neke druge tegobe, kao \u0161to su svrbe\u017e, peckanje i osjetljivost.\",\"breadcrumb\":{\"@id\":\"https:\/\/multi-gyn.com\/hr\/zdravlje-rodnice\/tegobe\/suhoca-vagine-uzroci-i-lijecenje\/#breadcrumb\"},\"inLanguage\":\"hr-HR\",\"potentialAction\":[{\"@type\":\"ReadAction\",\"target\":[\"https:\/\/multi-gyn.com\/hr\/zdravlje-rodnice\/tegobe\/suhoca-vagine-uzroci-i-lijecenje\/\"]}]},{\"@type\":\"BreadcrumbList\",\"@id\":\"https:\/\/multi-gyn.com\/hr\/zdravlje-rodnice\/tegobe\/suhoca-vagine-uzroci-i-lijecenje\/#breadcrumb\",\"itemListElement\":[{\"@type\":\"ListItem\",\"position\":1,\"name\":\"Home\",\"item\":\"https:\/\/multi-gyn.com\/hr\/\"},{\"@type\":\"ListItem\",\"position\":2,\"name\":\"Zdravlje rodnice\",\"item\":\"https:\/\/multi-gyn.com\/hr\/zdravlje-rodnice\/\"},{\"@type\":\"ListItem\",\"position\":3,\"name\":\"Tegobe\",\"item\":\"https:\/\/multi-gyn.com\/hr\/zdravlje-rodnice\/tegobe\/\"},{\"@type\":\"ListItem\",\"position\":4,\"name\":\"Suho\u0107a vagine: uzroci i lije\u010denje\"}]},{\"@type\":\"WebSite\",\"@id\":\"https:\/\/multi-gyn.com\/hr\/#website\",\"url\":\"https:\/\/multi-gyn.com\/hr\/\",\"name\":\"Multi-Gyn\",\"description\":\"\",\"publisher\":{\"@id\":\"https:\/\/multi-gyn.com\/hr\/#organization\"},\"potentialAction\":[{\"@type\":\"SearchAction\",\"target\":{\"@type\":\"EntryPoint\",\"urlTemplate\":\"https:\/\/multi-gyn.com\/hr\/?s={search_term_string}\"},\"query-input\":{\"@type\":\"PropertyValueSpecification\",\"valueRequired\":true,\"valueName\":\"search_term_string\"}}],\"inLanguage\":\"hr-HR\"},{\"@type\":\"Organization\",\"@id\":\"https:\/\/multi-gyn.com\/hr\/#organization\",\"name\":\"Multi-Gyn\",\"url\":\"https:\/\/multi-gyn.com\/hr\/\",\"logo\":{\"@type\":\"ImageObject\",\"inLanguage\":\"hr-HR\",\"@id\":\"https:\/\/multi-gyn.com\/hr\/#\/schema\/logo\/image\/\",\"url\":\"https:\/\/multi-gyn.com\/app\/uploads\/sites\/43\/2023\/02\/multi-gyn-logo.png\",\"contentUrl\":\"https:\/\/multi-gyn.com\/app\/uploads\/sites\/43\/2023\/02\/multi-gyn-logo.png\",\"width\":149,\"height\":32,\"caption\":\"Multi-Gyn\"},\"image\":{\"@id\":\"https:\/\/multi-gyn.com\/hr\/#\/schema\/logo\/image\/\"}}]}<\/script>\n<!-- \/ Yoast SEO plugin. -->","yoast_head_json":{"title":"Suho\u0107a vagine: uzroci i lije\u010denje - Multi-Gyn","description":"Ve\u0107ina \u017eena do\u017eivjet \u0107e suho\u0107u vagine u nekom trenutku svog \u017eivota. To mo\u017ee biti vrlo neugodno jer mo\u017ee izazvati neke druge tegobe, kao \u0161to su svrbe\u017e, peckanje i osjetljivost.","robots":{"index":"index","follow":"follow","max-snippet":"max-snippet:-1","max-image-preview":"max-image-preview:large","max-video-preview":"max-video-preview:-1"},"canonical":"https:\/\/multi-gyn.com\/hr\/zdravlje-rodnice\/tegobe\/suhoca-vagine-uzroci-i-lijecenje\/","og_locale":"hr_HR","og_type":"article","og_title":"Suho\u0107a vagine: uzroci i lije\u010denje - Multi-Gyn","og_description":"Ve\u0107ina \u017eena do\u017eivjet \u0107e suho\u0107u vagine u nekom trenutku svog \u017eivota. To mo\u017ee biti vrlo neugodno jer mo\u017ee izazvati neke druge tegobe, kao \u0161to su svrbe\u017e, peckanje i osjetljivost.","og_url":"https:\/\/multi-gyn.com\/hr\/zdravlje-rodnice\/tegobe\/suhoca-vagine-uzroci-i-lijecenje\/","og_site_name":"Multi-Gyn","article_modified_time":"2024-08-21T11:48:23+00:00","twitter_card":"summary_large_image","twitter_misc":{"Est. reading time":"2 minutes"},"schema":{"@context":"https:\/\/schema.org","@graph":[{"@type":"WebPage","@id":"https:\/\/multi-gyn.com\/hr\/zdravlje-rodnice\/tegobe\/suhoca-vagine-uzroci-i-lijecenje\/","url":"https:\/\/multi-gyn.com\/hr\/zdravlje-rodnice\/tegobe\/suhoca-vagine-uzroci-i-lijecenje\/","name":"Suho\u0107a vagine: uzroci i lije\u010denje - Multi-Gyn","isPartOf":{"@id":"https:\/\/multi-gyn.com\/hr\/#website"},"datePublished":"2023-02-17T12:27:46+00:00","dateModified":"2024-08-21T11:48:23+00:00","description":"Ve\u0107ina \u017eena do\u017eivjet \u0107e suho\u0107u vagine u nekom trenutku svog \u017eivota. To mo\u017ee biti vrlo neugodno jer mo\u017ee izazvati neke druge tegobe, kao \u0161to su svrbe\u017e, peckanje i osjetljivost.","breadcrumb":{"@id":"https:\/\/multi-gyn.com\/hr\/zdravlje-rodnice\/tegobe\/suhoca-vagine-uzroci-i-lijecenje\/#breadcrumb"},"inLanguage":"hr-HR","potentialAction":[{"@type":"ReadAction","target":["https:\/\/multi-gyn.com\/hr\/zdravlje-rodnice\/tegobe\/suhoca-vagine-uzroci-i-lijecenje\/"]}]},{"@type":"BreadcrumbList","@id":"https:\/\/multi-gyn.com\/hr\/zdravlje-rodnice\/tegobe\/suhoca-vagine-uzroci-i-lijecenje\/#breadcrumb","itemListElement":[{"@type":"ListItem","position":1,"name":"Home","item":"https:\/\/multi-gyn.com\/hr\/"},{"@type":"ListItem","position":2,"name":"Zdravlje rodnice","item":"https:\/\/multi-gyn.com\/hr\/zdravlje-rodnice\/"},{"@type":"ListItem","position":3,"name":"Tegobe","item":"https:\/\/multi-gyn.com\/hr\/zdravlje-rodnice\/tegobe\/"},{"@type":"ListItem","position":4,"name":"Suho\u0107a vagine: uzroci i lije\u010denje"}]},{"@type":"WebSite","@id":"https:\/\/multi-gyn.com\/hr\/#website","url":"https:\/\/multi-gyn.com\/hr\/","name":"Multi-Gyn","description":"","publisher":{"@id":"https:\/\/multi-gyn.com\/hr\/#organization"},"potentialAction":[{"@type":"SearchAction","target":{"@type":"EntryPoint","urlTemplate":"https:\/\/multi-gyn.com\/hr\/?s={search_term_string}"},"query-input":{"@type":"PropertyValueSpecification","valueRequired":true,"valueName":"search_term_string"}}],"inLanguage":"hr-HR"},{"@type":"Organization","@id":"https:\/\/multi-gyn.com\/hr\/#organization","name":"Multi-Gyn","url":"https:\/\/multi-gyn.com\/hr\/","logo":{"@type":"ImageObject","inLanguage":"hr-HR","@id":"https:\/\/multi-gyn.com\/hr\/#\/schema\/logo\/image\/","url":"https:\/\/multi-gyn.com\/app\/uploads\/sites\/43\/2023\/02\/multi-gyn-logo.png","contentUrl":"https:\/\/multi-gyn.com\/app\/uploads\/sites\/43\/2023\/02\/multi-gyn-logo.png","width":149,"height":32,"caption":"Multi-Gyn"},"image":{"@id":"https:\/\/multi-gyn.com\/hr\/#\/schema\/logo\/image\/"}}]}},"_links":{"self":[{"href":"https:\/\/multi-gyn.com\/hr\/wp-json\/wp\/v2\/pages\/219","targetHints":{"allow":["GET"]}}],"collection":[{"href":"https:\/\/multi-gyn.com\/hr\/wp-json\/wp\/v2\/pages"}],"about":[{"href":"https:\/\/multi-gyn.com\/hr\/wp-json\/wp\/v2\/types\/page"}],"author":[{"embeddable":true,"href":"https:\/\/multi-gyn.com\/hr\/wp-json\/wp\/v2\/users\/2"}],"replies":[{"embeddable":true,"href":"https:\/\/multi-gyn.com\/hr\/wp-json\/wp\/v2\/comments?post=219"}],"version-history":[{"count":4,"href":"https:\/\/multi-gyn.com\/hr\/wp-json\/wp\/v2\/pages\/219\/revisions"}],"predecessor-version":[{"id":556,"href":"https:\/\/multi-gyn.com\/hr\/wp-json\/wp\/v2\/pages\/219\/revisions\/556"}],"up":[{"embeddable":true,"href":"https:\/\/multi-gyn.com\/hr\/wp-json\/wp\/v2\/pages\/121"}],"wp:attachment":[{"href":"https:\/\/multi-gyn.com\/hr\/wp-json\/wp\/v2\/media?parent=219"}],"wp:term":[{"taxonomy":"from-article-database","embeddable":true,"href":"https:\/\/multi-gyn.com\/hr\/wp-json\/wp\/v2\/from-article-database?post=219"}],"curies":[{"name":"wp","href":"https:\/\/api.w.org\/{rel}","templated":true}]}}