{"id":221,"date":"2023-02-17T13:28:00","date_gmt":"2023-02-17T12:28:00","guid":{"rendered":"https:\/\/multi-gyn.com\/hr\/?page_id=221"},"modified":"2024-08-21T13:47:48","modified_gmt":"2024-08-21T11:47:48","slug":"miris-rodnice-sto-uzrokuje-toliko-jak-miris","status":"publish","type":"page","link":"https:\/\/multi-gyn.com\/hr\/zdravlje-rodnice\/tegobe\/miris-rodnice-sto-uzrokuje-toliko-jak-miris\/","title":{"rendered":"Miris rodnice: \u0161to uzrokuje toliko jak miris?"},"content":{"rendered":"\n<div class=\"wp-block-karopharma-free-text pt-large pb-large bg-center bg-cover bg-no-repeat  is-style-primary\" style=\"background-image:url()\"><div class=\"free-text-wrapper container max-w-medium text-left\">\n<h1 class=\"wp-block-heading\">Miris rodnice: \u0161to uzrokuje toliko jak miris?<\/h1>\n\n\n\n<p class=\"is-style-paragraph-preamble\">Svaka \u017eena ima svoj miris tijela. Isto vrijedi i za rodnicu. Posve je normalno da imati neki svoj intimni miris. Ako miris postane neugodan, to mo\u017ee biti pokazatelj infekcije rodnice. Ali kako znate da miris Va\u0161e rodnice upu\u0107uje na neku zdravstvenu tegobu? <\/p>\n\n\n\n<p class=\"is-style-paragraph-preamble\">Po\u010dnimo s onim \u0161to se smatra normalnim.<\/p>\n<\/div><\/div>\n\n\n\n<div class=\"wp-block-karopharma-free-text pt-large pb-large bg-center bg-cover bg-no-repeat\" style=\"background-image:url()\"><div class=\"free-text-wrapper container max-w-medium text-left\">\n<h2 class=\"is-style-heading-h2 wp-block-heading\"><strong>Normalan miris rodnice<\/strong><\/h2>\n\n\n\n<p>Svaka \u017eena je jedinstvena, pa tako i miris njezine rodnice. Me\u0111utim, ve\u0107ina \u017eena primijetit \u0107e blago kiseli miris. To je zbog prisutnosti mlije\u010dne kiseline u rodnici.<\/p>\n\n\n\n<p>Kad se razina hormona mijenja, mo\u017ee se mijenjati i miris rodnice. Miris je jo\u0161 intenzivniji tijekom ovulacije nego ostalih dana. Mnoge \u017eene primijetit \u0107e promjenu mirisa nakon seksualnog odnosa. To je zato \u0161to sperma privremeno podi\u017ee pH razinu rodnice.<\/p>\n\n\n\n<p>Normalan miris rodnice ne izaziva osje\u0107aj srama, no katkad nam mo\u017ee biti neugodno. Mo\u017eete \u010dak biti pomalo nesigurne, pitaju\u0107i se osje\u0107aju li miris i drugi ljudi. (Pa kad ve\u0107 razmi\u0161ljate o tome, jeste li ikad osjetili miris rodnice druge \u017eene?). <\/p>\n\n\n\n<p>Ako miris po\u010dinje biti intenzivniji, to je mo\u017eda pokazatelj bakterijske vaginoze. <\/p>\n\n\n\n<p><em>&#8220;Jedan od naj\u010de\u0161\u0107ih uzroka mirisa rodnice je bakterijska vaginoza. Jak, miris koji podsje\u0107a na ribu, jedan je od glavnih simptoma ove infekcije rodnice.&#8221;<\/em><\/p>\n\n\n\n<h2 class=\"is-style-heading-h2 wp-block-heading\"><strong>Mo\u017ee li neugodan miris rodnice upu\u0107ivati na bolest?<\/strong><\/h2>\n\n\n\n<p>Jedan od naj\u010de\u0161\u0107ih uzroka mirisa rodnice je bakterijska infekcija, poznata i kao bakterijska vaginoza. Jak, miris po ribi jedan je od glavnih simptoma infekcije rodnice, koju uzrokuje prekomjeran rast \u0161tetnih\/ne\u017eeljenih bakterija u rodnici. Drugi simptom bakterijske vaginoze je gust, sivkasto-bijel iscjedak. <\/p>\n\n\n\n<p>Obi\u010dno je ova infekcija prili\u010dno bezopasna i simptomi \u0107e spontano nestati, iako mogu potrajati neko vrijeme. Bakterijska vaginoza obi\u010dno se lije\u010di antibioticima, koje propisuje lije\u010dnik. To je u\u010dinkovita terapija, ali mo\u017ee, na\u017ealost, izazvati neke neugodne ne\u017eeljene u\u010dinke, kao \u0161to su mu\u010dnina i povra\u0107anje, a kasnije i rezistenciju na antibiotike.<\/p>\n\n\n\n<p>Kao alternativa, postoje proizvodi za intimnu njegu koje mo\u017eete nabaviti bez recepta i koristiti u terapiji bakterijske vaginoze. Proizvodi prirodnih sastojaka mogu tretirati infekciju i istodobno pridonijeti uspostavljanju normalne flore rodnice.<\/p>\n\n\n\n<p>Postoje neki ozbiljniji uzroci neugodna mirisa rodnice. Osjetite li specifi\u010dan miris koji intenzivno podsje\u0107a na ribu, savjetujemo Vam da posjetite svog lije\u010dnika.<\/p>\n<\/div><\/div>\n","protected":false},"excerpt":{"rendered":"","protected":false},"author":2,"featured_media":0,"parent":121,"menu_order":17,"comment_status":"closed","ping_status":"closed","template":"","meta":{"_acf_changed":false,"footnotes":""},"from-article-database":[],"class_list":["post-221","page","type-page","status-publish","hentry"],"acf":[],"yoast_head":"<!-- This site is optimized with the Yoast SEO plugin v26.6 - https:\/\/yoast.com\/wordpress\/plugins\/seo\/ -->\n<title>Miris rodnice: \u0161to uzrokuje toliko jak miris? - Multi-Gyn<\/title>\n<meta name=\"description\" content=\"Svaka \u017eena ima svoj miris tijela. Isto vrijedi i za rodnicu. Posve je normalno da imati neki svoj intimni miris. Ako miris postane neugodan, to mo\u017ee biti pokazatelj infekcije rodnice.\" \/>\n<meta name=\"robots\" content=\"index, follow, max-snippet:-1, max-image-preview:large, max-video-preview:-1\" \/>\n<link rel=\"canonical\" href=\"https:\/\/multi-gyn.com\/hr\/zdravlje-rodnice\/tegobe\/miris-rodnice-sto-uzrokuje-toliko-jak-miris\/\" \/>\n<meta property=\"og:locale\" content=\"hr_HR\" \/>\n<meta property=\"og:type\" content=\"article\" \/>\n<meta property=\"og:title\" content=\"Miris rodnice: \u0161to uzrokuje toliko jak miris? - Multi-Gyn\" \/>\n<meta property=\"og:description\" content=\"Svaka \u017eena ima svoj miris tijela. Isto vrijedi i za rodnicu. Posve je normalno da imati neki svoj intimni miris. Ako miris postane neugodan, to mo\u017ee biti pokazatelj infekcije rodnice.\" \/>\n<meta property=\"og:url\" content=\"https:\/\/multi-gyn.com\/hr\/zdravlje-rodnice\/tegobe\/miris-rodnice-sto-uzrokuje-toliko-jak-miris\/\" \/>\n<meta property=\"og:site_name\" content=\"Multi-Gyn\" \/>\n<meta property=\"article:modified_time\" content=\"2024-08-21T11:47:48+00:00\" \/>\n<meta name=\"twitter:card\" content=\"summary_large_image\" \/>\n<meta name=\"twitter:label1\" content=\"Est. reading time\" \/>\n\t<meta name=\"twitter:data1\" content=\"2 minutes\" \/>\n<script type=\"application\/ld+json\" class=\"yoast-schema-graph\">{\"@context\":\"https:\/\/schema.org\",\"@graph\":[{\"@type\":\"WebPage\",\"@id\":\"https:\/\/multi-gyn.com\/hr\/zdravlje-rodnice\/tegobe\/miris-rodnice-sto-uzrokuje-toliko-jak-miris\/\",\"url\":\"https:\/\/multi-gyn.com\/hr\/zdravlje-rodnice\/tegobe\/miris-rodnice-sto-uzrokuje-toliko-jak-miris\/\",\"name\":\"Miris rodnice: \u0161to uzrokuje toliko jak miris? - Multi-Gyn\",\"isPartOf\":{\"@id\":\"https:\/\/multi-gyn.com\/hr\/#website\"},\"datePublished\":\"2023-02-17T12:28:00+00:00\",\"dateModified\":\"2024-08-21T11:47:48+00:00\",\"description\":\"Svaka \u017eena ima svoj miris tijela. Isto vrijedi i za rodnicu. Posve je normalno da imati neki svoj intimni miris. Ako miris postane neugodan, to mo\u017ee biti pokazatelj infekcije rodnice.\",\"breadcrumb\":{\"@id\":\"https:\/\/multi-gyn.com\/hr\/zdravlje-rodnice\/tegobe\/miris-rodnice-sto-uzrokuje-toliko-jak-miris\/#breadcrumb\"},\"inLanguage\":\"hr-HR\",\"potentialAction\":[{\"@type\":\"ReadAction\",\"target\":[\"https:\/\/multi-gyn.com\/hr\/zdravlje-rodnice\/tegobe\/miris-rodnice-sto-uzrokuje-toliko-jak-miris\/\"]}]},{\"@type\":\"BreadcrumbList\",\"@id\":\"https:\/\/multi-gyn.com\/hr\/zdravlje-rodnice\/tegobe\/miris-rodnice-sto-uzrokuje-toliko-jak-miris\/#breadcrumb\",\"itemListElement\":[{\"@type\":\"ListItem\",\"position\":1,\"name\":\"Home\",\"item\":\"https:\/\/multi-gyn.com\/hr\/\"},{\"@type\":\"ListItem\",\"position\":2,\"name\":\"Zdravlje rodnice\",\"item\":\"https:\/\/multi-gyn.com\/hr\/zdravlje-rodnice\/\"},{\"@type\":\"ListItem\",\"position\":3,\"name\":\"Tegobe\",\"item\":\"https:\/\/multi-gyn.com\/hr\/zdravlje-rodnice\/tegobe\/\"},{\"@type\":\"ListItem\",\"position\":4,\"name\":\"Miris rodnice: \u0161to uzrokuje toliko jak miris?\"}]},{\"@type\":\"WebSite\",\"@id\":\"https:\/\/multi-gyn.com\/hr\/#website\",\"url\":\"https:\/\/multi-gyn.com\/hr\/\",\"name\":\"Multi-Gyn\",\"description\":\"\",\"publisher\":{\"@id\":\"https:\/\/multi-gyn.com\/hr\/#organization\"},\"potentialAction\":[{\"@type\":\"SearchAction\",\"target\":{\"@type\":\"EntryPoint\",\"urlTemplate\":\"https:\/\/multi-gyn.com\/hr\/?s={search_term_string}\"},\"query-input\":{\"@type\":\"PropertyValueSpecification\",\"valueRequired\":true,\"valueName\":\"search_term_string\"}}],\"inLanguage\":\"hr-HR\"},{\"@type\":\"Organization\",\"@id\":\"https:\/\/multi-gyn.com\/hr\/#organization\",\"name\":\"Multi-Gyn\",\"url\":\"https:\/\/multi-gyn.com\/hr\/\",\"logo\":{\"@type\":\"ImageObject\",\"inLanguage\":\"hr-HR\",\"@id\":\"https:\/\/multi-gyn.com\/hr\/#\/schema\/logo\/image\/\",\"url\":\"https:\/\/multi-gyn.com\/app\/uploads\/sites\/43\/2023\/02\/multi-gyn-logo.png\",\"contentUrl\":\"https:\/\/multi-gyn.com\/app\/uploads\/sites\/43\/2023\/02\/multi-gyn-logo.png\",\"width\":149,\"height\":32,\"caption\":\"Multi-Gyn\"},\"image\":{\"@id\":\"https:\/\/multi-gyn.com\/hr\/#\/schema\/logo\/image\/\"}}]}<\/script>\n<!-- \/ Yoast SEO plugin. -->","yoast_head_json":{"title":"Miris rodnice: \u0161to uzrokuje toliko jak miris? - Multi-Gyn","description":"Svaka \u017eena ima svoj miris tijela. Isto vrijedi i za rodnicu. Posve je normalno da imati neki svoj intimni miris. Ako miris postane neugodan, to mo\u017ee biti pokazatelj infekcije rodnice.","robots":{"index":"index","follow":"follow","max-snippet":"max-snippet:-1","max-image-preview":"max-image-preview:large","max-video-preview":"max-video-preview:-1"},"canonical":"https:\/\/multi-gyn.com\/hr\/zdravlje-rodnice\/tegobe\/miris-rodnice-sto-uzrokuje-toliko-jak-miris\/","og_locale":"hr_HR","og_type":"article","og_title":"Miris rodnice: \u0161to uzrokuje toliko jak miris? - Multi-Gyn","og_description":"Svaka \u017eena ima svoj miris tijela. Isto vrijedi i za rodnicu. Posve je normalno da imati neki svoj intimni miris. Ako miris postane neugodan, to mo\u017ee biti pokazatelj infekcije rodnice.","og_url":"https:\/\/multi-gyn.com\/hr\/zdravlje-rodnice\/tegobe\/miris-rodnice-sto-uzrokuje-toliko-jak-miris\/","og_site_name":"Multi-Gyn","article_modified_time":"2024-08-21T11:47:48+00:00","twitter_card":"summary_large_image","twitter_misc":{"Est. reading time":"2 minutes"},"schema":{"@context":"https:\/\/schema.org","@graph":[{"@type":"WebPage","@id":"https:\/\/multi-gyn.com\/hr\/zdravlje-rodnice\/tegobe\/miris-rodnice-sto-uzrokuje-toliko-jak-miris\/","url":"https:\/\/multi-gyn.com\/hr\/zdravlje-rodnice\/tegobe\/miris-rodnice-sto-uzrokuje-toliko-jak-miris\/","name":"Miris rodnice: \u0161to uzrokuje toliko jak miris? - Multi-Gyn","isPartOf":{"@id":"https:\/\/multi-gyn.com\/hr\/#website"},"datePublished":"2023-02-17T12:28:00+00:00","dateModified":"2024-08-21T11:47:48+00:00","description":"Svaka \u017eena ima svoj miris tijela. Isto vrijedi i za rodnicu. Posve je normalno da imati neki svoj intimni miris. Ako miris postane neugodan, to mo\u017ee biti pokazatelj infekcije rodnice.","breadcrumb":{"@id":"https:\/\/multi-gyn.com\/hr\/zdravlje-rodnice\/tegobe\/miris-rodnice-sto-uzrokuje-toliko-jak-miris\/#breadcrumb"},"inLanguage":"hr-HR","potentialAction":[{"@type":"ReadAction","target":["https:\/\/multi-gyn.com\/hr\/zdravlje-rodnice\/tegobe\/miris-rodnice-sto-uzrokuje-toliko-jak-miris\/"]}]},{"@type":"BreadcrumbList","@id":"https:\/\/multi-gyn.com\/hr\/zdravlje-rodnice\/tegobe\/miris-rodnice-sto-uzrokuje-toliko-jak-miris\/#breadcrumb","itemListElement":[{"@type":"ListItem","position":1,"name":"Home","item":"https:\/\/multi-gyn.com\/hr\/"},{"@type":"ListItem","position":2,"name":"Zdravlje rodnice","item":"https:\/\/multi-gyn.com\/hr\/zdravlje-rodnice\/"},{"@type":"ListItem","position":3,"name":"Tegobe","item":"https:\/\/multi-gyn.com\/hr\/zdravlje-rodnice\/tegobe\/"},{"@type":"ListItem","position":4,"name":"Miris rodnice: \u0161to uzrokuje toliko jak miris?"}]},{"@type":"WebSite","@id":"https:\/\/multi-gyn.com\/hr\/#website","url":"https:\/\/multi-gyn.com\/hr\/","name":"Multi-Gyn","description":"","publisher":{"@id":"https:\/\/multi-gyn.com\/hr\/#organization"},"potentialAction":[{"@type":"SearchAction","target":{"@type":"EntryPoint","urlTemplate":"https:\/\/multi-gyn.com\/hr\/?s={search_term_string}"},"query-input":{"@type":"PropertyValueSpecification","valueRequired":true,"valueName":"search_term_string"}}],"inLanguage":"hr-HR"},{"@type":"Organization","@id":"https:\/\/multi-gyn.com\/hr\/#organization","name":"Multi-Gyn","url":"https:\/\/multi-gyn.com\/hr\/","logo":{"@type":"ImageObject","inLanguage":"hr-HR","@id":"https:\/\/multi-gyn.com\/hr\/#\/schema\/logo\/image\/","url":"https:\/\/multi-gyn.com\/app\/uploads\/sites\/43\/2023\/02\/multi-gyn-logo.png","contentUrl":"https:\/\/multi-gyn.com\/app\/uploads\/sites\/43\/2023\/02\/multi-gyn-logo.png","width":149,"height":32,"caption":"Multi-Gyn"},"image":{"@id":"https:\/\/multi-gyn.com\/hr\/#\/schema\/logo\/image\/"}}]}},"_links":{"self":[{"href":"https:\/\/multi-gyn.com\/hr\/wp-json\/wp\/v2\/pages\/221","targetHints":{"allow":["GET"]}}],"collection":[{"href":"https:\/\/multi-gyn.com\/hr\/wp-json\/wp\/v2\/pages"}],"about":[{"href":"https:\/\/multi-gyn.com\/hr\/wp-json\/wp\/v2\/types\/page"}],"author":[{"embeddable":true,"href":"https:\/\/multi-gyn.com\/hr\/wp-json\/wp\/v2\/users\/2"}],"replies":[{"embeddable":true,"href":"https:\/\/multi-gyn.com\/hr\/wp-json\/wp\/v2\/comments?post=221"}],"version-history":[{"count":5,"href":"https:\/\/multi-gyn.com\/hr\/wp-json\/wp\/v2\/pages\/221\/revisions"}],"predecessor-version":[{"id":532,"href":"https:\/\/multi-gyn.com\/hr\/wp-json\/wp\/v2\/pages\/221\/revisions\/532"}],"up":[{"embeddable":true,"href":"https:\/\/multi-gyn.com\/hr\/wp-json\/wp\/v2\/pages\/121"}],"wp:attachment":[{"href":"https:\/\/multi-gyn.com\/hr\/wp-json\/wp\/v2\/media?parent=221"}],"wp:term":[{"taxonomy":"from-article-database","embeddable":true,"href":"https:\/\/multi-gyn.com\/hr\/wp-json\/wp\/v2\/from-article-database?post=221"}],"curies":[{"name":"wp","href":"https:\/\/api.w.org\/{rel}","templated":true}]}}