{"id":223,"date":"2023-02-17T13:28:13","date_gmt":"2023-02-17T12:28:13","guid":{"rendered":"https:\/\/multi-gyn.com\/hr\/?page_id=223"},"modified":"2024-08-21T13:48:07","modified_gmt":"2024-08-21T11:48:07","slug":"da-li-je-moj-iscjedak-iz-rodnice-normalan","status":"publish","type":"page","link":"https:\/\/multi-gyn.com\/hr\/zdravlje-rodnice\/tegobe\/da-li-je-moj-iscjedak-iz-rodnice-normalan\/","title":{"rendered":"Da li je moj iscjedak iz rodnice normalan?"},"content":{"rendered":"\n<div class=\"wp-block-karopharma-free-text pt-large pb-large bg-center bg-cover bg-no-repeat  is-style-primary\" style=\"background-image:url()\"><div class=\"free-text-wrapper container max-w-medium text-left\">\n<h1 class=\"wp-block-heading\">Da li je moj iscjedak iz rodnice normalan?<\/h1>\n\n\n\n<p class=\"is-style-paragraph-preamble\">Iscjedak iz rodnice je normalan i ima nekoliko va\u017enih uloga, uklju\u010duju\u0107i \u010di\u0161\u0107enje i vla\u017eenje rodnice i pomo\u0107 u prevenciji i borbi protiv infekcija. Provjera iscjetka va\u0161e rodnice mo\u017ee vam pomo\u0107i da rano otkrijete potencijalni problem, i da odr\u017eavate rodnicu zdravom.<\/p>\n<\/div><\/div>\n\n\n\n<div class=\"wp-block-karopharma-free-text pt-large pb-large bg-center bg-cover bg-no-repeat\" style=\"background-image:url()\"><div class=\"free-text-wrapper container max-w-medium text-left\">\n<h2 class=\"is-style-heading-h2 wp-block-heading\"><strong>\u0160to je normalno?<\/strong><\/h2>\n\n\n\n<p>Normalan iscjedak iz rodnice je obi\u010dno proziran ili bijel, miri\u0161e blago kiselo i mo\u017ee biti gust ili rijedak. Normalan iscjedak mo\u017ee varirati u teksturi. Mo\u017ee biti rijedak, ljepljiv, elasti\u010dan, ili gust i sluzav. Mo\u017eete primijetiti male promjene u teksturi i kvantiteti va\u0161eg iscjetka kada ste seksualno uzbu\u0111eni, prije menstruacije, tokom ovulacije, dojenja ili menopauze.<\/p>\n\n\n\n<p>Dok je normalno da va\u0161 iscjedak pomalo varira, va\u017eno je razumjeti razlike izme\u0111u normalnog I abnormalnog iscjetka iz rodnice. Ovo \u0107e vam pomo\u0107i da prepoznate ukoliko promjene u iscjetku ukazuju na problem, ili zahtijevaju daljnje istra\u017eivanje.<\/p>\n\n\n\n<p>Va\u017eno je razumjeti razlike izme\u0111u normalnog I abnormalnog iscjetka iz rodnice. Ovo \u0107e vam pomo\u0107i da prepoznate ukoliko promjene u iscjetku ukazuju na problem, ili zahtijevaju daljnje istra\u017eivanje. <\/p>\n\n\n\n<p><em>&#8220;Ukoliko mislite da mo\u017eda imate neku spolnu bolest, va\u017eno je da se javite va\u0161em lije\u010dniku. Tako\u0111er, idite odmah kod svog lije\u010dnika, ukoliko imate iscjedak pra\u0107en temperaturom ili bolom u trbuhu, abdomenu ili zdjeli\u010dnoj regiji.&#8221;<\/em><\/p>\n\n\n\n<h2 class=\"is-style-heading-h2 wp-block-heading\"><strong>Provjeravajte svoj iscjedak redovno i pazite na promjene<\/strong><\/h2>\n\n\n\n<p>Va\u017eno je provjeravati svoj iscjedak iz rodnice i paziti na promjene. <\/p>\n\n\n\n<p>Sljede\u0107e promjene mogu ukazivati na problem:<\/p>\n\n\n\n<ul class=\"is-style-default wp-block-list\"><li>Promjena u mirisu (posebno neugodan ili miris nalik na ribu).<\/li><li>Promjena u boji (kada vu\u010de na zelenkasto, sivkasto, ili bilo \u0161ta \u0161to li\u010di na gnoj).<\/li><li>Promjena u teksturi (nalik na pjenu ili kvrge kao i gustu sirastu strukturu).<\/li><li>Svrbe\u017e rodnice, peckanje, otok, ili crvenilo.<\/li><li>Krvarenje iz rodnice ili to\u010dkasto krvarenje koje nije dio va\u0161e menstruacije.<\/li><\/ul>\n\n\n\n<p>Infekcije rodnice, kao \u0161to su bakterijska vaginoza i Candica (gljivica), su \u010desti uzroci abnormalnog iscjetka iz rodnice. Neke infekcije koje mogu uzrokovati promjene u iscjetku iz rodnice, poput Gonoreje, prenosive su spolnim putem. Druge infekcije se mogu dogoditi uz seksualnu aktivnost, ili bez nje, kao \u0161to su bakterijska vaginoza, ili gljivi\u010dne infekcije.<\/p>\n\n\n\n<p>Simptomi ovih infekcija mogu biti veoma sli\u010dni, ali ima odre\u0111enih razlika na koje bi trebalo obratiti pa\u017enju:<\/p>\n\n\n\n<ul class=\"is-style-default wp-block-list\"><li>Gljivi\u010dne infekcije mogu uzrokovati da va\u0161 iscjedak postane neproziran, bijel i gust, siraste strukture. Gljivi\u010dna infekcija ne mora imati jak miris, ali mo\u017ee izazvati ozbiljan svrbe\u017e ili peckanje.<\/li><li>Bakterijska vaginoza mo\u017ee uzrokovati da va\u0161 iscjedak dobije neugodan miris, nalik na ribu. Iscjedak mo\u017ee biti rijedak i sivkaste boje.<\/li><li>Trihomonas, \u010desta spolno prenosiva bolest, mo\u017ee uzrokovati jak miris. Iscjedak je \u010desto \u017eute ili zelenkaste boje, I mo\u017ee biti pjenu\u0161av.<\/li><\/ul>\n<\/div><\/div>\n","protected":false},"excerpt":{"rendered":"","protected":false},"author":2,"featured_media":0,"parent":121,"menu_order":18,"comment_status":"closed","ping_status":"closed","template":"","meta":{"_acf_changed":false,"footnotes":""},"from-article-database":[],"class_list":["post-223","page","type-page","status-publish","hentry"],"acf":[],"yoast_head":"<!-- This site is optimized with the Yoast SEO plugin v26.6 - https:\/\/yoast.com\/wordpress\/plugins\/seo\/ -->\n<title>Da li je moj iscjedak iz rodnice normalan? - Multi-Gyn<\/title>\n<meta name=\"description\" content=\"Iscjedak iz rodnice je normalan i ima nekoliko va\u017enih uloga, uklju\u010duju\u0107i \u010di\u0161\u0107enje i vla\u017eenje rodnice i pomo\u0107 u prevenciji i borbi protiv infekcija.\" \/>\n<meta name=\"robots\" content=\"index, follow, max-snippet:-1, max-image-preview:large, max-video-preview:-1\" \/>\n<link rel=\"canonical\" href=\"https:\/\/multi-gyn.com\/hr\/zdravlje-rodnice\/tegobe\/da-li-je-moj-iscjedak-iz-rodnice-normalan\/\" \/>\n<meta property=\"og:locale\" content=\"hr_HR\" \/>\n<meta property=\"og:type\" content=\"article\" \/>\n<meta property=\"og:title\" content=\"Da li je moj iscjedak iz rodnice normalan? - Multi-Gyn\" \/>\n<meta property=\"og:description\" content=\"Iscjedak iz rodnice je normalan i ima nekoliko va\u017enih uloga, uklju\u010duju\u0107i \u010di\u0161\u0107enje i vla\u017eenje rodnice i pomo\u0107 u prevenciji i borbi protiv infekcija.\" \/>\n<meta property=\"og:url\" content=\"https:\/\/multi-gyn.com\/hr\/zdravlje-rodnice\/tegobe\/da-li-je-moj-iscjedak-iz-rodnice-normalan\/\" \/>\n<meta property=\"og:site_name\" content=\"Multi-Gyn\" \/>\n<meta property=\"article:modified_time\" content=\"2024-08-21T11:48:07+00:00\" \/>\n<meta name=\"twitter:card\" content=\"summary_large_image\" \/>\n<meta name=\"twitter:label1\" content=\"Est. reading time\" \/>\n\t<meta name=\"twitter:data1\" content=\"3 minutes\" \/>\n<script type=\"application\/ld+json\" class=\"yoast-schema-graph\">{\"@context\":\"https:\/\/schema.org\",\"@graph\":[{\"@type\":\"WebPage\",\"@id\":\"https:\/\/multi-gyn.com\/hr\/zdravlje-rodnice\/tegobe\/da-li-je-moj-iscjedak-iz-rodnice-normalan\/\",\"url\":\"https:\/\/multi-gyn.com\/hr\/zdravlje-rodnice\/tegobe\/da-li-je-moj-iscjedak-iz-rodnice-normalan\/\",\"name\":\"Da li je moj iscjedak iz rodnice normalan? - Multi-Gyn\",\"isPartOf\":{\"@id\":\"https:\/\/multi-gyn.com\/hr\/#website\"},\"datePublished\":\"2023-02-17T12:28:13+00:00\",\"dateModified\":\"2024-08-21T11:48:07+00:00\",\"description\":\"Iscjedak iz rodnice je normalan i ima nekoliko va\u017enih uloga, uklju\u010duju\u0107i \u010di\u0161\u0107enje i vla\u017eenje rodnice i pomo\u0107 u prevenciji i borbi protiv infekcija.\",\"breadcrumb\":{\"@id\":\"https:\/\/multi-gyn.com\/hr\/zdravlje-rodnice\/tegobe\/da-li-je-moj-iscjedak-iz-rodnice-normalan\/#breadcrumb\"},\"inLanguage\":\"hr-HR\",\"potentialAction\":[{\"@type\":\"ReadAction\",\"target\":[\"https:\/\/multi-gyn.com\/hr\/zdravlje-rodnice\/tegobe\/da-li-je-moj-iscjedak-iz-rodnice-normalan\/\"]}]},{\"@type\":\"BreadcrumbList\",\"@id\":\"https:\/\/multi-gyn.com\/hr\/zdravlje-rodnice\/tegobe\/da-li-je-moj-iscjedak-iz-rodnice-normalan\/#breadcrumb\",\"itemListElement\":[{\"@type\":\"ListItem\",\"position\":1,\"name\":\"Home\",\"item\":\"https:\/\/multi-gyn.com\/hr\/\"},{\"@type\":\"ListItem\",\"position\":2,\"name\":\"Zdravlje rodnice\",\"item\":\"https:\/\/multi-gyn.com\/hr\/zdravlje-rodnice\/\"},{\"@type\":\"ListItem\",\"position\":3,\"name\":\"Tegobe\",\"item\":\"https:\/\/multi-gyn.com\/hr\/zdravlje-rodnice\/tegobe\/\"},{\"@type\":\"ListItem\",\"position\":4,\"name\":\"Da li je moj iscjedak iz rodnice normalan?\"}]},{\"@type\":\"WebSite\",\"@id\":\"https:\/\/multi-gyn.com\/hr\/#website\",\"url\":\"https:\/\/multi-gyn.com\/hr\/\",\"name\":\"Multi-Gyn\",\"description\":\"\",\"publisher\":{\"@id\":\"https:\/\/multi-gyn.com\/hr\/#organization\"},\"potentialAction\":[{\"@type\":\"SearchAction\",\"target\":{\"@type\":\"EntryPoint\",\"urlTemplate\":\"https:\/\/multi-gyn.com\/hr\/?s={search_term_string}\"},\"query-input\":{\"@type\":\"PropertyValueSpecification\",\"valueRequired\":true,\"valueName\":\"search_term_string\"}}],\"inLanguage\":\"hr-HR\"},{\"@type\":\"Organization\",\"@id\":\"https:\/\/multi-gyn.com\/hr\/#organization\",\"name\":\"Multi-Gyn\",\"url\":\"https:\/\/multi-gyn.com\/hr\/\",\"logo\":{\"@type\":\"ImageObject\",\"inLanguage\":\"hr-HR\",\"@id\":\"https:\/\/multi-gyn.com\/hr\/#\/schema\/logo\/image\/\",\"url\":\"https:\/\/multi-gyn.com\/app\/uploads\/sites\/43\/2023\/02\/multi-gyn-logo.png\",\"contentUrl\":\"https:\/\/multi-gyn.com\/app\/uploads\/sites\/43\/2023\/02\/multi-gyn-logo.png\",\"width\":149,\"height\":32,\"caption\":\"Multi-Gyn\"},\"image\":{\"@id\":\"https:\/\/multi-gyn.com\/hr\/#\/schema\/logo\/image\/\"}}]}<\/script>\n<!-- \/ Yoast SEO plugin. -->","yoast_head_json":{"title":"Da li je moj iscjedak iz rodnice normalan? - Multi-Gyn","description":"Iscjedak iz rodnice je normalan i ima nekoliko va\u017enih uloga, uklju\u010duju\u0107i \u010di\u0161\u0107enje i vla\u017eenje rodnice i pomo\u0107 u prevenciji i borbi protiv infekcija.","robots":{"index":"index","follow":"follow","max-snippet":"max-snippet:-1","max-image-preview":"max-image-preview:large","max-video-preview":"max-video-preview:-1"},"canonical":"https:\/\/multi-gyn.com\/hr\/zdravlje-rodnice\/tegobe\/da-li-je-moj-iscjedak-iz-rodnice-normalan\/","og_locale":"hr_HR","og_type":"article","og_title":"Da li je moj iscjedak iz rodnice normalan? - Multi-Gyn","og_description":"Iscjedak iz rodnice je normalan i ima nekoliko va\u017enih uloga, uklju\u010duju\u0107i \u010di\u0161\u0107enje i vla\u017eenje rodnice i pomo\u0107 u prevenciji i borbi protiv infekcija.","og_url":"https:\/\/multi-gyn.com\/hr\/zdravlje-rodnice\/tegobe\/da-li-je-moj-iscjedak-iz-rodnice-normalan\/","og_site_name":"Multi-Gyn","article_modified_time":"2024-08-21T11:48:07+00:00","twitter_card":"summary_large_image","twitter_misc":{"Est. reading time":"3 minutes"},"schema":{"@context":"https:\/\/schema.org","@graph":[{"@type":"WebPage","@id":"https:\/\/multi-gyn.com\/hr\/zdravlje-rodnice\/tegobe\/da-li-je-moj-iscjedak-iz-rodnice-normalan\/","url":"https:\/\/multi-gyn.com\/hr\/zdravlje-rodnice\/tegobe\/da-li-je-moj-iscjedak-iz-rodnice-normalan\/","name":"Da li je moj iscjedak iz rodnice normalan? - Multi-Gyn","isPartOf":{"@id":"https:\/\/multi-gyn.com\/hr\/#website"},"datePublished":"2023-02-17T12:28:13+00:00","dateModified":"2024-08-21T11:48:07+00:00","description":"Iscjedak iz rodnice je normalan i ima nekoliko va\u017enih uloga, uklju\u010duju\u0107i \u010di\u0161\u0107enje i vla\u017eenje rodnice i pomo\u0107 u prevenciji i borbi protiv infekcija.","breadcrumb":{"@id":"https:\/\/multi-gyn.com\/hr\/zdravlje-rodnice\/tegobe\/da-li-je-moj-iscjedak-iz-rodnice-normalan\/#breadcrumb"},"inLanguage":"hr-HR","potentialAction":[{"@type":"ReadAction","target":["https:\/\/multi-gyn.com\/hr\/zdravlje-rodnice\/tegobe\/da-li-je-moj-iscjedak-iz-rodnice-normalan\/"]}]},{"@type":"BreadcrumbList","@id":"https:\/\/multi-gyn.com\/hr\/zdravlje-rodnice\/tegobe\/da-li-je-moj-iscjedak-iz-rodnice-normalan\/#breadcrumb","itemListElement":[{"@type":"ListItem","position":1,"name":"Home","item":"https:\/\/multi-gyn.com\/hr\/"},{"@type":"ListItem","position":2,"name":"Zdravlje rodnice","item":"https:\/\/multi-gyn.com\/hr\/zdravlje-rodnice\/"},{"@type":"ListItem","position":3,"name":"Tegobe","item":"https:\/\/multi-gyn.com\/hr\/zdravlje-rodnice\/tegobe\/"},{"@type":"ListItem","position":4,"name":"Da li je moj iscjedak iz rodnice normalan?"}]},{"@type":"WebSite","@id":"https:\/\/multi-gyn.com\/hr\/#website","url":"https:\/\/multi-gyn.com\/hr\/","name":"Multi-Gyn","description":"","publisher":{"@id":"https:\/\/multi-gyn.com\/hr\/#organization"},"potentialAction":[{"@type":"SearchAction","target":{"@type":"EntryPoint","urlTemplate":"https:\/\/multi-gyn.com\/hr\/?s={search_term_string}"},"query-input":{"@type":"PropertyValueSpecification","valueRequired":true,"valueName":"search_term_string"}}],"inLanguage":"hr-HR"},{"@type":"Organization","@id":"https:\/\/multi-gyn.com\/hr\/#organization","name":"Multi-Gyn","url":"https:\/\/multi-gyn.com\/hr\/","logo":{"@type":"ImageObject","inLanguage":"hr-HR","@id":"https:\/\/multi-gyn.com\/hr\/#\/schema\/logo\/image\/","url":"https:\/\/multi-gyn.com\/app\/uploads\/sites\/43\/2023\/02\/multi-gyn-logo.png","contentUrl":"https:\/\/multi-gyn.com\/app\/uploads\/sites\/43\/2023\/02\/multi-gyn-logo.png","width":149,"height":32,"caption":"Multi-Gyn"},"image":{"@id":"https:\/\/multi-gyn.com\/hr\/#\/schema\/logo\/image\/"}}]}},"_links":{"self":[{"href":"https:\/\/multi-gyn.com\/hr\/wp-json\/wp\/v2\/pages\/223","targetHints":{"allow":["GET"]}}],"collection":[{"href":"https:\/\/multi-gyn.com\/hr\/wp-json\/wp\/v2\/pages"}],"about":[{"href":"https:\/\/multi-gyn.com\/hr\/wp-json\/wp\/v2\/types\/page"}],"author":[{"embeddable":true,"href":"https:\/\/multi-gyn.com\/hr\/wp-json\/wp\/v2\/users\/2"}],"replies":[{"embeddable":true,"href":"https:\/\/multi-gyn.com\/hr\/wp-json\/wp\/v2\/comments?post=223"}],"version-history":[{"count":8,"href":"https:\/\/multi-gyn.com\/hr\/wp-json\/wp\/v2\/pages\/223\/revisions"}],"predecessor-version":[{"id":543,"href":"https:\/\/multi-gyn.com\/hr\/wp-json\/wp\/v2\/pages\/223\/revisions\/543"}],"up":[{"embeddable":true,"href":"https:\/\/multi-gyn.com\/hr\/wp-json\/wp\/v2\/pages\/121"}],"wp:attachment":[{"href":"https:\/\/multi-gyn.com\/hr\/wp-json\/wp\/v2\/media?parent=223"}],"wp:term":[{"taxonomy":"from-article-database","embeddable":true,"href":"https:\/\/multi-gyn.com\/hr\/wp-json\/wp\/v2\/from-article-database?post=223"}],"curies":[{"name":"wp","href":"https:\/\/api.w.org\/{rel}","templated":true}]}}