{"id":95,"date":"2023-02-17T11:02:21","date_gmt":"2023-02-17T10:02:21","guid":{"rendered":"https:\/\/multi-gyn.com\/hr\/?page_id=95"},"modified":"2026-03-25T15:56:33","modified_gmt":"2026-03-25T14:56:33","slug":"o-multi-gyn","status":"publish","type":"page","link":"https:\/\/multi-gyn.com\/hr\/o-multi-gyn\/","title":{"rendered":"O Multi-Gyn"},"content":{"rendered":"\n<div class=\"wp-block-karopharma-free-text pt-large pb-large bg-center bg-cover bg-no-repeat\" style=\"background-image:url(https:\/\/multi-gyn.com\/cdn-cgi\/image\/format=auto\/app\/uploads\/sites\/43\/2026\/03\/About-new.jpg)\"><div class=\"free-text-wrapper container max-w-large text-center\">\n<div style=\"height:100px\" aria-hidden=\"true\" class=\"wp-block-spacer is-style-responsive-medium\"><\/div>\n\n\n\n<h1 class=\"wp-block-heading is-style-heading-huge has-white-color has-text-color\">Za \u0161to se koristi Multi-Gyn<\/h1>\n\n\n\n<div style=\"height:100px\" aria-hidden=\"true\" class=\"wp-block-spacer is-style-responsive-medium\"><\/div>\n<\/div><\/div>\n\n\n\n<div class=\"wp-block-karopharma-free-text pt-medium pb-large bg-center bg-contain bg-no-repeat  pt-large undefined is-style-primary\" style=\"background-image:url()\"><div class=\"free-text-wrapper container max-w-medium text-left\">\n<p class=\"is-style-paragraph-preamble\">Multi-Gyn proizvodi se koriste u terapiji i prevenciji tegoba rodnice vra\u0107anjem prirodne ravnote\u017ee flore Va\u0161e rodnice.<\/p>\n\n\n\n<p>Kada je va\u0161a vaginalna flora uravnote\u017eena, prirodno je za\u0161ti\u0107ena od bakterija i gljivica. No kada se ta ravnote\u017ea poremeti, mogu se razviti neugodnosti poput svrbe\u017ea, iscjetka, neugodnog mirisa, suho\u0107e ili infekcije poput bakterijske vaginoze (BV) i vaginalne gljivi\u010dne infekcije (kandidijaza).<\/p>\n\n\n\n<p>Vra\u0107anjem ravnote\u017ee, Multi-Gyn proizvodi Vam ne\u0107e samo dati direktno olak\u0161anje nego \u0107e Vam pomo\u0107i u prevenciji svakog budu\u0107eg problema.<\/p>\n<\/div><\/div>\n\n\n\n<div class=\"wp-block-karopharma-free-text pt-large pb-large bg-center bg-contain bg-no-repeat  undefined is-style-transparent\" style=\"background-image:url()\"><div class=\"free-text-wrapper container max-w-medium text-left\">\n<figure class=\"wp-block-image size-full is-resized\"><img loading=\"lazy\" decoding=\"async\" width=\"200\" height=\"200\" src=\"https:\/\/multi-gyn.com\/app\/uploads\/sites\/43\/2023\/02\/Natural-2QR-Origin.png\" alt=\"Natural-2QR-Origin\" class=\"wp-image-19\" style=\"width:100px;height:100px\" srcset=\"https:\/\/multi-gyn.com\/app\/uploads\/sites\/43\/2023\/02\/Natural-2QR-Origin.png 200w, https:\/\/multi-gyn.com\/app\/uploads\/sites\/43\/2023\/02\/Natural-2QR-Origin-150x150.png 150w\" sizes=\"auto, (max-width: 200px) 100vw, 200px\" \/><\/figure>\n\n\n\n<h2 class=\"wp-block-heading is-style-heading-h2\" id=\"unsere-aktiven-inhaltsstoffe\">Djelatne tvari<\/h2>\n\n\n\n<p class=\"is-style-paragraph-preamble\">Jedan od na\u0161ih glavnih sastojaka je 2QR kompleks (\u201eto cure\u201c = lije\u010diti), patentom za\u0161ti\u0107eni bioaktivni polisaharidi. Vjerujemo da je bolje vratiti prirodnu ravnote\u017eu rodnice &#8211; koja Vas \u0161titi od tegoba &#8211; nego samo lije\u010diti simptome. Ova metoda je u\u010dinkovita, pru\u017ea trenuta\u010dno olak\u0161anje, sprje\u010dava ponavljanje tegoba i nema poznatih ne\u017eeljenih u\u010dinaka.<\/p>\n\n\n\n<h2 class=\"wp-block-heading is-style-heading-h2\" id=\"unsere-aktiven-inhaltsstoffe\">U\u010dinak<\/h2>\n\n\n\n<p class=\"is-style-paragraph-preamble\">Nakon nano\u0161enja na Va\u0161e intimno podru\u010dje, Multi-Gyn proizvod \u0107e imati direktan umiruju\u0107i u\u010dinak na tegobe kao \u0161to su svrbe\u017e ili iritacija. Ukoliko imate infekciju kao \u0161to je bakterijska vaginoza ili gljivi\u010dna infekcija rodnice, proizvod \u0107e Vam dati direktno olak\u0161anje od tegoba kao i lije\u010denje infekcije.<\/p>\n<\/div><\/div>\n\n\n<div class=\"product-list wp-block-karopharma-product-list\" data-testid=\"product-list\">\n      <div class=\"swiper-container\">\n      <div class=\"swiper\">\n        <div class=\"swiper-wrapper\">\n                      <div class=\"swiper-slide\">\n              <div class=\"product-card\" data-testid=\"product-card\">\n  <a\n    href=https:\/\/multi-gyn.com\/hr\/proizvod\/multi-gyn-actigel\/\n    class=\"product-card-link\"\n    title=\"Multi-Gyn ActiGel\"\n  >\n  <figure class=\"product-card-image\" data-testid=\"product-image\">\n                          <img decoding=\"async\" src=\"https:\/\/multi-gyn.com\/cdn-cgi\/image\/width=700,format=auto\/app\/uploads\/sites\/43\/2023\/02\/Multi-Gyn-ActiGel.png\"\n        srcset=\"https:\/\/multi-gyn.com\/cdn-cgi\/image\/width=250,format=auto\/app\/uploads\/sites\/43\/2023\/02\/Multi-Gyn-ActiGel.png 250w,\n                https:\/\/multi-gyn.com\/cdn-cgi\/image\/width=500,format=auto\/app\/uploads\/sites\/43\/2023\/02\/Multi-Gyn-ActiGel.png 500w,\n                https:\/\/multi-gyn.com\/cdn-cgi\/image\/width=700,format=auto\/app\/uploads\/sites\/43\/2023\/02\/Multi-Gyn-ActiGel.png 700w\"\n        sizes=\"(max-width: 400px) 250px, (max-width: 800px) 500px, 700px\"\n        alt=\"Multi-Gyn ActiGel\"\n        class=\"img\">\n            <\/figure>\n    <div class=\"product-card-content\">\n      <div class=\"heading-wrapper\">\n        <h2 class=\"heading\">Multi-Gyn ActiGel<\/h2>\n      <\/div>\n      <div class=\"product-card-description\">Lije\u010di tegobe rodnice<\/div>\n                      <\/div>\n  <\/a>\n          <div class=\"button-wrapper buy-now no-resellers\" data-testid=\"buy-now\">\n          <div class=\"buy-now-container dropdown-container\">\n    <a\n      class=\"theme-button button-primary-color rounded-button\"\n      href=\"https:\/\/webljekarna.vasezdravlje.com\/vaginalne-infekcije\/multi-gyn-actigel\" onclick=\"dataLayer.push({'event':'ga_event', 'eventCategory':'Click on Reseller', 'eventAction':'Vasezdravlje', 'eventLabel':'Multi-Gyn ActiGel', 'eventValue': undefined})\" rel=\"noopener\" target=\"_blank\" title=\"Vasezdravlje\"\n      data-testid=\"buy-now-reseller\">\n      Kupite sada\n    <\/a>\n    <\/div>\n  <\/div>\n  <\/div>\n            <\/div>\n                      <div class=\"swiper-slide\">\n              <div class=\"product-card\" data-testid=\"product-card\">\n  <a\n    href=https:\/\/multi-gyn.com\/hr\/proizvod\/multi-gyn-floraplus\/\n    class=\"product-card-link\"\n    title=\"Multi-Gyn FloraPlus\"\n  >\n  <figure class=\"product-card-image\" data-testid=\"product-image\">\n                          <img decoding=\"async\" src=\"https:\/\/multi-gyn.com\/cdn-cgi\/image\/width=700,format=auto\/app\/uploads\/sites\/43\/2023\/02\/MultiGyn-FloraPlus.png\"\n        srcset=\"https:\/\/multi-gyn.com\/cdn-cgi\/image\/width=250,format=auto\/app\/uploads\/sites\/43\/2023\/02\/MultiGyn-FloraPlus.png 250w,\n                https:\/\/multi-gyn.com\/cdn-cgi\/image\/width=500,format=auto\/app\/uploads\/sites\/43\/2023\/02\/MultiGyn-FloraPlus.png 500w,\n                https:\/\/multi-gyn.com\/cdn-cgi\/image\/width=700,format=auto\/app\/uploads\/sites\/43\/2023\/02\/MultiGyn-FloraPlus.png 700w\"\n        sizes=\"(max-width: 400px) 250px, (max-width: 800px) 500px, 700px\"\n        alt=\"Multi-Gyn FloraPlus\"\n        class=\"img\">\n            <\/figure>\n    <div class=\"product-card-content\">\n      <div class=\"heading-wrapper\">\n        <h2 class=\"heading\">Multi-Gyn FloraPlus<\/h2>\n      <\/div>\n      <div class=\"product-card-description\">Lije\u010di tegobe rodnice uzrokovane kvasnicama<\/div>\n                      <\/div>\n  <\/a>\n          <div class=\"button-wrapper buy-now no-resellers\" data-testid=\"buy-now\">\n          <div class=\"buy-now-container dropdown-container\">\n    <a\n      class=\"theme-button button-primary-color rounded-button\"\n      href=\"https:\/\/webljekarna.vasezdravlje.com\/vaginalne-infekcije\/multi-gyn-floraplus\" onclick=\"dataLayer.push({'event':'ga_event', 'eventCategory':'Click on Reseller', 'eventAction':'Vasezdravlje', 'eventLabel':'Multi-Gyn FloraPlus', 'eventValue': undefined})\" rel=\"noopener\" target=\"_blank\" title=\"Vasezdravlje\"\n      data-testid=\"buy-now-reseller\">\n      Kupite sada\n    <\/a>\n    <\/div>\n  <\/div>\n  <\/div>\n            <\/div>\n                      <div class=\"swiper-slide\">\n              <div class=\"product-card\" data-testid=\"product-card\">\n  <a\n    href=https:\/\/multi-gyn.com\/hr\/proizvod\/multi-gyn-liquigel\/\n    class=\"product-card-link\"\n    title=\"Multi-Gyn LiquiGel\"\n  >\n  <figure class=\"product-card-image\" data-testid=\"product-image\">\n                          <img decoding=\"async\" src=\"https:\/\/multi-gyn.com\/cdn-cgi\/image\/width=700,format=auto\/app\/uploads\/sites\/43\/2023\/02\/Multi-Gyn-LiquiGel.png\"\n        srcset=\"https:\/\/multi-gyn.com\/cdn-cgi\/image\/width=250,format=auto\/app\/uploads\/sites\/43\/2023\/02\/Multi-Gyn-LiquiGel.png 250w,\n                https:\/\/multi-gyn.com\/cdn-cgi\/image\/width=500,format=auto\/app\/uploads\/sites\/43\/2023\/02\/Multi-Gyn-LiquiGel.png 500w,\n                https:\/\/multi-gyn.com\/cdn-cgi\/image\/width=700,format=auto\/app\/uploads\/sites\/43\/2023\/02\/Multi-Gyn-LiquiGel.png 700w\"\n        sizes=\"(max-width: 400px) 250px, (max-width: 800px) 500px, 700px\"\n        alt=\"Multi-Gyn LiquiGel\"\n        class=\"img\">\n            <\/figure>\n    <div class=\"product-card-content\">\n      <div class=\"heading-wrapper\">\n        <h2 class=\"heading\">Multi-Gyn LiquiGel<\/h2>\n      <\/div>\n      <div class=\"product-card-description\">Lije\u010di i ubla\u017eava suho\u0107u rodnice<\/div>\n                      <\/div>\n  <\/a>\n          <div class=\"button-wrapper buy-now no-resellers\" data-testid=\"buy-now\">\n          <div class=\"buy-now-container dropdown-container\">\n    <a\n      class=\"theme-button button-primary-color rounded-button\"\n      href=\"https:\/\/webljekarna.vasezdravlje.com\/suhoca-rodnice\/multi-gyn-liquigel-50ml\" onclick=\"dataLayer.push({'event':'ga_event', 'eventCategory':'Click on Reseller', 'eventAction':'Vasezdravlje', 'eventLabel':'Multi-Gyn LiquiGel', 'eventValue': undefined})\" rel=\"noopener\" target=\"_blank\" title=\"Vasezdravlje\"\n      data-testid=\"buy-now-reseller\">\n      Kupite sada\n    <\/a>\n    <\/div>\n  <\/div>\n  <\/div>\n            <\/div>\n                      <div class=\"swiper-slide\">\n              <div class=\"product-card\" data-testid=\"product-card\">\n  <a\n    href=https:\/\/multi-gyn.com\/hr\/proizvod\/multi-gyn-femiwash\/\n    class=\"product-card-link\"\n    title=\"Multi-Gyn FemiWash\"\n  >\n  <figure class=\"product-card-image\" data-testid=\"product-image\">\n                          <img decoding=\"async\" src=\"https:\/\/multi-gyn.com\/cdn-cgi\/image\/width=700,format=auto\/app\/uploads\/sites\/43\/2023\/02\/MultiGyn-FemiWash.png\"\n        srcset=\"https:\/\/multi-gyn.com\/cdn-cgi\/image\/width=250,format=auto\/app\/uploads\/sites\/43\/2023\/02\/MultiGyn-FemiWash.png 250w,\n                https:\/\/multi-gyn.com\/cdn-cgi\/image\/width=500,format=auto\/app\/uploads\/sites\/43\/2023\/02\/MultiGyn-FemiWash.png 500w,\n                https:\/\/multi-gyn.com\/cdn-cgi\/image\/width=700,format=auto\/app\/uploads\/sites\/43\/2023\/02\/MultiGyn-FemiWash.png 700w\"\n        sizes=\"(max-width: 400px) 250px, (max-width: 800px) 500px, 700px\"\n        alt=\"Multi-Gyn FemiWash\"\n        class=\"img\">\n            <\/figure>\n    <div class=\"product-card-content\">\n      <div class=\"heading-wrapper\">\n        <h2 class=\"heading\">Multi-Gyn FemiWash<\/h2>\n      <\/div>\n      <div class=\"product-card-description\">Za svakodnevnu intimnu njegu i higijenu bez sapuna<\/div>\n                      <\/div>\n  <\/a>\n          <div class=\"button-wrapper buy-now no-resellers\" data-testid=\"buy-now\">\n          <div class=\"buy-now-container dropdown-container\">\n    <a\n      class=\"theme-button button-primary-color rounded-button\"\n      href=\"https:\/\/webljekarna.vasezdravlje.com\/intimna-njega\/multi-gyn-femiwash\" onclick=\"dataLayer.push({'event':'ga_event', 'eventCategory':'Click on Reseller', 'eventAction':'Vasezdravlje', 'eventLabel':'Multi-Gyn FemiWash', 'eventValue': undefined})\" rel=\"noopener\" target=\"_blank\" title=\"Vasezdravlje\"\n      data-testid=\"buy-now-reseller\">\n      Kupite sada\n    <\/a>\n    <\/div>\n  <\/div>\n  <\/div>\n            <\/div>\n                      <div class=\"swiper-slide\">\n              <div class=\"product-card\" data-testid=\"product-card\">\n  <a\n    href=https:\/\/multi-gyn.com\/hr\/proizvod\/multi-gyn-bocica-za-ispiranje-rodnice-i-tablete\/\n    class=\"product-card-link\"\n    title=\"Multi-Gyn Bo\u010dica za ispiranje rodnice i Tablete\"\n  >\n  <figure class=\"product-card-image\" data-testid=\"product-image\">\n                          <img decoding=\"async\" src=\"https:\/\/multi-gyn.com\/cdn-cgi\/image\/width=700,format=auto\/app\/uploads\/sites\/43\/2023\/02\/Multi-Gyn-VaginalDouche.png\"\n        srcset=\"https:\/\/multi-gyn.com\/cdn-cgi\/image\/width=250,format=auto\/app\/uploads\/sites\/43\/2023\/02\/Multi-Gyn-VaginalDouche.png 250w,\n                https:\/\/multi-gyn.com\/cdn-cgi\/image\/width=500,format=auto\/app\/uploads\/sites\/43\/2023\/02\/Multi-Gyn-VaginalDouche.png 500w,\n                https:\/\/multi-gyn.com\/cdn-cgi\/image\/width=700,format=auto\/app\/uploads\/sites\/43\/2023\/02\/Multi-Gyn-VaginalDouche.png 700w\"\n        sizes=\"(max-width: 400px) 250px, (max-width: 800px) 500px, 700px\"\n        alt=\"Multi-Gyn VaginalDouche\"\n        class=\"img\">\n            <\/figure>\n    <div class=\"product-card-content\">\n      <div class=\"heading-wrapper\">\n        <h2 class=\"heading\">Multi-Gyn Bo\u010dica za ispiranje rodnice i Tablete<\/h2>\n      <\/div>\n      <div class=\"product-card-description\">Za optimalnu higijenu rodnice<\/div>\n                      <\/div>\n  <\/a>\n          <div class=\"button-wrapper buy-now no-resellers\" data-testid=\"buy-now\">\n          <div class=\"buy-now-container dropdown-container\">\n    <a\n      class=\"theme-button button-primary-color rounded-button\"\n      href=\"https:\/\/webljekarna.vasezdravlje.com\/intimna-njega\/multi-gyn-bocica-za-ispiranje-rodnice-i-multi-gyn-tablete\" onclick=\"dataLayer.push({'event':'ga_event', 'eventCategory':'Click on Reseller', 'eventAction':'Vasezdravlje', 'eventLabel':'Multi-Gyn Bo\u010dica za ispiranje rodnice i Tablete', 'eventValue': undefined})\" rel=\"noopener\" target=\"_blank\" title=\"Vasezdravlje\"\n      data-testid=\"buy-now-reseller\">\n      Kupite sada\n    <\/a>\n    <\/div>\n  <\/div>\n  <\/div>\n            <\/div>\n                  <\/div>\n        <div class=\"swiper-scrollbar\"><\/div>\n      <\/div>\n    <\/div>\n  <\/div>\n","protected":false},"excerpt":{"rendered":"","protected":false},"author":2,"featured_media":0,"parent":0,"menu_order":0,"comment_status":"closed","ping_status":"closed","template":"","meta":{"_acf_changed":false,"footnotes":""},"from-article-database":[],"class_list":["post-95","page","type-page","status-publish","hentry"],"acf":[],"yoast_head":"<!-- This site is optimized with the Yoast SEO plugin v26.6 - https:\/\/yoast.com\/wordpress\/plugins\/seo\/ -->\n<title>O Multi-Gyn - Multi-Gyn<\/title>\n<meta name=\"description\" content=\"Multi-Gyn proizvodi se koriste u terapiji i prevenciji tegoba rodnice vra\u0107anjem prirodne ravnote\u017ee flore Va\u0161e rodnice.\" \/>\n<meta name=\"robots\" content=\"index, follow, max-snippet:-1, max-image-preview:large, max-video-preview:-1\" \/>\n<link rel=\"canonical\" href=\"https:\/\/multi-gyn.com\/hr\/o-multi-gyn\/\" \/>\n<meta property=\"og:locale\" content=\"hr_HR\" \/>\n<meta property=\"og:type\" content=\"article\" \/>\n<meta property=\"og:title\" content=\"O Multi-Gyn - Multi-Gyn\" \/>\n<meta property=\"og:description\" content=\"Multi-Gyn proizvodi se koriste u terapiji i prevenciji tegoba rodnice vra\u0107anjem prirodne ravnote\u017ee flore Va\u0161e rodnice.\" \/>\n<meta property=\"og:url\" content=\"https:\/\/multi-gyn.com\/hr\/o-multi-gyn\/\" \/>\n<meta property=\"og:site_name\" content=\"Multi-Gyn\" \/>\n<meta property=\"article:modified_time\" content=\"2026-03-25T14:56:33+00:00\" \/>\n<meta property=\"og:image\" content=\"https:\/\/multi-gyn.com\/app\/uploads\/sites\/43\/2023\/02\/Natural-2QR-Origin.png\" \/>\n\t<meta property=\"og:image:width\" content=\"200\" \/>\n\t<meta property=\"og:image:height\" content=\"200\" \/>\n\t<meta property=\"og:image:type\" content=\"image\/png\" \/>\n<meta name=\"twitter:card\" content=\"summary_large_image\" \/>\n<meta name=\"twitter:label1\" content=\"Est. reading time\" \/>\n\t<meta name=\"twitter:data1\" content=\"2 minutes\" \/>\n<script type=\"application\/ld+json\" class=\"yoast-schema-graph\">{\"@context\":\"https:\/\/schema.org\",\"@graph\":[{\"@type\":\"WebPage\",\"@id\":\"https:\/\/multi-gyn.com\/hr\/o-multi-gyn\/\",\"url\":\"https:\/\/multi-gyn.com\/hr\/o-multi-gyn\/\",\"name\":\"O Multi-Gyn - Multi-Gyn\",\"isPartOf\":{\"@id\":\"https:\/\/multi-gyn.com\/hr\/#website\"},\"primaryImageOfPage\":{\"@id\":\"https:\/\/multi-gyn.com\/hr\/o-multi-gyn\/#primaryimage\"},\"image\":{\"@id\":\"https:\/\/multi-gyn.com\/hr\/o-multi-gyn\/#primaryimage\"},\"thumbnailUrl\":\"https:\/\/multi-gyn.com\/app\/uploads\/sites\/43\/2023\/02\/Natural-2QR-Origin.png\",\"datePublished\":\"2023-02-17T10:02:21+00:00\",\"dateModified\":\"2026-03-25T14:56:33+00:00\",\"description\":\"Multi-Gyn proizvodi se koriste u terapiji i prevenciji tegoba rodnice vra\u0107anjem prirodne ravnote\u017ee flore Va\u0161e rodnice.\",\"breadcrumb\":{\"@id\":\"https:\/\/multi-gyn.com\/hr\/o-multi-gyn\/#breadcrumb\"},\"inLanguage\":\"hr-HR\",\"potentialAction\":[{\"@type\":\"ReadAction\",\"target\":[\"https:\/\/multi-gyn.com\/hr\/o-multi-gyn\/\"]}]},{\"@type\":\"ImageObject\",\"inLanguage\":\"hr-HR\",\"@id\":\"https:\/\/multi-gyn.com\/hr\/o-multi-gyn\/#primaryimage\",\"url\":\"https:\/\/multi-gyn.com\/app\/uploads\/sites\/43\/2023\/02\/Natural-2QR-Origin.png\",\"contentUrl\":\"https:\/\/multi-gyn.com\/app\/uploads\/sites\/43\/2023\/02\/Natural-2QR-Origin.png\"},{\"@type\":\"BreadcrumbList\",\"@id\":\"https:\/\/multi-gyn.com\/hr\/o-multi-gyn\/#breadcrumb\",\"itemListElement\":[{\"@type\":\"ListItem\",\"position\":1,\"name\":\"Home\",\"item\":\"https:\/\/multi-gyn.com\/hr\/\"},{\"@type\":\"ListItem\",\"position\":2,\"name\":\"O Multi-Gyn\"}]},{\"@type\":\"WebSite\",\"@id\":\"https:\/\/multi-gyn.com\/hr\/#website\",\"url\":\"https:\/\/multi-gyn.com\/hr\/\",\"name\":\"Multi-Gyn\",\"description\":\"\",\"publisher\":{\"@id\":\"https:\/\/multi-gyn.com\/hr\/#organization\"},\"potentialAction\":[{\"@type\":\"SearchAction\",\"target\":{\"@type\":\"EntryPoint\",\"urlTemplate\":\"https:\/\/multi-gyn.com\/hr\/?s={search_term_string}\"},\"query-input\":{\"@type\":\"PropertyValueSpecification\",\"valueRequired\":true,\"valueName\":\"search_term_string\"}}],\"inLanguage\":\"hr-HR\"},{\"@type\":\"Organization\",\"@id\":\"https:\/\/multi-gyn.com\/hr\/#organization\",\"name\":\"Multi-Gyn\",\"url\":\"https:\/\/multi-gyn.com\/hr\/\",\"logo\":{\"@type\":\"ImageObject\",\"inLanguage\":\"hr-HR\",\"@id\":\"https:\/\/multi-gyn.com\/hr\/#\/schema\/logo\/image\/\",\"url\":\"https:\/\/multi-gyn.com\/app\/uploads\/sites\/43\/2023\/02\/multi-gyn-logo.png\",\"contentUrl\":\"https:\/\/multi-gyn.com\/app\/uploads\/sites\/43\/2023\/02\/multi-gyn-logo.png\",\"width\":149,\"height\":32,\"caption\":\"Multi-Gyn\"},\"image\":{\"@id\":\"https:\/\/multi-gyn.com\/hr\/#\/schema\/logo\/image\/\"}}]}<\/script>\n<!-- \/ Yoast SEO plugin. -->","yoast_head_json":{"title":"O Multi-Gyn - Multi-Gyn","description":"Multi-Gyn proizvodi se koriste u terapiji i prevenciji tegoba rodnice vra\u0107anjem prirodne ravnote\u017ee flore Va\u0161e rodnice.","robots":{"index":"index","follow":"follow","max-snippet":"max-snippet:-1","max-image-preview":"max-image-preview:large","max-video-preview":"max-video-preview:-1"},"canonical":"https:\/\/multi-gyn.com\/hr\/o-multi-gyn\/","og_locale":"hr_HR","og_type":"article","og_title":"O Multi-Gyn - Multi-Gyn","og_description":"Multi-Gyn proizvodi se koriste u terapiji i prevenciji tegoba rodnice vra\u0107anjem prirodne ravnote\u017ee flore Va\u0161e rodnice.","og_url":"https:\/\/multi-gyn.com\/hr\/o-multi-gyn\/","og_site_name":"Multi-Gyn","article_modified_time":"2026-03-25T14:56:33+00:00","og_image":[{"width":200,"height":200,"url":"https:\/\/multi-gyn.com\/app\/uploads\/sites\/43\/2023\/02\/Natural-2QR-Origin.png","type":"image\/png"}],"twitter_card":"summary_large_image","twitter_misc":{"Est. reading time":"2 minutes"},"schema":{"@context":"https:\/\/schema.org","@graph":[{"@type":"WebPage","@id":"https:\/\/multi-gyn.com\/hr\/o-multi-gyn\/","url":"https:\/\/multi-gyn.com\/hr\/o-multi-gyn\/","name":"O Multi-Gyn - Multi-Gyn","isPartOf":{"@id":"https:\/\/multi-gyn.com\/hr\/#website"},"primaryImageOfPage":{"@id":"https:\/\/multi-gyn.com\/hr\/o-multi-gyn\/#primaryimage"},"image":{"@id":"https:\/\/multi-gyn.com\/hr\/o-multi-gyn\/#primaryimage"},"thumbnailUrl":"https:\/\/multi-gyn.com\/app\/uploads\/sites\/43\/2023\/02\/Natural-2QR-Origin.png","datePublished":"2023-02-17T10:02:21+00:00","dateModified":"2026-03-25T14:56:33+00:00","description":"Multi-Gyn proizvodi se koriste u terapiji i prevenciji tegoba rodnice vra\u0107anjem prirodne ravnote\u017ee flore Va\u0161e rodnice.","breadcrumb":{"@id":"https:\/\/multi-gyn.com\/hr\/o-multi-gyn\/#breadcrumb"},"inLanguage":"hr-HR","potentialAction":[{"@type":"ReadAction","target":["https:\/\/multi-gyn.com\/hr\/o-multi-gyn\/"]}]},{"@type":"ImageObject","inLanguage":"hr-HR","@id":"https:\/\/multi-gyn.com\/hr\/o-multi-gyn\/#primaryimage","url":"https:\/\/multi-gyn.com\/app\/uploads\/sites\/43\/2023\/02\/Natural-2QR-Origin.png","contentUrl":"https:\/\/multi-gyn.com\/app\/uploads\/sites\/43\/2023\/02\/Natural-2QR-Origin.png"},{"@type":"BreadcrumbList","@id":"https:\/\/multi-gyn.com\/hr\/o-multi-gyn\/#breadcrumb","itemListElement":[{"@type":"ListItem","position":1,"name":"Home","item":"https:\/\/multi-gyn.com\/hr\/"},{"@type":"ListItem","position":2,"name":"O Multi-Gyn"}]},{"@type":"WebSite","@id":"https:\/\/multi-gyn.com\/hr\/#website","url":"https:\/\/multi-gyn.com\/hr\/","name":"Multi-Gyn","description":"","publisher":{"@id":"https:\/\/multi-gyn.com\/hr\/#organization"},"potentialAction":[{"@type":"SearchAction","target":{"@type":"EntryPoint","urlTemplate":"https:\/\/multi-gyn.com\/hr\/?s={search_term_string}"},"query-input":{"@type":"PropertyValueSpecification","valueRequired":true,"valueName":"search_term_string"}}],"inLanguage":"hr-HR"},{"@type":"Organization","@id":"https:\/\/multi-gyn.com\/hr\/#organization","name":"Multi-Gyn","url":"https:\/\/multi-gyn.com\/hr\/","logo":{"@type":"ImageObject","inLanguage":"hr-HR","@id":"https:\/\/multi-gyn.com\/hr\/#\/schema\/logo\/image\/","url":"https:\/\/multi-gyn.com\/app\/uploads\/sites\/43\/2023\/02\/multi-gyn-logo.png","contentUrl":"https:\/\/multi-gyn.com\/app\/uploads\/sites\/43\/2023\/02\/multi-gyn-logo.png","width":149,"height":32,"caption":"Multi-Gyn"},"image":{"@id":"https:\/\/multi-gyn.com\/hr\/#\/schema\/logo\/image\/"}}]}},"_links":{"self":[{"href":"https:\/\/multi-gyn.com\/hr\/wp-json\/wp\/v2\/pages\/95","targetHints":{"allow":["GET"]}}],"collection":[{"href":"https:\/\/multi-gyn.com\/hr\/wp-json\/wp\/v2\/pages"}],"about":[{"href":"https:\/\/multi-gyn.com\/hr\/wp-json\/wp\/v2\/types\/page"}],"author":[{"embeddable":true,"href":"https:\/\/multi-gyn.com\/hr\/wp-json\/wp\/v2\/users\/2"}],"replies":[{"embeddable":true,"href":"https:\/\/multi-gyn.com\/hr\/wp-json\/wp\/v2\/comments?post=95"}],"version-history":[{"count":10,"href":"https:\/\/multi-gyn.com\/hr\/wp-json\/wp\/v2\/pages\/95\/revisions"}],"predecessor-version":[{"id":642,"href":"https:\/\/multi-gyn.com\/hr\/wp-json\/wp\/v2\/pages\/95\/revisions\/642"}],"wp:attachment":[{"href":"https:\/\/multi-gyn.com\/hr\/wp-json\/wp\/v2\/media?parent=95"}],"wp:term":[{"taxonomy":"from-article-database","embeddable":true,"href":"https:\/\/multi-gyn.com\/hr\/wp-json\/wp\/v2\/from-article-database?post=95"}],"curies":[{"name":"wp","href":"https:\/\/api.w.org\/{rel}","templated":true}]}}