{"id":31,"date":"2023-02-16T08:47:16","date_gmt":"2023-02-16T07:47:16","guid":{"rendered":"https:\/\/multi-gyn.com\/hr\/?post_type=product&#038;p=31"},"modified":"2023-08-28T10:26:09","modified_gmt":"2023-08-28T08:26:09","slug":"multi-gyn-actigel","status":"publish","type":"product","link":"https:\/\/multi-gyn.com\/hr\/proizvod\/multi-gyn-actigel\/","title":{"rendered":"Multi-Gyn ActiGel"},"content":{"rendered":"\n<div class=\"wp-block-karopharma-accordions is-style-secondary\"><div class=\"container\">\n<details class=\"wp-block-karopharma-accordion\"><summary><h2 class=\"accordion-title\">Koliko \u010desto moram koristiti Multi-Gyn ActiGel?<\/h2><\/summary><div class=\"accordion-content\">\n<p>Za lije\u010denje tegoba rodnice, savjetujemo kori\u0161tenje Multi-Gyn ActiGela dva puta dnevno, pet dana zaredom.<\/p>\n<\/div><\/details>\n\n\n\n<details class=\"wp-block-karopharma-accordion\"><summary><h2 class=\"accordion-title\">Ima li Multi-Gyn ActiGel bilo kakve ne\u017eeljene u\u010dinke?<\/h2><\/summary><div class=\"accordion-content\">\n<p>Ne, ne postoje poznati ne\u017eeljeni u\u010dinci.<\/p>\n<\/div><\/details>\n\n\n\n<details class=\"wp-block-karopharma-accordion\"><summary><h2 class=\"accordion-title\">Moje tegobe su nestale. Trebam li nastaviti koristiti Multi-Gyn ActiGel?<\/h2><\/summary><div class=\"accordion-content\">\n<p>Ne, nema potrebe za stalnim kori\u0161tenjem Multi-Gyn ActiGela. Ako \u017eelite, mo\u017eete ga nastaviti koristiti nekoliko puta tjedno.<\/p>\n<\/div><\/details>\n\n\n\n<details class=\"wp-block-karopharma-accordion\"><summary><h2 class=\"accordion-title\">Utje\u010de li Multi-Gyn ActiGel na u\u010dinkovitost antibiotika?<\/h2><\/summary><div class=\"accordion-content\">\n<p>Ne, Multi-Gyn ActiGel ne utje\u010de na antibiotike. Savjetujemo upotrebu Multi-Gyn ActiGela tijekom antibiotske terapije ili nakon nje.<\/p>\n<\/div><\/details>\n\n\n\n<details class=\"wp-block-karopharma-accordion\"><summary><h2 class=\"accordion-title\">Moram li iskoristiti cijelu tubu?<\/h2><\/summary><div class=\"accordion-content\">\n<p>Multi-Gyn ActiGel brzo olak\u0161ava Va\u0161e vaginalne tegoba. Za u\u010dinkovito djelovanje dovoljna je koli\u010dina gela koja odgovara veli\u010dini vrha prsta (2 cm).<\/p>\n<\/div><\/details>\n<\/div><\/div>\n","protected":false},"excerpt":{"rendered":"<p>Lije\u010di tegobe rodnice<\/p>\n","protected":false},"featured_media":33,"comment_status":"closed","ping_status":"closed","template":"","meta":{"_acf_changed":false,"footnotes":""},"product_brand":[],"product_cat":[17],"product_tag":[],"class_list":{"0":"post-31","1":"product","2":"type-product","3":"status-publish","4":"has-post-thumbnail","6":"product_cat-lijecenje-i-prevencija","8":"first","9":"instock","10":"shipping-taxable","11":"product-type-simple"},"acf":[],"yoast_head":"<!-- This site is optimized with the Yoast SEO plugin v26.6 - https:\/\/yoast.com\/wordpress\/plugins\/seo\/ -->\n<title>Multi-Gyn ActiGel - Multi-Gyn<\/title>\n<meta name=\"description\" content=\"Multi-Gyn ActiGel ima izravni umiruju\u0107i u\u010dinak na svrbe\u017e, crvenilo i bol izazvane bakterijskom infekcijom.\" \/>\n<meta name=\"robots\" content=\"index, follow, max-snippet:-1, max-image-preview:large, max-video-preview:-1\" \/>\n<link rel=\"canonical\" href=\"https:\/\/multi-gyn.com\/hr\/proizvod\/multi-gyn-actigel\/\" \/>\n<meta property=\"og:locale\" content=\"hr_HR\" \/>\n<meta property=\"og:type\" content=\"article\" \/>\n<meta property=\"og:title\" content=\"Multi-Gyn ActiGel - Multi-Gyn\" \/>\n<meta property=\"og:description\" content=\"Multi-Gyn ActiGel ima izravni umiruju\u0107i u\u010dinak na svrbe\u017e, crvenilo i bol izazvane bakterijskom infekcijom.\" \/>\n<meta property=\"og:url\" content=\"https:\/\/multi-gyn.com\/hr\/proizvod\/multi-gyn-actigel\/\" \/>\n<meta property=\"og:site_name\" content=\"Multi-Gyn\" \/>\n<meta property=\"article:modified_time\" content=\"2023-08-28T08:26:09+00:00\" \/>\n<meta property=\"og:image\" content=\"https:\/\/multi-gyn.com\/app\/uploads\/sites\/43\/2023\/02\/Multi-Gyn-ActiGel.png\" \/>\n\t<meta property=\"og:image:width\" content=\"1024\" \/>\n\t<meta property=\"og:image:height\" content=\"1024\" \/>\n\t<meta property=\"og:image:type\" content=\"image\/png\" \/>\n<meta name=\"twitter:card\" content=\"summary_large_image\" \/>\n<meta name=\"twitter:label1\" content=\"Est. reading time\" \/>\n\t<meta name=\"twitter:data1\" content=\"1 minute\" \/>\n<script type=\"application\/ld+json\" class=\"yoast-schema-graph\">{\"@context\":\"https:\/\/schema.org\",\"@graph\":[{\"@type\":\"WebPage\",\"@id\":\"https:\/\/multi-gyn.com\/hr\/proizvod\/multi-gyn-actigel\/\",\"url\":\"https:\/\/multi-gyn.com\/hr\/proizvod\/multi-gyn-actigel\/\",\"name\":\"Multi-Gyn ActiGel - Multi-Gyn\",\"isPartOf\":{\"@id\":\"https:\/\/multi-gyn.com\/hr\/#website\"},\"primaryImageOfPage\":{\"@id\":\"https:\/\/multi-gyn.com\/hr\/proizvod\/multi-gyn-actigel\/#primaryimage\"},\"image\":{\"@id\":\"https:\/\/multi-gyn.com\/hr\/proizvod\/multi-gyn-actigel\/#primaryimage\"},\"thumbnailUrl\":\"https:\/\/multi-gyn.com\/app\/uploads\/sites\/43\/2023\/02\/Multi-Gyn-ActiGel.png\",\"datePublished\":\"2023-02-16T07:47:16+00:00\",\"dateModified\":\"2023-08-28T08:26:09+00:00\",\"description\":\"Multi-Gyn ActiGel ima izravni umiruju\u0107i u\u010dinak na svrbe\u017e, crvenilo i bol izazvane bakterijskom infekcijom.\",\"breadcrumb\":{\"@id\":\"https:\/\/multi-gyn.com\/hr\/proizvod\/multi-gyn-actigel\/#breadcrumb\"},\"inLanguage\":\"hr-HR\",\"potentialAction\":[{\"@type\":\"ReadAction\",\"target\":[\"https:\/\/multi-gyn.com\/hr\/proizvod\/multi-gyn-actigel\/\"]}]},{\"@type\":\"ImageObject\",\"inLanguage\":\"hr-HR\",\"@id\":\"https:\/\/multi-gyn.com\/hr\/proizvod\/multi-gyn-actigel\/#primaryimage\",\"url\":\"https:\/\/multi-gyn.com\/app\/uploads\/sites\/43\/2023\/02\/Multi-Gyn-ActiGel.png\",\"contentUrl\":\"https:\/\/multi-gyn.com\/app\/uploads\/sites\/43\/2023\/02\/Multi-Gyn-ActiGel.png\",\"width\":1024,\"height\":1024,\"caption\":\"Multi-Gyn ActiGel\"},{\"@type\":\"BreadcrumbList\",\"@id\":\"https:\/\/multi-gyn.com\/hr\/proizvod\/multi-gyn-actigel\/#breadcrumb\",\"itemListElement\":[{\"@type\":\"ListItem\",\"position\":1,\"name\":\"Home\",\"item\":\"https:\/\/multi-gyn.com\/hr\/\"},{\"@type\":\"ListItem\",\"position\":2,\"name\":\"Na\u0161i proizvodi\",\"item\":\"https:\/\/multi-gyn.com\/hr\/nasi-proizvodi\/\"},{\"@type\":\"ListItem\",\"position\":3,\"name\":\"Multi-Gyn ActiGel\"}]},{\"@type\":\"WebSite\",\"@id\":\"https:\/\/multi-gyn.com\/hr\/#website\",\"url\":\"https:\/\/multi-gyn.com\/hr\/\",\"name\":\"Multi-Gyn\",\"description\":\"\",\"publisher\":{\"@id\":\"https:\/\/multi-gyn.com\/hr\/#organization\"},\"potentialAction\":[{\"@type\":\"SearchAction\",\"target\":{\"@type\":\"EntryPoint\",\"urlTemplate\":\"https:\/\/multi-gyn.com\/hr\/?s={search_term_string}\"},\"query-input\":{\"@type\":\"PropertyValueSpecification\",\"valueRequired\":true,\"valueName\":\"search_term_string\"}}],\"inLanguage\":\"hr-HR\"},{\"@type\":\"Organization\",\"@id\":\"https:\/\/multi-gyn.com\/hr\/#organization\",\"name\":\"Multi-Gyn\",\"url\":\"https:\/\/multi-gyn.com\/hr\/\",\"logo\":{\"@type\":\"ImageObject\",\"inLanguage\":\"hr-HR\",\"@id\":\"https:\/\/multi-gyn.com\/hr\/#\/schema\/logo\/image\/\",\"url\":\"https:\/\/multi-gyn.com\/app\/uploads\/sites\/43\/2023\/02\/multi-gyn-logo.png\",\"contentUrl\":\"https:\/\/multi-gyn.com\/app\/uploads\/sites\/43\/2023\/02\/multi-gyn-logo.png\",\"width\":149,\"height\":32,\"caption\":\"Multi-Gyn\"},\"image\":{\"@id\":\"https:\/\/multi-gyn.com\/hr\/#\/schema\/logo\/image\/\"}}]}<\/script>\n<!-- \/ Yoast SEO plugin. -->","yoast_head_json":{"title":"Multi-Gyn ActiGel - Multi-Gyn","description":"Multi-Gyn ActiGel ima izravni umiruju\u0107i u\u010dinak na svrbe\u017e, crvenilo i bol izazvane bakterijskom infekcijom.","robots":{"index":"index","follow":"follow","max-snippet":"max-snippet:-1","max-image-preview":"max-image-preview:large","max-video-preview":"max-video-preview:-1"},"canonical":"https:\/\/multi-gyn.com\/hr\/proizvod\/multi-gyn-actigel\/","og_locale":"hr_HR","og_type":"article","og_title":"Multi-Gyn ActiGel - Multi-Gyn","og_description":"Multi-Gyn ActiGel ima izravni umiruju\u0107i u\u010dinak na svrbe\u017e, crvenilo i bol izazvane bakterijskom infekcijom.","og_url":"https:\/\/multi-gyn.com\/hr\/proizvod\/multi-gyn-actigel\/","og_site_name":"Multi-Gyn","article_modified_time":"2023-08-28T08:26:09+00:00","og_image":[{"width":1024,"height":1024,"url":"https:\/\/multi-gyn.com\/app\/uploads\/sites\/43\/2023\/02\/Multi-Gyn-ActiGel.png","type":"image\/png"}],"twitter_card":"summary_large_image","twitter_misc":{"Est. reading time":"1 minute"},"schema":{"@context":"https:\/\/schema.org","@graph":[{"@type":"WebPage","@id":"https:\/\/multi-gyn.com\/hr\/proizvod\/multi-gyn-actigel\/","url":"https:\/\/multi-gyn.com\/hr\/proizvod\/multi-gyn-actigel\/","name":"Multi-Gyn ActiGel - Multi-Gyn","isPartOf":{"@id":"https:\/\/multi-gyn.com\/hr\/#website"},"primaryImageOfPage":{"@id":"https:\/\/multi-gyn.com\/hr\/proizvod\/multi-gyn-actigel\/#primaryimage"},"image":{"@id":"https:\/\/multi-gyn.com\/hr\/proizvod\/multi-gyn-actigel\/#primaryimage"},"thumbnailUrl":"https:\/\/multi-gyn.com\/app\/uploads\/sites\/43\/2023\/02\/Multi-Gyn-ActiGel.png","datePublished":"2023-02-16T07:47:16+00:00","dateModified":"2023-08-28T08:26:09+00:00","description":"Multi-Gyn ActiGel ima izravni umiruju\u0107i u\u010dinak na svrbe\u017e, crvenilo i bol izazvane bakterijskom infekcijom.","breadcrumb":{"@id":"https:\/\/multi-gyn.com\/hr\/proizvod\/multi-gyn-actigel\/#breadcrumb"},"inLanguage":"hr-HR","potentialAction":[{"@type":"ReadAction","target":["https:\/\/multi-gyn.com\/hr\/proizvod\/multi-gyn-actigel\/"]}]},{"@type":"ImageObject","inLanguage":"hr-HR","@id":"https:\/\/multi-gyn.com\/hr\/proizvod\/multi-gyn-actigel\/#primaryimage","url":"https:\/\/multi-gyn.com\/app\/uploads\/sites\/43\/2023\/02\/Multi-Gyn-ActiGel.png","contentUrl":"https:\/\/multi-gyn.com\/app\/uploads\/sites\/43\/2023\/02\/Multi-Gyn-ActiGel.png","width":1024,"height":1024,"caption":"Multi-Gyn ActiGel"},{"@type":"BreadcrumbList","@id":"https:\/\/multi-gyn.com\/hr\/proizvod\/multi-gyn-actigel\/#breadcrumb","itemListElement":[{"@type":"ListItem","position":1,"name":"Home","item":"https:\/\/multi-gyn.com\/hr\/"},{"@type":"ListItem","position":2,"name":"Na\u0161i proizvodi","item":"https:\/\/multi-gyn.com\/hr\/nasi-proizvodi\/"},{"@type":"ListItem","position":3,"name":"Multi-Gyn ActiGel"}]},{"@type":"WebSite","@id":"https:\/\/multi-gyn.com\/hr\/#website","url":"https:\/\/multi-gyn.com\/hr\/","name":"Multi-Gyn","description":"","publisher":{"@id":"https:\/\/multi-gyn.com\/hr\/#organization"},"potentialAction":[{"@type":"SearchAction","target":{"@type":"EntryPoint","urlTemplate":"https:\/\/multi-gyn.com\/hr\/?s={search_term_string}"},"query-input":{"@type":"PropertyValueSpecification","valueRequired":true,"valueName":"search_term_string"}}],"inLanguage":"hr-HR"},{"@type":"Organization","@id":"https:\/\/multi-gyn.com\/hr\/#organization","name":"Multi-Gyn","url":"https:\/\/multi-gyn.com\/hr\/","logo":{"@type":"ImageObject","inLanguage":"hr-HR","@id":"https:\/\/multi-gyn.com\/hr\/#\/schema\/logo\/image\/","url":"https:\/\/multi-gyn.com\/app\/uploads\/sites\/43\/2023\/02\/multi-gyn-logo.png","contentUrl":"https:\/\/multi-gyn.com\/app\/uploads\/sites\/43\/2023\/02\/multi-gyn-logo.png","width":149,"height":32,"caption":"Multi-Gyn"},"image":{"@id":"https:\/\/multi-gyn.com\/hr\/#\/schema\/logo\/image\/"}}]}},"_links":{"self":[{"href":"https:\/\/multi-gyn.com\/hr\/wp-json\/wp\/v2\/product\/31","targetHints":{"allow":["GET"]}}],"collection":[{"href":"https:\/\/multi-gyn.com\/hr\/wp-json\/wp\/v2\/product"}],"about":[{"href":"https:\/\/multi-gyn.com\/hr\/wp-json\/wp\/v2\/types\/product"}],"replies":[{"embeddable":true,"href":"https:\/\/multi-gyn.com\/hr\/wp-json\/wp\/v2\/comments?post=31"}],"version-history":[{"count":5,"href":"https:\/\/multi-gyn.com\/hr\/wp-json\/wp\/v2\/product\/31\/revisions"}],"predecessor-version":[{"id":519,"href":"https:\/\/multi-gyn.com\/hr\/wp-json\/wp\/v2\/product\/31\/revisions\/519"}],"wp:featuredmedia":[{"embeddable":true,"href":"https:\/\/multi-gyn.com\/hr\/wp-json\/wp\/v2\/media\/33"}],"wp:attachment":[{"href":"https:\/\/multi-gyn.com\/hr\/wp-json\/wp\/v2\/media?parent=31"}],"wp:term":[{"taxonomy":"product_brand","embeddable":true,"href":"https:\/\/multi-gyn.com\/hr\/wp-json\/wp\/v2\/product_brand?post=31"},{"taxonomy":"product_cat","embeddable":true,"href":"https:\/\/multi-gyn.com\/hr\/wp-json\/wp\/v2\/product_cat?post=31"},{"taxonomy":"product_tag","embeddable":true,"href":"https:\/\/multi-gyn.com\/hr\/wp-json\/wp\/v2\/product_tag?post=31"}],"curies":[{"name":"wp","href":"https:\/\/api.w.org\/{rel}","templated":true}]}}