{"id":60,"date":"2023-02-17T08:03:18","date_gmt":"2023-02-17T07:03:18","guid":{"rendered":"https:\/\/multi-gyn.com\/hr\/?post_type=product&#038;p=60"},"modified":"2025-06-23T14:55:48","modified_gmt":"2025-06-23T12:55:48","slug":"multi-gyn-liquigel","status":"publish","type":"product","link":"https:\/\/multi-gyn.com\/hr\/proizvod\/multi-gyn-liquigel\/","title":{"rendered":"Multi-Gyn LiquiGel"},"content":{"rendered":"\n<div class=\"wp-block-karopharma-accordions is-style-secondary\"><div class=\"container\">\n<details class=\"wp-block-karopharma-accordion\"><summary><h2 class=\"accordion-title\">Koliko \u010desto moram koristiti Multi-Gyn LiquiGel?<\/h2><\/summary><div class=\"accordion-content\">\n<p>Nanesite Multi-Gyn LiquiGel najmanje jednom dnevno ili svaki put kad po\u017eelite olak\u0161anje.<\/p>\n<\/div><\/details>\n\n\n\n<details class=\"wp-block-karopharma-accordion\"><summary><h2 class=\"accordion-title\">Nisam vi\u0161e u menopauzi. Mogu li i dalje koristiti Multi-Gyn LiquiGel?<\/h2><\/summary><div class=\"accordion-content\">\n<p>Da, Multi-Gyn LiquiGel namijenjen je za svaku \u017eenu koja osjeti vaginalnu suho\u0107u. Uzroci suho\u0107e mogu biti razli\u010diti, a neki od njih su hormonalne promjene, uzimanje lijekova, kroni\u010dne bolesti, menstruacija, stanje nakon poroda, upotreba tampona i dr.<\/p>\n<\/div><\/details>\n\n\n\n<details class=\"wp-block-karopharma-accordion\"><summary><h2 class=\"accordion-title\">Mogu li koristiti Multi-Gyn LiquiGel kao lubrikant?<\/h2><\/summary><div class=\"accordion-content\">\n<p>Da, mo\u017eete. Multi-Gyn LiquiGel namijenjen je prije svega za rje\u0161avanje tegoba kod \u017eena koje pate od vaginalne suho\u0107e izazvane hormonalnim promjenama ili kroni\u010dnom upotrebom lijekova. Me\u0111utim, ne postoji nijedan razlog protiv da se koristi kao lubrikant. Multi-Gyn LiquiGel ne smije se koristiti istodobno s kondomima.<\/p>\n<\/div><\/details>\n<\/div><\/div>\n","protected":false},"excerpt":{"rendered":"<p>Lije\u010di i ubla\u017eava suho\u0107u rodnice<\/p>\n","protected":false},"featured_media":61,"comment_status":"closed","ping_status":"closed","template":"","meta":{"_acf_changed":false,"footnotes":""},"product_brand":[],"product_cat":[17],"product_tag":[],"class_list":{"0":"post-60","1":"product","2":"type-product","3":"status-publish","4":"has-post-thumbnail","6":"product_cat-lijecenje-i-prevencija","8":"first","9":"instock","10":"shipping-taxable","11":"product-type-simple"},"acf":[],"yoast_head":"<!-- This site is optimized with the Yoast SEO plugin v26.6 - https:\/\/yoast.com\/wordpress\/plugins\/seo\/ -->\n<title>Multi-Gyn LiquiGel - Multi-Gyn<\/title>\n<meta name=\"description\" content=\"Multi-Gyn LiquiGel trenuta\u010dno ubla\u017eava suho\u0107u rodnice i nadopunjuje prirodnu vla\u017enost. \u0160titi od nadra\u017eaja tijekom spolnog odnosa.\" \/>\n<meta name=\"robots\" content=\"index, follow, max-snippet:-1, max-image-preview:large, max-video-preview:-1\" \/>\n<link rel=\"canonical\" href=\"https:\/\/multi-gyn.com\/hr\/proizvod\/multi-gyn-liquigel\/\" \/>\n<meta property=\"og:locale\" content=\"hr_HR\" \/>\n<meta property=\"og:type\" content=\"article\" \/>\n<meta property=\"og:title\" content=\"Multi-Gyn LiquiGel - Multi-Gyn\" \/>\n<meta property=\"og:description\" content=\"Multi-Gyn LiquiGel trenuta\u010dno ubla\u017eava suho\u0107u rodnice i nadopunjuje prirodnu vla\u017enost. \u0160titi od nadra\u017eaja tijekom spolnog odnosa.\" \/>\n<meta property=\"og:url\" content=\"https:\/\/multi-gyn.com\/hr\/proizvod\/multi-gyn-liquigel\/\" \/>\n<meta property=\"og:site_name\" content=\"Multi-Gyn\" \/>\n<meta property=\"article:modified_time\" content=\"2025-06-23T12:55:48+00:00\" \/>\n<meta property=\"og:image\" content=\"https:\/\/multi-gyn.com\/app\/uploads\/sites\/43\/2023\/02\/Multi-Gyn-LiquiGel.png\" \/>\n\t<meta property=\"og:image:width\" content=\"1024\" \/>\n\t<meta property=\"og:image:height\" content=\"1024\" \/>\n\t<meta property=\"og:image:type\" content=\"image\/png\" \/>\n<meta name=\"twitter:card\" content=\"summary_large_image\" \/>\n<meta name=\"twitter:label1\" content=\"Est. reading time\" \/>\n\t<meta name=\"twitter:data1\" content=\"1 minute\" \/>\n<script type=\"application\/ld+json\" class=\"yoast-schema-graph\">{\"@context\":\"https:\/\/schema.org\",\"@graph\":[{\"@type\":\"WebPage\",\"@id\":\"https:\/\/multi-gyn.com\/hr\/proizvod\/multi-gyn-liquigel\/\",\"url\":\"https:\/\/multi-gyn.com\/hr\/proizvod\/multi-gyn-liquigel\/\",\"name\":\"Multi-Gyn LiquiGel - Multi-Gyn\",\"isPartOf\":{\"@id\":\"https:\/\/multi-gyn.com\/hr\/#website\"},\"primaryImageOfPage\":{\"@id\":\"https:\/\/multi-gyn.com\/hr\/proizvod\/multi-gyn-liquigel\/#primaryimage\"},\"image\":{\"@id\":\"https:\/\/multi-gyn.com\/hr\/proizvod\/multi-gyn-liquigel\/#primaryimage\"},\"thumbnailUrl\":\"https:\/\/multi-gyn.com\/app\/uploads\/sites\/43\/2023\/02\/Multi-Gyn-LiquiGel.png\",\"datePublished\":\"2023-02-17T07:03:18+00:00\",\"dateModified\":\"2025-06-23T12:55:48+00:00\",\"description\":\"Multi-Gyn LiquiGel trenuta\u010dno ubla\u017eava suho\u0107u rodnice i nadopunjuje prirodnu vla\u017enost. \u0160titi od nadra\u017eaja tijekom spolnog odnosa.\",\"breadcrumb\":{\"@id\":\"https:\/\/multi-gyn.com\/hr\/proizvod\/multi-gyn-liquigel\/#breadcrumb\"},\"inLanguage\":\"hr-HR\",\"potentialAction\":[{\"@type\":\"ReadAction\",\"target\":[\"https:\/\/multi-gyn.com\/hr\/proizvod\/multi-gyn-liquigel\/\"]}]},{\"@type\":\"ImageObject\",\"inLanguage\":\"hr-HR\",\"@id\":\"https:\/\/multi-gyn.com\/hr\/proizvod\/multi-gyn-liquigel\/#primaryimage\",\"url\":\"https:\/\/multi-gyn.com\/app\/uploads\/sites\/43\/2023\/02\/Multi-Gyn-LiquiGel.png\",\"contentUrl\":\"https:\/\/multi-gyn.com\/app\/uploads\/sites\/43\/2023\/02\/Multi-Gyn-LiquiGel.png\",\"width\":1024,\"height\":1024,\"caption\":\"Multi-Gyn LiquiGel\"},{\"@type\":\"BreadcrumbList\",\"@id\":\"https:\/\/multi-gyn.com\/hr\/proizvod\/multi-gyn-liquigel\/#breadcrumb\",\"itemListElement\":[{\"@type\":\"ListItem\",\"position\":1,\"name\":\"Home\",\"item\":\"https:\/\/multi-gyn.com\/hr\/\"},{\"@type\":\"ListItem\",\"position\":2,\"name\":\"Na\u0161i proizvodi\",\"item\":\"https:\/\/multi-gyn.com\/hr\/nasi-proizvodi\/\"},{\"@type\":\"ListItem\",\"position\":3,\"name\":\"Multi-Gyn LiquiGel\"}]},{\"@type\":\"WebSite\",\"@id\":\"https:\/\/multi-gyn.com\/hr\/#website\",\"url\":\"https:\/\/multi-gyn.com\/hr\/\",\"name\":\"Multi-Gyn\",\"description\":\"\",\"publisher\":{\"@id\":\"https:\/\/multi-gyn.com\/hr\/#organization\"},\"potentialAction\":[{\"@type\":\"SearchAction\",\"target\":{\"@type\":\"EntryPoint\",\"urlTemplate\":\"https:\/\/multi-gyn.com\/hr\/?s={search_term_string}\"},\"query-input\":{\"@type\":\"PropertyValueSpecification\",\"valueRequired\":true,\"valueName\":\"search_term_string\"}}],\"inLanguage\":\"hr-HR\"},{\"@type\":\"Organization\",\"@id\":\"https:\/\/multi-gyn.com\/hr\/#organization\",\"name\":\"Multi-Gyn\",\"url\":\"https:\/\/multi-gyn.com\/hr\/\",\"logo\":{\"@type\":\"ImageObject\",\"inLanguage\":\"hr-HR\",\"@id\":\"https:\/\/multi-gyn.com\/hr\/#\/schema\/logo\/image\/\",\"url\":\"https:\/\/multi-gyn.com\/app\/uploads\/sites\/43\/2023\/02\/multi-gyn-logo.png\",\"contentUrl\":\"https:\/\/multi-gyn.com\/app\/uploads\/sites\/43\/2023\/02\/multi-gyn-logo.png\",\"width\":149,\"height\":32,\"caption\":\"Multi-Gyn\"},\"image\":{\"@id\":\"https:\/\/multi-gyn.com\/hr\/#\/schema\/logo\/image\/\"}}]}<\/script>\n<!-- \/ Yoast SEO plugin. -->","yoast_head_json":{"title":"Multi-Gyn LiquiGel - Multi-Gyn","description":"Multi-Gyn LiquiGel trenuta\u010dno ubla\u017eava suho\u0107u rodnice i nadopunjuje prirodnu vla\u017enost. \u0160titi od nadra\u017eaja tijekom spolnog odnosa.","robots":{"index":"index","follow":"follow","max-snippet":"max-snippet:-1","max-image-preview":"max-image-preview:large","max-video-preview":"max-video-preview:-1"},"canonical":"https:\/\/multi-gyn.com\/hr\/proizvod\/multi-gyn-liquigel\/","og_locale":"hr_HR","og_type":"article","og_title":"Multi-Gyn LiquiGel - Multi-Gyn","og_description":"Multi-Gyn LiquiGel trenuta\u010dno ubla\u017eava suho\u0107u rodnice i nadopunjuje prirodnu vla\u017enost. \u0160titi od nadra\u017eaja tijekom spolnog odnosa.","og_url":"https:\/\/multi-gyn.com\/hr\/proizvod\/multi-gyn-liquigel\/","og_site_name":"Multi-Gyn","article_modified_time":"2025-06-23T12:55:48+00:00","og_image":[{"width":1024,"height":1024,"url":"https:\/\/multi-gyn.com\/app\/uploads\/sites\/43\/2023\/02\/Multi-Gyn-LiquiGel.png","type":"image\/png"}],"twitter_card":"summary_large_image","twitter_misc":{"Est. reading time":"1 minute"},"schema":{"@context":"https:\/\/schema.org","@graph":[{"@type":"WebPage","@id":"https:\/\/multi-gyn.com\/hr\/proizvod\/multi-gyn-liquigel\/","url":"https:\/\/multi-gyn.com\/hr\/proizvod\/multi-gyn-liquigel\/","name":"Multi-Gyn LiquiGel - Multi-Gyn","isPartOf":{"@id":"https:\/\/multi-gyn.com\/hr\/#website"},"primaryImageOfPage":{"@id":"https:\/\/multi-gyn.com\/hr\/proizvod\/multi-gyn-liquigel\/#primaryimage"},"image":{"@id":"https:\/\/multi-gyn.com\/hr\/proizvod\/multi-gyn-liquigel\/#primaryimage"},"thumbnailUrl":"https:\/\/multi-gyn.com\/app\/uploads\/sites\/43\/2023\/02\/Multi-Gyn-LiquiGel.png","datePublished":"2023-02-17T07:03:18+00:00","dateModified":"2025-06-23T12:55:48+00:00","description":"Multi-Gyn LiquiGel trenuta\u010dno ubla\u017eava suho\u0107u rodnice i nadopunjuje prirodnu vla\u017enost. \u0160titi od nadra\u017eaja tijekom spolnog odnosa.","breadcrumb":{"@id":"https:\/\/multi-gyn.com\/hr\/proizvod\/multi-gyn-liquigel\/#breadcrumb"},"inLanguage":"hr-HR","potentialAction":[{"@type":"ReadAction","target":["https:\/\/multi-gyn.com\/hr\/proizvod\/multi-gyn-liquigel\/"]}]},{"@type":"ImageObject","inLanguage":"hr-HR","@id":"https:\/\/multi-gyn.com\/hr\/proizvod\/multi-gyn-liquigel\/#primaryimage","url":"https:\/\/multi-gyn.com\/app\/uploads\/sites\/43\/2023\/02\/Multi-Gyn-LiquiGel.png","contentUrl":"https:\/\/multi-gyn.com\/app\/uploads\/sites\/43\/2023\/02\/Multi-Gyn-LiquiGel.png","width":1024,"height":1024,"caption":"Multi-Gyn LiquiGel"},{"@type":"BreadcrumbList","@id":"https:\/\/multi-gyn.com\/hr\/proizvod\/multi-gyn-liquigel\/#breadcrumb","itemListElement":[{"@type":"ListItem","position":1,"name":"Home","item":"https:\/\/multi-gyn.com\/hr\/"},{"@type":"ListItem","position":2,"name":"Na\u0161i proizvodi","item":"https:\/\/multi-gyn.com\/hr\/nasi-proizvodi\/"},{"@type":"ListItem","position":3,"name":"Multi-Gyn LiquiGel"}]},{"@type":"WebSite","@id":"https:\/\/multi-gyn.com\/hr\/#website","url":"https:\/\/multi-gyn.com\/hr\/","name":"Multi-Gyn","description":"","publisher":{"@id":"https:\/\/multi-gyn.com\/hr\/#organization"},"potentialAction":[{"@type":"SearchAction","target":{"@type":"EntryPoint","urlTemplate":"https:\/\/multi-gyn.com\/hr\/?s={search_term_string}"},"query-input":{"@type":"PropertyValueSpecification","valueRequired":true,"valueName":"search_term_string"}}],"inLanguage":"hr-HR"},{"@type":"Organization","@id":"https:\/\/multi-gyn.com\/hr\/#organization","name":"Multi-Gyn","url":"https:\/\/multi-gyn.com\/hr\/","logo":{"@type":"ImageObject","inLanguage":"hr-HR","@id":"https:\/\/multi-gyn.com\/hr\/#\/schema\/logo\/image\/","url":"https:\/\/multi-gyn.com\/app\/uploads\/sites\/43\/2023\/02\/multi-gyn-logo.png","contentUrl":"https:\/\/multi-gyn.com\/app\/uploads\/sites\/43\/2023\/02\/multi-gyn-logo.png","width":149,"height":32,"caption":"Multi-Gyn"},"image":{"@id":"https:\/\/multi-gyn.com\/hr\/#\/schema\/logo\/image\/"}}]}},"_links":{"self":[{"href":"https:\/\/multi-gyn.com\/hr\/wp-json\/wp\/v2\/product\/60","targetHints":{"allow":["GET"]}}],"collection":[{"href":"https:\/\/multi-gyn.com\/hr\/wp-json\/wp\/v2\/product"}],"about":[{"href":"https:\/\/multi-gyn.com\/hr\/wp-json\/wp\/v2\/types\/product"}],"replies":[{"embeddable":true,"href":"https:\/\/multi-gyn.com\/hr\/wp-json\/wp\/v2\/comments?post=60"}],"version-history":[{"count":5,"href":"https:\/\/multi-gyn.com\/hr\/wp-json\/wp\/v2\/product\/60\/revisions"}],"predecessor-version":[{"id":620,"href":"https:\/\/multi-gyn.com\/hr\/wp-json\/wp\/v2\/product\/60\/revisions\/620"}],"wp:featuredmedia":[{"embeddable":true,"href":"https:\/\/multi-gyn.com\/hr\/wp-json\/wp\/v2\/media\/61"}],"wp:attachment":[{"href":"https:\/\/multi-gyn.com\/hr\/wp-json\/wp\/v2\/media?parent=60"}],"wp:term":[{"taxonomy":"product_brand","embeddable":true,"href":"https:\/\/multi-gyn.com\/hr\/wp-json\/wp\/v2\/product_brand?post=60"},{"taxonomy":"product_cat","embeddable":true,"href":"https:\/\/multi-gyn.com\/hr\/wp-json\/wp\/v2\/product_cat?post=60"},{"taxonomy":"product_tag","embeddable":true,"href":"https:\/\/multi-gyn.com\/hr\/wp-json\/wp\/v2\/product_tag?post=60"}],"curies":[{"name":"wp","href":"https:\/\/api.w.org\/{rel}","templated":true}]}}