{"id":65,"date":"2023-02-17T08:08:33","date_gmt":"2023-02-17T07:08:33","guid":{"rendered":"https:\/\/multi-gyn.com\/hr\/?post_type=product&#038;p=65"},"modified":"2023-08-04T13:50:49","modified_gmt":"2023-08-04T11:50:49","slug":"multi-gyn-femiwash","status":"publish","type":"product","link":"https:\/\/multi-gyn.com\/hr\/proizvod\/multi-gyn-femiwash\/","title":{"rendered":"Multi-Gyn FemiWash"},"content":{"rendered":"\n<div class=\"wp-block-karopharma-accordions is-style-secondary\"><div class=\"container\">\n<details class=\"wp-block-karopharma-accordion\"><summary><h2 class=\"accordion-title\">Mogu li svakodnevno koristiti Multi-Gyn FemiWash?<\/h2><\/summary><div class=\"accordion-content\">\n<p>Da, mo\u017eete koristiti Multi-Gyn FemiWash svakodnevno. Multi-Gyn FemiWash je koncentrirana pjena, a dovoljan je samo jedan pritisak na pumpicu.<\/p>\n<\/div><\/details>\n\n\n\n<details class=\"wp-block-karopharma-accordion\"><summary><h2 class=\"accordion-title\">Zar nije dovoljno oprati intimno podru\u010dje vodom?<\/h2><\/summary><div class=\"accordion-content\">\n<p>Da, \u010di\u0161\u0107enje vodom mo\u017ee biti dovoljno. Za osje\u0107aj svje\u017eine, vrlo \u010desto se koriste i emulzije koje, kao i Multi-Gyn FemiWash, trebaju biti bez bilo kakvih iritiraju\u0107ih supstancija. U suprotnom, mo\u017ee se naru\u0161iti normalna vaginalna flora.<\/p>\n<\/div><\/details>\n\n\n\n<details class=\"wp-block-karopharma-accordion\"><summary><h2 class=\"accordion-title\">Koju koli\u010dinu Multi-Gyn FemiWasha treba koristiti?<\/h2><\/summary><div class=\"accordion-content\">\n<p>Multi-Gyn FemiWash je koncentrirana pjena, a potreban je samo jedan pritisak na pumpicu.<\/p>\n<\/div><\/details>\n\n\n\n<details class=\"wp-block-karopharma-accordion\"><summary><h2 class=\"accordion-title\">Mogu li koristiti Multi- Gyn FemiWash samo pod tu\u0161em?<\/h2><\/summary><div class=\"accordion-content\">\n<p>Ne, mo\u017eete ga koristiti i u kadi ili kad ispirete samo intimno podru\u010dje.<\/p>\n<\/div><\/details>\n<\/div><\/div>\n","protected":false},"excerpt":{"rendered":"<p>Za svakodnevnu intimnu njegu i higijenu bez sapuna<\/p>\n","protected":false},"featured_media":66,"comment_status":"closed","ping_status":"closed","template":"","meta":{"_acf_changed":false,"footnotes":""},"product_brand":[],"product_cat":[18],"product_tag":[],"class_list":{"0":"post-65","1":"product","2":"type-product","3":"status-publish","4":"has-post-thumbnail","6":"product_cat-njega","8":"first","9":"instock","10":"shipping-taxable","11":"product-type-simple"},"acf":[],"yoast_head":"<!-- This site is optimized with the Yoast SEO plugin v26.6 - https:\/\/yoast.com\/wordpress\/plugins\/seo\/ -->\n<title>Multi-Gyn FemiWash - Multi-Gyn<\/title>\n<meta name=\"description\" content=\"Multi-Gyn FemiWash \u010disti i osvje\u017eava intimno podru\u010dje. Blag je i ne izaziva iritacije. Pogodan je i za osjetljivu ko\u017eu jer ne remeti normalnu vaginalnu floru. Boca sadr\u017ei 120 aplikacija.\" \/>\n<meta name=\"robots\" content=\"index, follow, max-snippet:-1, max-image-preview:large, max-video-preview:-1\" \/>\n<link rel=\"canonical\" href=\"https:\/\/multi-gyn.com\/hr\/proizvod\/multi-gyn-femiwash\/\" \/>\n<meta property=\"og:locale\" content=\"hr_HR\" \/>\n<meta property=\"og:type\" content=\"article\" \/>\n<meta property=\"og:title\" content=\"Multi-Gyn FemiWash - Multi-Gyn\" \/>\n<meta property=\"og:description\" content=\"Multi-Gyn FemiWash \u010disti i osvje\u017eava intimno podru\u010dje. Blag je i ne izaziva iritacije. Pogodan je i za osjetljivu ko\u017eu jer ne remeti normalnu vaginalnu floru. Boca sadr\u017ei 120 aplikacija.\" \/>\n<meta property=\"og:url\" content=\"https:\/\/multi-gyn.com\/hr\/proizvod\/multi-gyn-femiwash\/\" \/>\n<meta property=\"og:site_name\" content=\"Multi-Gyn\" \/>\n<meta property=\"article:modified_time\" content=\"2023-08-04T11:50:49+00:00\" \/>\n<meta property=\"og:image\" content=\"https:\/\/multi-gyn.com\/app\/uploads\/sites\/43\/2023\/02\/MultiGyn-FemiWash.png\" \/>\n\t<meta property=\"og:image:width\" content=\"1024\" \/>\n\t<meta property=\"og:image:height\" content=\"1024\" \/>\n\t<meta property=\"og:image:type\" content=\"image\/png\" \/>\n<meta name=\"twitter:card\" content=\"summary_large_image\" \/>\n<meta name=\"twitter:label1\" content=\"Est. reading time\" \/>\n\t<meta name=\"twitter:data1\" content=\"1 minute\" \/>\n<script type=\"application\/ld+json\" class=\"yoast-schema-graph\">{\"@context\":\"https:\/\/schema.org\",\"@graph\":[{\"@type\":\"WebPage\",\"@id\":\"https:\/\/multi-gyn.com\/hr\/proizvod\/multi-gyn-femiwash\/\",\"url\":\"https:\/\/multi-gyn.com\/hr\/proizvod\/multi-gyn-femiwash\/\",\"name\":\"Multi-Gyn FemiWash - Multi-Gyn\",\"isPartOf\":{\"@id\":\"https:\/\/multi-gyn.com\/hr\/#website\"},\"primaryImageOfPage\":{\"@id\":\"https:\/\/multi-gyn.com\/hr\/proizvod\/multi-gyn-femiwash\/#primaryimage\"},\"image\":{\"@id\":\"https:\/\/multi-gyn.com\/hr\/proizvod\/multi-gyn-femiwash\/#primaryimage\"},\"thumbnailUrl\":\"https:\/\/multi-gyn.com\/app\/uploads\/sites\/43\/2023\/02\/MultiGyn-FemiWash.png\",\"datePublished\":\"2023-02-17T07:08:33+00:00\",\"dateModified\":\"2023-08-04T11:50:49+00:00\",\"description\":\"Multi-Gyn FemiWash \u010disti i osvje\u017eava intimno podru\u010dje. Blag je i ne izaziva iritacije. Pogodan je i za osjetljivu ko\u017eu jer ne remeti normalnu vaginalnu floru. Boca sadr\u017ei 120 aplikacija.\",\"breadcrumb\":{\"@id\":\"https:\/\/multi-gyn.com\/hr\/proizvod\/multi-gyn-femiwash\/#breadcrumb\"},\"inLanguage\":\"hr-HR\",\"potentialAction\":[{\"@type\":\"ReadAction\",\"target\":[\"https:\/\/multi-gyn.com\/hr\/proizvod\/multi-gyn-femiwash\/\"]}]},{\"@type\":\"ImageObject\",\"inLanguage\":\"hr-HR\",\"@id\":\"https:\/\/multi-gyn.com\/hr\/proizvod\/multi-gyn-femiwash\/#primaryimage\",\"url\":\"https:\/\/multi-gyn.com\/app\/uploads\/sites\/43\/2023\/02\/MultiGyn-FemiWash.png\",\"contentUrl\":\"https:\/\/multi-gyn.com\/app\/uploads\/sites\/43\/2023\/02\/MultiGyn-FemiWash.png\",\"width\":1024,\"height\":1024,\"caption\":\"Multi-Gyn FemiWash\"},{\"@type\":\"BreadcrumbList\",\"@id\":\"https:\/\/multi-gyn.com\/hr\/proizvod\/multi-gyn-femiwash\/#breadcrumb\",\"itemListElement\":[{\"@type\":\"ListItem\",\"position\":1,\"name\":\"Home\",\"item\":\"https:\/\/multi-gyn.com\/hr\/\"},{\"@type\":\"ListItem\",\"position\":2,\"name\":\"Na\u0161i proizvodi\",\"item\":\"https:\/\/multi-gyn.com\/hr\/nasi-proizvodi\/\"},{\"@type\":\"ListItem\",\"position\":3,\"name\":\"Multi-Gyn FemiWash\"}]},{\"@type\":\"WebSite\",\"@id\":\"https:\/\/multi-gyn.com\/hr\/#website\",\"url\":\"https:\/\/multi-gyn.com\/hr\/\",\"name\":\"Multi-Gyn\",\"description\":\"\",\"publisher\":{\"@id\":\"https:\/\/multi-gyn.com\/hr\/#organization\"},\"potentialAction\":[{\"@type\":\"SearchAction\",\"target\":{\"@type\":\"EntryPoint\",\"urlTemplate\":\"https:\/\/multi-gyn.com\/hr\/?s={search_term_string}\"},\"query-input\":{\"@type\":\"PropertyValueSpecification\",\"valueRequired\":true,\"valueName\":\"search_term_string\"}}],\"inLanguage\":\"hr-HR\"},{\"@type\":\"Organization\",\"@id\":\"https:\/\/multi-gyn.com\/hr\/#organization\",\"name\":\"Multi-Gyn\",\"url\":\"https:\/\/multi-gyn.com\/hr\/\",\"logo\":{\"@type\":\"ImageObject\",\"inLanguage\":\"hr-HR\",\"@id\":\"https:\/\/multi-gyn.com\/hr\/#\/schema\/logo\/image\/\",\"url\":\"https:\/\/multi-gyn.com\/app\/uploads\/sites\/43\/2023\/02\/multi-gyn-logo.png\",\"contentUrl\":\"https:\/\/multi-gyn.com\/app\/uploads\/sites\/43\/2023\/02\/multi-gyn-logo.png\",\"width\":149,\"height\":32,\"caption\":\"Multi-Gyn\"},\"image\":{\"@id\":\"https:\/\/multi-gyn.com\/hr\/#\/schema\/logo\/image\/\"}}]}<\/script>\n<!-- \/ Yoast SEO plugin. -->","yoast_head_json":{"title":"Multi-Gyn FemiWash - Multi-Gyn","description":"Multi-Gyn FemiWash \u010disti i osvje\u017eava intimno podru\u010dje. Blag je i ne izaziva iritacije. Pogodan je i za osjetljivu ko\u017eu jer ne remeti normalnu vaginalnu floru. Boca sadr\u017ei 120 aplikacija.","robots":{"index":"index","follow":"follow","max-snippet":"max-snippet:-1","max-image-preview":"max-image-preview:large","max-video-preview":"max-video-preview:-1"},"canonical":"https:\/\/multi-gyn.com\/hr\/proizvod\/multi-gyn-femiwash\/","og_locale":"hr_HR","og_type":"article","og_title":"Multi-Gyn FemiWash - Multi-Gyn","og_description":"Multi-Gyn FemiWash \u010disti i osvje\u017eava intimno podru\u010dje. Blag je i ne izaziva iritacije. Pogodan je i za osjetljivu ko\u017eu jer ne remeti normalnu vaginalnu floru. Boca sadr\u017ei 120 aplikacija.","og_url":"https:\/\/multi-gyn.com\/hr\/proizvod\/multi-gyn-femiwash\/","og_site_name":"Multi-Gyn","article_modified_time":"2023-08-04T11:50:49+00:00","og_image":[{"width":1024,"height":1024,"url":"https:\/\/multi-gyn.com\/app\/uploads\/sites\/43\/2023\/02\/MultiGyn-FemiWash.png","type":"image\/png"}],"twitter_card":"summary_large_image","twitter_misc":{"Est. reading time":"1 minute"},"schema":{"@context":"https:\/\/schema.org","@graph":[{"@type":"WebPage","@id":"https:\/\/multi-gyn.com\/hr\/proizvod\/multi-gyn-femiwash\/","url":"https:\/\/multi-gyn.com\/hr\/proizvod\/multi-gyn-femiwash\/","name":"Multi-Gyn FemiWash - Multi-Gyn","isPartOf":{"@id":"https:\/\/multi-gyn.com\/hr\/#website"},"primaryImageOfPage":{"@id":"https:\/\/multi-gyn.com\/hr\/proizvod\/multi-gyn-femiwash\/#primaryimage"},"image":{"@id":"https:\/\/multi-gyn.com\/hr\/proizvod\/multi-gyn-femiwash\/#primaryimage"},"thumbnailUrl":"https:\/\/multi-gyn.com\/app\/uploads\/sites\/43\/2023\/02\/MultiGyn-FemiWash.png","datePublished":"2023-02-17T07:08:33+00:00","dateModified":"2023-08-04T11:50:49+00:00","description":"Multi-Gyn FemiWash \u010disti i osvje\u017eava intimno podru\u010dje. Blag je i ne izaziva iritacije. Pogodan je i za osjetljivu ko\u017eu jer ne remeti normalnu vaginalnu floru. Boca sadr\u017ei 120 aplikacija.","breadcrumb":{"@id":"https:\/\/multi-gyn.com\/hr\/proizvod\/multi-gyn-femiwash\/#breadcrumb"},"inLanguage":"hr-HR","potentialAction":[{"@type":"ReadAction","target":["https:\/\/multi-gyn.com\/hr\/proizvod\/multi-gyn-femiwash\/"]}]},{"@type":"ImageObject","inLanguage":"hr-HR","@id":"https:\/\/multi-gyn.com\/hr\/proizvod\/multi-gyn-femiwash\/#primaryimage","url":"https:\/\/multi-gyn.com\/app\/uploads\/sites\/43\/2023\/02\/MultiGyn-FemiWash.png","contentUrl":"https:\/\/multi-gyn.com\/app\/uploads\/sites\/43\/2023\/02\/MultiGyn-FemiWash.png","width":1024,"height":1024,"caption":"Multi-Gyn FemiWash"},{"@type":"BreadcrumbList","@id":"https:\/\/multi-gyn.com\/hr\/proizvod\/multi-gyn-femiwash\/#breadcrumb","itemListElement":[{"@type":"ListItem","position":1,"name":"Home","item":"https:\/\/multi-gyn.com\/hr\/"},{"@type":"ListItem","position":2,"name":"Na\u0161i proizvodi","item":"https:\/\/multi-gyn.com\/hr\/nasi-proizvodi\/"},{"@type":"ListItem","position":3,"name":"Multi-Gyn FemiWash"}]},{"@type":"WebSite","@id":"https:\/\/multi-gyn.com\/hr\/#website","url":"https:\/\/multi-gyn.com\/hr\/","name":"Multi-Gyn","description":"","publisher":{"@id":"https:\/\/multi-gyn.com\/hr\/#organization"},"potentialAction":[{"@type":"SearchAction","target":{"@type":"EntryPoint","urlTemplate":"https:\/\/multi-gyn.com\/hr\/?s={search_term_string}"},"query-input":{"@type":"PropertyValueSpecification","valueRequired":true,"valueName":"search_term_string"}}],"inLanguage":"hr-HR"},{"@type":"Organization","@id":"https:\/\/multi-gyn.com\/hr\/#organization","name":"Multi-Gyn","url":"https:\/\/multi-gyn.com\/hr\/","logo":{"@type":"ImageObject","inLanguage":"hr-HR","@id":"https:\/\/multi-gyn.com\/hr\/#\/schema\/logo\/image\/","url":"https:\/\/multi-gyn.com\/app\/uploads\/sites\/43\/2023\/02\/multi-gyn-logo.png","contentUrl":"https:\/\/multi-gyn.com\/app\/uploads\/sites\/43\/2023\/02\/multi-gyn-logo.png","width":149,"height":32,"caption":"Multi-Gyn"},"image":{"@id":"https:\/\/multi-gyn.com\/hr\/#\/schema\/logo\/image\/"}}]}},"_links":{"self":[{"href":"https:\/\/multi-gyn.com\/hr\/wp-json\/wp\/v2\/product\/65","targetHints":{"allow":["GET"]}}],"collection":[{"href":"https:\/\/multi-gyn.com\/hr\/wp-json\/wp\/v2\/product"}],"about":[{"href":"https:\/\/multi-gyn.com\/hr\/wp-json\/wp\/v2\/types\/product"}],"replies":[{"embeddable":true,"href":"https:\/\/multi-gyn.com\/hr\/wp-json\/wp\/v2\/comments?post=65"}],"version-history":[{"count":5,"href":"https:\/\/multi-gyn.com\/hr\/wp-json\/wp\/v2\/product\/65\/revisions"}],"predecessor-version":[{"id":72,"href":"https:\/\/multi-gyn.com\/hr\/wp-json\/wp\/v2\/product\/65\/revisions\/72"}],"wp:featuredmedia":[{"embeddable":true,"href":"https:\/\/multi-gyn.com\/hr\/wp-json\/wp\/v2\/media\/66"}],"wp:attachment":[{"href":"https:\/\/multi-gyn.com\/hr\/wp-json\/wp\/v2\/media?parent=65"}],"wp:term":[{"taxonomy":"product_brand","embeddable":true,"href":"https:\/\/multi-gyn.com\/hr\/wp-json\/wp\/v2\/product_brand?post=65"},{"taxonomy":"product_cat","embeddable":true,"href":"https:\/\/multi-gyn.com\/hr\/wp-json\/wp\/v2\/product_cat?post=65"},{"taxonomy":"product_tag","embeddable":true,"href":"https:\/\/multi-gyn.com\/hr\/wp-json\/wp\/v2\/product_tag?post=65"}],"curies":[{"name":"wp","href":"https:\/\/api.w.org\/{rel}","templated":true}]}}