{"id":73,"date":"2023-02-17T08:19:05","date_gmt":"2023-02-17T07:19:05","guid":{"rendered":"https:\/\/multi-gyn.com\/hr\/?post_type=product&#038;p=73"},"modified":"2023-08-04T13:50:47","modified_gmt":"2023-08-04T11:50:47","slug":"multi-gyn-bocica-za-ispiranje-rodnice-i-tablete","status":"publish","type":"product","link":"https:\/\/multi-gyn.com\/hr\/proizvod\/multi-gyn-bocica-za-ispiranje-rodnice-i-tablete\/","title":{"rendered":"Multi-Gyn Bo\u010dica za ispiranje rodnice i Tablete"},"content":{"rendered":"\n<div class=\"wp-block-karopharma-accordions is-style-secondary\"><div class=\"container\">\n<details class=\"wp-block-karopharma-accordion\"><summary><h2 class=\"accordion-title\">Koliko \u010desto mogu koristiti Multi-Gyn Bo\u010dicu za ispiranje rodnice?<\/h2><\/summary><div class=\"accordion-content\">\n<p>Savjetujemo Vam da ga koristite nakon menstruacije ili seksualnog odnosa. Nema potrebe koristiti vaginalni irigator \u010de\u0161\u0107e od toga.<\/p>\n<\/div><\/details>\n\n\n\n<details class=\"wp-block-karopharma-accordion\"><summary><h2 class=\"accordion-title\">Mogu li koristiti Multi-Gyn Tablete bez Bo\u010dice za ispiranje rodnice?<\/h2><\/summary><div class=\"accordion-content\">\n<p>Ne, one su namijenjene samo za primjenu s Bo\u010dicom za ispiranje rodnice.<\/p>\n<\/div><\/details>\n\n\n\n<details class=\"wp-block-karopharma-accordion\"><summary><h2 class=\"accordion-title\">Moram li iskoristiti svu teku\u0107inu?<\/h2><\/summary><div class=\"accordion-content\">\n<p>Ne, dovoljan je jedan nje\u017eni potisak.<\/p>\n<\/div><\/details>\n\n\n\n<details class=\"wp-block-karopharma-accordion\"><summary><h2 class=\"accordion-title\">Mogu li teku\u0107inu za rodnicu koristiti za dva ispiranja?<\/h2><\/summary><div class=\"accordion-content\">\n<p>Apsolutno ne. Pripremljena teku\u0107ina mo\u017ee se koristiti samo jednokratno.<\/p>\n<\/div><\/details>\n\n\n\n<details class=\"wp-block-karopharma-accordion\"><summary><h2 class=\"accordion-title\">Je li te\u0161ko primijeniti Multi-Gyn Bo\u010dicu za ispiranje rodnice?<\/h2><\/summary><div class=\"accordion-content\">\n<p>Nije te\u0161ko koristiti Bo\u010dicu za ispiranje rodnice. Me\u0111utim, morate biti sigurni da ste opu\u0161teni i da stojite ili sjedite u udobnom polo\u017eaju. Za vi\u0161e informacija o tome kako koristiti Multi-Gyn Bo\u010dicu za ispiranje rodnice, molimo Vas da detaljno pro\u010ditate uputu za upotrebu.<\/p>\n<\/div><\/details>\n\n\n\n<details class=\"wp-block-karopharma-accordion\"><summary><h2 class=\"accordion-title\">Mogu li koristiti Multi-Gyn Bo\u010dicu za ispiranje rodnice s vodom?<\/h2><\/summary><div class=\"accordion-content\">\n<p>Da, mo\u017eete da koristite Multi-Gyn Bo\u010dicu za ispiranje rodnice samo s mlakom vodom.<\/p>\n<\/div><\/details>\n<\/div><\/div>\n","protected":false},"excerpt":{"rendered":"<p>Za optimalnu higijenu rodnice<\/p>\n","protected":false},"featured_media":77,"comment_status":"closed","ping_status":"closed","template":"","meta":{"_acf_changed":false,"footnotes":""},"product_brand":[],"product_cat":[18],"product_tag":[],"class_list":{"0":"post-73","1":"product","2":"type-product","3":"status-publish","4":"has-post-thumbnail","6":"product_cat-njega","8":"first","9":"instock","10":"shipping-taxable","11":"product-type-simple"},"acf":[],"yoast_head":"<!-- This site is optimized with the Yoast SEO plugin v26.6 - https:\/\/yoast.com\/wordpress\/plugins\/seo\/ -->\n<title>Multi-Gyn Bo\u010dica za ispiranje rodnice i Tablete - Multi-Gyn<\/title>\n<meta name=\"description\" content=\"Multi-Gyn Bo\u010dica za ispiranje rodnice je proizvod za ispiranje koji slu\u017ei za optimalnu higijenu rodnice. Sastoji se od prakti\u010dne bo\u010dice s fleksibilnim uskim grlom i mo\u017ee se koristiti u kombinaciji s Multi-Gyn Tabletama.\" \/>\n<meta name=\"robots\" content=\"index, follow, max-snippet:-1, max-image-preview:large, max-video-preview:-1\" \/>\n<link rel=\"canonical\" href=\"https:\/\/multi-gyn.com\/hr\/proizvod\/multi-gyn-bocica-za-ispiranje-rodnice-i-tablete\/\" \/>\n<meta property=\"og:locale\" content=\"hr_HR\" \/>\n<meta property=\"og:type\" content=\"article\" \/>\n<meta property=\"og:title\" content=\"Multi-Gyn Bo\u010dica za ispiranje rodnice i Tablete - Multi-Gyn\" \/>\n<meta property=\"og:description\" content=\"Multi-Gyn Bo\u010dica za ispiranje rodnice je proizvod za ispiranje koji slu\u017ei za optimalnu higijenu rodnice. Sastoji se od prakti\u010dne bo\u010dice s fleksibilnim uskim grlom i mo\u017ee se koristiti u kombinaciji s Multi-Gyn Tabletama.\" \/>\n<meta property=\"og:url\" content=\"https:\/\/multi-gyn.com\/hr\/proizvod\/multi-gyn-bocica-za-ispiranje-rodnice-i-tablete\/\" \/>\n<meta property=\"og:site_name\" content=\"Multi-Gyn\" \/>\n<meta property=\"article:modified_time\" content=\"2023-08-04T11:50:47+00:00\" \/>\n<meta property=\"og:image\" content=\"https:\/\/multi-gyn.com\/app\/uploads\/sites\/43\/2023\/02\/Multi-Gyn-VaginalDouche.png\" \/>\n\t<meta property=\"og:image:width\" content=\"800\" \/>\n\t<meta property=\"og:image:height\" content=\"800\" \/>\n\t<meta property=\"og:image:type\" content=\"image\/png\" \/>\n<meta name=\"twitter:card\" content=\"summary_large_image\" \/>\n<meta name=\"twitter:label1\" content=\"Est. reading time\" \/>\n\t<meta name=\"twitter:data1\" content=\"1 minute\" \/>\n<script type=\"application\/ld+json\" class=\"yoast-schema-graph\">{\"@context\":\"https:\/\/schema.org\",\"@graph\":[{\"@type\":\"WebPage\",\"@id\":\"https:\/\/multi-gyn.com\/hr\/proizvod\/multi-gyn-bocica-za-ispiranje-rodnice-i-tablete\/\",\"url\":\"https:\/\/multi-gyn.com\/hr\/proizvod\/multi-gyn-bocica-za-ispiranje-rodnice-i-tablete\/\",\"name\":\"Multi-Gyn Bo\u010dica za ispiranje rodnice i Tablete - Multi-Gyn\",\"isPartOf\":{\"@id\":\"https:\/\/multi-gyn.com\/hr\/#website\"},\"primaryImageOfPage\":{\"@id\":\"https:\/\/multi-gyn.com\/hr\/proizvod\/multi-gyn-bocica-za-ispiranje-rodnice-i-tablete\/#primaryimage\"},\"image\":{\"@id\":\"https:\/\/multi-gyn.com\/hr\/proizvod\/multi-gyn-bocica-za-ispiranje-rodnice-i-tablete\/#primaryimage\"},\"thumbnailUrl\":\"https:\/\/multi-gyn.com\/app\/uploads\/sites\/43\/2023\/02\/Multi-Gyn-VaginalDouche.png\",\"datePublished\":\"2023-02-17T07:19:05+00:00\",\"dateModified\":\"2023-08-04T11:50:47+00:00\",\"description\":\"Multi-Gyn Bo\u010dica za ispiranje rodnice je proizvod za ispiranje koji slu\u017ei za optimalnu higijenu rodnice. Sastoji se od prakti\u010dne bo\u010dice s fleksibilnim uskim grlom i mo\u017ee se koristiti u kombinaciji s Multi-Gyn Tabletama.\",\"breadcrumb\":{\"@id\":\"https:\/\/multi-gyn.com\/hr\/proizvod\/multi-gyn-bocica-za-ispiranje-rodnice-i-tablete\/#breadcrumb\"},\"inLanguage\":\"hr-HR\",\"potentialAction\":[{\"@type\":\"ReadAction\",\"target\":[\"https:\/\/multi-gyn.com\/hr\/proizvod\/multi-gyn-bocica-za-ispiranje-rodnice-i-tablete\/\"]}]},{\"@type\":\"ImageObject\",\"inLanguage\":\"hr-HR\",\"@id\":\"https:\/\/multi-gyn.com\/hr\/proizvod\/multi-gyn-bocica-za-ispiranje-rodnice-i-tablete\/#primaryimage\",\"url\":\"https:\/\/multi-gyn.com\/app\/uploads\/sites\/43\/2023\/02\/Multi-Gyn-VaginalDouche.png\",\"contentUrl\":\"https:\/\/multi-gyn.com\/app\/uploads\/sites\/43\/2023\/02\/Multi-Gyn-VaginalDouche.png\",\"width\":800,\"height\":800,\"caption\":\"Multi-Gyn VaginalDouche\"},{\"@type\":\"BreadcrumbList\",\"@id\":\"https:\/\/multi-gyn.com\/hr\/proizvod\/multi-gyn-bocica-za-ispiranje-rodnice-i-tablete\/#breadcrumb\",\"itemListElement\":[{\"@type\":\"ListItem\",\"position\":1,\"name\":\"Home\",\"item\":\"https:\/\/multi-gyn.com\/hr\/\"},{\"@type\":\"ListItem\",\"position\":2,\"name\":\"Na\u0161i proizvodi\",\"item\":\"https:\/\/multi-gyn.com\/hr\/nasi-proizvodi\/\"},{\"@type\":\"ListItem\",\"position\":3,\"name\":\"Multi-Gyn Bo\u010dica za ispiranje rodnice i Tablete\"}]},{\"@type\":\"WebSite\",\"@id\":\"https:\/\/multi-gyn.com\/hr\/#website\",\"url\":\"https:\/\/multi-gyn.com\/hr\/\",\"name\":\"Multi-Gyn\",\"description\":\"\",\"publisher\":{\"@id\":\"https:\/\/multi-gyn.com\/hr\/#organization\"},\"potentialAction\":[{\"@type\":\"SearchAction\",\"target\":{\"@type\":\"EntryPoint\",\"urlTemplate\":\"https:\/\/multi-gyn.com\/hr\/?s={search_term_string}\"},\"query-input\":{\"@type\":\"PropertyValueSpecification\",\"valueRequired\":true,\"valueName\":\"search_term_string\"}}],\"inLanguage\":\"hr-HR\"},{\"@type\":\"Organization\",\"@id\":\"https:\/\/multi-gyn.com\/hr\/#organization\",\"name\":\"Multi-Gyn\",\"url\":\"https:\/\/multi-gyn.com\/hr\/\",\"logo\":{\"@type\":\"ImageObject\",\"inLanguage\":\"hr-HR\",\"@id\":\"https:\/\/multi-gyn.com\/hr\/#\/schema\/logo\/image\/\",\"url\":\"https:\/\/multi-gyn.com\/app\/uploads\/sites\/43\/2023\/02\/multi-gyn-logo.png\",\"contentUrl\":\"https:\/\/multi-gyn.com\/app\/uploads\/sites\/43\/2023\/02\/multi-gyn-logo.png\",\"width\":149,\"height\":32,\"caption\":\"Multi-Gyn\"},\"image\":{\"@id\":\"https:\/\/multi-gyn.com\/hr\/#\/schema\/logo\/image\/\"}}]}<\/script>\n<!-- \/ Yoast SEO plugin. -->","yoast_head_json":{"title":"Multi-Gyn Bo\u010dica za ispiranje rodnice i Tablete - Multi-Gyn","description":"Multi-Gyn Bo\u010dica za ispiranje rodnice je proizvod za ispiranje koji slu\u017ei za optimalnu higijenu rodnice. Sastoji se od prakti\u010dne bo\u010dice s fleksibilnim uskim grlom i mo\u017ee se koristiti u kombinaciji s Multi-Gyn Tabletama.","robots":{"index":"index","follow":"follow","max-snippet":"max-snippet:-1","max-image-preview":"max-image-preview:large","max-video-preview":"max-video-preview:-1"},"canonical":"https:\/\/multi-gyn.com\/hr\/proizvod\/multi-gyn-bocica-za-ispiranje-rodnice-i-tablete\/","og_locale":"hr_HR","og_type":"article","og_title":"Multi-Gyn Bo\u010dica za ispiranje rodnice i Tablete - Multi-Gyn","og_description":"Multi-Gyn Bo\u010dica za ispiranje rodnice je proizvod za ispiranje koji slu\u017ei za optimalnu higijenu rodnice. Sastoji se od prakti\u010dne bo\u010dice s fleksibilnim uskim grlom i mo\u017ee se koristiti u kombinaciji s Multi-Gyn Tabletama.","og_url":"https:\/\/multi-gyn.com\/hr\/proizvod\/multi-gyn-bocica-za-ispiranje-rodnice-i-tablete\/","og_site_name":"Multi-Gyn","article_modified_time":"2023-08-04T11:50:47+00:00","og_image":[{"width":800,"height":800,"url":"https:\/\/multi-gyn.com\/app\/uploads\/sites\/43\/2023\/02\/Multi-Gyn-VaginalDouche.png","type":"image\/png"}],"twitter_card":"summary_large_image","twitter_misc":{"Est. reading time":"1 minute"},"schema":{"@context":"https:\/\/schema.org","@graph":[{"@type":"WebPage","@id":"https:\/\/multi-gyn.com\/hr\/proizvod\/multi-gyn-bocica-za-ispiranje-rodnice-i-tablete\/","url":"https:\/\/multi-gyn.com\/hr\/proizvod\/multi-gyn-bocica-za-ispiranje-rodnice-i-tablete\/","name":"Multi-Gyn Bo\u010dica za ispiranje rodnice i Tablete - Multi-Gyn","isPartOf":{"@id":"https:\/\/multi-gyn.com\/hr\/#website"},"primaryImageOfPage":{"@id":"https:\/\/multi-gyn.com\/hr\/proizvod\/multi-gyn-bocica-za-ispiranje-rodnice-i-tablete\/#primaryimage"},"image":{"@id":"https:\/\/multi-gyn.com\/hr\/proizvod\/multi-gyn-bocica-za-ispiranje-rodnice-i-tablete\/#primaryimage"},"thumbnailUrl":"https:\/\/multi-gyn.com\/app\/uploads\/sites\/43\/2023\/02\/Multi-Gyn-VaginalDouche.png","datePublished":"2023-02-17T07:19:05+00:00","dateModified":"2023-08-04T11:50:47+00:00","description":"Multi-Gyn Bo\u010dica za ispiranje rodnice je proizvod za ispiranje koji slu\u017ei za optimalnu higijenu rodnice. Sastoji se od prakti\u010dne bo\u010dice s fleksibilnim uskim grlom i mo\u017ee se koristiti u kombinaciji s Multi-Gyn Tabletama.","breadcrumb":{"@id":"https:\/\/multi-gyn.com\/hr\/proizvod\/multi-gyn-bocica-za-ispiranje-rodnice-i-tablete\/#breadcrumb"},"inLanguage":"hr-HR","potentialAction":[{"@type":"ReadAction","target":["https:\/\/multi-gyn.com\/hr\/proizvod\/multi-gyn-bocica-za-ispiranje-rodnice-i-tablete\/"]}]},{"@type":"ImageObject","inLanguage":"hr-HR","@id":"https:\/\/multi-gyn.com\/hr\/proizvod\/multi-gyn-bocica-za-ispiranje-rodnice-i-tablete\/#primaryimage","url":"https:\/\/multi-gyn.com\/app\/uploads\/sites\/43\/2023\/02\/Multi-Gyn-VaginalDouche.png","contentUrl":"https:\/\/multi-gyn.com\/app\/uploads\/sites\/43\/2023\/02\/Multi-Gyn-VaginalDouche.png","width":800,"height":800,"caption":"Multi-Gyn VaginalDouche"},{"@type":"BreadcrumbList","@id":"https:\/\/multi-gyn.com\/hr\/proizvod\/multi-gyn-bocica-za-ispiranje-rodnice-i-tablete\/#breadcrumb","itemListElement":[{"@type":"ListItem","position":1,"name":"Home","item":"https:\/\/multi-gyn.com\/hr\/"},{"@type":"ListItem","position":2,"name":"Na\u0161i proizvodi","item":"https:\/\/multi-gyn.com\/hr\/nasi-proizvodi\/"},{"@type":"ListItem","position":3,"name":"Multi-Gyn Bo\u010dica za ispiranje rodnice i Tablete"}]},{"@type":"WebSite","@id":"https:\/\/multi-gyn.com\/hr\/#website","url":"https:\/\/multi-gyn.com\/hr\/","name":"Multi-Gyn","description":"","publisher":{"@id":"https:\/\/multi-gyn.com\/hr\/#organization"},"potentialAction":[{"@type":"SearchAction","target":{"@type":"EntryPoint","urlTemplate":"https:\/\/multi-gyn.com\/hr\/?s={search_term_string}"},"query-input":{"@type":"PropertyValueSpecification","valueRequired":true,"valueName":"search_term_string"}}],"inLanguage":"hr-HR"},{"@type":"Organization","@id":"https:\/\/multi-gyn.com\/hr\/#organization","name":"Multi-Gyn","url":"https:\/\/multi-gyn.com\/hr\/","logo":{"@type":"ImageObject","inLanguage":"hr-HR","@id":"https:\/\/multi-gyn.com\/hr\/#\/schema\/logo\/image\/","url":"https:\/\/multi-gyn.com\/app\/uploads\/sites\/43\/2023\/02\/multi-gyn-logo.png","contentUrl":"https:\/\/multi-gyn.com\/app\/uploads\/sites\/43\/2023\/02\/multi-gyn-logo.png","width":149,"height":32,"caption":"Multi-Gyn"},"image":{"@id":"https:\/\/multi-gyn.com\/hr\/#\/schema\/logo\/image\/"}}]}},"_links":{"self":[{"href":"https:\/\/multi-gyn.com\/hr\/wp-json\/wp\/v2\/product\/73","targetHints":{"allow":["GET"]}}],"collection":[{"href":"https:\/\/multi-gyn.com\/hr\/wp-json\/wp\/v2\/product"}],"about":[{"href":"https:\/\/multi-gyn.com\/hr\/wp-json\/wp\/v2\/types\/product"}],"replies":[{"embeddable":true,"href":"https:\/\/multi-gyn.com\/hr\/wp-json\/wp\/v2\/comments?post=73"}],"version-history":[{"count":6,"href":"https:\/\/multi-gyn.com\/hr\/wp-json\/wp\/v2\/product\/73\/revisions"}],"predecessor-version":[{"id":511,"href":"https:\/\/multi-gyn.com\/hr\/wp-json\/wp\/v2\/product\/73\/revisions\/511"}],"wp:featuredmedia":[{"embeddable":true,"href":"https:\/\/multi-gyn.com\/hr\/wp-json\/wp\/v2\/media\/77"}],"wp:attachment":[{"href":"https:\/\/multi-gyn.com\/hr\/wp-json\/wp\/v2\/media?parent=73"}],"wp:term":[{"taxonomy":"product_brand","embeddable":true,"href":"https:\/\/multi-gyn.com\/hr\/wp-json\/wp\/v2\/product_brand?post=73"},{"taxonomy":"product_cat","embeddable":true,"href":"https:\/\/multi-gyn.com\/hr\/wp-json\/wp\/v2\/product_cat?post=73"},{"taxonomy":"product_tag","embeddable":true,"href":"https:\/\/multi-gyn.com\/hr\/wp-json\/wp\/v2\/product_tag?post=73"}],"curies":[{"name":"wp","href":"https:\/\/api.w.org\/{rel}","templated":true}]}}