{"id":41,"date":"2022-08-29T13:21:07","date_gmt":"2022-08-29T11:21:07","guid":{"rendered":"https:\/\/multi-gyn.com\/rebrand-it\/?page_id=41"},"modified":"2025-10-10T10:49:56","modified_gmt":"2025-10-10T08:49:56","slug":"faq","status":"publish","type":"page","link":"https:\/\/multi-gyn.com\/it\/faq\/","title":{"rendered":"FAQ"},"content":{"rendered":"\n<div class=\"wp-block-karopharma-free-text pt-large pb-large bg-center bg-cover bg-no-repeat\" style=\"background-image:url(https:\/\/multi-gyn.com\/cdn-cgi\/image\/format=auto\/app\/uploads\/sites\/16\/2025\/10\/Multi-Gyn_1920x750_Banner_FAQ.jpg)\"><div class=\"free-text-wrapper container max-w-medium text-center\">\n<div style=\"height:100px\" aria-hidden=\"true\" class=\"wp-block-spacer is-style-responsive-medium\"><\/div>\n\n\n\n<h1 class=\"wp-block-heading is-style-heading-huge has-white-color has-text-color\">FAQ<\/h1>\n\n\n\n<div style=\"height:100px\" aria-hidden=\"true\" class=\"wp-block-spacer is-style-responsive-medium\"><\/div>\n<\/div><\/div>\n\n\n\n<div class=\"wp-block-karopharma-accordions\"><div class=\"container\">\n<details class=\"wp-block-karopharma-accordion\"><summary><h2 class=\"accordion-title\">Cos\u2019\u00e8 la vaginosi batterica?<\/h2><\/summary><div class=\"accordion-content\">\n<p>Di solito la vagina emana un proprio odore, il che non deve essere fonte di preoccupazione. Tuttavia, se la vagina emana un forte e sgradevole odore, potrebbe essere in corso una vaginosi batterica, abbreviata VB. La vaginosi batterica \u00e8 la principale infezione vaginale che causa cattivo odore, e in Europa colpisce una donna su quattro. Le donne in et\u00e0 fertile hanno il rischio pi\u00f9 alto di sviluppare una vaginosi batterica, ma \u00e8 possibile contrarla a qualunque et\u00e0. Anche se la vaginosi batterica \u00e8 causata da un disequilibrio batterico e non \u00e8 ritenuta una malattia sessualmente trasmissibile, pu\u00f2 aumentare il rischio di contrarre malattie pi\u00f9 gravi, ad esempio la clamidia. Puoi provare a prevenire i sintomi legati alla vaginosi batterica con prodotti acquistabili online o nella tua farmacia di fiducia.<\/p>\n<\/div><\/details>\n\n\n\n<details class=\"wp-block-karopharma-accordion\"><summary><h2 class=\"accordion-title\">Cos\u2019\u00e8 una micosi, ovvero un\u2019infezione vaginale da lievito?<\/h2><\/summary><div class=\"accordion-content\">\n<p>Hai una sensazione di prurito e irritazione alla vagina? Hai notato perdite dense, bianche e grumose? Hai una sensazione di bruciore attorno alla vagina durante la minzione? In questo caso \u00e8 molto probabile che tu abbia un\u2019infezione da lievito \u2013 e non sei la sola. Ben tre donne su quattro hanno avuto almeno un episodio di micosi nell\u2019arco della vita, e molte donne soffrono di frequenti recidive. Fortunatamente le infezioni da lievito non sono pericolose e per la gran parte puoi provare a trattarle e prevenirle con prodotti acquistabili online o nella tua farmacia di fiducia.<\/p>\n<\/div><\/details>\n\n\n\n<details class=\"wp-block-karopharma-accordion\"><summary><h2 class=\"accordion-title\">Perch\u00e9 avverto la sensazione di secchezza nella vagina?<\/h2><\/summary><div class=\"accordion-content\">\n<p>Le vampate di calore e l\u2019irregolarit\u00e0 del ciclo indicano che la menopausa sta per arrivare. Ma sapevi che anche la secchezza e l\u2019irritazione della vagina sono sintomi comuni in menopausa? Il motivo \u00e8 che la vagina cambia nel tempo: normalmente gli estrogeni aiutano a lubrificare la vagina e a mantenerla in salute, ma quando entri in menopausa la produzione degli ormoni sessuali femminili cala drasticamente. Ne risulta che le mucose vaginali diventano pi\u00f9 sottili, secche e pi\u00f9 soggette a infiammarsi; questo fenomeno \u00e8 detto atrofia vaginale. Tuttavia, la menopausa non \u00e8 l\u2019unica causa del calo dei livelli di estrogeni. Anche il parto, l\u2019allattamento al seno, determinati disturbi di salute e l\u2019assunzione di contraccettivi orali possono indurre una diminuzione degli estrogeni e causare a loro volta secchezza vaginale. In altri casi la secchezza non \u00e8 affatto legata agli estrogeni, bens\u00ec a un\u2019igiene eccessiva. Indipendentemente dalla causa della secchezza vaginale, esistono alcune soluzioni che ti possono aiutare.<\/p>\n<\/div><\/details>\n<\/div><\/div>\n","protected":false},"excerpt":{"rendered":"","protected":false},"author":2,"featured_media":0,"parent":0,"menu_order":0,"comment_status":"closed","ping_status":"closed","template":"","meta":{"_acf_changed":false,"footnotes":""},"from-article-database":[],"class_list":["post-41","page","type-page","status-publish","hentry"],"acf":[],"yoast_head":"<!-- This site is optimized with the Yoast SEO plugin v26.6 - https:\/\/yoast.com\/wordpress\/plugins\/seo\/ -->\n<title>FAQ - Multi-Gyn<\/title>\n<meta name=\"description\" content=\"Cos\u2019\u00e8 la vaginosi batterica? Cos\u2019\u00e8 una micosi, ovvero un\u2019infezione vaginale da lievito? Perch\u00e9 avverto la sensazione di secchezza nella vagina?\" \/>\n<meta name=\"robots\" content=\"index, follow, max-snippet:-1, max-image-preview:large, max-video-preview:-1\" \/>\n<link rel=\"canonical\" href=\"https:\/\/multi-gyn.com\/it\/faq\/\" \/>\n<meta property=\"og:locale\" content=\"it_IT\" \/>\n<meta property=\"og:type\" content=\"article\" \/>\n<meta property=\"og:title\" content=\"FAQ - Multi-Gyn\" \/>\n<meta property=\"og:description\" content=\"Cos\u2019\u00e8 la vaginosi batterica? Cos\u2019\u00e8 una micosi, ovvero un\u2019infezione vaginale da lievito? Perch\u00e9 avverto la sensazione di secchezza nella vagina?\" \/>\n<meta property=\"og:url\" content=\"https:\/\/multi-gyn.com\/it\/faq\/\" \/>\n<meta property=\"og:site_name\" content=\"Multi-Gyn\" \/>\n<meta property=\"article:modified_time\" content=\"2025-10-10T08:49:56+00:00\" \/>\n<meta name=\"twitter:card\" content=\"summary_large_image\" \/>\n<meta name=\"twitter:label1\" content=\"Tempo di lettura stimato\" \/>\n\t<meta name=\"twitter:data1\" content=\"3 minuti\" \/>\n<script type=\"application\/ld+json\" class=\"yoast-schema-graph\">{\"@context\":\"https:\/\/schema.org\",\"@graph\":[{\"@type\":\"WebPage\",\"@id\":\"https:\/\/multi-gyn.com\/it\/faq\/\",\"url\":\"https:\/\/multi-gyn.com\/it\/faq\/\",\"name\":\"FAQ - Multi-Gyn\",\"isPartOf\":{\"@id\":\"https:\/\/multi-gyn.com\/it\/#website\"},\"datePublished\":\"2022-08-29T11:21:07+00:00\",\"dateModified\":\"2025-10-10T08:49:56+00:00\",\"description\":\"Cos\u2019\u00e8 la vaginosi batterica? Cos\u2019\u00e8 una micosi, ovvero un\u2019infezione vaginale da lievito? Perch\u00e9 avverto la sensazione di secchezza nella vagina?\",\"breadcrumb\":{\"@id\":\"https:\/\/multi-gyn.com\/it\/faq\/#breadcrumb\"},\"inLanguage\":\"it-IT\",\"potentialAction\":[{\"@type\":\"ReadAction\",\"target\":[\"https:\/\/multi-gyn.com\/it\/faq\/\"]}]},{\"@type\":\"BreadcrumbList\",\"@id\":\"https:\/\/multi-gyn.com\/it\/faq\/#breadcrumb\",\"itemListElement\":[{\"@type\":\"ListItem\",\"position\":1,\"name\":\"Home\",\"item\":\"https:\/\/multi-gyn.com\/it\/\"},{\"@type\":\"ListItem\",\"position\":2,\"name\":\"FAQ\"}]},{\"@type\":\"WebSite\",\"@id\":\"https:\/\/multi-gyn.com\/it\/#website\",\"url\":\"https:\/\/multi-gyn.com\/it\/\",\"name\":\"Multi-Gyn\",\"description\":\"\",\"publisher\":{\"@id\":\"https:\/\/multi-gyn.com\/it\/#organization\"},\"potentialAction\":[{\"@type\":\"SearchAction\",\"target\":{\"@type\":\"EntryPoint\",\"urlTemplate\":\"https:\/\/multi-gyn.com\/it\/?s={search_term_string}\"},\"query-input\":{\"@type\":\"PropertyValueSpecification\",\"valueRequired\":true,\"valueName\":\"search_term_string\"}}],\"inLanguage\":\"it-IT\"},{\"@type\":\"Organization\",\"@id\":\"https:\/\/multi-gyn.com\/it\/#organization\",\"name\":\"Multi-Gyn\",\"url\":\"https:\/\/multi-gyn.com\/it\/\",\"logo\":{\"@type\":\"ImageObject\",\"inLanguage\":\"it-IT\",\"@id\":\"https:\/\/multi-gyn.com\/it\/#\/schema\/logo\/image\/\",\"url\":\"https:\/\/multi-gyn.com\/app\/uploads\/sites\/16\/2022\/08\/multi-gyn-logo.png\",\"contentUrl\":\"https:\/\/multi-gyn.com\/app\/uploads\/sites\/16\/2022\/08\/multi-gyn-logo.png\",\"width\":149,\"height\":32,\"caption\":\"Multi-Gyn\"},\"image\":{\"@id\":\"https:\/\/multi-gyn.com\/it\/#\/schema\/logo\/image\/\"}}]}<\/script>\n<!-- \/ Yoast SEO plugin. -->","yoast_head_json":{"title":"FAQ - Multi-Gyn","description":"Cos\u2019\u00e8 la vaginosi batterica? Cos\u2019\u00e8 una micosi, ovvero un\u2019infezione vaginale da lievito? Perch\u00e9 avverto la sensazione di secchezza nella vagina?","robots":{"index":"index","follow":"follow","max-snippet":"max-snippet:-1","max-image-preview":"max-image-preview:large","max-video-preview":"max-video-preview:-1"},"canonical":"https:\/\/multi-gyn.com\/it\/faq\/","og_locale":"it_IT","og_type":"article","og_title":"FAQ - Multi-Gyn","og_description":"Cos\u2019\u00e8 la vaginosi batterica? Cos\u2019\u00e8 una micosi, ovvero un\u2019infezione vaginale da lievito? Perch\u00e9 avverto la sensazione di secchezza nella vagina?","og_url":"https:\/\/multi-gyn.com\/it\/faq\/","og_site_name":"Multi-Gyn","article_modified_time":"2025-10-10T08:49:56+00:00","twitter_card":"summary_large_image","twitter_misc":{"Tempo di lettura stimato":"3 minuti"},"schema":{"@context":"https:\/\/schema.org","@graph":[{"@type":"WebPage","@id":"https:\/\/multi-gyn.com\/it\/faq\/","url":"https:\/\/multi-gyn.com\/it\/faq\/","name":"FAQ - Multi-Gyn","isPartOf":{"@id":"https:\/\/multi-gyn.com\/it\/#website"},"datePublished":"2022-08-29T11:21:07+00:00","dateModified":"2025-10-10T08:49:56+00:00","description":"Cos\u2019\u00e8 la vaginosi batterica? Cos\u2019\u00e8 una micosi, ovvero un\u2019infezione vaginale da lievito? Perch\u00e9 avverto la sensazione di secchezza nella vagina?","breadcrumb":{"@id":"https:\/\/multi-gyn.com\/it\/faq\/#breadcrumb"},"inLanguage":"it-IT","potentialAction":[{"@type":"ReadAction","target":["https:\/\/multi-gyn.com\/it\/faq\/"]}]},{"@type":"BreadcrumbList","@id":"https:\/\/multi-gyn.com\/it\/faq\/#breadcrumb","itemListElement":[{"@type":"ListItem","position":1,"name":"Home","item":"https:\/\/multi-gyn.com\/it\/"},{"@type":"ListItem","position":2,"name":"FAQ"}]},{"@type":"WebSite","@id":"https:\/\/multi-gyn.com\/it\/#website","url":"https:\/\/multi-gyn.com\/it\/","name":"Multi-Gyn","description":"","publisher":{"@id":"https:\/\/multi-gyn.com\/it\/#organization"},"potentialAction":[{"@type":"SearchAction","target":{"@type":"EntryPoint","urlTemplate":"https:\/\/multi-gyn.com\/it\/?s={search_term_string}"},"query-input":{"@type":"PropertyValueSpecification","valueRequired":true,"valueName":"search_term_string"}}],"inLanguage":"it-IT"},{"@type":"Organization","@id":"https:\/\/multi-gyn.com\/it\/#organization","name":"Multi-Gyn","url":"https:\/\/multi-gyn.com\/it\/","logo":{"@type":"ImageObject","inLanguage":"it-IT","@id":"https:\/\/multi-gyn.com\/it\/#\/schema\/logo\/image\/","url":"https:\/\/multi-gyn.com\/app\/uploads\/sites\/16\/2022\/08\/multi-gyn-logo.png","contentUrl":"https:\/\/multi-gyn.com\/app\/uploads\/sites\/16\/2022\/08\/multi-gyn-logo.png","width":149,"height":32,"caption":"Multi-Gyn"},"image":{"@id":"https:\/\/multi-gyn.com\/it\/#\/schema\/logo\/image\/"}}]}},"_links":{"self":[{"href":"https:\/\/multi-gyn.com\/it\/wp-json\/wp\/v2\/pages\/41","targetHints":{"allow":["GET"]}}],"collection":[{"href":"https:\/\/multi-gyn.com\/it\/wp-json\/wp\/v2\/pages"}],"about":[{"href":"https:\/\/multi-gyn.com\/it\/wp-json\/wp\/v2\/types\/page"}],"author":[{"embeddable":true,"href":"https:\/\/multi-gyn.com\/it\/wp-json\/wp\/v2\/users\/2"}],"replies":[{"embeddable":true,"href":"https:\/\/multi-gyn.com\/it\/wp-json\/wp\/v2\/comments?post=41"}],"version-history":[{"count":8,"href":"https:\/\/multi-gyn.com\/it\/wp-json\/wp\/v2\/pages\/41\/revisions"}],"predecessor-version":[{"id":250,"href":"https:\/\/multi-gyn.com\/it\/wp-json\/wp\/v2\/pages\/41\/revisions\/250"}],"wp:attachment":[{"href":"https:\/\/multi-gyn.com\/it\/wp-json\/wp\/v2\/media?parent=41"}],"wp:term":[{"taxonomy":"from-article-database","embeddable":true,"href":"https:\/\/multi-gyn.com\/it\/wp-json\/wp\/v2\/from-article-database?post=41"}],"curies":[{"name":"wp","href":"https:\/\/api.w.org\/{rel}","templated":true}]}}