{"id":43,"date":"2022-08-29T13:21:27","date_gmt":"2022-08-29T11:21:27","guid":{"rendered":"https:\/\/multi-gyn.com\/rebrand-it\/?page_id=43"},"modified":"2026-03-25T15:57:11","modified_gmt":"2026-03-25T14:57:11","slug":"a-proposito-di-multi-gyn","status":"publish","type":"page","link":"https:\/\/multi-gyn.com\/it\/a-proposito-di-multi-gyn\/","title":{"rendered":"A proposito di Multi-Gyn"},"content":{"rendered":"\n<div class=\"wp-block-karopharma-free-text pt-large pb-large bg-center bg-cover bg-no-repeat\" style=\"background-image:url(https:\/\/multi-gyn.com\/cdn-cgi\/image\/format=auto\/app\/uploads\/sites\/16\/2026\/03\/About-new.jpg)\"><div class=\"free-text-wrapper container max-w-large text-center\">\n<div style=\"height:100px\" aria-hidden=\"true\" class=\"wp-block-spacer is-style-responsive-medium\"><\/div>\n\n\n\n<h1 class=\"wp-block-heading is-style-heading-huge has-white-color has-text-color\">Come funziona Multi-Gyn?<\/h1>\n\n\n\n<div style=\"height:100px\" aria-hidden=\"true\" class=\"wp-block-spacer is-style-responsive-medium\"><\/div>\n<\/div><\/div>\n\n\n\n<div class=\"wp-block-karopharma-free-text pt-large pb-large bg-center bg-cover bg-no-repeat  is-style-primary\" style=\"background-image:url()\"><div class=\"free-text-wrapper container max-w-medium text-left\">\n<p class=\"is-style-paragraph-preamble\">I prodotti Multi-Gyn aiutano a trattare e prevenire i fastidi intimi, favorendo il ripristino dell\u2019equilibrio della flora vaginale.<\/p>\n\n\n\n<p>Se la flora vaginale \u00e8 equilibrata, \u00e8 anche naturalmente protetta dai batteri e dai lieviti. Uno squilibrio della flora vaginale, infatti, \u00e8 una delle cause pi\u00f9 comuni di problemi come prurito, perdite, fastidiosi odori, secchezza o infezioni quali vaginosi batterica (VB) e infezioni vaginali da lievito (candidosi).<\/p>\n\n\n\n<p>Contribuendo a riportare l\u2019equilibrio, Multi-Gyn non solo offre un rapido sollievo ma aiuta anche a prevenire ricadute future.<\/p>\n<\/div><\/div>\n\n\n\n<div class=\"wp-block-karopharma-free-text pt-large pb-large bg-center bg-contain bg-no-repeat  undefined is-style-transparent\" style=\"background-image:url()\"><div class=\"free-text-wrapper container max-w-medium text-left\">\n<figure class=\"wp-block-image size-full\"><img loading=\"lazy\" decoding=\"async\" width=\"100\" height=\"100\" src=\"https:\/\/multi-gyn.com\/app\/uploads\/sites\/16\/2022\/08\/2QR-logo-200x200-1-100x100-1.webp\" alt=\"\" class=\"wp-image-91\"\/><\/figure>\n\n\n\n<h2 class=\"wp-block-heading is-style-heading-h2\" id=\"unsere-aktiven-inhaltsstoffe\">I nostri componenti<\/h2>\n\n\n\n<p class=\"is-style-paragraph-preamble\">I nostri prodotti sono costituiti principalmente da componenti di origine vegetale. Uno degli ingredienti pi\u00f9 importanti \u00e8 il complesso 2QR (si pronuncia \u201cto cure\u201d), derivato da una particolare pianta. Il complesso 2QR aiuta a contrastare i microrganismi nocivi e il lievito, e a ostacolarne l\u2019adesione ai tessuti. Questo favorisce il processo di riparazione e guarigione e il bilanciamento della flora vaginale. Sul complesso 2QR non sono noti al momento effetti indesiderati associati a questo componente.<\/p>\n\n\n\n<h2 class=\"wp-block-heading is-style-heading-h2\" id=\"unsere-aktiven-inhaltsstoffe\">Effetti<\/h2>\n<\/div><\/div>\n\n\n<div class=\"product-list wp-block-karopharma-product-list\" data-testid=\"product-list\">\n      <div class=\"swiper-container\">\n      <div class=\"swiper\">\n        <div class=\"swiper-wrapper\">\n                      <div class=\"swiper-slide\">\n              <div class=\"product-card\" data-testid=\"product-card\">\n  <a\n    href=https:\/\/multi-gyn.com\/it\/prodotto\/multi-gyn-femiwash-gel\/\n    class=\"product-card-link\"\n    title=\"Multi-Gyn FemiWash Gel\"\n  >\n  <figure class=\"product-card-image\" data-testid=\"product-image\">\n                          <img decoding=\"async\" src=\"https:\/\/multi-gyn.com\/cdn-cgi\/image\/width=700,format=auto\/app\/uploads\/sites\/16\/2024\/01\/multi-gyn-femiwash-gel-front.png\"\n        srcset=\"https:\/\/multi-gyn.com\/cdn-cgi\/image\/width=250,format=auto\/app\/uploads\/sites\/16\/2024\/01\/multi-gyn-femiwash-gel-front.png 250w,\n                https:\/\/multi-gyn.com\/cdn-cgi\/image\/width=500,format=auto\/app\/uploads\/sites\/16\/2024\/01\/multi-gyn-femiwash-gel-front.png 500w,\n                https:\/\/multi-gyn.com\/cdn-cgi\/image\/width=700,format=auto\/app\/uploads\/sites\/16\/2024\/01\/multi-gyn-femiwash-gel-front.png 700w\"\n        sizes=\"(max-width: 400px) 250px, (max-width: 800px) 500px, 700px\"\n        alt=\"Multi-Gyn FemiWash Gel\"\n        class=\"img\">\n            <\/figure>\n    <div class=\"product-card-content\">\n      <div class=\"heading-wrapper\">\n        <h2 class=\"heading\">Multi-Gyn FemiWash Gel<\/h2>\n      <\/div>\n      <div class=\"product-card-description\">Igiene intima quotidiana<\/div>\n                      <\/div>\n  <\/a>\n      <div class=\"button-wrapper\">\n    <a\n      href=https:\/\/multi-gyn.com\/it\/prodotto\/multi-gyn-femiwash-gel\/\n      target=_self\n      class=\"theme-button button-primary-color rounded-button\"\n      rel=\"noopener\"\n      title=\"Per saperne di pi\u00f9\"\n    >\n       Per saperne di pi\u00f9\n    <\/a>\n<\/div>  <\/div>\n            <\/div>\n                      <div class=\"swiper-slide\">\n              <div class=\"product-card\" data-testid=\"product-card\">\n  <a\n    href=https:\/\/multi-gyn.com\/it\/prodotto\/multi-gyn-actigel\/\n    class=\"product-card-link\"\n    title=\"Multi-Gyn ActiGel\"\n  >\n  <figure class=\"product-card-image\" data-testid=\"product-image\">\n                          <img decoding=\"async\" src=\"https:\/\/multi-gyn.com\/cdn-cgi\/image\/width=700,format=auto\/app\/uploads\/sites\/16\/2022\/08\/Multi-Gyn-ActiGel-50ml-IT.png\"\n        srcset=\"https:\/\/multi-gyn.com\/cdn-cgi\/image\/width=250,format=auto\/app\/uploads\/sites\/16\/2022\/08\/Multi-Gyn-ActiGel-50ml-IT.png 250w,\n                https:\/\/multi-gyn.com\/cdn-cgi\/image\/width=500,format=auto\/app\/uploads\/sites\/16\/2022\/08\/Multi-Gyn-ActiGel-50ml-IT.png 500w,\n                https:\/\/multi-gyn.com\/cdn-cgi\/image\/width=700,format=auto\/app\/uploads\/sites\/16\/2022\/08\/Multi-Gyn-ActiGel-50ml-IT.png 700w\"\n        sizes=\"(max-width: 400px) 250px, (max-width: 800px) 500px, 700px\"\n        alt=\"Multi-Gyn ActiGel\"\n        class=\"img\">\n            <\/figure>\n    <div class=\"product-card-content\">\n      <div class=\"heading-wrapper\">\n        <h2 class=\"heading\">Multi-Gyn ActiGel<\/h2>\n      <\/div>\n      <div class=\"product-card-description\">Aiuta a ridurre i sintomi della vaginosi batterica (VB)<\/div>\n                      <\/div>\n  <\/a>\n          <div class=\"button-wrapper buy-now no-resellers\" data-testid=\"buy-now\">\n          <div class=\"buy-now-container dropdown-container\">\n    <a\n      class=\"theme-button button-primary-color rounded-button\"\n      href=\"https:\/\/www.amazon.it\/dp\/B09SQ7R9RC\" onclick=\"dataLayer.push({'event':'ga_event', 'eventCategory':'Click on Reseller', 'eventAction':'Amazon', 'eventLabel':'Multi-Gyn ActiGel', 'eventValue': undefined})\" rel=\"noopener\" target=\"_blank\" title=\"Amazon\"\n      data-testid=\"buy-now-reseller\">\n      Acquista ora\n    <\/a>\n    <\/div>\n  <\/div>\n  <\/div>\n            <\/div>\n                      <div class=\"swiper-slide\">\n              <div class=\"product-card\" data-testid=\"product-card\">\n  <a\n    href=https:\/\/multi-gyn.com\/it\/prodotto\/multi-gyn-actigel-2in1\/\n    class=\"product-card-link\"\n    title=\"Multi-Gyn ActiGel 2in1\"\n  >\n  <figure class=\"product-card-image\" data-testid=\"product-image\">\n                          <img decoding=\"async\" src=\"https:\/\/multi-gyn.com\/cdn-cgi\/image\/width=700,format=auto\/app\/uploads\/sites\/16\/2022\/12\/multi-gyn-actigel-2in1-2.png\"\n        srcset=\"https:\/\/multi-gyn.com\/cdn-cgi\/image\/width=250,format=auto\/app\/uploads\/sites\/16\/2022\/12\/multi-gyn-actigel-2in1-2.png 250w,\n                https:\/\/multi-gyn.com\/cdn-cgi\/image\/width=500,format=auto\/app\/uploads\/sites\/16\/2022\/12\/multi-gyn-actigel-2in1-2.png 500w,\n                https:\/\/multi-gyn.com\/cdn-cgi\/image\/width=700,format=auto\/app\/uploads\/sites\/16\/2022\/12\/multi-gyn-actigel-2in1-2.png 700w\"\n        sizes=\"(max-width: 400px) 250px, (max-width: 800px) 500px, 700px\"\n        alt=\"\"\n        class=\"img\">\n            <\/figure>\n    <div class=\"product-card-content\">\n      <div class=\"heading-wrapper\">\n        <h2 class=\"heading\">Multi-Gyn ActiGel 2in1<\/h2>\n      <\/div>\n      <div class=\"product-card-description\">Tratta la vaginosi batterica, ripristina il pH e la flora vaginale <\/div>\n                      <\/div>\n  <\/a>\n      <div class=\"button-wrapper\">\n    <a\n      href=https:\/\/multi-gyn.com\/it\/prodotto\/multi-gyn-actigel-2in1\/\n      target=_self\n      class=\"theme-button button-primary-color rounded-button\"\n      rel=\"noopener\"\n      title=\"Per saperne di pi\u00f9\"\n    >\n       Per saperne di pi\u00f9\n    <\/a>\n<\/div>  <\/div>\n            <\/div>\n                      <div class=\"swiper-slide\">\n              <div class=\"product-card\" data-testid=\"product-card\">\n  <a\n    href=https:\/\/multi-gyn.com\/it\/prodotto\/multi-gyn-floraplus\/\n    class=\"product-card-link\"\n    title=\"Multi-Gyn FloraPlus\"\n  >\n  <figure class=\"product-card-image\" data-testid=\"product-image\">\n                          <img decoding=\"async\" src=\"https:\/\/multi-gyn.com\/cdn-cgi\/image\/width=700,format=auto\/app\/uploads\/sites\/16\/2022\/08\/Multi-Gyn-FloraPlus-5x5ml-IT-1.png\"\n        srcset=\"https:\/\/multi-gyn.com\/cdn-cgi\/image\/width=250,format=auto\/app\/uploads\/sites\/16\/2022\/08\/Multi-Gyn-FloraPlus-5x5ml-IT-1.png 250w,\n                https:\/\/multi-gyn.com\/cdn-cgi\/image\/width=500,format=auto\/app\/uploads\/sites\/16\/2022\/08\/Multi-Gyn-FloraPlus-5x5ml-IT-1.png 500w,\n                https:\/\/multi-gyn.com\/cdn-cgi\/image\/width=700,format=auto\/app\/uploads\/sites\/16\/2022\/08\/Multi-Gyn-FloraPlus-5x5ml-IT-1.png 700w\"\n        sizes=\"(max-width: 400px) 250px, (max-width: 800px) 500px, 700px\"\n        alt=\"Multi-Gyn FloraPlus\"\n        class=\"img\">\n            <\/figure>\n    <div class=\"product-card-content\">\n      <div class=\"heading-wrapper\">\n        <h2 class=\"heading\">Multi-Gyn FloraPlus<\/h2>\n      <\/div>\n      <div class=\"product-card-description\">Aiuta a ridurre i sintomi delle infezioni micotiche<\/div>\n                      <\/div>\n  <\/a>\n          <div class=\"button-wrapper buy-now no-resellers\" data-testid=\"buy-now\">\n          <div class=\"buy-now-container dropdown-container\">\n    <a\n      class=\"theme-button button-primary-color rounded-button\"\n      href=\"https:\/\/www.amazon.it\/dp\/B09SQ6NLYW\" onclick=\"dataLayer.push({'event':'ga_event', 'eventCategory':'Click on Reseller', 'eventAction':'Amazon', 'eventLabel':'Multi-Gyn FloraPlus', 'eventValue': undefined})\" rel=\"noopener\" target=\"_blank\" title=\"Amazon\"\n      data-testid=\"buy-now-reseller\">\n      Acquista ora\n    <\/a>\n    <\/div>\n  <\/div>\n  <\/div>\n            <\/div>\n                      <div class=\"swiper-slide\">\n              <div class=\"product-card\" data-testid=\"product-card\">\n  <a\n    href=https:\/\/multi-gyn.com\/it\/prodotto\/multi-gyn-liquigel\/\n    class=\"product-card-link\"\n    title=\"Multi-Gyn LiquiGel\"\n  >\n  <figure class=\"product-card-image\" data-testid=\"product-image\">\n                          <img decoding=\"async\" src=\"https:\/\/multi-gyn.com\/cdn-cgi\/image\/width=700,format=auto\/app\/uploads\/sites\/16\/2022\/08\/Multi-Gyn-LiquiGel-50ml-IT.png\"\n        srcset=\"https:\/\/multi-gyn.com\/cdn-cgi\/image\/width=250,format=auto\/app\/uploads\/sites\/16\/2022\/08\/Multi-Gyn-LiquiGel-50ml-IT.png 250w,\n                https:\/\/multi-gyn.com\/cdn-cgi\/image\/width=500,format=auto\/app\/uploads\/sites\/16\/2022\/08\/Multi-Gyn-LiquiGel-50ml-IT.png 500w,\n                https:\/\/multi-gyn.com\/cdn-cgi\/image\/width=700,format=auto\/app\/uploads\/sites\/16\/2022\/08\/Multi-Gyn-LiquiGel-50ml-IT.png 700w\"\n        sizes=\"(max-width: 400px) 250px, (max-width: 800px) 500px, 700px\"\n        alt=\"Multi-Gyn LiquiGel\"\n        class=\"img\">\n            <\/figure>\n    <div class=\"product-card-content\">\n      <div class=\"heading-wrapper\">\n        <h2 class=\"heading\">Multi-Gyn LiquiGel<\/h2>\n      <\/div>\n      <div class=\"product-card-description\">Aiuta a ridurre la secchezza vaginale<\/div>\n                      <\/div>\n  <\/a>\n          <div class=\"button-wrapper buy-now no-resellers\" data-testid=\"buy-now\">\n          <div class=\"buy-now-container dropdown-container\">\n    <a\n      class=\"theme-button button-primary-color rounded-button\"\n      href=\"https:\/\/www.amazon.it\/dp\/B09SQ8P9NH\" onclick=\"dataLayer.push({'event':'ga_event', 'eventCategory':'Click on Reseller', 'eventAction':'Amazon', 'eventLabel':'Multi-Gyn LiquiGel', 'eventValue': undefined})\" rel=\"noopener\" target=\"_blank\" title=\"Amazon\"\n      data-testid=\"buy-now-reseller\">\n      Acquista ora\n    <\/a>\n    <\/div>\n  <\/div>\n  <\/div>\n            <\/div>\n                  <\/div>\n        <div class=\"swiper-scrollbar\"><\/div>\n      <\/div>\n    <\/div>\n  <\/div>\n","protected":false},"excerpt":{"rendered":"","protected":false},"author":2,"featured_media":0,"parent":0,"menu_order":0,"comment_status":"closed","ping_status":"closed","template":"","meta":{"_acf_changed":false,"footnotes":""},"from-article-database":[],"class_list":["post-43","page","type-page","status-publish","hentry"],"acf":[],"yoast_head":"<!-- This site is optimized with the Yoast SEO plugin v26.6 - https:\/\/yoast.com\/wordpress\/plugins\/seo\/ -->\n<title>A proposito di Multi-Gyn - Multi-Gyn<\/title>\n<meta name=\"description\" content=\"I prodotti Multi-Gyn aiutano a trattare e prevenire i fastidi intimi, favorendo il ripristino dell\u2019equilibrio della flora vaginale.\" \/>\n<meta name=\"robots\" content=\"index, follow, max-snippet:-1, max-image-preview:large, max-video-preview:-1\" \/>\n<link rel=\"canonical\" href=\"https:\/\/multi-gyn.com\/it\/a-proposito-di-multi-gyn\/\" \/>\n<meta property=\"og:locale\" content=\"it_IT\" \/>\n<meta property=\"og:type\" content=\"article\" \/>\n<meta property=\"og:title\" content=\"A proposito di Multi-Gyn - Multi-Gyn\" \/>\n<meta property=\"og:description\" content=\"I prodotti Multi-Gyn aiutano a trattare e prevenire i fastidi intimi, favorendo il ripristino dell\u2019equilibrio della flora vaginale.\" \/>\n<meta property=\"og:url\" content=\"https:\/\/multi-gyn.com\/it\/a-proposito-di-multi-gyn\/\" \/>\n<meta property=\"og:site_name\" content=\"Multi-Gyn\" \/>\n<meta property=\"article:modified_time\" content=\"2026-03-25T14:57:11+00:00\" \/>\n<meta property=\"og:image\" content=\"https:\/\/multi-gyn.com\/app\/uploads\/sites\/16\/2022\/08\/2QR-logo-200x200-1-100x100-1.webp\" \/>\n\t<meta property=\"og:image:width\" content=\"100\" \/>\n\t<meta property=\"og:image:height\" content=\"100\" \/>\n\t<meta property=\"og:image:type\" content=\"image\/webp\" \/>\n<meta name=\"twitter:card\" content=\"summary_large_image\" \/>\n<meta name=\"twitter:label1\" content=\"Tempo di lettura stimato\" \/>\n\t<meta name=\"twitter:data1\" content=\"2 minuti\" \/>\n<script type=\"application\/ld+json\" class=\"yoast-schema-graph\">{\"@context\":\"https:\/\/schema.org\",\"@graph\":[{\"@type\":\"WebPage\",\"@id\":\"https:\/\/multi-gyn.com\/it\/a-proposito-di-multi-gyn\/\",\"url\":\"https:\/\/multi-gyn.com\/it\/a-proposito-di-multi-gyn\/\",\"name\":\"A proposito di Multi-Gyn - Multi-Gyn\",\"isPartOf\":{\"@id\":\"https:\/\/multi-gyn.com\/it\/#website\"},\"primaryImageOfPage\":{\"@id\":\"https:\/\/multi-gyn.com\/it\/a-proposito-di-multi-gyn\/#primaryimage\"},\"image\":{\"@id\":\"https:\/\/multi-gyn.com\/it\/a-proposito-di-multi-gyn\/#primaryimage\"},\"thumbnailUrl\":\"https:\/\/multi-gyn.com\/app\/uploads\/sites\/16\/2022\/08\/2QR-logo-200x200-1-100x100-1.webp\",\"datePublished\":\"2022-08-29T11:21:27+00:00\",\"dateModified\":\"2026-03-25T14:57:11+00:00\",\"description\":\"I prodotti Multi-Gyn aiutano a trattare e prevenire i fastidi intimi, favorendo il ripristino dell\u2019equilibrio della flora vaginale.\",\"breadcrumb\":{\"@id\":\"https:\/\/multi-gyn.com\/it\/a-proposito-di-multi-gyn\/#breadcrumb\"},\"inLanguage\":\"it-IT\",\"potentialAction\":[{\"@type\":\"ReadAction\",\"target\":[\"https:\/\/multi-gyn.com\/it\/a-proposito-di-multi-gyn\/\"]}]},{\"@type\":\"ImageObject\",\"inLanguage\":\"it-IT\",\"@id\":\"https:\/\/multi-gyn.com\/it\/a-proposito-di-multi-gyn\/#primaryimage\",\"url\":\"https:\/\/multi-gyn.com\/app\/uploads\/sites\/16\/2022\/08\/2QR-logo-200x200-1-100x100-1.webp\",\"contentUrl\":\"https:\/\/multi-gyn.com\/app\/uploads\/sites\/16\/2022\/08\/2QR-logo-200x200-1-100x100-1.webp\"},{\"@type\":\"BreadcrumbList\",\"@id\":\"https:\/\/multi-gyn.com\/it\/a-proposito-di-multi-gyn\/#breadcrumb\",\"itemListElement\":[{\"@type\":\"ListItem\",\"position\":1,\"name\":\"Home\",\"item\":\"https:\/\/multi-gyn.com\/it\/\"},{\"@type\":\"ListItem\",\"position\":2,\"name\":\"A proposito di Multi-Gyn\"}]},{\"@type\":\"WebSite\",\"@id\":\"https:\/\/multi-gyn.com\/it\/#website\",\"url\":\"https:\/\/multi-gyn.com\/it\/\",\"name\":\"Multi-Gyn\",\"description\":\"\",\"publisher\":{\"@id\":\"https:\/\/multi-gyn.com\/it\/#organization\"},\"potentialAction\":[{\"@type\":\"SearchAction\",\"target\":{\"@type\":\"EntryPoint\",\"urlTemplate\":\"https:\/\/multi-gyn.com\/it\/?s={search_term_string}\"},\"query-input\":{\"@type\":\"PropertyValueSpecification\",\"valueRequired\":true,\"valueName\":\"search_term_string\"}}],\"inLanguage\":\"it-IT\"},{\"@type\":\"Organization\",\"@id\":\"https:\/\/multi-gyn.com\/it\/#organization\",\"name\":\"Multi-Gyn\",\"url\":\"https:\/\/multi-gyn.com\/it\/\",\"logo\":{\"@type\":\"ImageObject\",\"inLanguage\":\"it-IT\",\"@id\":\"https:\/\/multi-gyn.com\/it\/#\/schema\/logo\/image\/\",\"url\":\"https:\/\/multi-gyn.com\/app\/uploads\/sites\/16\/2022\/08\/multi-gyn-logo.png\",\"contentUrl\":\"https:\/\/multi-gyn.com\/app\/uploads\/sites\/16\/2022\/08\/multi-gyn-logo.png\",\"width\":149,\"height\":32,\"caption\":\"Multi-Gyn\"},\"image\":{\"@id\":\"https:\/\/multi-gyn.com\/it\/#\/schema\/logo\/image\/\"}}]}<\/script>\n<!-- \/ Yoast SEO plugin. -->","yoast_head_json":{"title":"A proposito di Multi-Gyn - Multi-Gyn","description":"I prodotti Multi-Gyn aiutano a trattare e prevenire i fastidi intimi, favorendo il ripristino dell\u2019equilibrio della flora vaginale.","robots":{"index":"index","follow":"follow","max-snippet":"max-snippet:-1","max-image-preview":"max-image-preview:large","max-video-preview":"max-video-preview:-1"},"canonical":"https:\/\/multi-gyn.com\/it\/a-proposito-di-multi-gyn\/","og_locale":"it_IT","og_type":"article","og_title":"A proposito di Multi-Gyn - Multi-Gyn","og_description":"I prodotti Multi-Gyn aiutano a trattare e prevenire i fastidi intimi, favorendo il ripristino dell\u2019equilibrio della flora vaginale.","og_url":"https:\/\/multi-gyn.com\/it\/a-proposito-di-multi-gyn\/","og_site_name":"Multi-Gyn","article_modified_time":"2026-03-25T14:57:11+00:00","og_image":[{"width":100,"height":100,"url":"https:\/\/multi-gyn.com\/app\/uploads\/sites\/16\/2022\/08\/2QR-logo-200x200-1-100x100-1.webp","type":"image\/webp"}],"twitter_card":"summary_large_image","twitter_misc":{"Tempo di lettura stimato":"2 minuti"},"schema":{"@context":"https:\/\/schema.org","@graph":[{"@type":"WebPage","@id":"https:\/\/multi-gyn.com\/it\/a-proposito-di-multi-gyn\/","url":"https:\/\/multi-gyn.com\/it\/a-proposito-di-multi-gyn\/","name":"A proposito di Multi-Gyn - Multi-Gyn","isPartOf":{"@id":"https:\/\/multi-gyn.com\/it\/#website"},"primaryImageOfPage":{"@id":"https:\/\/multi-gyn.com\/it\/a-proposito-di-multi-gyn\/#primaryimage"},"image":{"@id":"https:\/\/multi-gyn.com\/it\/a-proposito-di-multi-gyn\/#primaryimage"},"thumbnailUrl":"https:\/\/multi-gyn.com\/app\/uploads\/sites\/16\/2022\/08\/2QR-logo-200x200-1-100x100-1.webp","datePublished":"2022-08-29T11:21:27+00:00","dateModified":"2026-03-25T14:57:11+00:00","description":"I prodotti Multi-Gyn aiutano a trattare e prevenire i fastidi intimi, favorendo il ripristino dell\u2019equilibrio della flora vaginale.","breadcrumb":{"@id":"https:\/\/multi-gyn.com\/it\/a-proposito-di-multi-gyn\/#breadcrumb"},"inLanguage":"it-IT","potentialAction":[{"@type":"ReadAction","target":["https:\/\/multi-gyn.com\/it\/a-proposito-di-multi-gyn\/"]}]},{"@type":"ImageObject","inLanguage":"it-IT","@id":"https:\/\/multi-gyn.com\/it\/a-proposito-di-multi-gyn\/#primaryimage","url":"https:\/\/multi-gyn.com\/app\/uploads\/sites\/16\/2022\/08\/2QR-logo-200x200-1-100x100-1.webp","contentUrl":"https:\/\/multi-gyn.com\/app\/uploads\/sites\/16\/2022\/08\/2QR-logo-200x200-1-100x100-1.webp"},{"@type":"BreadcrumbList","@id":"https:\/\/multi-gyn.com\/it\/a-proposito-di-multi-gyn\/#breadcrumb","itemListElement":[{"@type":"ListItem","position":1,"name":"Home","item":"https:\/\/multi-gyn.com\/it\/"},{"@type":"ListItem","position":2,"name":"A proposito di Multi-Gyn"}]},{"@type":"WebSite","@id":"https:\/\/multi-gyn.com\/it\/#website","url":"https:\/\/multi-gyn.com\/it\/","name":"Multi-Gyn","description":"","publisher":{"@id":"https:\/\/multi-gyn.com\/it\/#organization"},"potentialAction":[{"@type":"SearchAction","target":{"@type":"EntryPoint","urlTemplate":"https:\/\/multi-gyn.com\/it\/?s={search_term_string}"},"query-input":{"@type":"PropertyValueSpecification","valueRequired":true,"valueName":"search_term_string"}}],"inLanguage":"it-IT"},{"@type":"Organization","@id":"https:\/\/multi-gyn.com\/it\/#organization","name":"Multi-Gyn","url":"https:\/\/multi-gyn.com\/it\/","logo":{"@type":"ImageObject","inLanguage":"it-IT","@id":"https:\/\/multi-gyn.com\/it\/#\/schema\/logo\/image\/","url":"https:\/\/multi-gyn.com\/app\/uploads\/sites\/16\/2022\/08\/multi-gyn-logo.png","contentUrl":"https:\/\/multi-gyn.com\/app\/uploads\/sites\/16\/2022\/08\/multi-gyn-logo.png","width":149,"height":32,"caption":"Multi-Gyn"},"image":{"@id":"https:\/\/multi-gyn.com\/it\/#\/schema\/logo\/image\/"}}]}},"_links":{"self":[{"href":"https:\/\/multi-gyn.com\/it\/wp-json\/wp\/v2\/pages\/43","targetHints":{"allow":["GET"]}}],"collection":[{"href":"https:\/\/multi-gyn.com\/it\/wp-json\/wp\/v2\/pages"}],"about":[{"href":"https:\/\/multi-gyn.com\/it\/wp-json\/wp\/v2\/types\/page"}],"author":[{"embeddable":true,"href":"https:\/\/multi-gyn.com\/it\/wp-json\/wp\/v2\/users\/2"}],"replies":[{"embeddable":true,"href":"https:\/\/multi-gyn.com\/it\/wp-json\/wp\/v2\/comments?post=43"}],"version-history":[{"count":10,"href":"https:\/\/multi-gyn.com\/it\/wp-json\/wp\/v2\/pages\/43\/revisions"}],"predecessor-version":[{"id":257,"href":"https:\/\/multi-gyn.com\/it\/wp-json\/wp\/v2\/pages\/43\/revisions\/257"}],"wp:attachment":[{"href":"https:\/\/multi-gyn.com\/it\/wp-json\/wp\/v2\/media?parent=43"}],"wp:term":[{"taxonomy":"from-article-database","embeddable":true,"href":"https:\/\/multi-gyn.com\/it\/wp-json\/wp\/v2\/from-article-database?post=43"}],"curies":[{"name":"wp","href":"https:\/\/api.w.org\/{rel}","templated":true}]}}